{"id":24596,"date":"2024-05-15T12:47:01","date_gmt":"2024-05-15T11:47:01","guid":{"rendered":"https:\/\/www.food4animals.nl\/?post_type=product&#038;p=24596"},"modified":"2024-05-15T12:47:01","modified_gmt":"2024-05-15T11:47:01","slug":"functioneel-shirt-nashville","status":"publish","type":"product","link":"https:\/\/www.food4animals.nl\/de\/produkt\/functioneel-shirt-nashville\/","title":{"rendered":"Funktionsshirt -Nashville-"},"content":{"rendered":"<ul>\n<li>Atmungsaktiv<\/li>\n<li>elastisch<\/li>\n<li>inzetstukken van mesh-stof<\/li>\n<li>UV-bescherming<\/li>\n<li>verkoelend effect<\/li>\n<li>Getailleerde pasvorm<\/li>\n<\/ul>\n<p>Erh\u00e4ltlich in den Farben:<\/p>\n<p>Taup\u00e9, Lichtblauw, en Steengrijs<\/p>\n<p><sub>Verkrijgbaar in de maten<\/sub><\/p>\n<p><sub>XS, S, M, L, XL, XXL<\/sub><\/p>\n<p>Bei HKM Sports Equipment haben wir bis jetzt keine Lagerpaarung.<\/p>\n<p>Bitte bestellen Sie per Post, damit wir zun\u00e4chst pr\u00fcfen k\u00f6nnen, ob wir liefern k\u00f6nnen.<\/p>\n<p>Sie erhalten 10% Rechnungsrabatt.<\/p>\n<p>&nbsp;<\/p>","protected":false},"excerpt":{"rendered":"<p>Ademend elastisch inzetstukken van mesh-stof UV-bescherming verkoelend effect Getailleerde pasvorm Verkrijgbaar in de kleuren: Taup\u00e9, Lichtblauw, en Steengrijs Verkrijgbaar in de maten XS, S, M, L, XL, XXL Met HKM Sports Equipment hebben we tot nu geen voorraad koppeling. Graag per mail bestellen zodat we eerst kunnen kijken of we kunnen leveren. U ontvangt 10% [&hellip;]<\/p>\n","protected":false},"featured_media":24597,"template":"","meta":{"_acf_changed":false},"product_brand":[],"product_cat":[2745,988],"product_tag":[4128,4127],"class_list":{"0":"post-24596","1":"product","2":"type-product","3":"status-publish","4":"has-post-thumbnail","6":"product_cat-bovenkleding","7":"product_cat-ruitershop","8":"product_tag-functioneel","9":"product_tag-rijshirt","10":"tax_brand-hkm-sports-com","12":"first","13":"onbackorder","14":"taxable","15":"shipping-taxable","16":"purchasable","17":"product-type-simple"},"acf":[],"yoast_head":"<!-- This site is optimized with the Yoast SEO plugin v27.2 - https:\/\/yoast.com\/product\/yoast-seo-wordpress\/ -->\n<title>Functioneel shirt -Nashville- Food4animals<\/title>\n<meta name=\"robots\" content=\"index, follow, max-snippet:-1, max-image-preview:large, max-video-preview:-1\" \/>\n<link rel=\"canonical\" href=\"https:\/\/www.food4animals.nl\/de\/produkt\/functioneel-shirt-nashville\/\" \/>\n<meta property=\"og:locale\" content=\"de_DE\" \/>\n<meta property=\"og:type\" content=\"article\" \/>\n<meta property=\"og:title\" content=\"Functioneel shirt -Nashville- Food4animals\" \/>\n<meta property=\"og:description\" content=\"Ademend elastisch inzetstukken van mesh-stof UV-bescherming verkoelend effect Getailleerde pasvorm Verkrijgbaar in de kleuren: Taup\u00e9, Lichtblauw, en Steengrijs Verkrijgbaar in de maten XS, S, M, L, XL, XXL Met HKM Sports Equipment hebben we tot nu geen voorraad koppeling. Graag per mail bestellen zodat we eerst kunnen kijken of we kunnen leveren. U ontvangt 10% [&hellip;]\" \/>\n<meta property=\"og:url\" content=\"https:\/\/www.food4animals.nl\/de\/produkt\/functioneel-shirt-nashville\/\" \/>\n<meta property=\"og:site_name\" content=\"Food4animals\" \/>\n<meta property=\"article:publisher\" content=\"https:\/\/www.facebook.com\/p\/Food4animals-100063861676074\/\" \/>\n<meta property=\"og:image\" content=\"https:\/\/www.food4animals.nl\/wp-content\/uploads\/2024\/05\/Functional-shirt-Nashville-Grijs1.jpg\" \/>\n\t<meta property=\"og:image:width\" content=\"500\" \/>\n\t<meta property=\"og:image:height\" content=\"750\" \/>\n\t<meta property=\"og:image:type\" content=\"image\/jpeg\" \/>\n<meta name=\"twitter:card\" content=\"summary_large_image\" \/>\n<meta name=\"twitter:site\" content=\"@food4animals\" \/>\n<meta name=\"twitter:label1\" content=\"Gesch\u00e4tzte Lesezeit\" \/>\n\t<meta name=\"twitter:data1\" content=\"1\u00a0Minute\" \/>\n<script type=\"application\/ld+json\" class=\"yoast-schema-graph\">{\"@context\":\"https:\/\/schema.org\",\"@graph\":[{\"@type\":\"WebPage\",\"@id\":\"https:\/\/www.food4animals.nl\/product\/functioneel-shirt-nashville\/\",\"url\":\"https:\/\/www.food4animals.nl\/product\/functioneel-shirt-nashville\/\",\"name\":\"Functioneel shirt -Nashville- Food4animals\",\"isPartOf\":{\"@id\":\"https:\/\/www.food4animals.nl\/en\/#website\"},\"primaryImageOfPage\":{\"@id\":\"https:\/\/www.food4animals.nl\/product\/functioneel-shirt-nashville\/#primaryimage\"},\"image\":{\"@id\":\"https:\/\/www.food4animals.nl\/product\/functioneel-shirt-nashville\/#primaryimage\"},\"thumbnailUrl\":\"https:\/\/www.food4animals.nl\/wp-content\/uploads\/2024\/05\/Functional-shirt-Nashville-Grijs1.jpg\",\"datePublished\":\"2024-05-15T11:47:01+00:00\",\"breadcrumb\":{\"@id\":\"https:\/\/www.food4animals.nl\/product\/functioneel-shirt-nashville\/#breadcrumb\"},\"inLanguage\":\"de\",\"potentialAction\":[{\"@type\":\"ReadAction\",\"target\":[\"https:\/\/www.food4animals.nl\/product\/functioneel-shirt-nashville\/\"]}]},{\"@type\":\"ImageObject\",\"inLanguage\":\"de\",\"@id\":\"https:\/\/www.food4animals.nl\/product\/functioneel-shirt-nashville\/#primaryimage\",\"url\":\"https:\/\/www.food4animals.nl\/wp-content\/uploads\/2024\/05\/Functional-shirt-Nashville-Grijs1.jpg\",\"contentUrl\":\"https:\/\/www.food4animals.nl\/wp-content\/uploads\/2024\/05\/Functional-shirt-Nashville-Grijs1.jpg\",\"width\":500,\"height\":750},{\"@type\":\"BreadcrumbList\",\"@id\":\"https:\/\/www.food4animals.nl\/product\/functioneel-shirt-nashville\/#breadcrumb\",\"itemListElement\":[{\"@type\":\"ListItem\",\"position\":1,\"name\":\"Home\",\"item\":\"https:\/\/www.food4animals.nl\/\"},{\"@type\":\"ListItem\",\"position\":2,\"name\":\"Winkel\",\"item\":\"https:\/\/www.food4animals.nl\/winkel\/\"},{\"@type\":\"ListItem\",\"position\":3,\"name\":\"Functioneel shirt -Nashville-\"}]},{\"@type\":\"WebSite\",\"@id\":\"https:\/\/www.food4animals.nl\/en\/#website\",\"url\":\"https:\/\/www.food4animals.nl\/en\/\",\"name\":\"Food4animals\",\"description\":\"Alles voor Ruiter en Dier\",\"publisher\":{\"@id\":\"https:\/\/www.food4animals.nl\/en\/#organization\"},\"potentialAction\":[{\"@type\":\"SearchAction\",\"target\":{\"@type\":\"EntryPoint\",\"urlTemplate\":\"https:\/\/www.food4animals.nl\/en\/?s={search_term_string}\"},\"query-input\":{\"@type\":\"PropertyValueSpecification\",\"valueRequired\":true,\"valueName\":\"search_term_string\"}}],\"inLanguage\":\"de\"},{\"@type\":\"Organization\",\"@id\":\"https:\/\/www.food4animals.nl\/en\/#organization\",\"name\":\"Food4animals\",\"url\":\"https:\/\/www.food4animals.nl\/en\/\",\"logo\":{\"@type\":\"ImageObject\",\"inLanguage\":\"de\",\"@id\":\"https:\/\/www.food4animals.nl\/en\/#\/schema\/logo\/image\/\",\"url\":\"https:\/\/www.food4animals.nl\/wp-content\/uploads\/2023\/10\/Logo.svg\",\"contentUrl\":\"https:\/\/www.food4animals.nl\/wp-content\/uploads\/2023\/10\/Logo.svg\",\"width\":1,\"height\":1,\"caption\":\"Food4animals\"},\"image\":{\"@id\":\"https:\/\/www.food4animals.nl\/en\/#\/schema\/logo\/image\/\"},\"sameAs\":[\"https:\/\/www.facebook.com\/p\/Food4animals-100063861676074\/\",\"https:\/\/x.com\/food4animals\"]}]}<\/script>\n<!-- \/ Yoast SEO plugin. -->","yoast_head_json":{"title":"Functioneel shirt -Nashville- Food4animals","robots":{"index":"index","follow":"follow","max-snippet":"max-snippet:-1","max-image-preview":"max-image-preview:large","max-video-preview":"max-video-preview:-1"},"canonical":"https:\/\/www.food4animals.nl\/de\/produkt\/functioneel-shirt-nashville\/","og_locale":"de_DE","og_type":"article","og_title":"Functioneel shirt -Nashville- Food4animals","og_description":"Ademend elastisch inzetstukken van mesh-stof UV-bescherming verkoelend effect Getailleerde pasvorm Verkrijgbaar in de kleuren: Taup\u00e9, Lichtblauw, en Steengrijs Verkrijgbaar in de maten XS, S, M, L, XL, XXL Met HKM Sports Equipment hebben we tot nu geen voorraad koppeling. Graag per mail bestellen zodat we eerst kunnen kijken of we kunnen leveren. U ontvangt 10% [&hellip;]","og_url":"https:\/\/www.food4animals.nl\/de\/produkt\/functioneel-shirt-nashville\/","og_site_name":"Food4animals","article_publisher":"https:\/\/www.facebook.com\/p\/Food4animals-100063861676074\/","og_image":[{"width":500,"height":750,"url":"https:\/\/www.food4animals.nl\/wp-content\/uploads\/2024\/05\/Functional-shirt-Nashville-Grijs1.jpg","type":"image\/jpeg"}],"twitter_card":"summary_large_image","twitter_site":"@food4animals","twitter_misc":{"Gesch\u00e4tzte Lesezeit":"1\u00a0Minute"},"schema":{"@context":"https:\/\/schema.org","@graph":[{"@type":"WebPage","@id":"https:\/\/www.food4animals.nl\/product\/functioneel-shirt-nashville\/","url":"https:\/\/www.food4animals.nl\/product\/functioneel-shirt-nashville\/","name":"Functioneel shirt -Nashville- Food4animals","isPartOf":{"@id":"https:\/\/www.food4animals.nl\/en\/#website"},"primaryImageOfPage":{"@id":"https:\/\/www.food4animals.nl\/product\/functioneel-shirt-nashville\/#primaryimage"},"image":{"@id":"https:\/\/www.food4animals.nl\/product\/functioneel-shirt-nashville\/#primaryimage"},"thumbnailUrl":"https:\/\/www.food4animals.nl\/wp-content\/uploads\/2024\/05\/Functional-shirt-Nashville-Grijs1.jpg","datePublished":"2024-05-15T11:47:01+00:00","breadcrumb":{"@id":"https:\/\/www.food4animals.nl\/product\/functioneel-shirt-nashville\/#breadcrumb"},"inLanguage":"de","potentialAction":[{"@type":"ReadAction","target":["https:\/\/www.food4animals.nl\/product\/functioneel-shirt-nashville\/"]}]},{"@type":"ImageObject","inLanguage":"de","@id":"https:\/\/www.food4animals.nl\/product\/functioneel-shirt-nashville\/#primaryimage","url":"https:\/\/www.food4animals.nl\/wp-content\/uploads\/2024\/05\/Functional-shirt-Nashville-Grijs1.jpg","contentUrl":"https:\/\/www.food4animals.nl\/wp-content\/uploads\/2024\/05\/Functional-shirt-Nashville-Grijs1.jpg","width":500,"height":750},{"@type":"BreadcrumbList","@id":"https:\/\/www.food4animals.nl\/product\/functioneel-shirt-nashville\/#breadcrumb","itemListElement":[{"@type":"ListItem","position":1,"name":"Home","item":"https:\/\/www.food4animals.nl\/"},{"@type":"ListItem","position":2,"name":"Winkel","item":"https:\/\/www.food4animals.nl\/winkel\/"},{"@type":"ListItem","position":3,"name":"Functioneel shirt -Nashville-"}]},{"@type":"WebSite","@id":"https:\/\/www.food4animals.nl\/en\/#website","url":"https:\/\/www.food4animals.nl\/en\/","name":"Lebensmittel4Tiere","description":"Alles f\u00fcr Reiter und Tier","publisher":{"@id":"https:\/\/www.food4animals.nl\/en\/#organization"},"potentialAction":[{"@type":"SearchAction","target":{"@type":"EntryPoint","urlTemplate":"https:\/\/www.food4animals.nl\/en\/?s={search_term_string}"},"query-input":{"@type":"PropertyValueSpecification","valueRequired":true,"valueName":"search_term_string"}}],"inLanguage":"de"},{"@type":"Organization","@id":"https:\/\/www.food4animals.nl\/en\/#organization","name":"Lebensmittel4Tiere","url":"https:\/\/www.food4animals.nl\/en\/","logo":{"@type":"ImageObject","inLanguage":"de","@id":"https:\/\/www.food4animals.nl\/en\/#\/schema\/logo\/image\/","url":"https:\/\/www.food4animals.nl\/wp-content\/uploads\/2023\/10\/Logo.svg","contentUrl":"https:\/\/www.food4animals.nl\/wp-content\/uploads\/2023\/10\/Logo.svg","width":1,"height":1,"caption":"Food4animals"},"image":{"@id":"https:\/\/www.food4animals.nl\/en\/#\/schema\/logo\/image\/"},"sameAs":["https:\/\/www.facebook.com\/p\/Food4animals-100063861676074\/","https:\/\/x.com\/food4animals"]}]}},"_links":{"self":[{"href":"https:\/\/www.food4animals.nl\/de\/wp-json\/wp\/v2\/product\/24596","targetHints":{"allow":["GET"]}}],"collection":[{"href":"https:\/\/www.food4animals.nl\/de\/wp-json\/wp\/v2\/product"}],"about":[{"href":"https:\/\/www.food4animals.nl\/de\/wp-json\/wp\/v2\/types\/product"}],"wp:featuredmedia":[{"embeddable":true,"href":"https:\/\/www.food4animals.nl\/de\/wp-json\/wp\/v2\/media\/24597"}],"wp:attachment":[{"href":"https:\/\/www.food4animals.nl\/de\/wp-json\/wp\/v2\/media?parent=24596"}],"wp:term":[{"taxonomy":"product_brand","embeddable":true,"href":"https:\/\/www.food4animals.nl\/de\/wp-json\/wp\/v2\/product_brand?post=24596"},{"taxonomy":"product_cat","embeddable":true,"href":"https:\/\/www.food4animals.nl\/de\/wp-json\/wp\/v2\/product_cat?post=24596"},{"taxonomy":"product_tag","embeddable":true,"href":"https:\/\/www.food4animals.nl\/de\/wp-json\/wp\/v2\/product_tag?post=24596"}],"curies":[{"name":"wp","href":"https:\/\/api.w.org\/{rel}","templated":true}]}}