{"id":24810,"date":"2024-06-03T07:53:50","date_gmt":"2024-06-03T06:53:50","guid":{"rendered":"https:\/\/www.food4animals.nl\/product\/excellent-pets-gland-guard-chew-60-treats\/"},"modified":"2026-05-11T01:22:52","modified_gmt":"2026-05-11T00:22:52","slug":"excellent-pets-gland-guard-chew-60-treats","status":"publish","type":"product","link":"https:\/\/www.food4animals.nl\/de\/produkt\/excellent-pets-gland-guard-chew-60-treats\/","title":{"rendered":"Excellent Pets Gland Guard Chew 60 Treats"},"content":{"rendered":"<h2>Excellent Pets weiche Kauartikel f\u00fcr Analdr\u00fcsen<\/h2>\n<p>Excellent Pets Gland Guard Chews ist ein Erg\u00e4nzungsfuttermittel f\u00fcr Hunde in Form von weichen Kaubonbons. Es enth\u00e4lt Pr\u00e4biotika und Probiotika zur Unterst\u00fctzung der nat\u00fcrlichen Entleerung der Analdr\u00fcsen und zur F\u00f6rderung der Verdauung und einer ausgewogenen Darmflora.<\/p>\n<p><strong>Auswirkungen<\/strong><br \/>Excellent Pets Gland Guard Chews enth\u00e4lt Pr\u00e4biotika und Probiotika. Pr\u00e4biotika sind bestimmte Arten von Ballaststoffen, die als Nahrung f\u00fcr Probiotika, die guten Darmbakterien, dienen. Diese Formel enth\u00e4lt Enterococcus faecium, ein Bakterium, das nat\u00fcrlicherweise im Magen-Darm-Trakt von Hunden lebt. Zusammen unterst\u00fctzen Pr\u00e4biotika und Probiotika die Verdauung und tragen zu einer ausgewogenen Darmflora bei. Dies wiederum tr\u00e4gt zur nat\u00fcrlichen Entleerung der Analdr\u00fcsen bei.<\/p>\n<p><strong>Verwenden Sie Gland Guard Chews:<\/strong><br \/>- Zur Unterst\u00fctzung der nat\u00fcrlichen Entleerung der Analdr\u00fcsen<br \/>- Zur Unterst\u00fctzung der Verdauung und einer ausgewogenen Darmflora<\/p>\n<p><strong>F\u00fctterungshinweise<\/strong><br \/>- F\u00fcr Hunde mit einem Gewicht von weniger als 6,5 kg: 1 Kauartikel pro Tag<br \/>- F\u00fcr Hunde mit einem Gewicht von 6,5 bis 9 kg: 2 Kauartikel pro Tag<br \/>- F\u00fcr Hunde mit einem Gewicht von 9 bis 15 kg: 3 Kauartikel pro Tag<br \/>- F\u00fcr Hunde mit einem Gewicht von 15 bis 30 kg: 4 Kauartikel pro Tag<br \/>- F\u00fcr Hunde mit einem Gewicht von 30 bis 40 kg: 5 Kaugummis pro Tag.<br \/>Geben Sie die Kauartikel als Snack oder Belohnung. Halten Sie immer ausreichend frisches Trinkwasser bereit.<\/p>\n<p>&#xA0;<\/p>","protected":false},"excerpt":{"rendered":"<p>Als schmackhafter Snack zur Unterst\u00fctzung der Entleerung der Analdr\u00fcsen.<\/p>","protected":false},"featured_media":24811,"template":"","meta":{"_acf_changed":false},"product_brand":[],"product_cat":[821,1322],"product_tag":[4156,883],"class_list":{"0":"post-24810","1":"product","2":"type-product","3":"status-publish","4":"has-post-thumbnail","6":"product_cat-hond","7":"product_cat-supplementen-hond","8":"product_tag-60-st","9":"product_tag-excellent","10":"tax_brand-excellent","12":"first","13":"instock","14":"taxable","15":"shipping-taxable","16":"purchasable","17":"product-type-simple"},"acf":[],"yoast_head":"<!-- This site is optimized with the Yoast SEO plugin v27.4 - https:\/\/yoast.com\/product\/yoast-seo-wordpress\/ -->\n<title>Excellent Pets Gland Guard Chew 60 Treats - Food4animals<\/title>\n<meta name=\"robots\" content=\"index, follow, max-snippet:-1, max-image-preview:large, max-video-preview:-1\" \/>\n<link rel=\"canonical\" href=\"https:\/\/www.food4animals.nl\/de\/produkt\/excellent-pets-gland-guard-chew-60-treats\/\" \/>\n<meta property=\"og:locale\" content=\"de_DE\" \/>\n<meta property=\"og:type\" content=\"article\" \/>\n<meta property=\"og:title\" content=\"Excellent Pets Gland Guard Chew 60 Treats - Food4animals\" \/>\n<meta property=\"og:description\" content=\"Supplement als smakelijke snack, ter ondersteuning van de leging van de anaalklieren.\" \/>\n<meta property=\"og:url\" content=\"https:\/\/www.food4animals.nl\/de\/produkt\/excellent-pets-gland-guard-chew-60-treats\/\" \/>\n<meta property=\"og:site_name\" content=\"Food4animals\" \/>\n<meta property=\"article:publisher\" content=\"https:\/\/www.facebook.com\/p\/Food4animals-100063861676074\/\" \/>\n<meta property=\"article:modified_time\" content=\"2026-05-11T00:22:52+00:00\" \/>\n<meta property=\"og:image\" content=\"https:\/\/www.food4animals.nl\/wp-content\/uploads\/2024\/06\/284549.png\" \/>\n\t<meta property=\"og:image:width\" content=\"1024\" \/>\n\t<meta property=\"og:image:height\" content=\"1024\" \/>\n\t<meta property=\"og:image:type\" content=\"image\/png\" \/>\n<meta name=\"twitter:card\" content=\"summary_large_image\" \/>\n<meta name=\"twitter:site\" content=\"@food4animals\" \/>\n<meta name=\"twitter:label1\" content=\"Gesch\u00e4tzte Lesezeit\" \/>\n\t<meta name=\"twitter:data1\" content=\"1\u00a0Minute\" \/>\n<script type=\"application\/ld+json\" class=\"yoast-schema-graph\">{\"@context\":\"https:\\\/\\\/schema.org\",\"@graph\":[{\"@type\":\"WebPage\",\"@id\":\"https:\\\/\\\/www.food4animals.nl\\\/product\\\/excellent-pets-gland-guard-chew-60-treats\\\/\",\"url\":\"https:\\\/\\\/www.food4animals.nl\\\/product\\\/excellent-pets-gland-guard-chew-60-treats\\\/\",\"name\":\"Excellent Pets Gland Guard Chew 60 Treats - Food4animals\",\"isPartOf\":{\"@id\":\"https:\\\/\\\/www.food4animals.nl\\\/en\\\/#website\"},\"primaryImageOfPage\":{\"@id\":\"https:\\\/\\\/www.food4animals.nl\\\/product\\\/excellent-pets-gland-guard-chew-60-treats\\\/#primaryimage\"},\"image\":{\"@id\":\"https:\\\/\\\/www.food4animals.nl\\\/product\\\/excellent-pets-gland-guard-chew-60-treats\\\/#primaryimage\"},\"thumbnailUrl\":\"https:\\\/\\\/www.food4animals.nl\\\/wp-content\\\/uploads\\\/2024\\\/06\\\/284549.png\",\"datePublished\":\"2024-06-03T06:53:50+00:00\",\"dateModified\":\"2026-05-11T00:22:52+00:00\",\"breadcrumb\":{\"@id\":\"https:\\\/\\\/www.food4animals.nl\\\/product\\\/excellent-pets-gland-guard-chew-60-treats\\\/#breadcrumb\"},\"inLanguage\":\"de\",\"potentialAction\":[{\"@type\":\"ReadAction\",\"target\":[\"https:\\\/\\\/www.food4animals.nl\\\/product\\\/excellent-pets-gland-guard-chew-60-treats\\\/\"]}]},{\"@type\":\"ImageObject\",\"inLanguage\":\"de\",\"@id\":\"https:\\\/\\\/www.food4animals.nl\\\/product\\\/excellent-pets-gland-guard-chew-60-treats\\\/#primaryimage\",\"url\":\"https:\\\/\\\/www.food4animals.nl\\\/wp-content\\\/uploads\\\/2024\\\/06\\\/284549.png\",\"contentUrl\":\"https:\\\/\\\/www.food4animals.nl\\\/wp-content\\\/uploads\\\/2024\\\/06\\\/284549.png\",\"width\":1024,\"height\":1024},{\"@type\":\"BreadcrumbList\",\"@id\":\"https:\\\/\\\/www.food4animals.nl\\\/product\\\/excellent-pets-gland-guard-chew-60-treats\\\/#breadcrumb\",\"itemListElement\":[{\"@type\":\"ListItem\",\"position\":1,\"name\":\"Home\",\"item\":\"https:\\\/\\\/www.food4animals.nl\\\/\"},{\"@type\":\"ListItem\",\"position\":2,\"name\":\"Winkel\",\"item\":\"https:\\\/\\\/www.food4animals.nl\\\/winkel\\\/\"},{\"@type\":\"ListItem\",\"position\":3,\"name\":\"Excellent Pets Gland Guard Chew 60 Treats\"}]},{\"@type\":\"WebSite\",\"@id\":\"https:\\\/\\\/www.food4animals.nl\\\/en\\\/#website\",\"url\":\"https:\\\/\\\/www.food4animals.nl\\\/en\\\/\",\"name\":\"Food4animals\",\"description\":\"Alles voor Ruiter en Dier\",\"publisher\":{\"@id\":\"https:\\\/\\\/www.food4animals.nl\\\/en\\\/#organization\"},\"potentialAction\":[{\"@type\":\"SearchAction\",\"target\":{\"@type\":\"EntryPoint\",\"urlTemplate\":\"https:\\\/\\\/www.food4animals.nl\\\/en\\\/?s={search_term_string}\"},\"query-input\":{\"@type\":\"PropertyValueSpecification\",\"valueRequired\":true,\"valueName\":\"search_term_string\"}}],\"inLanguage\":\"de\"},{\"@type\":\"Organization\",\"@id\":\"https:\\\/\\\/www.food4animals.nl\\\/en\\\/#organization\",\"name\":\"Food4animals\",\"url\":\"https:\\\/\\\/www.food4animals.nl\\\/en\\\/\",\"logo\":{\"@type\":\"ImageObject\",\"inLanguage\":\"de\",\"@id\":\"https:\\\/\\\/www.food4animals.nl\\\/en\\\/#\\\/schema\\\/logo\\\/image\\\/\",\"url\":\"https:\\\/\\\/www.food4animals.nl\\\/wp-content\\\/uploads\\\/2023\\\/10\\\/Logo.svg\",\"contentUrl\":\"https:\\\/\\\/www.food4animals.nl\\\/wp-content\\\/uploads\\\/2023\\\/10\\\/Logo.svg\",\"width\":1,\"height\":1,\"caption\":\"Food4animals\"},\"image\":{\"@id\":\"https:\\\/\\\/www.food4animals.nl\\\/en\\\/#\\\/schema\\\/logo\\\/image\\\/\"},\"sameAs\":[\"https:\\\/\\\/www.facebook.com\\\/p\\\/Food4animals-100063861676074\\\/\",\"https:\\\/\\\/x.com\\\/food4animals\"]}]}<\/script>\n<!-- \/ Yoast SEO plugin. -->","yoast_head_json":{"title":"Excellent Pets Gland Guard Chew 60 Treats - Food4animals","robots":{"index":"index","follow":"follow","max-snippet":"max-snippet:-1","max-image-preview":"max-image-preview:large","max-video-preview":"max-video-preview:-1"},"canonical":"https:\/\/www.food4animals.nl\/de\/produkt\/excellent-pets-gland-guard-chew-60-treats\/","og_locale":"de_DE","og_type":"article","og_title":"Excellent Pets Gland Guard Chew 60 Treats - Food4animals","og_description":"Supplement als smakelijke snack, ter ondersteuning van de leging van de anaalklieren.","og_url":"https:\/\/www.food4animals.nl\/de\/produkt\/excellent-pets-gland-guard-chew-60-treats\/","og_site_name":"Food4animals","article_publisher":"https:\/\/www.facebook.com\/p\/Food4animals-100063861676074\/","article_modified_time":"2026-05-11T00:22:52+00:00","og_image":[{"width":1024,"height":1024,"url":"https:\/\/www.food4animals.nl\/wp-content\/uploads\/2024\/06\/284549.png","type":"image\/png"}],"twitter_card":"summary_large_image","twitter_site":"@food4animals","twitter_misc":{"Gesch\u00e4tzte Lesezeit":"1\u00a0Minute"},"schema":{"@context":"https:\/\/schema.org","@graph":[{"@type":"WebPage","@id":"https:\/\/www.food4animals.nl\/product\/excellent-pets-gland-guard-chew-60-treats\/","url":"https:\/\/www.food4animals.nl\/product\/excellent-pets-gland-guard-chew-60-treats\/","name":"Excellent Pets Gland Guard Chew 60 Treats - Food4animals","isPartOf":{"@id":"https:\/\/www.food4animals.nl\/en\/#website"},"primaryImageOfPage":{"@id":"https:\/\/www.food4animals.nl\/product\/excellent-pets-gland-guard-chew-60-treats\/#primaryimage"},"image":{"@id":"https:\/\/www.food4animals.nl\/product\/excellent-pets-gland-guard-chew-60-treats\/#primaryimage"},"thumbnailUrl":"https:\/\/www.food4animals.nl\/wp-content\/uploads\/2024\/06\/284549.png","datePublished":"2024-06-03T06:53:50+00:00","dateModified":"2026-05-11T00:22:52+00:00","breadcrumb":{"@id":"https:\/\/www.food4animals.nl\/product\/excellent-pets-gland-guard-chew-60-treats\/#breadcrumb"},"inLanguage":"de","potentialAction":[{"@type":"ReadAction","target":["https:\/\/www.food4animals.nl\/product\/excellent-pets-gland-guard-chew-60-treats\/"]}]},{"@type":"ImageObject","inLanguage":"de","@id":"https:\/\/www.food4animals.nl\/product\/excellent-pets-gland-guard-chew-60-treats\/#primaryimage","url":"https:\/\/www.food4animals.nl\/wp-content\/uploads\/2024\/06\/284549.png","contentUrl":"https:\/\/www.food4animals.nl\/wp-content\/uploads\/2024\/06\/284549.png","width":1024,"height":1024},{"@type":"BreadcrumbList","@id":"https:\/\/www.food4animals.nl\/product\/excellent-pets-gland-guard-chew-60-treats\/#breadcrumb","itemListElement":[{"@type":"ListItem","position":1,"name":"Home","item":"https:\/\/www.food4animals.nl\/"},{"@type":"ListItem","position":2,"name":"Winkel","item":"https:\/\/www.food4animals.nl\/winkel\/"},{"@type":"ListItem","position":3,"name":"Excellent Pets Gland Guard Chew 60 Treats"}]},{"@type":"WebSite","@id":"https:\/\/www.food4animals.nl\/en\/#website","url":"https:\/\/www.food4animals.nl\/en\/","name":"Lebensmittel4Tiere","description":"Alles f\u00fcr Reiter und Tier","publisher":{"@id":"https:\/\/www.food4animals.nl\/en\/#organization"},"potentialAction":[{"@type":"SearchAction","target":{"@type":"EntryPoint","urlTemplate":"https:\/\/www.food4animals.nl\/en\/?s={search_term_string}"},"query-input":{"@type":"PropertyValueSpecification","valueRequired":true,"valueName":"search_term_string"}}],"inLanguage":"de"},{"@type":"Organization","@id":"https:\/\/www.food4animals.nl\/en\/#organization","name":"Lebensmittel4Tiere","url":"https:\/\/www.food4animals.nl\/en\/","logo":{"@type":"ImageObject","inLanguage":"de","@id":"https:\/\/www.food4animals.nl\/en\/#\/schema\/logo\/image\/","url":"https:\/\/www.food4animals.nl\/wp-content\/uploads\/2023\/10\/Logo.svg","contentUrl":"https:\/\/www.food4animals.nl\/wp-content\/uploads\/2023\/10\/Logo.svg","width":1,"height":1,"caption":"Food4animals"},"image":{"@id":"https:\/\/www.food4animals.nl\/en\/#\/schema\/logo\/image\/"},"sameAs":["https:\/\/www.facebook.com\/p\/Food4animals-100063861676074\/","https:\/\/x.com\/food4animals"]}]}},"_links":{"self":[{"href":"https:\/\/www.food4animals.nl\/de\/wp-json\/wp\/v2\/product\/24810","targetHints":{"allow":["GET"]}}],"collection":[{"href":"https:\/\/www.food4animals.nl\/de\/wp-json\/wp\/v2\/product"}],"about":[{"href":"https:\/\/www.food4animals.nl\/de\/wp-json\/wp\/v2\/types\/product"}],"wp:featuredmedia":[{"embeddable":true,"href":"https:\/\/www.food4animals.nl\/de\/wp-json\/wp\/v2\/media\/24811"}],"wp:attachment":[{"href":"https:\/\/www.food4animals.nl\/de\/wp-json\/wp\/v2\/media?parent=24810"}],"wp:term":[{"taxonomy":"product_brand","embeddable":true,"href":"https:\/\/www.food4animals.nl\/de\/wp-json\/wp\/v2\/product_brand?post=24810"},{"taxonomy":"product_cat","embeddable":true,"href":"https:\/\/www.food4animals.nl\/de\/wp-json\/wp\/v2\/product_cat?post=24810"},{"taxonomy":"product_tag","embeddable":true,"href":"https:\/\/www.food4animals.nl\/de\/wp-json\/wp\/v2\/product_tag?post=24810"}],"curies":[{"name":"wp","href":"https:\/\/api.w.org\/{rel}","templated":true}]}}