{"id":24837,"date":"2024-06-03T08:00:29","date_gmt":"2024-06-03T07:00:29","guid":{"rendered":"https:\/\/www.food4animals.nl\/product\/hi-gloss-shampoo-tea-tree\/"},"modified":"2026-04-27T01:16:04","modified_gmt":"2026-04-27T00:16:04","slug":"hi-gloss-shampoo-tea-tree","status":"publish","type":"product","link":"https:\/\/www.food4animals.nl\/de\/produkt\/hi-gloss-shampoo-tea-tree\/","title":{"rendered":"Hi Gloss Shampoo Teebaum"},"content":{"rendered":"<p><span style=\"font-size: 10pt;\"><strong>Sterk reinigende en verzorgende concentraat shampoo met conditioner voor uw paard&#xA0;<\/strong><\/span><br \/><span style=\"font-size: 10pt;\"><strong>Hi Gloss Shampoo Teebaum <\/strong>eignet sich aufgrund seiner einzigartigen Zusammensetzung perfekt f\u00fcr die Pflege trockener, ger\u00f6teter und gereizter Haut. Das Shampoo hat eine reinigende und beruhigende Wirkung auf die Haut und kann t\u00e4glich verwendet werden.<\/span><\/p>\n<p><span style=\"font-size: 10pt;\"><strong>Verwenden Sie das Hi Gloss Shampoo Tea Tree regelm\u00e4\u00dfig f\u00fcr einen optimalen Fellzustand.<\/strong><\/span><br \/><span style=\"font-size: 10pt;\"><strong>&#xA0;<\/strong><\/span><br \/><span style=\"font-size: 10pt;\"><strong>Anmeldung<\/strong><\/span><br \/><span style=\"font-size: 10pt;\">Befeuchten Sie das Fell mit lauwarmem Wasser und massieren Sie bei Bedarf eine kleine Menge Shampoo ein. Lassen Sie es eine Weile einwirken (ca. 2 Minuten) und sp\u00fclen Sie das Fell gr\u00fcndlich mit lauwarmem Wasser aus. Vermeiden Sie den Kontakt mit den Augen.<\/span><br \/><span style=\"font-size: 10pt;\">&#xA0;<\/span><br \/><span style=\"font-size: 10pt;\"><strong>500 ml Hi Gloss Shampoo Tea Tree entsprechen 1500 ml eines normalen Shampoos.<\/strong><strong><br \/>&#xA0;<br \/><strong>Zus\u00e4tzliche Informationen<\/strong><\/strong><\/span><br \/><span style=\"font-size: 10pt;\">Tea Tree is een krachtig natuurlijk ingredi&#xEB;nt, bekend om zijn brede toepasbaarheid:<\/span><br \/><span style=\"font-size: 10pt;\">&#x2022; Ondersteunt het herstellend vermogen van de huid<\/span><br \/><span style=\"font-size: 10pt;\">&#x2022; Heeft een verkoelend effect op de huid<\/span><br \/><span style=\"font-size: 10pt;\">&#x2022; Ondersteunt het behoud va een gezonde vacht<\/span><br \/><span style=\"font-size: 10pt;\">&#xA0;<\/span><br \/><span style=\"font-size: 10pt;\"><strong>Inhalt<br \/><\/strong>HIGL5082 - 100 ml<\/span><br \/><span style=\"font-size: 10pt;\">HIGL5084 -<\/span><span style=\"font-size: 10pt;\">&#xA0;500 ml<\/span><br \/><span style=\"font-size: 10pt;\">&#xA0;<\/span><br \/><span style=\"font-size: 10pt;\"><strong>Erfahren Sie mehr \u00fcber Teebaum:<br \/><\/strong><a href=\"http:\/\/www.encyclo.nl\/begrip\/tea%20tree\">http:\/\/www.encyclo.nl\/begrip\/tea%20tree<\/a><\/span><\/p>","protected":false},"excerpt":{"rendered":"<p>Ideal f\u00fcr die Pflege trockener, ger\u00f6teter und gereizter Haut.<\/p>","protected":false},"featured_media":24838,"template":"","meta":{"_acf_changed":false},"product_brand":[],"product_cat":[4317,829,1216],"product_tag":[4157,883,1368,2227],"class_list":{"0":"post-24837","1":"product","2":"type-product","3":"status-publish","4":"has-post-thumbnail","6":"product_cat-huid-haar-en-manen","7":"product_cat-paard","8":"product_cat-verzorging-paard","9":"product_tag-500-ml","10":"product_tag-excellent","11":"product_tag-excellent-horse","12":"product_tag-hi-gloss","13":"tax_brand-excellent","15":"first","16":"instock","17":"taxable","18":"shipping-taxable","19":"purchasable","20":"product-type-simple"},"acf":[],"yoast_head":"<!-- This site is optimized with the Yoast SEO plugin v27.4 - https:\/\/yoast.com\/product\/yoast-seo-wordpress\/ -->\n<title>Hi Gloss Shampoo Tea Tree - Food4animals<\/title>\n<meta name=\"robots\" content=\"index, follow, max-snippet:-1, max-image-preview:large, max-video-preview:-1\" \/>\n<link rel=\"canonical\" href=\"https:\/\/www.food4animals.nl\/de\/produkt\/hi-gloss-shampoo-tea-tree\/\" \/>\n<meta property=\"og:locale\" content=\"de_DE\" \/>\n<meta property=\"og:type\" content=\"article\" \/>\n<meta property=\"og:title\" content=\"Hi Gloss Shampoo Tea Tree - Food4animals\" \/>\n<meta property=\"og:description\" content=\"Perfect voor de verzorging van een droge, rode en geprikkelde huid.\" \/>\n<meta property=\"og:url\" content=\"https:\/\/www.food4animals.nl\/de\/produkt\/hi-gloss-shampoo-tea-tree\/\" \/>\n<meta property=\"og:site_name\" content=\"Food4animals\" \/>\n<meta property=\"article:publisher\" content=\"https:\/\/www.facebook.com\/p\/Food4animals-100063861676074\/\" \/>\n<meta property=\"article:modified_time\" content=\"2026-04-27T00:16:04+00:00\" \/>\n<meta property=\"og:image\" content=\"https:\/\/www.food4animals.nl\/wp-content\/uploads\/2024\/06\/275303.png\" \/>\n\t<meta property=\"og:image:width\" content=\"1024\" \/>\n\t<meta property=\"og:image:height\" content=\"1025\" \/>\n\t<meta property=\"og:image:type\" content=\"image\/png\" \/>\n<meta name=\"twitter:card\" content=\"summary_large_image\" \/>\n<meta name=\"twitter:site\" content=\"@food4animals\" \/>\n<meta name=\"twitter:label1\" content=\"Gesch\u00e4tzte Lesezeit\" \/>\n\t<meta name=\"twitter:data1\" content=\"1\u00a0Minute\" \/>\n<script type=\"application\/ld+json\" class=\"yoast-schema-graph\">{\"@context\":\"https:\\\/\\\/schema.org\",\"@graph\":[{\"@type\":\"WebPage\",\"@id\":\"https:\\\/\\\/www.food4animals.nl\\\/product\\\/hi-gloss-shampoo-tea-tree\\\/\",\"url\":\"https:\\\/\\\/www.food4animals.nl\\\/product\\\/hi-gloss-shampoo-tea-tree\\\/\",\"name\":\"Hi Gloss Shampoo Tea Tree - Food4animals\",\"isPartOf\":{\"@id\":\"https:\\\/\\\/www.food4animals.nl\\\/en\\\/#website\"},\"primaryImageOfPage\":{\"@id\":\"https:\\\/\\\/www.food4animals.nl\\\/product\\\/hi-gloss-shampoo-tea-tree\\\/#primaryimage\"},\"image\":{\"@id\":\"https:\\\/\\\/www.food4animals.nl\\\/product\\\/hi-gloss-shampoo-tea-tree\\\/#primaryimage\"},\"thumbnailUrl\":\"https:\\\/\\\/www.food4animals.nl\\\/wp-content\\\/uploads\\\/2024\\\/06\\\/275303.png\",\"datePublished\":\"2024-06-03T07:00:29+00:00\",\"dateModified\":\"2026-04-27T00:16:04+00:00\",\"breadcrumb\":{\"@id\":\"https:\\\/\\\/www.food4animals.nl\\\/product\\\/hi-gloss-shampoo-tea-tree\\\/#breadcrumb\"},\"inLanguage\":\"de\",\"potentialAction\":[{\"@type\":\"ReadAction\",\"target\":[\"https:\\\/\\\/www.food4animals.nl\\\/product\\\/hi-gloss-shampoo-tea-tree\\\/\"]}]},{\"@type\":\"ImageObject\",\"inLanguage\":\"de\",\"@id\":\"https:\\\/\\\/www.food4animals.nl\\\/product\\\/hi-gloss-shampoo-tea-tree\\\/#primaryimage\",\"url\":\"https:\\\/\\\/www.food4animals.nl\\\/wp-content\\\/uploads\\\/2024\\\/06\\\/275303.png\",\"contentUrl\":\"https:\\\/\\\/www.food4animals.nl\\\/wp-content\\\/uploads\\\/2024\\\/06\\\/275303.png\",\"width\":1024,\"height\":1025},{\"@type\":\"BreadcrumbList\",\"@id\":\"https:\\\/\\\/www.food4animals.nl\\\/product\\\/hi-gloss-shampoo-tea-tree\\\/#breadcrumb\",\"itemListElement\":[{\"@type\":\"ListItem\",\"position\":1,\"name\":\"Home\",\"item\":\"https:\\\/\\\/www.food4animals.nl\\\/\"},{\"@type\":\"ListItem\",\"position\":2,\"name\":\"Winkel\",\"item\":\"https:\\\/\\\/www.food4animals.nl\\\/winkel\\\/\"},{\"@type\":\"ListItem\",\"position\":3,\"name\":\"Hi Gloss Shampoo Tea Tree\"}]},{\"@type\":\"WebSite\",\"@id\":\"https:\\\/\\\/www.food4animals.nl\\\/en\\\/#website\",\"url\":\"https:\\\/\\\/www.food4animals.nl\\\/en\\\/\",\"name\":\"Food4animals\",\"description\":\"Alles voor Ruiter en Dier\",\"publisher\":{\"@id\":\"https:\\\/\\\/www.food4animals.nl\\\/en\\\/#organization\"},\"potentialAction\":[{\"@type\":\"SearchAction\",\"target\":{\"@type\":\"EntryPoint\",\"urlTemplate\":\"https:\\\/\\\/www.food4animals.nl\\\/en\\\/?s={search_term_string}\"},\"query-input\":{\"@type\":\"PropertyValueSpecification\",\"valueRequired\":true,\"valueName\":\"search_term_string\"}}],\"inLanguage\":\"de\"},{\"@type\":\"Organization\",\"@id\":\"https:\\\/\\\/www.food4animals.nl\\\/en\\\/#organization\",\"name\":\"Food4animals\",\"url\":\"https:\\\/\\\/www.food4animals.nl\\\/en\\\/\",\"logo\":{\"@type\":\"ImageObject\",\"inLanguage\":\"de\",\"@id\":\"https:\\\/\\\/www.food4animals.nl\\\/en\\\/#\\\/schema\\\/logo\\\/image\\\/\",\"url\":\"https:\\\/\\\/www.food4animals.nl\\\/wp-content\\\/uploads\\\/2023\\\/10\\\/Logo.svg\",\"contentUrl\":\"https:\\\/\\\/www.food4animals.nl\\\/wp-content\\\/uploads\\\/2023\\\/10\\\/Logo.svg\",\"width\":1,\"height\":1,\"caption\":\"Food4animals\"},\"image\":{\"@id\":\"https:\\\/\\\/www.food4animals.nl\\\/en\\\/#\\\/schema\\\/logo\\\/image\\\/\"},\"sameAs\":[\"https:\\\/\\\/www.facebook.com\\\/p\\\/Food4animals-100063861676074\\\/\",\"https:\\\/\\\/x.com\\\/food4animals\"]}]}<\/script>\n<!-- \/ Yoast SEO plugin. -->","yoast_head_json":{"title":"Hi Gloss Shampoo Tea Tree - Food4animals","robots":{"index":"index","follow":"follow","max-snippet":"max-snippet:-1","max-image-preview":"max-image-preview:large","max-video-preview":"max-video-preview:-1"},"canonical":"https:\/\/www.food4animals.nl\/de\/produkt\/hi-gloss-shampoo-tea-tree\/","og_locale":"de_DE","og_type":"article","og_title":"Hi Gloss Shampoo Tea Tree - Food4animals","og_description":"Perfect voor de verzorging van een droge, rode en geprikkelde huid.","og_url":"https:\/\/www.food4animals.nl\/de\/produkt\/hi-gloss-shampoo-tea-tree\/","og_site_name":"Food4animals","article_publisher":"https:\/\/www.facebook.com\/p\/Food4animals-100063861676074\/","article_modified_time":"2026-04-27T00:16:04+00:00","og_image":[{"width":1024,"height":1025,"url":"https:\/\/www.food4animals.nl\/wp-content\/uploads\/2024\/06\/275303.png","type":"image\/png"}],"twitter_card":"summary_large_image","twitter_site":"@food4animals","twitter_misc":{"Gesch\u00e4tzte Lesezeit":"1\u00a0Minute"},"schema":{"@context":"https:\/\/schema.org","@graph":[{"@type":"WebPage","@id":"https:\/\/www.food4animals.nl\/product\/hi-gloss-shampoo-tea-tree\/","url":"https:\/\/www.food4animals.nl\/product\/hi-gloss-shampoo-tea-tree\/","name":"Hi Gloss Shampoo Tea Tree - Food4animals","isPartOf":{"@id":"https:\/\/www.food4animals.nl\/en\/#website"},"primaryImageOfPage":{"@id":"https:\/\/www.food4animals.nl\/product\/hi-gloss-shampoo-tea-tree\/#primaryimage"},"image":{"@id":"https:\/\/www.food4animals.nl\/product\/hi-gloss-shampoo-tea-tree\/#primaryimage"},"thumbnailUrl":"https:\/\/www.food4animals.nl\/wp-content\/uploads\/2024\/06\/275303.png","datePublished":"2024-06-03T07:00:29+00:00","dateModified":"2026-04-27T00:16:04+00:00","breadcrumb":{"@id":"https:\/\/www.food4animals.nl\/product\/hi-gloss-shampoo-tea-tree\/#breadcrumb"},"inLanguage":"de","potentialAction":[{"@type":"ReadAction","target":["https:\/\/www.food4animals.nl\/product\/hi-gloss-shampoo-tea-tree\/"]}]},{"@type":"ImageObject","inLanguage":"de","@id":"https:\/\/www.food4animals.nl\/product\/hi-gloss-shampoo-tea-tree\/#primaryimage","url":"https:\/\/www.food4animals.nl\/wp-content\/uploads\/2024\/06\/275303.png","contentUrl":"https:\/\/www.food4animals.nl\/wp-content\/uploads\/2024\/06\/275303.png","width":1024,"height":1025},{"@type":"BreadcrumbList","@id":"https:\/\/www.food4animals.nl\/product\/hi-gloss-shampoo-tea-tree\/#breadcrumb","itemListElement":[{"@type":"ListItem","position":1,"name":"Home","item":"https:\/\/www.food4animals.nl\/"},{"@type":"ListItem","position":2,"name":"Winkel","item":"https:\/\/www.food4animals.nl\/winkel\/"},{"@type":"ListItem","position":3,"name":"Hi Gloss Shampoo Tea Tree"}]},{"@type":"WebSite","@id":"https:\/\/www.food4animals.nl\/en\/#website","url":"https:\/\/www.food4animals.nl\/en\/","name":"Lebensmittel4Tiere","description":"Alles f\u00fcr Reiter und Tier","publisher":{"@id":"https:\/\/www.food4animals.nl\/en\/#organization"},"potentialAction":[{"@type":"SearchAction","target":{"@type":"EntryPoint","urlTemplate":"https:\/\/www.food4animals.nl\/en\/?s={search_term_string}"},"query-input":{"@type":"PropertyValueSpecification","valueRequired":true,"valueName":"search_term_string"}}],"inLanguage":"de"},{"@type":"Organization","@id":"https:\/\/www.food4animals.nl\/en\/#organization","name":"Lebensmittel4Tiere","url":"https:\/\/www.food4animals.nl\/en\/","logo":{"@type":"ImageObject","inLanguage":"de","@id":"https:\/\/www.food4animals.nl\/en\/#\/schema\/logo\/image\/","url":"https:\/\/www.food4animals.nl\/wp-content\/uploads\/2023\/10\/Logo.svg","contentUrl":"https:\/\/www.food4animals.nl\/wp-content\/uploads\/2023\/10\/Logo.svg","width":1,"height":1,"caption":"Food4animals"},"image":{"@id":"https:\/\/www.food4animals.nl\/en\/#\/schema\/logo\/image\/"},"sameAs":["https:\/\/www.facebook.com\/p\/Food4animals-100063861676074\/","https:\/\/x.com\/food4animals"]}]}},"_links":{"self":[{"href":"https:\/\/www.food4animals.nl\/de\/wp-json\/wp\/v2\/product\/24837","targetHints":{"allow":["GET"]}}],"collection":[{"href":"https:\/\/www.food4animals.nl\/de\/wp-json\/wp\/v2\/product"}],"about":[{"href":"https:\/\/www.food4animals.nl\/de\/wp-json\/wp\/v2\/types\/product"}],"wp:featuredmedia":[{"embeddable":true,"href":"https:\/\/www.food4animals.nl\/de\/wp-json\/wp\/v2\/media\/24838"}],"wp:attachment":[{"href":"https:\/\/www.food4animals.nl\/de\/wp-json\/wp\/v2\/media?parent=24837"}],"wp:term":[{"taxonomy":"product_brand","embeddable":true,"href":"https:\/\/www.food4animals.nl\/de\/wp-json\/wp\/v2\/product_brand?post=24837"},{"taxonomy":"product_cat","embeddable":true,"href":"https:\/\/www.food4animals.nl\/de\/wp-json\/wp\/v2\/product_cat?post=24837"},{"taxonomy":"product_tag","embeddable":true,"href":"https:\/\/www.food4animals.nl\/de\/wp-json\/wp\/v2\/product_tag?post=24837"}],"curies":[{"name":"wp","href":"https:\/\/api.w.org\/{rel}","templated":true}]}}