{"id":24842,"date":"2024-06-03T08:06:15","date_gmt":"2024-06-03T07:06:15","guid":{"rendered":"https:\/\/www.food4animals.nl\/product\/knock-pest-bedwantsen-spray\/"},"modified":"2026-04-20T01:21:06","modified_gmt":"2026-04-20T00:21:06","slug":"knock-pest-bedwantsen-spray","status":"publish","type":"product","link":"https:\/\/www.food4animals.nl\/de\/produkt\/knock-pest-bedwantsen-spray\/","title":{"rendered":"Knock Pest Bettwanzenspray"},"content":{"rendered":"<h3>Gebrauchsanweisung:<\/h3>\n<p>Knock Pest Bedwantsen Spray heeft een mechanische werking op bedwantsen. Hierdoor is resistentie opbouw niet mogelijk. Voor een juiste werking is het belangrijk dat de bedwantsen geraakt worden door de spuitvloeistof.<\/p>\n<p>Knock Pest Bedwantsen Spray is een eenvoudig met water te verdunnen concentraat. Na een bespuiting drogen de siliconenpolymeren op en vormen een 3-dimensionaal polymerennetwerk. Dit zorgt ervoor dat de bedwantsen niet meer kunnen bewegen met de dood tot gevolg.<\/p>\n<p>Das Produkt enth\u00e4lt keine Biozidbestandteile und ist daher kein Biozid.<\/p>\n<h3>Anwendungsbereiche:<\/h3>\n<p>Im und am Haus, in Hotels, Krankenh\u00e4usern, Restaurants mit Lebensmittellagerung, St\u00e4llen, Scheunen, in der Lebensmittelindustrie, in Abfallverarbeitungsanlagen, auf Campingpl\u00e4tzen und in Lagerhallen.<\/p>\n<p>Knock Pest Bedwantsen Spray kan gebruikt worden in de aanwezigheid van mens en dier. Spuitnevel niet inademen.<\/p>\n<h3>Gebrauchsanweisung:<\/h3>\n<p>Den Inhalt (10 ml) der kleinen Flasche in die Spr\u00fchflasche entleeren und mit Wasser auf 500 ml auff\u00fcllen. Vor und w\u00e4hrend der Anwendung gut sch\u00fctteln.<\/p>\n<p>Bespuit alle ge&#xEF;nfecteerde plekken, inclusief matras, bedframe, hoofdboard en (nacht)kastjes. Behandel alle naden, kieren en plinten. Gebruik een poeder (Knock Pest Insectenpoeder) in de buurt van stopcontacten. Voer een herbehandeling na 21 dagen uit, zodat bedwantsen die dan weer uitkomen ook gedood worden. Bij temperaturen boven 30&#xB0;C is het verstandig om na 14 dagen een nieuwe behandeling uit te voeren.<\/p>\n<h3>Dosierung:<\/h3>\n<p>10 ml in 500 ml Wasser<\/p>\n<h3>Formulierungshilfen:<\/h3>\n<p>Tenside<\/p>\n<h3>Weitere Informationen:<\/h3>\n<p>Das Produkt enth\u00e4lt mit Polyalkylenoxid modifiziertes Heptamethyltrisiloxan.<\/p>\n<p><strong>Knock Pest Bedwants Spray<\/strong> <strong>SICHERER GEBRAUCH. Zur Verwendung al<\/strong><strong>Gezeiten<\/strong><strong>d die e<\/strong><strong>tippen Sie auf<\/strong><strong>und die Produktion<\/strong><strong>ti<\/strong><strong>nforma<\/strong><strong>ti<\/strong><strong>e lesen.<\/strong><\/p>\n<p>&#xA0;<\/p>","protected":false},"excerpt":{"rendered":"<p>Emulsieconcentraat (10 ml goed voor 500 ml) voor het immobiliseren van bedwantsen.<\/p>","protected":false},"featured_media":24843,"template":"","meta":{"_acf_changed":false},"product_brand":[],"product_cat":[1261,1023,1196,959],"product_tag":[2423],"class_list":{"0":"post-24842","1":"product","2":"type-product","3":"status-publish","4":"has-post-thumbnail","6":"product_cat-bedwants","7":"product_cat-nieuw","8":"product_cat-ongedierte","9":"product_cat-shop","10":"product_tag-knock-pest","11":"tax_brand-knock-pest","13":"first","14":"instock","15":"taxable","16":"shipping-taxable","17":"purchasable","18":"product-type-simple"},"acf":[],"yoast_head":"<!-- This site is optimized with the Yoast SEO plugin v27.4 - https:\/\/yoast.com\/product\/yoast-seo-wordpress\/ -->\n<title>Knock Pest Bedwantsen Spray - Food4animals<\/title>\n<meta name=\"robots\" content=\"index, follow, max-snippet:-1, max-image-preview:large, max-video-preview:-1\" \/>\n<link rel=\"canonical\" href=\"https:\/\/www.food4animals.nl\/de\/produkt\/knock-pest-bedwantsen-spray\/\" \/>\n<meta property=\"og:locale\" content=\"de_DE\" \/>\n<meta property=\"og:type\" content=\"article\" \/>\n<meta property=\"og:title\" content=\"Knock Pest Bedwantsen Spray - Food4animals\" \/>\n<meta property=\"og:description\" content=\"Emulsieconcentraat (10 ml goed voor 500 ml) voor het immobiliseren van bedwantsen.\" \/>\n<meta property=\"og:url\" content=\"https:\/\/www.food4animals.nl\/de\/produkt\/knock-pest-bedwantsen-spray\/\" \/>\n<meta property=\"og:site_name\" content=\"Food4animals\" \/>\n<meta property=\"article:publisher\" content=\"https:\/\/www.facebook.com\/p\/Food4animals-100063861676074\/\" \/>\n<meta property=\"article:modified_time\" content=\"2026-04-20T00:21:06+00:00\" \/>\n<meta property=\"og:image\" content=\"https:\/\/www.food4animals.nl\/wp-content\/uploads\/2024\/06\/284695.png\" \/>\n\t<meta property=\"og:image:width\" content=\"683\" \/>\n\t<meta property=\"og:image:height\" content=\"1024\" \/>\n\t<meta property=\"og:image:type\" content=\"image\/png\" \/>\n<meta name=\"twitter:card\" content=\"summary_large_image\" \/>\n<meta name=\"twitter:site\" content=\"@food4animals\" \/>\n<meta name=\"twitter:label1\" content=\"Gesch\u00e4tzte Lesezeit\" \/>\n\t<meta name=\"twitter:data1\" content=\"1\u00a0Minute\" \/>\n<script type=\"application\/ld+json\" class=\"yoast-schema-graph\">{\"@context\":\"https:\\\/\\\/schema.org\",\"@graph\":[{\"@type\":\"WebPage\",\"@id\":\"https:\\\/\\\/www.food4animals.nl\\\/product\\\/knock-pest-bedwantsen-spray\\\/\",\"url\":\"https:\\\/\\\/www.food4animals.nl\\\/product\\\/knock-pest-bedwantsen-spray\\\/\",\"name\":\"Knock Pest Bedwantsen Spray - Food4animals\",\"isPartOf\":{\"@id\":\"https:\\\/\\\/www.food4animals.nl\\\/en\\\/#website\"},\"primaryImageOfPage\":{\"@id\":\"https:\\\/\\\/www.food4animals.nl\\\/product\\\/knock-pest-bedwantsen-spray\\\/#primaryimage\"},\"image\":{\"@id\":\"https:\\\/\\\/www.food4animals.nl\\\/product\\\/knock-pest-bedwantsen-spray\\\/#primaryimage\"},\"thumbnailUrl\":\"https:\\\/\\\/www.food4animals.nl\\\/wp-content\\\/uploads\\\/2024\\\/06\\\/284695.png\",\"datePublished\":\"2024-06-03T07:06:15+00:00\",\"dateModified\":\"2026-04-20T00:21:06+00:00\",\"breadcrumb\":{\"@id\":\"https:\\\/\\\/www.food4animals.nl\\\/product\\\/knock-pest-bedwantsen-spray\\\/#breadcrumb\"},\"inLanguage\":\"de\",\"potentialAction\":[{\"@type\":\"ReadAction\",\"target\":[\"https:\\\/\\\/www.food4animals.nl\\\/product\\\/knock-pest-bedwantsen-spray\\\/\"]}]},{\"@type\":\"ImageObject\",\"inLanguage\":\"de\",\"@id\":\"https:\\\/\\\/www.food4animals.nl\\\/product\\\/knock-pest-bedwantsen-spray\\\/#primaryimage\",\"url\":\"https:\\\/\\\/www.food4animals.nl\\\/wp-content\\\/uploads\\\/2024\\\/06\\\/284695.png\",\"contentUrl\":\"https:\\\/\\\/www.food4animals.nl\\\/wp-content\\\/uploads\\\/2024\\\/06\\\/284695.png\",\"width\":683,\"height\":1024},{\"@type\":\"BreadcrumbList\",\"@id\":\"https:\\\/\\\/www.food4animals.nl\\\/product\\\/knock-pest-bedwantsen-spray\\\/#breadcrumb\",\"itemListElement\":[{\"@type\":\"ListItem\",\"position\":1,\"name\":\"Home\",\"item\":\"https:\\\/\\\/www.food4animals.nl\\\/\"},{\"@type\":\"ListItem\",\"position\":2,\"name\":\"Winkel\",\"item\":\"https:\\\/\\\/www.food4animals.nl\\\/winkel\\\/\"},{\"@type\":\"ListItem\",\"position\":3,\"name\":\"Knock Pest Bedwantsen Spray\"}]},{\"@type\":\"WebSite\",\"@id\":\"https:\\\/\\\/www.food4animals.nl\\\/en\\\/#website\",\"url\":\"https:\\\/\\\/www.food4animals.nl\\\/en\\\/\",\"name\":\"Food4animals\",\"description\":\"Alles voor Ruiter en Dier\",\"publisher\":{\"@id\":\"https:\\\/\\\/www.food4animals.nl\\\/en\\\/#organization\"},\"potentialAction\":[{\"@type\":\"SearchAction\",\"target\":{\"@type\":\"EntryPoint\",\"urlTemplate\":\"https:\\\/\\\/www.food4animals.nl\\\/en\\\/?s={search_term_string}\"},\"query-input\":{\"@type\":\"PropertyValueSpecification\",\"valueRequired\":true,\"valueName\":\"search_term_string\"}}],\"inLanguage\":\"de\"},{\"@type\":\"Organization\",\"@id\":\"https:\\\/\\\/www.food4animals.nl\\\/en\\\/#organization\",\"name\":\"Food4animals\",\"url\":\"https:\\\/\\\/www.food4animals.nl\\\/en\\\/\",\"logo\":{\"@type\":\"ImageObject\",\"inLanguage\":\"de\",\"@id\":\"https:\\\/\\\/www.food4animals.nl\\\/en\\\/#\\\/schema\\\/logo\\\/image\\\/\",\"url\":\"https:\\\/\\\/www.food4animals.nl\\\/wp-content\\\/uploads\\\/2023\\\/10\\\/Logo.svg\",\"contentUrl\":\"https:\\\/\\\/www.food4animals.nl\\\/wp-content\\\/uploads\\\/2023\\\/10\\\/Logo.svg\",\"width\":1,\"height\":1,\"caption\":\"Food4animals\"},\"image\":{\"@id\":\"https:\\\/\\\/www.food4animals.nl\\\/en\\\/#\\\/schema\\\/logo\\\/image\\\/\"},\"sameAs\":[\"https:\\\/\\\/www.facebook.com\\\/p\\\/Food4animals-100063861676074\\\/\",\"https:\\\/\\\/x.com\\\/food4animals\"]}]}<\/script>\n<!-- \/ Yoast SEO plugin. -->","yoast_head_json":{"title":"Knock Pest Bedwantsen Spray - Food4animals","robots":{"index":"index","follow":"follow","max-snippet":"max-snippet:-1","max-image-preview":"max-image-preview:large","max-video-preview":"max-video-preview:-1"},"canonical":"https:\/\/www.food4animals.nl\/de\/produkt\/knock-pest-bedwantsen-spray\/","og_locale":"de_DE","og_type":"article","og_title":"Knock Pest Bedwantsen Spray - Food4animals","og_description":"Emulsieconcentraat (10 ml goed voor 500 ml) voor het immobiliseren van bedwantsen.","og_url":"https:\/\/www.food4animals.nl\/de\/produkt\/knock-pest-bedwantsen-spray\/","og_site_name":"Food4animals","article_publisher":"https:\/\/www.facebook.com\/p\/Food4animals-100063861676074\/","article_modified_time":"2026-04-20T00:21:06+00:00","og_image":[{"width":683,"height":1024,"url":"https:\/\/www.food4animals.nl\/wp-content\/uploads\/2024\/06\/284695.png","type":"image\/png"}],"twitter_card":"summary_large_image","twitter_site":"@food4animals","twitter_misc":{"Gesch\u00e4tzte Lesezeit":"1\u00a0Minute"},"schema":{"@context":"https:\/\/schema.org","@graph":[{"@type":"WebPage","@id":"https:\/\/www.food4animals.nl\/product\/knock-pest-bedwantsen-spray\/","url":"https:\/\/www.food4animals.nl\/product\/knock-pest-bedwantsen-spray\/","name":"Knock Pest Bedwantsen Spray - Food4animals","isPartOf":{"@id":"https:\/\/www.food4animals.nl\/en\/#website"},"primaryImageOfPage":{"@id":"https:\/\/www.food4animals.nl\/product\/knock-pest-bedwantsen-spray\/#primaryimage"},"image":{"@id":"https:\/\/www.food4animals.nl\/product\/knock-pest-bedwantsen-spray\/#primaryimage"},"thumbnailUrl":"https:\/\/www.food4animals.nl\/wp-content\/uploads\/2024\/06\/284695.png","datePublished":"2024-06-03T07:06:15+00:00","dateModified":"2026-04-20T00:21:06+00:00","breadcrumb":{"@id":"https:\/\/www.food4animals.nl\/product\/knock-pest-bedwantsen-spray\/#breadcrumb"},"inLanguage":"de","potentialAction":[{"@type":"ReadAction","target":["https:\/\/www.food4animals.nl\/product\/knock-pest-bedwantsen-spray\/"]}]},{"@type":"ImageObject","inLanguage":"de","@id":"https:\/\/www.food4animals.nl\/product\/knock-pest-bedwantsen-spray\/#primaryimage","url":"https:\/\/www.food4animals.nl\/wp-content\/uploads\/2024\/06\/284695.png","contentUrl":"https:\/\/www.food4animals.nl\/wp-content\/uploads\/2024\/06\/284695.png","width":683,"height":1024},{"@type":"BreadcrumbList","@id":"https:\/\/www.food4animals.nl\/product\/knock-pest-bedwantsen-spray\/#breadcrumb","itemListElement":[{"@type":"ListItem","position":1,"name":"Home","item":"https:\/\/www.food4animals.nl\/"},{"@type":"ListItem","position":2,"name":"Winkel","item":"https:\/\/www.food4animals.nl\/winkel\/"},{"@type":"ListItem","position":3,"name":"Knock Pest Bedwantsen Spray"}]},{"@type":"WebSite","@id":"https:\/\/www.food4animals.nl\/en\/#website","url":"https:\/\/www.food4animals.nl\/en\/","name":"Lebensmittel4Tiere","description":"Alles f\u00fcr Reiter und Tier","publisher":{"@id":"https:\/\/www.food4animals.nl\/en\/#organization"},"potentialAction":[{"@type":"SearchAction","target":{"@type":"EntryPoint","urlTemplate":"https:\/\/www.food4animals.nl\/en\/?s={search_term_string}"},"query-input":{"@type":"PropertyValueSpecification","valueRequired":true,"valueName":"search_term_string"}}],"inLanguage":"de"},{"@type":"Organization","@id":"https:\/\/www.food4animals.nl\/en\/#organization","name":"Lebensmittel4Tiere","url":"https:\/\/www.food4animals.nl\/en\/","logo":{"@type":"ImageObject","inLanguage":"de","@id":"https:\/\/www.food4animals.nl\/en\/#\/schema\/logo\/image\/","url":"https:\/\/www.food4animals.nl\/wp-content\/uploads\/2023\/10\/Logo.svg","contentUrl":"https:\/\/www.food4animals.nl\/wp-content\/uploads\/2023\/10\/Logo.svg","width":1,"height":1,"caption":"Food4animals"},"image":{"@id":"https:\/\/www.food4animals.nl\/en\/#\/schema\/logo\/image\/"},"sameAs":["https:\/\/www.facebook.com\/p\/Food4animals-100063861676074\/","https:\/\/x.com\/food4animals"]}]}},"_links":{"self":[{"href":"https:\/\/www.food4animals.nl\/de\/wp-json\/wp\/v2\/product\/24842","targetHints":{"allow":["GET"]}}],"collection":[{"href":"https:\/\/www.food4animals.nl\/de\/wp-json\/wp\/v2\/product"}],"about":[{"href":"https:\/\/www.food4animals.nl\/de\/wp-json\/wp\/v2\/types\/product"}],"wp:featuredmedia":[{"embeddable":true,"href":"https:\/\/www.food4animals.nl\/de\/wp-json\/wp\/v2\/media\/24843"}],"wp:attachment":[{"href":"https:\/\/www.food4animals.nl\/de\/wp-json\/wp\/v2\/media?parent=24842"}],"wp:term":[{"taxonomy":"product_brand","embeddable":true,"href":"https:\/\/www.food4animals.nl\/de\/wp-json\/wp\/v2\/product_brand?post=24842"},{"taxonomy":"product_cat","embeddable":true,"href":"https:\/\/www.food4animals.nl\/de\/wp-json\/wp\/v2\/product_cat?post=24842"},{"taxonomy":"product_tag","embeddable":true,"href":"https:\/\/www.food4animals.nl\/de\/wp-json\/wp\/v2\/product_tag?post=24842"}],"curies":[{"name":"wp","href":"https:\/\/api.w.org\/{rel}","templated":true}]}}