{"id":24848,"date":"2024-06-03T08:06:48","date_gmt":"2024-06-03T07:06:48","guid":{"rendered":"https:\/\/www.food4animals.nl\/product\/knock-pest-kruipende-insecten-spray\/"},"modified":"2026-04-27T01:18:50","modified_gmt":"2026-04-27T00:18:50","slug":"klopfschadling-kriechendes-insektenspray-2","status":"publish","type":"product","link":"https:\/\/www.food4animals.nl\/de\/produkt\/klopfschadling-kriechendes-insektenspray-2\/","title":{"rendered":"Knock Pest Krabbelinsektenspray"},"content":{"rendered":"<h3>Gebrauchsanweisung:<\/h3>\n<p>Knock Pest Crawling Insect Spray wirkt mechanisch auf kriechende Insekten (wie Schaben, Ameisen, Papierfische, Silberfische usw.) und Spinnen. Daher ist eine Resistenzbildung nicht m\u00f6glich. F\u00fcr eine gute Wirkung ist es wichtig, dass die Insekten von der Spritzfl\u00fcssigkeit getroffen werden.<\/p>\n<p>Knock Pest Crawling Insect Spray ist ein leicht mit Wasser zu verd\u00fcnnendes Konzentrat. Nach dem Spr\u00fchen trocknen die Silikonpolymere aus und bilden ein 3-dimensionales Polymernetzwerk. Dadurch werden die Insekten an der Bewegung gehindert, was zum Tod f\u00fchrt.<\/p>\n<p>Das Produkt enth\u00e4lt keine Biozidbestandteile und ist daher kein Biozid.<\/p>\n<h3>Anwendungsbereiche:<\/h3>\n<p>Im und am Haus, in Hotels, Krankenh\u00e4usern, Restaurants mit Lebensmittellagerung, St\u00e4llen, Scheunen, in der Lebensmittelindustrie, in Abfallverarbeitungsanlagen, auf Campingpl\u00e4tzen und in Lagerhallen.<\/p>\n<p>Knock Pest Crawling Insect Spray kann in Gegenwart von Menschen und Tieren verwendet werden. Spr\u00fchnebel nicht einatmen.<\/p>\n<h3>Gebrauchsanweisung:<\/h3>\n<p>Den Inhalt (10 ml) der kleinen Flasche in die Spr\u00fchflasche entleeren und mit Wasser auf 500 ml auff\u00fcllen. Vor und w\u00e4hrend der Anwendung gut sch\u00fctteln.<\/p>\n<p>Bespr\u00fchen Sie alle befallenen Stellen und vergessen Sie dabei nicht, alle N\u00e4hte und Risse zu behandeln. F\u00fchren Sie eine erneute Behandlung durch, wenn erneut Insekten entdeckt werden.<\/p>\n<h3>Dosierung:<\/h3>\n<p>10 ml in 500 ml Wasser<\/p>\n<h3>Formulierungshilfen:<\/h3>\n<p>Tenside<\/p>\n<h3>Weitere Informationen:<\/h3>\n<p>Das Produkt enth\u00e4lt mit Polyalkylenoxid modifiziertes Heptamethyltrisiloxan.<\/p>\n<p><strong>Knock Pest Krabbelinsektenspray<\/strong> <strong>SICHERER GEBRAUCH. Zur Verwendung al<\/strong><strong>Gezeiten<\/strong><strong>d die e<\/strong><strong>tippen Sie auf<\/strong><strong>und die Produktion<\/strong><strong>ti<\/strong><strong>nforma<\/strong><strong>ti<\/strong><strong>e lesen.<\/strong><\/p>\n<p>&#xA0;<\/p>","protected":false},"excerpt":{"rendered":"<p>Emulsionskonzentrat (10 ml gut f\u00fcr 500 ml) zur Ruhigstellung von kriechenden Insekten.<\/p>","protected":false},"featured_media":24849,"template":"","meta":{"_acf_changed":false},"product_brand":[],"product_cat":[2165,2444,1665,1196,2368,2477],"product_tag":[2423],"class_list":{"0":"post-24848","1":"product","2":"type-product","3":"status-publish","4":"has-post-thumbnail","6":"product_cat-kakkerlak","7":"product_cat-mier","8":"product_cat-mijt","9":"product_cat-ongedierte","10":"product_cat-spinnen","11":"product_cat-teek","12":"product_tag-knock-pest","13":"tax_brand-knock-pest","15":"first","16":"instock","17":"taxable","18":"shipping-taxable","19":"purchasable","20":"product-type-simple"},"acf":[],"yoast_head":"<!-- This site is optimized with the Yoast SEO plugin v27.4 - https:\/\/yoast.com\/product\/yoast-seo-wordpress\/ -->\n<title>Knock Pest Kruipende Insecten Spray - Food4animals<\/title>\n<meta name=\"robots\" content=\"index, follow, max-snippet:-1, max-image-preview:large, max-video-preview:-1\" \/>\n<link rel=\"canonical\" href=\"https:\/\/www.food4animals.nl\/de\/produkt\/klopfschadling-kriechendes-insektenspray-2\/\" \/>\n<meta property=\"og:locale\" content=\"de_DE\" \/>\n<meta property=\"og:type\" content=\"article\" \/>\n<meta property=\"og:title\" content=\"Knock Pest Kruipende Insecten Spray - Food4animals\" \/>\n<meta property=\"og:description\" content=\"Emulsieconcentraat (10 ml goed voor 500 ml) voor het immobiliseren van kruipende insecten.\" \/>\n<meta property=\"og:url\" content=\"https:\/\/www.food4animals.nl\/de\/produkt\/klopfschadling-kriechendes-insektenspray-2\/\" \/>\n<meta property=\"og:site_name\" content=\"Food4animals\" \/>\n<meta property=\"article:publisher\" content=\"https:\/\/www.facebook.com\/p\/Food4animals-100063861676074\/\" \/>\n<meta property=\"article:modified_time\" content=\"2026-04-27T00:18:50+00:00\" \/>\n<meta property=\"og:image\" content=\"https:\/\/www.food4animals.nl\/wp-content\/uploads\/2024\/06\/284706.png\" \/>\n\t<meta property=\"og:image:width\" content=\"1024\" \/>\n\t<meta property=\"og:image:height\" content=\"1024\" \/>\n\t<meta property=\"og:image:type\" content=\"image\/png\" \/>\n<meta name=\"twitter:card\" content=\"summary_large_image\" \/>\n<meta name=\"twitter:site\" content=\"@food4animals\" \/>\n<meta name=\"twitter:label1\" content=\"Gesch\u00e4tzte Lesezeit\" \/>\n\t<meta name=\"twitter:data1\" content=\"1\u00a0Minute\" \/>\n<script type=\"application\/ld+json\" class=\"yoast-schema-graph\">{\"@context\":\"https:\\\/\\\/schema.org\",\"@graph\":[{\"@type\":\"WebPage\",\"@id\":\"https:\\\/\\\/www.food4animals.nl\\\/product\\\/knock-pest-kruipende-insecten-spray\\\/\",\"url\":\"https:\\\/\\\/www.food4animals.nl\\\/product\\\/knock-pest-kruipende-insecten-spray\\\/\",\"name\":\"Knock Pest Kruipende Insecten Spray - Food4animals\",\"isPartOf\":{\"@id\":\"https:\\\/\\\/www.food4animals.nl\\\/en\\\/#website\"},\"primaryImageOfPage\":{\"@id\":\"https:\\\/\\\/www.food4animals.nl\\\/product\\\/knock-pest-kruipende-insecten-spray\\\/#primaryimage\"},\"image\":{\"@id\":\"https:\\\/\\\/www.food4animals.nl\\\/product\\\/knock-pest-kruipende-insecten-spray\\\/#primaryimage\"},\"thumbnailUrl\":\"https:\\\/\\\/www.food4animals.nl\\\/wp-content\\\/uploads\\\/2024\\\/06\\\/284706.png\",\"datePublished\":\"2024-06-03T07:06:48+00:00\",\"dateModified\":\"2026-04-27T00:18:50+00:00\",\"breadcrumb\":{\"@id\":\"https:\\\/\\\/www.food4animals.nl\\\/product\\\/knock-pest-kruipende-insecten-spray\\\/#breadcrumb\"},\"inLanguage\":\"de\",\"potentialAction\":[{\"@type\":\"ReadAction\",\"target\":[\"https:\\\/\\\/www.food4animals.nl\\\/product\\\/knock-pest-kruipende-insecten-spray\\\/\"]}]},{\"@type\":\"ImageObject\",\"inLanguage\":\"de\",\"@id\":\"https:\\\/\\\/www.food4animals.nl\\\/product\\\/knock-pest-kruipende-insecten-spray\\\/#primaryimage\",\"url\":\"https:\\\/\\\/www.food4animals.nl\\\/wp-content\\\/uploads\\\/2024\\\/06\\\/284706.png\",\"contentUrl\":\"https:\\\/\\\/www.food4animals.nl\\\/wp-content\\\/uploads\\\/2024\\\/06\\\/284706.png\",\"width\":1024,\"height\":1024},{\"@type\":\"BreadcrumbList\",\"@id\":\"https:\\\/\\\/www.food4animals.nl\\\/product\\\/knock-pest-kruipende-insecten-spray\\\/#breadcrumb\",\"itemListElement\":[{\"@type\":\"ListItem\",\"position\":1,\"name\":\"Home\",\"item\":\"https:\\\/\\\/www.food4animals.nl\\\/\"},{\"@type\":\"ListItem\",\"position\":2,\"name\":\"Winkel\",\"item\":\"https:\\\/\\\/www.food4animals.nl\\\/winkel\\\/\"},{\"@type\":\"ListItem\",\"position\":3,\"name\":\"Knock Pest Kruipende Insecten Spray\"}]},{\"@type\":\"WebSite\",\"@id\":\"https:\\\/\\\/www.food4animals.nl\\\/en\\\/#website\",\"url\":\"https:\\\/\\\/www.food4animals.nl\\\/en\\\/\",\"name\":\"Food4animals\",\"description\":\"Alles voor Ruiter en Dier\",\"publisher\":{\"@id\":\"https:\\\/\\\/www.food4animals.nl\\\/en\\\/#organization\"},\"potentialAction\":[{\"@type\":\"SearchAction\",\"target\":{\"@type\":\"EntryPoint\",\"urlTemplate\":\"https:\\\/\\\/www.food4animals.nl\\\/en\\\/?s={search_term_string}\"},\"query-input\":{\"@type\":\"PropertyValueSpecification\",\"valueRequired\":true,\"valueName\":\"search_term_string\"}}],\"inLanguage\":\"de\"},{\"@type\":\"Organization\",\"@id\":\"https:\\\/\\\/www.food4animals.nl\\\/en\\\/#organization\",\"name\":\"Food4animals\",\"url\":\"https:\\\/\\\/www.food4animals.nl\\\/en\\\/\",\"logo\":{\"@type\":\"ImageObject\",\"inLanguage\":\"de\",\"@id\":\"https:\\\/\\\/www.food4animals.nl\\\/en\\\/#\\\/schema\\\/logo\\\/image\\\/\",\"url\":\"https:\\\/\\\/www.food4animals.nl\\\/wp-content\\\/uploads\\\/2023\\\/10\\\/Logo.svg\",\"contentUrl\":\"https:\\\/\\\/www.food4animals.nl\\\/wp-content\\\/uploads\\\/2023\\\/10\\\/Logo.svg\",\"width\":1,\"height\":1,\"caption\":\"Food4animals\"},\"image\":{\"@id\":\"https:\\\/\\\/www.food4animals.nl\\\/en\\\/#\\\/schema\\\/logo\\\/image\\\/\"},\"sameAs\":[\"https:\\\/\\\/www.facebook.com\\\/p\\\/Food4animals-100063861676074\\\/\",\"https:\\\/\\\/x.com\\\/food4animals\"]}]}<\/script>\n<!-- \/ Yoast SEO plugin. -->","yoast_head_json":{"title":"Knock Pest Krabbelinsektenspray - Food4animals","robots":{"index":"index","follow":"follow","max-snippet":"max-snippet:-1","max-image-preview":"max-image-preview:large","max-video-preview":"max-video-preview:-1"},"canonical":"https:\/\/www.food4animals.nl\/de\/produkt\/klopfschadling-kriechendes-insektenspray-2\/","og_locale":"de_DE","og_type":"article","og_title":"Knock Pest Kruipende Insecten Spray - Food4animals","og_description":"Emulsieconcentraat (10 ml goed voor 500 ml) voor het immobiliseren van kruipende insecten.","og_url":"https:\/\/www.food4animals.nl\/de\/produkt\/klopfschadling-kriechendes-insektenspray-2\/","og_site_name":"Food4animals","article_publisher":"https:\/\/www.facebook.com\/p\/Food4animals-100063861676074\/","article_modified_time":"2026-04-27T00:18:50+00:00","og_image":[{"width":1024,"height":1024,"url":"https:\/\/www.food4animals.nl\/wp-content\/uploads\/2024\/06\/284706.png","type":"image\/png"}],"twitter_card":"summary_large_image","twitter_site":"@food4animals","twitter_misc":{"Gesch\u00e4tzte Lesezeit":"1\u00a0Minute"},"schema":{"@context":"https:\/\/schema.org","@graph":[{"@type":"WebPage","@id":"https:\/\/www.food4animals.nl\/product\/knock-pest-kruipende-insecten-spray\/","url":"https:\/\/www.food4animals.nl\/product\/knock-pest-kruipende-insecten-spray\/","name":"Knock Pest Krabbelinsektenspray - Food4animals","isPartOf":{"@id":"https:\/\/www.food4animals.nl\/en\/#website"},"primaryImageOfPage":{"@id":"https:\/\/www.food4animals.nl\/product\/knock-pest-kruipende-insecten-spray\/#primaryimage"},"image":{"@id":"https:\/\/www.food4animals.nl\/product\/knock-pest-kruipende-insecten-spray\/#primaryimage"},"thumbnailUrl":"https:\/\/www.food4animals.nl\/wp-content\/uploads\/2024\/06\/284706.png","datePublished":"2024-06-03T07:06:48+00:00","dateModified":"2026-04-27T00:18:50+00:00","breadcrumb":{"@id":"https:\/\/www.food4animals.nl\/product\/knock-pest-kruipende-insecten-spray\/#breadcrumb"},"inLanguage":"de","potentialAction":[{"@type":"ReadAction","target":["https:\/\/www.food4animals.nl\/product\/knock-pest-kruipende-insecten-spray\/"]}]},{"@type":"ImageObject","inLanguage":"de","@id":"https:\/\/www.food4animals.nl\/product\/knock-pest-kruipende-insecten-spray\/#primaryimage","url":"https:\/\/www.food4animals.nl\/wp-content\/uploads\/2024\/06\/284706.png","contentUrl":"https:\/\/www.food4animals.nl\/wp-content\/uploads\/2024\/06\/284706.png","width":1024,"height":1024},{"@type":"BreadcrumbList","@id":"https:\/\/www.food4animals.nl\/product\/knock-pest-kruipende-insecten-spray\/#breadcrumb","itemListElement":[{"@type":"ListItem","position":1,"name":"Home","item":"https:\/\/www.food4animals.nl\/"},{"@type":"ListItem","position":2,"name":"Winkel","item":"https:\/\/www.food4animals.nl\/winkel\/"},{"@type":"ListItem","position":3,"name":"Knock Pest Kruipende Insecten Spray"}]},{"@type":"WebSite","@id":"https:\/\/www.food4animals.nl\/en\/#website","url":"https:\/\/www.food4animals.nl\/en\/","name":"Lebensmittel4Tiere","description":"Alles f\u00fcr Reiter und Tier","publisher":{"@id":"https:\/\/www.food4animals.nl\/en\/#organization"},"potentialAction":[{"@type":"SearchAction","target":{"@type":"EntryPoint","urlTemplate":"https:\/\/www.food4animals.nl\/en\/?s={search_term_string}"},"query-input":{"@type":"PropertyValueSpecification","valueRequired":true,"valueName":"search_term_string"}}],"inLanguage":"de"},{"@type":"Organization","@id":"https:\/\/www.food4animals.nl\/en\/#organization","name":"Lebensmittel4Tiere","url":"https:\/\/www.food4animals.nl\/en\/","logo":{"@type":"ImageObject","inLanguage":"de","@id":"https:\/\/www.food4animals.nl\/en\/#\/schema\/logo\/image\/","url":"https:\/\/www.food4animals.nl\/wp-content\/uploads\/2023\/10\/Logo.svg","contentUrl":"https:\/\/www.food4animals.nl\/wp-content\/uploads\/2023\/10\/Logo.svg","width":1,"height":1,"caption":"Food4animals"},"image":{"@id":"https:\/\/www.food4animals.nl\/en\/#\/schema\/logo\/image\/"},"sameAs":["https:\/\/www.facebook.com\/p\/Food4animals-100063861676074\/","https:\/\/x.com\/food4animals"]}]}},"_links":{"self":[{"href":"https:\/\/www.food4animals.nl\/de\/wp-json\/wp\/v2\/product\/24848","targetHints":{"allow":["GET"]}}],"collection":[{"href":"https:\/\/www.food4animals.nl\/de\/wp-json\/wp\/v2\/product"}],"about":[{"href":"https:\/\/www.food4animals.nl\/de\/wp-json\/wp\/v2\/types\/product"}],"wp:featuredmedia":[{"embeddable":true,"href":"https:\/\/www.food4animals.nl\/de\/wp-json\/wp\/v2\/media\/24849"}],"wp:attachment":[{"href":"https:\/\/www.food4animals.nl\/de\/wp-json\/wp\/v2\/media?parent=24848"}],"wp:term":[{"taxonomy":"product_brand","embeddable":true,"href":"https:\/\/www.food4animals.nl\/de\/wp-json\/wp\/v2\/product_brand?post=24848"},{"taxonomy":"product_cat","embeddable":true,"href":"https:\/\/www.food4animals.nl\/de\/wp-json\/wp\/v2\/product_cat?post=24848"},{"taxonomy":"product_tag","embeddable":true,"href":"https:\/\/www.food4animals.nl\/de\/wp-json\/wp\/v2\/product_tag?post=24848"}],"curies":[{"name":"wp","href":"https:\/\/api.w.org\/{rel}","templated":true}]}}