{"id":24851,"date":"2024-06-03T08:06:59","date_gmt":"2024-06-03T07:06:59","guid":{"rendered":"https:\/\/www.food4animals.nl\/product\/knock-pest-mieren-spray\/"},"modified":"2026-04-16T01:28:29","modified_gmt":"2026-04-16T00:28:29","slug":"knock-pest-mieren-spray","status":"publish","type":"product","link":"https:\/\/www.food4animals.nl\/de\/produkt\/knock-pest-mieren-spray\/","title":{"rendered":"Knock Pest Ameisen Spray"},"content":{"rendered":"<h3>Gebrauchsanweisung:<\/h3>\n<p>Knock Pest Ameisenspray hat eine mechanische Wirkung auf Ameisen. Dadurch wird die Bildung von Widerstand verhindert. F\u00fcr eine gute Wirkung ist es wichtig, dass die Ameisen von der Spritzfl\u00fcssigkeit getroffen werden.<\/p>\n<p>Knock Pest Ant Spray ist ein Konzentrat, das leicht mit Wasser verd\u00fcnnt werden kann. Nach dem Spr\u00fchen trocknen die Silikonpolymere aus und bilden ein 3-dimensionales Polymernetzwerk. Dadurch werden die Ameisen an der Bewegung gehindert, was zum Tod f\u00fchrt.<\/p>\n<p>Das Produkt enth\u00e4lt keine Biozidbestandteile und ist daher kein Biozid.<\/p>\n<h3>Anwendungsbereiche:<\/h3>\n<p>Im und am Haus, in Hotels, Krankenh\u00e4usern, Restaurants mit Lebensmittellagerung, St\u00e4llen, Scheunen, in der Lebensmittelindustrie, in Abfallverarbeitungsanlagen, auf Campingpl\u00e4tzen und in Lagerhallen.<\/p>\n<p>Knock Pest Ameisenspray kann in Gegenwart von Menschen und Tieren verwendet werden. Spr\u00fchnebel nicht einatmen.<\/p>\n<h3>Gebrauchsanweisung:<\/h3>\n<p>Den Inhalt (10 ml) der kleinen Flasche in die Spr\u00fchflasche entleeren und mit Wasser auf 500 ml auff\u00fcllen. Vor und w\u00e4hrend der Anwendung gut sch\u00fctteln.<\/p>\n<p>Bespr\u00fchen Sie alle befallenen Stellen und vergessen Sie dabei nicht, alle N\u00e4hte und Risse zu behandeln. F\u00fchren Sie eine erneute Behandlung durch, wenn erneut Insekten entdeckt werden.<\/p>\n<h3>Dosierung:<\/h3>\n<p>10 ml in 500 ml Wasser<\/p>\n<h3>Formulierungshilfen:<\/h3>\n<p>Tenside<\/p>\n<h3>Weitere Informationen:<\/h3>\n<p>Das Produkt enth\u00e4lt mit Polyalkylenoxid modifiziertes Heptamethyltrisiloxan.<\/p>\n<p><strong>Knock Pest Ameisen Spray<\/strong> <strong>SICHERER GEBRAUCH. Zur Verwendung al<\/strong><strong>Gezeiten<\/strong><strong>d die e<\/strong><strong>tippen Sie auf<\/strong><strong>und die Produktion<\/strong><strong>ti<\/strong><strong>nforma<\/strong><strong>ti<\/strong><strong>e lesen.<\/strong><\/p>\n<p><strong>&#xA0;<\/strong><\/p>","protected":false},"excerpt":{"rendered":"<p>Emulsionskonzentrat (10 ml gut f\u00fcr 500 ml) zur Ruhigstellung von Ameisen.<\/p>","protected":false},"featured_media":24852,"template":"","meta":{"_acf_changed":false},"product_brand":[],"product_cat":[2444,1196],"product_tag":[2423],"class_list":{"0":"post-24851","1":"product","2":"type-product","3":"status-publish","4":"has-post-thumbnail","6":"product_cat-mier","7":"product_cat-ongedierte","8":"product_tag-knock-pest","9":"tax_brand-knock-pest","11":"first","12":"instock","13":"taxable","14":"shipping-taxable","15":"purchasable","16":"product-type-simple"},"acf":[],"yoast_head":"<!-- This site is optimized with the Yoast SEO plugin v27.4 - https:\/\/yoast.com\/product\/yoast-seo-wordpress\/ -->\n<title>Knock Pest Mieren Spray - Food4animals<\/title>\n<meta name=\"robots\" content=\"index, follow, max-snippet:-1, max-image-preview:large, max-video-preview:-1\" \/>\n<link rel=\"canonical\" href=\"https:\/\/www.food4animals.nl\/de\/produkt\/knock-pest-mieren-spray\/\" \/>\n<meta property=\"og:locale\" content=\"de_DE\" \/>\n<meta property=\"og:type\" content=\"article\" \/>\n<meta property=\"og:title\" content=\"Knock Pest Mieren Spray - Food4animals\" \/>\n<meta property=\"og:description\" content=\"Emulsieconcentraat (10 ml goed voor 500 ml) voor het immobiliseren van mieren.\" \/>\n<meta property=\"og:url\" content=\"https:\/\/www.food4animals.nl\/de\/produkt\/knock-pest-mieren-spray\/\" \/>\n<meta property=\"og:site_name\" content=\"Food4animals\" \/>\n<meta property=\"article:publisher\" content=\"https:\/\/www.facebook.com\/p\/Food4animals-100063861676074\/\" \/>\n<meta property=\"article:modified_time\" content=\"2026-04-16T00:28:29+00:00\" \/>\n<meta property=\"og:image\" content=\"https:\/\/www.food4animals.nl\/wp-content\/uploads\/2024\/06\/284716.png\" \/>\n\t<meta property=\"og:image:width\" content=\"1024\" \/>\n\t<meta property=\"og:image:height\" content=\"1024\" \/>\n\t<meta property=\"og:image:type\" content=\"image\/png\" \/>\n<meta name=\"twitter:card\" content=\"summary_large_image\" \/>\n<meta name=\"twitter:site\" content=\"@food4animals\" \/>\n<meta name=\"twitter:label1\" content=\"Gesch\u00e4tzte Lesezeit\" \/>\n\t<meta name=\"twitter:data1\" content=\"1\u00a0Minute\" \/>\n<script type=\"application\/ld+json\" class=\"yoast-schema-graph\">{\"@context\":\"https:\\\/\\\/schema.org\",\"@graph\":[{\"@type\":\"WebPage\",\"@id\":\"https:\\\/\\\/www.food4animals.nl\\\/product\\\/knock-pest-mieren-spray\\\/\",\"url\":\"https:\\\/\\\/www.food4animals.nl\\\/product\\\/knock-pest-mieren-spray\\\/\",\"name\":\"Knock Pest Mieren Spray - Food4animals\",\"isPartOf\":{\"@id\":\"https:\\\/\\\/www.food4animals.nl\\\/en\\\/#website\"},\"primaryImageOfPage\":{\"@id\":\"https:\\\/\\\/www.food4animals.nl\\\/product\\\/knock-pest-mieren-spray\\\/#primaryimage\"},\"image\":{\"@id\":\"https:\\\/\\\/www.food4animals.nl\\\/product\\\/knock-pest-mieren-spray\\\/#primaryimage\"},\"thumbnailUrl\":\"https:\\\/\\\/www.food4animals.nl\\\/wp-content\\\/uploads\\\/2024\\\/06\\\/284716.png\",\"datePublished\":\"2024-06-03T07:06:59+00:00\",\"dateModified\":\"2026-04-16T00:28:29+00:00\",\"breadcrumb\":{\"@id\":\"https:\\\/\\\/www.food4animals.nl\\\/product\\\/knock-pest-mieren-spray\\\/#breadcrumb\"},\"inLanguage\":\"de\",\"potentialAction\":[{\"@type\":\"ReadAction\",\"target\":[\"https:\\\/\\\/www.food4animals.nl\\\/product\\\/knock-pest-mieren-spray\\\/\"]}]},{\"@type\":\"ImageObject\",\"inLanguage\":\"de\",\"@id\":\"https:\\\/\\\/www.food4animals.nl\\\/product\\\/knock-pest-mieren-spray\\\/#primaryimage\",\"url\":\"https:\\\/\\\/www.food4animals.nl\\\/wp-content\\\/uploads\\\/2024\\\/06\\\/284716.png\",\"contentUrl\":\"https:\\\/\\\/www.food4animals.nl\\\/wp-content\\\/uploads\\\/2024\\\/06\\\/284716.png\",\"width\":1024,\"height\":1024},{\"@type\":\"BreadcrumbList\",\"@id\":\"https:\\\/\\\/www.food4animals.nl\\\/product\\\/knock-pest-mieren-spray\\\/#breadcrumb\",\"itemListElement\":[{\"@type\":\"ListItem\",\"position\":1,\"name\":\"Home\",\"item\":\"https:\\\/\\\/www.food4animals.nl\\\/\"},{\"@type\":\"ListItem\",\"position\":2,\"name\":\"Winkel\",\"item\":\"https:\\\/\\\/www.food4animals.nl\\\/winkel\\\/\"},{\"@type\":\"ListItem\",\"position\":3,\"name\":\"Knock Pest Mieren Spray\"}]},{\"@type\":\"WebSite\",\"@id\":\"https:\\\/\\\/www.food4animals.nl\\\/en\\\/#website\",\"url\":\"https:\\\/\\\/www.food4animals.nl\\\/en\\\/\",\"name\":\"Food4animals\",\"description\":\"Alles voor Ruiter en Dier\",\"publisher\":{\"@id\":\"https:\\\/\\\/www.food4animals.nl\\\/en\\\/#organization\"},\"potentialAction\":[{\"@type\":\"SearchAction\",\"target\":{\"@type\":\"EntryPoint\",\"urlTemplate\":\"https:\\\/\\\/www.food4animals.nl\\\/en\\\/?s={search_term_string}\"},\"query-input\":{\"@type\":\"PropertyValueSpecification\",\"valueRequired\":true,\"valueName\":\"search_term_string\"}}],\"inLanguage\":\"de\"},{\"@type\":\"Organization\",\"@id\":\"https:\\\/\\\/www.food4animals.nl\\\/en\\\/#organization\",\"name\":\"Food4animals\",\"url\":\"https:\\\/\\\/www.food4animals.nl\\\/en\\\/\",\"logo\":{\"@type\":\"ImageObject\",\"inLanguage\":\"de\",\"@id\":\"https:\\\/\\\/www.food4animals.nl\\\/en\\\/#\\\/schema\\\/logo\\\/image\\\/\",\"url\":\"https:\\\/\\\/www.food4animals.nl\\\/wp-content\\\/uploads\\\/2023\\\/10\\\/Logo.svg\",\"contentUrl\":\"https:\\\/\\\/www.food4animals.nl\\\/wp-content\\\/uploads\\\/2023\\\/10\\\/Logo.svg\",\"width\":1,\"height\":1,\"caption\":\"Food4animals\"},\"image\":{\"@id\":\"https:\\\/\\\/www.food4animals.nl\\\/en\\\/#\\\/schema\\\/logo\\\/image\\\/\"},\"sameAs\":[\"https:\\\/\\\/www.facebook.com\\\/p\\\/Food4animals-100063861676074\\\/\",\"https:\\\/\\\/x.com\\\/food4animals\"]}]}<\/script>\n<!-- \/ Yoast SEO plugin. -->","yoast_head_json":{"title":"Knock Pest Mieren Spray - Food4animals","robots":{"index":"index","follow":"follow","max-snippet":"max-snippet:-1","max-image-preview":"max-image-preview:large","max-video-preview":"max-video-preview:-1"},"canonical":"https:\/\/www.food4animals.nl\/de\/produkt\/knock-pest-mieren-spray\/","og_locale":"de_DE","og_type":"article","og_title":"Knock Pest Mieren Spray - Food4animals","og_description":"Emulsieconcentraat (10 ml goed voor 500 ml) voor het immobiliseren van mieren.","og_url":"https:\/\/www.food4animals.nl\/de\/produkt\/knock-pest-mieren-spray\/","og_site_name":"Food4animals","article_publisher":"https:\/\/www.facebook.com\/p\/Food4animals-100063861676074\/","article_modified_time":"2026-04-16T00:28:29+00:00","og_image":[{"width":1024,"height":1024,"url":"https:\/\/www.food4animals.nl\/wp-content\/uploads\/2024\/06\/284716.png","type":"image\/png"}],"twitter_card":"summary_large_image","twitter_site":"@food4animals","twitter_misc":{"Gesch\u00e4tzte Lesezeit":"1\u00a0Minute"},"schema":{"@context":"https:\/\/schema.org","@graph":[{"@type":"WebPage","@id":"https:\/\/www.food4animals.nl\/product\/knock-pest-mieren-spray\/","url":"https:\/\/www.food4animals.nl\/product\/knock-pest-mieren-spray\/","name":"Knock Pest Mieren Spray - Food4animals","isPartOf":{"@id":"https:\/\/www.food4animals.nl\/en\/#website"},"primaryImageOfPage":{"@id":"https:\/\/www.food4animals.nl\/product\/knock-pest-mieren-spray\/#primaryimage"},"image":{"@id":"https:\/\/www.food4animals.nl\/product\/knock-pest-mieren-spray\/#primaryimage"},"thumbnailUrl":"https:\/\/www.food4animals.nl\/wp-content\/uploads\/2024\/06\/284716.png","datePublished":"2024-06-03T07:06:59+00:00","dateModified":"2026-04-16T00:28:29+00:00","breadcrumb":{"@id":"https:\/\/www.food4animals.nl\/product\/knock-pest-mieren-spray\/#breadcrumb"},"inLanguage":"de","potentialAction":[{"@type":"ReadAction","target":["https:\/\/www.food4animals.nl\/product\/knock-pest-mieren-spray\/"]}]},{"@type":"ImageObject","inLanguage":"de","@id":"https:\/\/www.food4animals.nl\/product\/knock-pest-mieren-spray\/#primaryimage","url":"https:\/\/www.food4animals.nl\/wp-content\/uploads\/2024\/06\/284716.png","contentUrl":"https:\/\/www.food4animals.nl\/wp-content\/uploads\/2024\/06\/284716.png","width":1024,"height":1024},{"@type":"BreadcrumbList","@id":"https:\/\/www.food4animals.nl\/product\/knock-pest-mieren-spray\/#breadcrumb","itemListElement":[{"@type":"ListItem","position":1,"name":"Home","item":"https:\/\/www.food4animals.nl\/"},{"@type":"ListItem","position":2,"name":"Winkel","item":"https:\/\/www.food4animals.nl\/winkel\/"},{"@type":"ListItem","position":3,"name":"Knock Pest Mieren Spray"}]},{"@type":"WebSite","@id":"https:\/\/www.food4animals.nl\/en\/#website","url":"https:\/\/www.food4animals.nl\/en\/","name":"Lebensmittel4Tiere","description":"Alles f\u00fcr Reiter und Tier","publisher":{"@id":"https:\/\/www.food4animals.nl\/en\/#organization"},"potentialAction":[{"@type":"SearchAction","target":{"@type":"EntryPoint","urlTemplate":"https:\/\/www.food4animals.nl\/en\/?s={search_term_string}"},"query-input":{"@type":"PropertyValueSpecification","valueRequired":true,"valueName":"search_term_string"}}],"inLanguage":"de"},{"@type":"Organization","@id":"https:\/\/www.food4animals.nl\/en\/#organization","name":"Lebensmittel4Tiere","url":"https:\/\/www.food4animals.nl\/en\/","logo":{"@type":"ImageObject","inLanguage":"de","@id":"https:\/\/www.food4animals.nl\/en\/#\/schema\/logo\/image\/","url":"https:\/\/www.food4animals.nl\/wp-content\/uploads\/2023\/10\/Logo.svg","contentUrl":"https:\/\/www.food4animals.nl\/wp-content\/uploads\/2023\/10\/Logo.svg","width":1,"height":1,"caption":"Food4animals"},"image":{"@id":"https:\/\/www.food4animals.nl\/en\/#\/schema\/logo\/image\/"},"sameAs":["https:\/\/www.facebook.com\/p\/Food4animals-100063861676074\/","https:\/\/x.com\/food4animals"]}]}},"_links":{"self":[{"href":"https:\/\/www.food4animals.nl\/de\/wp-json\/wp\/v2\/product\/24851","targetHints":{"allow":["GET"]}}],"collection":[{"href":"https:\/\/www.food4animals.nl\/de\/wp-json\/wp\/v2\/product"}],"about":[{"href":"https:\/\/www.food4animals.nl\/de\/wp-json\/wp\/v2\/types\/product"}],"wp:featuredmedia":[{"embeddable":true,"href":"https:\/\/www.food4animals.nl\/de\/wp-json\/wp\/v2\/media\/24852"}],"wp:attachment":[{"href":"https:\/\/www.food4animals.nl\/de\/wp-json\/wp\/v2\/media?parent=24851"}],"wp:term":[{"taxonomy":"product_brand","embeddable":true,"href":"https:\/\/www.food4animals.nl\/de\/wp-json\/wp\/v2\/product_brand?post=24851"},{"taxonomy":"product_cat","embeddable":true,"href":"https:\/\/www.food4animals.nl\/de\/wp-json\/wp\/v2\/product_cat?post=24851"},{"taxonomy":"product_tag","embeddable":true,"href":"https:\/\/www.food4animals.nl\/de\/wp-json\/wp\/v2\/product_tag?post=24851"}],"curies":[{"name":"wp","href":"https:\/\/api.w.org\/{rel}","templated":true}]}}