{"id":25060,"date":"2024-06-19T14:20:24","date_gmt":"2024-06-19T13:20:24","guid":{"rendered":"https:\/\/www.food4animals.nl\/?post_type=product&#038;p=25060"},"modified":"2024-06-19T14:20:24","modified_gmt":"2024-06-19T13:20:24","slug":"wedstrijd-jasje-eloise","status":"publish","type":"product","link":"https:\/\/www.food4animals.nl\/de\/produkt\/wedstrijd-jasje-eloise\/","title":{"rendered":"Wettbewerbsjacke -Eloise-"},"content":{"rendered":"<ul>\n<li>Atmungsaktiv<\/li>\n<li>Schmutzabweisend<\/li>\n<li>kreukvrij<\/li>\n<li>Getailleerde pasvorm<\/li>\n<li>verborgen rits achter knopenbalk<\/li>\n<li>ros\u00e9gouden decoratieve knopen<\/li>\n<li>Geplooid op de rug<\/li>\n<\/ul>\n<p>Verkrijgbaar in de kleuren zwart en donkerblauw<\/p>\n<p>in de maten: 128, 140, 152, 164, 34, 36, 38, 40, 42, 44, 46, 48<\/p>\n<p>Het Eloise showjasje heeft een getailleerde snit en een ingebouwde plooi aan de achterkant voor een mooi silhouet. Het wordt gesloten door een rits verborgen door een elegante knoopsluiting. Fijne knopen in elegant ros\u00e9goud, geven het jasje een vleugje glamour. Doordat de jas zowel vuilafstotend als kreukvrij is, wordt de verzorging van het kledingstuk tot een minimum beperkt.<\/p>\n<p>Marke HKM<br \/>\nMateriaalsamenstelling 50% polyester, 45% polyamide, 5% elastan<br \/>\nWasvoorschriften machine wasbaar op 30 Graden<\/p>\n<p>Bei HKM Sports Equipment haben wir bis jetzt keine Lagerpaarung.<\/p>\n<p>Bitte bestellen Sie per Post, damit wir zun\u00e4chst pr\u00fcfen k\u00f6nnen, ob wir liefern k\u00f6nnen.<\/p>\n<p>Sie erhalten 10% Rechnungsrabatt.<\/p>\n<p>&nbsp;<\/p>","protected":false},"excerpt":{"rendered":"<p>Het Eloise showjasje heeft een getailleerde snit en een ingebouwde plooi aan de achterkant voor een mooi silhouet. Het wordt gesloten door een rits verborgen door een elegante knoopsluiting. Fijne knopen in elegant ros\u00e9goud, geven het jasje een vleugje glamour. Doordat de jas zowel vuilafstotend als kreukvrij is, wordt de verzorging van het kledingstuk tot een minimum beperkt.<\/p>","protected":false},"featured_media":25063,"template":"","meta":{"_acf_changed":false},"product_brand":[],"product_cat":[2745,988],"product_tag":[4171,4144,4172],"class_list":{"0":"post-25060","1":"product","2":"type-product","3":"status-publish","4":"has-post-thumbnail","6":"product_cat-bovenkleding","7":"product_cat-ruitershop","8":"product_tag-eloise","9":"product_tag-rijjasje","10":"product_tag-wedstrijdjasje","11":"tax_brand-hkm-sports-com","13":"first","14":"onbackorder","15":"taxable","16":"shipping-taxable","17":"purchasable","18":"product-type-simple"},"acf":[],"yoast_head":"<!-- This site is optimized with the Yoast SEO plugin v27.2 - https:\/\/yoast.com\/product\/yoast-seo-wordpress\/ -->\n<title>Wedstrijd jasje -Eloise- Food4animals<\/title>\n<meta name=\"robots\" content=\"index, follow, max-snippet:-1, max-image-preview:large, max-video-preview:-1\" \/>\n<link rel=\"canonical\" href=\"https:\/\/www.food4animals.nl\/de\/produkt\/wedstrijd-jasje-eloise\/\" \/>\n<meta property=\"og:locale\" content=\"de_DE\" \/>\n<meta property=\"og:type\" content=\"article\" \/>\n<meta property=\"og:title\" content=\"Wedstrijd jasje -Eloise- Food4animals\" \/>\n<meta property=\"og:description\" content=\"Het Eloise showjasje heeft een getailleerde snit en een ingebouwde plooi aan de achterkant voor een mooi silhouet. Het wordt gesloten door een rits verborgen door een elegante knoopsluiting. Fijne knopen in elegant ros\u00e9goud, geven het jasje een vleugje glamour. Doordat de jas zowel vuilafstotend als kreukvrij is, wordt de verzorging van het kledingstuk tot een minimum beperkt.\" \/>\n<meta property=\"og:url\" content=\"https:\/\/www.food4animals.nl\/de\/produkt\/wedstrijd-jasje-eloise\/\" \/>\n<meta property=\"og:site_name\" content=\"Food4animals\" \/>\n<meta property=\"article:publisher\" content=\"https:\/\/www.facebook.com\/p\/Food4animals-100063861676074\/\" \/>\n<meta property=\"og:image\" content=\"https:\/\/www.food4animals.nl\/wp-content\/uploads\/2024\/06\/Wedstrijd-jasje-Eloise-.jpg\" \/>\n\t<meta property=\"og:image:width\" content=\"667\" \/>\n\t<meta property=\"og:image:height\" content=\"1000\" \/>\n\t<meta property=\"og:image:type\" content=\"image\/jpeg\" \/>\n<meta name=\"twitter:card\" content=\"summary_large_image\" \/>\n<meta name=\"twitter:site\" content=\"@food4animals\" \/>\n<meta name=\"twitter:label1\" content=\"Gesch\u00e4tzte Lesezeit\" \/>\n\t<meta name=\"twitter:data1\" content=\"1\u00a0Minute\" \/>\n<script type=\"application\/ld+json\" class=\"yoast-schema-graph\">{\"@context\":\"https:\/\/schema.org\",\"@graph\":[{\"@type\":\"WebPage\",\"@id\":\"https:\/\/www.food4animals.nl\/product\/wedstrijd-jasje-eloise\/\",\"url\":\"https:\/\/www.food4animals.nl\/product\/wedstrijd-jasje-eloise\/\",\"name\":\"Wedstrijd jasje -Eloise- Food4animals\",\"isPartOf\":{\"@id\":\"https:\/\/www.food4animals.nl\/en\/#website\"},\"primaryImageOfPage\":{\"@id\":\"https:\/\/www.food4animals.nl\/product\/wedstrijd-jasje-eloise\/#primaryimage\"},\"image\":{\"@id\":\"https:\/\/www.food4animals.nl\/product\/wedstrijd-jasje-eloise\/#primaryimage\"},\"thumbnailUrl\":\"https:\/\/www.food4animals.nl\/wp-content\/uploads\/2024\/06\/Wedstrijd-jasje-Eloise-.jpg\",\"datePublished\":\"2024-06-19T13:20:24+00:00\",\"breadcrumb\":{\"@id\":\"https:\/\/www.food4animals.nl\/product\/wedstrijd-jasje-eloise\/#breadcrumb\"},\"inLanguage\":\"de\",\"potentialAction\":[{\"@type\":\"ReadAction\",\"target\":[\"https:\/\/www.food4animals.nl\/product\/wedstrijd-jasje-eloise\/\"]}]},{\"@type\":\"ImageObject\",\"inLanguage\":\"de\",\"@id\":\"https:\/\/www.food4animals.nl\/product\/wedstrijd-jasje-eloise\/#primaryimage\",\"url\":\"https:\/\/www.food4animals.nl\/wp-content\/uploads\/2024\/06\/Wedstrijd-jasje-Eloise-.jpg\",\"contentUrl\":\"https:\/\/www.food4animals.nl\/wp-content\/uploads\/2024\/06\/Wedstrijd-jasje-Eloise-.jpg\",\"width\":667,\"height\":1000},{\"@type\":\"BreadcrumbList\",\"@id\":\"https:\/\/www.food4animals.nl\/product\/wedstrijd-jasje-eloise\/#breadcrumb\",\"itemListElement\":[{\"@type\":\"ListItem\",\"position\":1,\"name\":\"Home\",\"item\":\"https:\/\/www.food4animals.nl\/\"},{\"@type\":\"ListItem\",\"position\":2,\"name\":\"Winkel\",\"item\":\"https:\/\/www.food4animals.nl\/winkel\/\"},{\"@type\":\"ListItem\",\"position\":3,\"name\":\"Wedstrijd jasje -Eloise-\"}]},{\"@type\":\"WebSite\",\"@id\":\"https:\/\/www.food4animals.nl\/en\/#website\",\"url\":\"https:\/\/www.food4animals.nl\/en\/\",\"name\":\"Food4animals\",\"description\":\"Alles voor Ruiter en Dier\",\"publisher\":{\"@id\":\"https:\/\/www.food4animals.nl\/en\/#organization\"},\"potentialAction\":[{\"@type\":\"SearchAction\",\"target\":{\"@type\":\"EntryPoint\",\"urlTemplate\":\"https:\/\/www.food4animals.nl\/en\/?s={search_term_string}\"},\"query-input\":{\"@type\":\"PropertyValueSpecification\",\"valueRequired\":true,\"valueName\":\"search_term_string\"}}],\"inLanguage\":\"de\"},{\"@type\":\"Organization\",\"@id\":\"https:\/\/www.food4animals.nl\/en\/#organization\",\"name\":\"Food4animals\",\"url\":\"https:\/\/www.food4animals.nl\/en\/\",\"logo\":{\"@type\":\"ImageObject\",\"inLanguage\":\"de\",\"@id\":\"https:\/\/www.food4animals.nl\/en\/#\/schema\/logo\/image\/\",\"url\":\"https:\/\/www.food4animals.nl\/wp-content\/uploads\/2023\/10\/Logo.svg\",\"contentUrl\":\"https:\/\/www.food4animals.nl\/wp-content\/uploads\/2023\/10\/Logo.svg\",\"width\":1,\"height\":1,\"caption\":\"Food4animals\"},\"image\":{\"@id\":\"https:\/\/www.food4animals.nl\/en\/#\/schema\/logo\/image\/\"},\"sameAs\":[\"https:\/\/www.facebook.com\/p\/Food4animals-100063861676074\/\",\"https:\/\/x.com\/food4animals\"]}]}<\/script>\n<!-- \/ Yoast SEO plugin. -->","yoast_head_json":{"title":"Wedstrijd jasje -Eloise- Food4animals","robots":{"index":"index","follow":"follow","max-snippet":"max-snippet:-1","max-image-preview":"max-image-preview:large","max-video-preview":"max-video-preview:-1"},"canonical":"https:\/\/www.food4animals.nl\/de\/produkt\/wedstrijd-jasje-eloise\/","og_locale":"de_DE","og_type":"article","og_title":"Wedstrijd jasje -Eloise- Food4animals","og_description":"Het Eloise showjasje heeft een getailleerde snit en een ingebouwde plooi aan de achterkant voor een mooi silhouet. Het wordt gesloten door een rits verborgen door een elegante knoopsluiting. Fijne knopen in elegant ros\u00e9goud, geven het jasje een vleugje glamour. Doordat de jas zowel vuilafstotend als kreukvrij is, wordt de verzorging van het kledingstuk tot een minimum beperkt.","og_url":"https:\/\/www.food4animals.nl\/de\/produkt\/wedstrijd-jasje-eloise\/","og_site_name":"Food4animals","article_publisher":"https:\/\/www.facebook.com\/p\/Food4animals-100063861676074\/","og_image":[{"width":667,"height":1000,"url":"https:\/\/www.food4animals.nl\/wp-content\/uploads\/2024\/06\/Wedstrijd-jasje-Eloise-.jpg","type":"image\/jpeg"}],"twitter_card":"summary_large_image","twitter_site":"@food4animals","twitter_misc":{"Gesch\u00e4tzte Lesezeit":"1\u00a0Minute"},"schema":{"@context":"https:\/\/schema.org","@graph":[{"@type":"WebPage","@id":"https:\/\/www.food4animals.nl\/product\/wedstrijd-jasje-eloise\/","url":"https:\/\/www.food4animals.nl\/product\/wedstrijd-jasje-eloise\/","name":"Wedstrijd jasje -Eloise- Food4animals","isPartOf":{"@id":"https:\/\/www.food4animals.nl\/en\/#website"},"primaryImageOfPage":{"@id":"https:\/\/www.food4animals.nl\/product\/wedstrijd-jasje-eloise\/#primaryimage"},"image":{"@id":"https:\/\/www.food4animals.nl\/product\/wedstrijd-jasje-eloise\/#primaryimage"},"thumbnailUrl":"https:\/\/www.food4animals.nl\/wp-content\/uploads\/2024\/06\/Wedstrijd-jasje-Eloise-.jpg","datePublished":"2024-06-19T13:20:24+00:00","breadcrumb":{"@id":"https:\/\/www.food4animals.nl\/product\/wedstrijd-jasje-eloise\/#breadcrumb"},"inLanguage":"de","potentialAction":[{"@type":"ReadAction","target":["https:\/\/www.food4animals.nl\/product\/wedstrijd-jasje-eloise\/"]}]},{"@type":"ImageObject","inLanguage":"de","@id":"https:\/\/www.food4animals.nl\/product\/wedstrijd-jasje-eloise\/#primaryimage","url":"https:\/\/www.food4animals.nl\/wp-content\/uploads\/2024\/06\/Wedstrijd-jasje-Eloise-.jpg","contentUrl":"https:\/\/www.food4animals.nl\/wp-content\/uploads\/2024\/06\/Wedstrijd-jasje-Eloise-.jpg","width":667,"height":1000},{"@type":"BreadcrumbList","@id":"https:\/\/www.food4animals.nl\/product\/wedstrijd-jasje-eloise\/#breadcrumb","itemListElement":[{"@type":"ListItem","position":1,"name":"Home","item":"https:\/\/www.food4animals.nl\/"},{"@type":"ListItem","position":2,"name":"Winkel","item":"https:\/\/www.food4animals.nl\/winkel\/"},{"@type":"ListItem","position":3,"name":"Wedstrijd jasje -Eloise-"}]},{"@type":"WebSite","@id":"https:\/\/www.food4animals.nl\/en\/#website","url":"https:\/\/www.food4animals.nl\/en\/","name":"Lebensmittel4Tiere","description":"Alles f\u00fcr Reiter und Tier","publisher":{"@id":"https:\/\/www.food4animals.nl\/en\/#organization"},"potentialAction":[{"@type":"SearchAction","target":{"@type":"EntryPoint","urlTemplate":"https:\/\/www.food4animals.nl\/en\/?s={search_term_string}"},"query-input":{"@type":"PropertyValueSpecification","valueRequired":true,"valueName":"search_term_string"}}],"inLanguage":"de"},{"@type":"Organization","@id":"https:\/\/www.food4animals.nl\/en\/#organization","name":"Lebensmittel4Tiere","url":"https:\/\/www.food4animals.nl\/en\/","logo":{"@type":"ImageObject","inLanguage":"de","@id":"https:\/\/www.food4animals.nl\/en\/#\/schema\/logo\/image\/","url":"https:\/\/www.food4animals.nl\/wp-content\/uploads\/2023\/10\/Logo.svg","contentUrl":"https:\/\/www.food4animals.nl\/wp-content\/uploads\/2023\/10\/Logo.svg","width":1,"height":1,"caption":"Food4animals"},"image":{"@id":"https:\/\/www.food4animals.nl\/en\/#\/schema\/logo\/image\/"},"sameAs":["https:\/\/www.facebook.com\/p\/Food4animals-100063861676074\/","https:\/\/x.com\/food4animals"]}]}},"_links":{"self":[{"href":"https:\/\/www.food4animals.nl\/de\/wp-json\/wp\/v2\/product\/25060","targetHints":{"allow":["GET"]}}],"collection":[{"href":"https:\/\/www.food4animals.nl\/de\/wp-json\/wp\/v2\/product"}],"about":[{"href":"https:\/\/www.food4animals.nl\/de\/wp-json\/wp\/v2\/types\/product"}],"wp:featuredmedia":[{"embeddable":true,"href":"https:\/\/www.food4animals.nl\/de\/wp-json\/wp\/v2\/media\/25063"}],"wp:attachment":[{"href":"https:\/\/www.food4animals.nl\/de\/wp-json\/wp\/v2\/media?parent=25060"}],"wp:term":[{"taxonomy":"product_brand","embeddable":true,"href":"https:\/\/www.food4animals.nl\/de\/wp-json\/wp\/v2\/product_brand?post=25060"},{"taxonomy":"product_cat","embeddable":true,"href":"https:\/\/www.food4animals.nl\/de\/wp-json\/wp\/v2\/product_cat?post=25060"},{"taxonomy":"product_tag","embeddable":true,"href":"https:\/\/www.food4animals.nl\/de\/wp-json\/wp\/v2\/product_tag?post=25060"}],"curies":[{"name":"wp","href":"https:\/\/api.w.org\/{rel}","templated":true}]}}