{"id":25072,"date":"2024-06-06T09:20:18","date_gmt":"2024-06-06T08:20:18","guid":{"rendered":"https:\/\/www.food4animals.nl\/?post_type=product&#038;p=25072"},"modified":"2024-06-06T09:20:18","modified_gmt":"2024-06-06T08:20:18","slug":"schuh","status":"publish","type":"product","link":"https:\/\/www.food4animals.nl\/de\/produkt\/schuh\/","title":{"rendered":"Hufeisen"},"content":{"rendered":"<ul>\n<li>dubbele veiligheid klittenbandsluiting<\/li>\n<li>Prijs is per stuk<\/li>\n<li>bovenzijde uit scheurvast nylon<\/li>\n<li>zool uit kunststof<\/li>\n<li>zacht onderlegd aan rand<\/li>\n<\/ul>\n<p>Feuer HKM<\/p>\n<div id=\"option-label-size-146-item-11898\" class=\"swatch-option text\" tabindex=\"0\" role=\"option\" aria-checked=\"false\" aria-describedby=\"option-label-size-146\" data-option-type=\"0\" data-option-id=\"11898\" data-option-label=\"10\" aria-label=\"10\" data-thumb-width=\"72\" data-thumb-height=\"48\" data-option-tooltip-value=\"10\">Verkrijgbaar in de maten: 0, 1, 2, 3, 4, 5, 6, 7, 8, 9, 10<\/div>\n<div tabindex=\"0\" role=\"option\" aria-checked=\"false\" aria-describedby=\"option-label-size-146\" data-option-type=\"0\" data-option-id=\"11898\" data-option-label=\"10\" aria-label=\"10\" data-thumb-width=\"72\" data-thumb-height=\"48\" data-option-tooltip-value=\"10\"><\/div>\n<div tabindex=\"0\" role=\"option\" aria-checked=\"false\" aria-describedby=\"option-label-size-146\" data-option-type=\"0\" data-option-id=\"11898\" data-option-label=\"10\" aria-label=\"10\" data-thumb-width=\"72\" data-thumb-height=\"48\" data-option-tooltip-value=\"10\">\n<p>Bei HKM Sports Equipment haben wir bis jetzt keine Lagerpaarung.<\/p>\n<p>Bitte bestellen Sie per Post, damit wir zun\u00e4chst pr\u00fcfen k\u00f6nnen, ob wir liefern k\u00f6nnen.<\/p>\n<p>Sie erhalten 10% Rechnungsrabatt.<\/p>\n<\/div>\n<div tabindex=\"0\" role=\"option\" aria-checked=\"false\" aria-describedby=\"option-label-size-146\" data-option-type=\"0\" data-option-id=\"11898\" data-option-label=\"10\" aria-label=\"10\" data-thumb-width=\"72\" data-thumb-height=\"48\" data-option-tooltip-value=\"10\"><\/div>","protected":false},"excerpt":{"rendered":"<p>Hoefschoenen van HKM zijn van een zeer goede kwaliteit. De Hoefschoenen zijn eenvoudig in te meten en te bestellen door de getoonde matentabel.<\/p>\n<p>U kunt de schoenen per stuk bestellen, handig als u paard 2 verschillende hoeven heeft.<\/p>","protected":false},"featured_media":25078,"template":"","meta":{"_acf_changed":false},"product_brand":[],"product_cat":[3124,988],"product_tag":[4173],"class_list":{"0":"post-25072","1":"product","2":"type-product","3":"status-publish","4":"has-post-thumbnail","6":"product_cat-beenbescherming","7":"product_cat-ruitershop","8":"product_tag-hoefschoen","9":"tax_brand-hkm-sports-com","11":"first","12":"onbackorder","13":"taxable","14":"shipping-taxable","15":"purchasable","16":"product-type-simple"},"acf":[],"yoast_head":"<!-- This site is optimized with the Yoast SEO plugin v27.4 - https:\/\/yoast.com\/product\/yoast-seo-wordpress\/ -->\n<title>Hoefschoen - Food4animals<\/title>\n<meta name=\"robots\" content=\"index, follow, max-snippet:-1, max-image-preview:large, max-video-preview:-1\" \/>\n<link rel=\"canonical\" href=\"https:\/\/www.food4animals.nl\/de\/produkt\/schuh\/\" \/>\n<meta property=\"og:locale\" content=\"de_DE\" \/>\n<meta property=\"og:type\" content=\"article\" \/>\n<meta property=\"og:title\" content=\"Hoefschoen - Food4animals\" \/>\n<meta property=\"og:description\" content=\"Hoefschoenen van HKM zijn van een zeer goede kwaliteit. De Hoefschoenen zijn eenvoudig in te meten en te bestellen door de getoonde matentabel.  U kunt de schoenen per stuk bestellen, handig als u paard 2 verschillende hoeven heeft.\" \/>\n<meta property=\"og:url\" content=\"https:\/\/www.food4animals.nl\/de\/produkt\/schuh\/\" \/>\n<meta property=\"og:site_name\" content=\"Food4animals\" \/>\n<meta property=\"article:publisher\" content=\"https:\/\/www.facebook.com\/p\/Food4animals-100063861676074\/\" \/>\n<meta property=\"og:image\" content=\"https:\/\/www.food4animals.nl\/wp-content\/uploads\/2024\/06\/Hoefschoen-6.jpg\" \/>\n\t<meta property=\"og:image:width\" content=\"667\" \/>\n\t<meta property=\"og:image:height\" content=\"1000\" \/>\n\t<meta property=\"og:image:type\" content=\"image\/jpeg\" \/>\n<meta name=\"twitter:card\" content=\"summary_large_image\" \/>\n<meta name=\"twitter:site\" content=\"@food4animals\" \/>\n<meta name=\"twitter:label1\" content=\"Gesch\u00e4tzte Lesezeit\" \/>\n\t<meta name=\"twitter:data1\" content=\"1\u00a0Minute\" \/>\n<script type=\"application\/ld+json\" class=\"yoast-schema-graph\">{\"@context\":\"https:\\\/\\\/schema.org\",\"@graph\":[{\"@type\":\"WebPage\",\"@id\":\"https:\\\/\\\/www.food4animals.nl\\\/product\\\/hoefschoen\\\/\",\"url\":\"https:\\\/\\\/www.food4animals.nl\\\/product\\\/hoefschoen\\\/\",\"name\":\"Hoefschoen - Food4animals\",\"isPartOf\":{\"@id\":\"https:\\\/\\\/www.food4animals.nl\\\/en\\\/#website\"},\"primaryImageOfPage\":{\"@id\":\"https:\\\/\\\/www.food4animals.nl\\\/product\\\/hoefschoen\\\/#primaryimage\"},\"image\":{\"@id\":\"https:\\\/\\\/www.food4animals.nl\\\/product\\\/hoefschoen\\\/#primaryimage\"},\"thumbnailUrl\":\"https:\\\/\\\/www.food4animals.nl\\\/wp-content\\\/uploads\\\/2024\\\/06\\\/Hoefschoen-6.jpg\",\"datePublished\":\"2024-06-06T08:20:18+00:00\",\"breadcrumb\":{\"@id\":\"https:\\\/\\\/www.food4animals.nl\\\/product\\\/hoefschoen\\\/#breadcrumb\"},\"inLanguage\":\"de\",\"potentialAction\":[{\"@type\":\"ReadAction\",\"target\":[\"https:\\\/\\\/www.food4animals.nl\\\/product\\\/hoefschoen\\\/\"]}]},{\"@type\":\"ImageObject\",\"inLanguage\":\"de\",\"@id\":\"https:\\\/\\\/www.food4animals.nl\\\/product\\\/hoefschoen\\\/#primaryimage\",\"url\":\"https:\\\/\\\/www.food4animals.nl\\\/wp-content\\\/uploads\\\/2024\\\/06\\\/Hoefschoen-6.jpg\",\"contentUrl\":\"https:\\\/\\\/www.food4animals.nl\\\/wp-content\\\/uploads\\\/2024\\\/06\\\/Hoefschoen-6.jpg\",\"width\":667,\"height\":1000},{\"@type\":\"BreadcrumbList\",\"@id\":\"https:\\\/\\\/www.food4animals.nl\\\/product\\\/hoefschoen\\\/#breadcrumb\",\"itemListElement\":[{\"@type\":\"ListItem\",\"position\":1,\"name\":\"Home\",\"item\":\"https:\\\/\\\/www.food4animals.nl\\\/\"},{\"@type\":\"ListItem\",\"position\":2,\"name\":\"Winkel\",\"item\":\"https:\\\/\\\/www.food4animals.nl\\\/winkel\\\/\"},{\"@type\":\"ListItem\",\"position\":3,\"name\":\"Hoefschoen\"}]},{\"@type\":\"WebSite\",\"@id\":\"https:\\\/\\\/www.food4animals.nl\\\/en\\\/#website\",\"url\":\"https:\\\/\\\/www.food4animals.nl\\\/en\\\/\",\"name\":\"Food4animals\",\"description\":\"Alles voor Ruiter en Dier\",\"publisher\":{\"@id\":\"https:\\\/\\\/www.food4animals.nl\\\/en\\\/#organization\"},\"potentialAction\":[{\"@type\":\"SearchAction\",\"target\":{\"@type\":\"EntryPoint\",\"urlTemplate\":\"https:\\\/\\\/www.food4animals.nl\\\/en\\\/?s={search_term_string}\"},\"query-input\":{\"@type\":\"PropertyValueSpecification\",\"valueRequired\":true,\"valueName\":\"search_term_string\"}}],\"inLanguage\":\"de\"},{\"@type\":\"Organization\",\"@id\":\"https:\\\/\\\/www.food4animals.nl\\\/en\\\/#organization\",\"name\":\"Food4animals\",\"url\":\"https:\\\/\\\/www.food4animals.nl\\\/en\\\/\",\"logo\":{\"@type\":\"ImageObject\",\"inLanguage\":\"de\",\"@id\":\"https:\\\/\\\/www.food4animals.nl\\\/en\\\/#\\\/schema\\\/logo\\\/image\\\/\",\"url\":\"https:\\\/\\\/www.food4animals.nl\\\/wp-content\\\/uploads\\\/2023\\\/10\\\/Logo.svg\",\"contentUrl\":\"https:\\\/\\\/www.food4animals.nl\\\/wp-content\\\/uploads\\\/2023\\\/10\\\/Logo.svg\",\"width\":1,\"height\":1,\"caption\":\"Food4animals\"},\"image\":{\"@id\":\"https:\\\/\\\/www.food4animals.nl\\\/en\\\/#\\\/schema\\\/logo\\\/image\\\/\"},\"sameAs\":[\"https:\\\/\\\/www.facebook.com\\\/p\\\/Food4animals-100063861676074\\\/\",\"https:\\\/\\\/x.com\\\/food4animals\"]}]}<\/script>\n<!-- \/ Yoast SEO plugin. -->","yoast_head_json":{"title":"Hoefschoen - Food4animals","robots":{"index":"index","follow":"follow","max-snippet":"max-snippet:-1","max-image-preview":"max-image-preview:large","max-video-preview":"max-video-preview:-1"},"canonical":"https:\/\/www.food4animals.nl\/de\/produkt\/schuh\/","og_locale":"de_DE","og_type":"article","og_title":"Hoefschoen - Food4animals","og_description":"Hoefschoenen van HKM zijn van een zeer goede kwaliteit. De Hoefschoenen zijn eenvoudig in te meten en te bestellen door de getoonde matentabel.  U kunt de schoenen per stuk bestellen, handig als u paard 2 verschillende hoeven heeft.","og_url":"https:\/\/www.food4animals.nl\/de\/produkt\/schuh\/","og_site_name":"Food4animals","article_publisher":"https:\/\/www.facebook.com\/p\/Food4animals-100063861676074\/","og_image":[{"width":667,"height":1000,"url":"https:\/\/www.food4animals.nl\/wp-content\/uploads\/2024\/06\/Hoefschoen-6.jpg","type":"image\/jpeg"}],"twitter_card":"summary_large_image","twitter_site":"@food4animals","twitter_misc":{"Gesch\u00e4tzte Lesezeit":"1\u00a0Minute"},"schema":{"@context":"https:\/\/schema.org","@graph":[{"@type":"WebPage","@id":"https:\/\/www.food4animals.nl\/product\/hoefschoen\/","url":"https:\/\/www.food4animals.nl\/product\/hoefschoen\/","name":"Hoefschoen - Food4animals","isPartOf":{"@id":"https:\/\/www.food4animals.nl\/en\/#website"},"primaryImageOfPage":{"@id":"https:\/\/www.food4animals.nl\/product\/hoefschoen\/#primaryimage"},"image":{"@id":"https:\/\/www.food4animals.nl\/product\/hoefschoen\/#primaryimage"},"thumbnailUrl":"https:\/\/www.food4animals.nl\/wp-content\/uploads\/2024\/06\/Hoefschoen-6.jpg","datePublished":"2024-06-06T08:20:18+00:00","breadcrumb":{"@id":"https:\/\/www.food4animals.nl\/product\/hoefschoen\/#breadcrumb"},"inLanguage":"de","potentialAction":[{"@type":"ReadAction","target":["https:\/\/www.food4animals.nl\/product\/hoefschoen\/"]}]},{"@type":"ImageObject","inLanguage":"de","@id":"https:\/\/www.food4animals.nl\/product\/hoefschoen\/#primaryimage","url":"https:\/\/www.food4animals.nl\/wp-content\/uploads\/2024\/06\/Hoefschoen-6.jpg","contentUrl":"https:\/\/www.food4animals.nl\/wp-content\/uploads\/2024\/06\/Hoefschoen-6.jpg","width":667,"height":1000},{"@type":"BreadcrumbList","@id":"https:\/\/www.food4animals.nl\/product\/hoefschoen\/#breadcrumb","itemListElement":[{"@type":"ListItem","position":1,"name":"Home","item":"https:\/\/www.food4animals.nl\/"},{"@type":"ListItem","position":2,"name":"Winkel","item":"https:\/\/www.food4animals.nl\/winkel\/"},{"@type":"ListItem","position":3,"name":"Hoefschoen"}]},{"@type":"WebSite","@id":"https:\/\/www.food4animals.nl\/en\/#website","url":"https:\/\/www.food4animals.nl\/en\/","name":"Lebensmittel4Tiere","description":"Alles f\u00fcr Reiter und Tier","publisher":{"@id":"https:\/\/www.food4animals.nl\/en\/#organization"},"potentialAction":[{"@type":"SearchAction","target":{"@type":"EntryPoint","urlTemplate":"https:\/\/www.food4animals.nl\/en\/?s={search_term_string}"},"query-input":{"@type":"PropertyValueSpecification","valueRequired":true,"valueName":"search_term_string"}}],"inLanguage":"de"},{"@type":"Organization","@id":"https:\/\/www.food4animals.nl\/en\/#organization","name":"Lebensmittel4Tiere","url":"https:\/\/www.food4animals.nl\/en\/","logo":{"@type":"ImageObject","inLanguage":"de","@id":"https:\/\/www.food4animals.nl\/en\/#\/schema\/logo\/image\/","url":"https:\/\/www.food4animals.nl\/wp-content\/uploads\/2023\/10\/Logo.svg","contentUrl":"https:\/\/www.food4animals.nl\/wp-content\/uploads\/2023\/10\/Logo.svg","width":1,"height":1,"caption":"Food4animals"},"image":{"@id":"https:\/\/www.food4animals.nl\/en\/#\/schema\/logo\/image\/"},"sameAs":["https:\/\/www.facebook.com\/p\/Food4animals-100063861676074\/","https:\/\/x.com\/food4animals"]}]}},"_links":{"self":[{"href":"https:\/\/www.food4animals.nl\/de\/wp-json\/wp\/v2\/product\/25072","targetHints":{"allow":["GET"]}}],"collection":[{"href":"https:\/\/www.food4animals.nl\/de\/wp-json\/wp\/v2\/product"}],"about":[{"href":"https:\/\/www.food4animals.nl\/de\/wp-json\/wp\/v2\/types\/product"}],"wp:featuredmedia":[{"embeddable":true,"href":"https:\/\/www.food4animals.nl\/de\/wp-json\/wp\/v2\/media\/25078"}],"wp:attachment":[{"href":"https:\/\/www.food4animals.nl\/de\/wp-json\/wp\/v2\/media?parent=25072"}],"wp:term":[{"taxonomy":"product_brand","embeddable":true,"href":"https:\/\/www.food4animals.nl\/de\/wp-json\/wp\/v2\/product_brand?post=25072"},{"taxonomy":"product_cat","embeddable":true,"href":"https:\/\/www.food4animals.nl\/de\/wp-json\/wp\/v2\/product_cat?post=25072"},{"taxonomy":"product_tag","embeddable":true,"href":"https:\/\/www.food4animals.nl\/de\/wp-json\/wp\/v2\/product_tag?post=25072"}],"curies":[{"name":"wp","href":"https:\/\/api.w.org\/{rel}","templated":true}]}}