{"id":25174,"date":"2024-06-11T08:17:29","date_gmt":"2024-06-11T07:17:29","guid":{"rendered":"https:\/\/www.food4animals.nl\/?post_type=product&#038;p=25174"},"modified":"2024-06-11T08:17:30","modified_gmt":"2024-06-11T07:17:30","slug":"zaumzeug-hobby-reiten","status":"publish","type":"product","link":"https:\/\/www.food4animals.nl\/de\/produkt\/zaumzeug-hobby-reiten\/","title":{"rendered":"Zaumzeug -Hobby Horsing-"},"content":{"rendered":"<ul>\n<li>Auswechselbarer Stirnriemen<\/li>\n<li>Lederimitat\/Kunstleder<\/li>\n<li>Produkte f\u00fcr das Hobby Horsing<\/li>\n<li>Nicht geeignet f\u00fcr Kinder unter 36 Monaten<\/li>\n<li>Warnung: Lange Schnur\/lange Kette. Gefahr der Strangulierung.<\/li>\n<\/ul>\n<p>Marke HKM Kids<\/p>\n<p>Bei HKM Sports Equipment haben wir bis jetzt keine Lagerpaarung.<\/p>\n<p>Bitte bestellen Sie per Post, damit wir zun\u00e4chst pr\u00fcfen k\u00f6nnen, ob wir liefern k\u00f6nnen.<\/p>\n<p>Sie erhalten 10% Rechnungsrabatt.<\/p>\n<p>&nbsp;<\/p>","protected":false},"excerpt":{"rendered":"<p>Auswechselbarer Vorderriemen Lederimitat\/Kunstlederprodukte f\u00fcr das Hobby Horsing Nicht geeignet f\u00fcr Kinder unter 36 Monaten Warnung: Lange Schnur\/lange Kette. Gefahr der Strangulierung. Marke HKM Kids Mit HKM Sports Equipment haben wir bis jetzt keine Lagerverbindung. Bitte bestellen Sie per Mail, damit wir zuerst sehen k\u00f6nnen, ob wir liefern k\u00f6nnen. Sie erhalten 10% Rechnungsrabatt. &nbsp;<\/p>","protected":false},"featured_media":25175,"template":"","meta":{"_acf_changed":false},"product_brand":[],"product_cat":[988,4178],"product_tag":[4185],"class_list":{"0":"post-25174","1":"product","2":"type-product","3":"status-publish","4":"has-post-thumbnail","6":"product_cat-ruitershop","7":"product_cat-speelgoed-ruitershop","8":"product_tag-hobby-horsing","9":"tax_brand-hkm-sports-com","11":"first","12":"onbackorder","13":"taxable","14":"shipping-taxable","15":"purchasable","16":"product-type-simple"},"acf":[],"yoast_head":"<!-- This site is optimized with the Yoast SEO plugin v27.2 - https:\/\/yoast.com\/product\/yoast-seo-wordpress\/ -->\n<title>Hoofdstel -Hobby Horsing- Food4animals<\/title>\n<meta name=\"robots\" content=\"index, follow, max-snippet:-1, max-image-preview:large, max-video-preview:-1\" \/>\n<link rel=\"canonical\" href=\"https:\/\/www.food4animals.nl\/de\/produkt\/zaumzeug-hobby-reiten\/\" \/>\n<meta property=\"og:locale\" content=\"de_DE\" \/>\n<meta property=\"og:type\" content=\"article\" \/>\n<meta property=\"og:title\" content=\"Hoofdstel -Hobby Horsing- Food4animals\" \/>\n<meta property=\"og:description\" content=\"Vervangbare frontriem Leerimitatie\/kunstleer producten voor Hobby Horsing Niet geschikt voor kinderen jonger dan 36 maanden Waarschuwing: Lang snoer\/lange ketting. Gevaar voor verwurging. Merk HKM Kids Met HKM Sports Equipment hebben we tot nu geen voorraad koppeling. Graag per mail bestellen zodat we eerst kunnen kijken of we kunnen leveren. U ontvangt 10% factuurkorting. &nbsp;\" \/>\n<meta property=\"og:url\" content=\"https:\/\/www.food4animals.nl\/de\/produkt\/zaumzeug-hobby-reiten\/\" \/>\n<meta property=\"og:site_name\" content=\"Food4animals\" \/>\n<meta property=\"article:publisher\" content=\"https:\/\/www.facebook.com\/p\/Food4animals-100063861676074\/\" \/>\n<meta property=\"article:modified_time\" content=\"2024-06-11T07:17:30+00:00\" \/>\n<meta property=\"og:image\" content=\"https:\/\/www.food4animals.nl\/wp-content\/uploads\/2024\/06\/Hoofdstel-Hobby-horsing-2.jpg\" \/>\n\t<meta property=\"og:image:width\" content=\"1024\" \/>\n\t<meta property=\"og:image:height\" content=\"683\" \/>\n\t<meta property=\"og:image:type\" content=\"image\/jpeg\" \/>\n<meta name=\"twitter:card\" content=\"summary_large_image\" \/>\n<meta name=\"twitter:site\" content=\"@food4animals\" \/>\n<meta name=\"twitter:label1\" content=\"Gesch\u00e4tzte Lesezeit\" \/>\n\t<meta name=\"twitter:data1\" content=\"1\u00a0Minute\" \/>\n<script type=\"application\/ld+json\" class=\"yoast-schema-graph\">{\"@context\":\"https:\/\/schema.org\",\"@graph\":[{\"@type\":\"WebPage\",\"@id\":\"https:\/\/www.food4animals.nl\/product\/hoofdstel-hobby-horsing\/\",\"url\":\"https:\/\/www.food4animals.nl\/product\/hoofdstel-hobby-horsing\/\",\"name\":\"Hoofdstel -Hobby Horsing- Food4animals\",\"isPartOf\":{\"@id\":\"https:\/\/www.food4animals.nl\/en\/#website\"},\"primaryImageOfPage\":{\"@id\":\"https:\/\/www.food4animals.nl\/product\/hoofdstel-hobby-horsing\/#primaryimage\"},\"image\":{\"@id\":\"https:\/\/www.food4animals.nl\/product\/hoofdstel-hobby-horsing\/#primaryimage\"},\"thumbnailUrl\":\"https:\/\/www.food4animals.nl\/wp-content\/uploads\/2024\/06\/Hoofdstel-Hobby-horsing-2.jpg\",\"datePublished\":\"2024-06-11T07:17:29+00:00\",\"dateModified\":\"2024-06-11T07:17:30+00:00\",\"breadcrumb\":{\"@id\":\"https:\/\/www.food4animals.nl\/product\/hoofdstel-hobby-horsing\/#breadcrumb\"},\"inLanguage\":\"de\",\"potentialAction\":[{\"@type\":\"ReadAction\",\"target\":[\"https:\/\/www.food4animals.nl\/product\/hoofdstel-hobby-horsing\/\"]}]},{\"@type\":\"ImageObject\",\"inLanguage\":\"de\",\"@id\":\"https:\/\/www.food4animals.nl\/product\/hoofdstel-hobby-horsing\/#primaryimage\",\"url\":\"https:\/\/www.food4animals.nl\/wp-content\/uploads\/2024\/06\/Hoofdstel-Hobby-horsing-2.jpg\",\"contentUrl\":\"https:\/\/www.food4animals.nl\/wp-content\/uploads\/2024\/06\/Hoofdstel-Hobby-horsing-2.jpg\",\"width\":2520,\"height\":1680},{\"@type\":\"BreadcrumbList\",\"@id\":\"https:\/\/www.food4animals.nl\/product\/hoofdstel-hobby-horsing\/#breadcrumb\",\"itemListElement\":[{\"@type\":\"ListItem\",\"position\":1,\"name\":\"Home\",\"item\":\"https:\/\/www.food4animals.nl\/\"},{\"@type\":\"ListItem\",\"position\":2,\"name\":\"Winkel\",\"item\":\"https:\/\/www.food4animals.nl\/winkel\/\"},{\"@type\":\"ListItem\",\"position\":3,\"name\":\"Hoofdstel -Hobby Horsing-\"}]},{\"@type\":\"WebSite\",\"@id\":\"https:\/\/www.food4animals.nl\/en\/#website\",\"url\":\"https:\/\/www.food4animals.nl\/en\/\",\"name\":\"Food4animals\",\"description\":\"Alles voor Ruiter en Dier\",\"publisher\":{\"@id\":\"https:\/\/www.food4animals.nl\/en\/#organization\"},\"potentialAction\":[{\"@type\":\"SearchAction\",\"target\":{\"@type\":\"EntryPoint\",\"urlTemplate\":\"https:\/\/www.food4animals.nl\/en\/?s={search_term_string}\"},\"query-input\":{\"@type\":\"PropertyValueSpecification\",\"valueRequired\":true,\"valueName\":\"search_term_string\"}}],\"inLanguage\":\"de\"},{\"@type\":\"Organization\",\"@id\":\"https:\/\/www.food4animals.nl\/en\/#organization\",\"name\":\"Food4animals\",\"url\":\"https:\/\/www.food4animals.nl\/en\/\",\"logo\":{\"@type\":\"ImageObject\",\"inLanguage\":\"de\",\"@id\":\"https:\/\/www.food4animals.nl\/en\/#\/schema\/logo\/image\/\",\"url\":\"https:\/\/www.food4animals.nl\/wp-content\/uploads\/2023\/10\/Logo.svg\",\"contentUrl\":\"https:\/\/www.food4animals.nl\/wp-content\/uploads\/2023\/10\/Logo.svg\",\"width\":1,\"height\":1,\"caption\":\"Food4animals\"},\"image\":{\"@id\":\"https:\/\/www.food4animals.nl\/en\/#\/schema\/logo\/image\/\"},\"sameAs\":[\"https:\/\/www.facebook.com\/p\/Food4animals-100063861676074\/\",\"https:\/\/x.com\/food4animals\"]}]}<\/script>\n<!-- \/ Yoast SEO plugin. -->","yoast_head_json":{"title":"Zaumzeug -Hobby Horsing- Food4animals","robots":{"index":"index","follow":"follow","max-snippet":"max-snippet:-1","max-image-preview":"max-image-preview:large","max-video-preview":"max-video-preview:-1"},"canonical":"https:\/\/www.food4animals.nl\/de\/produkt\/zaumzeug-hobby-reiten\/","og_locale":"de_DE","og_type":"article","og_title":"Hoofdstel -Hobby Horsing- Food4animals","og_description":"Vervangbare frontriem Leerimitatie\/kunstleer producten voor Hobby Horsing Niet geschikt voor kinderen jonger dan 36 maanden Waarschuwing: Lang snoer\/lange ketting. Gevaar voor verwurging. Merk HKM Kids Met HKM Sports Equipment hebben we tot nu geen voorraad koppeling. Graag per mail bestellen zodat we eerst kunnen kijken of we kunnen leveren. U ontvangt 10% factuurkorting. &nbsp;","og_url":"https:\/\/www.food4animals.nl\/de\/produkt\/zaumzeug-hobby-reiten\/","og_site_name":"Food4animals","article_publisher":"https:\/\/www.facebook.com\/p\/Food4animals-100063861676074\/","article_modified_time":"2024-06-11T07:17:30+00:00","og_image":[{"url":"https:\/\/www.food4animals.nl\/wp-content\/uploads\/2024\/06\/Hoofdstel-Hobby-horsing-2.jpg","width":1024,"height":683,"type":"image\/jpeg"}],"twitter_card":"summary_large_image","twitter_site":"@food4animals","twitter_misc":{"Gesch\u00e4tzte Lesezeit":"1\u00a0Minute"},"schema":{"@context":"https:\/\/schema.org","@graph":[{"@type":"WebPage","@id":"https:\/\/www.food4animals.nl\/product\/hoofdstel-hobby-horsing\/","url":"https:\/\/www.food4animals.nl\/product\/hoofdstel-hobby-horsing\/","name":"Zaumzeug -Hobby Horsing- Food4animals","isPartOf":{"@id":"https:\/\/www.food4animals.nl\/en\/#website"},"primaryImageOfPage":{"@id":"https:\/\/www.food4animals.nl\/product\/hoofdstel-hobby-horsing\/#primaryimage"},"image":{"@id":"https:\/\/www.food4animals.nl\/product\/hoofdstel-hobby-horsing\/#primaryimage"},"thumbnailUrl":"https:\/\/www.food4animals.nl\/wp-content\/uploads\/2024\/06\/Hoofdstel-Hobby-horsing-2.jpg","datePublished":"2024-06-11T07:17:29+00:00","dateModified":"2024-06-11T07:17:30+00:00","breadcrumb":{"@id":"https:\/\/www.food4animals.nl\/product\/hoofdstel-hobby-horsing\/#breadcrumb"},"inLanguage":"de","potentialAction":[{"@type":"ReadAction","target":["https:\/\/www.food4animals.nl\/product\/hoofdstel-hobby-horsing\/"]}]},{"@type":"ImageObject","inLanguage":"de","@id":"https:\/\/www.food4animals.nl\/product\/hoofdstel-hobby-horsing\/#primaryimage","url":"https:\/\/www.food4animals.nl\/wp-content\/uploads\/2024\/06\/Hoofdstel-Hobby-horsing-2.jpg","contentUrl":"https:\/\/www.food4animals.nl\/wp-content\/uploads\/2024\/06\/Hoofdstel-Hobby-horsing-2.jpg","width":2520,"height":1680},{"@type":"BreadcrumbList","@id":"https:\/\/www.food4animals.nl\/product\/hoofdstel-hobby-horsing\/#breadcrumb","itemListElement":[{"@type":"ListItem","position":1,"name":"Home","item":"https:\/\/www.food4animals.nl\/"},{"@type":"ListItem","position":2,"name":"Winkel","item":"https:\/\/www.food4animals.nl\/winkel\/"},{"@type":"ListItem","position":3,"name":"Hoofdstel -Hobby Horsing-"}]},{"@type":"WebSite","@id":"https:\/\/www.food4animals.nl\/en\/#website","url":"https:\/\/www.food4animals.nl\/en\/","name":"Lebensmittel4Tiere","description":"Alles f\u00fcr Reiter und Tier","publisher":{"@id":"https:\/\/www.food4animals.nl\/en\/#organization"},"potentialAction":[{"@type":"SearchAction","target":{"@type":"EntryPoint","urlTemplate":"https:\/\/www.food4animals.nl\/en\/?s={search_term_string}"},"query-input":{"@type":"PropertyValueSpecification","valueRequired":true,"valueName":"search_term_string"}}],"inLanguage":"de"},{"@type":"Organization","@id":"https:\/\/www.food4animals.nl\/en\/#organization","name":"Lebensmittel4Tiere","url":"https:\/\/www.food4animals.nl\/en\/","logo":{"@type":"ImageObject","inLanguage":"de","@id":"https:\/\/www.food4animals.nl\/en\/#\/schema\/logo\/image\/","url":"https:\/\/www.food4animals.nl\/wp-content\/uploads\/2023\/10\/Logo.svg","contentUrl":"https:\/\/www.food4animals.nl\/wp-content\/uploads\/2023\/10\/Logo.svg","width":1,"height":1,"caption":"Food4animals"},"image":{"@id":"https:\/\/www.food4animals.nl\/en\/#\/schema\/logo\/image\/"},"sameAs":["https:\/\/www.facebook.com\/p\/Food4animals-100063861676074\/","https:\/\/x.com\/food4animals"]}]}},"_links":{"self":[{"href":"https:\/\/www.food4animals.nl\/de\/wp-json\/wp\/v2\/product\/25174","targetHints":{"allow":["GET"]}}],"collection":[{"href":"https:\/\/www.food4animals.nl\/de\/wp-json\/wp\/v2\/product"}],"about":[{"href":"https:\/\/www.food4animals.nl\/de\/wp-json\/wp\/v2\/types\/product"}],"wp:featuredmedia":[{"embeddable":true,"href":"https:\/\/www.food4animals.nl\/de\/wp-json\/wp\/v2\/media\/25175"}],"wp:attachment":[{"href":"https:\/\/www.food4animals.nl\/de\/wp-json\/wp\/v2\/media?parent=25174"}],"wp:term":[{"taxonomy":"product_brand","embeddable":true,"href":"https:\/\/www.food4animals.nl\/de\/wp-json\/wp\/v2\/product_brand?post=25174"},{"taxonomy":"product_cat","embeddable":true,"href":"https:\/\/www.food4animals.nl\/de\/wp-json\/wp\/v2\/product_cat?post=25174"},{"taxonomy":"product_tag","embeddable":true,"href":"https:\/\/www.food4animals.nl\/de\/wp-json\/wp\/v2\/product_tag?post=25174"}],"curies":[{"name":"wp","href":"https:\/\/api.w.org\/{rel}","templated":true}]}}