{"id":25192,"date":"2024-06-12T14:04:45","date_gmt":"2024-06-12T13:04:45","guid":{"rendered":"https:\/\/www.food4animals.nl\/?post_type=product&#038;p=25192"},"modified":"2024-06-12T14:04:45","modified_gmt":"2024-06-12T13:04:45","slug":"hindernisse-setzen-hobby-reiten","status":"publish","type":"product","link":"https:\/\/www.food4animals.nl\/de\/produkt\/hindernisse-setzen-hobby-reiten\/","title":{"rendered":"H\u00fcrdensatz -Hobby Horsing-"},"content":{"rendered":"<ul>\n<li>Satz f\u00fcr zwei Sprungvarianten und 5 Sprungbalken<\/li>\n<li>mit praktischer Transporttasche<\/li>\n<li>Sprungstangen sind leicht und k\u00f6nnen auf beide Seiten fallen<\/li>\n<li>Kunststoff<\/li>\n<li>Abmessungen: 110 x 67 x 95 cm<\/li>\n<li>Produkte f\u00fcr das Hobby Horsing<\/li>\n<\/ul>\n<p>Erh\u00e4ltlich in Gelb, Blau und Rosa<\/p>\n<p>Marke: HKM Kids<\/p>\n<p>Bei HKM Sports Equipment haben wir bis jetzt keine Lagerpaarung.<\/p>\n<p>Bitte bestellen Sie per Post, damit wir zun\u00e4chst pr\u00fcfen k\u00f6nnen, ob wir liefern k\u00f6nnen.<\/p>\n<p>Sie erhalten 10% Rechnungsrabatt.<\/p>","protected":false},"excerpt":{"rendered":"<p>set voor twee sprong varianten en 5 springbalken met praktische transporttas Springbalken zijn lichtgewicht en kunnen aan beide kanten vallen plastic Afmetingen: 110 x 67 x 95 cm producten voor Hobby Horsing Verkrijgbaar in de kleuren Geel, blauw en roze Merk: HKM Kids Met HKM Sports Equipment hebben we tot nu geen voorraad koppeling. Graag [&hellip;]<\/p>\n","protected":false},"featured_media":25200,"template":"","meta":{"_acf_changed":false},"product_brand":[],"product_cat":[988,4178],"product_tag":[4179,936,4186,4187],"class_list":{"0":"post-25192","1":"product","2":"type-product","3":"status-publish","4":"has-post-thumbnail","6":"product_cat-ruitershop","7":"product_cat-speelgoed-ruitershop","8":"product_tag-hobby-horse","9":"product_tag-speelgoed","10":"product_tag-springhindernis","11":"product_tag-springset","12":"tax_brand-hkm-sports-com","14":"first","15":"onbackorder","16":"sale","17":"taxable","18":"shipping-taxable","19":"purchasable","20":"product-type-simple"},"acf":[],"yoast_head":"<!-- This site is optimized with the Yoast SEO plugin v27.4 - https:\/\/yoast.com\/product\/yoast-seo-wordpress\/ -->\n<title>Hindernissen set -Hobby Horsing- Food4animals<\/title>\n<meta name=\"robots\" content=\"index, follow, max-snippet:-1, max-image-preview:large, max-video-preview:-1\" \/>\n<link rel=\"canonical\" href=\"https:\/\/www.food4animals.nl\/de\/produkt\/hindernisse-setzen-hobby-reiten\/\" \/>\n<meta property=\"og:locale\" content=\"de_DE\" \/>\n<meta property=\"og:type\" content=\"article\" \/>\n<meta property=\"og:title\" content=\"Hindernissen set -Hobby Horsing- Food4animals\" \/>\n<meta property=\"og:description\" content=\"set voor twee sprong varianten en 5 springbalken met praktische transporttas Springbalken zijn lichtgewicht en kunnen aan beide kanten vallen plastic Afmetingen: 110 x 67 x 95 cm producten voor Hobby Horsing Verkrijgbaar in de kleuren Geel, blauw en roze Merk: HKM Kids Met HKM Sports Equipment hebben we tot nu geen voorraad koppeling. Graag [&hellip;]\" \/>\n<meta property=\"og:url\" content=\"https:\/\/www.food4animals.nl\/de\/produkt\/hindernisse-setzen-hobby-reiten\/\" \/>\n<meta property=\"og:site_name\" content=\"Food4animals\" \/>\n<meta property=\"article:publisher\" content=\"https:\/\/www.facebook.com\/p\/Food4animals-100063861676074\/\" \/>\n<meta property=\"og:image\" content=\"https:\/\/www.food4animals.nl\/wp-content\/uploads\/2024\/06\/Hindernissen-set-Hobby-Horsing-.jpg\" \/>\n\t<meta property=\"og:image:width\" content=\"682\" \/>\n\t<meta property=\"og:image:height\" content=\"1024\" \/>\n\t<meta property=\"og:image:type\" content=\"image\/jpeg\" \/>\n<meta name=\"twitter:card\" content=\"summary_large_image\" \/>\n<meta name=\"twitter:site\" content=\"@food4animals\" \/>\n<meta name=\"twitter:label1\" content=\"Gesch\u00e4tzte Lesezeit\" \/>\n\t<meta name=\"twitter:data1\" content=\"1\u00a0Minute\" \/>\n<script type=\"application\/ld+json\" class=\"yoast-schema-graph\">{\"@context\":\"https:\\\/\\\/schema.org\",\"@graph\":[{\"@type\":\"WebPage\",\"@id\":\"https:\\\/\\\/www.food4animals.nl\\\/product\\\/hindernissen-set-hobby-horsing\\\/\",\"url\":\"https:\\\/\\\/www.food4animals.nl\\\/product\\\/hindernissen-set-hobby-horsing\\\/\",\"name\":\"Hindernissen set -Hobby Horsing- Food4animals\",\"isPartOf\":{\"@id\":\"https:\\\/\\\/www.food4animals.nl\\\/en\\\/#website\"},\"primaryImageOfPage\":{\"@id\":\"https:\\\/\\\/www.food4animals.nl\\\/product\\\/hindernissen-set-hobby-horsing\\\/#primaryimage\"},\"image\":{\"@id\":\"https:\\\/\\\/www.food4animals.nl\\\/product\\\/hindernissen-set-hobby-horsing\\\/#primaryimage\"},\"thumbnailUrl\":\"https:\\\/\\\/www.food4animals.nl\\\/wp-content\\\/uploads\\\/2024\\\/06\\\/Hindernissen-set-Hobby-Horsing-.jpg\",\"datePublished\":\"2024-06-12T13:04:45+00:00\",\"breadcrumb\":{\"@id\":\"https:\\\/\\\/www.food4animals.nl\\\/product\\\/hindernissen-set-hobby-horsing\\\/#breadcrumb\"},\"inLanguage\":\"de\",\"potentialAction\":[{\"@type\":\"ReadAction\",\"target\":[\"https:\\\/\\\/www.food4animals.nl\\\/product\\\/hindernissen-set-hobby-horsing\\\/\"]}]},{\"@type\":\"ImageObject\",\"inLanguage\":\"de\",\"@id\":\"https:\\\/\\\/www.food4animals.nl\\\/product\\\/hindernissen-set-hobby-horsing\\\/#primaryimage\",\"url\":\"https:\\\/\\\/www.food4animals.nl\\\/wp-content\\\/uploads\\\/2024\\\/06\\\/Hindernissen-set-Hobby-Horsing-.jpg\",\"contentUrl\":\"https:\\\/\\\/www.food4animals.nl\\\/wp-content\\\/uploads\\\/2024\\\/06\\\/Hindernissen-set-Hobby-Horsing-.jpg\",\"width\":682,\"height\":1024,\"caption\":\"Hobby horse springset voor vele uren gezond speelplezier\"},{\"@type\":\"BreadcrumbList\",\"@id\":\"https:\\\/\\\/www.food4animals.nl\\\/product\\\/hindernissen-set-hobby-horsing\\\/#breadcrumb\",\"itemListElement\":[{\"@type\":\"ListItem\",\"position\":1,\"name\":\"Home\",\"item\":\"https:\\\/\\\/www.food4animals.nl\\\/\"},{\"@type\":\"ListItem\",\"position\":2,\"name\":\"Winkel\",\"item\":\"https:\\\/\\\/www.food4animals.nl\\\/winkel\\\/\"},{\"@type\":\"ListItem\",\"position\":3,\"name\":\"Hindernissen set -Hobby Horsing-\"}]},{\"@type\":\"WebSite\",\"@id\":\"https:\\\/\\\/www.food4animals.nl\\\/en\\\/#website\",\"url\":\"https:\\\/\\\/www.food4animals.nl\\\/en\\\/\",\"name\":\"Food4animals\",\"description\":\"Alles voor Ruiter en Dier\",\"publisher\":{\"@id\":\"https:\\\/\\\/www.food4animals.nl\\\/en\\\/#organization\"},\"potentialAction\":[{\"@type\":\"SearchAction\",\"target\":{\"@type\":\"EntryPoint\",\"urlTemplate\":\"https:\\\/\\\/www.food4animals.nl\\\/en\\\/?s={search_term_string}\"},\"query-input\":{\"@type\":\"PropertyValueSpecification\",\"valueRequired\":true,\"valueName\":\"search_term_string\"}}],\"inLanguage\":\"de\"},{\"@type\":\"Organization\",\"@id\":\"https:\\\/\\\/www.food4animals.nl\\\/en\\\/#organization\",\"name\":\"Food4animals\",\"url\":\"https:\\\/\\\/www.food4animals.nl\\\/en\\\/\",\"logo\":{\"@type\":\"ImageObject\",\"inLanguage\":\"de\",\"@id\":\"https:\\\/\\\/www.food4animals.nl\\\/en\\\/#\\\/schema\\\/logo\\\/image\\\/\",\"url\":\"https:\\\/\\\/www.food4animals.nl\\\/wp-content\\\/uploads\\\/2023\\\/10\\\/Logo.svg\",\"contentUrl\":\"https:\\\/\\\/www.food4animals.nl\\\/wp-content\\\/uploads\\\/2023\\\/10\\\/Logo.svg\",\"width\":1,\"height\":1,\"caption\":\"Food4animals\"},\"image\":{\"@id\":\"https:\\\/\\\/www.food4animals.nl\\\/en\\\/#\\\/schema\\\/logo\\\/image\\\/\"},\"sameAs\":[\"https:\\\/\\\/www.facebook.com\\\/p\\\/Food4animals-100063861676074\\\/\",\"https:\\\/\\\/x.com\\\/food4animals\"]}]}<\/script>\n<!-- \/ Yoast SEO plugin. -->","yoast_head_json":{"title":"H\u00fcrden-Set -Hobby Horsing- Food4animals","robots":{"index":"index","follow":"follow","max-snippet":"max-snippet:-1","max-image-preview":"max-image-preview:large","max-video-preview":"max-video-preview:-1"},"canonical":"https:\/\/www.food4animals.nl\/de\/produkt\/hindernisse-setzen-hobby-reiten\/","og_locale":"de_DE","og_type":"article","og_title":"Hindernissen set -Hobby Horsing- Food4animals","og_description":"set voor twee sprong varianten en 5 springbalken met praktische transporttas Springbalken zijn lichtgewicht en kunnen aan beide kanten vallen plastic Afmetingen: 110 x 67 x 95 cm producten voor Hobby Horsing Verkrijgbaar in de kleuren Geel, blauw en roze Merk: HKM Kids Met HKM Sports Equipment hebben we tot nu geen voorraad koppeling. Graag [&hellip;]","og_url":"https:\/\/www.food4animals.nl\/de\/produkt\/hindernisse-setzen-hobby-reiten\/","og_site_name":"Food4animals","article_publisher":"https:\/\/www.facebook.com\/p\/Food4animals-100063861676074\/","og_image":[{"width":682,"height":1024,"url":"https:\/\/www.food4animals.nl\/wp-content\/uploads\/2024\/06\/Hindernissen-set-Hobby-Horsing-.jpg","type":"image\/jpeg"}],"twitter_card":"summary_large_image","twitter_site":"@food4animals","twitter_misc":{"Gesch\u00e4tzte Lesezeit":"1\u00a0Minute"},"schema":{"@context":"https:\/\/schema.org","@graph":[{"@type":"WebPage","@id":"https:\/\/www.food4animals.nl\/product\/hindernissen-set-hobby-horsing\/","url":"https:\/\/www.food4animals.nl\/product\/hindernissen-set-hobby-horsing\/","name":"H\u00fcrden-Set -Hobby Horsing- Food4animals","isPartOf":{"@id":"https:\/\/www.food4animals.nl\/en\/#website"},"primaryImageOfPage":{"@id":"https:\/\/www.food4animals.nl\/product\/hindernissen-set-hobby-horsing\/#primaryimage"},"image":{"@id":"https:\/\/www.food4animals.nl\/product\/hindernissen-set-hobby-horsing\/#primaryimage"},"thumbnailUrl":"https:\/\/www.food4animals.nl\/wp-content\/uploads\/2024\/06\/Hindernissen-set-Hobby-Horsing-.jpg","datePublished":"2024-06-12T13:04:45+00:00","breadcrumb":{"@id":"https:\/\/www.food4animals.nl\/product\/hindernissen-set-hobby-horsing\/#breadcrumb"},"inLanguage":"de","potentialAction":[{"@type":"ReadAction","target":["https:\/\/www.food4animals.nl\/product\/hindernissen-set-hobby-horsing\/"]}]},{"@type":"ImageObject","inLanguage":"de","@id":"https:\/\/www.food4animals.nl\/product\/hindernissen-set-hobby-horsing\/#primaryimage","url":"https:\/\/www.food4animals.nl\/wp-content\/uploads\/2024\/06\/Hindernissen-set-Hobby-Horsing-.jpg","contentUrl":"https:\/\/www.food4animals.nl\/wp-content\/uploads\/2024\/06\/Hindernissen-set-Hobby-Horsing-.jpg","width":682,"height":1024,"caption":"Hobby horse springset voor vele uren gezond speelplezier"},{"@type":"BreadcrumbList","@id":"https:\/\/www.food4animals.nl\/product\/hindernissen-set-hobby-horsing\/#breadcrumb","itemListElement":[{"@type":"ListItem","position":1,"name":"Home","item":"https:\/\/www.food4animals.nl\/"},{"@type":"ListItem","position":2,"name":"Winkel","item":"https:\/\/www.food4animals.nl\/winkel\/"},{"@type":"ListItem","position":3,"name":"Hindernissen set -Hobby Horsing-"}]},{"@type":"WebSite","@id":"https:\/\/www.food4animals.nl\/en\/#website","url":"https:\/\/www.food4animals.nl\/en\/","name":"Lebensmittel4Tiere","description":"Alles f\u00fcr Reiter und Tier","publisher":{"@id":"https:\/\/www.food4animals.nl\/en\/#organization"},"potentialAction":[{"@type":"SearchAction","target":{"@type":"EntryPoint","urlTemplate":"https:\/\/www.food4animals.nl\/en\/?s={search_term_string}"},"query-input":{"@type":"PropertyValueSpecification","valueRequired":true,"valueName":"search_term_string"}}],"inLanguage":"de"},{"@type":"Organization","@id":"https:\/\/www.food4animals.nl\/en\/#organization","name":"Lebensmittel4Tiere","url":"https:\/\/www.food4animals.nl\/en\/","logo":{"@type":"ImageObject","inLanguage":"de","@id":"https:\/\/www.food4animals.nl\/en\/#\/schema\/logo\/image\/","url":"https:\/\/www.food4animals.nl\/wp-content\/uploads\/2023\/10\/Logo.svg","contentUrl":"https:\/\/www.food4animals.nl\/wp-content\/uploads\/2023\/10\/Logo.svg","width":1,"height":1,"caption":"Food4animals"},"image":{"@id":"https:\/\/www.food4animals.nl\/en\/#\/schema\/logo\/image\/"},"sameAs":["https:\/\/www.facebook.com\/p\/Food4animals-100063861676074\/","https:\/\/x.com\/food4animals"]}]}},"_links":{"self":[{"href":"https:\/\/www.food4animals.nl\/de\/wp-json\/wp\/v2\/product\/25192","targetHints":{"allow":["GET"]}}],"collection":[{"href":"https:\/\/www.food4animals.nl\/de\/wp-json\/wp\/v2\/product"}],"about":[{"href":"https:\/\/www.food4animals.nl\/de\/wp-json\/wp\/v2\/types\/product"}],"wp:featuredmedia":[{"embeddable":true,"href":"https:\/\/www.food4animals.nl\/de\/wp-json\/wp\/v2\/media\/25200"}],"wp:attachment":[{"href":"https:\/\/www.food4animals.nl\/de\/wp-json\/wp\/v2\/media?parent=25192"}],"wp:term":[{"taxonomy":"product_brand","embeddable":true,"href":"https:\/\/www.food4animals.nl\/de\/wp-json\/wp\/v2\/product_brand?post=25192"},{"taxonomy":"product_cat","embeddable":true,"href":"https:\/\/www.food4animals.nl\/de\/wp-json\/wp\/v2\/product_cat?post=25192"},{"taxonomy":"product_tag","embeddable":true,"href":"https:\/\/www.food4animals.nl\/de\/wp-json\/wp\/v2\/product_tag?post=25192"}],"curies":[{"name":"wp","href":"https:\/\/api.w.org\/{rel}","templated":true}]}}