{"id":25320,"date":"2024-06-19T12:12:24","date_gmt":"2024-06-19T11:12:24","guid":{"rendered":"https:\/\/www.food4animals.nl\/?post_type=product&#038;p=25320"},"modified":"2024-06-19T13:53:24","modified_gmt":"2024-06-19T12:53:24","slug":"halfterseil-hafeninsel-mit-panikhaken","status":"publish","type":"product","link":"https:\/\/www.food4animals.nl\/de\/produkt\/halfterseil-hafeninsel-mit-panikhaken\/","title":{"rendered":"Halteleine -Hafeninsel- mit Panikhaken"},"content":{"rendered":"<ul>\n<li>Sterk zilverkleurig beslag<\/li>\n<li>gute Griffigkeit<\/li>\n<li>geflochten in zwei Farben<\/li>\n<li>Panik-Sicherheitsclip<\/li>\n<li>Sportliches Mittelst\u00fcck mit Schriftzug<\/li>\n<li>1,80 Meter lang<\/li>\n<li>Bijpassend halsband\u00a0 \u00a0 beschikbaar<\/li>\n<li>dekoratives Metall-Logo<\/li>\n<li>Erh\u00e4ltlich in den Farben Salbei und Hellviolett<\/li>\n<\/ul>\n<p>Bei HKM Sports Equipment haben wir bis jetzt keine Lagerpaarung.<\/p>\n<p>Bitte bestellen Sie per Post, damit wir zun\u00e4chst pr\u00fcfen k\u00f6nnen, ob wir liefern k\u00f6nnen.<\/p>\n<p>Sie erhalten 10% Rechnungsrabatt.<\/p>","protected":false},"excerpt":{"rendered":"<p>Halteleine -Harbour Island- mit Panikhaken ist zweifarbig geflochten und sportlicher Abstandshalter mit Schriftzug aus der Harbour Island Serie<\/p>","protected":false},"featured_media":25322,"template":"","meta":{"_acf_changed":false},"product_brand":[],"product_cat":[3126,988],"product_tag":[4197,4192,4199],"class_list":{"0":"post-25320","1":"product","2":"type-product","3":"status-publish","4":"has-post-thumbnail","6":"product_cat-halsters-en-touwen","7":"product_cat-ruitershop","8":"product_tag-halstertouw","9":"product_tag-harbour-island","10":"product_tag-paniek-haak","11":"tax_brand-hkm-sports-com","13":"first","14":"onbackorder","15":"taxable","16":"shipping-taxable","17":"purchasable","18":"product-type-simple"},"acf":[],"yoast_head":"<!-- This site is optimized with the Yoast SEO plugin v27.2 - https:\/\/yoast.com\/product\/yoast-seo-wordpress\/ -->\n<title>Halstertouw -Harbour Island- met paniek haak - Food4animals<\/title>\n<meta name=\"robots\" content=\"index, follow, max-snippet:-1, max-image-preview:large, max-video-preview:-1\" \/>\n<link rel=\"canonical\" href=\"https:\/\/www.food4animals.nl\/de\/produkt\/halfterseil-hafeninsel-mit-panikhaken\/\" \/>\n<meta property=\"og:locale\" content=\"de_DE\" \/>\n<meta property=\"og:type\" content=\"article\" \/>\n<meta property=\"og:title\" content=\"Halstertouw -Harbour Island- met paniek haak - Food4animals\" \/>\n<meta property=\"og:description\" content=\"Halstertouw -Harbour Island- met paniek haak is gevlochten in twee kleuren en sportief tussenstuk met belettering uit de serie Harbour island\" \/>\n<meta property=\"og:url\" content=\"https:\/\/www.food4animals.nl\/de\/produkt\/halfterseil-hafeninsel-mit-panikhaken\/\" \/>\n<meta property=\"og:site_name\" content=\"Food4animals\" \/>\n<meta property=\"article:publisher\" content=\"https:\/\/www.facebook.com\/p\/Food4animals-100063861676074\/\" \/>\n<meta property=\"article:modified_time\" content=\"2024-06-19T12:53:24+00:00\" \/>\n<meta property=\"og:image\" content=\"https:\/\/www.food4animals.nl\/wp-content\/uploads\/2024\/06\/Halstertouw-Harbour-Island-met-paniek-haak-Salie.jpg\" \/>\n\t<meta property=\"og:image:width\" content=\"1133\" \/>\n\t<meta property=\"og:image:height\" content=\"1168\" \/>\n\t<meta property=\"og:image:type\" content=\"image\/jpeg\" \/>\n<meta name=\"twitter:card\" content=\"summary_large_image\" \/>\n<meta name=\"twitter:site\" content=\"@food4animals\" \/>\n<meta name=\"twitter:label1\" content=\"Gesch\u00e4tzte Lesezeit\" \/>\n\t<meta name=\"twitter:data1\" content=\"1\u00a0Minute\" \/>\n<script type=\"application\/ld+json\" class=\"yoast-schema-graph\">{\"@context\":\"https:\/\/schema.org\",\"@graph\":[{\"@type\":\"WebPage\",\"@id\":\"https:\/\/www.food4animals.nl\/product\/halstertouw-harbour-island-met-paniek-haak\/\",\"url\":\"https:\/\/www.food4animals.nl\/product\/halstertouw-harbour-island-met-paniek-haak\/\",\"name\":\"Halstertouw -Harbour Island- met paniek haak - Food4animals\",\"isPartOf\":{\"@id\":\"https:\/\/www.food4animals.nl\/en\/#website\"},\"primaryImageOfPage\":{\"@id\":\"https:\/\/www.food4animals.nl\/product\/halstertouw-harbour-island-met-paniek-haak\/#primaryimage\"},\"image\":{\"@id\":\"https:\/\/www.food4animals.nl\/product\/halstertouw-harbour-island-met-paniek-haak\/#primaryimage\"},\"thumbnailUrl\":\"https:\/\/www.food4animals.nl\/wp-content\/uploads\/2024\/06\/Halstertouw-Harbour-Island-met-paniek-haak-Salie.jpg\",\"datePublished\":\"2024-06-19T11:12:24+00:00\",\"dateModified\":\"2024-06-19T12:53:24+00:00\",\"breadcrumb\":{\"@id\":\"https:\/\/www.food4animals.nl\/product\/halstertouw-harbour-island-met-paniek-haak\/#breadcrumb\"},\"inLanguage\":\"de\",\"potentialAction\":[{\"@type\":\"ReadAction\",\"target\":[\"https:\/\/www.food4animals.nl\/product\/halstertouw-harbour-island-met-paniek-haak\/\"]}]},{\"@type\":\"ImageObject\",\"inLanguage\":\"de\",\"@id\":\"https:\/\/www.food4animals.nl\/product\/halstertouw-harbour-island-met-paniek-haak\/#primaryimage\",\"url\":\"https:\/\/www.food4animals.nl\/wp-content\/uploads\/2024\/06\/Halstertouw-Harbour-Island-met-paniek-haak-Salie.jpg\",\"contentUrl\":\"https:\/\/www.food4animals.nl\/wp-content\/uploads\/2024\/06\/Halstertouw-Harbour-Island-met-paniek-haak-Salie.jpg\",\"width\":1133,\"height\":1168},{\"@type\":\"BreadcrumbList\",\"@id\":\"https:\/\/www.food4animals.nl\/product\/halstertouw-harbour-island-met-paniek-haak\/#breadcrumb\",\"itemListElement\":[{\"@type\":\"ListItem\",\"position\":1,\"name\":\"Home\",\"item\":\"https:\/\/www.food4animals.nl\/\"},{\"@type\":\"ListItem\",\"position\":2,\"name\":\"Winkel\",\"item\":\"https:\/\/www.food4animals.nl\/winkel\/\"},{\"@type\":\"ListItem\",\"position\":3,\"name\":\"Halstertouw -Harbour Island- met paniek haak\"}]},{\"@type\":\"WebSite\",\"@id\":\"https:\/\/www.food4animals.nl\/en\/#website\",\"url\":\"https:\/\/www.food4animals.nl\/en\/\",\"name\":\"Food4animals\",\"description\":\"Alles voor Ruiter en Dier\",\"publisher\":{\"@id\":\"https:\/\/www.food4animals.nl\/en\/#organization\"},\"potentialAction\":[{\"@type\":\"SearchAction\",\"target\":{\"@type\":\"EntryPoint\",\"urlTemplate\":\"https:\/\/www.food4animals.nl\/en\/?s={search_term_string}\"},\"query-input\":{\"@type\":\"PropertyValueSpecification\",\"valueRequired\":true,\"valueName\":\"search_term_string\"}}],\"inLanguage\":\"de\"},{\"@type\":\"Organization\",\"@id\":\"https:\/\/www.food4animals.nl\/en\/#organization\",\"name\":\"Food4animals\",\"url\":\"https:\/\/www.food4animals.nl\/en\/\",\"logo\":{\"@type\":\"ImageObject\",\"inLanguage\":\"de\",\"@id\":\"https:\/\/www.food4animals.nl\/en\/#\/schema\/logo\/image\/\",\"url\":\"https:\/\/www.food4animals.nl\/wp-content\/uploads\/2023\/10\/Logo.svg\",\"contentUrl\":\"https:\/\/www.food4animals.nl\/wp-content\/uploads\/2023\/10\/Logo.svg\",\"width\":1,\"height\":1,\"caption\":\"Food4animals\"},\"image\":{\"@id\":\"https:\/\/www.food4animals.nl\/en\/#\/schema\/logo\/image\/\"},\"sameAs\":[\"https:\/\/www.facebook.com\/p\/Food4animals-100063861676074\/\",\"https:\/\/x.com\/food4animals\"]}]}<\/script>\n<!-- \/ Yoast SEO plugin. -->","yoast_head_json":{"title":"Halteleine -Hafeninsel- mit Panikhaken - Food4animals","robots":{"index":"index","follow":"follow","max-snippet":"max-snippet:-1","max-image-preview":"max-image-preview:large","max-video-preview":"max-video-preview:-1"},"canonical":"https:\/\/www.food4animals.nl\/de\/produkt\/halfterseil-hafeninsel-mit-panikhaken\/","og_locale":"de_DE","og_type":"article","og_title":"Halstertouw -Harbour Island- met paniek haak - Food4animals","og_description":"Halstertouw -Harbour Island- met paniek haak is gevlochten in twee kleuren en sportief tussenstuk met belettering uit de serie Harbour island","og_url":"https:\/\/www.food4animals.nl\/de\/produkt\/halfterseil-hafeninsel-mit-panikhaken\/","og_site_name":"Food4animals","article_publisher":"https:\/\/www.facebook.com\/p\/Food4animals-100063861676074\/","article_modified_time":"2024-06-19T12:53:24+00:00","og_image":[{"width":1133,"height":1168,"url":"https:\/\/www.food4animals.nl\/wp-content\/uploads\/2024\/06\/Halstertouw-Harbour-Island-met-paniek-haak-Salie.jpg","type":"image\/jpeg"}],"twitter_card":"summary_large_image","twitter_site":"@food4animals","twitter_misc":{"Gesch\u00e4tzte Lesezeit":"1\u00a0Minute"},"schema":{"@context":"https:\/\/schema.org","@graph":[{"@type":"WebPage","@id":"https:\/\/www.food4animals.nl\/product\/halstertouw-harbour-island-met-paniek-haak\/","url":"https:\/\/www.food4animals.nl\/product\/halstertouw-harbour-island-met-paniek-haak\/","name":"Halteleine -Hafeninsel- mit Panikhaken - Food4animals","isPartOf":{"@id":"https:\/\/www.food4animals.nl\/en\/#website"},"primaryImageOfPage":{"@id":"https:\/\/www.food4animals.nl\/product\/halstertouw-harbour-island-met-paniek-haak\/#primaryimage"},"image":{"@id":"https:\/\/www.food4animals.nl\/product\/halstertouw-harbour-island-met-paniek-haak\/#primaryimage"},"thumbnailUrl":"https:\/\/www.food4animals.nl\/wp-content\/uploads\/2024\/06\/Halstertouw-Harbour-Island-met-paniek-haak-Salie.jpg","datePublished":"2024-06-19T11:12:24+00:00","dateModified":"2024-06-19T12:53:24+00:00","breadcrumb":{"@id":"https:\/\/www.food4animals.nl\/product\/halstertouw-harbour-island-met-paniek-haak\/#breadcrumb"},"inLanguage":"de","potentialAction":[{"@type":"ReadAction","target":["https:\/\/www.food4animals.nl\/product\/halstertouw-harbour-island-met-paniek-haak\/"]}]},{"@type":"ImageObject","inLanguage":"de","@id":"https:\/\/www.food4animals.nl\/product\/halstertouw-harbour-island-met-paniek-haak\/#primaryimage","url":"https:\/\/www.food4animals.nl\/wp-content\/uploads\/2024\/06\/Halstertouw-Harbour-Island-met-paniek-haak-Salie.jpg","contentUrl":"https:\/\/www.food4animals.nl\/wp-content\/uploads\/2024\/06\/Halstertouw-Harbour-Island-met-paniek-haak-Salie.jpg","width":1133,"height":1168},{"@type":"BreadcrumbList","@id":"https:\/\/www.food4animals.nl\/product\/halstertouw-harbour-island-met-paniek-haak\/#breadcrumb","itemListElement":[{"@type":"ListItem","position":1,"name":"Home","item":"https:\/\/www.food4animals.nl\/"},{"@type":"ListItem","position":2,"name":"Winkel","item":"https:\/\/www.food4animals.nl\/winkel\/"},{"@type":"ListItem","position":3,"name":"Halstertouw -Harbour Island- met paniek haak"}]},{"@type":"WebSite","@id":"https:\/\/www.food4animals.nl\/en\/#website","url":"https:\/\/www.food4animals.nl\/en\/","name":"Lebensmittel4Tiere","description":"Alles f\u00fcr Reiter und Tier","publisher":{"@id":"https:\/\/www.food4animals.nl\/en\/#organization"},"potentialAction":[{"@type":"SearchAction","target":{"@type":"EntryPoint","urlTemplate":"https:\/\/www.food4animals.nl\/en\/?s={search_term_string}"},"query-input":{"@type":"PropertyValueSpecification","valueRequired":true,"valueName":"search_term_string"}}],"inLanguage":"de"},{"@type":"Organization","@id":"https:\/\/www.food4animals.nl\/en\/#organization","name":"Lebensmittel4Tiere","url":"https:\/\/www.food4animals.nl\/en\/","logo":{"@type":"ImageObject","inLanguage":"de","@id":"https:\/\/www.food4animals.nl\/en\/#\/schema\/logo\/image\/","url":"https:\/\/www.food4animals.nl\/wp-content\/uploads\/2023\/10\/Logo.svg","contentUrl":"https:\/\/www.food4animals.nl\/wp-content\/uploads\/2023\/10\/Logo.svg","width":1,"height":1,"caption":"Food4animals"},"image":{"@id":"https:\/\/www.food4animals.nl\/en\/#\/schema\/logo\/image\/"},"sameAs":["https:\/\/www.facebook.com\/p\/Food4animals-100063861676074\/","https:\/\/x.com\/food4animals"]}]}},"_links":{"self":[{"href":"https:\/\/www.food4animals.nl\/de\/wp-json\/wp\/v2\/product\/25320","targetHints":{"allow":["GET"]}}],"collection":[{"href":"https:\/\/www.food4animals.nl\/de\/wp-json\/wp\/v2\/product"}],"about":[{"href":"https:\/\/www.food4animals.nl\/de\/wp-json\/wp\/v2\/types\/product"}],"wp:featuredmedia":[{"embeddable":true,"href":"https:\/\/www.food4animals.nl\/de\/wp-json\/wp\/v2\/media\/25322"}],"wp:attachment":[{"href":"https:\/\/www.food4animals.nl\/de\/wp-json\/wp\/v2\/media?parent=25320"}],"wp:term":[{"taxonomy":"product_brand","embeddable":true,"href":"https:\/\/www.food4animals.nl\/de\/wp-json\/wp\/v2\/product_brand?post=25320"},{"taxonomy":"product_cat","embeddable":true,"href":"https:\/\/www.food4animals.nl\/de\/wp-json\/wp\/v2\/product_cat?post=25320"},{"taxonomy":"product_tag","embeddable":true,"href":"https:\/\/www.food4animals.nl\/de\/wp-json\/wp\/v2\/product_tag?post=25320"}],"curies":[{"name":"wp","href":"https:\/\/api.w.org\/{rel}","templated":true}]}}