{"id":25338,"date":"2024-06-28T09:54:27","date_gmt":"2024-06-28T08:54:27","guid":{"rendered":"https:\/\/www.food4animals.nl\/?post_type=product&#038;p=25338"},"modified":"2024-06-28T09:54:27","modified_gmt":"2024-06-28T08:54:27","slug":"stabiles-hobby-pferdchen","status":"publish","type":"product","link":"https:\/\/www.food4animals.nl\/de\/produkt\/stabiles-hobby-pferdchen\/","title":{"rendered":"Stall -Hobby Horsing-"},"content":{"rendered":"<ul>\n<li>inklusive 4 Haken zum Aufh\u00e4ngen von Hobby Horse Zubeh\u00f6r<\/li>\n<li>geeignet f\u00fcr Steckenpferde und Hobbypferde<\/li>\n<li>MDF und Holzmelamin<\/li>\n<li>mit abnehmbarem Futternapf<\/li>\n<li>Stall f\u00fcr Hobbypferde<\/li>\n<li>Platz f\u00fcr zwei Steckenpferde<\/li>\n<li>Stallt\u00fcr kann mit einem Magneten ge\u00f6ffnet und wieder geschlossen werden<\/li>\n<li>Mobile Regale<\/li>\n<li>L\u00e4nge 34 cm, Breite 32 cm, H\u00f6he 85 cm<\/li>\n<\/ul>\n<p>Marke HKM Kids<\/p>\n<p>Bei HKM Sports Equipment haben wir bis jetzt keine Lagerpaarung.<\/p>\n<p>Bitte bestellen Sie per Post, damit wir zun\u00e4chst pr\u00fcfen k\u00f6nnen, ob wir liefern k\u00f6nnen.<\/p>\n<p>Sie erhalten 10% Rechnungsrabatt.<\/p>","protected":false},"excerpt":{"rendered":"[embed]https:\/\/www.youtube.com\/watch?v=amt4KyiMKSw[\/embed]\n","protected":false},"featured_media":25341,"template":"","meta":{"_acf_changed":false},"product_brand":[],"product_cat":[988,4178],"product_tag":[4179,4181],"class_list":{"0":"post-25338","1":"product","2":"type-product","3":"status-publish","4":"has-post-thumbnail","6":"product_cat-ruitershop","7":"product_cat-speelgoed-ruitershop","8":"product_tag-hobby-horse","9":"product_tag-stokpaard","10":"tax_brand-hkm-sports-com","12":"first","13":"onbackorder","14":"sale","15":"taxable","16":"shipping-taxable","17":"purchasable","18":"product-type-simple"},"acf":[],"yoast_head":"<!-- This site is optimized with the Yoast SEO plugin v27.2 - https:\/\/yoast.com\/product\/yoast-seo-wordpress\/ -->\n<title>Stal -Hobby Horsing- Food4animals<\/title>\n<meta name=\"robots\" content=\"index, follow, max-snippet:-1, max-image-preview:large, max-video-preview:-1\" \/>\n<link rel=\"canonical\" href=\"https:\/\/www.food4animals.nl\/de\/produkt\/stabiles-hobby-pferdchen\/\" \/>\n<meta property=\"og:locale\" content=\"de_DE\" \/>\n<meta property=\"og:type\" content=\"article\" \/>\n<meta property=\"og:title\" content=\"Stal -Hobby Horsing- Food4animals\" \/>\n<meta property=\"og:url\" content=\"https:\/\/www.food4animals.nl\/de\/produkt\/stabiles-hobby-pferdchen\/\" \/>\n<meta property=\"og:site_name\" content=\"Food4animals\" \/>\n<meta property=\"article:publisher\" content=\"https:\/\/www.facebook.com\/p\/Food4animals-100063861676074\/\" \/>\n<meta property=\"og:image\" content=\"https:\/\/www.food4animals.nl\/wp-content\/uploads\/2024\/06\/Stal-Hobby-Horsing-.jpg\" \/>\n\t<meta property=\"og:image:width\" content=\"1680\" \/>\n\t<meta property=\"og:image:height\" content=\"2520\" \/>\n\t<meta property=\"og:image:type\" content=\"image\/jpeg\" \/>\n<meta name=\"twitter:card\" content=\"summary_large_image\" \/>\n<meta name=\"twitter:description\" content=\"[embed]https:\/\/www.youtube.com\/watch?v=amt4KyiMKSw[\/embed]\" \/>\n<meta name=\"twitter:site\" content=\"@food4animals\" \/>\n<meta name=\"twitter:label1\" content=\"Gesch\u00e4tzte Lesezeit\" \/>\n\t<meta name=\"twitter:data1\" content=\"1\u00a0Minute\" \/>\n<script type=\"application\/ld+json\" class=\"yoast-schema-graph\">{\"@context\":\"https:\/\/schema.org\",\"@graph\":[{\"@type\":\"WebPage\",\"@id\":\"https:\/\/www.food4animals.nl\/product\/stal-hobby-horsing\/\",\"url\":\"https:\/\/www.food4animals.nl\/product\/stal-hobby-horsing\/\",\"name\":\"Stal -Hobby Horsing- Food4animals\",\"isPartOf\":{\"@id\":\"https:\/\/www.food4animals.nl\/en\/#website\"},\"primaryImageOfPage\":{\"@id\":\"https:\/\/www.food4animals.nl\/product\/stal-hobby-horsing\/#primaryimage\"},\"image\":{\"@id\":\"https:\/\/www.food4animals.nl\/product\/stal-hobby-horsing\/#primaryimage\"},\"thumbnailUrl\":\"https:\/\/www.food4animals.nl\/wp-content\/uploads\/2024\/06\/Stal-Hobby-Horsing-.jpg\",\"datePublished\":\"2024-06-28T08:54:27+00:00\",\"breadcrumb\":{\"@id\":\"https:\/\/www.food4animals.nl\/product\/stal-hobby-horsing\/#breadcrumb\"},\"inLanguage\":\"de\",\"potentialAction\":[{\"@type\":\"ReadAction\",\"target\":[\"https:\/\/www.food4animals.nl\/product\/stal-hobby-horsing\/\"]}]},{\"@type\":\"ImageObject\",\"inLanguage\":\"de\",\"@id\":\"https:\/\/www.food4animals.nl\/product\/stal-hobby-horsing\/#primaryimage\",\"url\":\"https:\/\/www.food4animals.nl\/wp-content\/uploads\/2024\/06\/Stal-Hobby-Horsing-.jpg\",\"contentUrl\":\"https:\/\/www.food4animals.nl\/wp-content\/uploads\/2024\/06\/Stal-Hobby-Horsing-.jpg\",\"width\":1680,\"height\":2520},{\"@type\":\"BreadcrumbList\",\"@id\":\"https:\/\/www.food4animals.nl\/product\/stal-hobby-horsing\/#breadcrumb\",\"itemListElement\":[{\"@type\":\"ListItem\",\"position\":1,\"name\":\"Home\",\"item\":\"https:\/\/www.food4animals.nl\/\"},{\"@type\":\"ListItem\",\"position\":2,\"name\":\"Winkel\",\"item\":\"https:\/\/www.food4animals.nl\/winkel\/\"},{\"@type\":\"ListItem\",\"position\":3,\"name\":\"Stal -Hobby Horsing-\"}]},{\"@type\":\"WebSite\",\"@id\":\"https:\/\/www.food4animals.nl\/en\/#website\",\"url\":\"https:\/\/www.food4animals.nl\/en\/\",\"name\":\"Food4animals\",\"description\":\"Alles voor Ruiter en Dier\",\"publisher\":{\"@id\":\"https:\/\/www.food4animals.nl\/en\/#organization\"},\"potentialAction\":[{\"@type\":\"SearchAction\",\"target\":{\"@type\":\"EntryPoint\",\"urlTemplate\":\"https:\/\/www.food4animals.nl\/en\/?s={search_term_string}\"},\"query-input\":{\"@type\":\"PropertyValueSpecification\",\"valueRequired\":true,\"valueName\":\"search_term_string\"}}],\"inLanguage\":\"de\"},{\"@type\":\"Organization\",\"@id\":\"https:\/\/www.food4animals.nl\/en\/#organization\",\"name\":\"Food4animals\",\"url\":\"https:\/\/www.food4animals.nl\/en\/\",\"logo\":{\"@type\":\"ImageObject\",\"inLanguage\":\"de\",\"@id\":\"https:\/\/www.food4animals.nl\/en\/#\/schema\/logo\/image\/\",\"url\":\"https:\/\/www.food4animals.nl\/wp-content\/uploads\/2023\/10\/Logo.svg\",\"contentUrl\":\"https:\/\/www.food4animals.nl\/wp-content\/uploads\/2023\/10\/Logo.svg\",\"width\":1,\"height\":1,\"caption\":\"Food4animals\"},\"image\":{\"@id\":\"https:\/\/www.food4animals.nl\/en\/#\/schema\/logo\/image\/\"},\"sameAs\":[\"https:\/\/www.facebook.com\/p\/Food4animals-100063861676074\/\",\"https:\/\/x.com\/food4animals\"]}]}<\/script>\n<!-- \/ Yoast SEO plugin. -->","yoast_head_json":{"title":"Stall -Hobby Horsing- Food4animals","robots":{"index":"index","follow":"follow","max-snippet":"max-snippet:-1","max-image-preview":"max-image-preview:large","max-video-preview":"max-video-preview:-1"},"canonical":"https:\/\/www.food4animals.nl\/de\/produkt\/stabiles-hobby-pferdchen\/","og_locale":"de_DE","og_type":"article","og_title":"Stal -Hobby Horsing- Food4animals","og_url":"https:\/\/www.food4animals.nl\/de\/produkt\/stabiles-hobby-pferdchen\/","og_site_name":"Food4animals","article_publisher":"https:\/\/www.facebook.com\/p\/Food4animals-100063861676074\/","og_image":[{"width":1680,"height":2520,"url":"https:\/\/www.food4animals.nl\/wp-content\/uploads\/2024\/06\/Stal-Hobby-Horsing-.jpg","type":"image\/jpeg"}],"twitter_card":"summary_large_image","twitter_description":"[embed]https:\/\/www.youtube.com\/watch?v=amt4KyiMKSw[\/embed]","twitter_site":"@food4animals","twitter_misc":{"Gesch\u00e4tzte Lesezeit":"1\u00a0Minute"},"schema":{"@context":"https:\/\/schema.org","@graph":[{"@type":"WebPage","@id":"https:\/\/www.food4animals.nl\/product\/stal-hobby-horsing\/","url":"https:\/\/www.food4animals.nl\/product\/stal-hobby-horsing\/","name":"Stall -Hobby Horsing- Food4animals","isPartOf":{"@id":"https:\/\/www.food4animals.nl\/en\/#website"},"primaryImageOfPage":{"@id":"https:\/\/www.food4animals.nl\/product\/stal-hobby-horsing\/#primaryimage"},"image":{"@id":"https:\/\/www.food4animals.nl\/product\/stal-hobby-horsing\/#primaryimage"},"thumbnailUrl":"https:\/\/www.food4animals.nl\/wp-content\/uploads\/2024\/06\/Stal-Hobby-Horsing-.jpg","datePublished":"2024-06-28T08:54:27+00:00","breadcrumb":{"@id":"https:\/\/www.food4animals.nl\/product\/stal-hobby-horsing\/#breadcrumb"},"inLanguage":"de","potentialAction":[{"@type":"ReadAction","target":["https:\/\/www.food4animals.nl\/product\/stal-hobby-horsing\/"]}]},{"@type":"ImageObject","inLanguage":"de","@id":"https:\/\/www.food4animals.nl\/product\/stal-hobby-horsing\/#primaryimage","url":"https:\/\/www.food4animals.nl\/wp-content\/uploads\/2024\/06\/Stal-Hobby-Horsing-.jpg","contentUrl":"https:\/\/www.food4animals.nl\/wp-content\/uploads\/2024\/06\/Stal-Hobby-Horsing-.jpg","width":1680,"height":2520},{"@type":"BreadcrumbList","@id":"https:\/\/www.food4animals.nl\/product\/stal-hobby-horsing\/#breadcrumb","itemListElement":[{"@type":"ListItem","position":1,"name":"Home","item":"https:\/\/www.food4animals.nl\/"},{"@type":"ListItem","position":2,"name":"Winkel","item":"https:\/\/www.food4animals.nl\/winkel\/"},{"@type":"ListItem","position":3,"name":"Stal -Hobby Horsing-"}]},{"@type":"WebSite","@id":"https:\/\/www.food4animals.nl\/en\/#website","url":"https:\/\/www.food4animals.nl\/en\/","name":"Lebensmittel4Tiere","description":"Alles f\u00fcr Reiter und Tier","publisher":{"@id":"https:\/\/www.food4animals.nl\/en\/#organization"},"potentialAction":[{"@type":"SearchAction","target":{"@type":"EntryPoint","urlTemplate":"https:\/\/www.food4animals.nl\/en\/?s={search_term_string}"},"query-input":{"@type":"PropertyValueSpecification","valueRequired":true,"valueName":"search_term_string"}}],"inLanguage":"de"},{"@type":"Organization","@id":"https:\/\/www.food4animals.nl\/en\/#organization","name":"Lebensmittel4Tiere","url":"https:\/\/www.food4animals.nl\/en\/","logo":{"@type":"ImageObject","inLanguage":"de","@id":"https:\/\/www.food4animals.nl\/en\/#\/schema\/logo\/image\/","url":"https:\/\/www.food4animals.nl\/wp-content\/uploads\/2023\/10\/Logo.svg","contentUrl":"https:\/\/www.food4animals.nl\/wp-content\/uploads\/2023\/10\/Logo.svg","width":1,"height":1,"caption":"Food4animals"},"image":{"@id":"https:\/\/www.food4animals.nl\/en\/#\/schema\/logo\/image\/"},"sameAs":["https:\/\/www.facebook.com\/p\/Food4animals-100063861676074\/","https:\/\/x.com\/food4animals"]}]}},"_links":{"self":[{"href":"https:\/\/www.food4animals.nl\/de\/wp-json\/wp\/v2\/product\/25338","targetHints":{"allow":["GET"]}}],"collection":[{"href":"https:\/\/www.food4animals.nl\/de\/wp-json\/wp\/v2\/product"}],"about":[{"href":"https:\/\/www.food4animals.nl\/de\/wp-json\/wp\/v2\/types\/product"}],"wp:featuredmedia":[{"embeddable":true,"href":"https:\/\/www.food4animals.nl\/de\/wp-json\/wp\/v2\/media\/25341"}],"wp:attachment":[{"href":"https:\/\/www.food4animals.nl\/de\/wp-json\/wp\/v2\/media?parent=25338"}],"wp:term":[{"taxonomy":"product_brand","embeddable":true,"href":"https:\/\/www.food4animals.nl\/de\/wp-json\/wp\/v2\/product_brand?post=25338"},{"taxonomy":"product_cat","embeddable":true,"href":"https:\/\/www.food4animals.nl\/de\/wp-json\/wp\/v2\/product_cat?post=25338"},{"taxonomy":"product_tag","embeddable":true,"href":"https:\/\/www.food4animals.nl\/de\/wp-json\/wp\/v2\/product_tag?post=25338"}],"curies":[{"name":"wp","href":"https:\/\/api.w.org\/{rel}","templated":true}]}}