{"id":26039,"date":"2024-08-01T23:38:38","date_gmt":"2024-08-01T22:38:38","guid":{"rendered":"https:\/\/www.food4animals.nl\/product\/drukspuit-brio-lans-verlenging-40cm\/"},"modified":"2026-04-10T01:14:22","modified_gmt":"2026-04-10T00:14:22","slug":"drukspuit-brio-lans-verlenging-40cm","status":"publish","type":"product","link":"https:\/\/www.food4animals.nl\/de\/produkt\/drukspuit-brio-lans-verlenging-40cm\/","title":{"rendered":"Druckspr\u00fchger\u00e4t Brio Lance Verl\u00e4ngerung 40cm"},"content":{"rendered":"<p><strong>Lans voor Brio 5 (<a href=\"\/nl\/product\/1710\/9217\/rund\/reiniging-ontsmetting\/drukspuiten\/drukspuit-brio-5-ltr\">druk05000<\/a>), Gamma 5 (<a href=\"\/nl\/product\/1710\/12344\/rund\/reiniging-ontsmetting\/drukspuiten\/drukspuit-gamma-5-ltr-with-telescopic\">druk05005<\/a>), Brio 10 (<a href=\"\/nl\/product\/1710\/9218\/rund\/reiniging-ontsmetting\/drukspuiten\/drukspuit-brio-10-ltr\">druk10000<\/a>), Carry 15 ltr. (<a href=\"\/nl\/product\/1710\/11542\/rund\/reiniging-ontsmetting\/drukspuiten\/drukspuit-carry-with-trolley-15-ltr\">druk15000<\/a>), Viva electric (<a href=\"\/nl\/product\/1710\/12126\/rund\/reiniging-ontsmetting\/drukspuiten\/drukspuit-viva-electric-7-ltr\">druk07000<\/a>), Miura 16 (<a href=\"\/nl\/product\/1710\/9274\/rund\/reiniging-ontsmetting\/drukspuiten\/drukspuit-miura-16-ltr\">druk16000<\/a>).<br \/>&#xA0;<br \/>Inhalt:<\/strong><br \/>&#x2022; Lans van 40cm, volledig kunststof<\/p>","protected":false},"excerpt":{"rendered":"<p>Lans voor Brio 5, Gamma 5, Brio 10, Carry 15 ltr, Viva electric, Miura 16.<\/p><\/p>","protected":false},"featured_media":26040,"template":"","meta":{"_acf_changed":false},"product_brand":[],"product_cat":[1333,1640],"product_tag":[4210,4209,4211,1335,1865],"class_list":{"0":"post-26039","1":"product","2":"type-product","3":"status-publish","4":"has-post-thumbnail","6":"product_cat-drukspuit","7":"product_cat-onderdelen","8":"product_tag-brio-10","9":"product_tag-brio-5","10":"product_tag-carry-15-l","11":"product_tag-onderdelen","12":"product_tag-viva-electric","14":"first","15":"instock","16":"taxable","17":"shipping-taxable","18":"purchasable","19":"product-type-simple"},"acf":[],"yoast_head":"<!-- This site is optimized with the Yoast SEO plugin v27.2 - https:\/\/yoast.com\/product\/yoast-seo-wordpress\/ -->\n<title>Drukspuit Brio Lans verlenging 40cm - Food4animals<\/title>\n<meta name=\"robots\" content=\"index, follow, max-snippet:-1, max-image-preview:large, max-video-preview:-1\" \/>\n<link rel=\"canonical\" href=\"https:\/\/www.food4animals.nl\/de\/produkt\/drukspuit-brio-lans-verlenging-40cm\/\" \/>\n<meta property=\"og:locale\" content=\"de_DE\" \/>\n<meta property=\"og:type\" content=\"article\" \/>\n<meta property=\"og:title\" content=\"Drukspuit Brio Lans verlenging 40cm - Food4animals\" \/>\n<meta property=\"og:description\" content=\"Lans voor Brio 5, Gamma 5, Brio 10, Carry 15 ltr, Viva electric, Miura 16.\" \/>\n<meta property=\"og:url\" content=\"https:\/\/www.food4animals.nl\/de\/produkt\/drukspuit-brio-lans-verlenging-40cm\/\" \/>\n<meta property=\"og:site_name\" content=\"Food4animals\" \/>\n<meta property=\"article:publisher\" content=\"https:\/\/www.facebook.com\/p\/Food4animals-100063861676074\/\" \/>\n<meta property=\"article:modified_time\" content=\"2026-04-10T00:14:22+00:00\" \/>\n<meta property=\"og:image\" content=\"https:\/\/www.food4animals.nl\/wp-content\/uploads\/2024\/08\/266779.png\" \/>\n\t<meta property=\"og:image:width\" content=\"117\" \/>\n\t<meta property=\"og:image:height\" content=\"700\" \/>\n\t<meta property=\"og:image:type\" content=\"image\/png\" \/>\n<meta name=\"twitter:card\" content=\"summary_large_image\" \/>\n<meta name=\"twitter:site\" content=\"@food4animals\" \/>\n<script type=\"application\/ld+json\" class=\"yoast-schema-graph\">{\"@context\":\"https:\/\/schema.org\",\"@graph\":[{\"@type\":\"WebPage\",\"@id\":\"https:\/\/www.food4animals.nl\/product\/drukspuit-brio-lans-verlenging-40cm\/\",\"url\":\"https:\/\/www.food4animals.nl\/product\/drukspuit-brio-lans-verlenging-40cm\/\",\"name\":\"Drukspuit Brio Lans verlenging 40cm - Food4animals\",\"isPartOf\":{\"@id\":\"https:\/\/www.food4animals.nl\/en\/#website\"},\"primaryImageOfPage\":{\"@id\":\"https:\/\/www.food4animals.nl\/product\/drukspuit-brio-lans-verlenging-40cm\/#primaryimage\"},\"image\":{\"@id\":\"https:\/\/www.food4animals.nl\/product\/drukspuit-brio-lans-verlenging-40cm\/#primaryimage\"},\"thumbnailUrl\":\"https:\/\/www.food4animals.nl\/wp-content\/uploads\/2024\/08\/266779.png\",\"datePublished\":\"2024-08-01T22:38:38+00:00\",\"dateModified\":\"2026-04-10T00:14:22+00:00\",\"breadcrumb\":{\"@id\":\"https:\/\/www.food4animals.nl\/product\/drukspuit-brio-lans-verlenging-40cm\/#breadcrumb\"},\"inLanguage\":\"de\",\"potentialAction\":[{\"@type\":\"ReadAction\",\"target\":[\"https:\/\/www.food4animals.nl\/product\/drukspuit-brio-lans-verlenging-40cm\/\"]}]},{\"@type\":\"ImageObject\",\"inLanguage\":\"de\",\"@id\":\"https:\/\/www.food4animals.nl\/product\/drukspuit-brio-lans-verlenging-40cm\/#primaryimage\",\"url\":\"https:\/\/www.food4animals.nl\/wp-content\/uploads\/2024\/08\/266779.png\",\"contentUrl\":\"https:\/\/www.food4animals.nl\/wp-content\/uploads\/2024\/08\/266779.png\",\"width\":117,\"height\":700},{\"@type\":\"BreadcrumbList\",\"@id\":\"https:\/\/www.food4animals.nl\/product\/drukspuit-brio-lans-verlenging-40cm\/#breadcrumb\",\"itemListElement\":[{\"@type\":\"ListItem\",\"position\":1,\"name\":\"Home\",\"item\":\"https:\/\/www.food4animals.nl\/\"},{\"@type\":\"ListItem\",\"position\":2,\"name\":\"Winkel\",\"item\":\"https:\/\/www.food4animals.nl\/winkel\/\"},{\"@type\":\"ListItem\",\"position\":3,\"name\":\"Drukspuit Brio Lans verlenging 40cm\"}]},{\"@type\":\"WebSite\",\"@id\":\"https:\/\/www.food4animals.nl\/en\/#website\",\"url\":\"https:\/\/www.food4animals.nl\/en\/\",\"name\":\"Food4animals\",\"description\":\"Alles voor Ruiter en Dier\",\"publisher\":{\"@id\":\"https:\/\/www.food4animals.nl\/en\/#organization\"},\"potentialAction\":[{\"@type\":\"SearchAction\",\"target\":{\"@type\":\"EntryPoint\",\"urlTemplate\":\"https:\/\/www.food4animals.nl\/en\/?s={search_term_string}\"},\"query-input\":{\"@type\":\"PropertyValueSpecification\",\"valueRequired\":true,\"valueName\":\"search_term_string\"}}],\"inLanguage\":\"de\"},{\"@type\":\"Organization\",\"@id\":\"https:\/\/www.food4animals.nl\/en\/#organization\",\"name\":\"Food4animals\",\"url\":\"https:\/\/www.food4animals.nl\/en\/\",\"logo\":{\"@type\":\"ImageObject\",\"inLanguage\":\"de\",\"@id\":\"https:\/\/www.food4animals.nl\/en\/#\/schema\/logo\/image\/\",\"url\":\"https:\/\/www.food4animals.nl\/wp-content\/uploads\/2023\/10\/Logo.svg\",\"contentUrl\":\"https:\/\/www.food4animals.nl\/wp-content\/uploads\/2023\/10\/Logo.svg\",\"width\":1,\"height\":1,\"caption\":\"Food4animals\"},\"image\":{\"@id\":\"https:\/\/www.food4animals.nl\/en\/#\/schema\/logo\/image\/\"},\"sameAs\":[\"https:\/\/www.facebook.com\/p\/Food4animals-100063861676074\/\",\"https:\/\/x.com\/food4animals\"]}]}<\/script>\n<!-- \/ Yoast SEO plugin. -->","yoast_head_json":{"title":"Drukspuit Brio Lans verlenging 40cm - Food4animals","robots":{"index":"index","follow":"follow","max-snippet":"max-snippet:-1","max-image-preview":"max-image-preview:large","max-video-preview":"max-video-preview:-1"},"canonical":"https:\/\/www.food4animals.nl\/de\/produkt\/drukspuit-brio-lans-verlenging-40cm\/","og_locale":"de_DE","og_type":"article","og_title":"Drukspuit Brio Lans verlenging 40cm - Food4animals","og_description":"Lans voor Brio 5, Gamma 5, Brio 10, Carry 15 ltr, Viva electric, Miura 16.","og_url":"https:\/\/www.food4animals.nl\/de\/produkt\/drukspuit-brio-lans-verlenging-40cm\/","og_site_name":"Food4animals","article_publisher":"https:\/\/www.facebook.com\/p\/Food4animals-100063861676074\/","article_modified_time":"2026-04-10T00:14:22+00:00","og_image":[{"width":117,"height":700,"url":"https:\/\/www.food4animals.nl\/wp-content\/uploads\/2024\/08\/266779.png","type":"image\/png"}],"twitter_card":"summary_large_image","twitter_site":"@food4animals","schema":{"@context":"https:\/\/schema.org","@graph":[{"@type":"WebPage","@id":"https:\/\/www.food4animals.nl\/product\/drukspuit-brio-lans-verlenging-40cm\/","url":"https:\/\/www.food4animals.nl\/product\/drukspuit-brio-lans-verlenging-40cm\/","name":"Drukspuit Brio Lans verlenging 40cm - Food4animals","isPartOf":{"@id":"https:\/\/www.food4animals.nl\/en\/#website"},"primaryImageOfPage":{"@id":"https:\/\/www.food4animals.nl\/product\/drukspuit-brio-lans-verlenging-40cm\/#primaryimage"},"image":{"@id":"https:\/\/www.food4animals.nl\/product\/drukspuit-brio-lans-verlenging-40cm\/#primaryimage"},"thumbnailUrl":"https:\/\/www.food4animals.nl\/wp-content\/uploads\/2024\/08\/266779.png","datePublished":"2024-08-01T22:38:38+00:00","dateModified":"2026-04-10T00:14:22+00:00","breadcrumb":{"@id":"https:\/\/www.food4animals.nl\/product\/drukspuit-brio-lans-verlenging-40cm\/#breadcrumb"},"inLanguage":"de","potentialAction":[{"@type":"ReadAction","target":["https:\/\/www.food4animals.nl\/product\/drukspuit-brio-lans-verlenging-40cm\/"]}]},{"@type":"ImageObject","inLanguage":"de","@id":"https:\/\/www.food4animals.nl\/product\/drukspuit-brio-lans-verlenging-40cm\/#primaryimage","url":"https:\/\/www.food4animals.nl\/wp-content\/uploads\/2024\/08\/266779.png","contentUrl":"https:\/\/www.food4animals.nl\/wp-content\/uploads\/2024\/08\/266779.png","width":117,"height":700},{"@type":"BreadcrumbList","@id":"https:\/\/www.food4animals.nl\/product\/drukspuit-brio-lans-verlenging-40cm\/#breadcrumb","itemListElement":[{"@type":"ListItem","position":1,"name":"Home","item":"https:\/\/www.food4animals.nl\/"},{"@type":"ListItem","position":2,"name":"Winkel","item":"https:\/\/www.food4animals.nl\/winkel\/"},{"@type":"ListItem","position":3,"name":"Drukspuit Brio Lans verlenging 40cm"}]},{"@type":"WebSite","@id":"https:\/\/www.food4animals.nl\/en\/#website","url":"https:\/\/www.food4animals.nl\/en\/","name":"Lebensmittel4Tiere","description":"Alles f\u00fcr Reiter und Tier","publisher":{"@id":"https:\/\/www.food4animals.nl\/en\/#organization"},"potentialAction":[{"@type":"SearchAction","target":{"@type":"EntryPoint","urlTemplate":"https:\/\/www.food4animals.nl\/en\/?s={search_term_string}"},"query-input":{"@type":"PropertyValueSpecification","valueRequired":true,"valueName":"search_term_string"}}],"inLanguage":"de"},{"@type":"Organization","@id":"https:\/\/www.food4animals.nl\/en\/#organization","name":"Lebensmittel4Tiere","url":"https:\/\/www.food4animals.nl\/en\/","logo":{"@type":"ImageObject","inLanguage":"de","@id":"https:\/\/www.food4animals.nl\/en\/#\/schema\/logo\/image\/","url":"https:\/\/www.food4animals.nl\/wp-content\/uploads\/2023\/10\/Logo.svg","contentUrl":"https:\/\/www.food4animals.nl\/wp-content\/uploads\/2023\/10\/Logo.svg","width":1,"height":1,"caption":"Food4animals"},"image":{"@id":"https:\/\/www.food4animals.nl\/en\/#\/schema\/logo\/image\/"},"sameAs":["https:\/\/www.facebook.com\/p\/Food4animals-100063861676074\/","https:\/\/x.com\/food4animals"]}]}},"_links":{"self":[{"href":"https:\/\/www.food4animals.nl\/de\/wp-json\/wp\/v2\/product\/26039","targetHints":{"allow":["GET"]}}],"collection":[{"href":"https:\/\/www.food4animals.nl\/de\/wp-json\/wp\/v2\/product"}],"about":[{"href":"https:\/\/www.food4animals.nl\/de\/wp-json\/wp\/v2\/types\/product"}],"wp:featuredmedia":[{"embeddable":true,"href":"https:\/\/www.food4animals.nl\/de\/wp-json\/wp\/v2\/media\/26040"}],"wp:attachment":[{"href":"https:\/\/www.food4animals.nl\/de\/wp-json\/wp\/v2\/media?parent=26039"}],"wp:term":[{"taxonomy":"product_brand","embeddable":true,"href":"https:\/\/www.food4animals.nl\/de\/wp-json\/wp\/v2\/product_brand?post=26039"},{"taxonomy":"product_cat","embeddable":true,"href":"https:\/\/www.food4animals.nl\/de\/wp-json\/wp\/v2\/product_cat?post=26039"},{"taxonomy":"product_tag","embeddable":true,"href":"https:\/\/www.food4animals.nl\/de\/wp-json\/wp\/v2\/product_tag?post=26039"}],"curies":[{"name":"wp","href":"https:\/\/api.w.org\/{rel}","templated":true}]}}