{"id":26274,"date":"2024-08-01T23:50:42","date_gmt":"2024-08-01T22:50:42","guid":{"rendered":"https:\/\/www.food4animals.nl\/product\/mesto-flori-spuitlans-met-nozzle\/"},"modified":"2026-04-10T01:34:41","modified_gmt":"2026-04-10T00:34:41","slug":"mesto-flori-spuitlans-met-nozzle","status":"publish","type":"product","link":"https:\/\/www.food4animals.nl\/de\/produkt\/mesto-flori-spuitlans-met-nozzle\/","title":{"rendered":"Mesto Flori Spr\u00fchlanze mit D\u00fcse"},"content":{"rendered":"<p><strong>Mesto Flori Spr\u00fchlanze mit D\u00fcse<\/strong><br \/>Spritzlanze mit D\u00fcse 1,1 mm f\u00fcr <a href=\"\/nl\/product\/1710\/16276\/rund\/reiniging-ontsmetting\/drukspuiten\/mesto-flori-5-liter\">Mesto Flori 5 liter (MEST3232R)<\/a>.<\/p>\n<p><strong>Format<\/strong><br \/>52 cm<\/p>","protected":false},"excerpt":{"rendered":"<p><span>Spuitlans inclusief spuitdop 1,1 mm voor&#xA0;<\/span><a href=\"\/nl\/product\/1710\/16276\/rund\/reiniging-ontsmetting\/drukspuiten\/mesto-flori-5-liter\">Mesto Flori 5 liter (MEST3232R)<\/a><span>.<\/span><\/p>","protected":false},"featured_media":26275,"template":"","meta":{"_acf_changed":false},"product_brand":[],"product_cat":[1333,1640],"product_tag":[2746,3760,1335,843,814,839,844],"class_list":{"0":"post-26274","1":"product","2":"type-product","3":"status-publish","4":"has-post-thumbnail","6":"product_cat-drukspuit","7":"product_cat-onderdelen","8":"product_tag-mesto","9":"product_tag-mesto-flori-5-l","10":"product_tag-onderdelen","11":"product_tag-paard","12":"product_tag-rund","13":"product_tag-schaap-en-geit","14":"product_tag-varken","15":"tax_brand-mesto","17":"first","18":"instock","19":"taxable","20":"shipping-taxable","21":"purchasable","22":"product-type-simple"},"acf":[],"yoast_head":"<!-- This site is optimized with the Yoast SEO plugin v27.2 - https:\/\/yoast.com\/product\/yoast-seo-wordpress\/ -->\n<title>Mesto Flori Spuitlans met nozzle - Food4animals<\/title>\n<meta name=\"robots\" content=\"index, follow, max-snippet:-1, max-image-preview:large, max-video-preview:-1\" \/>\n<link rel=\"canonical\" href=\"https:\/\/www.food4animals.nl\/de\/produkt\/mesto-flori-spuitlans-met-nozzle\/\" \/>\n<meta property=\"og:locale\" content=\"de_DE\" \/>\n<meta property=\"og:type\" content=\"article\" \/>\n<meta property=\"og:title\" content=\"Mesto Flori Spuitlans met nozzle - Food4animals\" \/>\n<meta property=\"og:description\" content=\"Spuitlans inclusief spuitdop 1,1 mm voor&#xA0;Mesto Flori 5 liter (MEST3232R).\" \/>\n<meta property=\"og:url\" content=\"https:\/\/www.food4animals.nl\/de\/produkt\/mesto-flori-spuitlans-met-nozzle\/\" \/>\n<meta property=\"og:site_name\" content=\"Food4animals\" \/>\n<meta property=\"article:publisher\" content=\"https:\/\/www.facebook.com\/p\/Food4animals-100063861676074\/\" \/>\n<meta property=\"article:modified_time\" content=\"2026-04-10T00:34:41+00:00\" \/>\n<meta property=\"og:image\" content=\"https:\/\/www.food4animals.nl\/wp-content\/uploads\/2024\/08\/90542.png\" \/>\n\t<meta property=\"og:image:width\" content=\"1596\" \/>\n\t<meta property=\"og:image:height\" content=\"980\" \/>\n\t<meta property=\"og:image:type\" content=\"image\/png\" \/>\n<meta name=\"twitter:card\" content=\"summary_large_image\" \/>\n<meta name=\"twitter:site\" content=\"@food4animals\" \/>\n<script type=\"application\/ld+json\" class=\"yoast-schema-graph\">{\"@context\":\"https:\/\/schema.org\",\"@graph\":[{\"@type\":\"WebPage\",\"@id\":\"https:\/\/www.food4animals.nl\/product\/mesto-flori-spuitlans-met-nozzle\/\",\"url\":\"https:\/\/www.food4animals.nl\/product\/mesto-flori-spuitlans-met-nozzle\/\",\"name\":\"Mesto Flori Spuitlans met nozzle - Food4animals\",\"isPartOf\":{\"@id\":\"https:\/\/www.food4animals.nl\/en\/#website\"},\"primaryImageOfPage\":{\"@id\":\"https:\/\/www.food4animals.nl\/product\/mesto-flori-spuitlans-met-nozzle\/#primaryimage\"},\"image\":{\"@id\":\"https:\/\/www.food4animals.nl\/product\/mesto-flori-spuitlans-met-nozzle\/#primaryimage\"},\"thumbnailUrl\":\"https:\/\/www.food4animals.nl\/wp-content\/uploads\/2024\/08\/90542.png\",\"datePublished\":\"2024-08-01T22:50:42+00:00\",\"dateModified\":\"2026-04-10T00:34:41+00:00\",\"breadcrumb\":{\"@id\":\"https:\/\/www.food4animals.nl\/product\/mesto-flori-spuitlans-met-nozzle\/#breadcrumb\"},\"inLanguage\":\"de\",\"potentialAction\":[{\"@type\":\"ReadAction\",\"target\":[\"https:\/\/www.food4animals.nl\/product\/mesto-flori-spuitlans-met-nozzle\/\"]}]},{\"@type\":\"ImageObject\",\"inLanguage\":\"de\",\"@id\":\"https:\/\/www.food4animals.nl\/product\/mesto-flori-spuitlans-met-nozzle\/#primaryimage\",\"url\":\"https:\/\/www.food4animals.nl\/wp-content\/uploads\/2024\/08\/90542.png\",\"contentUrl\":\"https:\/\/www.food4animals.nl\/wp-content\/uploads\/2024\/08\/90542.png\",\"width\":1596,\"height\":980},{\"@type\":\"BreadcrumbList\",\"@id\":\"https:\/\/www.food4animals.nl\/product\/mesto-flori-spuitlans-met-nozzle\/#breadcrumb\",\"itemListElement\":[{\"@type\":\"ListItem\",\"position\":1,\"name\":\"Home\",\"item\":\"https:\/\/www.food4animals.nl\/\"},{\"@type\":\"ListItem\",\"position\":2,\"name\":\"Winkel\",\"item\":\"https:\/\/www.food4animals.nl\/winkel\/\"},{\"@type\":\"ListItem\",\"position\":3,\"name\":\"Mesto Flori Spuitlans met nozzle\"}]},{\"@type\":\"WebSite\",\"@id\":\"https:\/\/www.food4animals.nl\/en\/#website\",\"url\":\"https:\/\/www.food4animals.nl\/en\/\",\"name\":\"Food4animals\",\"description\":\"Alles voor Ruiter en Dier\",\"publisher\":{\"@id\":\"https:\/\/www.food4animals.nl\/en\/#organization\"},\"potentialAction\":[{\"@type\":\"SearchAction\",\"target\":{\"@type\":\"EntryPoint\",\"urlTemplate\":\"https:\/\/www.food4animals.nl\/en\/?s={search_term_string}\"},\"query-input\":{\"@type\":\"PropertyValueSpecification\",\"valueRequired\":true,\"valueName\":\"search_term_string\"}}],\"inLanguage\":\"de\"},{\"@type\":\"Organization\",\"@id\":\"https:\/\/www.food4animals.nl\/en\/#organization\",\"name\":\"Food4animals\",\"url\":\"https:\/\/www.food4animals.nl\/en\/\",\"logo\":{\"@type\":\"ImageObject\",\"inLanguage\":\"de\",\"@id\":\"https:\/\/www.food4animals.nl\/en\/#\/schema\/logo\/image\/\",\"url\":\"https:\/\/www.food4animals.nl\/wp-content\/uploads\/2023\/10\/Logo.svg\",\"contentUrl\":\"https:\/\/www.food4animals.nl\/wp-content\/uploads\/2023\/10\/Logo.svg\",\"width\":1,\"height\":1,\"caption\":\"Food4animals\"},\"image\":{\"@id\":\"https:\/\/www.food4animals.nl\/en\/#\/schema\/logo\/image\/\"},\"sameAs\":[\"https:\/\/www.facebook.com\/p\/Food4animals-100063861676074\/\",\"https:\/\/x.com\/food4animals\"]}]}<\/script>\n<!-- \/ Yoast SEO plugin. -->","yoast_head_json":{"title":"Mesto Flori Spuitlans met nozzle - Food4animals","robots":{"index":"index","follow":"follow","max-snippet":"max-snippet:-1","max-image-preview":"max-image-preview:large","max-video-preview":"max-video-preview:-1"},"canonical":"https:\/\/www.food4animals.nl\/de\/produkt\/mesto-flori-spuitlans-met-nozzle\/","og_locale":"de_DE","og_type":"article","og_title":"Mesto Flori Spuitlans met nozzle - Food4animals","og_description":"Spuitlans inclusief spuitdop 1,1 mm voor&#xA0;Mesto Flori 5 liter (MEST3232R).","og_url":"https:\/\/www.food4animals.nl\/de\/produkt\/mesto-flori-spuitlans-met-nozzle\/","og_site_name":"Food4animals","article_publisher":"https:\/\/www.facebook.com\/p\/Food4animals-100063861676074\/","article_modified_time":"2026-04-10T00:34:41+00:00","og_image":[{"width":1596,"height":980,"url":"https:\/\/www.food4animals.nl\/wp-content\/uploads\/2024\/08\/90542.png","type":"image\/png"}],"twitter_card":"summary_large_image","twitter_site":"@food4animals","schema":{"@context":"https:\/\/schema.org","@graph":[{"@type":"WebPage","@id":"https:\/\/www.food4animals.nl\/product\/mesto-flori-spuitlans-met-nozzle\/","url":"https:\/\/www.food4animals.nl\/product\/mesto-flori-spuitlans-met-nozzle\/","name":"Mesto Flori Spuitlans met nozzle - Food4animals","isPartOf":{"@id":"https:\/\/www.food4animals.nl\/en\/#website"},"primaryImageOfPage":{"@id":"https:\/\/www.food4animals.nl\/product\/mesto-flori-spuitlans-met-nozzle\/#primaryimage"},"image":{"@id":"https:\/\/www.food4animals.nl\/product\/mesto-flori-spuitlans-met-nozzle\/#primaryimage"},"thumbnailUrl":"https:\/\/www.food4animals.nl\/wp-content\/uploads\/2024\/08\/90542.png","datePublished":"2024-08-01T22:50:42+00:00","dateModified":"2026-04-10T00:34:41+00:00","breadcrumb":{"@id":"https:\/\/www.food4animals.nl\/product\/mesto-flori-spuitlans-met-nozzle\/#breadcrumb"},"inLanguage":"de","potentialAction":[{"@type":"ReadAction","target":["https:\/\/www.food4animals.nl\/product\/mesto-flori-spuitlans-met-nozzle\/"]}]},{"@type":"ImageObject","inLanguage":"de","@id":"https:\/\/www.food4animals.nl\/product\/mesto-flori-spuitlans-met-nozzle\/#primaryimage","url":"https:\/\/www.food4animals.nl\/wp-content\/uploads\/2024\/08\/90542.png","contentUrl":"https:\/\/www.food4animals.nl\/wp-content\/uploads\/2024\/08\/90542.png","width":1596,"height":980},{"@type":"BreadcrumbList","@id":"https:\/\/www.food4animals.nl\/product\/mesto-flori-spuitlans-met-nozzle\/#breadcrumb","itemListElement":[{"@type":"ListItem","position":1,"name":"Home","item":"https:\/\/www.food4animals.nl\/"},{"@type":"ListItem","position":2,"name":"Winkel","item":"https:\/\/www.food4animals.nl\/winkel\/"},{"@type":"ListItem","position":3,"name":"Mesto Flori Spuitlans met nozzle"}]},{"@type":"WebSite","@id":"https:\/\/www.food4animals.nl\/en\/#website","url":"https:\/\/www.food4animals.nl\/en\/","name":"Lebensmittel4Tiere","description":"Alles f\u00fcr Reiter und Tier","publisher":{"@id":"https:\/\/www.food4animals.nl\/en\/#organization"},"potentialAction":[{"@type":"SearchAction","target":{"@type":"EntryPoint","urlTemplate":"https:\/\/www.food4animals.nl\/en\/?s={search_term_string}"},"query-input":{"@type":"PropertyValueSpecification","valueRequired":true,"valueName":"search_term_string"}}],"inLanguage":"de"},{"@type":"Organization","@id":"https:\/\/www.food4animals.nl\/en\/#organization","name":"Lebensmittel4Tiere","url":"https:\/\/www.food4animals.nl\/en\/","logo":{"@type":"ImageObject","inLanguage":"de","@id":"https:\/\/www.food4animals.nl\/en\/#\/schema\/logo\/image\/","url":"https:\/\/www.food4animals.nl\/wp-content\/uploads\/2023\/10\/Logo.svg","contentUrl":"https:\/\/www.food4animals.nl\/wp-content\/uploads\/2023\/10\/Logo.svg","width":1,"height":1,"caption":"Food4animals"},"image":{"@id":"https:\/\/www.food4animals.nl\/en\/#\/schema\/logo\/image\/"},"sameAs":["https:\/\/www.facebook.com\/p\/Food4animals-100063861676074\/","https:\/\/x.com\/food4animals"]}]}},"_links":{"self":[{"href":"https:\/\/www.food4animals.nl\/de\/wp-json\/wp\/v2\/product\/26274","targetHints":{"allow":["GET"]}}],"collection":[{"href":"https:\/\/www.food4animals.nl\/de\/wp-json\/wp\/v2\/product"}],"about":[{"href":"https:\/\/www.food4animals.nl\/de\/wp-json\/wp\/v2\/types\/product"}],"wp:featuredmedia":[{"embeddable":true,"href":"https:\/\/www.food4animals.nl\/de\/wp-json\/wp\/v2\/media\/26275"}],"wp:attachment":[{"href":"https:\/\/www.food4animals.nl\/de\/wp-json\/wp\/v2\/media?parent=26274"}],"wp:term":[{"taxonomy":"product_brand","embeddable":true,"href":"https:\/\/www.food4animals.nl\/de\/wp-json\/wp\/v2\/product_brand?post=26274"},{"taxonomy":"product_cat","embeddable":true,"href":"https:\/\/www.food4animals.nl\/de\/wp-json\/wp\/v2\/product_cat?post=26274"},{"taxonomy":"product_tag","embeddable":true,"href":"https:\/\/www.food4animals.nl\/de\/wp-json\/wp\/v2\/product_tag?post=26274"}],"curies":[{"name":"wp","href":"https:\/\/api.w.org\/{rel}","templated":true}]}}