{"id":27466,"date":"2025-02-02T00:32:49","date_gmt":"2025-02-01T23:32:49","guid":{"rendered":"https:\/\/www.food4animals.nl\/product\/advantix-40-200-hond-15-tot-4kg-4p\/"},"modified":"2026-04-11T01:00:35","modified_gmt":"2026-04-11T00:00:35","slug":"advantix-40-200-hond-15-tot-4kg-4p","status":"publish","type":"product","link":"https:\/\/www.food4animals.nl\/de\/produkt\/advantix-40-200-hond-15-tot-4kg-4p\/","title":{"rendered":"Advantix 40\/200 Hond (1,5 tot 4kg) 4P"},"content":{"rendered":"<p><strong>Advantix spot-on oplossing voor honden tot 4 kg<br \/>\n<\/strong>Spot-on oplossing voor honden tot 4 kg. Elimineert vlooien, teken en bijtende luizen. Weert teken, muggen, zandvliegen en stalvliegen af. Vermindert het risico op overdracht van leishmaniosis en ehrlichiosis bij honden.<\/p>\n<p><strong>Zielarten<br \/>\n<\/strong>Hond (tot 4 kg).<\/p>\n<p><strong>Aktiver Inhaltsstoff<br \/>\n<\/strong>Elke pipet van 0,4 ml bevat: 40 mg imidacloprid, 200 mg permethrine.<\/p>\n<p><strong>Indikationen<br \/>\n<\/strong>Voor de behandeling en de preventie van een vlooieninfestatie (<em>Ctenocephalides canis, Ctenocephalides felis<\/em>).<\/p>\n<p>Op de hond aanwezige vlooien worden gedood binnen \u00e9\u00e9n dag na de behandeling. Een \u00e9\u00e9nmalige behandeling voorkomt verdere vlooieninfestatie gedurende vier weken. Het diergeneesmiddel kan gebruikt worden als onderdeel van een behandelingsstrategie tegen vlooienallergiedermatitis (VAD).<\/p>\n<p>Voor de behandeling van bijtende luizen (<em>Trichodectes canis<\/em>).<\/p>\n<p>Het diergeneesmiddel heeft een persisterende acaricide en afwerende doeltreffendheid tegen infestatiesdoor teken (<em>Rhipicephalus sanguineus<\/em> und <em>Ixodes ricinus<\/em> gedurende vier weken en <em>Dermacentor reticulatus<\/em> gedurende drie weken).<\/p>\n<p>Door de vectorteek <em>Rhipicephalus sanguineus<\/em> af te stoten en te doden, verlaagt het diergeneesmiddel de kans op besmetting met de ziekteverwekker <em>Ehrlichia canis<\/em>. Dit verlaagt het risico op ehrlichiosis bij honden. In studies werd aangetoond dat het risico verlagend effect begint vanaf 3 dagen na toediening van het diergeneesmiddel. Het effect houdt vier weken aan.<\/p>\n<p><strong>Wat te doen voor de behandeling<\/strong><\/p>\n<p>Daarom wordt aanbevolen om teken, die al op de hond zitten op het ogenblik van de behandeling, te verwijderen om hen zo te beletten zich vast te hechten en een bloedmaaltijd te nemen.<\/p>\n<p><strong>Kontraindikationen<br \/>\n<\/strong>Niet gebruiken bij pups van minder dan 7 weken of 1,5 kg lichaamsgewicht.Weeg de hond voor toediening (zie doseringsschema).<br \/>\nNicht anwenden bei \u00dcberempfindlichkeit gegen die Wirkstoffe oder einen der Hilfsstoffe.<br \/>\nNiet gebruiken bij katten.<\/p>\n<p><strong>Dosierung und Verabreichung<br \/>\n<\/strong>De aanbevolen minimale dosis is:<br \/>\n10 mg\/kg lichaamsgewicht (LG) imidacloprid en 50 mg\/kg lichaamsgewicht (LG) permethrine.<\/p>\n<h4>Voor honden tot 10 kg lichaamsgewicht:<\/h4>\n<p>Neem \u00e9\u00e9n pipet uit de verpakking. Houd de pipet rechtop, draai en verwijder het dopje. Het dopje er omgekeerd weer opsteken, draaien om het zegel te verbreken en het dopje opnieuw verwijderen.<br class=\"yoast-text-mark\" \/>Terwijl de hond stilstaat de haren tussen de schouderbladen uit elkaar drukken totdat de huid zichtbaar wordt. Plaats de open zijde van de pipet op de huid en knijp de pipet enkele malen stevig samen om de inhoud direct op de huid te ledigen.<\/p>\n<p><strong>Besondere Warnhinweise und sonstige Informationen<br \/>\n<\/strong>Lesen Sie vor der Anwendung die Packungsbeilage.<\/p>\n<p><strong>Inhalt<br \/>\n<\/strong>ADVA84511986 \u2013 4 pipetten<\/p>\n<h4>Voor meer pipetten per verpakking<br \/>\n<a href=\"https:\/\/www.food4animals.nl\/de\/produkt\/advantix-40-200-hond-15-tot-4kg-6p\/\">ADVA84511994 \u2013 6 pipetten<\/a><\/h4>\n<p><a href=\"https:\/\/www.food4animals.nl\/de\/page\/3\/?s=vlooien\">Voor meer vlooien en tekenproducten klik hier<\/a><\/p>\n<p><a href=\"https:\/\/www.diergeneesmiddeleninformatiebank.nl\/ords\/f?p=111:3::SEARCH:NO::P0_DOMAIN,P0_LANG,P3_RVG1:V,NL,106415\" target=\"_blank\" rel=\"noopener\">REG NL 106415<\/a><\/p>\n<p>Nur f\u00fcr den tier\u00e4rztlichen Gebrauch - KOSTENLOS<\/p>\n<a href=\"https:\/\/www.cbg-meb.nl\/onderwerpen\/bd-internethandel-diergeneesmiddelen\" target=\"_blank\" rel=\"noopener\"><img decoding=\"async\" style=\"max-width: 90px; float: right;\" src=\"\/imagestream\/stream\/279197\/2209-logo-internethandel.jpg\" alt=\"\" \/><\/a>","protected":false},"excerpt":{"rendered":"<p>Advantix spot-on voor honden tot 4 kg beschermt effectief tegen vlooien, teken en bijtende luizen. Doodt vlooien binnen 24 uur en voorkomt nieuwe infestaties tot 4 weken.<\/p>","protected":false},"featured_media":27467,"template":"","meta":{"_acf_changed":false},"product_brand":[],"product_cat":[821,872],"product_tag":[4252,4253,4251,823,1339,1390,1159,1106,1158],"class_list":{"0":"post-27466","1":"product","2":"type-product","3":"status-publish","4":"has-post-thumbnail","6":"product_cat-hond","7":"product_cat-vlooien-en-teken","8":"product_tag-4-pipetten","9":"product_tag-advantix-seresto","10":"product_tag-druppels-tot-10-kg","11":"product_tag-hond","12":"product_tag-luis","13":"product_tag-mug","14":"product_tag-teek","15":"product_tag-vlieg","16":"product_tag-vlo","18":"first","19":"instock","20":"taxable","21":"shipping-taxable","22":"purchasable","23":"product-type-simple"},"acf":[],"yoast_head":"<!-- This site is optimized with the Yoast SEO plugin v27.2 - https:\/\/yoast.com\/product\/yoast-seo-wordpress\/ -->\n<title>Advantix 40\/200 Hond (1,5 tot 4kg) 4P - Food4animals<\/title>\n<meta name=\"description\" content=\"Advantix spot-on voor honden tot 4 kg: doodt vlooien en teken, weert insecten en beschermt tot 4 weken tegen herbesmetting.\" \/>\n<meta name=\"robots\" content=\"index, follow, max-snippet:-1, max-image-preview:large, max-video-preview:-1\" \/>\n<link rel=\"canonical\" href=\"https:\/\/www.food4animals.nl\/de\/produkt\/advantix-40-200-hond-15-tot-4kg-4p\/\" \/>\n<meta property=\"og:locale\" content=\"de_DE\" \/>\n<meta property=\"og:type\" content=\"article\" \/>\n<meta property=\"og:title\" content=\"Advantix 40\/200 Hond (1,5 tot 4kg) 4P - Food4animals\" \/>\n<meta property=\"og:description\" content=\"Advantix spot-on voor honden tot 4 kg: doodt vlooien en teken, weert insecten en beschermt tot 4 weken tegen herbesmetting.\" \/>\n<meta property=\"og:url\" content=\"https:\/\/www.food4animals.nl\/de\/produkt\/advantix-40-200-hond-15-tot-4kg-4p\/\" \/>\n<meta property=\"og:site_name\" content=\"Food4animals\" \/>\n<meta property=\"article:publisher\" content=\"https:\/\/www.facebook.com\/p\/Food4animals-100063861676074\/\" \/>\n<meta property=\"article:modified_time\" content=\"2026-04-11T00:00:35+00:00\" \/>\n<meta property=\"og:image\" content=\"https:\/\/www.food4animals.nl\/wp-content\/uploads\/2025\/02\/85568.png\" \/>\n\t<meta property=\"og:image:width\" content=\"599\" \/>\n\t<meta property=\"og:image:height\" content=\"1024\" \/>\n\t<meta property=\"og:image:type\" content=\"image\/png\" \/>\n<meta name=\"twitter:card\" content=\"summary_large_image\" \/>\n<meta name=\"twitter:site\" content=\"@food4animals\" \/>\n<meta name=\"twitter:label1\" content=\"Gesch\u00e4tzte Lesezeit\" \/>\n\t<meta name=\"twitter:data1\" content=\"3\u00a0Minuten\" \/>\n<script type=\"application\/ld+json\" class=\"yoast-schema-graph\">{\"@context\":\"https:\/\/schema.org\",\"@graph\":[{\"@type\":\"WebPage\",\"@id\":\"https:\/\/www.food4animals.nl\/product\/advantix-40-200-hond-15-tot-4kg-4p\/\",\"url\":\"https:\/\/www.food4animals.nl\/product\/advantix-40-200-hond-15-tot-4kg-4p\/\",\"name\":\"Advantix 40\/200 Hond (1,5 tot 4kg) 4P - Food4animals\",\"isPartOf\":{\"@id\":\"https:\/\/www.food4animals.nl\/en\/#website\"},\"primaryImageOfPage\":{\"@id\":\"https:\/\/www.food4animals.nl\/product\/advantix-40-200-hond-15-tot-4kg-4p\/#primaryimage\"},\"image\":{\"@id\":\"https:\/\/www.food4animals.nl\/product\/advantix-40-200-hond-15-tot-4kg-4p\/#primaryimage\"},\"thumbnailUrl\":\"https:\/\/www.food4animals.nl\/wp-content\/uploads\/2025\/02\/85568.png\",\"datePublished\":\"2025-02-01T23:32:49+00:00\",\"dateModified\":\"2026-04-11T00:00:35+00:00\",\"description\":\"Advantix spot-on voor honden tot 4 kg: doodt vlooien en teken, weert insecten en beschermt tot 4 weken tegen herbesmetting.\",\"breadcrumb\":{\"@id\":\"https:\/\/www.food4animals.nl\/product\/advantix-40-200-hond-15-tot-4kg-4p\/#breadcrumb\"},\"inLanguage\":\"de\",\"potentialAction\":[{\"@type\":\"ReadAction\",\"target\":[\"https:\/\/www.food4animals.nl\/product\/advantix-40-200-hond-15-tot-4kg-4p\/\"]}]},{\"@type\":\"ImageObject\",\"inLanguage\":\"de\",\"@id\":\"https:\/\/www.food4animals.nl\/product\/advantix-40-200-hond-15-tot-4kg-4p\/#primaryimage\",\"url\":\"https:\/\/www.food4animals.nl\/wp-content\/uploads\/2025\/02\/85568.png\",\"contentUrl\":\"https:\/\/www.food4animals.nl\/wp-content\/uploads\/2025\/02\/85568.png\",\"width\":3508,\"height\":6000,\"caption\":\"Food4animals\"},{\"@type\":\"BreadcrumbList\",\"@id\":\"https:\/\/www.food4animals.nl\/product\/advantix-40-200-hond-15-tot-4kg-4p\/#breadcrumb\",\"itemListElement\":[{\"@type\":\"ListItem\",\"position\":1,\"name\":\"Home\",\"item\":\"https:\/\/www.food4animals.nl\/\"},{\"@type\":\"ListItem\",\"position\":2,\"name\":\"Winkel\",\"item\":\"https:\/\/www.food4animals.nl\/winkel\/\"},{\"@type\":\"ListItem\",\"position\":3,\"name\":\"Advantix 40\/200 Hond (1,5 tot 4kg) 4P\"}]},{\"@type\":\"WebSite\",\"@id\":\"https:\/\/www.food4animals.nl\/en\/#website\",\"url\":\"https:\/\/www.food4animals.nl\/en\/\",\"name\":\"Food4animals\",\"description\":\"Alles voor Ruiter en Dier\",\"publisher\":{\"@id\":\"https:\/\/www.food4animals.nl\/en\/#organization\"},\"potentialAction\":[{\"@type\":\"SearchAction\",\"target\":{\"@type\":\"EntryPoint\",\"urlTemplate\":\"https:\/\/www.food4animals.nl\/en\/?s={search_term_string}\"},\"query-input\":{\"@type\":\"PropertyValueSpecification\",\"valueRequired\":true,\"valueName\":\"search_term_string\"}}],\"inLanguage\":\"de\"},{\"@type\":\"Organization\",\"@id\":\"https:\/\/www.food4animals.nl\/en\/#organization\",\"name\":\"Food4animals\",\"url\":\"https:\/\/www.food4animals.nl\/en\/\",\"logo\":{\"@type\":\"ImageObject\",\"inLanguage\":\"de\",\"@id\":\"https:\/\/www.food4animals.nl\/en\/#\/schema\/logo\/image\/\",\"url\":\"https:\/\/www.food4animals.nl\/wp-content\/uploads\/2023\/10\/Logo.svg\",\"contentUrl\":\"https:\/\/www.food4animals.nl\/wp-content\/uploads\/2023\/10\/Logo.svg\",\"width\":1,\"height\":1,\"caption\":\"Food4animals\"},\"image\":{\"@id\":\"https:\/\/www.food4animals.nl\/en\/#\/schema\/logo\/image\/\"},\"sameAs\":[\"https:\/\/www.facebook.com\/p\/Food4animals-100063861676074\/\",\"https:\/\/x.com\/food4animals\"]}]}<\/script>\n<!-- \/ Yoast SEO plugin. -->","yoast_head_json":{"title":"Advantix 40\/200 Hond (1,5 tot 4kg) 4P - Food4animals","description":"Advantix spot-on voor honden tot 4 kg: doodt vlooien en teken, weert insecten en beschermt tot 4 weken tegen herbesmetting.","robots":{"index":"index","follow":"follow","max-snippet":"max-snippet:-1","max-image-preview":"max-image-preview:large","max-video-preview":"max-video-preview:-1"},"canonical":"https:\/\/www.food4animals.nl\/de\/produkt\/advantix-40-200-hond-15-tot-4kg-4p\/","og_locale":"de_DE","og_type":"article","og_title":"Advantix 40\/200 Hond (1,5 tot 4kg) 4P - Food4animals","og_description":"Advantix spot-on voor honden tot 4 kg: doodt vlooien en teken, weert insecten en beschermt tot 4 weken tegen herbesmetting.","og_url":"https:\/\/www.food4animals.nl\/de\/produkt\/advantix-40-200-hond-15-tot-4kg-4p\/","og_site_name":"Food4animals","article_publisher":"https:\/\/www.facebook.com\/p\/Food4animals-100063861676074\/","article_modified_time":"2026-04-11T00:00:35+00:00","og_image":[{"url":"https:\/\/www.food4animals.nl\/wp-content\/uploads\/2025\/02\/85568.png","width":599,"height":1024,"type":"image\/png"}],"twitter_card":"summary_large_image","twitter_site":"@food4animals","twitter_misc":{"Gesch\u00e4tzte Lesezeit":"3\u00a0Minuten"},"schema":{"@context":"https:\/\/schema.org","@graph":[{"@type":"WebPage","@id":"https:\/\/www.food4animals.nl\/product\/advantix-40-200-hond-15-tot-4kg-4p\/","url":"https:\/\/www.food4animals.nl\/product\/advantix-40-200-hond-15-tot-4kg-4p\/","name":"Advantix 40\/200 Hond (1,5 tot 4kg) 4P - Food4animals","isPartOf":{"@id":"https:\/\/www.food4animals.nl\/en\/#website"},"primaryImageOfPage":{"@id":"https:\/\/www.food4animals.nl\/product\/advantix-40-200-hond-15-tot-4kg-4p\/#primaryimage"},"image":{"@id":"https:\/\/www.food4animals.nl\/product\/advantix-40-200-hond-15-tot-4kg-4p\/#primaryimage"},"thumbnailUrl":"https:\/\/www.food4animals.nl\/wp-content\/uploads\/2025\/02\/85568.png","datePublished":"2025-02-01T23:32:49+00:00","dateModified":"2026-04-11T00:00:35+00:00","description":"Advantix spot-on voor honden tot 4 kg: doodt vlooien en teken, weert insecten en beschermt tot 4 weken tegen herbesmetting.","breadcrumb":{"@id":"https:\/\/www.food4animals.nl\/product\/advantix-40-200-hond-15-tot-4kg-4p\/#breadcrumb"},"inLanguage":"de","potentialAction":[{"@type":"ReadAction","target":["https:\/\/www.food4animals.nl\/product\/advantix-40-200-hond-15-tot-4kg-4p\/"]}]},{"@type":"ImageObject","inLanguage":"de","@id":"https:\/\/www.food4animals.nl\/product\/advantix-40-200-hond-15-tot-4kg-4p\/#primaryimage","url":"https:\/\/www.food4animals.nl\/wp-content\/uploads\/2025\/02\/85568.png","contentUrl":"https:\/\/www.food4animals.nl\/wp-content\/uploads\/2025\/02\/85568.png","width":3508,"height":6000,"caption":"Food4animals"},{"@type":"BreadcrumbList","@id":"https:\/\/www.food4animals.nl\/product\/advantix-40-200-hond-15-tot-4kg-4p\/#breadcrumb","itemListElement":[{"@type":"ListItem","position":1,"name":"Home","item":"https:\/\/www.food4animals.nl\/"},{"@type":"ListItem","position":2,"name":"Winkel","item":"https:\/\/www.food4animals.nl\/winkel\/"},{"@type":"ListItem","position":3,"name":"Advantix 40\/200 Hond (1,5 tot 4kg) 4P"}]},{"@type":"WebSite","@id":"https:\/\/www.food4animals.nl\/en\/#website","url":"https:\/\/www.food4animals.nl\/en\/","name":"Lebensmittel4Tiere","description":"Alles f\u00fcr Reiter und Tier","publisher":{"@id":"https:\/\/www.food4animals.nl\/en\/#organization"},"potentialAction":[{"@type":"SearchAction","target":{"@type":"EntryPoint","urlTemplate":"https:\/\/www.food4animals.nl\/en\/?s={search_term_string}"},"query-input":{"@type":"PropertyValueSpecification","valueRequired":true,"valueName":"search_term_string"}}],"inLanguage":"de"},{"@type":"Organization","@id":"https:\/\/www.food4animals.nl\/en\/#organization","name":"Lebensmittel4Tiere","url":"https:\/\/www.food4animals.nl\/en\/","logo":{"@type":"ImageObject","inLanguage":"de","@id":"https:\/\/www.food4animals.nl\/en\/#\/schema\/logo\/image\/","url":"https:\/\/www.food4animals.nl\/wp-content\/uploads\/2023\/10\/Logo.svg","contentUrl":"https:\/\/www.food4animals.nl\/wp-content\/uploads\/2023\/10\/Logo.svg","width":1,"height":1,"caption":"Food4animals"},"image":{"@id":"https:\/\/www.food4animals.nl\/en\/#\/schema\/logo\/image\/"},"sameAs":["https:\/\/www.facebook.com\/p\/Food4animals-100063861676074\/","https:\/\/x.com\/food4animals"]}]}},"_links":{"self":[{"href":"https:\/\/www.food4animals.nl\/de\/wp-json\/wp\/v2\/product\/27466","targetHints":{"allow":["GET"]}}],"collection":[{"href":"https:\/\/www.food4animals.nl\/de\/wp-json\/wp\/v2\/product"}],"about":[{"href":"https:\/\/www.food4animals.nl\/de\/wp-json\/wp\/v2\/types\/product"}],"wp:featuredmedia":[{"embeddable":true,"href":"https:\/\/www.food4animals.nl\/de\/wp-json\/wp\/v2\/media\/27467"}],"wp:attachment":[{"href":"https:\/\/www.food4animals.nl\/de\/wp-json\/wp\/v2\/media?parent=27466"}],"wp:term":[{"taxonomy":"product_brand","embeddable":true,"href":"https:\/\/www.food4animals.nl\/de\/wp-json\/wp\/v2\/product_brand?post=27466"},{"taxonomy":"product_cat","embeddable":true,"href":"https:\/\/www.food4animals.nl\/de\/wp-json\/wp\/v2\/product_cat?post=27466"},{"taxonomy":"product_tag","embeddable":true,"href":"https:\/\/www.food4animals.nl\/de\/wp-json\/wp\/v2\/product_tag?post=27466"}],"curies":[{"name":"wp","href":"https:\/\/api.w.org\/{rel}","templated":true}]}}