{"id":27470,"date":"2025-02-02T00:34:02","date_gmt":"2025-02-01T23:34:02","guid":{"rendered":"https:\/\/www.food4animals.nl\/product\/advantix-400-2000-hond-25-tot-40kg-4p\/"},"modified":"2026-04-10T01:02:34","modified_gmt":"2026-04-10T00:02:34","slug":"advantix-400-2000-hond-25-tot-40kg-4p","status":"publish","type":"product","link":"https:\/\/www.food4animals.nl\/de\/produkt\/advantix-400-2000-hond-25-tot-40kg-4p\/","title":{"rendered":"Advantix 400\/2000 Hond (25 tot 40kg) 4P"},"content":{"rendered":"<p><strong>Advantix spot-on oplossing voor honden vanaf 25 kg tot 40 kg<br \/>\n<\/strong>Spot-on oplossing voor honden vanaf 25 kg tot 40 kg. Elimineert vlooien, teken en bijtende luizen. Weert teken, muggen, zandvliegen en stalvliegen af. Vermindert het risico op overdracht van leishmaniosis en ehrlichiosis bij honden.<\/p>\n<p><strong>Zielarten<br \/>\n<\/strong>Hond (van meer dan 25 kg tot 40 kg).<\/p>\n<p><strong>Aktiver Inhaltsstoff<br \/>\n<\/strong>Elke pipet van 4,0 ml bevat: 400 mg imidacloprid, 2000 mg permethrine<\/p>\n<p><strong>Indikationen<br \/>\n<\/strong>Voor de behandeling en de preventie van een vlooieninfestatie (<em>Ctenocephalides canis, Ctenocephalides felis<\/em>).<\/p>\n<p>Op de hond aanwezige vlooien worden gedood binnen \u00e9\u00e9n dag na de behandeling. Een \u00e9\u00e9nmalige behandeling voorkomt verdere vlooieninfestatie gedurende vier weken. Het diergeneesmiddel kan gebruikt worden als onderdeel van een behandelingsstrategie tegen vlooienallergiedermatitis (VAD).<\/p>\n<p>Voor de behandeling van bijtende luizen (<em>Trichodectes canis<\/em>).<\/p>\n<p>Het diergeneesmiddel heeft een persisterende acaricide en afwerende doeltreffendheid tegen infestatiesdoor teken (<em>Rhipicephalus sanguineus<\/em> und <em>Ixodes ricinus<\/em> gedurende vier weken en <em>Dermacentor reticulatus<\/em> gedurende drie weken).<\/p>\n<p>Door de vectorteek <em>Rhipicephalus sanguineus<\/em> af te stoten en te doden, verlaagt het diergeneesmiddel de kans op besmetting met de ziekteverwekker <em>Ehrlichia canis<\/em>. Dit verlaagt het risico op ehrlichiosis bij honden. In studies werd aangetoond dat het risico verlagend effect begint vanaf 3 dagen na toediening van het diergeneesmiddel. Het effect houdt vier weken aan.<\/p>\n<p>Het kan gebeuren dat teken die al op de hond zaten binnen twee dagen na behandeling niet gedood worden en vastgehecht en zichtbaar blijven. Daarom wordt aanbevolen om teken, die al op de hond zitten op het ogenblik van de behandeling, te verwijderen om hen zo te beletten zich vast te hechten en een bloedmaaltijd te nemen.<\/p>\n<p>E\u00e9n behandeling biedt een afwerende (anti-voedende) werking tegen zandvliegen (<em>Phlebotomus papatasi<\/em> gedurende twee weken en <em>Phlebotomus perniciosus<\/em> gedurende drie weken), tegen muggen (<em>Aedes aegypti<\/em> gedurende twee weken en <em>Culex pipiens<\/em> gedurende vier weken) en tegen stalvliegen (<em>Stomoxys calcitrans<\/em>) gedurende vier weken.<\/p>\n<p>Vermindering van het risico op infectie met <em>Leishmania infantum<\/em> via overdracht door zandvliegen (<em>Phlebotomus perniciosus<\/em>) gedurende een periode tot drie weken. Het effect is indirect te wijten aan de activiteit van het diergeneesmiddel tegen de vector.<\/p>\n<p><strong>Kontraindikationen<br \/>\n<\/strong>In afwezigheid van beschikbare gegevens dient het diergeneesmiddel niet te worden gebruikt bij pups van minder dan zeven weken of 25 kg lichaamsgewicht. Naargelang het lichaamsgewicht van de hond dient het corresponderende diergeneesmiddel gebruikt te worden, zie doseringsschema.<br \/>\nNicht anwenden bei \u00dcberempfindlichkeit gegen die Wirkstoffe oder einen der Hilfsstoffe.<br \/>\nNiet gebruiken bij katten.<\/p>\n<p><strong>Dosierung und Verabreichung<br \/>\n<\/strong>De aanbevolen minimale dosis is:<br \/>\n10 mg\/kg lichaamsgewicht (LG) imidacloprid en 50 mg\/kg lichaamsgewicht (LG) permethrine.<\/p>\n<p><em>Art der Verabreichung:<\/em><\/p>\n<p>Neem \u00e9\u00e9n pipet uit de verpakking. Houd de pipet rechtop, draai en verwijder het dopje. Het dopje er omgekeerd weer opsteken, draaien om het zegel te verbreken en het dopje opnieuw verwijderen.<br \/>\nTerwijl de hond stilstaat de haren tussen de schouderbladen uit elkaar drukken totdat de huid zichtbaar wordt. Plaats de open zijde van de pipet op de huid en knijp de pipet enkele malen stevig samen om de inhoud direct op de huid te ledigen.<\/p>\n<p><u>Voor honden tot 10 kg lichaamsgewicht:<br \/>\n<\/u>Terwijl de hond stilstaat de haren tussen de schouderbladen uit elkaar drukken totdat de huid zichtbaar wordt. Plaats de open zijde van de pipet op de huid en knijp de pipet enkele malen stevig samen om de inhoud direct op de huid te ledigen.<\/p>\n<p><u>Voor honden van meer dan 10 kg lichaamsgewicht:<br \/>\n<\/u>Terwijl de hond stilstaat de gehele inhoud van de Advantix pipet gelijkmatig op vier plaatsen op de rug van schouder tot staartbasis aanbrengen. Op elke plek de haren uit elkaar drukken totdat de huid zichtbaar wordt. Plaats de open zijde van de pipet op de huid en knijp zachtjes om een gedeelte van de inhoud direct op de huid te druppelen. Breng niet teveel op \u00e9\u00e9n enkele plaats aan; anders kan een deel van de oplossing van de zijde van de hond aflopen.<\/p>\n<p><strong>Hinweise zur korrekten Anwendung<br \/>\n<\/strong>Uitsluitend voor uitwendig gebruik. Uitsluitend aanbrengen op onbeschadigde huid. Breng niet te veel op \u00e9\u00e9n enkele plaats aan; anders kan een deel van de oplossing van de zijde van de hond aflopen.<\/p>\n<p><strong>Besondere Warnhinweise und sonstige Informationen<br \/>\n<\/strong>Lesen Sie vor der Anwendung die Packungsbeilage.<\/p>\n<p><strong>Inhalt<br \/>\n<\/strong>ADVA84512109 \u00a0\u2013 4 pipetten<br \/>\nADVA84512117 \u2013 6 pipetten<\/p>\n<p><a href=\"https:\/\/www.diergeneesmiddeleninformatiebank.nl\/ords\/f?p=111:3::SEARCH:NO::P0_DOMAIN,P0_LANG,P3_RVG1:V,NL,106419\" target=\"_blank\" rel=\"noopener\">REG NL 106419<\/a><\/p>\n<p>Nur f\u00fcr den tier\u00e4rztlichen Gebrauch - KOSTENLOS<\/p>\n<a href=\"https:\/\/www.cbg-meb.nl\/onderwerpen\/bd-internethandel-diergeneesmiddelen\" target=\"_blank\" rel=\"noopener\"><img decoding=\"async\" style=\"max-width: 90px; float: right;\" src=\"\/imagestream\/stream\/279197\/2209-logo-internethandel.jpg\" alt=\"\" \/><\/a>","protected":false},"excerpt":{"rendered":"<p>Elimineert vlooien, teken en bijtende luizen. Weert teken, muggen, zandvliegen en stalvliegen af.<\/p>","protected":false},"featured_media":30004,"template":"","meta":{"_acf_changed":false},"product_brand":[],"product_cat":[821,872],"product_tag":[4252,4253,4256,823,1339,1390,1159,1106,1158],"class_list":{"0":"post-27470","1":"product","2":"type-product","3":"status-publish","4":"has-post-thumbnail","6":"product_cat-hond","7":"product_cat-vlooien-en-teken","8":"product_tag-4-pipetten","9":"product_tag-advantix-seresto","10":"product_tag-druppels-25-kg-of-zwaarder","11":"product_tag-hond","12":"product_tag-luis","13":"product_tag-mug","14":"product_tag-teek","15":"product_tag-vlieg","16":"product_tag-vlo","18":"first","19":"instock","20":"taxable","21":"shipping-taxable","22":"purchasable","23":"product-type-simple"},"acf":[],"yoast_head":"<!-- This site is optimized with the Yoast SEO plugin v27.2 - https:\/\/yoast.com\/product\/yoast-seo-wordpress\/ -->\n<title>Advantix 400\/2000 Hond (25 tot 40kg) 4P - Food4animals<\/title>\n<meta name=\"robots\" content=\"index, follow, max-snippet:-1, max-image-preview:large, max-video-preview:-1\" \/>\n<link rel=\"canonical\" href=\"https:\/\/www.food4animals.nl\/de\/produkt\/advantix-400-2000-hond-25-tot-40kg-4p\/\" \/>\n<meta property=\"og:locale\" content=\"de_DE\" \/>\n<meta property=\"og:type\" content=\"article\" \/>\n<meta property=\"og:title\" content=\"Advantix 400\/2000 Hond (25 tot 40kg) 4P - Food4animals\" \/>\n<meta property=\"og:description\" content=\"Elimineert vlooien, teken en bijtende luizen. Weert teken, muggen, zandvliegen en stalvliegen af.\" \/>\n<meta property=\"og:url\" content=\"https:\/\/www.food4animals.nl\/de\/produkt\/advantix-400-2000-hond-25-tot-40kg-4p\/\" \/>\n<meta property=\"og:site_name\" content=\"Food4animals\" \/>\n<meta property=\"article:publisher\" content=\"https:\/\/www.facebook.com\/p\/Food4animals-100063861676074\/\" \/>\n<meta property=\"article:modified_time\" content=\"2026-04-10T00:02:34+00:00\" \/>\n<meta property=\"og:image\" content=\"https:\/\/www.food4animals.nl\/wp-content\/uploads\/2025\/02\/Advantix-vlooien-en-tekenpipet-voor-honden.jpg\" \/>\n\t<meta property=\"og:image:width\" content=\"1024\" \/>\n\t<meta property=\"og:image:height\" content=\"1024\" \/>\n\t<meta property=\"og:image:type\" content=\"image\/jpeg\" \/>\n<meta name=\"twitter:card\" content=\"summary_large_image\" \/>\n<meta name=\"twitter:site\" content=\"@food4animals\" \/>\n<meta name=\"twitter:label1\" content=\"Gesch\u00e4tzte Lesezeit\" \/>\n\t<meta name=\"twitter:data1\" content=\"4\u00a0Minuten\" \/>\n<script type=\"application\/ld+json\" class=\"yoast-schema-graph\">{\"@context\":\"https:\/\/schema.org\",\"@graph\":[{\"@type\":\"WebPage\",\"@id\":\"https:\/\/www.food4animals.nl\/product\/advantix-400-2000-hond-25-tot-40kg-4p\/\",\"url\":\"https:\/\/www.food4animals.nl\/product\/advantix-400-2000-hond-25-tot-40kg-4p\/\",\"name\":\"Advantix 400\/2000 Hond (25 tot 40kg) 4P - Food4animals\",\"isPartOf\":{\"@id\":\"https:\/\/www.food4animals.nl\/en\/#website\"},\"primaryImageOfPage\":{\"@id\":\"https:\/\/www.food4animals.nl\/product\/advantix-400-2000-hond-25-tot-40kg-4p\/#primaryimage\"},\"image\":{\"@id\":\"https:\/\/www.food4animals.nl\/product\/advantix-400-2000-hond-25-tot-40kg-4p\/#primaryimage\"},\"thumbnailUrl\":\"https:\/\/www.food4animals.nl\/wp-content\/uploads\/2025\/02\/Advantix-vlooien-en-tekenpipet-voor-honden.jpg\",\"datePublished\":\"2025-02-01T23:34:02+00:00\",\"dateModified\":\"2026-04-10T00:02:34+00:00\",\"breadcrumb\":{\"@id\":\"https:\/\/www.food4animals.nl\/product\/advantix-400-2000-hond-25-tot-40kg-4p\/#breadcrumb\"},\"inLanguage\":\"de\",\"potentialAction\":[{\"@type\":\"ReadAction\",\"target\":[\"https:\/\/www.food4animals.nl\/product\/advantix-400-2000-hond-25-tot-40kg-4p\/\"]}]},{\"@type\":\"ImageObject\",\"inLanguage\":\"de\",\"@id\":\"https:\/\/www.food4animals.nl\/product\/advantix-400-2000-hond-25-tot-40kg-4p\/#primaryimage\",\"url\":\"https:\/\/www.food4animals.nl\/wp-content\/uploads\/2025\/02\/Advantix-vlooien-en-tekenpipet-voor-honden.jpg\",\"contentUrl\":\"https:\/\/www.food4animals.nl\/wp-content\/uploads\/2025\/02\/Advantix-vlooien-en-tekenpipet-voor-honden.jpg\",\"width\":1024,\"height\":1024,\"caption\":\"Advantix vlooien- en tekenpipet voor honden Elimineert vlooien, teken en bijtende luizen.\"},{\"@type\":\"BreadcrumbList\",\"@id\":\"https:\/\/www.food4animals.nl\/product\/advantix-400-2000-hond-25-tot-40kg-4p\/#breadcrumb\",\"itemListElement\":[{\"@type\":\"ListItem\",\"position\":1,\"name\":\"Home\",\"item\":\"https:\/\/www.food4animals.nl\/\"},{\"@type\":\"ListItem\",\"position\":2,\"name\":\"Winkel\",\"item\":\"https:\/\/www.food4animals.nl\/winkel\/\"},{\"@type\":\"ListItem\",\"position\":3,\"name\":\"Advantix 400\/2000 Hond (25 tot 40kg) 4P\"}]},{\"@type\":\"WebSite\",\"@id\":\"https:\/\/www.food4animals.nl\/en\/#website\",\"url\":\"https:\/\/www.food4animals.nl\/en\/\",\"name\":\"Food4animals\",\"description\":\"Alles voor Ruiter en Dier\",\"publisher\":{\"@id\":\"https:\/\/www.food4animals.nl\/en\/#organization\"},\"potentialAction\":[{\"@type\":\"SearchAction\",\"target\":{\"@type\":\"EntryPoint\",\"urlTemplate\":\"https:\/\/www.food4animals.nl\/en\/?s={search_term_string}\"},\"query-input\":{\"@type\":\"PropertyValueSpecification\",\"valueRequired\":true,\"valueName\":\"search_term_string\"}}],\"inLanguage\":\"de\"},{\"@type\":\"Organization\",\"@id\":\"https:\/\/www.food4animals.nl\/en\/#organization\",\"name\":\"Food4animals\",\"url\":\"https:\/\/www.food4animals.nl\/en\/\",\"logo\":{\"@type\":\"ImageObject\",\"inLanguage\":\"de\",\"@id\":\"https:\/\/www.food4animals.nl\/en\/#\/schema\/logo\/image\/\",\"url\":\"https:\/\/www.food4animals.nl\/wp-content\/uploads\/2023\/10\/Logo.svg\",\"contentUrl\":\"https:\/\/www.food4animals.nl\/wp-content\/uploads\/2023\/10\/Logo.svg\",\"width\":1,\"height\":1,\"caption\":\"Food4animals\"},\"image\":{\"@id\":\"https:\/\/www.food4animals.nl\/en\/#\/schema\/logo\/image\/\"},\"sameAs\":[\"https:\/\/www.facebook.com\/p\/Food4animals-100063861676074\/\",\"https:\/\/x.com\/food4animals\"]}]}<\/script>\n<!-- \/ Yoast SEO plugin. -->","yoast_head_json":{"title":"Advantix 400\/2000 Hond (25 tot 40kg) 4P - Food4animals","robots":{"index":"index","follow":"follow","max-snippet":"max-snippet:-1","max-image-preview":"max-image-preview:large","max-video-preview":"max-video-preview:-1"},"canonical":"https:\/\/www.food4animals.nl\/de\/produkt\/advantix-400-2000-hond-25-tot-40kg-4p\/","og_locale":"de_DE","og_type":"article","og_title":"Advantix 400\/2000 Hond (25 tot 40kg) 4P - Food4animals","og_description":"Elimineert vlooien, teken en bijtende luizen. Weert teken, muggen, zandvliegen en stalvliegen af.","og_url":"https:\/\/www.food4animals.nl\/de\/produkt\/advantix-400-2000-hond-25-tot-40kg-4p\/","og_site_name":"Food4animals","article_publisher":"https:\/\/www.facebook.com\/p\/Food4animals-100063861676074\/","article_modified_time":"2026-04-10T00:02:34+00:00","og_image":[{"width":1024,"height":1024,"url":"https:\/\/www.food4animals.nl\/wp-content\/uploads\/2025\/02\/Advantix-vlooien-en-tekenpipet-voor-honden.jpg","type":"image\/jpeg"}],"twitter_card":"summary_large_image","twitter_site":"@food4animals","twitter_misc":{"Gesch\u00e4tzte Lesezeit":"4\u00a0Minuten"},"schema":{"@context":"https:\/\/schema.org","@graph":[{"@type":"WebPage","@id":"https:\/\/www.food4animals.nl\/product\/advantix-400-2000-hond-25-tot-40kg-4p\/","url":"https:\/\/www.food4animals.nl\/product\/advantix-400-2000-hond-25-tot-40kg-4p\/","name":"Advantix 400\/2000 Hond (25 tot 40kg) 4P - Food4animals","isPartOf":{"@id":"https:\/\/www.food4animals.nl\/en\/#website"},"primaryImageOfPage":{"@id":"https:\/\/www.food4animals.nl\/product\/advantix-400-2000-hond-25-tot-40kg-4p\/#primaryimage"},"image":{"@id":"https:\/\/www.food4animals.nl\/product\/advantix-400-2000-hond-25-tot-40kg-4p\/#primaryimage"},"thumbnailUrl":"https:\/\/www.food4animals.nl\/wp-content\/uploads\/2025\/02\/Advantix-vlooien-en-tekenpipet-voor-honden.jpg","datePublished":"2025-02-01T23:34:02+00:00","dateModified":"2026-04-10T00:02:34+00:00","breadcrumb":{"@id":"https:\/\/www.food4animals.nl\/product\/advantix-400-2000-hond-25-tot-40kg-4p\/#breadcrumb"},"inLanguage":"de","potentialAction":[{"@type":"ReadAction","target":["https:\/\/www.food4animals.nl\/product\/advantix-400-2000-hond-25-tot-40kg-4p\/"]}]},{"@type":"ImageObject","inLanguage":"de","@id":"https:\/\/www.food4animals.nl\/product\/advantix-400-2000-hond-25-tot-40kg-4p\/#primaryimage","url":"https:\/\/www.food4animals.nl\/wp-content\/uploads\/2025\/02\/Advantix-vlooien-en-tekenpipet-voor-honden.jpg","contentUrl":"https:\/\/www.food4animals.nl\/wp-content\/uploads\/2025\/02\/Advantix-vlooien-en-tekenpipet-voor-honden.jpg","width":1024,"height":1024,"caption":"Advantix vlooien- en tekenpipet voor honden Elimineert vlooien, teken en bijtende luizen."},{"@type":"BreadcrumbList","@id":"https:\/\/www.food4animals.nl\/product\/advantix-400-2000-hond-25-tot-40kg-4p\/#breadcrumb","itemListElement":[{"@type":"ListItem","position":1,"name":"Home","item":"https:\/\/www.food4animals.nl\/"},{"@type":"ListItem","position":2,"name":"Winkel","item":"https:\/\/www.food4animals.nl\/winkel\/"},{"@type":"ListItem","position":3,"name":"Advantix 400\/2000 Hond (25 tot 40kg) 4P"}]},{"@type":"WebSite","@id":"https:\/\/www.food4animals.nl\/en\/#website","url":"https:\/\/www.food4animals.nl\/en\/","name":"Lebensmittel4Tiere","description":"Alles f\u00fcr Reiter und Tier","publisher":{"@id":"https:\/\/www.food4animals.nl\/en\/#organization"},"potentialAction":[{"@type":"SearchAction","target":{"@type":"EntryPoint","urlTemplate":"https:\/\/www.food4animals.nl\/en\/?s={search_term_string}"},"query-input":{"@type":"PropertyValueSpecification","valueRequired":true,"valueName":"search_term_string"}}],"inLanguage":"de"},{"@type":"Organization","@id":"https:\/\/www.food4animals.nl\/en\/#organization","name":"Lebensmittel4Tiere","url":"https:\/\/www.food4animals.nl\/en\/","logo":{"@type":"ImageObject","inLanguage":"de","@id":"https:\/\/www.food4animals.nl\/en\/#\/schema\/logo\/image\/","url":"https:\/\/www.food4animals.nl\/wp-content\/uploads\/2023\/10\/Logo.svg","contentUrl":"https:\/\/www.food4animals.nl\/wp-content\/uploads\/2023\/10\/Logo.svg","width":1,"height":1,"caption":"Food4animals"},"image":{"@id":"https:\/\/www.food4animals.nl\/en\/#\/schema\/logo\/image\/"},"sameAs":["https:\/\/www.facebook.com\/p\/Food4animals-100063861676074\/","https:\/\/x.com\/food4animals"]}]}},"_links":{"self":[{"href":"https:\/\/www.food4animals.nl\/de\/wp-json\/wp\/v2\/product\/27470","targetHints":{"allow":["GET"]}}],"collection":[{"href":"https:\/\/www.food4animals.nl\/de\/wp-json\/wp\/v2\/product"}],"about":[{"href":"https:\/\/www.food4animals.nl\/de\/wp-json\/wp\/v2\/types\/product"}],"wp:featuredmedia":[{"embeddable":true,"href":"https:\/\/www.food4animals.nl\/de\/wp-json\/wp\/v2\/media\/30004"}],"wp:attachment":[{"href":"https:\/\/www.food4animals.nl\/de\/wp-json\/wp\/v2\/media?parent=27470"}],"wp:term":[{"taxonomy":"product_brand","embeddable":true,"href":"https:\/\/www.food4animals.nl\/de\/wp-json\/wp\/v2\/product_brand?post=27470"},{"taxonomy":"product_cat","embeddable":true,"href":"https:\/\/www.food4animals.nl\/de\/wp-json\/wp\/v2\/product_cat?post=27470"},{"taxonomy":"product_tag","embeddable":true,"href":"https:\/\/www.food4animals.nl\/de\/wp-json\/wp\/v2\/product_tag?post=27470"}],"curies":[{"name":"wp","href":"https:\/\/api.w.org\/{rel}","templated":true}]}}