{"id":27548,"date":"2025-02-02T00:44:20","date_gmt":"2025-02-01T23:44:20","guid":{"rendered":"https:\/\/www.food4animals.nl\/product\/kong-senior-m-86-cm\/"},"modified":"2026-04-05T01:22:43","modified_gmt":"2026-04-05T00:22:43","slug":"kong-senior-m-86-cm","status":"publish","type":"product","link":"https:\/\/www.food4animals.nl\/de\/produkt\/kong-senior-m-86-cm\/","title":{"rendered":"Kong Senior M 8,6 cm"},"content":{"rendered":"<p><strong>De KONG Senior<\/strong><br \/>Gemaakt van KONG&#x2019;s zachte maar onverslijtbare Senior-formule voor oudere honden. Stop het vol met Easy Treat of Snacks, zodat je hond op een speeltje kauwt dat perfect is voor oudere tanden en kaken.<\/p>\n<p>&#x2022; Gemaakt van ons speciaal geformuleerde KONG Senior-rubber<br \/>&#x2022; Perfect om vol te stoppen met KONG Easy Treat en Snacks<br \/>&#x2022; Zorgt ervoor dat ze weer gaan spelen en bewegen<br \/>&#x2022; Wereldwijd aanbevolen door dierenartsen, trainers en hondenliefhebbers<br \/>&#xA0;<br \/><strong>Gr\u00f6\u00dfe und L\u00e4nge<\/strong><br \/>KONGKN3E: Small &#8211; 7,62 cm<br \/>KONGKN1E: Large &#8211; 10,41 cm<br \/>&#xA0;<br \/><strong>Combineer dit speeltje met deze traktaties:<br \/><\/strong><em>&#xA0;&#xA0;<\/em><span><\/span><span>&#xA0;&#xA0;<\/span><a href=\"\/nl\/product\/2915\/14328\/hond\/speelgoed\/traktatiespeelgoed\/kong-snacks-bacon-cheese-small\">K\u00e4sesnacks<\/a><span>, &#xA0; &#xA0; &#xA0; &#xA0; &#xA0;&#xA0;<\/span><a href=\"\/nl\/product\/2915\/14345\/hond\/speelgoed\/traktatiespeelgoed\/kong-snacks-liver-small\">Leber-Snacks<\/a><span>&#xA0; &#xA0; &#xA0; &#xA0; &#xA0; &#xA0; &#xA0; &#xA0;<\/span><a href=\"\/nl\/product\/2915\/14339\/hond\/speelgoed\/traktatiespeelgoed\/kong-easy-treat-liver\">Leichter Genuss<\/a><span>&#xA0; &#xA0; &#xA0; &#xA0; of &#xA0;&#xA0;<\/span><span>&#xA0;<\/span><a href=\"\/nl\/product\/2915\/14378\/hond\/speelgoed\/traktatiespeelgoed\/kong-snacks-puppy-small\">Welpensnacks<\/a><span>, &#xA0; &#xA0; &#xA0; &#xA0;&#xA0;<\/span><em><br \/><a href=\"\/nl\/product\/2915\/14328\/hond\/speelgoed\/traktatiespeelgoed\/kong-snacks-bacon-cheese-small\"><img loading=\"lazy\" decoding=\"async\" height=\"120\" src=\"https:\/\/www.food4animals.nl\/wp-content\/uploads\/2025\/02\/kongxo3e-kongx01e-groep.jpg\" width=\"120\" \/><\/a>&#xA0;&#xA0;<a href=\"\/nl\/product\/2915\/14345\/hond\/speelgoed\/traktatiespeelgoed\/kong-snacks-liver-small\"><img loading=\"lazy\" decoding=\"async\" height=\"123\" src=\"https:\/\/www.food4animals.nl\/wp-content\/uploads\/2025\/02\/kongxp3e-kongxp1e-groep.jpg\" width=\"120\" \/><\/a>&#xA0; &#xA0;&#xA0;<a href=\"\/nl\/product\/2915\/14339\/hond\/speelgoed\/traktatiespeelgoed\/kong-easy-treat-liver\"><img loading=\"lazy\" decoding=\"async\" height=\"123\" src=\"https:\/\/www.food4animals.nl\/wp-content\/uploads\/2025\/02\/kongxs1e-kongxs4e-kongxs9e.jpg\" width=\"120\" \/><\/a>&#xA0; &#xA0;<em><a href=\"\/nl\/product\/2915\/14378\/hond\/speelgoed\/traktatiespeelgoed\/kong-snacks-puppy-small\"><img loading=\"lazy\" decoding=\"async\" height=\"125\" src=\"https:\/\/www.food4animals.nl\/wp-content\/uploads\/2025\/02\/kongxy3e-kongxy1e-groep.jpg\" width=\"120\" \/><\/a>&#xA0;&#xA0;<\/em><\/em><\/p>","protected":false},"excerpt":{"rendered":"<p><span>Gemaakt van KONG&#x2019;s zachte maar onverslijtbare Senior-formule voor oudere honden. Stop het vol met Easy Treat of Snacks, zodat je hond op een speeltje kauwt dat perfect is voor oudere tanden en kaken.<br \/><span>&#xA0;<\/span><br \/><\/span><\/p>","protected":false},"featured_media":27553,"template":"","meta":{"_acf_changed":false},"product_brand":[],"product_cat":[821,822],"product_tag":[3511,823,2539,948],"class_list":{"0":"post-27548","1":"product","2":"type-product","3":"status-publish","4":"has-post-thumbnail","6":"product_cat-hond","7":"product_cat-speelgoed","8":"product_tag-blauw","9":"product_tag-hond","10":"product_tag-kong-het-sterkste-merk-voor-uw-huisdier-om-mee-te-spelen","11":"product_tag-paars","12":"tax_brand-kong","14":"first","15":"instock","16":"taxable","17":"shipping-taxable","18":"purchasable","19":"product-type-simple"},"acf":[],"yoast_head":"<!-- This site is optimized with the Yoast SEO plugin v27.2 - https:\/\/yoast.com\/product\/yoast-seo-wordpress\/ -->\n<title>Kong Senior M 8,6 cm - Food4animals<\/title>\n<meta name=\"robots\" content=\"index, follow, max-snippet:-1, max-image-preview:large, max-video-preview:-1\" \/>\n<link rel=\"canonical\" href=\"https:\/\/www.food4animals.nl\/de\/produkt\/kong-senior-m-86-cm\/\" \/>\n<meta property=\"og:locale\" content=\"de_DE\" \/>\n<meta property=\"og:type\" content=\"article\" \/>\n<meta property=\"og:title\" content=\"Kong Senior M 8,6 cm - Food4animals\" \/>\n<meta property=\"og:description\" content=\"Gemaakt van KONG&#x2019;s zachte maar onverslijtbare Senior-formule voor oudere honden. Stop het vol met Easy Treat of Snacks, zodat je hond op een speeltje kauwt dat perfect is voor oudere tanden en kaken.&#xA0;\" \/>\n<meta property=\"og:url\" content=\"https:\/\/www.food4animals.nl\/de\/produkt\/kong-senior-m-86-cm\/\" \/>\n<meta property=\"og:site_name\" content=\"Food4animals\" \/>\n<meta property=\"article:publisher\" content=\"https:\/\/www.facebook.com\/p\/Food4animals-100063861676074\/\" \/>\n<meta property=\"article:modified_time\" content=\"2026-04-05T00:22:43+00:00\" \/>\n<meta property=\"og:image\" content=\"https:\/\/www.food4animals.nl\/wp-content\/uploads\/2025\/02\/285737.png\" \/>\n\t<meta property=\"og:image:width\" content=\"1689\" \/>\n\t<meta property=\"og:image:height\" content=\"980\" \/>\n\t<meta property=\"og:image:type\" content=\"image\/png\" \/>\n<meta name=\"twitter:card\" content=\"summary_large_image\" \/>\n<meta name=\"twitter:site\" content=\"@food4animals\" \/>\n<meta name=\"twitter:label1\" content=\"Gesch\u00e4tzte Lesezeit\" \/>\n\t<meta name=\"twitter:data1\" content=\"1\u00a0Minute\" \/>\n<script type=\"application\/ld+json\" class=\"yoast-schema-graph\">{\"@context\":\"https:\/\/schema.org\",\"@graph\":[{\"@type\":\"WebPage\",\"@id\":\"https:\/\/www.food4animals.nl\/product\/kong-senior-m-86-cm\/\",\"url\":\"https:\/\/www.food4animals.nl\/product\/kong-senior-m-86-cm\/\",\"name\":\"Kong Senior M 8,6 cm - Food4animals\",\"isPartOf\":{\"@id\":\"https:\/\/www.food4animals.nl\/en\/#website\"},\"primaryImageOfPage\":{\"@id\":\"https:\/\/www.food4animals.nl\/product\/kong-senior-m-86-cm\/#primaryimage\"},\"image\":{\"@id\":\"https:\/\/www.food4animals.nl\/product\/kong-senior-m-86-cm\/#primaryimage\"},\"thumbnailUrl\":\"https:\/\/www.food4animals.nl\/wp-content\/uploads\/2025\/02\/285737.png\",\"datePublished\":\"2025-02-01T23:44:20+00:00\",\"dateModified\":\"2026-04-05T00:22:43+00:00\",\"breadcrumb\":{\"@id\":\"https:\/\/www.food4animals.nl\/product\/kong-senior-m-86-cm\/#breadcrumb\"},\"inLanguage\":\"de\",\"potentialAction\":[{\"@type\":\"ReadAction\",\"target\":[\"https:\/\/www.food4animals.nl\/product\/kong-senior-m-86-cm\/\"]}]},{\"@type\":\"ImageObject\",\"inLanguage\":\"de\",\"@id\":\"https:\/\/www.food4animals.nl\/product\/kong-senior-m-86-cm\/#primaryimage\",\"url\":\"https:\/\/www.food4animals.nl\/wp-content\/uploads\/2025\/02\/285737.png\",\"contentUrl\":\"https:\/\/www.food4animals.nl\/wp-content\/uploads\/2025\/02\/285737.png\",\"width\":1689,\"height\":980},{\"@type\":\"BreadcrumbList\",\"@id\":\"https:\/\/www.food4animals.nl\/product\/kong-senior-m-86-cm\/#breadcrumb\",\"itemListElement\":[{\"@type\":\"ListItem\",\"position\":1,\"name\":\"Home\",\"item\":\"https:\/\/www.food4animals.nl\/\"},{\"@type\":\"ListItem\",\"position\":2,\"name\":\"Winkel\",\"item\":\"https:\/\/www.food4animals.nl\/winkel\/\"},{\"@type\":\"ListItem\",\"position\":3,\"name\":\"Kong Senior M 8,6 cm\"}]},{\"@type\":\"WebSite\",\"@id\":\"https:\/\/www.food4animals.nl\/en\/#website\",\"url\":\"https:\/\/www.food4animals.nl\/en\/\",\"name\":\"Food4animals\",\"description\":\"Alles voor Ruiter en Dier\",\"publisher\":{\"@id\":\"https:\/\/www.food4animals.nl\/en\/#organization\"},\"potentialAction\":[{\"@type\":\"SearchAction\",\"target\":{\"@type\":\"EntryPoint\",\"urlTemplate\":\"https:\/\/www.food4animals.nl\/en\/?s={search_term_string}\"},\"query-input\":{\"@type\":\"PropertyValueSpecification\",\"valueRequired\":true,\"valueName\":\"search_term_string\"}}],\"inLanguage\":\"de\"},{\"@type\":\"Organization\",\"@id\":\"https:\/\/www.food4animals.nl\/en\/#organization\",\"name\":\"Food4animals\",\"url\":\"https:\/\/www.food4animals.nl\/en\/\",\"logo\":{\"@type\":\"ImageObject\",\"inLanguage\":\"de\",\"@id\":\"https:\/\/www.food4animals.nl\/en\/#\/schema\/logo\/image\/\",\"url\":\"https:\/\/www.food4animals.nl\/wp-content\/uploads\/2023\/10\/Logo.svg\",\"contentUrl\":\"https:\/\/www.food4animals.nl\/wp-content\/uploads\/2023\/10\/Logo.svg\",\"width\":1,\"height\":1,\"caption\":\"Food4animals\"},\"image\":{\"@id\":\"https:\/\/www.food4animals.nl\/en\/#\/schema\/logo\/image\/\"},\"sameAs\":[\"https:\/\/www.facebook.com\/p\/Food4animals-100063861676074\/\",\"https:\/\/x.com\/food4animals\"]}]}<\/script>\n<!-- \/ Yoast SEO plugin. -->","yoast_head_json":{"title":"Kong Senior M 8,6 cm - Food4animals","robots":{"index":"index","follow":"follow","max-snippet":"max-snippet:-1","max-image-preview":"max-image-preview:large","max-video-preview":"max-video-preview:-1"},"canonical":"https:\/\/www.food4animals.nl\/de\/produkt\/kong-senior-m-86-cm\/","og_locale":"de_DE","og_type":"article","og_title":"Kong Senior M 8,6 cm - Food4animals","og_description":"Gemaakt van KONG&#x2019;s zachte maar onverslijtbare Senior-formule voor oudere honden. Stop het vol met Easy Treat of Snacks, zodat je hond op een speeltje kauwt dat perfect is voor oudere tanden en kaken.&#xA0;","og_url":"https:\/\/www.food4animals.nl\/de\/produkt\/kong-senior-m-86-cm\/","og_site_name":"Food4animals","article_publisher":"https:\/\/www.facebook.com\/p\/Food4animals-100063861676074\/","article_modified_time":"2026-04-05T00:22:43+00:00","og_image":[{"width":1689,"height":980,"url":"https:\/\/www.food4animals.nl\/wp-content\/uploads\/2025\/02\/285737.png","type":"image\/png"}],"twitter_card":"summary_large_image","twitter_site":"@food4animals","twitter_misc":{"Gesch\u00e4tzte Lesezeit":"1\u00a0Minute"},"schema":{"@context":"https:\/\/schema.org","@graph":[{"@type":"WebPage","@id":"https:\/\/www.food4animals.nl\/product\/kong-senior-m-86-cm\/","url":"https:\/\/www.food4animals.nl\/product\/kong-senior-m-86-cm\/","name":"Kong Senior M 8,6 cm - Food4animals","isPartOf":{"@id":"https:\/\/www.food4animals.nl\/en\/#website"},"primaryImageOfPage":{"@id":"https:\/\/www.food4animals.nl\/product\/kong-senior-m-86-cm\/#primaryimage"},"image":{"@id":"https:\/\/www.food4animals.nl\/product\/kong-senior-m-86-cm\/#primaryimage"},"thumbnailUrl":"https:\/\/www.food4animals.nl\/wp-content\/uploads\/2025\/02\/285737.png","datePublished":"2025-02-01T23:44:20+00:00","dateModified":"2026-04-05T00:22:43+00:00","breadcrumb":{"@id":"https:\/\/www.food4animals.nl\/product\/kong-senior-m-86-cm\/#breadcrumb"},"inLanguage":"de","potentialAction":[{"@type":"ReadAction","target":["https:\/\/www.food4animals.nl\/product\/kong-senior-m-86-cm\/"]}]},{"@type":"ImageObject","inLanguage":"de","@id":"https:\/\/www.food4animals.nl\/product\/kong-senior-m-86-cm\/#primaryimage","url":"https:\/\/www.food4animals.nl\/wp-content\/uploads\/2025\/02\/285737.png","contentUrl":"https:\/\/www.food4animals.nl\/wp-content\/uploads\/2025\/02\/285737.png","width":1689,"height":980},{"@type":"BreadcrumbList","@id":"https:\/\/www.food4animals.nl\/product\/kong-senior-m-86-cm\/#breadcrumb","itemListElement":[{"@type":"ListItem","position":1,"name":"Home","item":"https:\/\/www.food4animals.nl\/"},{"@type":"ListItem","position":2,"name":"Winkel","item":"https:\/\/www.food4animals.nl\/winkel\/"},{"@type":"ListItem","position":3,"name":"Kong Senior M 8,6 cm"}]},{"@type":"WebSite","@id":"https:\/\/www.food4animals.nl\/en\/#website","url":"https:\/\/www.food4animals.nl\/en\/","name":"Lebensmittel4Tiere","description":"Alles f\u00fcr Reiter und Tier","publisher":{"@id":"https:\/\/www.food4animals.nl\/en\/#organization"},"potentialAction":[{"@type":"SearchAction","target":{"@type":"EntryPoint","urlTemplate":"https:\/\/www.food4animals.nl\/en\/?s={search_term_string}"},"query-input":{"@type":"PropertyValueSpecification","valueRequired":true,"valueName":"search_term_string"}}],"inLanguage":"de"},{"@type":"Organization","@id":"https:\/\/www.food4animals.nl\/en\/#organization","name":"Lebensmittel4Tiere","url":"https:\/\/www.food4animals.nl\/en\/","logo":{"@type":"ImageObject","inLanguage":"de","@id":"https:\/\/www.food4animals.nl\/en\/#\/schema\/logo\/image\/","url":"https:\/\/www.food4animals.nl\/wp-content\/uploads\/2023\/10\/Logo.svg","contentUrl":"https:\/\/www.food4animals.nl\/wp-content\/uploads\/2023\/10\/Logo.svg","width":1,"height":1,"caption":"Food4animals"},"image":{"@id":"https:\/\/www.food4animals.nl\/en\/#\/schema\/logo\/image\/"},"sameAs":["https:\/\/www.facebook.com\/p\/Food4animals-100063861676074\/","https:\/\/x.com\/food4animals"]}]}},"_links":{"self":[{"href":"https:\/\/www.food4animals.nl\/de\/wp-json\/wp\/v2\/product\/27548","targetHints":{"allow":["GET"]}}],"collection":[{"href":"https:\/\/www.food4animals.nl\/de\/wp-json\/wp\/v2\/product"}],"about":[{"href":"https:\/\/www.food4animals.nl\/de\/wp-json\/wp\/v2\/types\/product"}],"wp:featuredmedia":[{"embeddable":true,"href":"https:\/\/www.food4animals.nl\/de\/wp-json\/wp\/v2\/media\/27553"}],"wp:attachment":[{"href":"https:\/\/www.food4animals.nl\/de\/wp-json\/wp\/v2\/media?parent=27548"}],"wp:term":[{"taxonomy":"product_brand","embeddable":true,"href":"https:\/\/www.food4animals.nl\/de\/wp-json\/wp\/v2\/product_brand?post=27548"},{"taxonomy":"product_cat","embeddable":true,"href":"https:\/\/www.food4animals.nl\/de\/wp-json\/wp\/v2\/product_cat?post=27548"},{"taxonomy":"product_tag","embeddable":true,"href":"https:\/\/www.food4animals.nl\/de\/wp-json\/wp\/v2\/product_tag?post=27548"}],"curies":[{"name":"wp","href":"https:\/\/api.w.org\/{rel}","templated":true}]}}