{"id":27995,"date":"2025-04-01T23:38:23","date_gmt":"2025-04-01T22:38:23","guid":{"rendered":"https:\/\/www.food4animals.nl\/product\/deep-ice-gel-in-pot-400-ml\/"},"modified":"2026-04-05T01:09:02","modified_gmt":"2026-04-05T00:09:02","slug":"deep-ice-gel-in-pot-400-ml","status":"publish","type":"product","link":"https:\/\/www.food4animals.nl\/de\/produkt\/deep-ice-gel-in-pot-400-ml\/","title":{"rendered":"Deep Ice Gel in pot 400 ml"},"content":{"rendered":"<p><span style=\"font-size: 10pt;\"><strong>Cooling Gel om spieren en pezen van uw paard te verzorgen en te koelen na arbeid.&#xA0;<br \/>Deep Ice&#xA0;<\/strong>enth\u00e4lt eine einzigartige Formel, die das Gel erst kalt und dann warm macht.<\/span><\/p>\n<p><span style=\"color: #ff0000; font-size: 10pt;\"><strong><span style=\"color: #000000;\">TIPP:<\/span> werkt ook perfect ter verzorging en verzachting van de huid bij insecten- en kwallenbeten (bijv. eikenprocessierups)!&#xA0;<\/strong><\/span><\/p>\n<p><span style=\"font-size: 10pt;\"><a href=\"https:\/\/www.boerenwinkel.nl\/imagestream\/stream\/40616\/Deep_Ice_Formule.pdf\" target=\"_blank\" rel=\"noopener\"><img loading=\"lazy\" decoding=\"async\" src=\"\/imagestream\/stream\/40615\/500\/79\/Deep_Ice_Formule.jpg\" width=\"500\" height=\"79\" \/><\/a><\/span><br \/><span style=\"font-size: 10pt;\">&#xA0;<\/span><br \/><span style=\"font-size: 10pt;\"><strong>Zusammensetzung<\/strong><\/span><br \/><span style=\"font-size: 10pt;\">Menthol: k\u00fchlt und beruhigt.<\/span><br \/><span style=\"font-size: 10pt;\">Rosskastanie: unterst\u00fctzt den Blutkreislauf.<\/span><br \/><span style=\"font-size: 10pt;\">Arnika: w\u00e4rmt und entspannt.<\/span><br \/><span style=\"font-size: 10pt;\">&#xA0;<\/span><br \/><span style=\"font-size: 10pt;\"><strong>Benutzerhandbuch<\/strong><\/span><br \/><span style=\"font-size: 10pt;\">Gro\u00dfz\u00fcgig auf die Beine auftragen. Um die Wirksamkeit zu verl\u00e4ngern\/erh\u00f6hen, k\u00f6nnen Sie eine Bandage \u00fcber das Gel legen, damit es weniger schnell trocknet.<\/span><br \/><span style=\"font-size: 10pt;\">&#xA0;<\/span><br \/><span style=\"font-size: 10pt;\"><strong>Bewahrung<\/strong><\/span><br \/><span style=\"font-size: 10pt;\">Trocken und vor direkter Sonneneinstrahlung gesch\u00fctzt.<\/span><\/p>\n<p><span style=\"font-size: 10pt;\"><strong>Inhalt<br \/><\/strong>DEEP00050: 50 ml<\/span><br \/><span style=\"font-size: 10pt;\">DEEP00100: 100 ml<\/span><br \/><span style=\"font-size: 10pt;\">DEEP00504: 250 ml<\/span><br \/><span style=\"font-size: 10pt;\">DEEP00505: 500 ml<\/span><\/p>","protected":false},"excerpt":{"rendered":"<p>Zur Pflege und K\u00fchlung der Muskeln und Sehnen von Ihnen oder Ihrem Pferd nach der Arbeit.<\/p>","protected":false},"featured_media":27996,"template":"","meta":{"_acf_changed":false},"product_brand":[],"product_cat":[829,1216],"product_tag":[4272],"class_list":{"0":"post-27995","1":"product","2":"type-product","3":"status-publish","4":"has-post-thumbnail","6":"product_cat-paard","7":"product_cat-verzorging-paard","8":"product_tag-400-ml","10":"first","11":"instock","12":"taxable","13":"shipping-taxable","14":"purchasable","15":"product-type-simple"},"acf":[],"yoast_head":"<!-- This site is optimized with the Yoast SEO plugin v27.2 - https:\/\/yoast.com\/product\/yoast-seo-wordpress\/ -->\n<title>Deep Ice Gel in pot 400 ml - Food4animals<\/title>\n<meta name=\"robots\" content=\"index, follow, max-snippet:-1, max-image-preview:large, max-video-preview:-1\" \/>\n<link rel=\"canonical\" href=\"https:\/\/www.food4animals.nl\/de\/produkt\/deep-ice-gel-in-pot-400-ml\/\" \/>\n<meta property=\"og:locale\" content=\"de_DE\" \/>\n<meta property=\"og:type\" content=\"article\" \/>\n<meta property=\"og:title\" content=\"Deep Ice Gel in pot 400 ml - Food4animals\" \/>\n<meta property=\"og:description\" content=\"Voor het verzorgen en koelen van spieren en pezen van uzelf of van uw paard na arbeid.\" \/>\n<meta property=\"og:url\" content=\"https:\/\/www.food4animals.nl\/de\/produkt\/deep-ice-gel-in-pot-400-ml\/\" \/>\n<meta property=\"og:site_name\" content=\"Food4animals\" \/>\n<meta property=\"article:publisher\" content=\"https:\/\/www.facebook.com\/p\/Food4animals-100063861676074\/\" \/>\n<meta property=\"article:modified_time\" content=\"2026-04-05T00:09:02+00:00\" \/>\n<meta property=\"og:image\" content=\"https:\/\/www.food4animals.nl\/wp-content\/uploads\/2025\/04\/308607.png\" \/>\n\t<meta property=\"og:image:width\" content=\"1024\" \/>\n\t<meta property=\"og:image:height\" content=\"1024\" \/>\n\t<meta property=\"og:image:type\" content=\"image\/png\" \/>\n<meta name=\"twitter:card\" content=\"summary_large_image\" \/>\n<meta name=\"twitter:site\" content=\"@food4animals\" \/>\n<meta name=\"twitter:label1\" content=\"Gesch\u00e4tzte Lesezeit\" \/>\n\t<meta name=\"twitter:data1\" content=\"1\u00a0Minute\" \/>\n<script type=\"application\/ld+json\" class=\"yoast-schema-graph\">{\"@context\":\"https:\/\/schema.org\",\"@graph\":[{\"@type\":\"WebPage\",\"@id\":\"https:\/\/www.food4animals.nl\/product\/deep-ice-gel-in-pot-400-ml\/\",\"url\":\"https:\/\/www.food4animals.nl\/product\/deep-ice-gel-in-pot-400-ml\/\",\"name\":\"Deep Ice Gel in pot 400 ml - Food4animals\",\"isPartOf\":{\"@id\":\"https:\/\/www.food4animals.nl\/en\/#website\"},\"primaryImageOfPage\":{\"@id\":\"https:\/\/www.food4animals.nl\/product\/deep-ice-gel-in-pot-400-ml\/#primaryimage\"},\"image\":{\"@id\":\"https:\/\/www.food4animals.nl\/product\/deep-ice-gel-in-pot-400-ml\/#primaryimage\"},\"thumbnailUrl\":\"https:\/\/www.food4animals.nl\/wp-content\/uploads\/2025\/04\/308607.png\",\"datePublished\":\"2025-04-01T22:38:23+00:00\",\"dateModified\":\"2026-04-05T00:09:02+00:00\",\"breadcrumb\":{\"@id\":\"https:\/\/www.food4animals.nl\/product\/deep-ice-gel-in-pot-400-ml\/#breadcrumb\"},\"inLanguage\":\"de\",\"potentialAction\":[{\"@type\":\"ReadAction\",\"target\":[\"https:\/\/www.food4animals.nl\/product\/deep-ice-gel-in-pot-400-ml\/\"]}]},{\"@type\":\"ImageObject\",\"inLanguage\":\"de\",\"@id\":\"https:\/\/www.food4animals.nl\/product\/deep-ice-gel-in-pot-400-ml\/#primaryimage\",\"url\":\"https:\/\/www.food4animals.nl\/wp-content\/uploads\/2025\/04\/308607.png\",\"contentUrl\":\"https:\/\/www.food4animals.nl\/wp-content\/uploads\/2025\/04\/308607.png\",\"width\":1024,\"height\":1024},{\"@type\":\"BreadcrumbList\",\"@id\":\"https:\/\/www.food4animals.nl\/product\/deep-ice-gel-in-pot-400-ml\/#breadcrumb\",\"itemListElement\":[{\"@type\":\"ListItem\",\"position\":1,\"name\":\"Home\",\"item\":\"https:\/\/www.food4animals.nl\/\"},{\"@type\":\"ListItem\",\"position\":2,\"name\":\"Winkel\",\"item\":\"https:\/\/www.food4animals.nl\/winkel\/\"},{\"@type\":\"ListItem\",\"position\":3,\"name\":\"Deep Ice Gel in pot 400 ml\"}]},{\"@type\":\"WebSite\",\"@id\":\"https:\/\/www.food4animals.nl\/en\/#website\",\"url\":\"https:\/\/www.food4animals.nl\/en\/\",\"name\":\"Food4animals\",\"description\":\"Alles voor Ruiter en Dier\",\"publisher\":{\"@id\":\"https:\/\/www.food4animals.nl\/en\/#organization\"},\"potentialAction\":[{\"@type\":\"SearchAction\",\"target\":{\"@type\":\"EntryPoint\",\"urlTemplate\":\"https:\/\/www.food4animals.nl\/en\/?s={search_term_string}\"},\"query-input\":{\"@type\":\"PropertyValueSpecification\",\"valueRequired\":true,\"valueName\":\"search_term_string\"}}],\"inLanguage\":\"de\"},{\"@type\":\"Organization\",\"@id\":\"https:\/\/www.food4animals.nl\/en\/#organization\",\"name\":\"Food4animals\",\"url\":\"https:\/\/www.food4animals.nl\/en\/\",\"logo\":{\"@type\":\"ImageObject\",\"inLanguage\":\"de\",\"@id\":\"https:\/\/www.food4animals.nl\/en\/#\/schema\/logo\/image\/\",\"url\":\"https:\/\/www.food4animals.nl\/wp-content\/uploads\/2023\/10\/Logo.svg\",\"contentUrl\":\"https:\/\/www.food4animals.nl\/wp-content\/uploads\/2023\/10\/Logo.svg\",\"width\":1,\"height\":1,\"caption\":\"Food4animals\"},\"image\":{\"@id\":\"https:\/\/www.food4animals.nl\/en\/#\/schema\/logo\/image\/\"},\"sameAs\":[\"https:\/\/www.facebook.com\/p\/Food4animals-100063861676074\/\",\"https:\/\/x.com\/food4animals\"]}]}<\/script>\n<!-- \/ Yoast SEO plugin. -->","yoast_head_json":{"title":"Deep Ice Gel in pot 400 ml - Food4animals","robots":{"index":"index","follow":"follow","max-snippet":"max-snippet:-1","max-image-preview":"max-image-preview:large","max-video-preview":"max-video-preview:-1"},"canonical":"https:\/\/www.food4animals.nl\/de\/produkt\/deep-ice-gel-in-pot-400-ml\/","og_locale":"de_DE","og_type":"article","og_title":"Deep Ice Gel in pot 400 ml - Food4animals","og_description":"Voor het verzorgen en koelen van spieren en pezen van uzelf of van uw paard na arbeid.","og_url":"https:\/\/www.food4animals.nl\/de\/produkt\/deep-ice-gel-in-pot-400-ml\/","og_site_name":"Food4animals","article_publisher":"https:\/\/www.facebook.com\/p\/Food4animals-100063861676074\/","article_modified_time":"2026-04-05T00:09:02+00:00","og_image":[{"width":1024,"height":1024,"url":"https:\/\/www.food4animals.nl\/wp-content\/uploads\/2025\/04\/308607.png","type":"image\/png"}],"twitter_card":"summary_large_image","twitter_site":"@food4animals","twitter_misc":{"Gesch\u00e4tzte Lesezeit":"1\u00a0Minute"},"schema":{"@context":"https:\/\/schema.org","@graph":[{"@type":"WebPage","@id":"https:\/\/www.food4animals.nl\/product\/deep-ice-gel-in-pot-400-ml\/","url":"https:\/\/www.food4animals.nl\/product\/deep-ice-gel-in-pot-400-ml\/","name":"Deep Ice Gel in pot 400 ml - Food4animals","isPartOf":{"@id":"https:\/\/www.food4animals.nl\/en\/#website"},"primaryImageOfPage":{"@id":"https:\/\/www.food4animals.nl\/product\/deep-ice-gel-in-pot-400-ml\/#primaryimage"},"image":{"@id":"https:\/\/www.food4animals.nl\/product\/deep-ice-gel-in-pot-400-ml\/#primaryimage"},"thumbnailUrl":"https:\/\/www.food4animals.nl\/wp-content\/uploads\/2025\/04\/308607.png","datePublished":"2025-04-01T22:38:23+00:00","dateModified":"2026-04-05T00:09:02+00:00","breadcrumb":{"@id":"https:\/\/www.food4animals.nl\/product\/deep-ice-gel-in-pot-400-ml\/#breadcrumb"},"inLanguage":"de","potentialAction":[{"@type":"ReadAction","target":["https:\/\/www.food4animals.nl\/product\/deep-ice-gel-in-pot-400-ml\/"]}]},{"@type":"ImageObject","inLanguage":"de","@id":"https:\/\/www.food4animals.nl\/product\/deep-ice-gel-in-pot-400-ml\/#primaryimage","url":"https:\/\/www.food4animals.nl\/wp-content\/uploads\/2025\/04\/308607.png","contentUrl":"https:\/\/www.food4animals.nl\/wp-content\/uploads\/2025\/04\/308607.png","width":1024,"height":1024},{"@type":"BreadcrumbList","@id":"https:\/\/www.food4animals.nl\/product\/deep-ice-gel-in-pot-400-ml\/#breadcrumb","itemListElement":[{"@type":"ListItem","position":1,"name":"Home","item":"https:\/\/www.food4animals.nl\/"},{"@type":"ListItem","position":2,"name":"Winkel","item":"https:\/\/www.food4animals.nl\/winkel\/"},{"@type":"ListItem","position":3,"name":"Deep Ice Gel in pot 400 ml"}]},{"@type":"WebSite","@id":"https:\/\/www.food4animals.nl\/en\/#website","url":"https:\/\/www.food4animals.nl\/en\/","name":"Lebensmittel4Tiere","description":"Alles f\u00fcr Reiter und Tier","publisher":{"@id":"https:\/\/www.food4animals.nl\/en\/#organization"},"potentialAction":[{"@type":"SearchAction","target":{"@type":"EntryPoint","urlTemplate":"https:\/\/www.food4animals.nl\/en\/?s={search_term_string}"},"query-input":{"@type":"PropertyValueSpecification","valueRequired":true,"valueName":"search_term_string"}}],"inLanguage":"de"},{"@type":"Organization","@id":"https:\/\/www.food4animals.nl\/en\/#organization","name":"Lebensmittel4Tiere","url":"https:\/\/www.food4animals.nl\/en\/","logo":{"@type":"ImageObject","inLanguage":"de","@id":"https:\/\/www.food4animals.nl\/en\/#\/schema\/logo\/image\/","url":"https:\/\/www.food4animals.nl\/wp-content\/uploads\/2023\/10\/Logo.svg","contentUrl":"https:\/\/www.food4animals.nl\/wp-content\/uploads\/2023\/10\/Logo.svg","width":1,"height":1,"caption":"Food4animals"},"image":{"@id":"https:\/\/www.food4animals.nl\/en\/#\/schema\/logo\/image\/"},"sameAs":["https:\/\/www.facebook.com\/p\/Food4animals-100063861676074\/","https:\/\/x.com\/food4animals"]}]}},"_links":{"self":[{"href":"https:\/\/www.food4animals.nl\/de\/wp-json\/wp\/v2\/product\/27995","targetHints":{"allow":["GET"]}}],"collection":[{"href":"https:\/\/www.food4animals.nl\/de\/wp-json\/wp\/v2\/product"}],"about":[{"href":"https:\/\/www.food4animals.nl\/de\/wp-json\/wp\/v2\/types\/product"}],"wp:featuredmedia":[{"embeddable":true,"href":"https:\/\/www.food4animals.nl\/de\/wp-json\/wp\/v2\/media\/27996"}],"wp:attachment":[{"href":"https:\/\/www.food4animals.nl\/de\/wp-json\/wp\/v2\/media?parent=27995"}],"wp:term":[{"taxonomy":"product_brand","embeddable":true,"href":"https:\/\/www.food4animals.nl\/de\/wp-json\/wp\/v2\/product_brand?post=27995"},{"taxonomy":"product_cat","embeddable":true,"href":"https:\/\/www.food4animals.nl\/de\/wp-json\/wp\/v2\/product_cat?post=27995"},{"taxonomy":"product_tag","embeddable":true,"href":"https:\/\/www.food4animals.nl\/de\/wp-json\/wp\/v2\/product_tag?post=27995"}],"curies":[{"name":"wp","href":"https:\/\/api.w.org\/{rel}","templated":true}]}}