{"id":3847,"date":"2024-01-04T15:01:27","date_gmt":"2024-01-04T14:01:27","guid":{"rendered":"https:\/\/food4animals.nl\/product\/2-glow-treat-ball-on-call\/"},"modified":"2026-04-12T01:42:12","modified_gmt":"2026-04-12T00:42:12","slug":"2-glow-treat-ball-on-call","status":"publish","type":"product","link":"https:\/\/www.food4animals.nl\/de\/produkt\/2-glow-treat-ball-on-call\/","title":{"rendered":"2 Glow Treat Ball auf Abruf"},"content":{"rendered":"<p><span style=\"font-size: 10pt;\"><strong>Treat ball on call<br \/>\n<\/strong><\/span><span style=\"font-size: 10pt;\">Ist Ihr Hund auch immer genervt, wenn es dunkel wird und Sie nicht mehr gemeinsam drau\u00dfen spielen k\u00f6nnen? Ab jetzt geh\u00f6rt das der Vergangenheit an. Jetzt k\u00f6nnen Sie auch im Dunkeln mit Ihrem Hund spielen! Dieses Spielzeug leuchtet im Dunkeln, so dass Sie stundenlang mit Ihrem Hund spielen k\u00f6nnen, auch im Dunkeln.<\/span><\/p>\n<ul>\n<li><span style=\"font-size: 10pt;\">Sehr stark<\/span><\/li>\n<li><span style=\"font-size: 10pt;\">Reinigt die Z\u00e4hne<\/span><\/li>\n<li><span style=\"font-size: 10pt;\">Massiert das Zahnfleisch<\/span><\/li>\n<li><span style=\"font-size: 10pt;\">Voor het verstoppen van traktatie<\/span><\/li>\n<\/ul>\n<p><span style=\"font-size: 10pt;\"><strong>Format<\/strong><\/span><br \/>\n<span style=\"font-size: 10pt;\">13 x 7,5 x 7,5 cm<\/span><\/p>","protected":false},"excerpt":{"rendered":"<p>Dieses Spielzeug leuchtet im Dunkeln, so dass Sie stundenlang mit Ihrem Hund spielen k\u00f6nnen, auch im Dunkeln.<\/p>","protected":false},"featured_media":29978,"template":"","meta":{"_acf_changed":false},"product_brand":[],"product_cat":[821,822],"product_tag":[827,825,823,824,828],"class_list":{"0":"post-3847","1":"product","2":"type-product","3":"status-publish","4":"has-post-thumbnail","6":"product_cat-hond","7":"product_cat-speelgoed","8":"product_tag-ballen","9":"product_tag-glow","10":"product_tag-hond","11":"product_tag-lichtgevend","12":"product_tag-traktatie-en-beloning","13":"tax_brand-2-glow","15":"first","16":"instock","17":"taxable","18":"shipping-taxable","19":"purchasable","20":"product-type-simple"},"acf":[],"yoast_head":"<!-- This site is optimized with the Yoast SEO plugin v27.2 - https:\/\/yoast.com\/product\/yoast-seo-wordpress\/ -->\n<title>2 Glow Treat ball on call - Food4animals<\/title>\n<meta name=\"robots\" content=\"index, follow, max-snippet:-1, max-image-preview:large, max-video-preview:-1\" \/>\n<link rel=\"canonical\" href=\"https:\/\/www.food4animals.nl\/de\/produkt\/2-glow-treat-ball-on-call\/\" \/>\n<meta property=\"og:locale\" content=\"de_DE\" \/>\n<meta property=\"og:type\" content=\"article\" \/>\n<meta property=\"og:title\" content=\"2 Glow Treat ball on call - Food4animals\" \/>\n<meta property=\"og:description\" content=\"Dit speelgoed geeft licht in het donker en daarom kan het spelen met je hond uren doorgaan, zelfs in het donker.\" \/>\n<meta property=\"og:url\" content=\"https:\/\/www.food4animals.nl\/de\/produkt\/2-glow-treat-ball-on-call\/\" \/>\n<meta property=\"og:site_name\" content=\"Food4animals\" \/>\n<meta property=\"article:publisher\" content=\"https:\/\/www.facebook.com\/p\/Food4animals-100063861676074\/\" \/>\n<meta property=\"article:modified_time\" content=\"2026-04-12T00:42:12+00:00\" \/>\n<meta property=\"og:image\" content=\"https:\/\/www.food4animals.nl\/wp-content\/uploads\/2024\/01\/2-Glow-Treat-Ball-on-Call.jpg\" \/>\n\t<meta property=\"og:image:width\" content=\"1024\" \/>\n\t<meta property=\"og:image:height\" content=\"1024\" \/>\n\t<meta property=\"og:image:type\" content=\"image\/jpeg\" \/>\n<meta name=\"twitter:card\" content=\"summary_large_image\" \/>\n<meta name=\"twitter:site\" content=\"@food4animals\" \/>\n<meta name=\"twitter:label1\" content=\"Gesch\u00e4tzte Lesezeit\" \/>\n\t<meta name=\"twitter:data1\" content=\"1\u00a0Minute\" \/>\n<script type=\"application\/ld+json\" class=\"yoast-schema-graph\">{\"@context\":\"https:\/\/schema.org\",\"@graph\":[{\"@type\":\"WebPage\",\"@id\":\"https:\/\/www.food4animals.nl\/product\/2-glow-treat-ball-on-call\/\",\"url\":\"https:\/\/www.food4animals.nl\/product\/2-glow-treat-ball-on-call\/\",\"name\":\"2 Glow Treat ball on call - Food4animals\",\"isPartOf\":{\"@id\":\"https:\/\/www.food4animals.nl\/en\/#website\"},\"primaryImageOfPage\":{\"@id\":\"https:\/\/www.food4animals.nl\/product\/2-glow-treat-ball-on-call\/#primaryimage\"},\"image\":{\"@id\":\"https:\/\/www.food4animals.nl\/product\/2-glow-treat-ball-on-call\/#primaryimage\"},\"thumbnailUrl\":\"https:\/\/www.food4animals.nl\/wp-content\/uploads\/2024\/01\/2-Glow-Treat-Ball-on-Call.jpg\",\"datePublished\":\"2024-01-04T14:01:27+00:00\",\"dateModified\":\"2026-04-12T00:42:12+00:00\",\"breadcrumb\":{\"@id\":\"https:\/\/www.food4animals.nl\/product\/2-glow-treat-ball-on-call\/#breadcrumb\"},\"inLanguage\":\"de\",\"potentialAction\":[{\"@type\":\"ReadAction\",\"target\":[\"https:\/\/www.food4animals.nl\/product\/2-glow-treat-ball-on-call\/\"]}]},{\"@type\":\"ImageObject\",\"inLanguage\":\"de\",\"@id\":\"https:\/\/www.food4animals.nl\/product\/2-glow-treat-ball-on-call\/#primaryimage\",\"url\":\"https:\/\/www.food4animals.nl\/wp-content\/uploads\/2024\/01\/2-Glow-Treat-Ball-on-Call.jpg\",\"contentUrl\":\"https:\/\/www.food4animals.nl\/wp-content\/uploads\/2024\/01\/2-Glow-Treat-Ball-on-Call.jpg\",\"width\":1024,\"height\":1024,\"caption\":\"2 Glow Treat Ball on Call\"},{\"@type\":\"BreadcrumbList\",\"@id\":\"https:\/\/www.food4animals.nl\/product\/2-glow-treat-ball-on-call\/#breadcrumb\",\"itemListElement\":[{\"@type\":\"ListItem\",\"position\":1,\"name\":\"Home\",\"item\":\"https:\/\/www.food4animals.nl\/\"},{\"@type\":\"ListItem\",\"position\":2,\"name\":\"Winkel\",\"item\":\"https:\/\/www.food4animals.nl\/winkel\/\"},{\"@type\":\"ListItem\",\"position\":3,\"name\":\"2 Glow Treat ball on call\"}]},{\"@type\":\"WebSite\",\"@id\":\"https:\/\/www.food4animals.nl\/en\/#website\",\"url\":\"https:\/\/www.food4animals.nl\/en\/\",\"name\":\"Food4animals\",\"description\":\"Alles voor Ruiter en Dier\",\"publisher\":{\"@id\":\"https:\/\/www.food4animals.nl\/en\/#organization\"},\"potentialAction\":[{\"@type\":\"SearchAction\",\"target\":{\"@type\":\"EntryPoint\",\"urlTemplate\":\"https:\/\/www.food4animals.nl\/en\/?s={search_term_string}\"},\"query-input\":{\"@type\":\"PropertyValueSpecification\",\"valueRequired\":true,\"valueName\":\"search_term_string\"}}],\"inLanguage\":\"de\"},{\"@type\":\"Organization\",\"@id\":\"https:\/\/www.food4animals.nl\/en\/#organization\",\"name\":\"Food4animals\",\"url\":\"https:\/\/www.food4animals.nl\/en\/\",\"logo\":{\"@type\":\"ImageObject\",\"inLanguage\":\"de\",\"@id\":\"https:\/\/www.food4animals.nl\/en\/#\/schema\/logo\/image\/\",\"url\":\"https:\/\/www.food4animals.nl\/wp-content\/uploads\/2023\/10\/Logo.svg\",\"contentUrl\":\"https:\/\/www.food4animals.nl\/wp-content\/uploads\/2023\/10\/Logo.svg\",\"width\":1,\"height\":1,\"caption\":\"Food4animals\"},\"image\":{\"@id\":\"https:\/\/www.food4animals.nl\/en\/#\/schema\/logo\/image\/\"},\"sameAs\":[\"https:\/\/www.facebook.com\/p\/Food4animals-100063861676074\/\",\"https:\/\/x.com\/food4animals\"]}]}<\/script>\n<!-- \/ Yoast SEO plugin. -->","yoast_head_json":{"title":"2 Glow Treat ball on call - Food4animals","robots":{"index":"index","follow":"follow","max-snippet":"max-snippet:-1","max-image-preview":"max-image-preview:large","max-video-preview":"max-video-preview:-1"},"canonical":"https:\/\/www.food4animals.nl\/de\/produkt\/2-glow-treat-ball-on-call\/","og_locale":"de_DE","og_type":"article","og_title":"2 Glow Treat ball on call - Food4animals","og_description":"Dit speelgoed geeft licht in het donker en daarom kan het spelen met je hond uren doorgaan, zelfs in het donker.","og_url":"https:\/\/www.food4animals.nl\/de\/produkt\/2-glow-treat-ball-on-call\/","og_site_name":"Food4animals","article_publisher":"https:\/\/www.facebook.com\/p\/Food4animals-100063861676074\/","article_modified_time":"2026-04-12T00:42:12+00:00","og_image":[{"width":1024,"height":1024,"url":"https:\/\/www.food4animals.nl\/wp-content\/uploads\/2024\/01\/2-Glow-Treat-Ball-on-Call.jpg","type":"image\/jpeg"}],"twitter_card":"summary_large_image","twitter_site":"@food4animals","twitter_misc":{"Gesch\u00e4tzte Lesezeit":"1\u00a0Minute"},"schema":{"@context":"https:\/\/schema.org","@graph":[{"@type":"WebPage","@id":"https:\/\/www.food4animals.nl\/product\/2-glow-treat-ball-on-call\/","url":"https:\/\/www.food4animals.nl\/product\/2-glow-treat-ball-on-call\/","name":"2 Glow Treat ball on call - Food4animals","isPartOf":{"@id":"https:\/\/www.food4animals.nl\/en\/#website"},"primaryImageOfPage":{"@id":"https:\/\/www.food4animals.nl\/product\/2-glow-treat-ball-on-call\/#primaryimage"},"image":{"@id":"https:\/\/www.food4animals.nl\/product\/2-glow-treat-ball-on-call\/#primaryimage"},"thumbnailUrl":"https:\/\/www.food4animals.nl\/wp-content\/uploads\/2024\/01\/2-Glow-Treat-Ball-on-Call.jpg","datePublished":"2024-01-04T14:01:27+00:00","dateModified":"2026-04-12T00:42:12+00:00","breadcrumb":{"@id":"https:\/\/www.food4animals.nl\/product\/2-glow-treat-ball-on-call\/#breadcrumb"},"inLanguage":"de","potentialAction":[{"@type":"ReadAction","target":["https:\/\/www.food4animals.nl\/product\/2-glow-treat-ball-on-call\/"]}]},{"@type":"ImageObject","inLanguage":"de","@id":"https:\/\/www.food4animals.nl\/product\/2-glow-treat-ball-on-call\/#primaryimage","url":"https:\/\/www.food4animals.nl\/wp-content\/uploads\/2024\/01\/2-Glow-Treat-Ball-on-Call.jpg","contentUrl":"https:\/\/www.food4animals.nl\/wp-content\/uploads\/2024\/01\/2-Glow-Treat-Ball-on-Call.jpg","width":1024,"height":1024,"caption":"2 Glow Treat Ball on Call"},{"@type":"BreadcrumbList","@id":"https:\/\/www.food4animals.nl\/product\/2-glow-treat-ball-on-call\/#breadcrumb","itemListElement":[{"@type":"ListItem","position":1,"name":"Home","item":"https:\/\/www.food4animals.nl\/"},{"@type":"ListItem","position":2,"name":"Winkel","item":"https:\/\/www.food4animals.nl\/winkel\/"},{"@type":"ListItem","position":3,"name":"2 Glow Treat ball on call"}]},{"@type":"WebSite","@id":"https:\/\/www.food4animals.nl\/en\/#website","url":"https:\/\/www.food4animals.nl\/en\/","name":"Lebensmittel4Tiere","description":"Alles f\u00fcr Reiter und Tier","publisher":{"@id":"https:\/\/www.food4animals.nl\/en\/#organization"},"potentialAction":[{"@type":"SearchAction","target":{"@type":"EntryPoint","urlTemplate":"https:\/\/www.food4animals.nl\/en\/?s={search_term_string}"},"query-input":{"@type":"PropertyValueSpecification","valueRequired":true,"valueName":"search_term_string"}}],"inLanguage":"de"},{"@type":"Organization","@id":"https:\/\/www.food4animals.nl\/en\/#organization","name":"Lebensmittel4Tiere","url":"https:\/\/www.food4animals.nl\/en\/","logo":{"@type":"ImageObject","inLanguage":"de","@id":"https:\/\/www.food4animals.nl\/en\/#\/schema\/logo\/image\/","url":"https:\/\/www.food4animals.nl\/wp-content\/uploads\/2023\/10\/Logo.svg","contentUrl":"https:\/\/www.food4animals.nl\/wp-content\/uploads\/2023\/10\/Logo.svg","width":1,"height":1,"caption":"Food4animals"},"image":{"@id":"https:\/\/www.food4animals.nl\/en\/#\/schema\/logo\/image\/"},"sameAs":["https:\/\/www.facebook.com\/p\/Food4animals-100063861676074\/","https:\/\/x.com\/food4animals"]}]}},"_links":{"self":[{"href":"https:\/\/www.food4animals.nl\/de\/wp-json\/wp\/v2\/product\/3847","targetHints":{"allow":["GET"]}}],"collection":[{"href":"https:\/\/www.food4animals.nl\/de\/wp-json\/wp\/v2\/product"}],"about":[{"href":"https:\/\/www.food4animals.nl\/de\/wp-json\/wp\/v2\/types\/product"}],"wp:featuredmedia":[{"embeddable":true,"href":"https:\/\/www.food4animals.nl\/de\/wp-json\/wp\/v2\/media\/29978"}],"wp:attachment":[{"href":"https:\/\/www.food4animals.nl\/de\/wp-json\/wp\/v2\/media?parent=3847"}],"wp:term":[{"taxonomy":"product_brand","embeddable":true,"href":"https:\/\/www.food4animals.nl\/de\/wp-json\/wp\/v2\/product_brand?post=3847"},{"taxonomy":"product_cat","embeddable":true,"href":"https:\/\/www.food4animals.nl\/de\/wp-json\/wp\/v2\/product_cat?post=3847"},{"taxonomy":"product_tag","embeddable":true,"href":"https:\/\/www.food4animals.nl\/de\/wp-json\/wp\/v2\/product_tag?post=3847"}],"curies":[{"name":"wp","href":"https:\/\/api.w.org\/{rel}","templated":true}]}}