{"id":3852,"date":"2024-01-04T15:03:19","date_gmt":"2024-01-04T14:03:19","guid":{"rendered":"https:\/\/food4animals.nl\/product\/acticid-desinfectie-spray\/"},"modified":"2026-05-02T01:02:11","modified_gmt":"2026-05-02T00:02:11","slug":"acticid-desinfektionsspray","status":"publish","type":"product","link":"https:\/\/www.food4animals.nl\/de\/produkt\/acticid-desinfektionsspray\/","title":{"rendered":"Acticid Desinfektionsspray"},"content":{"rendered":"<p><span style=\"font-size: 10pt;\"><strong>Desinfektionsmittel f\u00fcr kleine Fl\u00e4chen.<\/strong><\/span><br \/>\n<span style=\"font-size: 10pt;\">Acticid ist ein hochwirksames Desinfektionsmittel f\u00fcr kleine Fl\u00e4chen.<\/span><\/p>\n<p><span style=\"font-size: 10pt;\"><strong>Was ist Acticid?<br \/>\n<\/strong>Acticid ist ein wirksames Desinfektionsmittel auf der Basis von 76% denaturiertem Ethanol (Alkohol). Es kann zur Desinfektion kleiner Fl\u00e4chen (wie T\u00fcrklinken, Stiefel und Toilettensitze) verwendet werden, z. B. im Lebensmittel-, Gesundheits-, Kosmetik- und Veterin\u00e4rbereich. Es kann \u00fcberall eingesetzt werden, um unerw\u00fcnschte Mikroorganismen zu beseitigen. Acticid ist einfach in der Anwendung: einspr\u00fchen, trocknen lassen, fertig! Nachsp\u00fclen ist nicht erforderlich.<\/span><\/p>\n<div id=\"gusto-104\" class=\"gusto_regular_row\">\n<div class=\"wpb_row vc_row-fluid\">\n<div class=\"small-12 columns\">\n<div class=\"prk_inner_block columns small-centered clearfix\">\n<div class=\"vc_col-sm-12 wpb_column vc_column_container\">\n<div class=\"wpb_wrapper\">\n<div class=\"wpb_text_column wpb_content_element\">\n<div class=\"wpb_wrapper\">\n<div id=\"gusto-599\" class=\"gusto_regular_row\">\n<div class=\"wpb_row vc_row-fluid\">\n<div class=\"small-12 columns\">\n<div class=\"prk_inner_block columns small-centered clearfix\">\n<div class=\"vc_col-sm-12 wpb_column vc_column_container\">\n<div class=\"wpb_wrapper\">\n<div class=\"wpb_text_column wpb_content_element\">\n<div class=\"wpb_wrapper\"><span style=\"font-size: 10pt;\">Die Wirksamkeit wird durch den hohen Anteil an Ethanol gew\u00e4hrleistet, der seine Wirksamkeit gegen Bakterien und Hefen bewiesen hat. Acticid sorgt daf\u00fcr, dass der Mikroorganismus irreparabel gesch\u00e4digt wird (das Ethanol bewirkt, dass das Protein des Organismus gerinnt (Gerinnungsreaktion). Eine Resistenzbildung ist daher nicht m\u00f6glich. Biozide sicher verwenden. Lesen Sie vor der Anwendung das Etikett und die Produktinformation.<\/span><\/div>\n<div class=\"wpb_wrapper\">\n<p><span style=\"font-size: 10pt;\">Acticid wurde eine Ausnahmegenehmigung zur Verwendung als H\u00e4ndedesinfektionsmittel gegen das Coronavirus COVID-19 f\u00fcr berufliche und nichtberufliche Verwender in einem gesch\u00e4ftlichen oder beruflichen Umfeld erteilt (berufliche Verwender sind z. B. Ladeninhaber, nichtberufliche Verwender sind z. B. die Kunden des Ladeninhabers; beide d\u00fcrfen diese Mittel im Gesch\u00e4ft oder am Eingang verwenden). \u00a0<\/span><\/p>\n<p><span style=\"font-size: 10pt;\"><em>Gebrauchsanweisung f\u00fcr ein H\u00e4ndedesinfektionsmittel gegen das Coronavirus COVID-19:<br \/>\n<\/em>Reiben Sie Ihre H\u00e4nde mindestens 30 Sekunden lang mit diesem Mittel ein. Achten Sie darauf, dass die H\u00e4nde durchgehend feucht bleiben. Beachten Sie, dass dieses Mittel nur auf sauberen H\u00e4nden optimal wirksam ist.<\/span><\/p>\n<\/div>\n<div class=\"wpb_wrapper\"><strong style=\"font-size: 10pt;\">Vorteile<\/strong><\/div>\n<\/div>\n<\/div>\n<\/div>\n<\/div>\n<\/div>\n<\/div>\n<\/div>\n<\/div>\n<\/div>\n<\/div>\n<\/div>\n<\/div>\n<\/div>\n<\/div>\n<\/div>\n<p><span style=\"font-size: 10pt;\">- Wirksam gegen Bakterien und Hefen<\/span><br \/>\n<span style=\"font-size: 10pt;\">- Starke entfettende Wirkung<\/span><br \/>\n<span style=\"font-size: 10pt;\">- Hinterl\u00e4sst keine R\u00fcckst\u00e4nde<\/span><br \/>\n<span style=\"font-size: 10pt;\">- Widerstand ist nicht m\u00f6glich<\/span><\/p>\n<p><span style=\"font-size: 10pt;\"><strong>Inhalt<\/strong><\/span><br \/>\n<span style=\"font-size: 10pt;\">ACTI007: 0,5 l<\/span><br \/>\n<span style=\"font-size: 10pt;\">ACTI009: 5 l<\/span><\/p>\n<p><span style=\"font-size: 10pt;\"><strong>Zulassung<br \/>\n<\/strong>Zulassungsnummer: <a href=\"https:\/\/toelatingen.ctgb.nl\/toelating\/?id=13298&amp;category=Biocide%20\" target=\"_blank\" rel=\"noopener\">14021 N<\/a><\/span><br \/>\n<span style=\"font-size: 10pt;\"><br \/>\nVerwenden Sie Acticid sicher. Vor Gebrauch stets Kennzeichnung und Produktinformation lesen! F\u00fcr die Anwendung, siehe die <a href=\"https:\/\/ctgb-prd.s3.eu-central-1.amazonaws.com\/8621dd001b9a82747b52eba0279e8faa_20120747_14021.pdf\" target=\"_blank\" rel=\"noopener\">Rechtliche Hinweise zur Nutzung \/ Gebrauchsanweisung.<\/a><\/span><\/p>\n<p><span style=\"color: #ffffff; font-size: 10pt;\">veipmailing<\/span><\/p>","protected":false},"excerpt":{"rendered":"<p>Acticid ist ein hochwirksames Desinfektionsmittel f\u00fcr kleine Fl\u00e4chen.<\/p>","protected":false},"featured_media":29979,"template":"","meta":{"_acf_changed":false},"product_brand":[],"product_cat":[829,847],"product_tag":[849,823,842,851,843,848,839,844],"class_list":{"0":"post-3852","1":"product","2":"type-product","3":"status-publish","4":"has-post-thumbnail","6":"product_cat-paard","7":"product_cat-stal-en-weide","8":"product_tag-behandelkamer","9":"product_tag-hond","10":"product_tag-kat","11":"product_tag-operatie","12":"product_tag-paard","13":"product_tag-reiniging-en-ontsmetting","14":"product_tag-schaap-en-geit","15":"product_tag-varken","16":"tax_brand-acticid","18":"first","19":"instock","20":"taxable","21":"shipping-taxable","22":"purchasable","23":"product-type-simple"},"acf":[],"yoast_head":"<!-- This site is optimized with the Yoast SEO plugin v27.4 - https:\/\/yoast.com\/product\/yoast-seo-wordpress\/ -->\n<title>Acticid desinfectie Spray - Food4animals<\/title>\n<meta name=\"robots\" content=\"index, follow, max-snippet:-1, max-image-preview:large, max-video-preview:-1\" \/>\n<link rel=\"canonical\" href=\"https:\/\/www.food4animals.nl\/de\/produkt\/acticid-desinfektionsspray\/\" \/>\n<meta property=\"og:locale\" content=\"de_DE\" \/>\n<meta property=\"og:type\" content=\"article\" \/>\n<meta property=\"og:title\" content=\"Acticid desinfectie Spray - Food4animals\" \/>\n<meta property=\"og:description\" content=\"Acticid is een zeer doeltreffend desinfectie product voor kleine oppervlakken.\" \/>\n<meta property=\"og:url\" content=\"https:\/\/www.food4animals.nl\/de\/produkt\/acticid-desinfektionsspray\/\" \/>\n<meta property=\"og:site_name\" content=\"Food4animals\" \/>\n<meta property=\"article:publisher\" content=\"https:\/\/www.facebook.com\/p\/Food4animals-100063861676074\/\" \/>\n<meta property=\"article:modified_time\" content=\"2026-05-02T00:02:11+00:00\" \/>\n<meta property=\"og:image\" content=\"https:\/\/www.food4animals.nl\/wp-content\/uploads\/2024\/01\/Veip-Acticid-Desinfectie-Spray-500-ml.jpg\" \/>\n\t<meta property=\"og:image:width\" content=\"1024\" \/>\n\t<meta property=\"og:image:height\" content=\"1024\" \/>\n\t<meta property=\"og:image:type\" content=\"image\/jpeg\" \/>\n<meta name=\"twitter:card\" content=\"summary_large_image\" \/>\n<meta name=\"twitter:site\" content=\"@food4animals\" \/>\n<meta name=\"twitter:label1\" content=\"Gesch\u00e4tzte Lesezeit\" \/>\n\t<meta name=\"twitter:data1\" content=\"2\u00a0Minuten\" \/>\n<script type=\"application\/ld+json\" class=\"yoast-schema-graph\">{\"@context\":\"https:\\\/\\\/schema.org\",\"@graph\":[{\"@type\":\"WebPage\",\"@id\":\"https:\\\/\\\/www.food4animals.nl\\\/product\\\/acticid-desinfectie-spray\\\/\",\"url\":\"https:\\\/\\\/www.food4animals.nl\\\/product\\\/acticid-desinfectie-spray\\\/\",\"name\":\"Acticid desinfectie Spray - Food4animals\",\"isPartOf\":{\"@id\":\"https:\\\/\\\/www.food4animals.nl\\\/en\\\/#website\"},\"primaryImageOfPage\":{\"@id\":\"https:\\\/\\\/www.food4animals.nl\\\/product\\\/acticid-desinfectie-spray\\\/#primaryimage\"},\"image\":{\"@id\":\"https:\\\/\\\/www.food4animals.nl\\\/product\\\/acticid-desinfectie-spray\\\/#primaryimage\"},\"thumbnailUrl\":\"https:\\\/\\\/www.food4animals.nl\\\/wp-content\\\/uploads\\\/2024\\\/01\\\/Veip-Acticid-Desinfectie-Spray-500-ml.jpg\",\"datePublished\":\"2024-01-04T14:03:19+00:00\",\"dateModified\":\"2026-05-02T00:02:11+00:00\",\"breadcrumb\":{\"@id\":\"https:\\\/\\\/www.food4animals.nl\\\/product\\\/acticid-desinfectie-spray\\\/#breadcrumb\"},\"inLanguage\":\"de\",\"potentialAction\":[{\"@type\":\"ReadAction\",\"target\":[\"https:\\\/\\\/www.food4animals.nl\\\/product\\\/acticid-desinfectie-spray\\\/\"]}]},{\"@type\":\"ImageObject\",\"inLanguage\":\"de\",\"@id\":\"https:\\\/\\\/www.food4animals.nl\\\/product\\\/acticid-desinfectie-spray\\\/#primaryimage\",\"url\":\"https:\\\/\\\/www.food4animals.nl\\\/wp-content\\\/uploads\\\/2024\\\/01\\\/Veip-Acticid-Desinfectie-Spray-500-ml.jpg\",\"contentUrl\":\"https:\\\/\\\/www.food4animals.nl\\\/wp-content\\\/uploads\\\/2024\\\/01\\\/Veip-Acticid-Desinfectie-Spray-500-ml.jpg\",\"width\":1024,\"height\":1024,\"caption\":\"Veip Acticid Desinfectie Spray 500 ml Acticid is een zeer doeltreffend desinfectie product voor kleine oppervlakken\"},{\"@type\":\"BreadcrumbList\",\"@id\":\"https:\\\/\\\/www.food4animals.nl\\\/product\\\/acticid-desinfectie-spray\\\/#breadcrumb\",\"itemListElement\":[{\"@type\":\"ListItem\",\"position\":1,\"name\":\"Home\",\"item\":\"https:\\\/\\\/www.food4animals.nl\\\/\"},{\"@type\":\"ListItem\",\"position\":2,\"name\":\"Winkel\",\"item\":\"https:\\\/\\\/www.food4animals.nl\\\/winkel\\\/\"},{\"@type\":\"ListItem\",\"position\":3,\"name\":\"Acticid desinfectie Spray\"}]},{\"@type\":\"WebSite\",\"@id\":\"https:\\\/\\\/www.food4animals.nl\\\/en\\\/#website\",\"url\":\"https:\\\/\\\/www.food4animals.nl\\\/en\\\/\",\"name\":\"Food4animals\",\"description\":\"Alles voor Ruiter en Dier\",\"publisher\":{\"@id\":\"https:\\\/\\\/www.food4animals.nl\\\/en\\\/#organization\"},\"potentialAction\":[{\"@type\":\"SearchAction\",\"target\":{\"@type\":\"EntryPoint\",\"urlTemplate\":\"https:\\\/\\\/www.food4animals.nl\\\/en\\\/?s={search_term_string}\"},\"query-input\":{\"@type\":\"PropertyValueSpecification\",\"valueRequired\":true,\"valueName\":\"search_term_string\"}}],\"inLanguage\":\"de\"},{\"@type\":\"Organization\",\"@id\":\"https:\\\/\\\/www.food4animals.nl\\\/en\\\/#organization\",\"name\":\"Food4animals\",\"url\":\"https:\\\/\\\/www.food4animals.nl\\\/en\\\/\",\"logo\":{\"@type\":\"ImageObject\",\"inLanguage\":\"de\",\"@id\":\"https:\\\/\\\/www.food4animals.nl\\\/en\\\/#\\\/schema\\\/logo\\\/image\\\/\",\"url\":\"https:\\\/\\\/www.food4animals.nl\\\/wp-content\\\/uploads\\\/2023\\\/10\\\/Logo.svg\",\"contentUrl\":\"https:\\\/\\\/www.food4animals.nl\\\/wp-content\\\/uploads\\\/2023\\\/10\\\/Logo.svg\",\"width\":1,\"height\":1,\"caption\":\"Food4animals\"},\"image\":{\"@id\":\"https:\\\/\\\/www.food4animals.nl\\\/en\\\/#\\\/schema\\\/logo\\\/image\\\/\"},\"sameAs\":[\"https:\\\/\\\/www.facebook.com\\\/p\\\/Food4animals-100063861676074\\\/\",\"https:\\\/\\\/x.com\\\/food4animals\"]}]}<\/script>\n<!-- \/ Yoast SEO plugin. -->","yoast_head_json":{"title":"Acticid Desinfektionsspray - Food4animals","robots":{"index":"index","follow":"follow","max-snippet":"max-snippet:-1","max-image-preview":"max-image-preview:large","max-video-preview":"max-video-preview:-1"},"canonical":"https:\/\/www.food4animals.nl\/de\/produkt\/acticid-desinfektionsspray\/","og_locale":"de_DE","og_type":"article","og_title":"Acticid desinfectie Spray - Food4animals","og_description":"Acticid is een zeer doeltreffend desinfectie product voor kleine oppervlakken.","og_url":"https:\/\/www.food4animals.nl\/de\/produkt\/acticid-desinfektionsspray\/","og_site_name":"Food4animals","article_publisher":"https:\/\/www.facebook.com\/p\/Food4animals-100063861676074\/","article_modified_time":"2026-05-02T00:02:11+00:00","og_image":[{"width":1024,"height":1024,"url":"https:\/\/www.food4animals.nl\/wp-content\/uploads\/2024\/01\/Veip-Acticid-Desinfectie-Spray-500-ml.jpg","type":"image\/jpeg"}],"twitter_card":"summary_large_image","twitter_site":"@food4animals","twitter_misc":{"Gesch\u00e4tzte Lesezeit":"2\u00a0Minuten"},"schema":{"@context":"https:\/\/schema.org","@graph":[{"@type":"WebPage","@id":"https:\/\/www.food4animals.nl\/product\/acticid-desinfectie-spray\/","url":"https:\/\/www.food4animals.nl\/product\/acticid-desinfectie-spray\/","name":"Acticid Desinfektionsspray - Food4animals","isPartOf":{"@id":"https:\/\/www.food4animals.nl\/en\/#website"},"primaryImageOfPage":{"@id":"https:\/\/www.food4animals.nl\/product\/acticid-desinfectie-spray\/#primaryimage"},"image":{"@id":"https:\/\/www.food4animals.nl\/product\/acticid-desinfectie-spray\/#primaryimage"},"thumbnailUrl":"https:\/\/www.food4animals.nl\/wp-content\/uploads\/2024\/01\/Veip-Acticid-Desinfectie-Spray-500-ml.jpg","datePublished":"2024-01-04T14:03:19+00:00","dateModified":"2026-05-02T00:02:11+00:00","breadcrumb":{"@id":"https:\/\/www.food4animals.nl\/product\/acticid-desinfectie-spray\/#breadcrumb"},"inLanguage":"de","potentialAction":[{"@type":"ReadAction","target":["https:\/\/www.food4animals.nl\/product\/acticid-desinfectie-spray\/"]}]},{"@type":"ImageObject","inLanguage":"de","@id":"https:\/\/www.food4animals.nl\/product\/acticid-desinfectie-spray\/#primaryimage","url":"https:\/\/www.food4animals.nl\/wp-content\/uploads\/2024\/01\/Veip-Acticid-Desinfectie-Spray-500-ml.jpg","contentUrl":"https:\/\/www.food4animals.nl\/wp-content\/uploads\/2024\/01\/Veip-Acticid-Desinfectie-Spray-500-ml.jpg","width":1024,"height":1024,"caption":"Veip Acticid Desinfectie Spray 500 ml Acticid is een zeer doeltreffend desinfectie product voor kleine oppervlakken"},{"@type":"BreadcrumbList","@id":"https:\/\/www.food4animals.nl\/product\/acticid-desinfectie-spray\/#breadcrumb","itemListElement":[{"@type":"ListItem","position":1,"name":"Home","item":"https:\/\/www.food4animals.nl\/"},{"@type":"ListItem","position":2,"name":"Winkel","item":"https:\/\/www.food4animals.nl\/winkel\/"},{"@type":"ListItem","position":3,"name":"Acticid desinfectie Spray"}]},{"@type":"WebSite","@id":"https:\/\/www.food4animals.nl\/en\/#website","url":"https:\/\/www.food4animals.nl\/en\/","name":"Lebensmittel4Tiere","description":"Alles f\u00fcr Reiter und Tier","publisher":{"@id":"https:\/\/www.food4animals.nl\/en\/#organization"},"potentialAction":[{"@type":"SearchAction","target":{"@type":"EntryPoint","urlTemplate":"https:\/\/www.food4animals.nl\/en\/?s={search_term_string}"},"query-input":{"@type":"PropertyValueSpecification","valueRequired":true,"valueName":"search_term_string"}}],"inLanguage":"de"},{"@type":"Organization","@id":"https:\/\/www.food4animals.nl\/en\/#organization","name":"Lebensmittel4Tiere","url":"https:\/\/www.food4animals.nl\/en\/","logo":{"@type":"ImageObject","inLanguage":"de","@id":"https:\/\/www.food4animals.nl\/en\/#\/schema\/logo\/image\/","url":"https:\/\/www.food4animals.nl\/wp-content\/uploads\/2023\/10\/Logo.svg","contentUrl":"https:\/\/www.food4animals.nl\/wp-content\/uploads\/2023\/10\/Logo.svg","width":1,"height":1,"caption":"Food4animals"},"image":{"@id":"https:\/\/www.food4animals.nl\/en\/#\/schema\/logo\/image\/"},"sameAs":["https:\/\/www.facebook.com\/p\/Food4animals-100063861676074\/","https:\/\/x.com\/food4animals"]}]}},"_links":{"self":[{"href":"https:\/\/www.food4animals.nl\/de\/wp-json\/wp\/v2\/product\/3852","targetHints":{"allow":["GET"]}}],"collection":[{"href":"https:\/\/www.food4animals.nl\/de\/wp-json\/wp\/v2\/product"}],"about":[{"href":"https:\/\/www.food4animals.nl\/de\/wp-json\/wp\/v2\/types\/product"}],"wp:featuredmedia":[{"embeddable":true,"href":"https:\/\/www.food4animals.nl\/de\/wp-json\/wp\/v2\/media\/29979"}],"wp:attachment":[{"href":"https:\/\/www.food4animals.nl\/de\/wp-json\/wp\/v2\/media?parent=3852"}],"wp:term":[{"taxonomy":"product_brand","embeddable":true,"href":"https:\/\/www.food4animals.nl\/de\/wp-json\/wp\/v2\/product_brand?post=3852"},{"taxonomy":"product_cat","embeddable":true,"href":"https:\/\/www.food4animals.nl\/de\/wp-json\/wp\/v2\/product_cat?post=3852"},{"taxonomy":"product_tag","embeddable":true,"href":"https:\/\/www.food4animals.nl\/de\/wp-json\/wp\/v2\/product_tag?post=3852"}],"curies":[{"name":"wp","href":"https:\/\/api.w.org\/{rel}","templated":true}]}}