{"id":3853,"date":"2024-01-04T15:04:01","date_gmt":"2024-01-04T14:04:01","guid":{"rendered":"https:\/\/food4animals.nl\/product\/actisept-plus\/"},"modified":"2026-05-02T01:02:10","modified_gmt":"2026-05-02T00:02:10","slug":"actisept-plus","status":"publish","type":"product","link":"https:\/\/www.food4animals.nl\/de\/produkt\/actisept-plus\/","title":{"rendered":"Actisept Plus"},"content":{"rendered":"<p><span style=\"font-size: 10pt;\"><strong>Actisept H\u00e4ndedesinfektion<\/strong> <\/span><br \/>\n<span style=\"font-size: 10pt;\">Trocknet die Hand nicht aus.<\/span><\/p>\n<p><span style=\"font-size: 10pt;\"><strong>Was ist Actisept Plus?<br \/>\n<\/strong>Actisept Plus ist ein wirksames H\u00e4ndedesinfektionsmittel auf der Basis von 70% Isopropanol (Alkohol). Es kann zur H\u00e4ndedesinfektion z. B. im Lebensmittel-, Gesundheits- und Veterin\u00e4rbereich eingesetzt werden. Ein spezieller Inhaltsstoff (sog. Reviver), der dem Produkt zugesetzt ist, verhindert das Austrocknen der Haut. Er hinterl\u00e4sst keine R\u00fcckst\u00e4nde. Actisept Plus bek\u00e4mpft Bakterien und Hefen auf der menschlichen Haut. Die kleine Spr\u00fchflasche l\u00e4sst sich bequem mitnehmen, so dass Sie Ihre H\u00e4nde \u00fcberall schnell desinfizieren k\u00f6nnen: einspr\u00fchen, trocknen lassen, fertig!<\/span><\/p>\n<div id=\"gusto-104\" class=\"gusto_regular_row\">\n<div class=\"wpb_row vc_row-fluid\">\n<div class=\"small-12 columns\">\n<div class=\"prk_inner_block columns small-centered clearfix\">\n<div class=\"vc_col-sm-12 wpb_column vc_column_container\">\n<div class=\"wpb_wrapper\">\n<div class=\"wpb_text_column wpb_content_element\">\n<div class=\"wpb_wrapper\"><span style=\"font-size: 10pt;\">Die Wirksamkeit wird durch den hohen Anteil an Alkohol gew\u00e4hrleistet, der seine Wirksamkeit gegen Bakterien und Hefen bewiesen hat. Actisept Plus sorgt daf\u00fcr, dass der Mikroorganismus irreparabel gesch\u00e4digt wird (das Isopropanol bewirkt, dass das Protein des Organismus gerinnt (Gerinnungsreaktion). Eine Resistenzbildung ist daher nicht m\u00f6glich. Biozide sicher verwenden. Lesen Sie vor der Anwendung das Etikett und die Produktinformation.<\/span><\/div>\n<div class=\"wpb_wrapper\"><\/div>\n<\/div>\n<\/div>\n<\/div>\n<\/div>\n<\/div>\n<\/div>\n<\/div>\n<p><span style=\"font-size: 10pt;\"><strong>Vorteile<\/strong><\/span><br \/>\n<span style=\"font-size: 10pt;\">- Wirksam gegen Bakterien und Hefen<\/span><br \/>\n<span style=\"font-size: 10pt;\">- Bereit in 30 Sekunden<\/span><br \/>\n<span style=\"font-size: 10pt;\">- Widerstandsbildung nicht m\u00f6glich<\/span><br \/>\n<span style=\"font-size: 10pt;\">- Hinterl\u00e4sst keine R\u00fcckst\u00e4nde<\/span><\/p>\n<p><span style=\"font-size: 10pt;\"><strong>Inhalt<\/strong><\/span><br \/>\n<span style=\"font-size: 10pt;\">ACTI002: 250 ml<\/span><br \/>\n<span style=\"font-size: 10pt;\">ACTI003: 5 l<\/span><\/p>\n<p><span style=\"font-size: 10pt;\"><strong>Zulassung<br \/>\n<\/strong>Zulassungsnummer: <a href=\"https:\/\/toelatingen.ctgb.nl\/toelating\/?id=14691&amp;category=Biocide\" target=\"_blank\" rel=\"noopener\">14413 N<\/a><br \/>\n<\/span><br \/>\n<span style=\"font-size: 10pt;\">Verwenden Sie Actisept Plus sicher. Vor Gebrauch stets Kennzeichnung und Produktinformation lesen! F\u00fcr die Anwendung, siehe die <a href=\"https:\/\/ctgb-prd.s3.eu-central-1.amazonaws.com\/669913917876eb1c87043e80c24a4ef9_20220137_14413+P+WGGA.pdf\" target=\"_blank\" rel=\"noopener\">Rechtliche Hinweise \/ Gebrauchsanweisungen<\/a>.<\/span><\/p>\n<p><span style=\"color: #ffffff; font-size: 10pt;\">veipmailing<\/span><\/p>","protected":false},"excerpt":{"rendered":"<p>Actisept ist ein H\u00e4ndedesinfektionsmittel, das die H\u00e4nde nicht austrocknet.<\/p>","protected":false},"featured_media":29984,"template":"","meta":{"_acf_changed":false},"product_brand":[],"product_cat":[829,847],"product_tag":[849,823,842,851,843,848,855,839,844,856],"class_list":{"0":"post-3853","1":"product","2":"type-product","3":"status-publish","4":"has-post-thumbnail","6":"product_cat-paard","7":"product_cat-stal-en-weide","8":"product_tag-behandelkamer","9":"product_tag-hond","10":"product_tag-kat","11":"product_tag-operatie","12":"product_tag-paard","13":"product_tag-reiniging-en-ontsmetting","14":"product_tag-sanitair","15":"product_tag-schaap-en-geit","16":"product_tag-varken","17":"product_tag-wasmiddel-en-handzeep","18":"tax_brand-actisept","20":"first","21":"instock","22":"taxable","23":"shipping-taxable","24":"purchasable","25":"product-type-simple"},"acf":[],"yoast_head":"<!-- This site is optimized with the Yoast SEO plugin v27.4 - https:\/\/yoast.com\/product\/yoast-seo-wordpress\/ -->\n<title>Actisept Plus - Food4animals<\/title>\n<meta name=\"robots\" content=\"index, follow, max-snippet:-1, max-image-preview:large, max-video-preview:-1\" \/>\n<link rel=\"canonical\" href=\"https:\/\/www.food4animals.nl\/de\/produkt\/actisept-plus\/\" \/>\n<meta property=\"og:locale\" content=\"de_DE\" \/>\n<meta property=\"og:type\" content=\"article\" \/>\n<meta property=\"og:title\" content=\"Actisept Plus - Food4animals\" \/>\n<meta property=\"og:description\" content=\"Actisept is een handdesinfectie die de hand niet uitdroogt.\" \/>\n<meta property=\"og:url\" content=\"https:\/\/www.food4animals.nl\/de\/produkt\/actisept-plus\/\" \/>\n<meta property=\"og:site_name\" content=\"Food4animals\" \/>\n<meta property=\"article:publisher\" content=\"https:\/\/www.facebook.com\/p\/Food4animals-100063861676074\/\" \/>\n<meta property=\"article:modified_time\" content=\"2026-05-02T00:02:10+00:00\" \/>\n<meta property=\"og:image\" content=\"https:\/\/www.food4animals.nl\/wp-content\/uploads\/2024\/01\/Actisept-Plus-1.jpg\" \/>\n\t<meta property=\"og:image:width\" content=\"1024\" \/>\n\t<meta property=\"og:image:height\" content=\"1024\" \/>\n\t<meta property=\"og:image:type\" content=\"image\/jpeg\" \/>\n<meta name=\"twitter:card\" content=\"summary_large_image\" \/>\n<meta name=\"twitter:site\" content=\"@food4animals\" \/>\n<meta name=\"twitter:label1\" content=\"Gesch\u00e4tzte Lesezeit\" \/>\n\t<meta name=\"twitter:data1\" content=\"2\u00a0Minuten\" \/>\n<script type=\"application\/ld+json\" class=\"yoast-schema-graph\">{\"@context\":\"https:\\\/\\\/schema.org\",\"@graph\":[{\"@type\":\"WebPage\",\"@id\":\"https:\\\/\\\/www.food4animals.nl\\\/product\\\/actisept-plus\\\/\",\"url\":\"https:\\\/\\\/www.food4animals.nl\\\/product\\\/actisept-plus\\\/\",\"name\":\"Actisept Plus - Food4animals\",\"isPartOf\":{\"@id\":\"https:\\\/\\\/www.food4animals.nl\\\/en\\\/#website\"},\"primaryImageOfPage\":{\"@id\":\"https:\\\/\\\/www.food4animals.nl\\\/product\\\/actisept-plus\\\/#primaryimage\"},\"image\":{\"@id\":\"https:\\\/\\\/www.food4animals.nl\\\/product\\\/actisept-plus\\\/#primaryimage\"},\"thumbnailUrl\":\"https:\\\/\\\/www.food4animals.nl\\\/wp-content\\\/uploads\\\/2024\\\/01\\\/Actisept-Plus-1.jpg\",\"datePublished\":\"2024-01-04T14:04:01+00:00\",\"dateModified\":\"2026-05-02T00:02:10+00:00\",\"breadcrumb\":{\"@id\":\"https:\\\/\\\/www.food4animals.nl\\\/product\\\/actisept-plus\\\/#breadcrumb\"},\"inLanguage\":\"de\",\"potentialAction\":[{\"@type\":\"ReadAction\",\"target\":[\"https:\\\/\\\/www.food4animals.nl\\\/product\\\/actisept-plus\\\/\"]}]},{\"@type\":\"ImageObject\",\"inLanguage\":\"de\",\"@id\":\"https:\\\/\\\/www.food4animals.nl\\\/product\\\/actisept-plus\\\/#primaryimage\",\"url\":\"https:\\\/\\\/www.food4animals.nl\\\/wp-content\\\/uploads\\\/2024\\\/01\\\/Actisept-Plus-1.jpg\",\"contentUrl\":\"https:\\\/\\\/www.food4animals.nl\\\/wp-content\\\/uploads\\\/2024\\\/01\\\/Actisept-Plus-1.jpg\",\"width\":1024,\"height\":1024,\"caption\":\"Actisept Plus Actisept is een handdesinfectie die de hand niet uitdroogt.\"},{\"@type\":\"BreadcrumbList\",\"@id\":\"https:\\\/\\\/www.food4animals.nl\\\/product\\\/actisept-plus\\\/#breadcrumb\",\"itemListElement\":[{\"@type\":\"ListItem\",\"position\":1,\"name\":\"Home\",\"item\":\"https:\\\/\\\/www.food4animals.nl\\\/\"},{\"@type\":\"ListItem\",\"position\":2,\"name\":\"Winkel\",\"item\":\"https:\\\/\\\/www.food4animals.nl\\\/winkel\\\/\"},{\"@type\":\"ListItem\",\"position\":3,\"name\":\"Actisept Plus\"}]},{\"@type\":\"WebSite\",\"@id\":\"https:\\\/\\\/www.food4animals.nl\\\/en\\\/#website\",\"url\":\"https:\\\/\\\/www.food4animals.nl\\\/en\\\/\",\"name\":\"Food4animals\",\"description\":\"Alles voor Ruiter en Dier\",\"publisher\":{\"@id\":\"https:\\\/\\\/www.food4animals.nl\\\/en\\\/#organization\"},\"potentialAction\":[{\"@type\":\"SearchAction\",\"target\":{\"@type\":\"EntryPoint\",\"urlTemplate\":\"https:\\\/\\\/www.food4animals.nl\\\/en\\\/?s={search_term_string}\"},\"query-input\":{\"@type\":\"PropertyValueSpecification\",\"valueRequired\":true,\"valueName\":\"search_term_string\"}}],\"inLanguage\":\"de\"},{\"@type\":\"Organization\",\"@id\":\"https:\\\/\\\/www.food4animals.nl\\\/en\\\/#organization\",\"name\":\"Food4animals\",\"url\":\"https:\\\/\\\/www.food4animals.nl\\\/en\\\/\",\"logo\":{\"@type\":\"ImageObject\",\"inLanguage\":\"de\",\"@id\":\"https:\\\/\\\/www.food4animals.nl\\\/en\\\/#\\\/schema\\\/logo\\\/image\\\/\",\"url\":\"https:\\\/\\\/www.food4animals.nl\\\/wp-content\\\/uploads\\\/2023\\\/10\\\/Logo.svg\",\"contentUrl\":\"https:\\\/\\\/www.food4animals.nl\\\/wp-content\\\/uploads\\\/2023\\\/10\\\/Logo.svg\",\"width\":1,\"height\":1,\"caption\":\"Food4animals\"},\"image\":{\"@id\":\"https:\\\/\\\/www.food4animals.nl\\\/en\\\/#\\\/schema\\\/logo\\\/image\\\/\"},\"sameAs\":[\"https:\\\/\\\/www.facebook.com\\\/p\\\/Food4animals-100063861676074\\\/\",\"https:\\\/\\\/x.com\\\/food4animals\"]}]}<\/script>\n<!-- \/ Yoast SEO plugin. -->","yoast_head_json":{"title":"Actisept Plus - Lebensmittel4Tiere","robots":{"index":"index","follow":"follow","max-snippet":"max-snippet:-1","max-image-preview":"max-image-preview:large","max-video-preview":"max-video-preview:-1"},"canonical":"https:\/\/www.food4animals.nl\/de\/produkt\/actisept-plus\/","og_locale":"de_DE","og_type":"article","og_title":"Actisept Plus - Food4animals","og_description":"Actisept is een handdesinfectie die de hand niet uitdroogt.","og_url":"https:\/\/www.food4animals.nl\/de\/produkt\/actisept-plus\/","og_site_name":"Food4animals","article_publisher":"https:\/\/www.facebook.com\/p\/Food4animals-100063861676074\/","article_modified_time":"2026-05-02T00:02:10+00:00","og_image":[{"width":1024,"height":1024,"url":"https:\/\/www.food4animals.nl\/wp-content\/uploads\/2024\/01\/Actisept-Plus-1.jpg","type":"image\/jpeg"}],"twitter_card":"summary_large_image","twitter_site":"@food4animals","twitter_misc":{"Gesch\u00e4tzte Lesezeit":"2\u00a0Minuten"},"schema":{"@context":"https:\/\/schema.org","@graph":[{"@type":"WebPage","@id":"https:\/\/www.food4animals.nl\/product\/actisept-plus\/","url":"https:\/\/www.food4animals.nl\/product\/actisept-plus\/","name":"Actisept Plus - Lebensmittel4Tiere","isPartOf":{"@id":"https:\/\/www.food4animals.nl\/en\/#website"},"primaryImageOfPage":{"@id":"https:\/\/www.food4animals.nl\/product\/actisept-plus\/#primaryimage"},"image":{"@id":"https:\/\/www.food4animals.nl\/product\/actisept-plus\/#primaryimage"},"thumbnailUrl":"https:\/\/www.food4animals.nl\/wp-content\/uploads\/2024\/01\/Actisept-Plus-1.jpg","datePublished":"2024-01-04T14:04:01+00:00","dateModified":"2026-05-02T00:02:10+00:00","breadcrumb":{"@id":"https:\/\/www.food4animals.nl\/product\/actisept-plus\/#breadcrumb"},"inLanguage":"de","potentialAction":[{"@type":"ReadAction","target":["https:\/\/www.food4animals.nl\/product\/actisept-plus\/"]}]},{"@type":"ImageObject","inLanguage":"de","@id":"https:\/\/www.food4animals.nl\/product\/actisept-plus\/#primaryimage","url":"https:\/\/www.food4animals.nl\/wp-content\/uploads\/2024\/01\/Actisept-Plus-1.jpg","contentUrl":"https:\/\/www.food4animals.nl\/wp-content\/uploads\/2024\/01\/Actisept-Plus-1.jpg","width":1024,"height":1024,"caption":"Actisept Plus Actisept is een handdesinfectie die de hand niet uitdroogt."},{"@type":"BreadcrumbList","@id":"https:\/\/www.food4animals.nl\/product\/actisept-plus\/#breadcrumb","itemListElement":[{"@type":"ListItem","position":1,"name":"Home","item":"https:\/\/www.food4animals.nl\/"},{"@type":"ListItem","position":2,"name":"Winkel","item":"https:\/\/www.food4animals.nl\/winkel\/"},{"@type":"ListItem","position":3,"name":"Actisept Plus"}]},{"@type":"WebSite","@id":"https:\/\/www.food4animals.nl\/en\/#website","url":"https:\/\/www.food4animals.nl\/en\/","name":"Lebensmittel4Tiere","description":"Alles f\u00fcr Reiter und Tier","publisher":{"@id":"https:\/\/www.food4animals.nl\/en\/#organization"},"potentialAction":[{"@type":"SearchAction","target":{"@type":"EntryPoint","urlTemplate":"https:\/\/www.food4animals.nl\/en\/?s={search_term_string}"},"query-input":{"@type":"PropertyValueSpecification","valueRequired":true,"valueName":"search_term_string"}}],"inLanguage":"de"},{"@type":"Organization","@id":"https:\/\/www.food4animals.nl\/en\/#organization","name":"Lebensmittel4Tiere","url":"https:\/\/www.food4animals.nl\/en\/","logo":{"@type":"ImageObject","inLanguage":"de","@id":"https:\/\/www.food4animals.nl\/en\/#\/schema\/logo\/image\/","url":"https:\/\/www.food4animals.nl\/wp-content\/uploads\/2023\/10\/Logo.svg","contentUrl":"https:\/\/www.food4animals.nl\/wp-content\/uploads\/2023\/10\/Logo.svg","width":1,"height":1,"caption":"Food4animals"},"image":{"@id":"https:\/\/www.food4animals.nl\/en\/#\/schema\/logo\/image\/"},"sameAs":["https:\/\/www.facebook.com\/p\/Food4animals-100063861676074\/","https:\/\/x.com\/food4animals"]}]}},"_links":{"self":[{"href":"https:\/\/www.food4animals.nl\/de\/wp-json\/wp\/v2\/product\/3853","targetHints":{"allow":["GET"]}}],"collection":[{"href":"https:\/\/www.food4animals.nl\/de\/wp-json\/wp\/v2\/product"}],"about":[{"href":"https:\/\/www.food4animals.nl\/de\/wp-json\/wp\/v2\/types\/product"}],"wp:featuredmedia":[{"embeddable":true,"href":"https:\/\/www.food4animals.nl\/de\/wp-json\/wp\/v2\/media\/29984"}],"wp:attachment":[{"href":"https:\/\/www.food4animals.nl\/de\/wp-json\/wp\/v2\/media?parent=3853"}],"wp:term":[{"taxonomy":"product_brand","embeddable":true,"href":"https:\/\/www.food4animals.nl\/de\/wp-json\/wp\/v2\/product_brand?post=3853"},{"taxonomy":"product_cat","embeddable":true,"href":"https:\/\/www.food4animals.nl\/de\/wp-json\/wp\/v2\/product_cat?post=3853"},{"taxonomy":"product_tag","embeddable":true,"href":"https:\/\/www.food4animals.nl\/de\/wp-json\/wp\/v2\/product_tag?post=3853"}],"curies":[{"name":"wp","href":"https:\/\/api.w.org\/{rel}","templated":true}]}}