{"id":3935,"date":"2024-01-04T15:36:53","date_gmt":"2024-01-04T14:36:53","guid":{"rendered":"https:\/\/food4animals.nl\/product\/afp-dental-chews-cactus-medium-rubber-orange\/"},"modified":"2026-04-10T01:02:56","modified_gmt":"2026-04-10T00:02:56","slug":"afp-dental-chews-cactus-medium-rubber-orange","status":"publish","type":"product","link":"https:\/\/www.food4animals.nl\/de\/produkt\/afp-dental-chews-cactus-medium-rubber-orange\/","title":{"rendered":"AFP Dental Chews-Kaktus Medium Gummi Orange"},"content":{"rendered":"<h2><span style=\"font-size: 10pt;\">Spielspa\u00df und Z\u00e4hneputzen in 1 Spielzeug!<\/span><\/h2>\n<p><span style=\"font-size: 10pt;\">Wie wichtig es ist, die Z\u00e4hne von Hunden sauber zu halten, ist inzwischen allgemein bekannt. Wird der Zahnbelag nicht richtig entfernt, verh\u00e4rtet er sich (Zahnstein), was im Laufe der Zeit zu Entz\u00fcndungen und manchmal sogar zu Zahnverlust f\u00fchren kann.\u00a0<\/span><\/p>\n<p><span style=\"font-size: 10pt;\">F\u00fcllen Sie den Kaktus mit ein wenig Hundezahnpasta, befestigen Sie ihn mit dem Saugnapf und lassen Sie das Produkt seine Arbeit tun! <\/span><br \/><span style=\"font-size: 10pt;\">Beim Spielen und Kauen reinigen die Noppen des Kaktus sanft die Z\u00e4hne und entfernen Nahrungspartikel.\u00a0\u00a0<\/span><\/p>\n<ul>\n<li><span style=\"font-size: 10pt;\">Hergestellt aus Gummi und sehr stark<\/span><\/li>\n<li><span style=\"font-size: 10pt;\">Die Z\u00e4hne werden gereinigt<\/span><\/li>\n<li><span style=\"font-size: 10pt;\">Putzen beim Spielen<\/span><\/li>\n<\/ul>\n<p><strong><span style=\"font-size: 10pt;\">Format<\/span><\/strong><br \/><span style=\"font-size: 10pt;\">AFPH04196 - S - 6,4 x 8,4 x 6,5 cm<\/span><br \/><span style=\"font-size: 10pt;\">AFPH04197 - M - 9,4 x 12,3 x 9,5 cm<\/span><br \/><span style=\"font-size: 10pt;\">APPH04198 - L - 12 x 15 x 12,1 cm<\/span><\/p>","protected":false},"excerpt":{"rendered":"<p>Mit diesem Kaktus macht das Z\u00e4hneputzen richtig Spa\u00df!<\/p>","protected":false},"featured_media":31051,"template":"","meta":{"_acf_changed":false},"product_brand":[],"product_cat":[821,822],"product_tag":[892,897,823,895],"class_list":{"0":"post-3935","1":"product","2":"type-product","3":"status-publish","4":"has-post-thumbnail","6":"product_cat-hond","7":"product_cat-speelgoed","8":"product_tag-afp","9":"product_tag-gebit","10":"product_tag-hond","11":"product_tag-m","12":"tax_brand-afp","14":"first","15":"instock","16":"taxable","17":"shipping-taxable","18":"purchasable","19":"product-type-simple"},"acf":[],"yoast_head":"<!-- This site is optimized with the Yoast SEO plugin v27.2 - https:\/\/yoast.com\/product\/yoast-seo-wordpress\/ -->\n<title>AFP Dental Chews-Cactus Medium Rubber Orange - Food4animals<\/title>\n<meta name=\"robots\" content=\"index, follow, max-snippet:-1, max-image-preview:large, max-video-preview:-1\" \/>\n<link rel=\"canonical\" href=\"https:\/\/www.food4animals.nl\/de\/produkt\/afp-dental-chews-cactus-medium-rubber-orange\/\" \/>\n<meta property=\"og:locale\" content=\"de_DE\" \/>\n<meta property=\"og:type\" content=\"article\" \/>\n<meta property=\"og:title\" content=\"AFP Dental Chews-Cactus Medium Rubber Orange - Food4animals\" \/>\n<meta property=\"og:description\" content=\"Tanden poetsen wordt leuk met deze cactus!\" \/>\n<meta property=\"og:url\" content=\"https:\/\/www.food4animals.nl\/de\/produkt\/afp-dental-chews-cactus-medium-rubber-orange\/\" \/>\n<meta property=\"og:site_name\" content=\"Food4animals\" \/>\n<meta property=\"article:publisher\" content=\"https:\/\/www.facebook.com\/p\/Food4animals-100063861676074\/\" \/>\n<meta property=\"article:modified_time\" content=\"2026-04-10T00:02:56+00:00\" \/>\n<meta property=\"og:image\" content=\"https:\/\/www.food4animals.nl\/wp-content\/uploads\/2025\/11\/AFPH04197.png\" \/>\n\t<meta property=\"og:image:width\" content=\"361\" \/>\n\t<meta property=\"og:image:height\" content=\"509\" \/>\n\t<meta property=\"og:image:type\" content=\"image\/png\" \/>\n<meta name=\"twitter:card\" content=\"summary_large_image\" \/>\n<meta name=\"twitter:site\" content=\"@food4animals\" \/>\n<meta name=\"twitter:label1\" content=\"Gesch\u00e4tzte Lesezeit\" \/>\n\t<meta name=\"twitter:data1\" content=\"1\u00a0Minute\" \/>\n<script type=\"application\/ld+json\" class=\"yoast-schema-graph\">{\"@context\":\"https:\/\/schema.org\",\"@graph\":[{\"@type\":\"WebPage\",\"@id\":\"https:\/\/www.food4animals.nl\/product\/afp-dental-chews-cactus-medium-rubber-orange\/\",\"url\":\"https:\/\/www.food4animals.nl\/product\/afp-dental-chews-cactus-medium-rubber-orange\/\",\"name\":\"AFP Dental Chews-Cactus Medium Rubber Orange - Food4animals\",\"isPartOf\":{\"@id\":\"https:\/\/www.food4animals.nl\/en\/#website\"},\"primaryImageOfPage\":{\"@id\":\"https:\/\/www.food4animals.nl\/product\/afp-dental-chews-cactus-medium-rubber-orange\/#primaryimage\"},\"image\":{\"@id\":\"https:\/\/www.food4animals.nl\/product\/afp-dental-chews-cactus-medium-rubber-orange\/#primaryimage\"},\"thumbnailUrl\":\"https:\/\/www.food4animals.nl\/wp-content\/uploads\/2025\/11\/AFPH04197.png\",\"datePublished\":\"2024-01-04T14:36:53+00:00\",\"dateModified\":\"2026-04-10T00:02:56+00:00\",\"breadcrumb\":{\"@id\":\"https:\/\/www.food4animals.nl\/product\/afp-dental-chews-cactus-medium-rubber-orange\/#breadcrumb\"},\"inLanguage\":\"de\",\"potentialAction\":[{\"@type\":\"ReadAction\",\"target\":[\"https:\/\/www.food4animals.nl\/product\/afp-dental-chews-cactus-medium-rubber-orange\/\"]}]},{\"@type\":\"ImageObject\",\"inLanguage\":\"de\",\"@id\":\"https:\/\/www.food4animals.nl\/product\/afp-dental-chews-cactus-medium-rubber-orange\/#primaryimage\",\"url\":\"https:\/\/www.food4animals.nl\/wp-content\/uploads\/2025\/11\/AFPH04197.png\",\"contentUrl\":\"https:\/\/www.food4animals.nl\/wp-content\/uploads\/2025\/11\/AFPH04197.png\",\"width\":361,\"height\":509},{\"@type\":\"BreadcrumbList\",\"@id\":\"https:\/\/www.food4animals.nl\/product\/afp-dental-chews-cactus-medium-rubber-orange\/#breadcrumb\",\"itemListElement\":[{\"@type\":\"ListItem\",\"position\":1,\"name\":\"Home\",\"item\":\"https:\/\/www.food4animals.nl\/\"},{\"@type\":\"ListItem\",\"position\":2,\"name\":\"Winkel\",\"item\":\"https:\/\/www.food4animals.nl\/winkel\/\"},{\"@type\":\"ListItem\",\"position\":3,\"name\":\"AFP Dental Chews-Cactus Medium Rubber Orange\"}]},{\"@type\":\"WebSite\",\"@id\":\"https:\/\/www.food4animals.nl\/en\/#website\",\"url\":\"https:\/\/www.food4animals.nl\/en\/\",\"name\":\"Food4animals\",\"description\":\"Alles voor Ruiter en Dier\",\"publisher\":{\"@id\":\"https:\/\/www.food4animals.nl\/en\/#organization\"},\"potentialAction\":[{\"@type\":\"SearchAction\",\"target\":{\"@type\":\"EntryPoint\",\"urlTemplate\":\"https:\/\/www.food4animals.nl\/en\/?s={search_term_string}\"},\"query-input\":{\"@type\":\"PropertyValueSpecification\",\"valueRequired\":true,\"valueName\":\"search_term_string\"}}],\"inLanguage\":\"de\"},{\"@type\":\"Organization\",\"@id\":\"https:\/\/www.food4animals.nl\/en\/#organization\",\"name\":\"Food4animals\",\"url\":\"https:\/\/www.food4animals.nl\/en\/\",\"logo\":{\"@type\":\"ImageObject\",\"inLanguage\":\"de\",\"@id\":\"https:\/\/www.food4animals.nl\/en\/#\/schema\/logo\/image\/\",\"url\":\"https:\/\/www.food4animals.nl\/wp-content\/uploads\/2023\/10\/Logo.svg\",\"contentUrl\":\"https:\/\/www.food4animals.nl\/wp-content\/uploads\/2023\/10\/Logo.svg\",\"width\":1,\"height\":1,\"caption\":\"Food4animals\"},\"image\":{\"@id\":\"https:\/\/www.food4animals.nl\/en\/#\/schema\/logo\/image\/\"},\"sameAs\":[\"https:\/\/www.facebook.com\/p\/Food4animals-100063861676074\/\",\"https:\/\/x.com\/food4animals\"]}]}<\/script>\n<!-- \/ Yoast SEO plugin. -->","yoast_head_json":{"title":"AFP Dental Chews-Cactus Medium Rubber Orange - Food4animals","robots":{"index":"index","follow":"follow","max-snippet":"max-snippet:-1","max-image-preview":"max-image-preview:large","max-video-preview":"max-video-preview:-1"},"canonical":"https:\/\/www.food4animals.nl\/de\/produkt\/afp-dental-chews-cactus-medium-rubber-orange\/","og_locale":"de_DE","og_type":"article","og_title":"AFP Dental Chews-Cactus Medium Rubber Orange - Food4animals","og_description":"Tanden poetsen wordt leuk met deze cactus!","og_url":"https:\/\/www.food4animals.nl\/de\/produkt\/afp-dental-chews-cactus-medium-rubber-orange\/","og_site_name":"Food4animals","article_publisher":"https:\/\/www.facebook.com\/p\/Food4animals-100063861676074\/","article_modified_time":"2026-04-10T00:02:56+00:00","og_image":[{"width":361,"height":509,"url":"https:\/\/www.food4animals.nl\/wp-content\/uploads\/2025\/11\/AFPH04197.png","type":"image\/png"}],"twitter_card":"summary_large_image","twitter_site":"@food4animals","twitter_misc":{"Gesch\u00e4tzte Lesezeit":"1\u00a0Minute"},"schema":{"@context":"https:\/\/schema.org","@graph":[{"@type":"WebPage","@id":"https:\/\/www.food4animals.nl\/product\/afp-dental-chews-cactus-medium-rubber-orange\/","url":"https:\/\/www.food4animals.nl\/product\/afp-dental-chews-cactus-medium-rubber-orange\/","name":"AFP Dental Chews-Cactus Medium Rubber Orange - Food4animals","isPartOf":{"@id":"https:\/\/www.food4animals.nl\/en\/#website"},"primaryImageOfPage":{"@id":"https:\/\/www.food4animals.nl\/product\/afp-dental-chews-cactus-medium-rubber-orange\/#primaryimage"},"image":{"@id":"https:\/\/www.food4animals.nl\/product\/afp-dental-chews-cactus-medium-rubber-orange\/#primaryimage"},"thumbnailUrl":"https:\/\/www.food4animals.nl\/wp-content\/uploads\/2025\/11\/AFPH04197.png","datePublished":"2024-01-04T14:36:53+00:00","dateModified":"2026-04-10T00:02:56+00:00","breadcrumb":{"@id":"https:\/\/www.food4animals.nl\/product\/afp-dental-chews-cactus-medium-rubber-orange\/#breadcrumb"},"inLanguage":"de","potentialAction":[{"@type":"ReadAction","target":["https:\/\/www.food4animals.nl\/product\/afp-dental-chews-cactus-medium-rubber-orange\/"]}]},{"@type":"ImageObject","inLanguage":"de","@id":"https:\/\/www.food4animals.nl\/product\/afp-dental-chews-cactus-medium-rubber-orange\/#primaryimage","url":"https:\/\/www.food4animals.nl\/wp-content\/uploads\/2025\/11\/AFPH04197.png","contentUrl":"https:\/\/www.food4animals.nl\/wp-content\/uploads\/2025\/11\/AFPH04197.png","width":361,"height":509},{"@type":"BreadcrumbList","@id":"https:\/\/www.food4animals.nl\/product\/afp-dental-chews-cactus-medium-rubber-orange\/#breadcrumb","itemListElement":[{"@type":"ListItem","position":1,"name":"Home","item":"https:\/\/www.food4animals.nl\/"},{"@type":"ListItem","position":2,"name":"Winkel","item":"https:\/\/www.food4animals.nl\/winkel\/"},{"@type":"ListItem","position":3,"name":"AFP Dental Chews-Cactus Medium Rubber Orange"}]},{"@type":"WebSite","@id":"https:\/\/www.food4animals.nl\/en\/#website","url":"https:\/\/www.food4animals.nl\/en\/","name":"Lebensmittel4Tiere","description":"Alles f\u00fcr Reiter und Tier","publisher":{"@id":"https:\/\/www.food4animals.nl\/en\/#organization"},"potentialAction":[{"@type":"SearchAction","target":{"@type":"EntryPoint","urlTemplate":"https:\/\/www.food4animals.nl\/en\/?s={search_term_string}"},"query-input":{"@type":"PropertyValueSpecification","valueRequired":true,"valueName":"search_term_string"}}],"inLanguage":"de"},{"@type":"Organization","@id":"https:\/\/www.food4animals.nl\/en\/#organization","name":"Lebensmittel4Tiere","url":"https:\/\/www.food4animals.nl\/en\/","logo":{"@type":"ImageObject","inLanguage":"de","@id":"https:\/\/www.food4animals.nl\/en\/#\/schema\/logo\/image\/","url":"https:\/\/www.food4animals.nl\/wp-content\/uploads\/2023\/10\/Logo.svg","contentUrl":"https:\/\/www.food4animals.nl\/wp-content\/uploads\/2023\/10\/Logo.svg","width":1,"height":1,"caption":"Food4animals"},"image":{"@id":"https:\/\/www.food4animals.nl\/en\/#\/schema\/logo\/image\/"},"sameAs":["https:\/\/www.facebook.com\/p\/Food4animals-100063861676074\/","https:\/\/x.com\/food4animals"]}]}},"_links":{"self":[{"href":"https:\/\/www.food4animals.nl\/de\/wp-json\/wp\/v2\/product\/3935","targetHints":{"allow":["GET"]}}],"collection":[{"href":"https:\/\/www.food4animals.nl\/de\/wp-json\/wp\/v2\/product"}],"about":[{"href":"https:\/\/www.food4animals.nl\/de\/wp-json\/wp\/v2\/types\/product"}],"wp:featuredmedia":[{"embeddable":true,"href":"https:\/\/www.food4animals.nl\/de\/wp-json\/wp\/v2\/media\/31051"}],"wp:attachment":[{"href":"https:\/\/www.food4animals.nl\/de\/wp-json\/wp\/v2\/media?parent=3935"}],"wp:term":[{"taxonomy":"product_brand","embeddable":true,"href":"https:\/\/www.food4animals.nl\/de\/wp-json\/wp\/v2\/product_brand?post=3935"},{"taxonomy":"product_cat","embeddable":true,"href":"https:\/\/www.food4animals.nl\/de\/wp-json\/wp\/v2\/product_cat?post=3935"},{"taxonomy":"product_tag","embeddable":true,"href":"https:\/\/www.food4animals.nl\/de\/wp-json\/wp\/v2\/product_tag?post=3935"}],"curies":[{"name":"wp","href":"https:\/\/api.w.org\/{rel}","templated":true}]}}