{"id":4015,"date":"2023-11-14T21:10:33","date_gmt":"2023-11-14T21:10:33","guid":{"rendered":"https:\/\/food4animals.nl\/?post_type=product&#038;p=4015"},"modified":"2023-11-14T21:12:42","modified_gmt":"2023-11-14T21:12:42","slug":"winterreitstiefel-meghan","status":"publish","type":"product","link":"https:\/\/www.food4animals.nl\/de\/produkt\/winterreitstiefel-meghan\/","title":{"rendered":"Winterreitstiefel -Meghan-"},"content":{"rendered":"<img loading=\"lazy\" decoding=\"async\" class=\"alignnone size-full wp-image-4016\" src=\"http:\/\/food4animals.nl\/wp-content\/uploads\/2023\/11\/Meghan.jpg\" alt=\"\" width=\"636\" height=\"640\" srcset=\"https:\/\/www.food4animals.nl\/wp-content\/uploads\/2023\/11\/Meghan.jpg 636w, https:\/\/www.food4animals.nl\/wp-content\/uploads\/2023\/11\/Meghan-12x12.jpg 12w, https:\/\/www.food4animals.nl\/wp-content\/uploads\/2023\/11\/Meghan-80x80.jpg 80w, https:\/\/www.food4animals.nl\/wp-content\/uploads\/2023\/11\/Meghan-263x265.jpg 263w, https:\/\/www.food4animals.nl\/wp-content\/uploads\/2023\/11\/Meghan-87x88.jpg 87w, https:\/\/www.food4animals.nl\/wp-content\/uploads\/2023\/11\/Meghan-353x355.jpg 353w, https:\/\/www.food4animals.nl\/wp-content\/uploads\/2023\/11\/Meghan-552x555.jpg 552w, https:\/\/www.food4animals.nl\/wp-content\/uploads\/2023\/11\/Meghan-300x302.jpg 300w, https:\/\/www.food4animals.nl\/wp-content\/uploads\/2023\/11\/Meghan-100x100.jpg 100w\" sizes=\"auto, (max-width: 636px) 100vw, 636px\" \/>\n<p>Winterstiefel Meghan ist ein zweifarbiger Slipper f\u00fcr den Winter. Der Stiefel hat eine Schnalle am Schaft. Der Winterstiefel ist mit einem Teddyfutter gef\u00fcttert und eignet sich f\u00fcr die Arbeit im Stall und mit dem Pferd. Schaft aus Synthetik, Innenfutter aus Synthetik, Sohle aus Synthetik<\/p>","protected":false},"excerpt":{"rendered":"<p>Winterstiefel Meghan ist ein zweifarbiger Slipper f\u00fcr den Winter. Der Stiefel hat eine Schnalle am Schaft. Der Winterstiefel ist mit einem Teddyfutter gef\u00fcttert und eignet sich f\u00fcr die Arbeit im Stall und mit dem Pferd. Schaft aus Synthetik, Innenfutter aus Synthetik, Sohle aus Synthetik<\/p>","protected":false},"featured_media":4016,"template":"","meta":{"_acf_changed":false},"product_brand":[],"product_cat":[988],"product_tag":[990,991],"class_list":{"0":"post-4015","1":"product","2":"type-product","3":"status-publish","4":"has-post-thumbnail","6":"product_cat-ruitershop","7":"product_tag-laars","8":"product_tag-winterlaars","10":"first","11":"instock","12":"taxable","13":"shipping-taxable","14":"purchasable","15":"product-type-simple"},"acf":[],"yoast_head":"<!-- This site is optimized with the Yoast SEO plugin v27.2 - https:\/\/yoast.com\/product\/yoast-seo-wordpress\/ -->\n<title>Winter rijlaarzen -Meghan- Food4animals<\/title>\n<meta name=\"robots\" content=\"index, follow, max-snippet:-1, max-image-preview:large, max-video-preview:-1\" \/>\n<link rel=\"canonical\" href=\"https:\/\/www.food4animals.nl\/de\/produkt\/winterreitstiefel-meghan\/\" \/>\n<meta property=\"og:locale\" content=\"de_DE\" \/>\n<meta property=\"og:type\" content=\"article\" \/>\n<meta property=\"og:title\" content=\"Winter rijlaarzen -Meghan- Food4animals\" \/>\n<meta property=\"og:description\" content=\"Winterlaarzen Meghan is een tweekleurige instapper voor de winter. De laars heeft een gesp op de schacht. De winterlaars is gevoerd met een teddy voering en is geschikt voor het werken in de stal en met het paard. Bovenkant uit synthetic materiaal, binnenvoering synthetic, synthetic zool\" \/>\n<meta property=\"og:url\" content=\"https:\/\/www.food4animals.nl\/de\/produkt\/winterreitstiefel-meghan\/\" \/>\n<meta property=\"og:site_name\" content=\"Food4animals\" \/>\n<meta property=\"article:publisher\" content=\"https:\/\/www.facebook.com\/p\/Food4animals-100063861676074\/\" \/>\n<meta property=\"article:modified_time\" content=\"2023-11-14T21:12:42+00:00\" \/>\n<meta property=\"og:image\" content=\"https:\/\/www.food4animals.nl\/wp-content\/uploads\/2023\/11\/Meghan.jpg\" \/>\n\t<meta property=\"og:image:width\" content=\"636\" \/>\n\t<meta property=\"og:image:height\" content=\"640\" \/>\n\t<meta property=\"og:image:type\" content=\"image\/jpeg\" \/>\n<meta name=\"twitter:card\" content=\"summary_large_image\" \/>\n<meta name=\"twitter:site\" content=\"@food4animals\" \/>\n<meta name=\"twitter:label1\" content=\"Gesch\u00e4tzte Lesezeit\" \/>\n\t<meta name=\"twitter:data1\" content=\"1\u00a0Minute\" \/>\n<script type=\"application\/ld+json\" class=\"yoast-schema-graph\">{\"@context\":\"https:\/\/schema.org\",\"@graph\":[{\"@type\":\"WebPage\",\"@id\":\"https:\/\/www.food4animals.nl\/product\/winter-rijlaarzen-meghan\/\",\"url\":\"https:\/\/www.food4animals.nl\/product\/winter-rijlaarzen-meghan\/\",\"name\":\"Winter rijlaarzen -Meghan- Food4animals\",\"isPartOf\":{\"@id\":\"https:\/\/www.food4animals.nl\/en\/#website\"},\"primaryImageOfPage\":{\"@id\":\"https:\/\/www.food4animals.nl\/product\/winter-rijlaarzen-meghan\/#primaryimage\"},\"image\":{\"@id\":\"https:\/\/www.food4animals.nl\/product\/winter-rijlaarzen-meghan\/#primaryimage\"},\"thumbnailUrl\":\"https:\/\/www.food4animals.nl\/wp-content\/uploads\/2023\/11\/Meghan.jpg\",\"datePublished\":\"2023-11-14T21:10:33+00:00\",\"dateModified\":\"2023-11-14T21:12:42+00:00\",\"breadcrumb\":{\"@id\":\"https:\/\/www.food4animals.nl\/product\/winter-rijlaarzen-meghan\/#breadcrumb\"},\"inLanguage\":\"de\",\"potentialAction\":[{\"@type\":\"ReadAction\",\"target\":[\"https:\/\/www.food4animals.nl\/product\/winter-rijlaarzen-meghan\/\"]}]},{\"@type\":\"ImageObject\",\"inLanguage\":\"de\",\"@id\":\"https:\/\/www.food4animals.nl\/product\/winter-rijlaarzen-meghan\/#primaryimage\",\"url\":\"https:\/\/www.food4animals.nl\/wp-content\/uploads\/2023\/11\/Meghan.jpg\",\"contentUrl\":\"https:\/\/www.food4animals.nl\/wp-content\/uploads\/2023\/11\/Meghan.jpg\",\"width\":636,\"height\":640},{\"@type\":\"BreadcrumbList\",\"@id\":\"https:\/\/www.food4animals.nl\/product\/winter-rijlaarzen-meghan\/#breadcrumb\",\"itemListElement\":[{\"@type\":\"ListItem\",\"position\":1,\"name\":\"Home\",\"item\":\"https:\/\/www.food4animals.nl\/\"},{\"@type\":\"ListItem\",\"position\":2,\"name\":\"Winkel\",\"item\":\"https:\/\/www.food4animals.nl\/winkel\/\"},{\"@type\":\"ListItem\",\"position\":3,\"name\":\"Winter rijlaarzen -Meghan-\"}]},{\"@type\":\"WebSite\",\"@id\":\"https:\/\/www.food4animals.nl\/en\/#website\",\"url\":\"https:\/\/www.food4animals.nl\/en\/\",\"name\":\"Food4animals\",\"description\":\"Alles voor Ruiter en Dier\",\"publisher\":{\"@id\":\"https:\/\/www.food4animals.nl\/en\/#organization\"},\"potentialAction\":[{\"@type\":\"SearchAction\",\"target\":{\"@type\":\"EntryPoint\",\"urlTemplate\":\"https:\/\/www.food4animals.nl\/en\/?s={search_term_string}\"},\"query-input\":{\"@type\":\"PropertyValueSpecification\",\"valueRequired\":true,\"valueName\":\"search_term_string\"}}],\"inLanguage\":\"de\"},{\"@type\":\"Organization\",\"@id\":\"https:\/\/www.food4animals.nl\/en\/#organization\",\"name\":\"Food4animals\",\"url\":\"https:\/\/www.food4animals.nl\/en\/\",\"logo\":{\"@type\":\"ImageObject\",\"inLanguage\":\"de\",\"@id\":\"https:\/\/www.food4animals.nl\/en\/#\/schema\/logo\/image\/\",\"url\":\"https:\/\/www.food4animals.nl\/wp-content\/uploads\/2023\/10\/Logo.svg\",\"contentUrl\":\"https:\/\/www.food4animals.nl\/wp-content\/uploads\/2023\/10\/Logo.svg\",\"width\":1,\"height\":1,\"caption\":\"Food4animals\"},\"image\":{\"@id\":\"https:\/\/www.food4animals.nl\/en\/#\/schema\/logo\/image\/\"},\"sameAs\":[\"https:\/\/www.facebook.com\/p\/Food4animals-100063861676074\/\",\"https:\/\/x.com\/food4animals\"]}]}<\/script>\n<!-- \/ Yoast SEO plugin. -->","yoast_head_json":{"title":"Winterreitstiefel -Meghan- Food4animals","robots":{"index":"index","follow":"follow","max-snippet":"max-snippet:-1","max-image-preview":"max-image-preview:large","max-video-preview":"max-video-preview:-1"},"canonical":"https:\/\/www.food4animals.nl\/de\/produkt\/winterreitstiefel-meghan\/","og_locale":"de_DE","og_type":"article","og_title":"Winter rijlaarzen -Meghan- Food4animals","og_description":"Winterlaarzen Meghan is een tweekleurige instapper voor de winter. De laars heeft een gesp op de schacht. De winterlaars is gevoerd met een teddy voering en is geschikt voor het werken in de stal en met het paard. Bovenkant uit synthetic materiaal, binnenvoering synthetic, synthetic zool","og_url":"https:\/\/www.food4animals.nl\/de\/produkt\/winterreitstiefel-meghan\/","og_site_name":"Food4animals","article_publisher":"https:\/\/www.facebook.com\/p\/Food4animals-100063861676074\/","article_modified_time":"2023-11-14T21:12:42+00:00","og_image":[{"width":636,"height":640,"url":"https:\/\/www.food4animals.nl\/wp-content\/uploads\/2023\/11\/Meghan.jpg","type":"image\/jpeg"}],"twitter_card":"summary_large_image","twitter_site":"@food4animals","twitter_misc":{"Gesch\u00e4tzte Lesezeit":"1\u00a0Minute"},"schema":{"@context":"https:\/\/schema.org","@graph":[{"@type":"WebPage","@id":"https:\/\/www.food4animals.nl\/product\/winter-rijlaarzen-meghan\/","url":"https:\/\/www.food4animals.nl\/product\/winter-rijlaarzen-meghan\/","name":"Winterreitstiefel -Meghan- Food4animals","isPartOf":{"@id":"https:\/\/www.food4animals.nl\/en\/#website"},"primaryImageOfPage":{"@id":"https:\/\/www.food4animals.nl\/product\/winter-rijlaarzen-meghan\/#primaryimage"},"image":{"@id":"https:\/\/www.food4animals.nl\/product\/winter-rijlaarzen-meghan\/#primaryimage"},"thumbnailUrl":"https:\/\/www.food4animals.nl\/wp-content\/uploads\/2023\/11\/Meghan.jpg","datePublished":"2023-11-14T21:10:33+00:00","dateModified":"2023-11-14T21:12:42+00:00","breadcrumb":{"@id":"https:\/\/www.food4animals.nl\/product\/winter-rijlaarzen-meghan\/#breadcrumb"},"inLanguage":"de","potentialAction":[{"@type":"ReadAction","target":["https:\/\/www.food4animals.nl\/product\/winter-rijlaarzen-meghan\/"]}]},{"@type":"ImageObject","inLanguage":"de","@id":"https:\/\/www.food4animals.nl\/product\/winter-rijlaarzen-meghan\/#primaryimage","url":"https:\/\/www.food4animals.nl\/wp-content\/uploads\/2023\/11\/Meghan.jpg","contentUrl":"https:\/\/www.food4animals.nl\/wp-content\/uploads\/2023\/11\/Meghan.jpg","width":636,"height":640},{"@type":"BreadcrumbList","@id":"https:\/\/www.food4animals.nl\/product\/winter-rijlaarzen-meghan\/#breadcrumb","itemListElement":[{"@type":"ListItem","position":1,"name":"Home","item":"https:\/\/www.food4animals.nl\/"},{"@type":"ListItem","position":2,"name":"Winkel","item":"https:\/\/www.food4animals.nl\/winkel\/"},{"@type":"ListItem","position":3,"name":"Winter rijlaarzen -Meghan-"}]},{"@type":"WebSite","@id":"https:\/\/www.food4animals.nl\/en\/#website","url":"https:\/\/www.food4animals.nl\/en\/","name":"Lebensmittel4Tiere","description":"Alles f\u00fcr Reiter und Tier","publisher":{"@id":"https:\/\/www.food4animals.nl\/en\/#organization"},"potentialAction":[{"@type":"SearchAction","target":{"@type":"EntryPoint","urlTemplate":"https:\/\/www.food4animals.nl\/en\/?s={search_term_string}"},"query-input":{"@type":"PropertyValueSpecification","valueRequired":true,"valueName":"search_term_string"}}],"inLanguage":"de"},{"@type":"Organization","@id":"https:\/\/www.food4animals.nl\/en\/#organization","name":"Lebensmittel4Tiere","url":"https:\/\/www.food4animals.nl\/en\/","logo":{"@type":"ImageObject","inLanguage":"de","@id":"https:\/\/www.food4animals.nl\/en\/#\/schema\/logo\/image\/","url":"https:\/\/www.food4animals.nl\/wp-content\/uploads\/2023\/10\/Logo.svg","contentUrl":"https:\/\/www.food4animals.nl\/wp-content\/uploads\/2023\/10\/Logo.svg","width":1,"height":1,"caption":"Food4animals"},"image":{"@id":"https:\/\/www.food4animals.nl\/en\/#\/schema\/logo\/image\/"},"sameAs":["https:\/\/www.facebook.com\/p\/Food4animals-100063861676074\/","https:\/\/x.com\/food4animals"]}]}},"_links":{"self":[{"href":"https:\/\/www.food4animals.nl\/de\/wp-json\/wp\/v2\/product\/4015","targetHints":{"allow":["GET"]}}],"collection":[{"href":"https:\/\/www.food4animals.nl\/de\/wp-json\/wp\/v2\/product"}],"about":[{"href":"https:\/\/www.food4animals.nl\/de\/wp-json\/wp\/v2\/types\/product"}],"wp:featuredmedia":[{"embeddable":true,"href":"https:\/\/www.food4animals.nl\/de\/wp-json\/wp\/v2\/media\/4016"}],"wp:attachment":[{"href":"https:\/\/www.food4animals.nl\/de\/wp-json\/wp\/v2\/media?parent=4015"}],"wp:term":[{"taxonomy":"product_brand","embeddable":true,"href":"https:\/\/www.food4animals.nl\/de\/wp-json\/wp\/v2\/product_brand?post=4015"},{"taxonomy":"product_cat","embeddable":true,"href":"https:\/\/www.food4animals.nl\/de\/wp-json\/wp\/v2\/product_cat?post=4015"},{"taxonomy":"product_tag","embeddable":true,"href":"https:\/\/www.food4animals.nl\/de\/wp-json\/wp\/v2\/product_tag?post=4015"}],"curies":[{"name":"wp","href":"https:\/\/api.w.org\/{rel}","templated":true}]}}