{"id":4052,"date":"2024-01-04T16:04:24","date_gmt":"2024-01-04T15:04:24","guid":{"rendered":"https:\/\/food4animals.nl\/product\/afp-lambswool-find-me-cat-tunnel\/"},"modified":"2026-04-11T01:02:16","modified_gmt":"2026-04-11T00:02:16","slug":"afp-lambswool-find-me-cat-tunnel","status":"publish","type":"product","link":"https:\/\/www.food4animals.nl\/de\/produkt\/afp-lambswool-find-me-cat-tunnel\/","title":{"rendered":"AFP Lambswool - Find Me Katzentunnel"},"content":{"rendered":"<p><span style=\"font-size: 10pt;\"><strong>Tunnel spielen<br \/><\/strong><\/span><span style=\"font-size: 10pt;\">Dieser Tunnel ist ideal f\u00fcr Ihre Katze! <\/span><br \/><span style=\"font-size: 10pt;\">Katzen lieben es, zu spielen, zu schlafen und sich zu verstecken. All das k\u00f6nnen sie in diesem Tunnel tun. Wunderbar weich, mit Lammwolle.  Oben gibt es eine zus\u00e4tzliche \u00d6ffnung.<\/span><br \/><span style=\"font-size: 10pt;\">Der Tunnel macht sch\u00f6ne knisternde Ger\u00e4usche und enth\u00e4lt au\u00dferdem ein lustiges Spielzeug, mit dem Katzen stundenlang spielen k\u00f6nnen.\u00a0<\/span><\/p>\n<ul>\n<li><span style=\"font-size: 10pt;\">Knisternde Ger\u00e4usche<\/span><\/li>\n<li><span style=\"font-size: 10pt;\">Mit Spielzeug\u00a0\u00a0<\/span><\/li>\n<li><span style=\"font-size: 10pt;\">F\u00fcr stundenlangen Spa\u00df<\/span><\/li>\n<\/ul>\n<p><span style=\"font-size: 10pt;\"><strong>Format<br \/><\/strong>62 x 26 cm<\/span><\/p>","protected":false},"excerpt":{"rendered":"<p>Mit Lammfell und einer zus\u00e4tzlichen \u00d6ffnung am oberen Ende.<\/p>","protected":false},"featured_media":1011,"template":"","meta":{"_acf_changed":false},"product_brand":[],"product_cat":[863,864],"product_tag":[892],"class_list":{"0":"post-4052","1":"product","2":"type-product","3":"status-publish","4":"has-post-thumbnail","6":"product_cat-kat","7":"product_cat-speelgoed-kat","8":"product_tag-afp","9":"tax_brand-afp","11":"first","12":"instock","13":"taxable","14":"shipping-taxable","15":"purchasable","16":"product-type-simple"},"acf":[],"yoast_head":"<!-- This site is optimized with the Yoast SEO plugin v27.2 - https:\/\/yoast.com\/product\/yoast-seo-wordpress\/ -->\n<title>AFP Lambswool - Find Me Cat Tunnel - Food4animals<\/title>\n<meta name=\"robots\" content=\"index, follow, max-snippet:-1, max-image-preview:large, max-video-preview:-1\" \/>\n<link rel=\"canonical\" href=\"https:\/\/www.food4animals.nl\/de\/produkt\/afp-lambswool-find-me-cat-tunnel\/\" \/>\n<meta property=\"og:locale\" content=\"de_DE\" \/>\n<meta property=\"og:type\" content=\"article\" \/>\n<meta property=\"og:title\" content=\"AFP Lambswool - Find Me Cat Tunnel - Food4animals\" \/>\n<meta property=\"og:description\" content=\"Met lamswol en een extra opening aan de bovenkant.\" \/>\n<meta property=\"og:url\" content=\"https:\/\/www.food4animals.nl\/de\/produkt\/afp-lambswool-find-me-cat-tunnel\/\" \/>\n<meta property=\"og:site_name\" content=\"Food4animals\" \/>\n<meta property=\"article:publisher\" content=\"https:\/\/www.facebook.com\/p\/Food4animals-100063861676074\/\" \/>\n<meta property=\"article:modified_time\" content=\"2026-04-11T00:02:16+00:00\" \/>\n<meta property=\"og:image\" content=\"https:\/\/www.food4animals.nl\/wp-content\/uploads\/2023\/10\/261144.png\" \/>\n\t<meta property=\"og:image:width\" content=\"1024\" \/>\n\t<meta property=\"og:image:height\" content=\"1024\" \/>\n\t<meta property=\"og:image:type\" content=\"image\/png\" \/>\n<meta name=\"twitter:card\" content=\"summary_large_image\" \/>\n<meta name=\"twitter:site\" content=\"@food4animals\" \/>\n<script type=\"application\/ld+json\" class=\"yoast-schema-graph\">{\"@context\":\"https:\/\/schema.org\",\"@graph\":[{\"@type\":\"WebPage\",\"@id\":\"https:\/\/www.food4animals.nl\/product\/afp-lambswool-find-me-cat-tunnel\/\",\"url\":\"https:\/\/www.food4animals.nl\/product\/afp-lambswool-find-me-cat-tunnel\/\",\"name\":\"AFP Lambswool - Find Me Cat Tunnel - Food4animals\",\"isPartOf\":{\"@id\":\"https:\/\/www.food4animals.nl\/en\/#website\"},\"primaryImageOfPage\":{\"@id\":\"https:\/\/www.food4animals.nl\/product\/afp-lambswool-find-me-cat-tunnel\/#primaryimage\"},\"image\":{\"@id\":\"https:\/\/www.food4animals.nl\/product\/afp-lambswool-find-me-cat-tunnel\/#primaryimage\"},\"thumbnailUrl\":\"https:\/\/www.food4animals.nl\/wp-content\/uploads\/2023\/10\/261144.png\",\"datePublished\":\"2024-01-04T15:04:24+00:00\",\"dateModified\":\"2026-04-11T00:02:16+00:00\",\"breadcrumb\":{\"@id\":\"https:\/\/www.food4animals.nl\/product\/afp-lambswool-find-me-cat-tunnel\/#breadcrumb\"},\"inLanguage\":\"de\",\"potentialAction\":[{\"@type\":\"ReadAction\",\"target\":[\"https:\/\/www.food4animals.nl\/product\/afp-lambswool-find-me-cat-tunnel\/\"]}]},{\"@type\":\"ImageObject\",\"inLanguage\":\"de\",\"@id\":\"https:\/\/www.food4animals.nl\/product\/afp-lambswool-find-me-cat-tunnel\/#primaryimage\",\"url\":\"https:\/\/www.food4animals.nl\/wp-content\/uploads\/2023\/10\/261144.png\",\"contentUrl\":\"https:\/\/www.food4animals.nl\/wp-content\/uploads\/2023\/10\/261144.png\",\"width\":1024,\"height\":1024},{\"@type\":\"BreadcrumbList\",\"@id\":\"https:\/\/www.food4animals.nl\/product\/afp-lambswool-find-me-cat-tunnel\/#breadcrumb\",\"itemListElement\":[{\"@type\":\"ListItem\",\"position\":1,\"name\":\"Home\",\"item\":\"https:\/\/www.food4animals.nl\/\"},{\"@type\":\"ListItem\",\"position\":2,\"name\":\"Winkel\",\"item\":\"https:\/\/www.food4animals.nl\/winkel\/\"},{\"@type\":\"ListItem\",\"position\":3,\"name\":\"AFP Lambswool &#8211; Find Me Cat Tunnel\"}]},{\"@type\":\"WebSite\",\"@id\":\"https:\/\/www.food4animals.nl\/en\/#website\",\"url\":\"https:\/\/www.food4animals.nl\/en\/\",\"name\":\"Food4animals\",\"description\":\"Alles voor Ruiter en Dier\",\"publisher\":{\"@id\":\"https:\/\/www.food4animals.nl\/en\/#organization\"},\"potentialAction\":[{\"@type\":\"SearchAction\",\"target\":{\"@type\":\"EntryPoint\",\"urlTemplate\":\"https:\/\/www.food4animals.nl\/en\/?s={search_term_string}\"},\"query-input\":{\"@type\":\"PropertyValueSpecification\",\"valueRequired\":true,\"valueName\":\"search_term_string\"}}],\"inLanguage\":\"de\"},{\"@type\":\"Organization\",\"@id\":\"https:\/\/www.food4animals.nl\/en\/#organization\",\"name\":\"Food4animals\",\"url\":\"https:\/\/www.food4animals.nl\/en\/\",\"logo\":{\"@type\":\"ImageObject\",\"inLanguage\":\"de\",\"@id\":\"https:\/\/www.food4animals.nl\/en\/#\/schema\/logo\/image\/\",\"url\":\"https:\/\/www.food4animals.nl\/wp-content\/uploads\/2023\/10\/Logo.svg\",\"contentUrl\":\"https:\/\/www.food4animals.nl\/wp-content\/uploads\/2023\/10\/Logo.svg\",\"width\":1,\"height\":1,\"caption\":\"Food4animals\"},\"image\":{\"@id\":\"https:\/\/www.food4animals.nl\/en\/#\/schema\/logo\/image\/\"},\"sameAs\":[\"https:\/\/www.facebook.com\/p\/Food4animals-100063861676074\/\",\"https:\/\/x.com\/food4animals\"]}]}<\/script>\n<!-- \/ Yoast SEO plugin. -->","yoast_head_json":{"title":"AFP Lambswool - Find Me Katzentunnel - Food4animals","robots":{"index":"index","follow":"follow","max-snippet":"max-snippet:-1","max-image-preview":"max-image-preview:large","max-video-preview":"max-video-preview:-1"},"canonical":"https:\/\/www.food4animals.nl\/de\/produkt\/afp-lambswool-find-me-cat-tunnel\/","og_locale":"de_DE","og_type":"article","og_title":"AFP Lambswool - Find Me Cat Tunnel - Food4animals","og_description":"Met lamswol en een extra opening aan de bovenkant.","og_url":"https:\/\/www.food4animals.nl\/de\/produkt\/afp-lambswool-find-me-cat-tunnel\/","og_site_name":"Food4animals","article_publisher":"https:\/\/www.facebook.com\/p\/Food4animals-100063861676074\/","article_modified_time":"2026-04-11T00:02:16+00:00","og_image":[{"width":1024,"height":1024,"url":"https:\/\/www.food4animals.nl\/wp-content\/uploads\/2023\/10\/261144.png","type":"image\/png"}],"twitter_card":"summary_large_image","twitter_site":"@food4animals","schema":{"@context":"https:\/\/schema.org","@graph":[{"@type":"WebPage","@id":"https:\/\/www.food4animals.nl\/product\/afp-lambswool-find-me-cat-tunnel\/","url":"https:\/\/www.food4animals.nl\/product\/afp-lambswool-find-me-cat-tunnel\/","name":"AFP Lambswool - Find Me Katzentunnel - Food4animals","isPartOf":{"@id":"https:\/\/www.food4animals.nl\/en\/#website"},"primaryImageOfPage":{"@id":"https:\/\/www.food4animals.nl\/product\/afp-lambswool-find-me-cat-tunnel\/#primaryimage"},"image":{"@id":"https:\/\/www.food4animals.nl\/product\/afp-lambswool-find-me-cat-tunnel\/#primaryimage"},"thumbnailUrl":"https:\/\/www.food4animals.nl\/wp-content\/uploads\/2023\/10\/261144.png","datePublished":"2024-01-04T15:04:24+00:00","dateModified":"2026-04-11T00:02:16+00:00","breadcrumb":{"@id":"https:\/\/www.food4animals.nl\/product\/afp-lambswool-find-me-cat-tunnel\/#breadcrumb"},"inLanguage":"de","potentialAction":[{"@type":"ReadAction","target":["https:\/\/www.food4animals.nl\/product\/afp-lambswool-find-me-cat-tunnel\/"]}]},{"@type":"ImageObject","inLanguage":"de","@id":"https:\/\/www.food4animals.nl\/product\/afp-lambswool-find-me-cat-tunnel\/#primaryimage","url":"https:\/\/www.food4animals.nl\/wp-content\/uploads\/2023\/10\/261144.png","contentUrl":"https:\/\/www.food4animals.nl\/wp-content\/uploads\/2023\/10\/261144.png","width":1024,"height":1024},{"@type":"BreadcrumbList","@id":"https:\/\/www.food4animals.nl\/product\/afp-lambswool-find-me-cat-tunnel\/#breadcrumb","itemListElement":[{"@type":"ListItem","position":1,"name":"Home","item":"https:\/\/www.food4animals.nl\/"},{"@type":"ListItem","position":2,"name":"Winkel","item":"https:\/\/www.food4animals.nl\/winkel\/"},{"@type":"ListItem","position":3,"name":"AFP Lambswool &#8211; Find Me Cat Tunnel"}]},{"@type":"WebSite","@id":"https:\/\/www.food4animals.nl\/en\/#website","url":"https:\/\/www.food4animals.nl\/en\/","name":"Lebensmittel4Tiere","description":"Alles f\u00fcr Reiter und Tier","publisher":{"@id":"https:\/\/www.food4animals.nl\/en\/#organization"},"potentialAction":[{"@type":"SearchAction","target":{"@type":"EntryPoint","urlTemplate":"https:\/\/www.food4animals.nl\/en\/?s={search_term_string}"},"query-input":{"@type":"PropertyValueSpecification","valueRequired":true,"valueName":"search_term_string"}}],"inLanguage":"de"},{"@type":"Organization","@id":"https:\/\/www.food4animals.nl\/en\/#organization","name":"Lebensmittel4Tiere","url":"https:\/\/www.food4animals.nl\/en\/","logo":{"@type":"ImageObject","inLanguage":"de","@id":"https:\/\/www.food4animals.nl\/en\/#\/schema\/logo\/image\/","url":"https:\/\/www.food4animals.nl\/wp-content\/uploads\/2023\/10\/Logo.svg","contentUrl":"https:\/\/www.food4animals.nl\/wp-content\/uploads\/2023\/10\/Logo.svg","width":1,"height":1,"caption":"Food4animals"},"image":{"@id":"https:\/\/www.food4animals.nl\/en\/#\/schema\/logo\/image\/"},"sameAs":["https:\/\/www.facebook.com\/p\/Food4animals-100063861676074\/","https:\/\/x.com\/food4animals"]}]}},"_links":{"self":[{"href":"https:\/\/www.food4animals.nl\/de\/wp-json\/wp\/v2\/product\/4052","targetHints":{"allow":["GET"]}}],"collection":[{"href":"https:\/\/www.food4animals.nl\/de\/wp-json\/wp\/v2\/product"}],"about":[{"href":"https:\/\/www.food4animals.nl\/de\/wp-json\/wp\/v2\/types\/product"}],"wp:featuredmedia":[{"embeddable":true,"href":"https:\/\/www.food4animals.nl\/de\/wp-json\/wp\/v2\/media\/1011"}],"wp:attachment":[{"href":"https:\/\/www.food4animals.nl\/de\/wp-json\/wp\/v2\/media?parent=4052"}],"wp:term":[{"taxonomy":"product_brand","embeddable":true,"href":"https:\/\/www.food4animals.nl\/de\/wp-json\/wp\/v2\/product_brand?post=4052"},{"taxonomy":"product_cat","embeddable":true,"href":"https:\/\/www.food4animals.nl\/de\/wp-json\/wp\/v2\/product_cat?post=4052"},{"taxonomy":"product_tag","embeddable":true,"href":"https:\/\/www.food4animals.nl\/de\/wp-json\/wp\/v2\/product_tag?post=4052"}],"curies":[{"name":"wp","href":"https:\/\/api.w.org\/{rel}","templated":true}]}}