{"id":4257,"date":"2024-01-04T17:26:03","date_gmt":"2024-01-04T16:26:03","guid":{"rendered":"https:\/\/food4animals.nl\/product\/all-mineral-plus\/"},"modified":"2026-04-21T01:04:05","modified_gmt":"2026-04-21T00:04:05","slug":"all-mineral-plus","status":"publish","type":"product","link":"https:\/\/www.food4animals.nl\/de\/produkt\/all-mineral-plus\/","title":{"rendered":"All-Mineral Plus"},"content":{"rendered":"<p><span style=\"font-size: 10pt;\">De All-Mineral Plus bolus is een revolutionaire mineralenformule voor rundvee, die zowel bij jongvee als volwassen rundvee toepasbaar is. Met een werkingsduur van 6 maanden, is deze bolus een effici\u00ebnte en kosteneffectieve manier om de groei, vruchtbaarheid en gezondheid van uw vee te ondersteunen.<\/span><\/p>\n<p><span style=\"font-size: 10pt;\">Onze bolus bevat een unieke samenstelling van vitaminen en mineralen die specifiek zijn afgestemd op de behoeften van rundvee. Veldonderzoek heeft aangetoond dat de All-Mineral Plus bolus leidt tot:<\/span><\/p>\n<ul>\n<li><span style=\"font-size: 10pt;\">Optimale groei;<\/span><\/li>\n<li><span style=\"font-size: 10pt;\">Ideale mineralenvoorziening;<\/span><\/li>\n<li><span style=\"font-size: 10pt;\">Verbeterde vruchtbaarheid;<\/span><\/li>\n<li><span style=\"font-size: 10pt;\">Hoger afkalfgewicht.<\/span><\/li>\n<\/ul>\n<p><span style=\"font-size: 10pt;\">Het aanbevolen voederadvies is 2 All-Mineral Plus bolussen per dier met een gewicht vanaf 150 kg. De bolus begint aan de platte zijde langzaam op te lossen en de coating rondom de bolus zorgt ervoor dat de bolus geleidelijk oplost gedurende een periode van 180 dagen (6 maanden). Het toedienen van 2 bolussen is noodzakelijk, omdat zo aan de hedendaagse behoefte van sporenelementen en vitaminen voldaan wordt. Daarnaast tikken de twee bolussen tegen elkaar aan, waardoor de afgifte constant is.<\/span><\/p>\n<p><span style=\"font-size: 10pt;\">Het is aan te bevelen om aan jongvee 2 All-Mineral Plus bolussen toe te dienen bij het uitweiden en 2 bolussen bij het opstallen.<\/span><\/p>\n<p><span style=\"font-size: 10pt;\">Veldonderzoek toont aan dat de All-Mineral Plus bolus leidt tot een vermindering van de afkalftijd van vaarzen met 40 dagen. Daarnaast leidt de bolus tot een vermindering van het aantal inseminaties per aantal waarschijnlijke concepties met 75%. De All-Mineral Plus bolus leidt ook tot een gemiddelde groei van 134 kg, ten opzichte van 121 kg bij dieren zonder toegediende bolus. Dit is een verschil van 13 kg of 10%.<\/span><\/p>\n<p><span style=\"font-size: 10pt;\">Als u op zoek bent naar een effectieve manier om de groei, vruchtbaarheid en gezondheid van uw rundvee te ondersteunen, dan is de All-Mineral Plus bolus de perfecte keuze. De bolus is een kosteneffectieve oplossing die zichzelf terug verdient. <strong>Dus gaat uw jongvee op stal of in de wei? De All-Mineral Plus bolus hoort erbij!<\/strong><\/span><span style=\"font-size: 10pt;\"><br \/><\/span><\/p>\n<p><strong>W<\/strong><span style=\"font-size: 10pt;\"><strong>a, warum sich immer mehr Landwirte f\u00fcr einen Mineralstoffbolus entscheiden:<\/strong><br \/><\/span><span style=\"font-size: 10pt;\">Het geven van een mineralenbolus aan koeien is een effectieve manier om de gezondheid van uw veestapel te ondersteunen. In tegenstelling tot mineralen in poedervorm, wordt een bolus rechtstreeks ingegeven in de maag van de koe via een geschikte bolusschieter, waardoor de mineralen continu worden afgegeven gedurende 6 maanden. Dit helpt om een constante mineralenbalans te behouden en eventuele tekorten te voorkomen.<\/span><\/p>\n<p><span style=\"font-size: 10pt;\">Een van de voordelen van het gebruik van een bolus is de gemakkelijke toediening. In plaats van het geven van mineralen in poedervorm via de bek, hoeft een bolus slechts \u00e9\u00e9nmaal te worden gegeven. Dit bespaart tijd en vermindert het risico op fouten.<\/span><\/p>\n<p><span style=\"font-size: 10pt;\">Ein weiterer Vorteil eines Bolus ist die verbesserte Mineralstoffaufnahme. Da der Bolus direkt in den Magen verabreicht wird, kann die Mineralstoffaufnahme im Vergleich zur Verabreichung von Mineralien in Pulverform \u00fcber den Mund verbessert werden.<\/span><\/p>\n<p><span style=\"font-size: 10pt;\">Daarnaast leidt het gebruik van een bolus tot minder vervuiling in de stal. Er is namelijk geen verlies van mineralen is door het uitgangsvoer of het gedrag van de koe.<\/span><\/p>\n<p><span style=\"font-size: 10pt;\">E\u00e9n van de belangrijkste voordelen van bolussen is dat ze niet afhankelijk zijn van de smaak van de koe. Dit betekent dat ingredi\u00ebnten die niet zo smakelijk zijn, maar wel noodzakelijk zijn voor het behoud van de gezondheid van de koe, zoals bepaalde mineralen of vitamines, kunnen worden verwerkt in de bolus zonder dat de koe er bewust van is en zonder afhankelijk te zijn of de koe het wel wil eten.<\/span><\/p>\n<p><span style=\"font-size: 10pt;\">Zusammenfassend l\u00e4sst sich sagen, dass ein Mineralbolus viele Vorteile f\u00fcr die Gesundheit der Tiere bietet, wie z. B. eine kontinuierliche Mineralstoffzufuhr, eine einfache Verabreichung, eine bessere Absorption, weniger Verunreinigungen im Stall und keine Abh\u00e4ngigkeit bei der Auswahl der Zutaten, da die Schmackhaftigkeit keine Rolle spielt!<\/span><\/p>\n<p><span style=\"font-size: 10pt;\"><strong>Verpackung<\/strong>\u00a0<br \/>Doos met 20 All-Mineral Plus bolussen (= goed voor 10 koeien)<\/p>\n<p>Der Bolus kann mit Hilfe der farbigen Ringe in den Bolusbecher (27 mm) eingef\u00fchrt werden.<\/span><\/p>\n<p><strong style=\"font-size: 10pt;\">Allgemeine Informationen \u00fcber den Mineralbolus<br \/><\/strong><strong style=\"font-size: 10pt;\">*\u00a0<\/strong><a style=\"font-size: 10pt;\" href=\"https:\/\/www.boerenwinkel.nl\/imagestream\/stream\/14779\/Wat_is_een_Mineralen_Bolus.pdf\">Was ist ein Mineralbolus?<\/a><br \/><strong style=\"font-size: 10pt;\">* <\/strong><a style=\"font-size: 10pt;\" href=\"https:\/\/www.boerenwinkel.nl\/imagestream\/stream\/14775\/Voordelen_van_de_Mineralen_Bolus.pdf\">Vorteile des Mineralbolus.<\/a><br \/><span style=\"font-size: 10pt;\"><strong>* <\/strong><a href=\"https:\/\/www.boerenwinkel.nl\/imagestream\/stream\/14767\/Mineralen_Bolus_Wetenschappelijk_onderzocht.pdf\">Der Mineralien Bolus wissenschaftlich erforscht.<\/a><\/span><br \/><span style=\"font-size: 10pt;\"><strong>*\u00a0<\/strong><a href=\"https:\/\/www.boerenwinkel.nl\/imagestream\/stream\/14773\/Vergelijking_Mineralen_Bolussen.pdf\">Vergleich Mineralbolus.<\/a><\/span><br \/><span style=\"font-size: 10pt;\"><strong>*\u00a0<\/strong><a href=\"https:\/\/www.boerenwinkel.nl\/imagestream\/stream\/14777\/Waarom_een_mineralen_bolus_verstrekken_in_plaats_van_poedermineralen.pdf\">Warum ein Mineralbolus anstelle eines Pulvers?<\/a><\/span><br \/><span style=\"font-size: 10pt;\"><strong>*\u00a0<\/strong><a title=\"Kleine Ver\u00e4nderungen in der Ern\u00e4hrung, gro\u00dfe Auswirkungen auf die Fruchtbarkeit von Milchk\u00fchen\" href=\"https:\/\/www.boerenwinkel.nl\/imagestream\/stream\/14765\/Kleine_veranderingen_in_de_voeding_grote_gevolgen_voor_de_vruchtbaarheid_van_de_melkkoeien.pdf\" target=\"_blank\" rel=\"noopener\">Kleine Ver\u00e4nderungen in der Ern\u00e4hrung, gro\u00dfe Auswirkungen auf die Fruchtbarkeit von Milchk\u00fchen.<\/a><\/span><br \/><span style=\"font-size: 10pt;\"><strong>*\u00a0<\/strong><a href=\"https:\/\/www.boerenwinkel.nl\/imagestream\/stream\/14780\/Mineralen_Bolussene_in_combinatie_met_de_Repidose_Bolus.pdf\">Mineralbolus in Kombination mit dem Repidosebolus.<\/a><\/span><\/p>\n<p><span style=\"color: #ffffff; font-size: 10pt;\">private<\/span><\/p>","protected":false},"excerpt":{"rendered":"<p>Voor jong- en rundvee met een werkingsduur van 6 maanden.\u00a0<\/p>","protected":false},"featured_media":1676,"template":"","meta":{"_acf_changed":false},"product_brand":[],"product_cat":[1123,834],"product_tag":[883,1124,1136,1086,1128,1137,1129,1134,1141,814,1130,1127,1126,1125,1133,1132,1131],"class_list":{"0":"post-4257","1":"product","2":"type-product","3":"status-publish","4":"has-post-thumbnail","6":"product_cat-bolussen-en-mineralen","7":"product_cat-rund","8":"product_tag-excellent","9":"product_tag-jodium","10":"product_tag-jongvee","11":"product_tag-koe","12":"product_tag-koper","13":"product_tag-kopergebrek","14":"product_tag-mangaan","15":"product_tag-mineralen","16":"product_tag-originele-bolus","17":"product_tag-rund","18":"product_tag-selenium","19":"product_tag-vitamine-a","20":"product_tag-vitamine-d3","21":"product_tag-vitamine-e","22":"product_tag-vitaminen","23":"product_tag-vruchtbaarheid","24":"product_tag-zink","25":"tax_brand-holland-animal-care","27":"first","28":"instock","29":"taxable","30":"shipping-taxable","31":"purchasable","32":"product-type-simple"},"acf":[],"yoast_head":"<!-- This site is optimized with the Yoast SEO plugin v27.4 - https:\/\/yoast.com\/product\/yoast-seo-wordpress\/ -->\n<title>All-Mineral Plus - Food4animals<\/title>\n<meta name=\"robots\" content=\"index, follow, max-snippet:-1, max-image-preview:large, max-video-preview:-1\" \/>\n<link rel=\"canonical\" href=\"https:\/\/www.food4animals.nl\/de\/produkt\/all-mineral-plus\/\" \/>\n<meta property=\"og:locale\" content=\"de_DE\" \/>\n<meta property=\"og:type\" content=\"article\" \/>\n<meta property=\"og:title\" content=\"All-Mineral Plus - Food4animals\" \/>\n<meta property=\"og:description\" content=\"Voor jong- en rundvee met een werkingsduur van 6 maanden.\u00a0\" \/>\n<meta property=\"og:url\" content=\"https:\/\/www.food4animals.nl\/de\/produkt\/all-mineral-plus\/\" \/>\n<meta property=\"og:site_name\" content=\"Food4animals\" \/>\n<meta property=\"article:publisher\" content=\"https:\/\/www.facebook.com\/p\/Food4animals-100063861676074\/\" \/>\n<meta property=\"article:modified_time\" content=\"2026-04-21T00:04:05+00:00\" \/>\n<meta property=\"og:image\" content=\"https:\/\/www.food4animals.nl\/wp-content\/uploads\/2023\/10\/266057.png\" \/>\n\t<meta property=\"og:image:width\" content=\"1024\" \/>\n\t<meta property=\"og:image:height\" content=\"1024\" \/>\n\t<meta property=\"og:image:type\" content=\"image\/png\" \/>\n<meta name=\"twitter:card\" content=\"summary_large_image\" \/>\n<meta name=\"twitter:site\" content=\"@food4animals\" \/>\n<meta name=\"twitter:label1\" content=\"Gesch\u00e4tzte Lesezeit\" \/>\n\t<meta name=\"twitter:data1\" content=\"3\u00a0Minuten\" \/>\n<script type=\"application\/ld+json\" class=\"yoast-schema-graph\">{\"@context\":\"https:\\\/\\\/schema.org\",\"@graph\":[{\"@type\":\"WebPage\",\"@id\":\"https:\\\/\\\/www.food4animals.nl\\\/product\\\/all-mineral-plus\\\/\",\"url\":\"https:\\\/\\\/www.food4animals.nl\\\/product\\\/all-mineral-plus\\\/\",\"name\":\"All-Mineral Plus - Food4animals\",\"isPartOf\":{\"@id\":\"https:\\\/\\\/www.food4animals.nl\\\/en\\\/#website\"},\"primaryImageOfPage\":{\"@id\":\"https:\\\/\\\/www.food4animals.nl\\\/product\\\/all-mineral-plus\\\/#primaryimage\"},\"image\":{\"@id\":\"https:\\\/\\\/www.food4animals.nl\\\/product\\\/all-mineral-plus\\\/#primaryimage\"},\"thumbnailUrl\":\"https:\\\/\\\/www.food4animals.nl\\\/wp-content\\\/uploads\\\/2023\\\/10\\\/266057.png\",\"datePublished\":\"2024-01-04T16:26:03+00:00\",\"dateModified\":\"2026-04-21T00:04:05+00:00\",\"breadcrumb\":{\"@id\":\"https:\\\/\\\/www.food4animals.nl\\\/product\\\/all-mineral-plus\\\/#breadcrumb\"},\"inLanguage\":\"de\",\"potentialAction\":[{\"@type\":\"ReadAction\",\"target\":[\"https:\\\/\\\/www.food4animals.nl\\\/product\\\/all-mineral-plus\\\/\"]}]},{\"@type\":\"ImageObject\",\"inLanguage\":\"de\",\"@id\":\"https:\\\/\\\/www.food4animals.nl\\\/product\\\/all-mineral-plus\\\/#primaryimage\",\"url\":\"https:\\\/\\\/www.food4animals.nl\\\/wp-content\\\/uploads\\\/2023\\\/10\\\/266057.png\",\"contentUrl\":\"https:\\\/\\\/www.food4animals.nl\\\/wp-content\\\/uploads\\\/2023\\\/10\\\/266057.png\",\"width\":1024,\"height\":1024},{\"@type\":\"BreadcrumbList\",\"@id\":\"https:\\\/\\\/www.food4animals.nl\\\/product\\\/all-mineral-plus\\\/#breadcrumb\",\"itemListElement\":[{\"@type\":\"ListItem\",\"position\":1,\"name\":\"Home\",\"item\":\"https:\\\/\\\/www.food4animals.nl\\\/\"},{\"@type\":\"ListItem\",\"position\":2,\"name\":\"Winkel\",\"item\":\"https:\\\/\\\/www.food4animals.nl\\\/winkel\\\/\"},{\"@type\":\"ListItem\",\"position\":3,\"name\":\"All-Mineral Plus\"}]},{\"@type\":\"WebSite\",\"@id\":\"https:\\\/\\\/www.food4animals.nl\\\/en\\\/#website\",\"url\":\"https:\\\/\\\/www.food4animals.nl\\\/en\\\/\",\"name\":\"Food4animals\",\"description\":\"Alles voor Ruiter en Dier\",\"publisher\":{\"@id\":\"https:\\\/\\\/www.food4animals.nl\\\/en\\\/#organization\"},\"potentialAction\":[{\"@type\":\"SearchAction\",\"target\":{\"@type\":\"EntryPoint\",\"urlTemplate\":\"https:\\\/\\\/www.food4animals.nl\\\/en\\\/?s={search_term_string}\"},\"query-input\":{\"@type\":\"PropertyValueSpecification\",\"valueRequired\":true,\"valueName\":\"search_term_string\"}}],\"inLanguage\":\"de\"},{\"@type\":\"Organization\",\"@id\":\"https:\\\/\\\/www.food4animals.nl\\\/en\\\/#organization\",\"name\":\"Food4animals\",\"url\":\"https:\\\/\\\/www.food4animals.nl\\\/en\\\/\",\"logo\":{\"@type\":\"ImageObject\",\"inLanguage\":\"de\",\"@id\":\"https:\\\/\\\/www.food4animals.nl\\\/en\\\/#\\\/schema\\\/logo\\\/image\\\/\",\"url\":\"https:\\\/\\\/www.food4animals.nl\\\/wp-content\\\/uploads\\\/2023\\\/10\\\/Logo.svg\",\"contentUrl\":\"https:\\\/\\\/www.food4animals.nl\\\/wp-content\\\/uploads\\\/2023\\\/10\\\/Logo.svg\",\"width\":1,\"height\":1,\"caption\":\"Food4animals\"},\"image\":{\"@id\":\"https:\\\/\\\/www.food4animals.nl\\\/en\\\/#\\\/schema\\\/logo\\\/image\\\/\"},\"sameAs\":[\"https:\\\/\\\/www.facebook.com\\\/p\\\/Food4animals-100063861676074\\\/\",\"https:\\\/\\\/x.com\\\/food4animals\"]}]}<\/script>\n<!-- \/ Yoast SEO plugin. -->","yoast_head_json":{"title":"All-Mineral Plus - Food4animals","robots":{"index":"index","follow":"follow","max-snippet":"max-snippet:-1","max-image-preview":"max-image-preview:large","max-video-preview":"max-video-preview:-1"},"canonical":"https:\/\/www.food4animals.nl\/de\/produkt\/all-mineral-plus\/","og_locale":"de_DE","og_type":"article","og_title":"All-Mineral Plus - Food4animals","og_description":"Voor jong- en rundvee met een werkingsduur van 6 maanden.\u00a0","og_url":"https:\/\/www.food4animals.nl\/de\/produkt\/all-mineral-plus\/","og_site_name":"Food4animals","article_publisher":"https:\/\/www.facebook.com\/p\/Food4animals-100063861676074\/","article_modified_time":"2026-04-21T00:04:05+00:00","og_image":[{"width":1024,"height":1024,"url":"https:\/\/www.food4animals.nl\/wp-content\/uploads\/2023\/10\/266057.png","type":"image\/png"}],"twitter_card":"summary_large_image","twitter_site":"@food4animals","twitter_misc":{"Gesch\u00e4tzte Lesezeit":"3\u00a0Minuten"},"schema":{"@context":"https:\/\/schema.org","@graph":[{"@type":"WebPage","@id":"https:\/\/www.food4animals.nl\/product\/all-mineral-plus\/","url":"https:\/\/www.food4animals.nl\/product\/all-mineral-plus\/","name":"All-Mineral Plus - Food4animals","isPartOf":{"@id":"https:\/\/www.food4animals.nl\/en\/#website"},"primaryImageOfPage":{"@id":"https:\/\/www.food4animals.nl\/product\/all-mineral-plus\/#primaryimage"},"image":{"@id":"https:\/\/www.food4animals.nl\/product\/all-mineral-plus\/#primaryimage"},"thumbnailUrl":"https:\/\/www.food4animals.nl\/wp-content\/uploads\/2023\/10\/266057.png","datePublished":"2024-01-04T16:26:03+00:00","dateModified":"2026-04-21T00:04:05+00:00","breadcrumb":{"@id":"https:\/\/www.food4animals.nl\/product\/all-mineral-plus\/#breadcrumb"},"inLanguage":"de","potentialAction":[{"@type":"ReadAction","target":["https:\/\/www.food4animals.nl\/product\/all-mineral-plus\/"]}]},{"@type":"ImageObject","inLanguage":"de","@id":"https:\/\/www.food4animals.nl\/product\/all-mineral-plus\/#primaryimage","url":"https:\/\/www.food4animals.nl\/wp-content\/uploads\/2023\/10\/266057.png","contentUrl":"https:\/\/www.food4animals.nl\/wp-content\/uploads\/2023\/10\/266057.png","width":1024,"height":1024},{"@type":"BreadcrumbList","@id":"https:\/\/www.food4animals.nl\/product\/all-mineral-plus\/#breadcrumb","itemListElement":[{"@type":"ListItem","position":1,"name":"Home","item":"https:\/\/www.food4animals.nl\/"},{"@type":"ListItem","position":2,"name":"Winkel","item":"https:\/\/www.food4animals.nl\/winkel\/"},{"@type":"ListItem","position":3,"name":"All-Mineral Plus"}]},{"@type":"WebSite","@id":"https:\/\/www.food4animals.nl\/en\/#website","url":"https:\/\/www.food4animals.nl\/en\/","name":"Lebensmittel4Tiere","description":"Alles f\u00fcr Reiter und Tier","publisher":{"@id":"https:\/\/www.food4animals.nl\/en\/#organization"},"potentialAction":[{"@type":"SearchAction","target":{"@type":"EntryPoint","urlTemplate":"https:\/\/www.food4animals.nl\/en\/?s={search_term_string}"},"query-input":{"@type":"PropertyValueSpecification","valueRequired":true,"valueName":"search_term_string"}}],"inLanguage":"de"},{"@type":"Organization","@id":"https:\/\/www.food4animals.nl\/en\/#organization","name":"Lebensmittel4Tiere","url":"https:\/\/www.food4animals.nl\/en\/","logo":{"@type":"ImageObject","inLanguage":"de","@id":"https:\/\/www.food4animals.nl\/en\/#\/schema\/logo\/image\/","url":"https:\/\/www.food4animals.nl\/wp-content\/uploads\/2023\/10\/Logo.svg","contentUrl":"https:\/\/www.food4animals.nl\/wp-content\/uploads\/2023\/10\/Logo.svg","width":1,"height":1,"caption":"Food4animals"},"image":{"@id":"https:\/\/www.food4animals.nl\/en\/#\/schema\/logo\/image\/"},"sameAs":["https:\/\/www.facebook.com\/p\/Food4animals-100063861676074\/","https:\/\/x.com\/food4animals"]}]}},"_links":{"self":[{"href":"https:\/\/www.food4animals.nl\/de\/wp-json\/wp\/v2\/product\/4257","targetHints":{"allow":["GET"]}}],"collection":[{"href":"https:\/\/www.food4animals.nl\/de\/wp-json\/wp\/v2\/product"}],"about":[{"href":"https:\/\/www.food4animals.nl\/de\/wp-json\/wp\/v2\/types\/product"}],"wp:featuredmedia":[{"embeddable":true,"href":"https:\/\/www.food4animals.nl\/de\/wp-json\/wp\/v2\/media\/1676"}],"wp:attachment":[{"href":"https:\/\/www.food4animals.nl\/de\/wp-json\/wp\/v2\/media?parent=4257"}],"wp:term":[{"taxonomy":"product_brand","embeddable":true,"href":"https:\/\/www.food4animals.nl\/de\/wp-json\/wp\/v2\/product_brand?post=4257"},{"taxonomy":"product_cat","embeddable":true,"href":"https:\/\/www.food4animals.nl\/de\/wp-json\/wp\/v2\/product_cat?post=4257"},{"taxonomy":"product_tag","embeddable":true,"href":"https:\/\/www.food4animals.nl\/de\/wp-json\/wp\/v2\/product_tag?post=4257"}],"curies":[{"name":"wp","href":"https:\/\/api.w.org\/{rel}","templated":true}]}}