{"id":4275,"date":"2024-01-04T17:34:10","date_gmt":"2024-01-04T16:34:10","guid":{"rendered":"https:\/\/food4animals.nl\/product\/anti-graas-the-ultimate-muzzle-pony\/"},"modified":"2026-04-12T01:04:07","modified_gmt":"2026-04-12T00:04:07","slug":"anti-weidegang-das-ultimative-maulkorb-pony","status":"publish","type":"product","link":"https:\/\/www.food4animals.nl\/de\/produkt\/anti-weidegang-das-ultimative-maulkorb-pony\/","title":{"rendered":"Anti-Weidehaltung Das ultimative Maulkorb-Pony"},"content":{"rendered":"<h2><span style=\"font-size: 10pt;\"><strong>Der ultimative Maulkorb<\/strong><\/span><\/h2>\n<p><span style=\"font-size: 10pt;\">Diese Masken k\u00f6nnen verwendet werden, wenn Ihr Pferd etwas Gewicht verlieren muss, um beispielsweise Fettleibigkeit oder Hufrehe vorzubeugen. Ein Gl\u00fccksfall, wenn das Pferd lange auf der Weide steht, aber nicht zu viel grasen darf. Die Maske ist bequem zu tragen und l\u00e4sst sich leicht am Halfter befestigen. Sie ist aus strapazierf\u00e4higem Material gefertigt und mit zus\u00e4tzlichem Komfort ausgestattet.<\/span><\/p>\n<h2><span style=\"font-size: 10pt;\"><strong>Vorteile<\/strong><\/span><\/h2>\n<p><span style=\"font-size: 10pt;\">- Nasenloch f\u00fcr freies Atmen und Komfort<\/span><\/p>\n<p><span style=\"font-size: 10pt;\">- Das hohe Vorderteil verhindert, dass das Pferd die Maske abnehmen kann<\/span><\/p>\n<p><span style=\"font-size: 10pt;\">- Solides Kinnteil zur Minimierung von Reibung<\/span><\/p>\n<p><span style=\"font-size: 10pt;\">- Leder-Stirnband<\/span><\/p>\n<p><span style=\"font-size: 10pt;\">- Keine Clips, um ein Einklemmen von Kabeln zu verhindern<\/span><\/p>\n<p><span style=\"font-size: 10pt;\">- Rechteckige \u00d6ffnung f\u00fcr den Mund<\/span><\/p>\n<p><span style=\"font-size: 10pt;\">Hinweis: Die Maske sollte nicht zu eng anliegen. Bedenken Sie, dass die Masken gr\u00f6\u00dfer als Standardmasken sind und speziell f\u00fcr eine lockere Passform entwickelt wurden. Es sollten 2-3 Finger zwischen Maske und Kopf passen.\u00a0<\/span><\/p>\n<p><span style=\"font-size: 10pt;\"><strong>Gr\u00f6\u00dfen Umfang\u00a0 \u00a0 \u00a0 \u00a0 \u00a0 \u00a0 \u00a0 \u00a0 \u00a0 \u00a0 \u00a0 \u00a0 \u00a0 \u00a0 \u00a0<\/strong><\/span><\/p>\n<p><span style=\"font-size: 10pt;\">ANTI0015 shet 48 cm<br \/><\/span><span style=\"font-size: 10pt;\">ANTI0015P Pony 55 cm<br \/><\/span><span style=\"font-size: 10pt;\">ANTI0016 Vollblut 63 cm<br \/>ANTI0023 Vollbl\u00fcter 63 cm (Maske kurzes Modell)<br \/><\/span><span style=\"font-size: 10pt;\">ANTI0017 Warmblut 67 cm<br \/><\/span><span style=\"font-size: 10pt;\">ANTI0018 XL 70 cm<\/p>\n<p><\/span><\/p>","protected":false},"excerpt":{"rendered":"<p>Ein Geschenk des Himmels, wenn das Pferd lange Zeit auf der Weide steht, aber nicht zu viel grasen darf.<\/p>","protected":false},"featured_media":1725,"template":"","meta":{"_acf_changed":false},"product_brand":[],"product_cat":[829,847],"product_tag":[1172,843,1178,1174],"class_list":{"0":"post-4275","1":"product","2":"type-product","3":"status-publish","4":"has-post-thumbnail","6":"product_cat-paard","7":"product_cat-stal-en-weide","8":"product_tag-anti-graas-maskers","9":"product_tag-paard","10":"product_tag-pony","11":"product_tag-ultimate-muzzle","12":"tax_brand-ultimate-muzzle","14":"first","15":"instock","16":"taxable","17":"shipping-taxable","18":"purchasable","19":"product-type-simple"},"acf":[],"yoast_head":"<!-- This site is optimized with the Yoast SEO plugin v27.2 - https:\/\/yoast.com\/product\/yoast-seo-wordpress\/ -->\n<title>Anti-graas The Ultimate Muzzle Pony - Food4animals<\/title>\n<meta name=\"robots\" content=\"index, follow, max-snippet:-1, max-image-preview:large, max-video-preview:-1\" \/>\n<link rel=\"canonical\" href=\"https:\/\/www.food4animals.nl\/de\/produkt\/anti-weidegang-das-ultimative-maulkorb-pony\/\" \/>\n<meta property=\"og:locale\" content=\"de_DE\" \/>\n<meta property=\"og:type\" content=\"article\" \/>\n<meta property=\"og:title\" content=\"Anti-graas The Ultimate Muzzle Pony - Food4animals\" \/>\n<meta property=\"og:description\" content=\"Een uitkomst als het paard langere tijd op wei staat maar niet te veel mag grazen.\" \/>\n<meta property=\"og:url\" content=\"https:\/\/www.food4animals.nl\/de\/produkt\/anti-weidegang-das-ultimative-maulkorb-pony\/\" \/>\n<meta property=\"og:site_name\" content=\"Food4animals\" \/>\n<meta property=\"article:publisher\" content=\"https:\/\/www.facebook.com\/p\/Food4animals-100063861676074\/\" \/>\n<meta property=\"article:modified_time\" content=\"2026-04-12T00:04:07+00:00\" \/>\n<meta property=\"og:image\" content=\"https:\/\/www.food4animals.nl\/wp-content\/uploads\/2023\/10\/135827.jpeg\" \/>\n\t<meta property=\"og:image:width\" content=\"800\" \/>\n\t<meta property=\"og:image:height\" content=\"1200\" \/>\n\t<meta property=\"og:image:type\" content=\"image\/jpeg\" \/>\n<meta name=\"twitter:card\" content=\"summary_large_image\" \/>\n<meta name=\"twitter:site\" content=\"@food4animals\" \/>\n<meta name=\"twitter:label1\" content=\"Gesch\u00e4tzte Lesezeit\" \/>\n\t<meta name=\"twitter:data1\" content=\"1\u00a0Minute\" \/>\n<script type=\"application\/ld+json\" class=\"yoast-schema-graph\">{\"@context\":\"https:\/\/schema.org\",\"@graph\":[{\"@type\":\"WebPage\",\"@id\":\"https:\/\/www.food4animals.nl\/product\/anti-graas-the-ultimate-muzzle-pony\/\",\"url\":\"https:\/\/www.food4animals.nl\/product\/anti-graas-the-ultimate-muzzle-pony\/\",\"name\":\"Anti-graas The Ultimate Muzzle Pony - Food4animals\",\"isPartOf\":{\"@id\":\"https:\/\/www.food4animals.nl\/en\/#website\"},\"primaryImageOfPage\":{\"@id\":\"https:\/\/www.food4animals.nl\/product\/anti-graas-the-ultimate-muzzle-pony\/#primaryimage\"},\"image\":{\"@id\":\"https:\/\/www.food4animals.nl\/product\/anti-graas-the-ultimate-muzzle-pony\/#primaryimage\"},\"thumbnailUrl\":\"https:\/\/www.food4animals.nl\/wp-content\/uploads\/2023\/10\/135827.jpeg\",\"datePublished\":\"2024-01-04T16:34:10+00:00\",\"dateModified\":\"2026-04-12T00:04:07+00:00\",\"breadcrumb\":{\"@id\":\"https:\/\/www.food4animals.nl\/product\/anti-graas-the-ultimate-muzzle-pony\/#breadcrumb\"},\"inLanguage\":\"de\",\"potentialAction\":[{\"@type\":\"ReadAction\",\"target\":[\"https:\/\/www.food4animals.nl\/product\/anti-graas-the-ultimate-muzzle-pony\/\"]}]},{\"@type\":\"ImageObject\",\"inLanguage\":\"de\",\"@id\":\"https:\/\/www.food4animals.nl\/product\/anti-graas-the-ultimate-muzzle-pony\/#primaryimage\",\"url\":\"https:\/\/www.food4animals.nl\/wp-content\/uploads\/2023\/10\/135827.jpeg\",\"contentUrl\":\"https:\/\/www.food4animals.nl\/wp-content\/uploads\/2023\/10\/135827.jpeg\",\"width\":800,\"height\":1200},{\"@type\":\"BreadcrumbList\",\"@id\":\"https:\/\/www.food4animals.nl\/product\/anti-graas-the-ultimate-muzzle-pony\/#breadcrumb\",\"itemListElement\":[{\"@type\":\"ListItem\",\"position\":1,\"name\":\"Home\",\"item\":\"https:\/\/www.food4animals.nl\/\"},{\"@type\":\"ListItem\",\"position\":2,\"name\":\"Winkel\",\"item\":\"https:\/\/www.food4animals.nl\/winkel\/\"},{\"@type\":\"ListItem\",\"position\":3,\"name\":\"Anti-graas The Ultimate Muzzle Pony\"}]},{\"@type\":\"WebSite\",\"@id\":\"https:\/\/www.food4animals.nl\/en\/#website\",\"url\":\"https:\/\/www.food4animals.nl\/en\/\",\"name\":\"Food4animals\",\"description\":\"Alles voor Ruiter en Dier\",\"publisher\":{\"@id\":\"https:\/\/www.food4animals.nl\/en\/#organization\"},\"potentialAction\":[{\"@type\":\"SearchAction\",\"target\":{\"@type\":\"EntryPoint\",\"urlTemplate\":\"https:\/\/www.food4animals.nl\/en\/?s={search_term_string}\"},\"query-input\":{\"@type\":\"PropertyValueSpecification\",\"valueRequired\":true,\"valueName\":\"search_term_string\"}}],\"inLanguage\":\"de\"},{\"@type\":\"Organization\",\"@id\":\"https:\/\/www.food4animals.nl\/en\/#organization\",\"name\":\"Food4animals\",\"url\":\"https:\/\/www.food4animals.nl\/en\/\",\"logo\":{\"@type\":\"ImageObject\",\"inLanguage\":\"de\",\"@id\":\"https:\/\/www.food4animals.nl\/en\/#\/schema\/logo\/image\/\",\"url\":\"https:\/\/www.food4animals.nl\/wp-content\/uploads\/2023\/10\/Logo.svg\",\"contentUrl\":\"https:\/\/www.food4animals.nl\/wp-content\/uploads\/2023\/10\/Logo.svg\",\"width\":1,\"height\":1,\"caption\":\"Food4animals\"},\"image\":{\"@id\":\"https:\/\/www.food4animals.nl\/en\/#\/schema\/logo\/image\/\"},\"sameAs\":[\"https:\/\/www.facebook.com\/p\/Food4animals-100063861676074\/\",\"https:\/\/x.com\/food4animals\"]}]}<\/script>\n<!-- \/ Yoast SEO plugin. -->","yoast_head_json":{"title":"Anti-Weidehaltung Das ultimative Maulkorb-Pony - Food4animals","robots":{"index":"index","follow":"follow","max-snippet":"max-snippet:-1","max-image-preview":"max-image-preview:large","max-video-preview":"max-video-preview:-1"},"canonical":"https:\/\/www.food4animals.nl\/de\/produkt\/anti-weidegang-das-ultimative-maulkorb-pony\/","og_locale":"de_DE","og_type":"article","og_title":"Anti-graas The Ultimate Muzzle Pony - Food4animals","og_description":"Een uitkomst als het paard langere tijd op wei staat maar niet te veel mag grazen.","og_url":"https:\/\/www.food4animals.nl\/de\/produkt\/anti-weidegang-das-ultimative-maulkorb-pony\/","og_site_name":"Food4animals","article_publisher":"https:\/\/www.facebook.com\/p\/Food4animals-100063861676074\/","article_modified_time":"2026-04-12T00:04:07+00:00","og_image":[{"width":800,"height":1200,"url":"https:\/\/www.food4animals.nl\/wp-content\/uploads\/2023\/10\/135827.jpeg","type":"image\/jpeg"}],"twitter_card":"summary_large_image","twitter_site":"@food4animals","twitter_misc":{"Gesch\u00e4tzte Lesezeit":"1\u00a0Minute"},"schema":{"@context":"https:\/\/schema.org","@graph":[{"@type":"WebPage","@id":"https:\/\/www.food4animals.nl\/product\/anti-graas-the-ultimate-muzzle-pony\/","url":"https:\/\/www.food4animals.nl\/product\/anti-graas-the-ultimate-muzzle-pony\/","name":"Anti-Weidehaltung Das ultimative Maulkorb-Pony - Food4animals","isPartOf":{"@id":"https:\/\/www.food4animals.nl\/en\/#website"},"primaryImageOfPage":{"@id":"https:\/\/www.food4animals.nl\/product\/anti-graas-the-ultimate-muzzle-pony\/#primaryimage"},"image":{"@id":"https:\/\/www.food4animals.nl\/product\/anti-graas-the-ultimate-muzzle-pony\/#primaryimage"},"thumbnailUrl":"https:\/\/www.food4animals.nl\/wp-content\/uploads\/2023\/10\/135827.jpeg","datePublished":"2024-01-04T16:34:10+00:00","dateModified":"2026-04-12T00:04:07+00:00","breadcrumb":{"@id":"https:\/\/www.food4animals.nl\/product\/anti-graas-the-ultimate-muzzle-pony\/#breadcrumb"},"inLanguage":"de","potentialAction":[{"@type":"ReadAction","target":["https:\/\/www.food4animals.nl\/product\/anti-graas-the-ultimate-muzzle-pony\/"]}]},{"@type":"ImageObject","inLanguage":"de","@id":"https:\/\/www.food4animals.nl\/product\/anti-graas-the-ultimate-muzzle-pony\/#primaryimage","url":"https:\/\/www.food4animals.nl\/wp-content\/uploads\/2023\/10\/135827.jpeg","contentUrl":"https:\/\/www.food4animals.nl\/wp-content\/uploads\/2023\/10\/135827.jpeg","width":800,"height":1200},{"@type":"BreadcrumbList","@id":"https:\/\/www.food4animals.nl\/product\/anti-graas-the-ultimate-muzzle-pony\/#breadcrumb","itemListElement":[{"@type":"ListItem","position":1,"name":"Home","item":"https:\/\/www.food4animals.nl\/"},{"@type":"ListItem","position":2,"name":"Winkel","item":"https:\/\/www.food4animals.nl\/winkel\/"},{"@type":"ListItem","position":3,"name":"Anti-graas The Ultimate Muzzle Pony"}]},{"@type":"WebSite","@id":"https:\/\/www.food4animals.nl\/en\/#website","url":"https:\/\/www.food4animals.nl\/en\/","name":"Lebensmittel4Tiere","description":"Alles f\u00fcr Reiter und Tier","publisher":{"@id":"https:\/\/www.food4animals.nl\/en\/#organization"},"potentialAction":[{"@type":"SearchAction","target":{"@type":"EntryPoint","urlTemplate":"https:\/\/www.food4animals.nl\/en\/?s={search_term_string}"},"query-input":{"@type":"PropertyValueSpecification","valueRequired":true,"valueName":"search_term_string"}}],"inLanguage":"de"},{"@type":"Organization","@id":"https:\/\/www.food4animals.nl\/en\/#organization","name":"Lebensmittel4Tiere","url":"https:\/\/www.food4animals.nl\/en\/","logo":{"@type":"ImageObject","inLanguage":"de","@id":"https:\/\/www.food4animals.nl\/en\/#\/schema\/logo\/image\/","url":"https:\/\/www.food4animals.nl\/wp-content\/uploads\/2023\/10\/Logo.svg","contentUrl":"https:\/\/www.food4animals.nl\/wp-content\/uploads\/2023\/10\/Logo.svg","width":1,"height":1,"caption":"Food4animals"},"image":{"@id":"https:\/\/www.food4animals.nl\/en\/#\/schema\/logo\/image\/"},"sameAs":["https:\/\/www.facebook.com\/p\/Food4animals-100063861676074\/","https:\/\/x.com\/food4animals"]}]}},"_links":{"self":[{"href":"https:\/\/www.food4animals.nl\/de\/wp-json\/wp\/v2\/product\/4275","targetHints":{"allow":["GET"]}}],"collection":[{"href":"https:\/\/www.food4animals.nl\/de\/wp-json\/wp\/v2\/product"}],"about":[{"href":"https:\/\/www.food4animals.nl\/de\/wp-json\/wp\/v2\/types\/product"}],"wp:featuredmedia":[{"embeddable":true,"href":"https:\/\/www.food4animals.nl\/de\/wp-json\/wp\/v2\/media\/1725"}],"wp:attachment":[{"href":"https:\/\/www.food4animals.nl\/de\/wp-json\/wp\/v2\/media?parent=4275"}],"wp:term":[{"taxonomy":"product_brand","embeddable":true,"href":"https:\/\/www.food4animals.nl\/de\/wp-json\/wp\/v2\/product_brand?post=4275"},{"taxonomy":"product_cat","embeddable":true,"href":"https:\/\/www.food4animals.nl\/de\/wp-json\/wp\/v2\/product_cat?post=4275"},{"taxonomy":"product_tag","embeddable":true,"href":"https:\/\/www.food4animals.nl\/de\/wp-json\/wp\/v2\/product_tag?post=4275"}],"curies":[{"name":"wp","href":"https:\/\/api.w.org\/{rel}","templated":true}]}}