{"id":4281,"date":"2024-01-04T17:36:40","date_gmt":"2024-01-04T16:36:40","guid":{"rendered":"https:\/\/food4animals.nl\/product\/auriplak-anti-vliegenplaatjes-excl-pijl-reg-nl-vrij\/"},"modified":"2026-03-24T09:53:49","modified_gmt":"2026-03-24T08:53:49","slug":"auriplak-anti-fliegen-platten-exkl-pfeil-reg-nl-frei","status":"publish","type":"product","link":"https:\/\/www.food4animals.nl\/de\/produkt\/auriplak-anti-fliegen-platten-exkl-pfeil-reg-nl-frei\/","title":{"rendered":"Auriplak Anti-Fliegen-Anh\u00e4nger (au\u00dfer Pfeil) REG DE FREE"},"content":{"rendered":"<h2><span style=\"font-size: 10pt;\"><strong>Auriplak-Ohrring f\u00fcr Rinder<\/strong><\/span><\/h2>\n<p><span style=\"font-size: 10pt;\">Fliegen k\u00f6nnen f\u00fcr Rinder auf der Weide eine echte Plage sein. Sie verursachen nicht nur viel Unruhe (mit all ihren negativen Auswirkungen), sondern k\u00f6nnen auch Krankheiten \u00fcbertragen. Denken Sie zum Beispiel an die Parafilariose oder die Blauzungenkrankheit, aber auch an die Sommergrippe. Studien haben gezeigt, dass die gemeine kleine Hornfliege eine wichtige Rolle bei der Infektion von (tr\u00e4chtigen) F\u00e4rsen mit <em>S. aureus.<\/em> Schon lange vor dem Kalben! <\/span><\/p>\n<p>Gelukkig is er Auriplak; een zeer effectief middel om weidend rundvee te beschermen tegen vliegen. Nadat het Auriplak label aan de I&amp;R oormerken is bevestigd, beschermen ze uw dieren een seizoen lang tegen vliegen. Door Auriplak aan het begin van het weideseizoen aan te brengen, wordt vliegenoverlast voorkomen. Onder gunstige omstandigheden vermeerderen weidevliegen, zoals de hoornvlieg, zich razendsnel. Begin dus op tijd!<\/p>\n<p><span style=\"font-size: 10pt;\">Bernsteinfarbene Ohrmarke mit verz\u00f6gerter Wirkstofffreisetzung f\u00fcr Rinder zur Vorbeugung von Juckreiz, Unruhe und Bel\u00e4stigung durch Fliegen und zur Vorbeugung von Sommerschnupfen. Hat eine Wirkungsdauer von 4 Monaten, ist regenfest und bietet somit mit einer einzigen Anwendung einen ganzj\u00e4hrigen Schutz f\u00fcr Ihr Milchvieh und Jungvieh.<\/span><\/p>\n<p><span style=\"font-size: 10pt;\"><strong>Vorteile Auriplak-Ohrmarke f\u00fcr Rinder<\/strong><\/span><\/p>\n<ul>\n<li><span style=\"font-size: 10pt;\">Zeitsparend und kosteneffizient durch einmalige Behandlung<\/span><\/li>\n<li><span style=\"font-size: 10pt;\">Zuverl\u00e4ssig und einfach in der Anwendung<\/span><\/li>\n<li><span style=\"font-size: 10pt;\">Sicher und tierfreundlich <\/span><\/li>\n<li><span style=\"font-size: 10pt;\">Saisonaler Betrieb<\/span><\/li>\n<li><span style=\"font-size: 10pt;\">Keine Wartezeit f\u00fcr Milch und Fleisch<\/span><\/li>\n<li><span style=\"font-size: 10pt;\">Regenfest<\/span><\/li>\n<li><span style=\"font-size: 10pt;\">Schutz gegen Fliegen<\/span><\/li>\n<li><span style=\"font-size: 10pt;\">Pr\u00e4vention von Sommerkeuchen<\/span><\/li>\n<li><span style=\"font-size: 10pt;\">Kann w\u00e4hrend der Schwangerschaft und Stillzeit verwendet werden<\/span><\/li>\n<\/ul>\n<p><span style=\"font-size: 10pt;\"><strong>Zielarten<br \/>\n<\/strong><\/span><span style=\"font-size: 10pt;\">Rindfleisch<\/span><\/p>\n<p><span style=\"font-size: 10pt;\"><strong>Wirkstoff<br \/>\n<\/strong><\/span><span style=\"font-size: 10pt;\">Permetrin 10 Gramm pro 100 Gramm Ohrmarke.<\/span><\/p>\n<p><span style=\"font-size: 10pt;\"><strong>Indikationen<\/strong><\/span><\/p>\n<ul>\n<li><span style=\"font-size: 10pt;\">Zur Vorbeugung von Juckreiz, Unruhe und Bel\u00e4stigung durch die folgenden Fliegen:<\/span><\/li>\n<\/ul>\n<p><span style=\"font-size: 10pt;\"><em>Haematobia irritans<\/em> (Sommerfliege)<br \/>\n<\/span><span style=\"font-size: 10pt;\"><em>Hydrotaea irritans<br \/>\n<\/em><\/span><span style=\"font-size: 10pt;\"><em>Stomoxys calcitrans<\/em> (stabile Fliege)<br \/>\n<\/span><span style=\"font-size: 10pt;\"><em>Musca autumnalis<\/em> (Herbstfliege)<\/span><\/p>\n<ul>\n<li><span style=\"font-size: 10pt;\">Vorbeugung von Sommerkeuchen durch Kontrolle <em>Hydrotaea irritans<\/em>.<\/span><\/li>\n<\/ul>\n<p><span style=\"font-size: 10pt;\"><strong>Kontraindikationen<br \/>\n<\/strong><\/span><span style=\"font-size: 10pt;\">Nein<\/span><\/p>\n<p><span style=\"font-size: 10pt;\"><strong>Dosierung und Anwendung<br \/>\n<\/strong><\/span><span style=\"font-size: 10pt;\">1 Ohrmarke pro Tier, die zu Beginn der Weidesaison angebracht wird.<\/span><\/p>\n<p><span style=\"font-size: 10pt;\">Bei Verwendung zur Vorbeugung von Sommergrippe: 2 Ohrmarken pro Tier.<\/span><\/p>\n<p><span style=\"font-size: 10pt;\">Die Ohrmarke sollte mit einer speziellen Nadel befestigt werden. <a href=\"https:\/\/www.food4animals.nl\/de\/produkt\/pfeil-ir-mit-schlitz-gelb-boviclip-auriplak\/\" target=\"_blank\" rel=\"noopener\">Befestigungspfeil<\/a> aan het identificatie en registratie (I&amp;R) oormerk te worden bevestigd.<\/span><\/p>\n<p>Klicken Sie auf <strong><a href=\"\/de\/imagestream\/stream\/272399\/Auriplak_Online.pdf\/\" target=\"_blank\" rel=\"noopener\">hier<\/a><\/strong> <img decoding=\"async\" class=\"preview\" style=\"max-width: 100%;\" src=\"\/imagestream\/stream\/272399\/Auriplak_Online.pdf\" alt=\"\" \/>f\u00fcr eine \u00dcbersicht \u00fcber die Anbringung der Flugplatten.<\/p>\n<p><span style=\"font-size: 10pt;\"><strong>Specproduct\/4948-pijl-ir-met-gleuf-geel-boviclipauriplaciale waarschuwingen<br \/>\n<\/strong><\/span><span style=\"font-size: 10pt;\">Die besten Ergebnisse werden erzielt, wenn die Ohrmarken an allen Tieren der Herde angebracht werden.<\/span><\/p>\n<p><span style=\"font-size: 10pt;\">Lesen Sie vor der Anwendung die Packungsbeilage.<\/span><\/p>\n<p><span style=\"font-size: 10pt;\"><strong>Wartezeit<br \/>\n<\/strong><\/span><span style=\"font-size: 10pt;\">(Organ-)Fleisch: 0 Tage<\/span><\/p>\n<p><span style=\"font-size: 10pt;\">Milch: 0 Tage<\/span><\/p>\n<p><span style=\"font-size: 10pt;\"><strong>Inhalt<br \/>\n<\/strong><\/span><span style=\"font-size: 10pt;\">10 Einheiten (e<\/span><span style=\"font-size: 10pt;\">xAusgenommen <a href=\"https:\/\/www.food4animals.nl\/de\/produkt\/pfeil-ir-mit-schlitz-gelb-boviclip-auriplak\/\" target=\"_blank\" rel=\"noopener\">Befestigungspfeile<\/a>)\u00a0<\/span><\/p>\n<p><span style=\"font-size: 10pt;\"><a href=\"https:\/\/www.diergeneesmiddeleninformatiebank.nl\/ords\/f?p=111:3::SEARCH:NO::P0_DOMAIN,P0_LANG,P3_RVG1:V,NL,9330\" target=\"_blank\" rel=\"noopener\">REG EN 9330 <\/a><\/span><\/p>\n<p><span style=\"font-size: 10pt;\">Nur f\u00fcr den tier\u00e4rztlichen Gebrauch - KOSTENLOS<\/span><\/p>\n<a href=\"https:\/\/www.cbg-meb.nl\/onderwerpen\/bd-internethandel-diergeneesmiddelen\" target=\"_blank\" rel=\"noopener\"><img decoding=\"async\" class=\"preview\" style=\"max-width: 90px; float: right;\" src=\"\/imagestream\/stream\/279197\/2209-logo-internethandel.jpg\" alt=\"\" \/><\/a>","protected":false},"excerpt":{"rendered":"<p>Auriplak oorlabels beschermen rundvee effectief tegen vliegen en zomerwrang. E\u00e9n behandeling, 4 maanden werking, veilig voor melk- en vleesproductie.<\/p>","protected":false},"featured_media":1745,"template":"","meta":{"_acf_changed":false},"product_brand":[],"product_cat":[834,1189],"product_tag":[1191,814,1190,1108,1111,1194,1193],"class_list":{"0":"post-4281","1":"product","2":"type-product","3":"status-publish","4":"has-post-thumbnail","6":"product_cat-rund","7":"product_cat-vliegenbestrijding","8":"product_tag-op-het-dier","9":"product_tag-rund","10":"product_tag-virbac","11":"product_tag-vliegenspecial2021","12":"product_tag-vliegenspecial2023","13":"product_tag-voorjaarsknaller","14":"product_tag-voorkom-vliegen","15":"tax_brand-virbac","17":"first","18":"outofstock","19":"taxable","20":"shipping-taxable","21":"purchasable","22":"product-type-simple"},"acf":[],"yoast_head":"<!-- This site is optimized with the Yoast SEO plugin v27.4 - https:\/\/yoast.com\/product\/yoast-seo-wordpress\/ -->\n<title>Auriplak anti-vliegenplaatjes (excl. Pijl) REG NL VRIJ - Food4animals<\/title>\n<meta name=\"description\" content=\"Bescherm runderen tegen vliegen met Auriplak oorlabels. Werkt tot 4 maanden, voorkomt zomerwrang en is veilig, regenbestendig en eenvoudig toe te passen.\" \/>\n<meta name=\"robots\" content=\"index, follow, max-snippet:-1, max-image-preview:large, max-video-preview:-1\" \/>\n<link rel=\"canonical\" href=\"https:\/\/www.food4animals.nl\/de\/produkt\/auriplak-anti-fliegen-platten-exkl-pfeil-reg-nl-frei\/\" \/>\n<meta property=\"og:locale\" content=\"de_DE\" \/>\n<meta property=\"og:type\" content=\"article\" \/>\n<meta property=\"og:title\" content=\"Auriplak anti-vliegenplaatjes (excl. Pijl) REG NL VRIJ - Food4animals\" \/>\n<meta property=\"og:description\" content=\"Bescherm runderen tegen vliegen met Auriplak oorlabels. Werkt tot 4 maanden, voorkomt zomerwrang en is veilig, regenbestendig en eenvoudig toe te passen.\" \/>\n<meta property=\"og:url\" content=\"https:\/\/www.food4animals.nl\/de\/produkt\/auriplak-anti-fliegen-platten-exkl-pfeil-reg-nl-frei\/\" \/>\n<meta property=\"og:site_name\" content=\"Food4animals\" \/>\n<meta property=\"article:publisher\" content=\"https:\/\/www.facebook.com\/p\/Food4animals-100063861676074\/\" \/>\n<meta property=\"article:modified_time\" content=\"2026-03-24T08:53:49+00:00\" \/>\n<meta property=\"og:image\" content=\"https:\/\/www.food4animals.nl\/wp-content\/uploads\/2023\/10\/272391.png\" \/>\n\t<meta property=\"og:image:width\" content=\"980\" \/>\n\t<meta property=\"og:image:height\" content=\"980\" \/>\n\t<meta property=\"og:image:type\" content=\"image\/png\" \/>\n<meta name=\"twitter:card\" content=\"summary_large_image\" \/>\n<meta name=\"twitter:site\" content=\"@food4animals\" \/>\n<meta name=\"twitter:label1\" content=\"Gesch\u00e4tzte Lesezeit\" \/>\n\t<meta name=\"twitter:data1\" content=\"3\u00a0Minuten\" \/>\n<script type=\"application\/ld+json\" class=\"yoast-schema-graph\">{\"@context\":\"https:\\\/\\\/schema.org\",\"@graph\":[{\"@type\":\"WebPage\",\"@id\":\"https:\\\/\\\/www.food4animals.nl\\\/product\\\/auriplak-anti-vliegenplaatjes-excl-pijl-reg-nl-vrij\\\/\",\"url\":\"https:\\\/\\\/www.food4animals.nl\\\/product\\\/auriplak-anti-vliegenplaatjes-excl-pijl-reg-nl-vrij\\\/\",\"name\":\"Auriplak anti-vliegenplaatjes (excl. Pijl) REG NL VRIJ - Food4animals\",\"isPartOf\":{\"@id\":\"https:\\\/\\\/www.food4animals.nl\\\/en\\\/#website\"},\"primaryImageOfPage\":{\"@id\":\"https:\\\/\\\/www.food4animals.nl\\\/product\\\/auriplak-anti-vliegenplaatjes-excl-pijl-reg-nl-vrij\\\/#primaryimage\"},\"image\":{\"@id\":\"https:\\\/\\\/www.food4animals.nl\\\/product\\\/auriplak-anti-vliegenplaatjes-excl-pijl-reg-nl-vrij\\\/#primaryimage\"},\"thumbnailUrl\":\"https:\\\/\\\/www.food4animals.nl\\\/wp-content\\\/uploads\\\/2023\\\/10\\\/272391.png\",\"datePublished\":\"2024-01-04T16:36:40+00:00\",\"dateModified\":\"2026-03-24T08:53:49+00:00\",\"description\":\"Bescherm runderen tegen vliegen met Auriplak oorlabels. Werkt tot 4 maanden, voorkomt zomerwrang en is veilig, regenbestendig en eenvoudig toe te passen.\",\"breadcrumb\":{\"@id\":\"https:\\\/\\\/www.food4animals.nl\\\/product\\\/auriplak-anti-vliegenplaatjes-excl-pijl-reg-nl-vrij\\\/#breadcrumb\"},\"inLanguage\":\"de\",\"potentialAction\":[{\"@type\":\"ReadAction\",\"target\":[\"https:\\\/\\\/www.food4animals.nl\\\/product\\\/auriplak-anti-vliegenplaatjes-excl-pijl-reg-nl-vrij\\\/\"]}]},{\"@type\":\"ImageObject\",\"inLanguage\":\"de\",\"@id\":\"https:\\\/\\\/www.food4animals.nl\\\/product\\\/auriplak-anti-vliegenplaatjes-excl-pijl-reg-nl-vrij\\\/#primaryimage\",\"url\":\"https:\\\/\\\/www.food4animals.nl\\\/wp-content\\\/uploads\\\/2023\\\/10\\\/272391.png\",\"contentUrl\":\"https:\\\/\\\/www.food4animals.nl\\\/wp-content\\\/uploads\\\/2023\\\/10\\\/272391.png\",\"width\":980,\"height\":980},{\"@type\":\"BreadcrumbList\",\"@id\":\"https:\\\/\\\/www.food4animals.nl\\\/product\\\/auriplak-anti-vliegenplaatjes-excl-pijl-reg-nl-vrij\\\/#breadcrumb\",\"itemListElement\":[{\"@type\":\"ListItem\",\"position\":1,\"name\":\"Home\",\"item\":\"https:\\\/\\\/www.food4animals.nl\\\/\"},{\"@type\":\"ListItem\",\"position\":2,\"name\":\"Winkel\",\"item\":\"https:\\\/\\\/www.food4animals.nl\\\/winkel\\\/\"},{\"@type\":\"ListItem\",\"position\":3,\"name\":\"Auriplak anti-vliegenplaatjes (excl. Pijl) REG NL VRIJ\"}]},{\"@type\":\"WebSite\",\"@id\":\"https:\\\/\\\/www.food4animals.nl\\\/en\\\/#website\",\"url\":\"https:\\\/\\\/www.food4animals.nl\\\/en\\\/\",\"name\":\"Food4animals\",\"description\":\"Alles voor Ruiter en Dier\",\"publisher\":{\"@id\":\"https:\\\/\\\/www.food4animals.nl\\\/en\\\/#organization\"},\"potentialAction\":[{\"@type\":\"SearchAction\",\"target\":{\"@type\":\"EntryPoint\",\"urlTemplate\":\"https:\\\/\\\/www.food4animals.nl\\\/en\\\/?s={search_term_string}\"},\"query-input\":{\"@type\":\"PropertyValueSpecification\",\"valueRequired\":true,\"valueName\":\"search_term_string\"}}],\"inLanguage\":\"de\"},{\"@type\":\"Organization\",\"@id\":\"https:\\\/\\\/www.food4animals.nl\\\/en\\\/#organization\",\"name\":\"Food4animals\",\"url\":\"https:\\\/\\\/www.food4animals.nl\\\/en\\\/\",\"logo\":{\"@type\":\"ImageObject\",\"inLanguage\":\"de\",\"@id\":\"https:\\\/\\\/www.food4animals.nl\\\/en\\\/#\\\/schema\\\/logo\\\/image\\\/\",\"url\":\"https:\\\/\\\/www.food4animals.nl\\\/wp-content\\\/uploads\\\/2023\\\/10\\\/Logo.svg\",\"contentUrl\":\"https:\\\/\\\/www.food4animals.nl\\\/wp-content\\\/uploads\\\/2023\\\/10\\\/Logo.svg\",\"width\":1,\"height\":1,\"caption\":\"Food4animals\"},\"image\":{\"@id\":\"https:\\\/\\\/www.food4animals.nl\\\/en\\\/#\\\/schema\\\/logo\\\/image\\\/\"},\"sameAs\":[\"https:\\\/\\\/www.facebook.com\\\/p\\\/Food4animals-100063861676074\\\/\",\"https:\\\/\\\/x.com\\\/food4animals\"]}]}<\/script>\n<!-- \/ Yoast SEO plugin. -->","yoast_head_json":{"title":"Auriplak Anti-Fliegen-Anh\u00e4nger (au\u00dfer Pfeil) REG DE FREE - Food4animals","description":"Bescherm runderen tegen vliegen met Auriplak oorlabels. Werkt tot 4 maanden, voorkomt zomerwrang en is veilig, regenbestendig en eenvoudig toe te passen.","robots":{"index":"index","follow":"follow","max-snippet":"max-snippet:-1","max-image-preview":"max-image-preview:large","max-video-preview":"max-video-preview:-1"},"canonical":"https:\/\/www.food4animals.nl\/de\/produkt\/auriplak-anti-fliegen-platten-exkl-pfeil-reg-nl-frei\/","og_locale":"de_DE","og_type":"article","og_title":"Auriplak anti-vliegenplaatjes (excl. Pijl) REG NL VRIJ - Food4animals","og_description":"Bescherm runderen tegen vliegen met Auriplak oorlabels. Werkt tot 4 maanden, voorkomt zomerwrang en is veilig, regenbestendig en eenvoudig toe te passen.","og_url":"https:\/\/www.food4animals.nl\/de\/produkt\/auriplak-anti-fliegen-platten-exkl-pfeil-reg-nl-frei\/","og_site_name":"Food4animals","article_publisher":"https:\/\/www.facebook.com\/p\/Food4animals-100063861676074\/","article_modified_time":"2026-03-24T08:53:49+00:00","og_image":[{"width":980,"height":980,"url":"https:\/\/www.food4animals.nl\/wp-content\/uploads\/2023\/10\/272391.png","type":"image\/png"}],"twitter_card":"summary_large_image","twitter_site":"@food4animals","twitter_misc":{"Gesch\u00e4tzte Lesezeit":"3\u00a0Minuten"},"schema":{"@context":"https:\/\/schema.org","@graph":[{"@type":"WebPage","@id":"https:\/\/www.food4animals.nl\/product\/auriplak-anti-vliegenplaatjes-excl-pijl-reg-nl-vrij\/","url":"https:\/\/www.food4animals.nl\/product\/auriplak-anti-vliegenplaatjes-excl-pijl-reg-nl-vrij\/","name":"Auriplak Anti-Fliegen-Anh\u00e4nger (au\u00dfer Pfeil) REG DE FREE - Food4animals","isPartOf":{"@id":"https:\/\/www.food4animals.nl\/en\/#website"},"primaryImageOfPage":{"@id":"https:\/\/www.food4animals.nl\/product\/auriplak-anti-vliegenplaatjes-excl-pijl-reg-nl-vrij\/#primaryimage"},"image":{"@id":"https:\/\/www.food4animals.nl\/product\/auriplak-anti-vliegenplaatjes-excl-pijl-reg-nl-vrij\/#primaryimage"},"thumbnailUrl":"https:\/\/www.food4animals.nl\/wp-content\/uploads\/2023\/10\/272391.png","datePublished":"2024-01-04T16:36:40+00:00","dateModified":"2026-03-24T08:53:49+00:00","description":"Bescherm runderen tegen vliegen met Auriplak oorlabels. Werkt tot 4 maanden, voorkomt zomerwrang en is veilig, regenbestendig en eenvoudig toe te passen.","breadcrumb":{"@id":"https:\/\/www.food4animals.nl\/product\/auriplak-anti-vliegenplaatjes-excl-pijl-reg-nl-vrij\/#breadcrumb"},"inLanguage":"de","potentialAction":[{"@type":"ReadAction","target":["https:\/\/www.food4animals.nl\/product\/auriplak-anti-vliegenplaatjes-excl-pijl-reg-nl-vrij\/"]}]},{"@type":"ImageObject","inLanguage":"de","@id":"https:\/\/www.food4animals.nl\/product\/auriplak-anti-vliegenplaatjes-excl-pijl-reg-nl-vrij\/#primaryimage","url":"https:\/\/www.food4animals.nl\/wp-content\/uploads\/2023\/10\/272391.png","contentUrl":"https:\/\/www.food4animals.nl\/wp-content\/uploads\/2023\/10\/272391.png","width":980,"height":980},{"@type":"BreadcrumbList","@id":"https:\/\/www.food4animals.nl\/product\/auriplak-anti-vliegenplaatjes-excl-pijl-reg-nl-vrij\/#breadcrumb","itemListElement":[{"@type":"ListItem","position":1,"name":"Home","item":"https:\/\/www.food4animals.nl\/"},{"@type":"ListItem","position":2,"name":"Winkel","item":"https:\/\/www.food4animals.nl\/winkel\/"},{"@type":"ListItem","position":3,"name":"Auriplak anti-vliegenplaatjes (excl. Pijl) REG NL VRIJ"}]},{"@type":"WebSite","@id":"https:\/\/www.food4animals.nl\/en\/#website","url":"https:\/\/www.food4animals.nl\/en\/","name":"Lebensmittel4Tiere","description":"Alles f\u00fcr Reiter und Tier","publisher":{"@id":"https:\/\/www.food4animals.nl\/en\/#organization"},"potentialAction":[{"@type":"SearchAction","target":{"@type":"EntryPoint","urlTemplate":"https:\/\/www.food4animals.nl\/en\/?s={search_term_string}"},"query-input":{"@type":"PropertyValueSpecification","valueRequired":true,"valueName":"search_term_string"}}],"inLanguage":"de"},{"@type":"Organization","@id":"https:\/\/www.food4animals.nl\/en\/#organization","name":"Lebensmittel4Tiere","url":"https:\/\/www.food4animals.nl\/en\/","logo":{"@type":"ImageObject","inLanguage":"de","@id":"https:\/\/www.food4animals.nl\/en\/#\/schema\/logo\/image\/","url":"https:\/\/www.food4animals.nl\/wp-content\/uploads\/2023\/10\/Logo.svg","contentUrl":"https:\/\/www.food4animals.nl\/wp-content\/uploads\/2023\/10\/Logo.svg","width":1,"height":1,"caption":"Food4animals"},"image":{"@id":"https:\/\/www.food4animals.nl\/en\/#\/schema\/logo\/image\/"},"sameAs":["https:\/\/www.facebook.com\/p\/Food4animals-100063861676074\/","https:\/\/x.com\/food4animals"]}]}},"_links":{"self":[{"href":"https:\/\/www.food4animals.nl\/de\/wp-json\/wp\/v2\/product\/4281","targetHints":{"allow":["GET"]}}],"collection":[{"href":"https:\/\/www.food4animals.nl\/de\/wp-json\/wp\/v2\/product"}],"about":[{"href":"https:\/\/www.food4animals.nl\/de\/wp-json\/wp\/v2\/types\/product"}],"wp:featuredmedia":[{"embeddable":true,"href":"https:\/\/www.food4animals.nl\/de\/wp-json\/wp\/v2\/media\/1745"}],"wp:attachment":[{"href":"https:\/\/www.food4animals.nl\/de\/wp-json\/wp\/v2\/media?parent=4281"}],"wp:term":[{"taxonomy":"product_brand","embeddable":true,"href":"https:\/\/www.food4animals.nl\/de\/wp-json\/wp\/v2\/product_brand?post=4281"},{"taxonomy":"product_cat","embeddable":true,"href":"https:\/\/www.food4animals.nl\/de\/wp-json\/wp\/v2\/product_cat?post=4281"},{"taxonomy":"product_tag","embeddable":true,"href":"https:\/\/www.food4animals.nl\/de\/wp-json\/wp\/v2\/product_tag?post=4281"}],"curies":[{"name":"wp","href":"https:\/\/api.w.org\/{rel}","templated":true}]}}