{"id":43040,"date":"2026-01-03T01:28:26","date_gmt":"2026-01-03T00:28:26","guid":{"rendered":"https:\/\/www.food4animals.nl\/product\/zoneguard-6-mm-plus-afrasteringskoord-wit-200-m\/"},"modified":"2026-05-09T01:56:57","modified_gmt":"2026-05-09T00:56:57","slug":"zoneguard-6-mm-plus-afrasteringskoord-wit-200-m","status":"publish","type":"product","link":"https:\/\/www.food4animals.nl\/de\/produkt\/zoneguard-6-mm-plus-afrasteringskoord-wit-200-m\/","title":{"rendered":"ZoneGuard 6 mm Plus Zaunseil wei\u00df 200 m"},"content":{"rendered":"<p><span style=\"font-size: 10pt;\"><strong>De TURBO geleider onder de afrasteringskoorden!<br \/><\/strong>ZoneGuard Koord Plus bevat roestvrij stalen draden en lichtmetalen draden. Roestvrij stalen draden zijn uiterst sterk, breukbestendig en duurzaam. Lichtmetalen draden zijn de perfecte stroomgeleiders. Deze combinatie biedt de beste geleiding.&nbsp;&nbsp;<strong><br \/>&nbsp;<br \/>40 x meer power en UV bestendig.<br \/><\/strong>Zoals de naam al doet vermoeden, bestaat het koord uit meerdere op zichzelf (mono) doorgetrokken draden van polyethyleen (PE). Daardoor bezit zowel de ZoneGuard Plus als de ZoneGuard lijn een lange levensduur en een hoge UV-bestendigheid.&nbsp;&nbsp;<strong><br \/>&nbsp;<br \/>ZoneGuard Koord Plus heeft de beste geleiding, dit is herkenbaar aan de lage weerstand in Ohm\/m.<br \/>Geschikt voor vee- en paardenafrastering.&nbsp;&nbsp;<br \/><\/strong><\/span><\/p>\n<p>&#xD;<\/p>\n<p><span style=\"font-size: 10pt;\"><strong>Zus\u00e4tzliche Informationen<br \/><\/strong>Kleur: wit&nbsp;<\/span><br \/><span style=\"font-size: 10pt;\">L\u00e4nge: 200 m<\/span><br \/><span style=\"font-size: 10pt;\">Weerstand: 0.05 &Omega;\/m<\/span><br \/><span style=\"font-size: 10pt;\">Aantal en diameter lichtmetalen draad: 3 x 0.4 mm<\/span><br \/><span style=\"font-size: 10pt;\">Aantal en diamter roestvrij stalen draad: 6 x 0.2 mm<\/span><br \/><span style=\"font-size: 10pt;\">Breukkracht: 350 kg<\/span><span style=\"font-size: 10pt;\">&nbsp;<\/span><br \/><span style=\"font-size: 10pt;\"><strong><br \/><a href=\"http:\/\/promotion.hollandanimalcare.nl\/zoneguard\/\"><img loading=\"lazy\" decoding=\"async\" src=\"\/imagestream\/stream\/54598\/0\/0\/481\/336\/481\/336\/328\/229\/328\/229\/238\/166\/238\/166\/195\/136\/195\/136\/179\/125\/ZoneGuard3.jpg\" width=\"179\" height=\"125\" \/><\/a><\/strong><\/span><\/p>","protected":false},"excerpt":{"rendered":"<p>Enth\u00e4lt Dr\u00e4hte aus rostfreiem Stahl und Leichtmetalldr\u00e4hte.<\/p>","protected":false},"featured_media":43041,"template":"","meta":{"_acf_changed":false},"product_brand":[],"product_cat":[4338,1098],"product_tag":[],"class_list":{"0":"post-43040","1":"product","2":"type-product","3":"status-publish","4":"has-post-thumbnail","6":"product_cat-koord","7":"product_cat-weideafrastering","8":"tax_brand-zoneguard","10":"first","11":"outofstock","12":"taxable","13":"shipping-taxable","14":"purchasable","15":"product-type-simple"},"acf":[],"yoast_head":"<!-- This site is optimized with the Yoast SEO plugin v27.4 - https:\/\/yoast.com\/product\/yoast-seo-wordpress\/ -->\n<title>ZoneGuard 6 mm Plus afrasteringskoord wit 200 m - Food4animals<\/title>\n<meta name=\"robots\" content=\"index, follow, max-snippet:-1, max-image-preview:large, max-video-preview:-1\" \/>\n<link rel=\"canonical\" href=\"https:\/\/www.food4animals.nl\/de\/produkt\/zoneguard-6-mm-plus-afrasteringskoord-wit-200-m\/\" \/>\n<meta property=\"og:locale\" content=\"de_DE\" \/>\n<meta property=\"og:type\" content=\"article\" \/>\n<meta property=\"og:title\" content=\"ZoneGuard 6 mm Plus afrasteringskoord wit 200 m - Food4animals\" \/>\n<meta property=\"og:description\" content=\"Bevat roestvrij stalen draden en lichtmetalen draden.\" \/>\n<meta property=\"og:url\" content=\"https:\/\/www.food4animals.nl\/de\/produkt\/zoneguard-6-mm-plus-afrasteringskoord-wit-200-m\/\" \/>\n<meta property=\"og:site_name\" content=\"Food4animals\" \/>\n<meta property=\"article:publisher\" content=\"https:\/\/www.facebook.com\/p\/Food4animals-100063861676074\/\" \/>\n<meta property=\"article:modified_time\" content=\"2026-05-09T00:56:57+00:00\" \/>\n<meta property=\"og:image\" content=\"https:\/\/www.food4animals.nl\/wp-content\/uploads\/2026\/01\/ZONE0085.png\" \/>\n\t<meta property=\"og:image:width\" content=\"980\" \/>\n\t<meta property=\"og:image:height\" content=\"980\" \/>\n\t<meta property=\"og:image:type\" content=\"image\/png\" \/>\n<meta name=\"twitter:card\" content=\"summary_large_image\" \/>\n<meta name=\"twitter:site\" content=\"@food4animals\" \/>\n<meta name=\"twitter:label1\" content=\"Gesch\u00e4tzte Lesezeit\" \/>\n\t<meta name=\"twitter:data1\" content=\"1\u00a0Minute\" \/>\n<script type=\"application\/ld+json\" class=\"yoast-schema-graph\">{\"@context\":\"https:\\\/\\\/schema.org\",\"@graph\":[{\"@type\":\"WebPage\",\"@id\":\"https:\\\/\\\/www.food4animals.nl\\\/product\\\/zoneguard-6-mm-plus-afrasteringskoord-wit-200-m\\\/\",\"url\":\"https:\\\/\\\/www.food4animals.nl\\\/product\\\/zoneguard-6-mm-plus-afrasteringskoord-wit-200-m\\\/\",\"name\":\"ZoneGuard 6 mm Plus afrasteringskoord wit 200 m - Food4animals\",\"isPartOf\":{\"@id\":\"https:\\\/\\\/www.food4animals.nl\\\/en\\\/#website\"},\"primaryImageOfPage\":{\"@id\":\"https:\\\/\\\/www.food4animals.nl\\\/product\\\/zoneguard-6-mm-plus-afrasteringskoord-wit-200-m\\\/#primaryimage\"},\"image\":{\"@id\":\"https:\\\/\\\/www.food4animals.nl\\\/product\\\/zoneguard-6-mm-plus-afrasteringskoord-wit-200-m\\\/#primaryimage\"},\"thumbnailUrl\":\"https:\\\/\\\/www.food4animals.nl\\\/wp-content\\\/uploads\\\/2026\\\/01\\\/ZONE0085.png\",\"datePublished\":\"2026-01-03T00:28:26+00:00\",\"dateModified\":\"2026-05-09T00:56:57+00:00\",\"breadcrumb\":{\"@id\":\"https:\\\/\\\/www.food4animals.nl\\\/product\\\/zoneguard-6-mm-plus-afrasteringskoord-wit-200-m\\\/#breadcrumb\"},\"inLanguage\":\"de\",\"potentialAction\":[{\"@type\":\"ReadAction\",\"target\":[\"https:\\\/\\\/www.food4animals.nl\\\/product\\\/zoneguard-6-mm-plus-afrasteringskoord-wit-200-m\\\/\"]}]},{\"@type\":\"ImageObject\",\"inLanguage\":\"de\",\"@id\":\"https:\\\/\\\/www.food4animals.nl\\\/product\\\/zoneguard-6-mm-plus-afrasteringskoord-wit-200-m\\\/#primaryimage\",\"url\":\"https:\\\/\\\/www.food4animals.nl\\\/wp-content\\\/uploads\\\/2026\\\/01\\\/ZONE0085.png\",\"contentUrl\":\"https:\\\/\\\/www.food4animals.nl\\\/wp-content\\\/uploads\\\/2026\\\/01\\\/ZONE0085.png\",\"width\":980,\"height\":980},{\"@type\":\"BreadcrumbList\",\"@id\":\"https:\\\/\\\/www.food4animals.nl\\\/product\\\/zoneguard-6-mm-plus-afrasteringskoord-wit-200-m\\\/#breadcrumb\",\"itemListElement\":[{\"@type\":\"ListItem\",\"position\":1,\"name\":\"Home\",\"item\":\"https:\\\/\\\/www.food4animals.nl\\\/\"},{\"@type\":\"ListItem\",\"position\":2,\"name\":\"Winkel\",\"item\":\"https:\\\/\\\/www.food4animals.nl\\\/winkel\\\/\"},{\"@type\":\"ListItem\",\"position\":3,\"name\":\"ZoneGuard 6 mm Plus afrasteringskoord wit 200 m\"}]},{\"@type\":\"WebSite\",\"@id\":\"https:\\\/\\\/www.food4animals.nl\\\/en\\\/#website\",\"url\":\"https:\\\/\\\/www.food4animals.nl\\\/en\\\/\",\"name\":\"Food4animals\",\"description\":\"Alles voor Ruiter en Dier\",\"publisher\":{\"@id\":\"https:\\\/\\\/www.food4animals.nl\\\/en\\\/#organization\"},\"potentialAction\":[{\"@type\":\"SearchAction\",\"target\":{\"@type\":\"EntryPoint\",\"urlTemplate\":\"https:\\\/\\\/www.food4animals.nl\\\/en\\\/?s={search_term_string}\"},\"query-input\":{\"@type\":\"PropertyValueSpecification\",\"valueRequired\":true,\"valueName\":\"search_term_string\"}}],\"inLanguage\":\"de\"},{\"@type\":\"Organization\",\"@id\":\"https:\\\/\\\/www.food4animals.nl\\\/en\\\/#organization\",\"name\":\"Food4animals\",\"url\":\"https:\\\/\\\/www.food4animals.nl\\\/en\\\/\",\"logo\":{\"@type\":\"ImageObject\",\"inLanguage\":\"de\",\"@id\":\"https:\\\/\\\/www.food4animals.nl\\\/en\\\/#\\\/schema\\\/logo\\\/image\\\/\",\"url\":\"https:\\\/\\\/www.food4animals.nl\\\/wp-content\\\/uploads\\\/2023\\\/10\\\/Logo.svg\",\"contentUrl\":\"https:\\\/\\\/www.food4animals.nl\\\/wp-content\\\/uploads\\\/2023\\\/10\\\/Logo.svg\",\"width\":1,\"height\":1,\"caption\":\"Food4animals\"},\"image\":{\"@id\":\"https:\\\/\\\/www.food4animals.nl\\\/en\\\/#\\\/schema\\\/logo\\\/image\\\/\"},\"sameAs\":[\"https:\\\/\\\/www.facebook.com\\\/p\\\/Food4animals-100063861676074\\\/\",\"https:\\\/\\\/x.com\\\/food4animals\"]}]}<\/script>\n<!-- \/ Yoast SEO plugin. -->","yoast_head_json":{"title":"ZoneGuard 6 mm Plus afrasteringskoord wit 200 m - Food4animals","robots":{"index":"index","follow":"follow","max-snippet":"max-snippet:-1","max-image-preview":"max-image-preview:large","max-video-preview":"max-video-preview:-1"},"canonical":"https:\/\/www.food4animals.nl\/de\/produkt\/zoneguard-6-mm-plus-afrasteringskoord-wit-200-m\/","og_locale":"de_DE","og_type":"article","og_title":"ZoneGuard 6 mm Plus afrasteringskoord wit 200 m - Food4animals","og_description":"Bevat roestvrij stalen draden en lichtmetalen draden.","og_url":"https:\/\/www.food4animals.nl\/de\/produkt\/zoneguard-6-mm-plus-afrasteringskoord-wit-200-m\/","og_site_name":"Food4animals","article_publisher":"https:\/\/www.facebook.com\/p\/Food4animals-100063861676074\/","article_modified_time":"2026-05-09T00:56:57+00:00","og_image":[{"width":980,"height":980,"url":"https:\/\/www.food4animals.nl\/wp-content\/uploads\/2026\/01\/ZONE0085.png","type":"image\/png"}],"twitter_card":"summary_large_image","twitter_site":"@food4animals","twitter_misc":{"Gesch\u00e4tzte Lesezeit":"1\u00a0Minute"},"schema":{"@context":"https:\/\/schema.org","@graph":[{"@type":"WebPage","@id":"https:\/\/www.food4animals.nl\/product\/zoneguard-6-mm-plus-afrasteringskoord-wit-200-m\/","url":"https:\/\/www.food4animals.nl\/product\/zoneguard-6-mm-plus-afrasteringskoord-wit-200-m\/","name":"ZoneGuard 6 mm Plus afrasteringskoord wit 200 m - Food4animals","isPartOf":{"@id":"https:\/\/www.food4animals.nl\/en\/#website"},"primaryImageOfPage":{"@id":"https:\/\/www.food4animals.nl\/product\/zoneguard-6-mm-plus-afrasteringskoord-wit-200-m\/#primaryimage"},"image":{"@id":"https:\/\/www.food4animals.nl\/product\/zoneguard-6-mm-plus-afrasteringskoord-wit-200-m\/#primaryimage"},"thumbnailUrl":"https:\/\/www.food4animals.nl\/wp-content\/uploads\/2026\/01\/ZONE0085.png","datePublished":"2026-01-03T00:28:26+00:00","dateModified":"2026-05-09T00:56:57+00:00","breadcrumb":{"@id":"https:\/\/www.food4animals.nl\/product\/zoneguard-6-mm-plus-afrasteringskoord-wit-200-m\/#breadcrumb"},"inLanguage":"de","potentialAction":[{"@type":"ReadAction","target":["https:\/\/www.food4animals.nl\/product\/zoneguard-6-mm-plus-afrasteringskoord-wit-200-m\/"]}]},{"@type":"ImageObject","inLanguage":"de","@id":"https:\/\/www.food4animals.nl\/product\/zoneguard-6-mm-plus-afrasteringskoord-wit-200-m\/#primaryimage","url":"https:\/\/www.food4animals.nl\/wp-content\/uploads\/2026\/01\/ZONE0085.png","contentUrl":"https:\/\/www.food4animals.nl\/wp-content\/uploads\/2026\/01\/ZONE0085.png","width":980,"height":980},{"@type":"BreadcrumbList","@id":"https:\/\/www.food4animals.nl\/product\/zoneguard-6-mm-plus-afrasteringskoord-wit-200-m\/#breadcrumb","itemListElement":[{"@type":"ListItem","position":1,"name":"Home","item":"https:\/\/www.food4animals.nl\/"},{"@type":"ListItem","position":2,"name":"Winkel","item":"https:\/\/www.food4animals.nl\/winkel\/"},{"@type":"ListItem","position":3,"name":"ZoneGuard 6 mm Plus afrasteringskoord wit 200 m"}]},{"@type":"WebSite","@id":"https:\/\/www.food4animals.nl\/en\/#website","url":"https:\/\/www.food4animals.nl\/en\/","name":"Lebensmittel4Tiere","description":"Alles f\u00fcr Reiter und Tier","publisher":{"@id":"https:\/\/www.food4animals.nl\/en\/#organization"},"potentialAction":[{"@type":"SearchAction","target":{"@type":"EntryPoint","urlTemplate":"https:\/\/www.food4animals.nl\/en\/?s={search_term_string}"},"query-input":{"@type":"PropertyValueSpecification","valueRequired":true,"valueName":"search_term_string"}}],"inLanguage":"de"},{"@type":"Organization","@id":"https:\/\/www.food4animals.nl\/en\/#organization","name":"Lebensmittel4Tiere","url":"https:\/\/www.food4animals.nl\/en\/","logo":{"@type":"ImageObject","inLanguage":"de","@id":"https:\/\/www.food4animals.nl\/en\/#\/schema\/logo\/image\/","url":"https:\/\/www.food4animals.nl\/wp-content\/uploads\/2023\/10\/Logo.svg","contentUrl":"https:\/\/www.food4animals.nl\/wp-content\/uploads\/2023\/10\/Logo.svg","width":1,"height":1,"caption":"Food4animals"},"image":{"@id":"https:\/\/www.food4animals.nl\/en\/#\/schema\/logo\/image\/"},"sameAs":["https:\/\/www.facebook.com\/p\/Food4animals-100063861676074\/","https:\/\/x.com\/food4animals"]}]}},"_links":{"self":[{"href":"https:\/\/www.food4animals.nl\/de\/wp-json\/wp\/v2\/product\/43040","targetHints":{"allow":["GET"]}}],"collection":[{"href":"https:\/\/www.food4animals.nl\/de\/wp-json\/wp\/v2\/product"}],"about":[{"href":"https:\/\/www.food4animals.nl\/de\/wp-json\/wp\/v2\/types\/product"}],"wp:featuredmedia":[{"embeddable":true,"href":"https:\/\/www.food4animals.nl\/de\/wp-json\/wp\/v2\/media\/43041"}],"wp:attachment":[{"href":"https:\/\/www.food4animals.nl\/de\/wp-json\/wp\/v2\/media?parent=43040"}],"wp:term":[{"taxonomy":"product_brand","embeddable":true,"href":"https:\/\/www.food4animals.nl\/de\/wp-json\/wp\/v2\/product_brand?post=43040"},{"taxonomy":"product_cat","embeddable":true,"href":"https:\/\/www.food4animals.nl\/de\/wp-json\/wp\/v2\/product_cat?post=43040"},{"taxonomy":"product_tag","embeddable":true,"href":"https:\/\/www.food4animals.nl\/de\/wp-json\/wp\/v2\/product_tag?post=43040"}],"curies":[{"name":"wp","href":"https:\/\/api.w.org\/{rel}","templated":true}]}}