{"id":4358,"date":"2024-01-04T18:03:07","date_gmt":"2024-01-04T17:03:07","guid":{"rendered":"https:\/\/food4animals.nl\/product\/biozin-2\/"},"modified":"2026-04-20T01:02:26","modified_gmt":"2026-04-20T00:02:26","slug":"biozine-2","status":"publish","type":"product","link":"https:\/\/www.food4animals.nl\/de\/produkt\/biozine-2\/","title":{"rendered":"Biozin"},"content":{"rendered":"<p><span style=\"font-size: 10pt;\"><strong>F\u00f6rdert die Gesundheit der Hufe Ihres Pferdes.\u00a0<br \/>Biozin<\/strong> ist ein Erg\u00e4nzungsfuttermittel (Di\u00e4tfuttermittel) f\u00fcr Pferde zur Unterst\u00fctzung der Regeneration von Hufen, Fell und Haut.<\/span><br \/><span style=\"font-size: 10pt;\">\u00a0<\/span><br \/><span style=\"font-size: 10pt;\"><strong>Was macht Biozin?<\/strong><\/span><br \/><span style=\"font-size: 10pt;\">- <strong>Biozin<\/strong> unterst\u00fctzt die Struktur des Hufhorns und tr\u00e4gt zum richtigen Wachstum und zur Bildung des Hufs bei.<\/span><br \/><span style=\"font-size: 10pt;\">-\u00a0<strong>Biozin<\/strong> Unterst\u00fctzt auch die Erhaltung eines gl\u00e4nzenden Fells und einer gesunden Haut.<\/span><br \/><span style=\"font-size: 10pt;\">\u00a0<\/span><br \/><span style=\"font-size: 10pt;\"><strong>Biozin ist mit Apfelgeschmack angereichert und wird daher sehr gut aufgenommen.<\/strong><\/span><br \/><span style=\"font-size: 10pt;\">\u00a0<\/span><br \/><span style=\"font-size: 10pt;\"><strong>F\u00fctterungshinweise<br \/><\/strong><\/span><span style=\"font-size: 10pt;\"><em>Zur Unterst\u00fctzung der Regeneration von Hufen, F\u00fc\u00dfen und Haut f\u00fcr bis zu 8 Wochen:<\/em><\/span><br \/><span style=\"font-size: 10pt;\">Pferd &lt; 450 kg: 10 g pro Tag.<\/span><br \/><span style=\"font-size: 10pt;\">Pferde &gt; 450 kg: 15 g pro Tag.<\/span><\/p>\n<p><span style=\"font-size: 10pt;\"><em>Wartung:<\/em><\/span><br \/><span style=\"font-size: 10pt;\">Pferd &lt; 450 kg: 5 g pro Tag.<\/span><br \/><span style=\"font-size: 10pt;\">Pferde &gt; 450 kg: 10 g pro Tag.<\/span><\/p>\n<p><span style=\"font-size: 10pt;\"><strong>Inhalt<\/strong><\/span><br \/><span style=\"font-size: 10pt;\">BIOZ1000E - 1 kg<br \/>BIOZ2500E - 2,5 kg<\/span><br \/><span style=\"color: #ffffff; font-size: 10pt;\">Kraft<\/span><\/p>","protected":false},"excerpt":{"rendered":"<p>F\u00f6rdert die Gesundheit der Hufe, des Fells und der Haut Ihres Pferdes.\u00a0<\/p>","protected":false},"featured_media":1922,"template":"","meta":{"_acf_changed":false},"product_brand":[],"product_cat":[829,1316],"product_tag":[1320,883,843,1319],"class_list":{"0":"post-4358","1":"product","2":"type-product","3":"status-publish","4":"has-post-thumbnail","6":"product_cat-paard","7":"product_cat-supplementen-paard","8":"product_tag-biozin","9":"product_tag-excellent","10":"product_tag-paard","11":"product_tag-supplementen_emmer","12":"tax_brand-excellent","14":"first","15":"instock","16":"taxable","17":"shipping-taxable","18":"purchasable","19":"product-type-simple"},"acf":[],"yoast_head":"<!-- This site is optimized with the Yoast SEO plugin v27.4 - https:\/\/yoast.com\/product\/yoast-seo-wordpress\/ -->\n<title>Biozin - Food4animals<\/title>\n<meta name=\"robots\" content=\"index, follow, max-snippet:-1, max-image-preview:large, max-video-preview:-1\" \/>\n<link rel=\"canonical\" href=\"https:\/\/www.food4animals.nl\/de\/produkt\/biozine-2\/\" \/>\n<meta property=\"og:locale\" content=\"de_DE\" \/>\n<meta property=\"og:type\" content=\"article\" \/>\n<meta property=\"og:title\" content=\"Biozin - Food4animals\" \/>\n<meta property=\"og:description\" content=\"Bevordert de gezondheid van de hoeven van uw paard en vacht en huid.\u00a0\" \/>\n<meta property=\"og:url\" content=\"https:\/\/www.food4animals.nl\/de\/produkt\/biozine-2\/\" \/>\n<meta property=\"og:site_name\" content=\"Food4animals\" \/>\n<meta property=\"article:publisher\" content=\"https:\/\/www.facebook.com\/p\/Food4animals-100063861676074\/\" \/>\n<meta property=\"article:modified_time\" content=\"2026-04-20T00:02:26+00:00\" \/>\n<meta property=\"og:image\" content=\"https:\/\/www.food4animals.nl\/wp-content\/uploads\/2023\/10\/275411.png\" \/>\n\t<meta property=\"og:image:width\" content=\"980\" \/>\n\t<meta property=\"og:image:height\" content=\"980\" \/>\n\t<meta property=\"og:image:type\" content=\"image\/png\" \/>\n<meta name=\"twitter:card\" content=\"summary_large_image\" \/>\n<meta name=\"twitter:site\" content=\"@food4animals\" \/>\n<meta name=\"twitter:label1\" content=\"Gesch\u00e4tzte Lesezeit\" \/>\n\t<meta name=\"twitter:data1\" content=\"1\u00a0Minute\" \/>\n<script type=\"application\/ld+json\" class=\"yoast-schema-graph\">{\"@context\":\"https:\\\/\\\/schema.org\",\"@graph\":[{\"@type\":\"WebPage\",\"@id\":\"https:\\\/\\\/www.food4animals.nl\\\/product\\\/biozin-2\\\/\",\"url\":\"https:\\\/\\\/www.food4animals.nl\\\/product\\\/biozin-2\\\/\",\"name\":\"Biozin - Food4animals\",\"isPartOf\":{\"@id\":\"https:\\\/\\\/www.food4animals.nl\\\/en\\\/#website\"},\"primaryImageOfPage\":{\"@id\":\"https:\\\/\\\/www.food4animals.nl\\\/product\\\/biozin-2\\\/#primaryimage\"},\"image\":{\"@id\":\"https:\\\/\\\/www.food4animals.nl\\\/product\\\/biozin-2\\\/#primaryimage\"},\"thumbnailUrl\":\"https:\\\/\\\/www.food4animals.nl\\\/wp-content\\\/uploads\\\/2023\\\/10\\\/275411.png\",\"datePublished\":\"2024-01-04T17:03:07+00:00\",\"dateModified\":\"2026-04-20T00:02:26+00:00\",\"breadcrumb\":{\"@id\":\"https:\\\/\\\/www.food4animals.nl\\\/product\\\/biozin-2\\\/#breadcrumb\"},\"inLanguage\":\"de\",\"potentialAction\":[{\"@type\":\"ReadAction\",\"target\":[\"https:\\\/\\\/www.food4animals.nl\\\/product\\\/biozin-2\\\/\"]}]},{\"@type\":\"ImageObject\",\"inLanguage\":\"de\",\"@id\":\"https:\\\/\\\/www.food4animals.nl\\\/product\\\/biozin-2\\\/#primaryimage\",\"url\":\"https:\\\/\\\/www.food4animals.nl\\\/wp-content\\\/uploads\\\/2023\\\/10\\\/275411.png\",\"contentUrl\":\"https:\\\/\\\/www.food4animals.nl\\\/wp-content\\\/uploads\\\/2023\\\/10\\\/275411.png\",\"width\":980,\"height\":980},{\"@type\":\"BreadcrumbList\",\"@id\":\"https:\\\/\\\/www.food4animals.nl\\\/product\\\/biozin-2\\\/#breadcrumb\",\"itemListElement\":[{\"@type\":\"ListItem\",\"position\":1,\"name\":\"Home\",\"item\":\"https:\\\/\\\/www.food4animals.nl\\\/\"},{\"@type\":\"ListItem\",\"position\":2,\"name\":\"Winkel\",\"item\":\"https:\\\/\\\/www.food4animals.nl\\\/winkel\\\/\"},{\"@type\":\"ListItem\",\"position\":3,\"name\":\"Biozin\"}]},{\"@type\":\"WebSite\",\"@id\":\"https:\\\/\\\/www.food4animals.nl\\\/en\\\/#website\",\"url\":\"https:\\\/\\\/www.food4animals.nl\\\/en\\\/\",\"name\":\"Food4animals\",\"description\":\"Alles voor Ruiter en Dier\",\"publisher\":{\"@id\":\"https:\\\/\\\/www.food4animals.nl\\\/en\\\/#organization\"},\"potentialAction\":[{\"@type\":\"SearchAction\",\"target\":{\"@type\":\"EntryPoint\",\"urlTemplate\":\"https:\\\/\\\/www.food4animals.nl\\\/en\\\/?s={search_term_string}\"},\"query-input\":{\"@type\":\"PropertyValueSpecification\",\"valueRequired\":true,\"valueName\":\"search_term_string\"}}],\"inLanguage\":\"de\"},{\"@type\":\"Organization\",\"@id\":\"https:\\\/\\\/www.food4animals.nl\\\/en\\\/#organization\",\"name\":\"Food4animals\",\"url\":\"https:\\\/\\\/www.food4animals.nl\\\/en\\\/\",\"logo\":{\"@type\":\"ImageObject\",\"inLanguage\":\"de\",\"@id\":\"https:\\\/\\\/www.food4animals.nl\\\/en\\\/#\\\/schema\\\/logo\\\/image\\\/\",\"url\":\"https:\\\/\\\/www.food4animals.nl\\\/wp-content\\\/uploads\\\/2023\\\/10\\\/Logo.svg\",\"contentUrl\":\"https:\\\/\\\/www.food4animals.nl\\\/wp-content\\\/uploads\\\/2023\\\/10\\\/Logo.svg\",\"width\":1,\"height\":1,\"caption\":\"Food4animals\"},\"image\":{\"@id\":\"https:\\\/\\\/www.food4animals.nl\\\/en\\\/#\\\/schema\\\/logo\\\/image\\\/\"},\"sameAs\":[\"https:\\\/\\\/www.facebook.com\\\/p\\\/Food4animals-100063861676074\\\/\",\"https:\\\/\\\/x.com\\\/food4animals\"]}]}<\/script>\n<!-- \/ Yoast SEO plugin. -->","yoast_head_json":{"title":"Biozin - Lebensmittel4Tiere","robots":{"index":"index","follow":"follow","max-snippet":"max-snippet:-1","max-image-preview":"max-image-preview:large","max-video-preview":"max-video-preview:-1"},"canonical":"https:\/\/www.food4animals.nl\/de\/produkt\/biozine-2\/","og_locale":"de_DE","og_type":"article","og_title":"Biozin - Food4animals","og_description":"Bevordert de gezondheid van de hoeven van uw paard en vacht en huid.\u00a0","og_url":"https:\/\/www.food4animals.nl\/de\/produkt\/biozine-2\/","og_site_name":"Food4animals","article_publisher":"https:\/\/www.facebook.com\/p\/Food4animals-100063861676074\/","article_modified_time":"2026-04-20T00:02:26+00:00","og_image":[{"width":980,"height":980,"url":"https:\/\/www.food4animals.nl\/wp-content\/uploads\/2023\/10\/275411.png","type":"image\/png"}],"twitter_card":"summary_large_image","twitter_site":"@food4animals","twitter_misc":{"Gesch\u00e4tzte Lesezeit":"1\u00a0Minute"},"schema":{"@context":"https:\/\/schema.org","@graph":[{"@type":"WebPage","@id":"https:\/\/www.food4animals.nl\/product\/biozin-2\/","url":"https:\/\/www.food4animals.nl\/product\/biozin-2\/","name":"Biozin - Lebensmittel4Tiere","isPartOf":{"@id":"https:\/\/www.food4animals.nl\/en\/#website"},"primaryImageOfPage":{"@id":"https:\/\/www.food4animals.nl\/product\/biozin-2\/#primaryimage"},"image":{"@id":"https:\/\/www.food4animals.nl\/product\/biozin-2\/#primaryimage"},"thumbnailUrl":"https:\/\/www.food4animals.nl\/wp-content\/uploads\/2023\/10\/275411.png","datePublished":"2024-01-04T17:03:07+00:00","dateModified":"2026-04-20T00:02:26+00:00","breadcrumb":{"@id":"https:\/\/www.food4animals.nl\/product\/biozin-2\/#breadcrumb"},"inLanguage":"de","potentialAction":[{"@type":"ReadAction","target":["https:\/\/www.food4animals.nl\/product\/biozin-2\/"]}]},{"@type":"ImageObject","inLanguage":"de","@id":"https:\/\/www.food4animals.nl\/product\/biozin-2\/#primaryimage","url":"https:\/\/www.food4animals.nl\/wp-content\/uploads\/2023\/10\/275411.png","contentUrl":"https:\/\/www.food4animals.nl\/wp-content\/uploads\/2023\/10\/275411.png","width":980,"height":980},{"@type":"BreadcrumbList","@id":"https:\/\/www.food4animals.nl\/product\/biozin-2\/#breadcrumb","itemListElement":[{"@type":"ListItem","position":1,"name":"Home","item":"https:\/\/www.food4animals.nl\/"},{"@type":"ListItem","position":2,"name":"Winkel","item":"https:\/\/www.food4animals.nl\/winkel\/"},{"@type":"ListItem","position":3,"name":"Biozin"}]},{"@type":"WebSite","@id":"https:\/\/www.food4animals.nl\/en\/#website","url":"https:\/\/www.food4animals.nl\/en\/","name":"Lebensmittel4Tiere","description":"Alles f\u00fcr Reiter und Tier","publisher":{"@id":"https:\/\/www.food4animals.nl\/en\/#organization"},"potentialAction":[{"@type":"SearchAction","target":{"@type":"EntryPoint","urlTemplate":"https:\/\/www.food4animals.nl\/en\/?s={search_term_string}"},"query-input":{"@type":"PropertyValueSpecification","valueRequired":true,"valueName":"search_term_string"}}],"inLanguage":"de"},{"@type":"Organization","@id":"https:\/\/www.food4animals.nl\/en\/#organization","name":"Lebensmittel4Tiere","url":"https:\/\/www.food4animals.nl\/en\/","logo":{"@type":"ImageObject","inLanguage":"de","@id":"https:\/\/www.food4animals.nl\/en\/#\/schema\/logo\/image\/","url":"https:\/\/www.food4animals.nl\/wp-content\/uploads\/2023\/10\/Logo.svg","contentUrl":"https:\/\/www.food4animals.nl\/wp-content\/uploads\/2023\/10\/Logo.svg","width":1,"height":1,"caption":"Food4animals"},"image":{"@id":"https:\/\/www.food4animals.nl\/en\/#\/schema\/logo\/image\/"},"sameAs":["https:\/\/www.facebook.com\/p\/Food4animals-100063861676074\/","https:\/\/x.com\/food4animals"]}]}},"_links":{"self":[{"href":"https:\/\/www.food4animals.nl\/de\/wp-json\/wp\/v2\/product\/4358","targetHints":{"allow":["GET"]}}],"collection":[{"href":"https:\/\/www.food4animals.nl\/de\/wp-json\/wp\/v2\/product"}],"about":[{"href":"https:\/\/www.food4animals.nl\/de\/wp-json\/wp\/v2\/types\/product"}],"wp:featuredmedia":[{"embeddable":true,"href":"https:\/\/www.food4animals.nl\/de\/wp-json\/wp\/v2\/media\/1922"}],"wp:attachment":[{"href":"https:\/\/www.food4animals.nl\/de\/wp-json\/wp\/v2\/media?parent=4358"}],"wp:term":[{"taxonomy":"product_brand","embeddable":true,"href":"https:\/\/www.food4animals.nl\/de\/wp-json\/wp\/v2\/product_brand?post=4358"},{"taxonomy":"product_cat","embeddable":true,"href":"https:\/\/www.food4animals.nl\/de\/wp-json\/wp\/v2\/product_cat?post=4358"},{"taxonomy":"product_tag","embeddable":true,"href":"https:\/\/www.food4animals.nl\/de\/wp-json\/wp\/v2\/product_tag?post=4358"}],"curies":[{"name":"wp","href":"https:\/\/api.w.org\/{rel}","templated":true}]}}