{"id":4379,"date":"2024-01-04T18:12:33","date_gmt":"2024-01-04T17:12:33","guid":{"rendered":"https:\/\/food4animals.nl\/product\/bird-free\/"},"modified":"2026-04-12T01:04:23","modified_gmt":"2026-04-12T00:04:23","slug":"vogelfrei","status":"publish","type":"product","link":"https:\/\/www.food4animals.nl\/de\/produkt\/vogelfrei\/","title":{"rendered":"Vogelfrei"},"content":{"rendered":"<h2><span style=\"font-size: 10pt;\"><strong>Vogelfrei<\/strong><\/span><\/h2>\n<p><span style=\"font-size: 10pt;\">Gebrauchsfertige Plastikschalen mit speziellem Gel, das V\u00f6gel fernh\u00e4lt.<\/span><\/p>\n<p><span style=\"font-size: 10pt;\">Das spezielle Gel erzeugt UV-Licht, das von den V\u00f6geln als Feuer wahrgenommen wird, einem nat\u00fcrlichen Feind. Unmittelbar nach der Anbringung wird das UV-Licht sichtbar. Auch die verwendeten Inhaltsstoffe haben durch Geruch und Geschmack eine abschreckende Wirkung.<\/span><\/p>\n<p><span style=\"font-size: 10pt;\">Mit einem Durchmesser von 65 mm und einer geringen H\u00f6he von 8 mm lassen sich die Wannen sehr unauff\u00e4llig an Geb\u00e4uden anbringen.<\/span><\/p>\n<p><span style=\"font-size: 10pt;\">Kleben Sie die L\u00f6ffel mit Silikonkleber auf eine saubere Oberfl\u00e4che. Aufgrund der Struktur des Gels k\u00f6nnen die L\u00f6ffel auch auf schr\u00e4gen Fl\u00e4chen verwendet werden.<br \/>Einmal aufgetragen, bleibt Bird Free viele Jahre lang wirksam, sofern eine Verunreinigung durch Bl\u00e4tter, Staub usw. vermieden wird.\u00a0\u00a0<\/span><\/p>\n<p><span style=\"font-size: 10pt;\"><strong>Anweisungen zum Einbau<br \/><\/strong><\/span><span style=\"font-size: 10pt;\"><u>Tauben:\u00a0<br \/><\/u><\/span><span style=\"font-size: 10pt;\">Starke Bel\u00e4stigung (Nisten) - Schalen im Abstand von 15 cm aufstellen.<br \/><\/span><span style=\"font-size: 10pt;\">Mittlere Bel\u00e4stigung (\u00fcber Nacht) - Schalen im Abstand von 20 cm aufstellen.<br \/><\/span><span style=\"font-size: 10pt;\">Geringf\u00fcgige Bel\u00e4stigung (t\u00e4glicher Ruheplatz) - Schalen im Abstand von 25 cm aufstellen.<\/span><\/p>\n<p><span style=\"font-size: 10pt;\"><u>Spatzen:<br \/><\/u><\/span><span style=\"font-size: 10pt;\">Stellen Sie die Schalen in einem Abstand von 15 cm auf.<\/span><\/p>\n<p><span style=\"font-size: 10pt;\"><u>Stare:<br \/><\/u><\/span><span style=\"font-size: 10pt;\">Stellen Sie die Schalen mit einem Abstand von 20 cm auf.<br \/><\/span><span style=\"font-size: 10pt;\">Zum Verschachteln: Die Schalen im Abstand von 15 cm aufstellen<\/span><\/p>\n<p><span style=\"font-size: 10pt;\"><u>Kauen und Kr\u00e4hen:<br \/><\/u><\/span><span style=\"font-size: 10pt;\">Stellen Sie die Schalen in einem Abstand von 25 cm auf.<br \/><\/span><span style=\"font-size: 10pt;\">Zum Verschachteln: Die Schalen im Abstand von 15 cm aufstellen<\/span><\/p>\n<p><span style=\"font-size: 10pt;\"><strong>Vorteile<\/strong><\/span><\/p>\n<ul>\n<li><span style=\"font-size: 10pt;\">Vorgefertigt<\/span><\/li>\n<li><span style=\"font-size: 10pt;\">Wirksam<\/span><\/li>\n<li><span style=\"font-size: 10pt;\">Diskret<\/span><\/li>\n<li><span style=\"font-size: 10pt;\">Schnelle Installation<\/span><\/li>\n<\/ul>\n<p><span style=\"font-size: 10pt;\"><strong>Verpackung<\/strong><\/span><br \/><span style=\"font-size: 10pt;\">Schachtel mit 15 Tabletts<\/span><\/p>","protected":false},"excerpt":{"rendered":"<p>Plastikschalen mit speziellem Gel, um V\u00f6gel fernzuhalten.<\/p>","protected":false},"featured_media":1986,"template":"","meta":{"_acf_changed":false},"product_brand":[],"product_cat":[1196,1197],"product_tag":[1345,1148],"class_list":{"0":"post-4379","1":"product","2":"type-product","3":"status-publish","4":"has-post-thumbnail","6":"product_cat-ongedierte","7":"product_cat-vogel","8":"product_tag-birdfree","9":"product_tag-pluimvee-vogels","10":"tax_brand-birdfree","12":"first","13":"instock","14":"taxable","15":"shipping-taxable","16":"purchasable","17":"product-type-simple"},"acf":[],"yoast_head":"<!-- This site is optimized with the Yoast SEO plugin v27.2 - https:\/\/yoast.com\/product\/yoast-seo-wordpress\/ -->\n<title>Bird Free - Food4animals<\/title>\n<meta name=\"robots\" content=\"index, follow, max-snippet:-1, max-image-preview:large, max-video-preview:-1\" \/>\n<link rel=\"canonical\" href=\"https:\/\/www.food4animals.nl\/de\/produkt\/vogelfrei\/\" \/>\n<meta property=\"og:locale\" content=\"de_DE\" \/>\n<meta property=\"og:type\" content=\"article\" \/>\n<meta property=\"og:title\" content=\"Bird Free - Food4animals\" \/>\n<meta property=\"og:description\" content=\"Kunststof schaaltjes met speciale gel om vogels weg te houden.\" \/>\n<meta property=\"og:url\" content=\"https:\/\/www.food4animals.nl\/de\/produkt\/vogelfrei\/\" \/>\n<meta property=\"og:site_name\" content=\"Food4animals\" \/>\n<meta property=\"article:publisher\" content=\"https:\/\/www.facebook.com\/p\/Food4animals-100063861676074\/\" \/>\n<meta property=\"article:modified_time\" content=\"2026-04-12T00:04:23+00:00\" \/>\n<meta property=\"og:image\" content=\"https:\/\/www.food4animals.nl\/wp-content\/uploads\/2023\/10\/277031.png\" \/>\n\t<meta property=\"og:image:width\" content=\"980\" \/>\n\t<meta property=\"og:image:height\" content=\"980\" \/>\n\t<meta property=\"og:image:type\" content=\"image\/png\" \/>\n<meta name=\"twitter:card\" content=\"summary_large_image\" \/>\n<meta name=\"twitter:site\" content=\"@food4animals\" \/>\n<meta name=\"twitter:label1\" content=\"Gesch\u00e4tzte Lesezeit\" \/>\n\t<meta name=\"twitter:data1\" content=\"1\u00a0Minute\" \/>\n<script type=\"application\/ld+json\" class=\"yoast-schema-graph\">{\"@context\":\"https:\/\/schema.org\",\"@graph\":[{\"@type\":\"WebPage\",\"@id\":\"https:\/\/www.food4animals.nl\/product\/bird-free\/\",\"url\":\"https:\/\/www.food4animals.nl\/product\/bird-free\/\",\"name\":\"Bird Free - Food4animals\",\"isPartOf\":{\"@id\":\"https:\/\/www.food4animals.nl\/en\/#website\"},\"primaryImageOfPage\":{\"@id\":\"https:\/\/www.food4animals.nl\/product\/bird-free\/#primaryimage\"},\"image\":{\"@id\":\"https:\/\/www.food4animals.nl\/product\/bird-free\/#primaryimage\"},\"thumbnailUrl\":\"https:\/\/www.food4animals.nl\/wp-content\/uploads\/2023\/10\/277031.png\",\"datePublished\":\"2024-01-04T17:12:33+00:00\",\"dateModified\":\"2026-04-12T00:04:23+00:00\",\"breadcrumb\":{\"@id\":\"https:\/\/www.food4animals.nl\/product\/bird-free\/#breadcrumb\"},\"inLanguage\":\"de\",\"potentialAction\":[{\"@type\":\"ReadAction\",\"target\":[\"https:\/\/www.food4animals.nl\/product\/bird-free\/\"]}]},{\"@type\":\"ImageObject\",\"inLanguage\":\"de\",\"@id\":\"https:\/\/www.food4animals.nl\/product\/bird-free\/#primaryimage\",\"url\":\"https:\/\/www.food4animals.nl\/wp-content\/uploads\/2023\/10\/277031.png\",\"contentUrl\":\"https:\/\/www.food4animals.nl\/wp-content\/uploads\/2023\/10\/277031.png\",\"width\":980,\"height\":980},{\"@type\":\"BreadcrumbList\",\"@id\":\"https:\/\/www.food4animals.nl\/product\/bird-free\/#breadcrumb\",\"itemListElement\":[{\"@type\":\"ListItem\",\"position\":1,\"name\":\"Home\",\"item\":\"https:\/\/www.food4animals.nl\/\"},{\"@type\":\"ListItem\",\"position\":2,\"name\":\"Winkel\",\"item\":\"https:\/\/www.food4animals.nl\/winkel\/\"},{\"@type\":\"ListItem\",\"position\":3,\"name\":\"Bird Free\"}]},{\"@type\":\"WebSite\",\"@id\":\"https:\/\/www.food4animals.nl\/en\/#website\",\"url\":\"https:\/\/www.food4animals.nl\/en\/\",\"name\":\"Food4animals\",\"description\":\"Alles voor Ruiter en Dier\",\"publisher\":{\"@id\":\"https:\/\/www.food4animals.nl\/en\/#organization\"},\"potentialAction\":[{\"@type\":\"SearchAction\",\"target\":{\"@type\":\"EntryPoint\",\"urlTemplate\":\"https:\/\/www.food4animals.nl\/en\/?s={search_term_string}\"},\"query-input\":{\"@type\":\"PropertyValueSpecification\",\"valueRequired\":true,\"valueName\":\"search_term_string\"}}],\"inLanguage\":\"de\"},{\"@type\":\"Organization\",\"@id\":\"https:\/\/www.food4animals.nl\/en\/#organization\",\"name\":\"Food4animals\",\"url\":\"https:\/\/www.food4animals.nl\/en\/\",\"logo\":{\"@type\":\"ImageObject\",\"inLanguage\":\"de\",\"@id\":\"https:\/\/www.food4animals.nl\/en\/#\/schema\/logo\/image\/\",\"url\":\"https:\/\/www.food4animals.nl\/wp-content\/uploads\/2023\/10\/Logo.svg\",\"contentUrl\":\"https:\/\/www.food4animals.nl\/wp-content\/uploads\/2023\/10\/Logo.svg\",\"width\":1,\"height\":1,\"caption\":\"Food4animals\"},\"image\":{\"@id\":\"https:\/\/www.food4animals.nl\/en\/#\/schema\/logo\/image\/\"},\"sameAs\":[\"https:\/\/www.facebook.com\/p\/Food4animals-100063861676074\/\",\"https:\/\/x.com\/food4animals\"]}]}<\/script>\n<!-- \/ Yoast SEO plugin. -->","yoast_head_json":{"title":"Vogelfrei - Food4animals","robots":{"index":"index","follow":"follow","max-snippet":"max-snippet:-1","max-image-preview":"max-image-preview:large","max-video-preview":"max-video-preview:-1"},"canonical":"https:\/\/www.food4animals.nl\/de\/produkt\/vogelfrei\/","og_locale":"de_DE","og_type":"article","og_title":"Bird Free - Food4animals","og_description":"Kunststof schaaltjes met speciale gel om vogels weg te houden.","og_url":"https:\/\/www.food4animals.nl\/de\/produkt\/vogelfrei\/","og_site_name":"Food4animals","article_publisher":"https:\/\/www.facebook.com\/p\/Food4animals-100063861676074\/","article_modified_time":"2026-04-12T00:04:23+00:00","og_image":[{"width":980,"height":980,"url":"https:\/\/www.food4animals.nl\/wp-content\/uploads\/2023\/10\/277031.png","type":"image\/png"}],"twitter_card":"summary_large_image","twitter_site":"@food4animals","twitter_misc":{"Gesch\u00e4tzte Lesezeit":"1\u00a0Minute"},"schema":{"@context":"https:\/\/schema.org","@graph":[{"@type":"WebPage","@id":"https:\/\/www.food4animals.nl\/product\/bird-free\/","url":"https:\/\/www.food4animals.nl\/product\/bird-free\/","name":"Vogelfrei - Food4animals","isPartOf":{"@id":"https:\/\/www.food4animals.nl\/en\/#website"},"primaryImageOfPage":{"@id":"https:\/\/www.food4animals.nl\/product\/bird-free\/#primaryimage"},"image":{"@id":"https:\/\/www.food4animals.nl\/product\/bird-free\/#primaryimage"},"thumbnailUrl":"https:\/\/www.food4animals.nl\/wp-content\/uploads\/2023\/10\/277031.png","datePublished":"2024-01-04T17:12:33+00:00","dateModified":"2026-04-12T00:04:23+00:00","breadcrumb":{"@id":"https:\/\/www.food4animals.nl\/product\/bird-free\/#breadcrumb"},"inLanguage":"de","potentialAction":[{"@type":"ReadAction","target":["https:\/\/www.food4animals.nl\/product\/bird-free\/"]}]},{"@type":"ImageObject","inLanguage":"de","@id":"https:\/\/www.food4animals.nl\/product\/bird-free\/#primaryimage","url":"https:\/\/www.food4animals.nl\/wp-content\/uploads\/2023\/10\/277031.png","contentUrl":"https:\/\/www.food4animals.nl\/wp-content\/uploads\/2023\/10\/277031.png","width":980,"height":980},{"@type":"BreadcrumbList","@id":"https:\/\/www.food4animals.nl\/product\/bird-free\/#breadcrumb","itemListElement":[{"@type":"ListItem","position":1,"name":"Home","item":"https:\/\/www.food4animals.nl\/"},{"@type":"ListItem","position":2,"name":"Winkel","item":"https:\/\/www.food4animals.nl\/winkel\/"},{"@type":"ListItem","position":3,"name":"Bird Free"}]},{"@type":"WebSite","@id":"https:\/\/www.food4animals.nl\/en\/#website","url":"https:\/\/www.food4animals.nl\/en\/","name":"Lebensmittel4Tiere","description":"Alles f\u00fcr Reiter und Tier","publisher":{"@id":"https:\/\/www.food4animals.nl\/en\/#organization"},"potentialAction":[{"@type":"SearchAction","target":{"@type":"EntryPoint","urlTemplate":"https:\/\/www.food4animals.nl\/en\/?s={search_term_string}"},"query-input":{"@type":"PropertyValueSpecification","valueRequired":true,"valueName":"search_term_string"}}],"inLanguage":"de"},{"@type":"Organization","@id":"https:\/\/www.food4animals.nl\/en\/#organization","name":"Lebensmittel4Tiere","url":"https:\/\/www.food4animals.nl\/en\/","logo":{"@type":"ImageObject","inLanguage":"de","@id":"https:\/\/www.food4animals.nl\/en\/#\/schema\/logo\/image\/","url":"https:\/\/www.food4animals.nl\/wp-content\/uploads\/2023\/10\/Logo.svg","contentUrl":"https:\/\/www.food4animals.nl\/wp-content\/uploads\/2023\/10\/Logo.svg","width":1,"height":1,"caption":"Food4animals"},"image":{"@id":"https:\/\/www.food4animals.nl\/en\/#\/schema\/logo\/image\/"},"sameAs":["https:\/\/www.facebook.com\/p\/Food4animals-100063861676074\/","https:\/\/x.com\/food4animals"]}]}},"_links":{"self":[{"href":"https:\/\/www.food4animals.nl\/de\/wp-json\/wp\/v2\/product\/4379","targetHints":{"allow":["GET"]}}],"collection":[{"href":"https:\/\/www.food4animals.nl\/de\/wp-json\/wp\/v2\/product"}],"about":[{"href":"https:\/\/www.food4animals.nl\/de\/wp-json\/wp\/v2\/types\/product"}],"wp:featuredmedia":[{"embeddable":true,"href":"https:\/\/www.food4animals.nl\/de\/wp-json\/wp\/v2\/media\/1986"}],"wp:attachment":[{"href":"https:\/\/www.food4animals.nl\/de\/wp-json\/wp\/v2\/media?parent=4379"}],"wp:term":[{"taxonomy":"product_brand","embeddable":true,"href":"https:\/\/www.food4animals.nl\/de\/wp-json\/wp\/v2\/product_brand?post=4379"},{"taxonomy":"product_cat","embeddable":true,"href":"https:\/\/www.food4animals.nl\/de\/wp-json\/wp\/v2\/product_cat?post=4379"},{"taxonomy":"product_tag","embeddable":true,"href":"https:\/\/www.food4animals.nl\/de\/wp-json\/wp\/v2\/product_tag?post=4379"}],"curies":[{"name":"wp","href":"https:\/\/api.w.org\/{rel}","templated":true}]}}