{"id":4412,"date":"2024-01-04T18:23:53","date_gmt":"2024-01-04T17:23:53","guid":{"rendered":"https:\/\/food4animals.nl\/product\/birrdeeez-papegaai-speelgoed-rondhout-zaad-big\/"},"modified":"2026-01-16T02:02:39","modified_gmt":"2026-01-16T01:02:39","slug":"birrdeeez-papegaai-speelgoed-rondhout-zaad-big","status":"publish","type":"product","link":"https:\/\/www.food4animals.nl\/de\/produkt\/birrdeeez-papegaai-speelgoed-rondhout-zaad-big\/","title":{"rendered":"Birrdeeez Papageienspielzeug Rundholz\/Saatgut Gro\u00df"},"content":{"rendered":"<h2><span style=\"font-size: 10pt;\"><strong>Klim- en speeltouw<\/strong><\/span><\/h2>\n<p><span style=\"font-size: 10pt;\">Draagt bij aan het onderhoud van de pootjes en snavel van uw vogel. Makkelijk te monteren met behulp van het karabijnhaakje. Bevat luffa, rondjes met zandstructuur, gekleurd hout en een leuke bel aan de onderzijde voor extra speelplezier.<\/p>\n<p>Birrdeeez-Spielzeug wird unter anderem aus Sekelbos-Holz aus S\u00fcdafrika hergestellt.<br \/>Sekelbos Holz ist biologisch abbaubar und f\u00f6rdert die Darmt\u00e4tigkeit Ihres Tieres!<br \/>Selekbos erh\u00f6ht die Widerstandskraft Ihres Tieres und ist daher das gesunde Spielzeug f\u00fcr V\u00f6gel.<strong><br \/>\u00a0<br \/>Format<\/strong><\/span><br \/><span style=\"font-size: 10pt;\">26 cm<\/span><br \/><span style=\"font-size: 10pt;\">\u00a0<\/span><br \/><span style=\"font-size: 10pt;\"><strong>Zieltier<\/strong><\/span><br \/><span style=\"font-size: 10pt;\">Papegaaien<\/span><\/p>","protected":false},"excerpt":{"rendered":"<p>Draagt bij aan het onderhoud van de pootjes en snavel van uw vogel.<\/p>","protected":false},"featured_media":2099,"template":"","meta":{"_acf_changed":false},"product_brand":[],"product_cat":[1342,1344],"product_tag":[1351,1148],"class_list":{"0":"post-4412","1":"product","2":"type-product","3":"status-publish","4":"has-post-thumbnail","6":"product_cat-gevogelte","7":"product_cat-spelen","8":"product_tag-birrdeeez","9":"product_tag-pluimvee-vogels","10":"tax_brand-birrdeeez","12":"first","13":"outofstock","14":"taxable","15":"shipping-taxable","16":"purchasable","17":"product-type-simple"},"acf":[],"yoast_head":"<!-- This site is optimized with the Yoast SEO plugin v27.2 - https:\/\/yoast.com\/product\/yoast-seo-wordpress\/ -->\n<title>Birrdeeez Papegaai speelgoed rondhout\/zaad Big - Food4animals<\/title>\n<meta name=\"robots\" content=\"index, follow, max-snippet:-1, max-image-preview:large, max-video-preview:-1\" \/>\n<link rel=\"canonical\" href=\"https:\/\/www.food4animals.nl\/de\/produkt\/birrdeeez-papegaai-speelgoed-rondhout-zaad-big\/\" \/>\n<meta property=\"og:locale\" content=\"de_DE\" \/>\n<meta property=\"og:type\" content=\"article\" \/>\n<meta property=\"og:title\" content=\"Birrdeeez Papegaai speelgoed rondhout\/zaad Big - Food4animals\" \/>\n<meta property=\"og:description\" content=\"Draagt bij aan het onderhoud van de pootjes en snavel van uw vogel.\" \/>\n<meta property=\"og:url\" content=\"https:\/\/www.food4animals.nl\/de\/produkt\/birrdeeez-papegaai-speelgoed-rondhout-zaad-big\/\" \/>\n<meta property=\"og:site_name\" content=\"Food4animals\" \/>\n<meta property=\"article:publisher\" content=\"https:\/\/www.facebook.com\/p\/Food4animals-100063861676074\/\" \/>\n<meta property=\"article:modified_time\" content=\"2026-01-16T01:02:39+00:00\" \/>\n<meta property=\"og:image\" content=\"https:\/\/www.food4animals.nl\/wp-content\/uploads\/2023\/10\/269916.png\" \/>\n\t<meta property=\"og:image:width\" content=\"1600\" \/>\n\t<meta property=\"og:image:height\" content=\"1066\" \/>\n\t<meta property=\"og:image:type\" content=\"image\/png\" \/>\n<meta name=\"twitter:card\" content=\"summary_large_image\" \/>\n<meta name=\"twitter:site\" content=\"@food4animals\" \/>\n<script type=\"application\/ld+json\" class=\"yoast-schema-graph\">{\"@context\":\"https:\/\/schema.org\",\"@graph\":[{\"@type\":\"WebPage\",\"@id\":\"https:\/\/www.food4animals.nl\/product\/birrdeeez-papegaai-speelgoed-rondhout-zaad-big\/\",\"url\":\"https:\/\/www.food4animals.nl\/product\/birrdeeez-papegaai-speelgoed-rondhout-zaad-big\/\",\"name\":\"Birrdeeez Papegaai speelgoed rondhout\/zaad Big - Food4animals\",\"isPartOf\":{\"@id\":\"https:\/\/www.food4animals.nl\/en\/#website\"},\"primaryImageOfPage\":{\"@id\":\"https:\/\/www.food4animals.nl\/product\/birrdeeez-papegaai-speelgoed-rondhout-zaad-big\/#primaryimage\"},\"image\":{\"@id\":\"https:\/\/www.food4animals.nl\/product\/birrdeeez-papegaai-speelgoed-rondhout-zaad-big\/#primaryimage\"},\"thumbnailUrl\":\"https:\/\/www.food4animals.nl\/wp-content\/uploads\/2023\/10\/269916.png\",\"datePublished\":\"2024-01-04T17:23:53+00:00\",\"dateModified\":\"2026-01-16T01:02:39+00:00\",\"breadcrumb\":{\"@id\":\"https:\/\/www.food4animals.nl\/product\/birrdeeez-papegaai-speelgoed-rondhout-zaad-big\/#breadcrumb\"},\"inLanguage\":\"de\",\"potentialAction\":[{\"@type\":\"ReadAction\",\"target\":[\"https:\/\/www.food4animals.nl\/product\/birrdeeez-papegaai-speelgoed-rondhout-zaad-big\/\"]}]},{\"@type\":\"ImageObject\",\"inLanguage\":\"de\",\"@id\":\"https:\/\/www.food4animals.nl\/product\/birrdeeez-papegaai-speelgoed-rondhout-zaad-big\/#primaryimage\",\"url\":\"https:\/\/www.food4animals.nl\/wp-content\/uploads\/2023\/10\/269916.png\",\"contentUrl\":\"https:\/\/www.food4animals.nl\/wp-content\/uploads\/2023\/10\/269916.png\",\"width\":1600,\"height\":1066},{\"@type\":\"BreadcrumbList\",\"@id\":\"https:\/\/www.food4animals.nl\/product\/birrdeeez-papegaai-speelgoed-rondhout-zaad-big\/#breadcrumb\",\"itemListElement\":[{\"@type\":\"ListItem\",\"position\":1,\"name\":\"Home\",\"item\":\"https:\/\/www.food4animals.nl\/\"},{\"@type\":\"ListItem\",\"position\":2,\"name\":\"Winkel\",\"item\":\"https:\/\/www.food4animals.nl\/winkel\/\"},{\"@type\":\"ListItem\",\"position\":3,\"name\":\"Birrdeeez Papegaai speelgoed rondhout\/zaad Big\"}]},{\"@type\":\"WebSite\",\"@id\":\"https:\/\/www.food4animals.nl\/en\/#website\",\"url\":\"https:\/\/www.food4animals.nl\/en\/\",\"name\":\"Food4animals\",\"description\":\"Alles voor Ruiter en Dier\",\"publisher\":{\"@id\":\"https:\/\/www.food4animals.nl\/en\/#organization\"},\"potentialAction\":[{\"@type\":\"SearchAction\",\"target\":{\"@type\":\"EntryPoint\",\"urlTemplate\":\"https:\/\/www.food4animals.nl\/en\/?s={search_term_string}\"},\"query-input\":{\"@type\":\"PropertyValueSpecification\",\"valueRequired\":true,\"valueName\":\"search_term_string\"}}],\"inLanguage\":\"de\"},{\"@type\":\"Organization\",\"@id\":\"https:\/\/www.food4animals.nl\/en\/#organization\",\"name\":\"Food4animals\",\"url\":\"https:\/\/www.food4animals.nl\/en\/\",\"logo\":{\"@type\":\"ImageObject\",\"inLanguage\":\"de\",\"@id\":\"https:\/\/www.food4animals.nl\/en\/#\/schema\/logo\/image\/\",\"url\":\"https:\/\/www.food4animals.nl\/wp-content\/uploads\/2023\/10\/Logo.svg\",\"contentUrl\":\"https:\/\/www.food4animals.nl\/wp-content\/uploads\/2023\/10\/Logo.svg\",\"width\":1,\"height\":1,\"caption\":\"Food4animals\"},\"image\":{\"@id\":\"https:\/\/www.food4animals.nl\/en\/#\/schema\/logo\/image\/\"},\"sameAs\":[\"https:\/\/www.facebook.com\/p\/Food4animals-100063861676074\/\",\"https:\/\/x.com\/food4animals\"]}]}<\/script>\n<!-- \/ Yoast SEO plugin. -->","yoast_head_json":{"title":"Birrdeeez Papegaai speelgoed rondhout\/zaad Big - Food4animals","robots":{"index":"index","follow":"follow","max-snippet":"max-snippet:-1","max-image-preview":"max-image-preview:large","max-video-preview":"max-video-preview:-1"},"canonical":"https:\/\/www.food4animals.nl\/de\/produkt\/birrdeeez-papegaai-speelgoed-rondhout-zaad-big\/","og_locale":"de_DE","og_type":"article","og_title":"Birrdeeez Papegaai speelgoed rondhout\/zaad Big - Food4animals","og_description":"Draagt bij aan het onderhoud van de pootjes en snavel van uw vogel.","og_url":"https:\/\/www.food4animals.nl\/de\/produkt\/birrdeeez-papegaai-speelgoed-rondhout-zaad-big\/","og_site_name":"Food4animals","article_publisher":"https:\/\/www.facebook.com\/p\/Food4animals-100063861676074\/","article_modified_time":"2026-01-16T01:02:39+00:00","og_image":[{"width":1600,"height":1066,"url":"https:\/\/www.food4animals.nl\/wp-content\/uploads\/2023\/10\/269916.png","type":"image\/png"}],"twitter_card":"summary_large_image","twitter_site":"@food4animals","schema":{"@context":"https:\/\/schema.org","@graph":[{"@type":"WebPage","@id":"https:\/\/www.food4animals.nl\/product\/birrdeeez-papegaai-speelgoed-rondhout-zaad-big\/","url":"https:\/\/www.food4animals.nl\/product\/birrdeeez-papegaai-speelgoed-rondhout-zaad-big\/","name":"Birrdeeez Papegaai speelgoed rondhout\/zaad Big - Food4animals","isPartOf":{"@id":"https:\/\/www.food4animals.nl\/en\/#website"},"primaryImageOfPage":{"@id":"https:\/\/www.food4animals.nl\/product\/birrdeeez-papegaai-speelgoed-rondhout-zaad-big\/#primaryimage"},"image":{"@id":"https:\/\/www.food4animals.nl\/product\/birrdeeez-papegaai-speelgoed-rondhout-zaad-big\/#primaryimage"},"thumbnailUrl":"https:\/\/www.food4animals.nl\/wp-content\/uploads\/2023\/10\/269916.png","datePublished":"2024-01-04T17:23:53+00:00","dateModified":"2026-01-16T01:02:39+00:00","breadcrumb":{"@id":"https:\/\/www.food4animals.nl\/product\/birrdeeez-papegaai-speelgoed-rondhout-zaad-big\/#breadcrumb"},"inLanguage":"de","potentialAction":[{"@type":"ReadAction","target":["https:\/\/www.food4animals.nl\/product\/birrdeeez-papegaai-speelgoed-rondhout-zaad-big\/"]}]},{"@type":"ImageObject","inLanguage":"de","@id":"https:\/\/www.food4animals.nl\/product\/birrdeeez-papegaai-speelgoed-rondhout-zaad-big\/#primaryimage","url":"https:\/\/www.food4animals.nl\/wp-content\/uploads\/2023\/10\/269916.png","contentUrl":"https:\/\/www.food4animals.nl\/wp-content\/uploads\/2023\/10\/269916.png","width":1600,"height":1066},{"@type":"BreadcrumbList","@id":"https:\/\/www.food4animals.nl\/product\/birrdeeez-papegaai-speelgoed-rondhout-zaad-big\/#breadcrumb","itemListElement":[{"@type":"ListItem","position":1,"name":"Home","item":"https:\/\/www.food4animals.nl\/"},{"@type":"ListItem","position":2,"name":"Winkel","item":"https:\/\/www.food4animals.nl\/winkel\/"},{"@type":"ListItem","position":3,"name":"Birrdeeez Papegaai speelgoed rondhout\/zaad Big"}]},{"@type":"WebSite","@id":"https:\/\/www.food4animals.nl\/en\/#website","url":"https:\/\/www.food4animals.nl\/en\/","name":"Lebensmittel4Tiere","description":"Alles f\u00fcr Reiter und Tier","publisher":{"@id":"https:\/\/www.food4animals.nl\/en\/#organization"},"potentialAction":[{"@type":"SearchAction","target":{"@type":"EntryPoint","urlTemplate":"https:\/\/www.food4animals.nl\/en\/?s={search_term_string}"},"query-input":{"@type":"PropertyValueSpecification","valueRequired":true,"valueName":"search_term_string"}}],"inLanguage":"de"},{"@type":"Organization","@id":"https:\/\/www.food4animals.nl\/en\/#organization","name":"Lebensmittel4Tiere","url":"https:\/\/www.food4animals.nl\/en\/","logo":{"@type":"ImageObject","inLanguage":"de","@id":"https:\/\/www.food4animals.nl\/en\/#\/schema\/logo\/image\/","url":"https:\/\/www.food4animals.nl\/wp-content\/uploads\/2023\/10\/Logo.svg","contentUrl":"https:\/\/www.food4animals.nl\/wp-content\/uploads\/2023\/10\/Logo.svg","width":1,"height":1,"caption":"Food4animals"},"image":{"@id":"https:\/\/www.food4animals.nl\/en\/#\/schema\/logo\/image\/"},"sameAs":["https:\/\/www.facebook.com\/p\/Food4animals-100063861676074\/","https:\/\/x.com\/food4animals"]}]}},"_links":{"self":[{"href":"https:\/\/www.food4animals.nl\/de\/wp-json\/wp\/v2\/product\/4412","targetHints":{"allow":["GET"]}}],"collection":[{"href":"https:\/\/www.food4animals.nl\/de\/wp-json\/wp\/v2\/product"}],"about":[{"href":"https:\/\/www.food4animals.nl\/de\/wp-json\/wp\/v2\/types\/product"}],"wp:featuredmedia":[{"embeddable":true,"href":"https:\/\/www.food4animals.nl\/de\/wp-json\/wp\/v2\/media\/2099"}],"wp:attachment":[{"href":"https:\/\/www.food4animals.nl\/de\/wp-json\/wp\/v2\/media?parent=4412"}],"wp:term":[{"taxonomy":"product_brand","embeddable":true,"href":"https:\/\/www.food4animals.nl\/de\/wp-json\/wp\/v2\/product_brand?post=4412"},{"taxonomy":"product_cat","embeddable":true,"href":"https:\/\/www.food4animals.nl\/de\/wp-json\/wp\/v2\/product_cat?post=4412"},{"taxonomy":"product_tag","embeddable":true,"href":"https:\/\/www.food4animals.nl\/de\/wp-json\/wp\/v2\/product_tag?post=4412"}],"curies":[{"name":"wp","href":"https:\/\/api.w.org\/{rel}","templated":true}]}}