{"id":4435,"date":"2023-11-17T11:34:35","date_gmt":"2023-11-17T11:34:35","guid":{"rendered":"https:\/\/food4animals.nl\/product\/black-stripe-mottenval\/"},"modified":"2026-04-12T01:08:57","modified_gmt":"2026-04-12T00:08:57","slug":"mottenfalle-mit-schwarzem-streifen","status":"publish","type":"product","link":"https:\/\/www.food4animals.nl\/de\/produkt\/mottenfalle-mit-schwarzem-streifen\/","title":{"rendered":"Mottenfalle mit schwarzen Streifen"},"content":{"rendered":"<p><strong>Professionelle Mottenfalle f\u00fcr verschiedene Mottenarten.<\/strong><br \/>Diese professionelle Mottenfalle wird f\u00fcr die \u00dcberwachung und den Fang verschiedener Mottenarten verwendet. Die ideale Falle f\u00fcr den Einsatz in der Lebensmittelverarbeitung, in Lagerr\u00e4umen und Gesch\u00e4ften.<\/p>\n<p>M\u00e4nnliche Exemplare von Lebensmittelmotten werden durch das spezifische Pheromon im Pheromonhalter angezogen. Die schwarzen Streifen an der Au\u00dfenseite erzeugen zus\u00e4tzlich zum Pheromon eine erh\u00f6hte Anziehungskraft. Die Trichterform sorgt daf\u00fcr, dass die gefangenen Motten nicht entkommen k\u00f6nnen. Optional kann eine Klebeplatte in der Falle angebracht werden, so dass die Motten fixiert bleiben und bestimmt werden k\u00f6nnen.<\/p>\n<p><strong>Wird mit Aufh\u00e4ngekordel geliefert.<\/strong><\/p>\n<p>\u00a0<\/p>\n<p>Stellen Sie die Fallen in einer H\u00f6he von 2-3 Metern auf. In h\u00f6her gelegenen R\u00e4umen sollte die Falle wegen der aufsteigenden warmen Luft in gr\u00f6\u00dferer H\u00f6he aufgeh\u00e4ngt werden.<\/p>\n<p><strong>Achtung!<\/strong> Die Falle wird gestellt ohne <a href=\"..\/..\/..\/nl\/product\/3270\/16874\/ongediertebestrijding\/motten\/pheromone-pantry-moth-trap-ephestia-plodia\">Pheromone (CURT10557)<\/a> und <a href=\"..\/..\/..\/nl\/product\/3270\/16854\/ongediertebestrijding\/motten\/black-stripe-funnel-moth-trap-glue-pad\">Klebeplatte (CURT10264)<\/a> geliefert<\/p>\n<p><strong>Anwendung:<\/strong> 1 Falle pro 100 m2<\/p>","protected":false},"excerpt":{"rendered":"<p>Diese professionelle Mottenfalle wird zur \u00dcberwachung und zum Fang verschiedener Mottenarten eingesetzt.\u00a0<\/p>","protected":false},"featured_media":2179,"template":"","meta":{"_acf_changed":false},"product_brand":[],"product_cat":[1310,1196],"product_tag":[1383,1262,1312],"class_list":{"0":"post-4435","1":"product","2":"type-product","3":"status-publish","4":"has-post-thumbnail","6":"product_cat-mot","7":"product_cat-ongedierte","8":"product_tag-black-stripe","9":"product_tag-lijmvallen","10":"product_tag-mot","11":"tax_brand-black-stripe","13":"first","14":"instock","15":"taxable","16":"shipping-taxable","17":"purchasable","18":"product-type-simple"},"acf":[],"yoast_head":"<!-- This site is optimized with the Yoast SEO plugin v27.2 - https:\/\/yoast.com\/product\/yoast-seo-wordpress\/ -->\n<title>Black Stripe Mottenval - Food4animals<\/title>\n<meta name=\"robots\" content=\"index, follow, max-snippet:-1, max-image-preview:large, max-video-preview:-1\" \/>\n<link rel=\"canonical\" href=\"https:\/\/www.food4animals.nl\/de\/produkt\/mottenfalle-mit-schwarzem-streifen\/\" \/>\n<meta property=\"og:locale\" content=\"de_DE\" \/>\n<meta property=\"og:type\" content=\"article\" \/>\n<meta property=\"og:title\" content=\"Black Stripe Mottenval - Food4animals\" \/>\n<meta property=\"og:description\" content=\"Deze professionele mottenval wordt ingezet voor het monitoren en vangen van diverse soorten motten.\u00a0\" \/>\n<meta property=\"og:url\" content=\"https:\/\/www.food4animals.nl\/de\/produkt\/mottenfalle-mit-schwarzem-streifen\/\" \/>\n<meta property=\"og:site_name\" content=\"Food4animals\" \/>\n<meta property=\"article:publisher\" content=\"https:\/\/www.facebook.com\/p\/Food4animals-100063861676074\/\" \/>\n<meta property=\"article:modified_time\" content=\"2026-04-12T00:08:57+00:00\" \/>\n<meta property=\"og:image\" content=\"https:\/\/www.food4animals.nl\/wp-content\/uploads\/2023\/10\/87172.jpeg\" \/>\n\t<meta property=\"og:image:width\" content=\"1013\" \/>\n\t<meta property=\"og:image:height\" content=\"1247\" \/>\n\t<meta property=\"og:image:type\" content=\"image\/jpeg\" \/>\n<meta name=\"twitter:card\" content=\"summary_large_image\" \/>\n<meta name=\"twitter:site\" content=\"@food4animals\" \/>\n<meta name=\"twitter:label1\" content=\"Gesch\u00e4tzte Lesezeit\" \/>\n\t<meta name=\"twitter:data1\" content=\"1\u00a0Minute\" \/>\n<script type=\"application\/ld+json\" class=\"yoast-schema-graph\">{\"@context\":\"https:\/\/schema.org\",\"@graph\":[{\"@type\":\"WebPage\",\"@id\":\"https:\/\/www.food4animals.nl\/product\/black-stripe-mottenval\/\",\"url\":\"https:\/\/www.food4animals.nl\/product\/black-stripe-mottenval\/\",\"name\":\"Black Stripe Mottenval - Food4animals\",\"isPartOf\":{\"@id\":\"https:\/\/www.food4animals.nl\/en\/#website\"},\"primaryImageOfPage\":{\"@id\":\"https:\/\/www.food4animals.nl\/product\/black-stripe-mottenval\/#primaryimage\"},\"image\":{\"@id\":\"https:\/\/www.food4animals.nl\/product\/black-stripe-mottenval\/#primaryimage\"},\"thumbnailUrl\":\"https:\/\/www.food4animals.nl\/wp-content\/uploads\/2023\/10\/87172.jpeg\",\"datePublished\":\"2023-11-17T11:34:35+00:00\",\"dateModified\":\"2026-04-12T00:08:57+00:00\",\"breadcrumb\":{\"@id\":\"https:\/\/www.food4animals.nl\/product\/black-stripe-mottenval\/#breadcrumb\"},\"inLanguage\":\"de\",\"potentialAction\":[{\"@type\":\"ReadAction\",\"target\":[\"https:\/\/www.food4animals.nl\/product\/black-stripe-mottenval\/\"]}]},{\"@type\":\"ImageObject\",\"inLanguage\":\"de\",\"@id\":\"https:\/\/www.food4animals.nl\/product\/black-stripe-mottenval\/#primaryimage\",\"url\":\"https:\/\/www.food4animals.nl\/wp-content\/uploads\/2023\/10\/87172.jpeg\",\"contentUrl\":\"https:\/\/www.food4animals.nl\/wp-content\/uploads\/2023\/10\/87172.jpeg\",\"width\":1013,\"height\":1247},{\"@type\":\"BreadcrumbList\",\"@id\":\"https:\/\/www.food4animals.nl\/product\/black-stripe-mottenval\/#breadcrumb\",\"itemListElement\":[{\"@type\":\"ListItem\",\"position\":1,\"name\":\"Home\",\"item\":\"https:\/\/www.food4animals.nl\/\"},{\"@type\":\"ListItem\",\"position\":2,\"name\":\"Winkel\",\"item\":\"https:\/\/www.food4animals.nl\/winkel\/\"},{\"@type\":\"ListItem\",\"position\":3,\"name\":\"Black Stripe Mottenval\"}]},{\"@type\":\"WebSite\",\"@id\":\"https:\/\/www.food4animals.nl\/en\/#website\",\"url\":\"https:\/\/www.food4animals.nl\/en\/\",\"name\":\"Food4animals\",\"description\":\"Alles voor Ruiter en Dier\",\"publisher\":{\"@id\":\"https:\/\/www.food4animals.nl\/en\/#organization\"},\"potentialAction\":[{\"@type\":\"SearchAction\",\"target\":{\"@type\":\"EntryPoint\",\"urlTemplate\":\"https:\/\/www.food4animals.nl\/en\/?s={search_term_string}\"},\"query-input\":{\"@type\":\"PropertyValueSpecification\",\"valueRequired\":true,\"valueName\":\"search_term_string\"}}],\"inLanguage\":\"de\"},{\"@type\":\"Organization\",\"@id\":\"https:\/\/www.food4animals.nl\/en\/#organization\",\"name\":\"Food4animals\",\"url\":\"https:\/\/www.food4animals.nl\/en\/\",\"logo\":{\"@type\":\"ImageObject\",\"inLanguage\":\"de\",\"@id\":\"https:\/\/www.food4animals.nl\/en\/#\/schema\/logo\/image\/\",\"url\":\"https:\/\/www.food4animals.nl\/wp-content\/uploads\/2023\/10\/Logo.svg\",\"contentUrl\":\"https:\/\/www.food4animals.nl\/wp-content\/uploads\/2023\/10\/Logo.svg\",\"width\":1,\"height\":1,\"caption\":\"Food4animals\"},\"image\":{\"@id\":\"https:\/\/www.food4animals.nl\/en\/#\/schema\/logo\/image\/\"},\"sameAs\":[\"https:\/\/www.facebook.com\/p\/Food4animals-100063861676074\/\",\"https:\/\/x.com\/food4animals\"]}]}<\/script>\n<!-- \/ Yoast SEO plugin. -->","yoast_head_json":{"title":"Mottenfalle mit schwarzen Streifen - Food4animals","robots":{"index":"index","follow":"follow","max-snippet":"max-snippet:-1","max-image-preview":"max-image-preview:large","max-video-preview":"max-video-preview:-1"},"canonical":"https:\/\/www.food4animals.nl\/de\/produkt\/mottenfalle-mit-schwarzem-streifen\/","og_locale":"de_DE","og_type":"article","og_title":"Black Stripe Mottenval - Food4animals","og_description":"Deze professionele mottenval wordt ingezet voor het monitoren en vangen van diverse soorten motten.\u00a0","og_url":"https:\/\/www.food4animals.nl\/de\/produkt\/mottenfalle-mit-schwarzem-streifen\/","og_site_name":"Food4animals","article_publisher":"https:\/\/www.facebook.com\/p\/Food4animals-100063861676074\/","article_modified_time":"2026-04-12T00:08:57+00:00","og_image":[{"width":1013,"height":1247,"url":"https:\/\/www.food4animals.nl\/wp-content\/uploads\/2023\/10\/87172.jpeg","type":"image\/jpeg"}],"twitter_card":"summary_large_image","twitter_site":"@food4animals","twitter_misc":{"Gesch\u00e4tzte Lesezeit":"1\u00a0Minute"},"schema":{"@context":"https:\/\/schema.org","@graph":[{"@type":"WebPage","@id":"https:\/\/www.food4animals.nl\/product\/black-stripe-mottenval\/","url":"https:\/\/www.food4animals.nl\/product\/black-stripe-mottenval\/","name":"Mottenfalle mit schwarzen Streifen - Food4animals","isPartOf":{"@id":"https:\/\/www.food4animals.nl\/en\/#website"},"primaryImageOfPage":{"@id":"https:\/\/www.food4animals.nl\/product\/black-stripe-mottenval\/#primaryimage"},"image":{"@id":"https:\/\/www.food4animals.nl\/product\/black-stripe-mottenval\/#primaryimage"},"thumbnailUrl":"https:\/\/www.food4animals.nl\/wp-content\/uploads\/2023\/10\/87172.jpeg","datePublished":"2023-11-17T11:34:35+00:00","dateModified":"2026-04-12T00:08:57+00:00","breadcrumb":{"@id":"https:\/\/www.food4animals.nl\/product\/black-stripe-mottenval\/#breadcrumb"},"inLanguage":"de","potentialAction":[{"@type":"ReadAction","target":["https:\/\/www.food4animals.nl\/product\/black-stripe-mottenval\/"]}]},{"@type":"ImageObject","inLanguage":"de","@id":"https:\/\/www.food4animals.nl\/product\/black-stripe-mottenval\/#primaryimage","url":"https:\/\/www.food4animals.nl\/wp-content\/uploads\/2023\/10\/87172.jpeg","contentUrl":"https:\/\/www.food4animals.nl\/wp-content\/uploads\/2023\/10\/87172.jpeg","width":1013,"height":1247},{"@type":"BreadcrumbList","@id":"https:\/\/www.food4animals.nl\/product\/black-stripe-mottenval\/#breadcrumb","itemListElement":[{"@type":"ListItem","position":1,"name":"Home","item":"https:\/\/www.food4animals.nl\/"},{"@type":"ListItem","position":2,"name":"Winkel","item":"https:\/\/www.food4animals.nl\/winkel\/"},{"@type":"ListItem","position":3,"name":"Black Stripe Mottenval"}]},{"@type":"WebSite","@id":"https:\/\/www.food4animals.nl\/en\/#website","url":"https:\/\/www.food4animals.nl\/en\/","name":"Lebensmittel4Tiere","description":"Alles f\u00fcr Reiter und Tier","publisher":{"@id":"https:\/\/www.food4animals.nl\/en\/#organization"},"potentialAction":[{"@type":"SearchAction","target":{"@type":"EntryPoint","urlTemplate":"https:\/\/www.food4animals.nl\/en\/?s={search_term_string}"},"query-input":{"@type":"PropertyValueSpecification","valueRequired":true,"valueName":"search_term_string"}}],"inLanguage":"de"},{"@type":"Organization","@id":"https:\/\/www.food4animals.nl\/en\/#organization","name":"Lebensmittel4Tiere","url":"https:\/\/www.food4animals.nl\/en\/","logo":{"@type":"ImageObject","inLanguage":"de","@id":"https:\/\/www.food4animals.nl\/en\/#\/schema\/logo\/image\/","url":"https:\/\/www.food4animals.nl\/wp-content\/uploads\/2023\/10\/Logo.svg","contentUrl":"https:\/\/www.food4animals.nl\/wp-content\/uploads\/2023\/10\/Logo.svg","width":1,"height":1,"caption":"Food4animals"},"image":{"@id":"https:\/\/www.food4animals.nl\/en\/#\/schema\/logo\/image\/"},"sameAs":["https:\/\/www.facebook.com\/p\/Food4animals-100063861676074\/","https:\/\/x.com\/food4animals"]}]}},"_links":{"self":[{"href":"https:\/\/www.food4animals.nl\/de\/wp-json\/wp\/v2\/product\/4435","targetHints":{"allow":["GET"]}}],"collection":[{"href":"https:\/\/www.food4animals.nl\/de\/wp-json\/wp\/v2\/product"}],"about":[{"href":"https:\/\/www.food4animals.nl\/de\/wp-json\/wp\/v2\/types\/product"}],"wp:featuredmedia":[{"embeddable":true,"href":"https:\/\/www.food4animals.nl\/de\/wp-json\/wp\/v2\/media\/2179"}],"wp:attachment":[{"href":"https:\/\/www.food4animals.nl\/de\/wp-json\/wp\/v2\/media?parent=4435"}],"wp:term":[{"taxonomy":"product_brand","embeddable":true,"href":"https:\/\/www.food4animals.nl\/de\/wp-json\/wp\/v2\/product_brand?post=4435"},{"taxonomy":"product_cat","embeddable":true,"href":"https:\/\/www.food4animals.nl\/de\/wp-json\/wp\/v2\/product_cat?post=4435"},{"taxonomy":"product_tag","embeddable":true,"href":"https:\/\/www.food4animals.nl\/de\/wp-json\/wp\/v2\/product_tag?post=4435"}],"curies":[{"name":"wp","href":"https:\/\/api.w.org\/{rel}","templated":true}]}}