{"id":4601,"date":"2023-11-17T11:38:48","date_gmt":"2023-11-17T11:38:48","guid":{"rendered":"https:\/\/food4animals.nl\/product\/broditop-monitoring-gel\/"},"modified":"2026-05-02T01:05:00","modified_gmt":"2026-05-02T00:05:00","slug":"broditop-uberwachungsgel","status":"publish","type":"product","link":"https:\/\/www.food4animals.nl\/de\/produkt\/broditop-uberwachungsgel\/","title":{"rendered":"Broditop \u00dcberwachungsgel"},"content":{"rendered":"<h2>Broditop \u00dcberwachungsgel<\/h2>\n<p>\u00c4u\u00dferst stabiler und \u00e4u\u00dferst schmackhafter K\u00f6der zur fr\u00fchzeitigen Erkennung von Nagetieraktivit\u00e4ten in sensiblen und schwer zug\u00e4nglichen Bereichen. Es ist der ultimative K\u00f6der zum Aufsp\u00fcren von Nagetieren. Es lockt Nagetiere sowohl durch seine hohe Schmackhaftigkeit als auch dadurch an, dass das Produkt im Fell bleibt und von den Nagern aufgeleckt wird. Au\u00dferdem kann das Gel als K\u00f6der auf oder in (begehbaren) Fallen verwendet werden.<\/p>\n<p>Die Fluo-NP\u00ae-Technologie im Gel erleichtert das Auffinden von Nestern und Verstecken, da der Kot der Nager unter UV-Licht aufleuchtet. Es ist die ideale Wahl, wenn ein hochattraktiver und klebriger K\u00f6der ben\u00f6tigt wird und kann daher auch an unzug\u00e4nglichen Stellen angebracht werden.<\/p>\n<h3><strong>Leitlinien f\u00fcr die Verwendung in K\u00f6derstationen:<\/strong><\/h3>\n<p>Legen Sie den K\u00f6der in K\u00f6derstationen oder K\u00f6derpunkten aus, die f\u00fcr Nicht-Zieltiere unerreichbar sind. Legen Sie den K\u00f6der in und\/oder um Geb\u00e4ude herum aus, insbesondere in der N\u00e4he von Stellen, in die Nagetiere eindringen k\u00f6nnen, und in Bereichen, in denen Nagetiere Unterschlupf finden.<\/p>\n<p>Es wird empfohlen, die Standorte f\u00fcr sp\u00e4tere Kontrollen in einem Logbuch zu notieren.<\/p>\n<ul>\n<li><strong>Ratten:<\/strong> Bringen Sie alle 5 bis 10 Meter bis zu 100 Gramm Gel an.<\/li>\n<li><strong>W\u00fchlm\u00e4use:<\/strong> Legen Sie alle 5 bis 10 Meter bis zu 75 Gramm Gel auf.<\/li>\n<li><strong>M\u00e4use:<\/strong> Legen Sie alle 5 bis 10 Meter bis zu 50 Gramm Gel auf.<\/li>\n<\/ul>\n<p>Ideal ist es, die K\u00f6der mindestens einmal im Monat auf Nagetieraktivit\u00e4t zu \u00fcberpr\u00fcfen, w\u00e4hrend der Herbstsaison sogar h\u00e4ufiger. Ersetzen Sie kontaminierte K\u00f6der sofort. Wenn der K\u00f6der aufgefressen wurde, ersetzen Sie das Broditop Monitoring Gel durch <strong>Broditop Gel (BROD03000 + BROD05000)<\/strong> oder Fallen, bis der Befall unter Kontrolle ist. Broditop Monitoring Gel ist ungiftig und kann wie andere Lebensmittelprodukte entsorgt werden.<\/p>\n<h3><strong>Leitlinien f\u00fcr die Verwendung von (begehbaren) Fallen:<\/strong><\/h3>\n<p>M\u00e4use und Ratten: Legen Sie in jede Falle einen K\u00f6der ein, wie es bei gew\u00f6hnlichen K\u00f6dern \u00fcblich ist.<\/p>\n<h3><strong>Inhalt<\/strong><\/h3>\n<p>300 g<\/p>","protected":false},"excerpt":{"rendered":"<p>Monitoring-Gel zur fr\u00fchzeitigen Erkennung von Nagetieraktivit\u00e4ten in schwer zug\u00e4nglichen Gebieten.<\/p>","protected":false},"featured_media":32055,"template":"","meta":{"_acf_changed":false},"product_brand":[],"product_cat":[1196,1294],"product_tag":[1467,1471,1464],"class_list":{"0":"post-4601","1":"product","2":"type-product","3":"status-publish","4":"has-post-thumbnail","6":"product_cat-ongedierte","7":"product_cat-rat","8":"product_tag-broditop","9":"product_tag-monitoring","10":"product_tag-rodenticide","11":"tax_brand-broditop","13":"first","14":"instock","15":"taxable","16":"shipping-taxable","17":"purchasable","18":"product-type-simple"},"acf":[],"yoast_head":"<!-- This site is optimized with the Yoast SEO plugin v27.4 - https:\/\/yoast.com\/product\/yoast-seo-wordpress\/ -->\n<title>Broditop Monitoring Gel - Food4animals<\/title>\n<meta name=\"robots\" content=\"index, follow, max-snippet:-1, max-image-preview:large, max-video-preview:-1\" \/>\n<link rel=\"canonical\" href=\"https:\/\/www.food4animals.nl\/de\/produkt\/broditop-uberwachungsgel\/\" \/>\n<meta property=\"og:locale\" content=\"de_DE\" \/>\n<meta property=\"og:type\" content=\"article\" \/>\n<meta property=\"og:title\" content=\"Broditop Monitoring Gel - Food4animals\" \/>\n<meta property=\"og:description\" content=\"Monitoring gel voor het vroeg detecteren van knaagdieractiviteit in moeilijk toegankelijke gebieden.\" \/>\n<meta property=\"og:url\" content=\"https:\/\/www.food4animals.nl\/de\/produkt\/broditop-uberwachungsgel\/\" \/>\n<meta property=\"og:site_name\" content=\"Food4animals\" \/>\n<meta property=\"article:publisher\" content=\"https:\/\/www.facebook.com\/p\/Food4animals-100063861676074\/\" \/>\n<meta property=\"article:modified_time\" content=\"2026-05-02T00:05:00+00:00\" \/>\n<meta property=\"og:image\" content=\"https:\/\/www.food4animals.nl\/wp-content\/uploads\/2025\/11\/BROD08001.png\" \/>\n\t<meta property=\"og:image:width\" content=\"559\" \/>\n\t<meta property=\"og:image:height\" content=\"1024\" \/>\n\t<meta property=\"og:image:type\" content=\"image\/png\" \/>\n<meta name=\"twitter:card\" content=\"summary_large_image\" \/>\n<meta name=\"twitter:site\" content=\"@food4animals\" \/>\n<meta name=\"twitter:label1\" content=\"Gesch\u00e4tzte Lesezeit\" \/>\n\t<meta name=\"twitter:data1\" content=\"1\u00a0Minute\" \/>\n<script type=\"application\/ld+json\" class=\"yoast-schema-graph\">{\"@context\":\"https:\\\/\\\/schema.org\",\"@graph\":[{\"@type\":\"WebPage\",\"@id\":\"https:\\\/\\\/www.food4animals.nl\\\/product\\\/broditop-monitoring-gel\\\/\",\"url\":\"https:\\\/\\\/www.food4animals.nl\\\/product\\\/broditop-monitoring-gel\\\/\",\"name\":\"Broditop Monitoring Gel - Food4animals\",\"isPartOf\":{\"@id\":\"https:\\\/\\\/www.food4animals.nl\\\/en\\\/#website\"},\"primaryImageOfPage\":{\"@id\":\"https:\\\/\\\/www.food4animals.nl\\\/product\\\/broditop-monitoring-gel\\\/#primaryimage\"},\"image\":{\"@id\":\"https:\\\/\\\/www.food4animals.nl\\\/product\\\/broditop-monitoring-gel\\\/#primaryimage\"},\"thumbnailUrl\":\"https:\\\/\\\/www.food4animals.nl\\\/wp-content\\\/uploads\\\/2025\\\/11\\\/BROD08001.png\",\"datePublished\":\"2023-11-17T11:38:48+00:00\",\"dateModified\":\"2026-05-02T00:05:00+00:00\",\"breadcrumb\":{\"@id\":\"https:\\\/\\\/www.food4animals.nl\\\/product\\\/broditop-monitoring-gel\\\/#breadcrumb\"},\"inLanguage\":\"de\",\"potentialAction\":[{\"@type\":\"ReadAction\",\"target\":[\"https:\\\/\\\/www.food4animals.nl\\\/product\\\/broditop-monitoring-gel\\\/\"]}]},{\"@type\":\"ImageObject\",\"inLanguage\":\"de\",\"@id\":\"https:\\\/\\\/www.food4animals.nl\\\/product\\\/broditop-monitoring-gel\\\/#primaryimage\",\"url\":\"https:\\\/\\\/www.food4animals.nl\\\/wp-content\\\/uploads\\\/2025\\\/11\\\/BROD08001.png\",\"contentUrl\":\"https:\\\/\\\/www.food4animals.nl\\\/wp-content\\\/uploads\\\/2025\\\/11\\\/BROD08001.png\",\"width\":559,\"height\":1024},{\"@type\":\"BreadcrumbList\",\"@id\":\"https:\\\/\\\/www.food4animals.nl\\\/product\\\/broditop-monitoring-gel\\\/#breadcrumb\",\"itemListElement\":[{\"@type\":\"ListItem\",\"position\":1,\"name\":\"Home\",\"item\":\"https:\\\/\\\/www.food4animals.nl\\\/\"},{\"@type\":\"ListItem\",\"position\":2,\"name\":\"Winkel\",\"item\":\"https:\\\/\\\/www.food4animals.nl\\\/winkel\\\/\"},{\"@type\":\"ListItem\",\"position\":3,\"name\":\"Broditop Monitoring Gel\"}]},{\"@type\":\"WebSite\",\"@id\":\"https:\\\/\\\/www.food4animals.nl\\\/en\\\/#website\",\"url\":\"https:\\\/\\\/www.food4animals.nl\\\/en\\\/\",\"name\":\"Food4animals\",\"description\":\"Alles voor Ruiter en Dier\",\"publisher\":{\"@id\":\"https:\\\/\\\/www.food4animals.nl\\\/en\\\/#organization\"},\"potentialAction\":[{\"@type\":\"SearchAction\",\"target\":{\"@type\":\"EntryPoint\",\"urlTemplate\":\"https:\\\/\\\/www.food4animals.nl\\\/en\\\/?s={search_term_string}\"},\"query-input\":{\"@type\":\"PropertyValueSpecification\",\"valueRequired\":true,\"valueName\":\"search_term_string\"}}],\"inLanguage\":\"de\"},{\"@type\":\"Organization\",\"@id\":\"https:\\\/\\\/www.food4animals.nl\\\/en\\\/#organization\",\"name\":\"Food4animals\",\"url\":\"https:\\\/\\\/www.food4animals.nl\\\/en\\\/\",\"logo\":{\"@type\":\"ImageObject\",\"inLanguage\":\"de\",\"@id\":\"https:\\\/\\\/www.food4animals.nl\\\/en\\\/#\\\/schema\\\/logo\\\/image\\\/\",\"url\":\"https:\\\/\\\/www.food4animals.nl\\\/wp-content\\\/uploads\\\/2023\\\/10\\\/Logo.svg\",\"contentUrl\":\"https:\\\/\\\/www.food4animals.nl\\\/wp-content\\\/uploads\\\/2023\\\/10\\\/Logo.svg\",\"width\":1,\"height\":1,\"caption\":\"Food4animals\"},\"image\":{\"@id\":\"https:\\\/\\\/www.food4animals.nl\\\/en\\\/#\\\/schema\\\/logo\\\/image\\\/\"},\"sameAs\":[\"https:\\\/\\\/www.facebook.com\\\/p\\\/Food4animals-100063861676074\\\/\",\"https:\\\/\\\/x.com\\\/food4animals\"]}]}<\/script>\n<!-- \/ Yoast SEO plugin. -->","yoast_head_json":{"title":"Broditop \u00dcberwachungsgel - Food4animals","robots":{"index":"index","follow":"follow","max-snippet":"max-snippet:-1","max-image-preview":"max-image-preview:large","max-video-preview":"max-video-preview:-1"},"canonical":"https:\/\/www.food4animals.nl\/de\/produkt\/broditop-uberwachungsgel\/","og_locale":"de_DE","og_type":"article","og_title":"Broditop Monitoring Gel - Food4animals","og_description":"Monitoring gel voor het vroeg detecteren van knaagdieractiviteit in moeilijk toegankelijke gebieden.","og_url":"https:\/\/www.food4animals.nl\/de\/produkt\/broditop-uberwachungsgel\/","og_site_name":"Food4animals","article_publisher":"https:\/\/www.facebook.com\/p\/Food4animals-100063861676074\/","article_modified_time":"2026-05-02T00:05:00+00:00","og_image":[{"width":559,"height":1024,"url":"https:\/\/www.food4animals.nl\/wp-content\/uploads\/2025\/11\/BROD08001.png","type":"image\/png"}],"twitter_card":"summary_large_image","twitter_site":"@food4animals","twitter_misc":{"Gesch\u00e4tzte Lesezeit":"1\u00a0Minute"},"schema":{"@context":"https:\/\/schema.org","@graph":[{"@type":"WebPage","@id":"https:\/\/www.food4animals.nl\/product\/broditop-monitoring-gel\/","url":"https:\/\/www.food4animals.nl\/product\/broditop-monitoring-gel\/","name":"Broditop \u00dcberwachungsgel - Food4animals","isPartOf":{"@id":"https:\/\/www.food4animals.nl\/en\/#website"},"primaryImageOfPage":{"@id":"https:\/\/www.food4animals.nl\/product\/broditop-monitoring-gel\/#primaryimage"},"image":{"@id":"https:\/\/www.food4animals.nl\/product\/broditop-monitoring-gel\/#primaryimage"},"thumbnailUrl":"https:\/\/www.food4animals.nl\/wp-content\/uploads\/2025\/11\/BROD08001.png","datePublished":"2023-11-17T11:38:48+00:00","dateModified":"2026-05-02T00:05:00+00:00","breadcrumb":{"@id":"https:\/\/www.food4animals.nl\/product\/broditop-monitoring-gel\/#breadcrumb"},"inLanguage":"de","potentialAction":[{"@type":"ReadAction","target":["https:\/\/www.food4animals.nl\/product\/broditop-monitoring-gel\/"]}]},{"@type":"ImageObject","inLanguage":"de","@id":"https:\/\/www.food4animals.nl\/product\/broditop-monitoring-gel\/#primaryimage","url":"https:\/\/www.food4animals.nl\/wp-content\/uploads\/2025\/11\/BROD08001.png","contentUrl":"https:\/\/www.food4animals.nl\/wp-content\/uploads\/2025\/11\/BROD08001.png","width":559,"height":1024},{"@type":"BreadcrumbList","@id":"https:\/\/www.food4animals.nl\/product\/broditop-monitoring-gel\/#breadcrumb","itemListElement":[{"@type":"ListItem","position":1,"name":"Home","item":"https:\/\/www.food4animals.nl\/"},{"@type":"ListItem","position":2,"name":"Winkel","item":"https:\/\/www.food4animals.nl\/winkel\/"},{"@type":"ListItem","position":3,"name":"Broditop Monitoring Gel"}]},{"@type":"WebSite","@id":"https:\/\/www.food4animals.nl\/en\/#website","url":"https:\/\/www.food4animals.nl\/en\/","name":"Lebensmittel4Tiere","description":"Alles f\u00fcr Reiter und Tier","publisher":{"@id":"https:\/\/www.food4animals.nl\/en\/#organization"},"potentialAction":[{"@type":"SearchAction","target":{"@type":"EntryPoint","urlTemplate":"https:\/\/www.food4animals.nl\/en\/?s={search_term_string}"},"query-input":{"@type":"PropertyValueSpecification","valueRequired":true,"valueName":"search_term_string"}}],"inLanguage":"de"},{"@type":"Organization","@id":"https:\/\/www.food4animals.nl\/en\/#organization","name":"Lebensmittel4Tiere","url":"https:\/\/www.food4animals.nl\/en\/","logo":{"@type":"ImageObject","inLanguage":"de","@id":"https:\/\/www.food4animals.nl\/en\/#\/schema\/logo\/image\/","url":"https:\/\/www.food4animals.nl\/wp-content\/uploads\/2023\/10\/Logo.svg","contentUrl":"https:\/\/www.food4animals.nl\/wp-content\/uploads\/2023\/10\/Logo.svg","width":1,"height":1,"caption":"Food4animals"},"image":{"@id":"https:\/\/www.food4animals.nl\/en\/#\/schema\/logo\/image\/"},"sameAs":["https:\/\/www.facebook.com\/p\/Food4animals-100063861676074\/","https:\/\/x.com\/food4animals"]}]}},"_links":{"self":[{"href":"https:\/\/www.food4animals.nl\/de\/wp-json\/wp\/v2\/product\/4601","targetHints":{"allow":["GET"]}}],"collection":[{"href":"https:\/\/www.food4animals.nl\/de\/wp-json\/wp\/v2\/product"}],"about":[{"href":"https:\/\/www.food4animals.nl\/de\/wp-json\/wp\/v2\/types\/product"}],"wp:featuredmedia":[{"embeddable":true,"href":"https:\/\/www.food4animals.nl\/de\/wp-json\/wp\/v2\/media\/32055"}],"wp:attachment":[{"href":"https:\/\/www.food4animals.nl\/de\/wp-json\/wp\/v2\/media?parent=4601"}],"wp:term":[{"taxonomy":"product_brand","embeddable":true,"href":"https:\/\/www.food4animals.nl\/de\/wp-json\/wp\/v2\/product_brand?post=4601"},{"taxonomy":"product_cat","embeddable":true,"href":"https:\/\/www.food4animals.nl\/de\/wp-json\/wp\/v2\/product_cat?post=4601"},{"taxonomy":"product_tag","embeddable":true,"href":"https:\/\/www.food4animals.nl\/de\/wp-json\/wp\/v2\/product_tag?post=4601"}],"curies":[{"name":"wp","href":"https:\/\/api.w.org\/{rel}","templated":true}]}}