{"id":4618,"date":"2023-11-17T11:38:48","date_gmt":"2023-11-17T11:38:48","guid":{"rendered":"https:\/\/food4animals.nl\/product\/bugbone-sweethearts\/"},"modified":"2026-04-26T01:06:40","modified_gmt":"2026-04-26T00:06:40","slug":"kaferknochen-lieblinge","status":"publish","type":"product","link":"https:\/\/www.food4animals.nl\/de\/produkt\/kaferknochen-lieblinge\/","title":{"rendered":"Bugbone Sch\u00e4tzchen"},"content":{"rendered":"<p><strong>BUGBONE\u00ae ist <em>die <\/em>Hundesnack auf Insektenproteinbasis<em>.\u00a0<\/em><\/strong><\/p>\n<p><span style=\"font-size: 10pt;\">Gut f\u00fcr jeden Hund und die Welt, in der wir leben!<\/span><\/p>\n<p><span style=\"font-size: 10pt;\"><strong>WAS DEN BUGBONE\u00ae SO EINZIGARTIG MACHT: <\/strong><\/span><\/p>\n<ul>\n<li><span style=\"font-size: 10pt;\">Super lecker f\u00fcr jeden Hund<\/span><\/li>\n<li><span style=\"font-size: 10pt;\"><em><u>Reich an Insektenprotein.<\/u><\/em> Hochwertiges und lang anhaltendes Eiwei\u00df f\u00fcr starke und gesunde Muskeln<\/span><\/li>\n<li><span style=\"font-size: 10pt;\">Attraktive Ladenpr\u00e4sentation mit einem guten Blick ins Sortiment<\/span><\/li>\n<li><span style=\"font-size: 10pt;\">Geringer Kaloriengehalt (249 kcal pro 100 g). Ein verantwortungsvoller Snack<\/span><\/li>\n<li><span style=\"font-size: 10pt;\">Gut f\u00fcr Z\u00e4hne und frischen Atem<\/span><\/li>\n<li><span style=\"font-size: 10pt;\">Getreide- und glutenfrei, was BUGBONE\u00ae gut vertr\u00e4glich macht<\/span><\/li>\n<li><span style=\"font-size: 10pt;\">Traditionell gebacken \"Oven Baked\"<\/span><\/li>\n<li><span style=\"font-size: 10pt;\">Frei von Zusatzstoffen f\u00fcr optimale Hundegesundheit<\/span><\/li>\n<li><span style=\"font-size: 10pt;\">Hypoallergen - das macht BUGBONE\u00ae sicher f\u00fcr jeden Hund<\/span><\/li>\n<li><span style=\"font-size: 10pt;\">Produziert und gebacken in den Niederlanden<\/span><\/li>\n<li><span style=\"font-size: 10pt;\">Verpackt mit 24 St\u00fcck in einer sehr praktischen und 100% recycelbaren Verpackung<\/span><\/li>\n<\/ul>\n<p><span style=\"font-size: 10pt;\"><strong><br \/><\/strong><strong>DIE ENTWICKLUNG VON BUGBONE\u00ae<\/strong><\/span><\/p>\n<p><span style=\"font-size: 10pt;\">BUGBONE\u00ae wurde in Zusammenarbeit mit einem Veterin\u00e4rmediziner entwickelt, der an der Wageningen University &amp; Research studiert hat.<\/span><\/p>\n<p><span style=\"font-size: 10pt;\"><strong>NACHHALTIGES PRODUKT<\/strong><\/span><\/p>\n<p><span style=\"font-size: 10pt;\">BUGBONE\u00ae schmeckt nicht nur gut, dieses Produkt tr\u00e4gt auch zur Gesundheit des Hundes und des Planeten bei! Der \u00f6kologische Fu\u00dfabdruck von Insektenprotein pro Kilo extrahiertem Protein ist um ein Vielfaches geringer als bei Snacks auf der Basis anderer tierischer Proteine.  Die attraktive B\u00e4ckereiverpackung von BUGBONE\u00ae ist leicht recycelbar.<\/span><\/p>\n<p><span style=\"font-size: 10pt;\"><strong><em>BUGBONE\u00ae, der leckerste Hundesnack f\u00fcr eine gesunde Welt!<\/em><\/strong><\/span><\/p>\n<p><span style=\"font-size: 10pt;\"><strong>Inhalt und Varianten\u00a0<\/strong><\/span><br \/><span style=\"font-size: 10pt;\">BUGB050 - 6 St\u00fcck \u00e0 30 g (M: 10 x 4 x 1 cm, jeweils)<\/span><br \/><span style=\"font-size: 10pt;\">BUGB060 - 6 St\u00fcck \u00e0 45 g (L: 12 x 5 x 1 cm, je)<\/span><br \/><span style=\"font-size: 10pt;\">BUGB124 - 24 St\u00fcck \u00e0 7,5 g (L: 3,5 x 3,5 x 1 cm, je)<\/span><\/p>\n<p><span style=\"font-size: 10pt;\">Weitere Informationen finden Sie unter\u00a0<a href=\"http:\/\/www.bugbone.com\/\">www.bugbone.com<\/a><\/span><\/p>\n<p>Oder lesen Sie den Artikel in der<br \/><strong>Dibevo Fachzeitschrift: Themenausgabe Genuss<br \/><\/strong><a href=\"\/de\/imagestream\/stream\/281401\/Bugbone%20- Hofman Animal Care - Dibevo-Vakblad 4-2023.pdf\/\">Insektenprotein; gesund f\u00fcr die Welt und den Hund<\/a><\/p>","protected":false},"excerpt":{"rendered":"<p>Bugbone, der leckerste Hundesnack f\u00fcr eine gesunde Welt!<\/p>","protected":false},"featured_media":2776,"template":"","meta":{"_acf_changed":false},"product_brand":[],"product_cat":[821,1433],"product_tag":[1478,1455,1435,823],"class_list":{"0":"post-4618","1":"product","2":"type-product","3":"status-publish","4":"has-post-thumbnail","6":"product_cat-hond","7":"product_cat-snacks","8":"product_tag-bugbone","9":"product_tag-glutenvrij","10":"product_tag-graanvrij","11":"product_tag-hond","12":"tax_brand-bugbone","14":"first","15":"instock","16":"taxable","17":"shipping-taxable","18":"purchasable","19":"product-type-simple"},"acf":[],"yoast_head":"<!-- This site is optimized with the Yoast SEO plugin v27.4 - https:\/\/yoast.com\/product\/yoast-seo-wordpress\/ -->\n<title>Bugbone Sweethearts - Food4animals<\/title>\n<meta name=\"robots\" content=\"index, follow, max-snippet:-1, max-image-preview:large, max-video-preview:-1\" \/>\n<link rel=\"canonical\" href=\"https:\/\/www.food4animals.nl\/de\/produkt\/kaferknochen-lieblinge\/\" \/>\n<meta property=\"og:locale\" content=\"de_DE\" \/>\n<meta property=\"og:type\" content=\"article\" \/>\n<meta property=\"og:title\" content=\"Bugbone Sweethearts - Food4animals\" \/>\n<meta property=\"og:description\" content=\"Bugbone, de lekkerste hondensnack voor een gezonde wereld!\" \/>\n<meta property=\"og:url\" content=\"https:\/\/www.food4animals.nl\/de\/produkt\/kaferknochen-lieblinge\/\" \/>\n<meta property=\"og:site_name\" content=\"Food4animals\" \/>\n<meta property=\"article:publisher\" content=\"https:\/\/www.facebook.com\/p\/Food4animals-100063861676074\/\" \/>\n<meta property=\"article:modified_time\" content=\"2026-04-26T00:06:40+00:00\" \/>\n<meta property=\"og:image\" content=\"https:\/\/www.food4animals.nl\/wp-content\/uploads\/2023\/10\/282167.png\" \/>\n\t<meta property=\"og:image:width\" content=\"1024\" \/>\n\t<meta property=\"og:image:height\" content=\"1024\" \/>\n\t<meta property=\"og:image:type\" content=\"image\/png\" \/>\n<meta name=\"twitter:card\" content=\"summary_large_image\" \/>\n<meta name=\"twitter:site\" content=\"@food4animals\" \/>\n<meta name=\"twitter:label1\" content=\"Gesch\u00e4tzte Lesezeit\" \/>\n\t<meta name=\"twitter:data1\" content=\"1\u00a0Minute\" \/>\n<script type=\"application\/ld+json\" class=\"yoast-schema-graph\">{\"@context\":\"https:\\\/\\\/schema.org\",\"@graph\":[{\"@type\":\"WebPage\",\"@id\":\"https:\\\/\\\/www.food4animals.nl\\\/product\\\/bugbone-sweethearts\\\/\",\"url\":\"https:\\\/\\\/www.food4animals.nl\\\/product\\\/bugbone-sweethearts\\\/\",\"name\":\"Bugbone Sweethearts - Food4animals\",\"isPartOf\":{\"@id\":\"https:\\\/\\\/www.food4animals.nl\\\/en\\\/#website\"},\"primaryImageOfPage\":{\"@id\":\"https:\\\/\\\/www.food4animals.nl\\\/product\\\/bugbone-sweethearts\\\/#primaryimage\"},\"image\":{\"@id\":\"https:\\\/\\\/www.food4animals.nl\\\/product\\\/bugbone-sweethearts\\\/#primaryimage\"},\"thumbnailUrl\":\"https:\\\/\\\/www.food4animals.nl\\\/wp-content\\\/uploads\\\/2023\\\/10\\\/282167.png\",\"datePublished\":\"2023-11-17T11:38:48+00:00\",\"dateModified\":\"2026-04-26T00:06:40+00:00\",\"breadcrumb\":{\"@id\":\"https:\\\/\\\/www.food4animals.nl\\\/product\\\/bugbone-sweethearts\\\/#breadcrumb\"},\"inLanguage\":\"de\",\"potentialAction\":[{\"@type\":\"ReadAction\",\"target\":[\"https:\\\/\\\/www.food4animals.nl\\\/product\\\/bugbone-sweethearts\\\/\"]}]},{\"@type\":\"ImageObject\",\"inLanguage\":\"de\",\"@id\":\"https:\\\/\\\/www.food4animals.nl\\\/product\\\/bugbone-sweethearts\\\/#primaryimage\",\"url\":\"https:\\\/\\\/www.food4animals.nl\\\/wp-content\\\/uploads\\\/2023\\\/10\\\/282167.png\",\"contentUrl\":\"https:\\\/\\\/www.food4animals.nl\\\/wp-content\\\/uploads\\\/2023\\\/10\\\/282167.png\",\"width\":1024,\"height\":1024},{\"@type\":\"BreadcrumbList\",\"@id\":\"https:\\\/\\\/www.food4animals.nl\\\/product\\\/bugbone-sweethearts\\\/#breadcrumb\",\"itemListElement\":[{\"@type\":\"ListItem\",\"position\":1,\"name\":\"Home\",\"item\":\"https:\\\/\\\/www.food4animals.nl\\\/\"},{\"@type\":\"ListItem\",\"position\":2,\"name\":\"Winkel\",\"item\":\"https:\\\/\\\/www.food4animals.nl\\\/winkel\\\/\"},{\"@type\":\"ListItem\",\"position\":3,\"name\":\"Bugbone Sweethearts\"}]},{\"@type\":\"WebSite\",\"@id\":\"https:\\\/\\\/www.food4animals.nl\\\/en\\\/#website\",\"url\":\"https:\\\/\\\/www.food4animals.nl\\\/en\\\/\",\"name\":\"Food4animals\",\"description\":\"Alles voor Ruiter en Dier\",\"publisher\":{\"@id\":\"https:\\\/\\\/www.food4animals.nl\\\/en\\\/#organization\"},\"potentialAction\":[{\"@type\":\"SearchAction\",\"target\":{\"@type\":\"EntryPoint\",\"urlTemplate\":\"https:\\\/\\\/www.food4animals.nl\\\/en\\\/?s={search_term_string}\"},\"query-input\":{\"@type\":\"PropertyValueSpecification\",\"valueRequired\":true,\"valueName\":\"search_term_string\"}}],\"inLanguage\":\"de\"},{\"@type\":\"Organization\",\"@id\":\"https:\\\/\\\/www.food4animals.nl\\\/en\\\/#organization\",\"name\":\"Food4animals\",\"url\":\"https:\\\/\\\/www.food4animals.nl\\\/en\\\/\",\"logo\":{\"@type\":\"ImageObject\",\"inLanguage\":\"de\",\"@id\":\"https:\\\/\\\/www.food4animals.nl\\\/en\\\/#\\\/schema\\\/logo\\\/image\\\/\",\"url\":\"https:\\\/\\\/www.food4animals.nl\\\/wp-content\\\/uploads\\\/2023\\\/10\\\/Logo.svg\",\"contentUrl\":\"https:\\\/\\\/www.food4animals.nl\\\/wp-content\\\/uploads\\\/2023\\\/10\\\/Logo.svg\",\"width\":1,\"height\":1,\"caption\":\"Food4animals\"},\"image\":{\"@id\":\"https:\\\/\\\/www.food4animals.nl\\\/en\\\/#\\\/schema\\\/logo\\\/image\\\/\"},\"sameAs\":[\"https:\\\/\\\/www.facebook.com\\\/p\\\/Food4animals-100063861676074\\\/\",\"https:\\\/\\\/x.com\\\/food4animals\"]}]}<\/script>\n<!-- \/ Yoast SEO plugin. -->","yoast_head_json":{"title":"Bugbone Sweethearts - Food4animals","robots":{"index":"index","follow":"follow","max-snippet":"max-snippet:-1","max-image-preview":"max-image-preview:large","max-video-preview":"max-video-preview:-1"},"canonical":"https:\/\/www.food4animals.nl\/de\/produkt\/kaferknochen-lieblinge\/","og_locale":"de_DE","og_type":"article","og_title":"Bugbone Sweethearts - Food4animals","og_description":"Bugbone, de lekkerste hondensnack voor een gezonde wereld!","og_url":"https:\/\/www.food4animals.nl\/de\/produkt\/kaferknochen-lieblinge\/","og_site_name":"Food4animals","article_publisher":"https:\/\/www.facebook.com\/p\/Food4animals-100063861676074\/","article_modified_time":"2026-04-26T00:06:40+00:00","og_image":[{"width":1024,"height":1024,"url":"https:\/\/www.food4animals.nl\/wp-content\/uploads\/2023\/10\/282167.png","type":"image\/png"}],"twitter_card":"summary_large_image","twitter_site":"@food4animals","twitter_misc":{"Gesch\u00e4tzte Lesezeit":"1\u00a0Minute"},"schema":{"@context":"https:\/\/schema.org","@graph":[{"@type":"WebPage","@id":"https:\/\/www.food4animals.nl\/product\/bugbone-sweethearts\/","url":"https:\/\/www.food4animals.nl\/product\/bugbone-sweethearts\/","name":"Bugbone Sweethearts - Food4animals","isPartOf":{"@id":"https:\/\/www.food4animals.nl\/en\/#website"},"primaryImageOfPage":{"@id":"https:\/\/www.food4animals.nl\/product\/bugbone-sweethearts\/#primaryimage"},"image":{"@id":"https:\/\/www.food4animals.nl\/product\/bugbone-sweethearts\/#primaryimage"},"thumbnailUrl":"https:\/\/www.food4animals.nl\/wp-content\/uploads\/2023\/10\/282167.png","datePublished":"2023-11-17T11:38:48+00:00","dateModified":"2026-04-26T00:06:40+00:00","breadcrumb":{"@id":"https:\/\/www.food4animals.nl\/product\/bugbone-sweethearts\/#breadcrumb"},"inLanguage":"de","potentialAction":[{"@type":"ReadAction","target":["https:\/\/www.food4animals.nl\/product\/bugbone-sweethearts\/"]}]},{"@type":"ImageObject","inLanguage":"de","@id":"https:\/\/www.food4animals.nl\/product\/bugbone-sweethearts\/#primaryimage","url":"https:\/\/www.food4animals.nl\/wp-content\/uploads\/2023\/10\/282167.png","contentUrl":"https:\/\/www.food4animals.nl\/wp-content\/uploads\/2023\/10\/282167.png","width":1024,"height":1024},{"@type":"BreadcrumbList","@id":"https:\/\/www.food4animals.nl\/product\/bugbone-sweethearts\/#breadcrumb","itemListElement":[{"@type":"ListItem","position":1,"name":"Home","item":"https:\/\/www.food4animals.nl\/"},{"@type":"ListItem","position":2,"name":"Winkel","item":"https:\/\/www.food4animals.nl\/winkel\/"},{"@type":"ListItem","position":3,"name":"Bugbone Sweethearts"}]},{"@type":"WebSite","@id":"https:\/\/www.food4animals.nl\/en\/#website","url":"https:\/\/www.food4animals.nl\/en\/","name":"Lebensmittel4Tiere","description":"Alles f\u00fcr Reiter und Tier","publisher":{"@id":"https:\/\/www.food4animals.nl\/en\/#organization"},"potentialAction":[{"@type":"SearchAction","target":{"@type":"EntryPoint","urlTemplate":"https:\/\/www.food4animals.nl\/en\/?s={search_term_string}"},"query-input":{"@type":"PropertyValueSpecification","valueRequired":true,"valueName":"search_term_string"}}],"inLanguage":"de"},{"@type":"Organization","@id":"https:\/\/www.food4animals.nl\/en\/#organization","name":"Lebensmittel4Tiere","url":"https:\/\/www.food4animals.nl\/en\/","logo":{"@type":"ImageObject","inLanguage":"de","@id":"https:\/\/www.food4animals.nl\/en\/#\/schema\/logo\/image\/","url":"https:\/\/www.food4animals.nl\/wp-content\/uploads\/2023\/10\/Logo.svg","contentUrl":"https:\/\/www.food4animals.nl\/wp-content\/uploads\/2023\/10\/Logo.svg","width":1,"height":1,"caption":"Food4animals"},"image":{"@id":"https:\/\/www.food4animals.nl\/en\/#\/schema\/logo\/image\/"},"sameAs":["https:\/\/www.facebook.com\/p\/Food4animals-100063861676074\/","https:\/\/x.com\/food4animals"]}]}},"_links":{"self":[{"href":"https:\/\/www.food4animals.nl\/de\/wp-json\/wp\/v2\/product\/4618","targetHints":{"allow":["GET"]}}],"collection":[{"href":"https:\/\/www.food4animals.nl\/de\/wp-json\/wp\/v2\/product"}],"about":[{"href":"https:\/\/www.food4animals.nl\/de\/wp-json\/wp\/v2\/types\/product"}],"wp:featuredmedia":[{"embeddable":true,"href":"https:\/\/www.food4animals.nl\/de\/wp-json\/wp\/v2\/media\/2776"}],"wp:attachment":[{"href":"https:\/\/www.food4animals.nl\/de\/wp-json\/wp\/v2\/media?parent=4618"}],"wp:term":[{"taxonomy":"product_brand","embeddable":true,"href":"https:\/\/www.food4animals.nl\/de\/wp-json\/wp\/v2\/product_brand?post=4618"},{"taxonomy":"product_cat","embeddable":true,"href":"https:\/\/www.food4animals.nl\/de\/wp-json\/wp\/v2\/product_cat?post=4618"},{"taxonomy":"product_tag","embeddable":true,"href":"https:\/\/www.food4animals.nl\/de\/wp-json\/wp\/v2\/product_tag?post=4618"}],"curies":[{"name":"wp","href":"https:\/\/api.w.org\/{rel}","templated":true}]}}