{"id":4678,"date":"2023-11-17T11:42:55","date_gmt":"2023-11-17T11:42:55","guid":{"rendered":"https:\/\/food4animals.nl\/product\/cattle-bullet\/"},"modified":"2026-04-21T01:06:20","modified_gmt":"2026-04-21T00:06:20","slug":"cattle-bullet","status":"publish","type":"product","link":"https:\/\/www.food4animals.nl\/de\/produkt\/cattle-bullet\/","title":{"rendered":"Rinderkugel"},"content":{"rendered":"<p><span style=\"font-size: 10pt;\">Cattle Bullet, ook wel de <strong>droogstandbolus<\/strong> genoemd, is een speciaal ontwikkeld aanvullend diervoeder (mineraal dieetvoeder) voor gras gevoederd rundvee. De bolus is bedoeld voor gebruik tijdens de periode rondom het afkalven en biedt een <strong>werkingsduur van 4 maanden.<\/strong> Het voederadvies is 2 onbeschadigde bolussen per dier (vanaf 150kg lichaamsgewicht).<\/p>\n<p><\/span><span style=\"font-size: 10pt;\">De bolus bevat een combinatie van essenti\u00eble sporenelementen en vitaminen, waaronder zink, mangaan, koper, jodium, kobalt, selenium, vitamine A, D3 en E.<\/p>\n<p><\/span><span style=\"font-size: 10pt;\">Er zijn veel redenen waarom steeds meer boeren kiezen voor een mineralenbolus. Een van de belangrijkste voordelen is de <strong>continue gecontroleerde afgifte<\/strong> van mineralen, waardoor een constante mineralenbalans wordt behouden. Dit is vooral belangrijk omdat koeien richting het moment van afkalven<strong> steeds minder eten<\/strong> (droge stof opname loopt terug). Met Cattle Bullet bent u <strong>verzekerd dat de juiste vitaminen en sporenelementen over een periode van 4 maanden dagelijks vrijkomen<\/strong> voor de koe. Andere voordelen zijn de <strong>gemakkelijke toediening<\/strong>, <strong>betere opname<\/strong> van mineralen, minder vervuiling in de stal en het feit dat bolussen niet afhankelijk zijn van de smaak van de koe. Kortom, een mineralen bolus biedt vele voordelen voor het behoud van de gezondheid van koeien en is een effectieve manier om de gezondheid van de veestapel optimaal te ondersteunen.<\/span><\/p>\n<p><span style=\"font-size: 10pt;\"><strong>F\u00fctterungshinweise:<\/strong> 2 onbeschadigde bolussen per dier (vanaf 150kg lichaamsgewicht).<br \/><\/span><span style=\"font-size: 10pt;\">Werkingsduur na toediening is 4 maanden.<\/span><span style=\"color: #000000; font-size: 10pt;\"><br \/><\/span><\/p>\n<p><span style=\"color: #000000; font-size: 10pt;\">De bolus kan worden toegediend door middel van de gekleurde ringen in de bolusschieter (27 mm).<\/span><\/p>\n<p><span style=\"font-size: 10pt;\"><strong><strong>Algemene Informatie over de Mineralenbolus:<br \/><\/strong><strong>*\u00a0<\/strong><a href=\"https:\/\/www.boerenwinkel.nl\/imagestream\/stream\/14779\/Wat_is_een_Mineralen_Bolus.pdf\">Was ist ein Mineralbolus?<\/a><br \/><strong>*\u00a0<\/strong><a href=\"https:\/\/www.boerenwinkel.nl\/imagestream\/stream\/14775\/Voordelen_van_de_Mineralen_Bolus.pdf\">Vorteile des Mineralbolus.<\/a><br \/><strong>*\u00a0<\/strong><a href=\"https:\/\/www.boerenwinkel.nl\/imagestream\/stream\/14767\/Mineralen_Bolus_Wetenschappelijk_onderzocht.pdf\">Der Mineralien Bolus wissenschaftlich erforscht.<\/a><br \/><strong>*\u00a0<\/strong><a href=\"https:\/\/www.boerenwinkel.nl\/imagestream\/stream\/14773\/Vergelijking_Mineralen_Bolussen.pdf\">Vergleich Mineralbolus.<\/a><br \/><strong>*\u00a0<\/strong><a href=\"https:\/\/www.boerenwinkel.nl\/imagestream\/stream\/14777\/Waarom_een_mineralen_bolus_verstrekken_in_plaats_van_poedermineralen.pdf\">Warum ein Mineralbolus anstelle eines Pulvers?<\/a><br \/><strong>*\u00a0<\/strong><a title=\"Kleine Ver\u00e4nderungen in der Ern\u00e4hrung, gro\u00dfe Auswirkungen auf die Fruchtbarkeit von Milchk\u00fchen\" href=\"https:\/\/www.boerenwinkel.nl\/imagestream\/stream\/14765\/Kleine_veranderingen_in_de_voeding_grote_gevolgen_voor_de_vruchtbaarheid_van_de_melkkoeien.pdf\" target=\"_blank\" rel=\"noopener\">Kleine Ver\u00e4nderungen in der Ern\u00e4hrung, gro\u00dfe Auswirkungen auf die Fruchtbarkeit von Milchk\u00fchen.<\/a><br \/><strong>*\u00a0<\/strong><a href=\"https:\/\/www.boerenwinkel.nl\/imagestream\/stream\/14780\/Mineralen_Bolussene_in_combinatie_met_de_Repidose_Bolus.pdf\">Mineralbolus in Kombination mit dem Repidosebolus.<\/a><br \/><\/strong><\/span><\/p>\n<p><span style=\"font-size: 10pt;\"><strong><em><br \/><\/em><\/strong><\/span><\/p>\n<p><span style=\"color: #ffffff; font-size: 10pt;\">private<\/span><br \/><span style=\"color: #ffffff; font-size: 10pt;\">Mineralenbolus bolus mineralen afkalven melkziekte<\/span><\/p>","protected":false},"excerpt":{"rendered":"<p>Mineralenbolus voor rondom afkalven met een werkingsduur van 4 maanden.\u00a0<\/p>","protected":false},"featured_media":2972,"template":"","meta":{"_acf_changed":false},"product_brand":[],"product_cat":[882,834],"product_tag":[1499,1545,1543,883,1137,1494,1134,1141,814,1133,1132,1380],"class_list":{"0":"post-4678","1":"product","2":"type-product","3":"status-publish","4":"has-post-thumbnail","6":"product_cat-afkalven","7":"product_cat-rund","8":"product_tag-bolus","9":"product_tag-droogstand","10":"product_tag-droogzetten","11":"product_tag-excellent","12":"product_tag-kopergebrek","13":"product_tag-melkziekte","14":"product_tag-mineralen","15":"product_tag-originele-bolus","16":"product_tag-rund","17":"product_tag-vitaminen","18":"product_tag-vruchtbaarheid","19":"product_tag-weerstand","20":"tax_brand-holland-animal-care","22":"first","23":"instock","24":"taxable","25":"shipping-taxable","26":"purchasable","27":"product-type-simple"},"acf":[],"yoast_head":"<!-- This site is optimized with the Yoast SEO plugin v27.4 - https:\/\/yoast.com\/product\/yoast-seo-wordpress\/ -->\n<title>Cattle Bullet - Food4animals<\/title>\n<meta name=\"robots\" content=\"index, follow, max-snippet:-1, max-image-preview:large, max-video-preview:-1\" \/>\n<link rel=\"canonical\" href=\"https:\/\/www.food4animals.nl\/de\/produkt\/cattle-bullet\/\" \/>\n<meta property=\"og:locale\" content=\"de_DE\" \/>\n<meta property=\"og:type\" content=\"article\" \/>\n<meta property=\"og:title\" content=\"Cattle Bullet - Food4animals\" \/>\n<meta property=\"og:description\" content=\"Mineralenbolus voor rondom afkalven met een werkingsduur van 4 maanden.\u00a0\" \/>\n<meta property=\"og:url\" content=\"https:\/\/www.food4animals.nl\/de\/produkt\/cattle-bullet\/\" \/>\n<meta property=\"og:site_name\" content=\"Food4animals\" \/>\n<meta property=\"article:publisher\" content=\"https:\/\/www.facebook.com\/p\/Food4animals-100063861676074\/\" \/>\n<meta property=\"article:modified_time\" content=\"2026-04-21T00:06:20+00:00\" \/>\n<meta property=\"og:image\" content=\"https:\/\/www.food4animals.nl\/wp-content\/uploads\/2023\/10\/86773.png\" \/>\n\t<meta property=\"og:image:width\" content=\"1024\" \/>\n\t<meta property=\"og:image:height\" content=\"1024\" \/>\n\t<meta property=\"og:image:type\" content=\"image\/png\" \/>\n<meta name=\"twitter:card\" content=\"summary_large_image\" \/>\n<meta name=\"twitter:site\" content=\"@food4animals\" \/>\n<meta name=\"twitter:label1\" content=\"Gesch\u00e4tzte Lesezeit\" \/>\n\t<meta name=\"twitter:data1\" content=\"1\u00a0Minute\" \/>\n<script type=\"application\/ld+json\" class=\"yoast-schema-graph\">{\"@context\":\"https:\\\/\\\/schema.org\",\"@graph\":[{\"@type\":\"WebPage\",\"@id\":\"https:\\\/\\\/www.food4animals.nl\\\/product\\\/cattle-bullet\\\/\",\"url\":\"https:\\\/\\\/www.food4animals.nl\\\/product\\\/cattle-bullet\\\/\",\"name\":\"Cattle Bullet - Food4animals\",\"isPartOf\":{\"@id\":\"https:\\\/\\\/www.food4animals.nl\\\/en\\\/#website\"},\"primaryImageOfPage\":{\"@id\":\"https:\\\/\\\/www.food4animals.nl\\\/product\\\/cattle-bullet\\\/#primaryimage\"},\"image\":{\"@id\":\"https:\\\/\\\/www.food4animals.nl\\\/product\\\/cattle-bullet\\\/#primaryimage\"},\"thumbnailUrl\":\"https:\\\/\\\/www.food4animals.nl\\\/wp-content\\\/uploads\\\/2023\\\/10\\\/86773.png\",\"datePublished\":\"2023-11-17T11:42:55+00:00\",\"dateModified\":\"2026-04-21T00:06:20+00:00\",\"breadcrumb\":{\"@id\":\"https:\\\/\\\/www.food4animals.nl\\\/product\\\/cattle-bullet\\\/#breadcrumb\"},\"inLanguage\":\"de\",\"potentialAction\":[{\"@type\":\"ReadAction\",\"target\":[\"https:\\\/\\\/www.food4animals.nl\\\/product\\\/cattle-bullet\\\/\"]}]},{\"@type\":\"ImageObject\",\"inLanguage\":\"de\",\"@id\":\"https:\\\/\\\/www.food4animals.nl\\\/product\\\/cattle-bullet\\\/#primaryimage\",\"url\":\"https:\\\/\\\/www.food4animals.nl\\\/wp-content\\\/uploads\\\/2023\\\/10\\\/86773.png\",\"contentUrl\":\"https:\\\/\\\/www.food4animals.nl\\\/wp-content\\\/uploads\\\/2023\\\/10\\\/86773.png\",\"width\":1024,\"height\":1024},{\"@type\":\"BreadcrumbList\",\"@id\":\"https:\\\/\\\/www.food4animals.nl\\\/product\\\/cattle-bullet\\\/#breadcrumb\",\"itemListElement\":[{\"@type\":\"ListItem\",\"position\":1,\"name\":\"Home\",\"item\":\"https:\\\/\\\/www.food4animals.nl\\\/\"},{\"@type\":\"ListItem\",\"position\":2,\"name\":\"Winkel\",\"item\":\"https:\\\/\\\/www.food4animals.nl\\\/winkel\\\/\"},{\"@type\":\"ListItem\",\"position\":3,\"name\":\"Cattle Bullet\"}]},{\"@type\":\"WebSite\",\"@id\":\"https:\\\/\\\/www.food4animals.nl\\\/en\\\/#website\",\"url\":\"https:\\\/\\\/www.food4animals.nl\\\/en\\\/\",\"name\":\"Food4animals\",\"description\":\"Alles voor Ruiter en Dier\",\"publisher\":{\"@id\":\"https:\\\/\\\/www.food4animals.nl\\\/en\\\/#organization\"},\"potentialAction\":[{\"@type\":\"SearchAction\",\"target\":{\"@type\":\"EntryPoint\",\"urlTemplate\":\"https:\\\/\\\/www.food4animals.nl\\\/en\\\/?s={search_term_string}\"},\"query-input\":{\"@type\":\"PropertyValueSpecification\",\"valueRequired\":true,\"valueName\":\"search_term_string\"}}],\"inLanguage\":\"de\"},{\"@type\":\"Organization\",\"@id\":\"https:\\\/\\\/www.food4animals.nl\\\/en\\\/#organization\",\"name\":\"Food4animals\",\"url\":\"https:\\\/\\\/www.food4animals.nl\\\/en\\\/\",\"logo\":{\"@type\":\"ImageObject\",\"inLanguage\":\"de\",\"@id\":\"https:\\\/\\\/www.food4animals.nl\\\/en\\\/#\\\/schema\\\/logo\\\/image\\\/\",\"url\":\"https:\\\/\\\/www.food4animals.nl\\\/wp-content\\\/uploads\\\/2023\\\/10\\\/Logo.svg\",\"contentUrl\":\"https:\\\/\\\/www.food4animals.nl\\\/wp-content\\\/uploads\\\/2023\\\/10\\\/Logo.svg\",\"width\":1,\"height\":1,\"caption\":\"Food4animals\"},\"image\":{\"@id\":\"https:\\\/\\\/www.food4animals.nl\\\/en\\\/#\\\/schema\\\/logo\\\/image\\\/\"},\"sameAs\":[\"https:\\\/\\\/www.facebook.com\\\/p\\\/Food4animals-100063861676074\\\/\",\"https:\\\/\\\/x.com\\\/food4animals\"]}]}<\/script>\n<!-- \/ Yoast SEO plugin. -->","yoast_head_json":{"title":"Cattle Bullet - Food4animals","robots":{"index":"index","follow":"follow","max-snippet":"max-snippet:-1","max-image-preview":"max-image-preview:large","max-video-preview":"max-video-preview:-1"},"canonical":"https:\/\/www.food4animals.nl\/de\/produkt\/cattle-bullet\/","og_locale":"de_DE","og_type":"article","og_title":"Cattle Bullet - Food4animals","og_description":"Mineralenbolus voor rondom afkalven met een werkingsduur van 4 maanden.\u00a0","og_url":"https:\/\/www.food4animals.nl\/de\/produkt\/cattle-bullet\/","og_site_name":"Food4animals","article_publisher":"https:\/\/www.facebook.com\/p\/Food4animals-100063861676074\/","article_modified_time":"2026-04-21T00:06:20+00:00","og_image":[{"width":1024,"height":1024,"url":"https:\/\/www.food4animals.nl\/wp-content\/uploads\/2023\/10\/86773.png","type":"image\/png"}],"twitter_card":"summary_large_image","twitter_site":"@food4animals","twitter_misc":{"Gesch\u00e4tzte Lesezeit":"1\u00a0Minute"},"schema":{"@context":"https:\/\/schema.org","@graph":[{"@type":"WebPage","@id":"https:\/\/www.food4animals.nl\/product\/cattle-bullet\/","url":"https:\/\/www.food4animals.nl\/product\/cattle-bullet\/","name":"Cattle Bullet - Food4animals","isPartOf":{"@id":"https:\/\/www.food4animals.nl\/en\/#website"},"primaryImageOfPage":{"@id":"https:\/\/www.food4animals.nl\/product\/cattle-bullet\/#primaryimage"},"image":{"@id":"https:\/\/www.food4animals.nl\/product\/cattle-bullet\/#primaryimage"},"thumbnailUrl":"https:\/\/www.food4animals.nl\/wp-content\/uploads\/2023\/10\/86773.png","datePublished":"2023-11-17T11:42:55+00:00","dateModified":"2026-04-21T00:06:20+00:00","breadcrumb":{"@id":"https:\/\/www.food4animals.nl\/product\/cattle-bullet\/#breadcrumb"},"inLanguage":"de","potentialAction":[{"@type":"ReadAction","target":["https:\/\/www.food4animals.nl\/product\/cattle-bullet\/"]}]},{"@type":"ImageObject","inLanguage":"de","@id":"https:\/\/www.food4animals.nl\/product\/cattle-bullet\/#primaryimage","url":"https:\/\/www.food4animals.nl\/wp-content\/uploads\/2023\/10\/86773.png","contentUrl":"https:\/\/www.food4animals.nl\/wp-content\/uploads\/2023\/10\/86773.png","width":1024,"height":1024},{"@type":"BreadcrumbList","@id":"https:\/\/www.food4animals.nl\/product\/cattle-bullet\/#breadcrumb","itemListElement":[{"@type":"ListItem","position":1,"name":"Home","item":"https:\/\/www.food4animals.nl\/"},{"@type":"ListItem","position":2,"name":"Winkel","item":"https:\/\/www.food4animals.nl\/winkel\/"},{"@type":"ListItem","position":3,"name":"Cattle Bullet"}]},{"@type":"WebSite","@id":"https:\/\/www.food4animals.nl\/en\/#website","url":"https:\/\/www.food4animals.nl\/en\/","name":"Lebensmittel4Tiere","description":"Alles f\u00fcr Reiter und Tier","publisher":{"@id":"https:\/\/www.food4animals.nl\/en\/#organization"},"potentialAction":[{"@type":"SearchAction","target":{"@type":"EntryPoint","urlTemplate":"https:\/\/www.food4animals.nl\/en\/?s={search_term_string}"},"query-input":{"@type":"PropertyValueSpecification","valueRequired":true,"valueName":"search_term_string"}}],"inLanguage":"de"},{"@type":"Organization","@id":"https:\/\/www.food4animals.nl\/en\/#organization","name":"Lebensmittel4Tiere","url":"https:\/\/www.food4animals.nl\/en\/","logo":{"@type":"ImageObject","inLanguage":"de","@id":"https:\/\/www.food4animals.nl\/en\/#\/schema\/logo\/image\/","url":"https:\/\/www.food4animals.nl\/wp-content\/uploads\/2023\/10\/Logo.svg","contentUrl":"https:\/\/www.food4animals.nl\/wp-content\/uploads\/2023\/10\/Logo.svg","width":1,"height":1,"caption":"Food4animals"},"image":{"@id":"https:\/\/www.food4animals.nl\/en\/#\/schema\/logo\/image\/"},"sameAs":["https:\/\/www.facebook.com\/p\/Food4animals-100063861676074\/","https:\/\/x.com\/food4animals"]}]}},"_links":{"self":[{"href":"https:\/\/www.food4animals.nl\/de\/wp-json\/wp\/v2\/product\/4678","targetHints":{"allow":["GET"]}}],"collection":[{"href":"https:\/\/www.food4animals.nl\/de\/wp-json\/wp\/v2\/product"}],"about":[{"href":"https:\/\/www.food4animals.nl\/de\/wp-json\/wp\/v2\/types\/product"}],"wp:featuredmedia":[{"embeddable":true,"href":"https:\/\/www.food4animals.nl\/de\/wp-json\/wp\/v2\/media\/2972"}],"wp:attachment":[{"href":"https:\/\/www.food4animals.nl\/de\/wp-json\/wp\/v2\/media?parent=4678"}],"wp:term":[{"taxonomy":"product_brand","embeddable":true,"href":"https:\/\/www.food4animals.nl\/de\/wp-json\/wp\/v2\/product_brand?post=4678"},{"taxonomy":"product_cat","embeddable":true,"href":"https:\/\/www.food4animals.nl\/de\/wp-json\/wp\/v2\/product_cat?post=4678"},{"taxonomy":"product_tag","embeddable":true,"href":"https:\/\/www.food4animals.nl\/de\/wp-json\/wp\/v2\/product_tag?post=4678"}],"curies":[{"name":"wp","href":"https:\/\/api.w.org\/{rel}","templated":true}]}}