{"id":4866,"date":"2023-11-17T13:36:27","date_gmt":"2023-11-17T13:36:27","guid":{"rendered":"https:\/\/food4animals.nl\/product\/colstart-plus-2\/"},"modified":"2026-04-13T01:09:03","modified_gmt":"2026-04-13T00:09:03","slug":"colstart-plus-2","status":"publish","type":"product","link":"https:\/\/www.food4animals.nl\/de\/produkt\/colstart-plus-2\/","title":{"rendered":"Colstart Plus"},"content":{"rendered":"<p><span style=\"font-size: 10pt;\">Das Kolostralmilchpulver f\u00fcr neugeborene, schwache oder mutterlose L\u00e4mmer und\/oder Mehrlingsgeburten. Kann sowohl zur Anreicherung von Kolostrum unzureichender Qualit\u00e4t oder Quantit\u00e4t als auch als Ersatzkolostrum f\u00fcr neugeborene Tiere verwendet werden.<\/span><\/p>\n<h3 style=\"margin-bottom: 10px;\"><span style=\"font-size: 10pt;\">Colstart Plus<\/span><\/h3>\n<p><span style=\"font-size: 10pt;\">Das stabilisierte, spr\u00fchgetrocknete Colostrum-Pulver auf Basis von 100% nat\u00fcrlichem Rindercolostrum. Mit allen urspr\u00fcnglichen Inhaltsstoffen, nicht entfettet und daher voller Energie! Enth\u00e4lt auch extra zugesetzte Vitamine und Spurenelemente. Durch die Erhitzung ist das Kolostrum frei von Keimen. Es l\u00f6st sich perfekt auf und ist super schmackhaft, was die Aufnahme f\u00f6rdert. Kurzum, Colstart Plus f\u00fcr den bestm\u00f6glichen Start f\u00fcr jedes Lamm.<\/span><\/p>\n<h3 style=\"margin-bottom: 10px;\"><span style=\"font-size: 10pt;\">Kolostrum<\/span><\/h3>\n<p><span style=\"font-size: 10pt;\">Die erste Milch, auch Kolostrum genannt, muss von sehr hoher Qualit\u00e4t sein und alle N\u00e4hrstoffe enthalten, um dem neugeborenen Lamm den bestm\u00f6glichen Start zu erm\u00f6glichen.<\/span><\/p>\n<p><span style=\"font-size: 10pt;\"><strong>Was ist damit gemeint?<\/strong><\/span><\/p>\n<p><span style=\"font-size: 10pt;\">Enth\u00e4lt reichlich Antik\u00f6rper (IgG) zur Unterst\u00fctzung der Immunit\u00e4tsbildung. Mindestens 50 Gramm IgG pro Liter (Brix-Wert von mindestens 22).<\/span><\/p>\n<p><span style=\"font-size: 10pt;\">Au\u00dferdem enth\u00e4lt das Kolostrum von Natur aus Kolostrumfett, das die Hauptenergiequelle f\u00fcr das neugeborene Lamm ist. Neugeborene L\u00e4mmer k\u00f6nnen ihre eigene Temperatur noch nicht richtig regulieren. Die Energie des Lammes h\u00e4ngt weitgehend von diesem Kolostrumfett ab. Es enth\u00e4lt bestimmte Fette, die das Lamm in W\u00e4rme umwandeln kann. Das Vorhandensein dieses Kolostrumfetts ist daher f\u00fcr das Lamm unerl\u00e4sslich<\/span><\/p>\n<p><span style=\"font-size: 10pt;\">Schlie\u00dflich enth\u00e4lt Kolostrumfett die fettl\u00f6slichen Vitamine A, D, E und K. Kolostrum enth\u00e4lt auch andere wichtige N\u00e4hrstoffe, wie <em>Lactoferrin<\/em>ein Protein, das die Entwicklung des Darms und die Widerstandsf\u00e4higkeit stimuliert.<\/span><\/p>\n<h3 style=\"margin-bottom: 10px;\"><span style=\"font-size: 10pt;\">Vorteile Colstart Plus<\/span><\/h3>\n<p><span style=\"font-size: 10pt;\">Im Vergleich zu anderen Produkten, die nicht auf ganzem Kolostrum basieren, in einer Reihe:<\/span><\/p>\n<table style=\"width: 100%;\">\n<tbody>\n<tr>\n<th style=\"width: 60%;\">\u00a0<\/th>\n<th style=\"width: 20%;\"><center><span style=\"font-size: 10pt;\">Teilweise <\/span><br \/><span style=\"font-size: 10pt;\">Colostrum-Produkte<\/span><\/center><\/th>\n<th style=\"width: 20%;\"><center><span style=\"font-size: 10pt;\">Colstart Plus<\/span><\/center><\/th>\n<\/tr>\n<tr>\n<td style=\"width: 60%;\"><span style=\"font-size: 10pt;\">Basierend auf vollst\u00e4ndigem Kolostrum<\/span><\/td>\n<td style=\"width: 20%;\"><center><span style=\"font-size: 10pt;\">\u274c<\/span><\/center><\/td>\n<td style=\"width: 20%;\"><center><span style=\"font-size: 10pt;\">\u2705<\/span><\/center><\/td>\n<\/tr>\n<tr>\n<td style=\"width: 60%;\"><span style=\"font-size: 10pt;\">Enth\u00e4lt Antik\u00f6rper (IgGs)<\/span><\/td>\n<td style=\"width: 20%;\"><center><span style=\"font-size: 10pt;\">\u2705<\/span><\/center><\/td>\n<td style=\"width: 20%;\"><center><span style=\"font-size: 10pt;\">\u2705<\/span><\/center><\/td>\n<\/tr>\n<tr>\n<td style=\"width: 60%;\"><span style=\"font-size: 10pt;\">Enth\u00e4lt Kolostrumfett und stimuliert die Thermoregulation<\/span><\/td>\n<td style=\"width: 20%;\"><center><span style=\"font-size: 10pt;\">\u274c<\/span><\/center><\/td>\n<td style=\"width: 20%;\"><center><span style=\"font-size: 10pt;\">\u2705<\/span><\/center><\/td>\n<\/tr>\n<tr>\n<td style=\"width: 60%;\"><span style=\"font-size: 10pt;\">Enth\u00e4lt Lactoferrin und stimuliert die Darmentwicklung<\/span><\/td>\n<td style=\"width: 20%;\"><center><span style=\"font-size: 10pt;\">\u274c<\/span><\/center><\/td>\n<td style=\"width: 20%;\"><center><span style=\"font-size: 10pt;\">\u2705<\/span><\/center><\/td>\n<\/tr>\n<tr>\n<td style=\"width: 60%;\"><span style=\"font-size: 10pt;\">Enth\u00e4lt alle nat\u00fcrlichen bioaktiven Komponenten f\u00fcr die Entwicklung der L\u00e4mmer<\/span><\/td>\n<td style=\"width: 20%;\"><center><span style=\"font-size: 10pt;\">\u274c<\/span><\/center><\/td>\n<td style=\"width: 20%;\"><center><span style=\"font-size: 10pt;\">\u2705<\/span><\/center><\/td>\n<\/tr>\n<tr>\n<td style=\"width: 60%;\"><span style=\"font-size: 10pt;\">Enth\u00e4lt keine Molke und kein Proteinpulver (IgY) als F\u00fcllstoff<\/span><\/td>\n<td style=\"width: 20%;\"><center><span style=\"font-size: 10pt;\">\u274c<\/span><\/center><\/td>\n<td style=\"width: 20%;\"><center><span style=\"font-size: 10pt;\">\u2705<\/span><\/center><\/td>\n<\/tr>\n<\/tbody>\n<\/table>\n<p>\u00a0<\/p>\n<h3 style=\"margin-bottom: 10px;\"><span style=\"font-size: 10pt;\">Colstart Plus ist nicht umsonst die erste Wahl der Fachleute!<\/span><\/h3>\n<p>\u00a0<\/p>\n<h3 style=\"margin-bottom: 10px;\"><span style=\"font-size: 10pt;\">F\u00fctterungshinweise<\/span><\/h3>\n<p><span style=\"font-size: 10pt;\"><em>Erg\u00e4nzend:<\/em> L\u00f6sen Sie 25-50 Gramm (1-2 Beutel) in 50-100 ml lauwarmem Wasser (45\u00b0C) auf. R\u00fchren oder sch\u00fctteln, bis eine homogene L\u00f6sung entstanden ist. So bald wie m\u00f6glich nach der Geburt, aber auf jeden Fall innerhalb von 6 Stunden nach der Geburt verabreichen.<\/span><\/p>\n<p><span style=\"font-size: 10pt;\"><em>Ersetzen:<\/em> Basierend auf dem Geburtsgewicht des Lammes. <a href=\"#productSpecifications\" data-toggle=\"tab\">Siehe Etikett.<\/a><\/span><\/p>\n<p><span style=\"font-size: 10pt;\"><em>Bemerkung:<\/em> Nicht in der Mikrowelle aufw\u00e4rmen.<\/span><\/p>\n<p>\u00a0<\/p>","protected":false},"excerpt":{"rendered":"<p>Kolostrum f\u00fcr neugeborene, mutterlose oder schwache L\u00e4mmer und Mehrlingsgeburten.\u00a0<\/p>","protected":false},"featured_media":3480,"template":"","meta":{"_acf_changed":false},"product_brand":[],"product_cat":[1606,1243],"product_tag":[1609,1616,883,885,839,845,1607,1380],"class_list":{"0":"post-4866","1":"product","2":"type-product","3":"status-publish","4":"has-post-thumbnail","6":"product_cat-aflammeren","7":"product_cat-schaap-en-geit","8":"product_tag-colostrum","9":"product_tag-colstart","10":"product_tag-excellent","11":"product_tag-geboorte","12":"product_tag-schaap-en-geit","13":"product_tag-schapenspecial_2022","14":"product_tag-voeding","15":"product_tag-weerstand","16":"tax_brand-holland-animal-care","18":"first","19":"instock","20":"taxable","21":"shipping-taxable","22":"purchasable","23":"product-type-simple"},"acf":[],"yoast_head":"<!-- This site is optimized with the Yoast SEO plugin v27.2 - https:\/\/yoast.com\/product\/yoast-seo-wordpress\/ -->\n<title>Colstart Plus - Food4animals<\/title>\n<meta name=\"robots\" content=\"index, follow, max-snippet:-1, max-image-preview:large, max-video-preview:-1\" \/>\n<link rel=\"canonical\" href=\"https:\/\/www.food4animals.nl\/de\/produkt\/colstart-plus-2\/\" \/>\n<meta property=\"og:locale\" content=\"de_DE\" \/>\n<meta property=\"og:type\" content=\"article\" \/>\n<meta property=\"og:title\" content=\"Colstart Plus - Food4animals\" \/>\n<meta property=\"og:description\" content=\"Colostrum voor pasgeboren, moederloze of zwakke lammeren en meerlingen.\u00a0\" \/>\n<meta property=\"og:url\" content=\"https:\/\/www.food4animals.nl\/de\/produkt\/colstart-plus-2\/\" \/>\n<meta property=\"og:site_name\" content=\"Food4animals\" \/>\n<meta property=\"article:publisher\" content=\"https:\/\/www.facebook.com\/p\/Food4animals-100063861676074\/\" \/>\n<meta property=\"article:modified_time\" content=\"2026-04-13T00:09:03+00:00\" \/>\n<meta property=\"og:image\" content=\"https:\/\/www.food4animals.nl\/wp-content\/uploads\/2023\/10\/87041-scaled.jpeg\" \/>\n\t<meta property=\"og:image:width\" content=\"2560\" \/>\n\t<meta property=\"og:image:height\" content=\"2266\" \/>\n\t<meta property=\"og:image:type\" content=\"image\/jpeg\" \/>\n<meta name=\"twitter:card\" content=\"summary_large_image\" \/>\n<meta name=\"twitter:site\" content=\"@food4animals\" \/>\n<meta name=\"twitter:label1\" content=\"Gesch\u00e4tzte Lesezeit\" \/>\n\t<meta name=\"twitter:data1\" content=\"2\u00a0Minuten\" \/>\n<script type=\"application\/ld+json\" class=\"yoast-schema-graph\">{\"@context\":\"https:\/\/schema.org\",\"@graph\":[{\"@type\":\"WebPage\",\"@id\":\"https:\/\/www.food4animals.nl\/product\/colstart-plus-2\/\",\"url\":\"https:\/\/www.food4animals.nl\/product\/colstart-plus-2\/\",\"name\":\"Colstart Plus - Food4animals\",\"isPartOf\":{\"@id\":\"https:\/\/www.food4animals.nl\/en\/#website\"},\"primaryImageOfPage\":{\"@id\":\"https:\/\/www.food4animals.nl\/product\/colstart-plus-2\/#primaryimage\"},\"image\":{\"@id\":\"https:\/\/www.food4animals.nl\/product\/colstart-plus-2\/#primaryimage\"},\"thumbnailUrl\":\"https:\/\/www.food4animals.nl\/wp-content\/uploads\/2023\/10\/87041-scaled.jpeg\",\"datePublished\":\"2023-11-17T13:36:27+00:00\",\"dateModified\":\"2026-04-13T00:09:03+00:00\",\"breadcrumb\":{\"@id\":\"https:\/\/www.food4animals.nl\/product\/colstart-plus-2\/#breadcrumb\"},\"inLanguage\":\"de\",\"potentialAction\":[{\"@type\":\"ReadAction\",\"target\":[\"https:\/\/www.food4animals.nl\/product\/colstart-plus-2\/\"]}]},{\"@type\":\"ImageObject\",\"inLanguage\":\"de\",\"@id\":\"https:\/\/www.food4animals.nl\/product\/colstart-plus-2\/#primaryimage\",\"url\":\"https:\/\/www.food4animals.nl\/wp-content\/uploads\/2023\/10\/87041-scaled.jpeg\",\"contentUrl\":\"https:\/\/www.food4animals.nl\/wp-content\/uploads\/2023\/10\/87041-scaled.jpeg\",\"width\":2560,\"height\":2266},{\"@type\":\"BreadcrumbList\",\"@id\":\"https:\/\/www.food4animals.nl\/product\/colstart-plus-2\/#breadcrumb\",\"itemListElement\":[{\"@type\":\"ListItem\",\"position\":1,\"name\":\"Home\",\"item\":\"https:\/\/www.food4animals.nl\/\"},{\"@type\":\"ListItem\",\"position\":2,\"name\":\"Winkel\",\"item\":\"https:\/\/www.food4animals.nl\/winkel\/\"},{\"@type\":\"ListItem\",\"position\":3,\"name\":\"Colstart Plus\"}]},{\"@type\":\"WebSite\",\"@id\":\"https:\/\/www.food4animals.nl\/en\/#website\",\"url\":\"https:\/\/www.food4animals.nl\/en\/\",\"name\":\"Food4animals\",\"description\":\"Alles voor Ruiter en Dier\",\"publisher\":{\"@id\":\"https:\/\/www.food4animals.nl\/en\/#organization\"},\"potentialAction\":[{\"@type\":\"SearchAction\",\"target\":{\"@type\":\"EntryPoint\",\"urlTemplate\":\"https:\/\/www.food4animals.nl\/en\/?s={search_term_string}\"},\"query-input\":{\"@type\":\"PropertyValueSpecification\",\"valueRequired\":true,\"valueName\":\"search_term_string\"}}],\"inLanguage\":\"de\"},{\"@type\":\"Organization\",\"@id\":\"https:\/\/www.food4animals.nl\/en\/#organization\",\"name\":\"Food4animals\",\"url\":\"https:\/\/www.food4animals.nl\/en\/\",\"logo\":{\"@type\":\"ImageObject\",\"inLanguage\":\"de\",\"@id\":\"https:\/\/www.food4animals.nl\/en\/#\/schema\/logo\/image\/\",\"url\":\"https:\/\/www.food4animals.nl\/wp-content\/uploads\/2023\/10\/Logo.svg\",\"contentUrl\":\"https:\/\/www.food4animals.nl\/wp-content\/uploads\/2023\/10\/Logo.svg\",\"width\":1,\"height\":1,\"caption\":\"Food4animals\"},\"image\":{\"@id\":\"https:\/\/www.food4animals.nl\/en\/#\/schema\/logo\/image\/\"},\"sameAs\":[\"https:\/\/www.facebook.com\/p\/Food4animals-100063861676074\/\",\"https:\/\/x.com\/food4animals\"]}]}<\/script>\n<!-- \/ Yoast SEO plugin. -->","yoast_head_json":{"title":"Colstart Plus - Futter4Tiere","robots":{"index":"index","follow":"follow","max-snippet":"max-snippet:-1","max-image-preview":"max-image-preview:large","max-video-preview":"max-video-preview:-1"},"canonical":"https:\/\/www.food4animals.nl\/de\/produkt\/colstart-plus-2\/","og_locale":"de_DE","og_type":"article","og_title":"Colstart Plus - Food4animals","og_description":"Colostrum voor pasgeboren, moederloze of zwakke lammeren en meerlingen.\u00a0","og_url":"https:\/\/www.food4animals.nl\/de\/produkt\/colstart-plus-2\/","og_site_name":"Food4animals","article_publisher":"https:\/\/www.facebook.com\/p\/Food4animals-100063861676074\/","article_modified_time":"2026-04-13T00:09:03+00:00","og_image":[{"width":2560,"height":2266,"url":"https:\/\/www.food4animals.nl\/wp-content\/uploads\/2023\/10\/87041-scaled.jpeg","type":"image\/jpeg"}],"twitter_card":"summary_large_image","twitter_site":"@food4animals","twitter_misc":{"Gesch\u00e4tzte Lesezeit":"2\u00a0Minuten"},"schema":{"@context":"https:\/\/schema.org","@graph":[{"@type":"WebPage","@id":"https:\/\/www.food4animals.nl\/product\/colstart-plus-2\/","url":"https:\/\/www.food4animals.nl\/product\/colstart-plus-2\/","name":"Colstart Plus - Futter4Tiere","isPartOf":{"@id":"https:\/\/www.food4animals.nl\/en\/#website"},"primaryImageOfPage":{"@id":"https:\/\/www.food4animals.nl\/product\/colstart-plus-2\/#primaryimage"},"image":{"@id":"https:\/\/www.food4animals.nl\/product\/colstart-plus-2\/#primaryimage"},"thumbnailUrl":"https:\/\/www.food4animals.nl\/wp-content\/uploads\/2023\/10\/87041-scaled.jpeg","datePublished":"2023-11-17T13:36:27+00:00","dateModified":"2026-04-13T00:09:03+00:00","breadcrumb":{"@id":"https:\/\/www.food4animals.nl\/product\/colstart-plus-2\/#breadcrumb"},"inLanguage":"de","potentialAction":[{"@type":"ReadAction","target":["https:\/\/www.food4animals.nl\/product\/colstart-plus-2\/"]}]},{"@type":"ImageObject","inLanguage":"de","@id":"https:\/\/www.food4animals.nl\/product\/colstart-plus-2\/#primaryimage","url":"https:\/\/www.food4animals.nl\/wp-content\/uploads\/2023\/10\/87041-scaled.jpeg","contentUrl":"https:\/\/www.food4animals.nl\/wp-content\/uploads\/2023\/10\/87041-scaled.jpeg","width":2560,"height":2266},{"@type":"BreadcrumbList","@id":"https:\/\/www.food4animals.nl\/product\/colstart-plus-2\/#breadcrumb","itemListElement":[{"@type":"ListItem","position":1,"name":"Home","item":"https:\/\/www.food4animals.nl\/"},{"@type":"ListItem","position":2,"name":"Winkel","item":"https:\/\/www.food4animals.nl\/winkel\/"},{"@type":"ListItem","position":3,"name":"Colstart Plus"}]},{"@type":"WebSite","@id":"https:\/\/www.food4animals.nl\/en\/#website","url":"https:\/\/www.food4animals.nl\/en\/","name":"Lebensmittel4Tiere","description":"Alles f\u00fcr Reiter und Tier","publisher":{"@id":"https:\/\/www.food4animals.nl\/en\/#organization"},"potentialAction":[{"@type":"SearchAction","target":{"@type":"EntryPoint","urlTemplate":"https:\/\/www.food4animals.nl\/en\/?s={search_term_string}"},"query-input":{"@type":"PropertyValueSpecification","valueRequired":true,"valueName":"search_term_string"}}],"inLanguage":"de"},{"@type":"Organization","@id":"https:\/\/www.food4animals.nl\/en\/#organization","name":"Lebensmittel4Tiere","url":"https:\/\/www.food4animals.nl\/en\/","logo":{"@type":"ImageObject","inLanguage":"de","@id":"https:\/\/www.food4animals.nl\/en\/#\/schema\/logo\/image\/","url":"https:\/\/www.food4animals.nl\/wp-content\/uploads\/2023\/10\/Logo.svg","contentUrl":"https:\/\/www.food4animals.nl\/wp-content\/uploads\/2023\/10\/Logo.svg","width":1,"height":1,"caption":"Food4animals"},"image":{"@id":"https:\/\/www.food4animals.nl\/en\/#\/schema\/logo\/image\/"},"sameAs":["https:\/\/www.facebook.com\/p\/Food4animals-100063861676074\/","https:\/\/x.com\/food4animals"]}]}},"_links":{"self":[{"href":"https:\/\/www.food4animals.nl\/de\/wp-json\/wp\/v2\/product\/4866","targetHints":{"allow":["GET"]}}],"collection":[{"href":"https:\/\/www.food4animals.nl\/de\/wp-json\/wp\/v2\/product"}],"about":[{"href":"https:\/\/www.food4animals.nl\/de\/wp-json\/wp\/v2\/types\/product"}],"wp:featuredmedia":[{"embeddable":true,"href":"https:\/\/www.food4animals.nl\/de\/wp-json\/wp\/v2\/media\/3480"}],"wp:attachment":[{"href":"https:\/\/www.food4animals.nl\/de\/wp-json\/wp\/v2\/media?parent=4866"}],"wp:term":[{"taxonomy":"product_brand","embeddable":true,"href":"https:\/\/www.food4animals.nl\/de\/wp-json\/wp\/v2\/product_brand?post=4866"},{"taxonomy":"product_cat","embeddable":true,"href":"https:\/\/www.food4animals.nl\/de\/wp-json\/wp\/v2\/product_cat?post=4866"},{"taxonomy":"product_tag","embeddable":true,"href":"https:\/\/www.food4animals.nl\/de\/wp-json\/wp\/v2\/product_tag?post=4866"}],"curies":[{"name":"wp","href":"https:\/\/api.w.org\/{rel}","templated":true}]}}