{"id":4962,"date":"2023-11-17T13:37:51","date_gmt":"2023-11-17T13:37:51","guid":{"rendered":"https:\/\/food4animals.nl\/product\/coolpets-pull-me-crocky-rope-flamingo\/"},"modified":"2026-04-13T01:12:35","modified_gmt":"2026-04-13T00:12:35","slug":"coolpets-pull-me-crocky-rope-flamingo","status":"publish","type":"product","link":"https:\/\/www.food4animals.nl\/de\/produkt\/coolpets-pull-me-crocky-rope-flamingo\/","title":{"rendered":"CoolPets Zieh mich! Crocky Seil (Flamingo)"},"content":{"rendered":"<h2><span style=\"font-size: 10pt;\">CoolPets Zieh mich! Crocky-Seil<\/span><\/h2>\n<p><span style=\"font-size: 10pt;\">Dieses coole Krokodil ist das ideale Spielzeug f\u00fcr den Sommer! Das Krokodil schwimmt nicht nur - was nat\u00fcrlich beim Schwimmen Spa\u00df macht - sondern das Spielzeug f\u00fcllt sich auch mit Wasser. Dieses Wasser l\u00e4uft aus dem Spielzeug heraus, sobald der Hund es ins Maul nimmt, und verhindert so eine Dehydrierung. Dank der elastischen Feder und des robusten Quietschers im Inneren k\u00f6nnen Sie mit Ihrem Hund und dem Krokodil auch lustige Tauziehspiele spielen. Die Zahnseide des Pull Me! Crocky Rope hilft auch bei der Reinigung der Z\u00e4hne Ihres Hundes.<\/span><\/p>\n<p><strong><span style=\"font-size: 10pt;\">Eigenschaften<br \/><\/span><\/strong><span style=\"font-size: 10pt;\">Erh\u00e4ltlich in zwei Ausf\u00fchrungen<\/p>\n<p><\/span><\/p>","protected":false},"excerpt":{"rendered":"<p>Das ideale Spielzeug f\u00fcr Ihren Hund im Sommer!<\/p>","protected":false},"featured_media":3719,"template":"","meta":{"_acf_changed":false},"product_brand":[],"product_cat":[821,822],"product_tag":[1636,956,1067,823,1628],"class_list":{"0":"post-4962","1":"product","2":"type-product","3":"status-publish","4":"has-post-thumbnail","6":"product_cat-hond","7":"product_cat-speelgoed","8":"product_tag-coolpets_watertoys","9":"product_tag-drijft-op-het-water","10":"product_tag-flamingo","11":"product_tag-hond","12":"product_tag-zomer","13":"tax_brand-coolpets","15":"first","16":"instock","17":"taxable","18":"shipping-taxable","19":"purchasable","20":"product-type-simple"},"acf":[],"yoast_head":"<!-- This site is optimized with the Yoast SEO plugin v27.2 - https:\/\/yoast.com\/product\/yoast-seo-wordpress\/ -->\n<title>CoolPets Pull me! Crocky rope (Flamingo) - Food4animals<\/title>\n<meta name=\"robots\" content=\"index, follow, max-snippet:-1, max-image-preview:large, max-video-preview:-1\" \/>\n<link rel=\"canonical\" href=\"https:\/\/www.food4animals.nl\/de\/produkt\/coolpets-pull-me-crocky-rope-flamingo\/\" \/>\n<meta property=\"og:locale\" content=\"de_DE\" \/>\n<meta property=\"og:type\" content=\"article\" \/>\n<meta property=\"og:title\" content=\"CoolPets Pull me! Crocky rope (Flamingo) - Food4animals\" \/>\n<meta property=\"og:description\" content=\"Het ideale speeltje voor je hond in de zomer!\" \/>\n<meta property=\"og:url\" content=\"https:\/\/www.food4animals.nl\/de\/produkt\/coolpets-pull-me-crocky-rope-flamingo\/\" \/>\n<meta property=\"og:site_name\" content=\"Food4animals\" \/>\n<meta property=\"article:publisher\" content=\"https:\/\/www.facebook.com\/p\/Food4animals-100063861676074\/\" \/>\n<meta property=\"article:modified_time\" content=\"2026-04-13T00:12:35+00:00\" \/>\n<meta property=\"og:image\" content=\"https:\/\/www.food4animals.nl\/wp-content\/uploads\/2023\/10\/276925.png\" \/>\n\t<meta property=\"og:image:width\" content=\"980\" \/>\n\t<meta property=\"og:image:height\" content=\"980\" \/>\n\t<meta property=\"og:image:type\" content=\"image\/png\" \/>\n<meta name=\"twitter:card\" content=\"summary_large_image\" \/>\n<meta name=\"twitter:site\" content=\"@food4animals\" \/>\n<meta name=\"twitter:label1\" content=\"Gesch\u00e4tzte Lesezeit\" \/>\n\t<meta name=\"twitter:data1\" content=\"1\u00a0Minute\" \/>\n<script type=\"application\/ld+json\" class=\"yoast-schema-graph\">{\"@context\":\"https:\/\/schema.org\",\"@graph\":[{\"@type\":\"WebPage\",\"@id\":\"https:\/\/www.food4animals.nl\/product\/coolpets-pull-me-crocky-rope-flamingo\/\",\"url\":\"https:\/\/www.food4animals.nl\/product\/coolpets-pull-me-crocky-rope-flamingo\/\",\"name\":\"CoolPets Pull me! Crocky rope (Flamingo) - Food4animals\",\"isPartOf\":{\"@id\":\"https:\/\/www.food4animals.nl\/en\/#website\"},\"primaryImageOfPage\":{\"@id\":\"https:\/\/www.food4animals.nl\/product\/coolpets-pull-me-crocky-rope-flamingo\/#primaryimage\"},\"image\":{\"@id\":\"https:\/\/www.food4animals.nl\/product\/coolpets-pull-me-crocky-rope-flamingo\/#primaryimage\"},\"thumbnailUrl\":\"https:\/\/www.food4animals.nl\/wp-content\/uploads\/2023\/10\/276925.png\",\"datePublished\":\"2023-11-17T13:37:51+00:00\",\"dateModified\":\"2026-04-13T00:12:35+00:00\",\"breadcrumb\":{\"@id\":\"https:\/\/www.food4animals.nl\/product\/coolpets-pull-me-crocky-rope-flamingo\/#breadcrumb\"},\"inLanguage\":\"de\",\"potentialAction\":[{\"@type\":\"ReadAction\",\"target\":[\"https:\/\/www.food4animals.nl\/product\/coolpets-pull-me-crocky-rope-flamingo\/\"]}]},{\"@type\":\"ImageObject\",\"inLanguage\":\"de\",\"@id\":\"https:\/\/www.food4animals.nl\/product\/coolpets-pull-me-crocky-rope-flamingo\/#primaryimage\",\"url\":\"https:\/\/www.food4animals.nl\/wp-content\/uploads\/2023\/10\/276925.png\",\"contentUrl\":\"https:\/\/www.food4animals.nl\/wp-content\/uploads\/2023\/10\/276925.png\",\"width\":980,\"height\":980},{\"@type\":\"BreadcrumbList\",\"@id\":\"https:\/\/www.food4animals.nl\/product\/coolpets-pull-me-crocky-rope-flamingo\/#breadcrumb\",\"itemListElement\":[{\"@type\":\"ListItem\",\"position\":1,\"name\":\"Home\",\"item\":\"https:\/\/www.food4animals.nl\/\"},{\"@type\":\"ListItem\",\"position\":2,\"name\":\"Winkel\",\"item\":\"https:\/\/www.food4animals.nl\/winkel\/\"},{\"@type\":\"ListItem\",\"position\":3,\"name\":\"CoolPets Pull me! Crocky rope (Flamingo)\"}]},{\"@type\":\"WebSite\",\"@id\":\"https:\/\/www.food4animals.nl\/en\/#website\",\"url\":\"https:\/\/www.food4animals.nl\/en\/\",\"name\":\"Food4animals\",\"description\":\"Alles voor Ruiter en Dier\",\"publisher\":{\"@id\":\"https:\/\/www.food4animals.nl\/en\/#organization\"},\"potentialAction\":[{\"@type\":\"SearchAction\",\"target\":{\"@type\":\"EntryPoint\",\"urlTemplate\":\"https:\/\/www.food4animals.nl\/en\/?s={search_term_string}\"},\"query-input\":{\"@type\":\"PropertyValueSpecification\",\"valueRequired\":true,\"valueName\":\"search_term_string\"}}],\"inLanguage\":\"de\"},{\"@type\":\"Organization\",\"@id\":\"https:\/\/www.food4animals.nl\/en\/#organization\",\"name\":\"Food4animals\",\"url\":\"https:\/\/www.food4animals.nl\/en\/\",\"logo\":{\"@type\":\"ImageObject\",\"inLanguage\":\"de\",\"@id\":\"https:\/\/www.food4animals.nl\/en\/#\/schema\/logo\/image\/\",\"url\":\"https:\/\/www.food4animals.nl\/wp-content\/uploads\/2023\/10\/Logo.svg\",\"contentUrl\":\"https:\/\/www.food4animals.nl\/wp-content\/uploads\/2023\/10\/Logo.svg\",\"width\":1,\"height\":1,\"caption\":\"Food4animals\"},\"image\":{\"@id\":\"https:\/\/www.food4animals.nl\/en\/#\/schema\/logo\/image\/\"},\"sameAs\":[\"https:\/\/www.facebook.com\/p\/Food4animals-100063861676074\/\",\"https:\/\/x.com\/food4animals\"]}]}<\/script>\n<!-- \/ Yoast SEO plugin. -->","yoast_head_json":{"title":"CoolPets Pull me! Crocky rope (Flamingo) - Food4animals","robots":{"index":"index","follow":"follow","max-snippet":"max-snippet:-1","max-image-preview":"max-image-preview:large","max-video-preview":"max-video-preview:-1"},"canonical":"https:\/\/www.food4animals.nl\/de\/produkt\/coolpets-pull-me-crocky-rope-flamingo\/","og_locale":"de_DE","og_type":"article","og_title":"CoolPets Pull me! Crocky rope (Flamingo) - Food4animals","og_description":"Het ideale speeltje voor je hond in de zomer!","og_url":"https:\/\/www.food4animals.nl\/de\/produkt\/coolpets-pull-me-crocky-rope-flamingo\/","og_site_name":"Food4animals","article_publisher":"https:\/\/www.facebook.com\/p\/Food4animals-100063861676074\/","article_modified_time":"2026-04-13T00:12:35+00:00","og_image":[{"width":980,"height":980,"url":"https:\/\/www.food4animals.nl\/wp-content\/uploads\/2023\/10\/276925.png","type":"image\/png"}],"twitter_card":"summary_large_image","twitter_site":"@food4animals","twitter_misc":{"Gesch\u00e4tzte Lesezeit":"1\u00a0Minute"},"schema":{"@context":"https:\/\/schema.org","@graph":[{"@type":"WebPage","@id":"https:\/\/www.food4animals.nl\/product\/coolpets-pull-me-crocky-rope-flamingo\/","url":"https:\/\/www.food4animals.nl\/product\/coolpets-pull-me-crocky-rope-flamingo\/","name":"CoolPets Pull me! Crocky rope (Flamingo) - Food4animals","isPartOf":{"@id":"https:\/\/www.food4animals.nl\/en\/#website"},"primaryImageOfPage":{"@id":"https:\/\/www.food4animals.nl\/product\/coolpets-pull-me-crocky-rope-flamingo\/#primaryimage"},"image":{"@id":"https:\/\/www.food4animals.nl\/product\/coolpets-pull-me-crocky-rope-flamingo\/#primaryimage"},"thumbnailUrl":"https:\/\/www.food4animals.nl\/wp-content\/uploads\/2023\/10\/276925.png","datePublished":"2023-11-17T13:37:51+00:00","dateModified":"2026-04-13T00:12:35+00:00","breadcrumb":{"@id":"https:\/\/www.food4animals.nl\/product\/coolpets-pull-me-crocky-rope-flamingo\/#breadcrumb"},"inLanguage":"de","potentialAction":[{"@type":"ReadAction","target":["https:\/\/www.food4animals.nl\/product\/coolpets-pull-me-crocky-rope-flamingo\/"]}]},{"@type":"ImageObject","inLanguage":"de","@id":"https:\/\/www.food4animals.nl\/product\/coolpets-pull-me-crocky-rope-flamingo\/#primaryimage","url":"https:\/\/www.food4animals.nl\/wp-content\/uploads\/2023\/10\/276925.png","contentUrl":"https:\/\/www.food4animals.nl\/wp-content\/uploads\/2023\/10\/276925.png","width":980,"height":980},{"@type":"BreadcrumbList","@id":"https:\/\/www.food4animals.nl\/product\/coolpets-pull-me-crocky-rope-flamingo\/#breadcrumb","itemListElement":[{"@type":"ListItem","position":1,"name":"Home","item":"https:\/\/www.food4animals.nl\/"},{"@type":"ListItem","position":2,"name":"Winkel","item":"https:\/\/www.food4animals.nl\/winkel\/"},{"@type":"ListItem","position":3,"name":"CoolPets Pull me! Crocky rope (Flamingo)"}]},{"@type":"WebSite","@id":"https:\/\/www.food4animals.nl\/en\/#website","url":"https:\/\/www.food4animals.nl\/en\/","name":"Lebensmittel4Tiere","description":"Alles f\u00fcr Reiter und Tier","publisher":{"@id":"https:\/\/www.food4animals.nl\/en\/#organization"},"potentialAction":[{"@type":"SearchAction","target":{"@type":"EntryPoint","urlTemplate":"https:\/\/www.food4animals.nl\/en\/?s={search_term_string}"},"query-input":{"@type":"PropertyValueSpecification","valueRequired":true,"valueName":"search_term_string"}}],"inLanguage":"de"},{"@type":"Organization","@id":"https:\/\/www.food4animals.nl\/en\/#organization","name":"Lebensmittel4Tiere","url":"https:\/\/www.food4animals.nl\/en\/","logo":{"@type":"ImageObject","inLanguage":"de","@id":"https:\/\/www.food4animals.nl\/en\/#\/schema\/logo\/image\/","url":"https:\/\/www.food4animals.nl\/wp-content\/uploads\/2023\/10\/Logo.svg","contentUrl":"https:\/\/www.food4animals.nl\/wp-content\/uploads\/2023\/10\/Logo.svg","width":1,"height":1,"caption":"Food4animals"},"image":{"@id":"https:\/\/www.food4animals.nl\/en\/#\/schema\/logo\/image\/"},"sameAs":["https:\/\/www.facebook.com\/p\/Food4animals-100063861676074\/","https:\/\/x.com\/food4animals"]}]}},"_links":{"self":[{"href":"https:\/\/www.food4animals.nl\/de\/wp-json\/wp\/v2\/product\/4962","targetHints":{"allow":["GET"]}}],"collection":[{"href":"https:\/\/www.food4animals.nl\/de\/wp-json\/wp\/v2\/product"}],"about":[{"href":"https:\/\/www.food4animals.nl\/de\/wp-json\/wp\/v2\/types\/product"}],"wp:featuredmedia":[{"embeddable":true,"href":"https:\/\/www.food4animals.nl\/de\/wp-json\/wp\/v2\/media\/3719"}],"wp:attachment":[{"href":"https:\/\/www.food4animals.nl\/de\/wp-json\/wp\/v2\/media?parent=4962"}],"wp:term":[{"taxonomy":"product_brand","embeddable":true,"href":"https:\/\/www.food4animals.nl\/de\/wp-json\/wp\/v2\/product_brand?post=4962"},{"taxonomy":"product_cat","embeddable":true,"href":"https:\/\/www.food4animals.nl\/de\/wp-json\/wp\/v2\/product_cat?post=4962"},{"taxonomy":"product_tag","embeddable":true,"href":"https:\/\/www.food4animals.nl\/de\/wp-json\/wp\/v2\/product_tag?post=4962"}],"curies":[{"name":"wp","href":"https:\/\/api.w.org\/{rel}","templated":true}]}}