{"id":5353,"date":"2024-01-05T11:38:18","date_gmt":"2024-01-05T10:38:18","guid":{"rendered":"https:\/\/food4animals.nl\/product\/cydectin-05-w-v-pour-on-reg-nl-ura\/"},"modified":"2026-04-13T01:24:21","modified_gmt":"2026-04-13T00:24:21","slug":"cydectin-05-w-v-pour-on-reg-nl-ura","status":"publish","type":"product","link":"https:\/\/www.food4animals.nl\/de\/produkt\/cydectin-05-w-v-pour-on-reg-nl-ura\/","title":{"rendered":"Cydectin 0,5% w\/v Pour-On REG DE URA"},"content":{"rendered":"<p><span style=\"color: #ff0000; font-size: 10pt;\">Erh\u00e4ltlich nur bei einem Tierarzt oder auf tier\u00e4rztliche Verschreibung in einer zugelassenen Apotheke oder bei einem zugelassenen Lieferanten.<\/span><\/p>\n<p><span style=\"font-size: 10pt;\"><strong>Cydectin 0.5% w\/v pour-on<br \/>\n<\/strong><\/span><span style=\"font-size: 10pt;\">Breitspektrum-Pour-on-L\u00f6sung zur Behandlung von Magen-Darm-W\u00fcrmern, Lungenw\u00fcrmern, L\u00e4usen, R\u00e4udemilben und Hornfliegen.<\/span><\/p>\n<p><span style=\"font-size: 10pt;\"><strong>Zielarten<br \/>\n<\/strong><\/span><span style=\"font-size: 10pt;\">Rindfleisch<\/span><\/p>\n<p><span style=\"font-size: 10pt;\"><strong>Wirkstoff<br \/>\n<\/strong><\/span><span style=\"font-size: 10pt;\">Moxidectin 5 mg\/ml<br \/>\n<em>Hilfsstoffe<\/em><br \/>\nButylhydroxyanisol (E 320) 0,10 mg\/ml<br \/>\nTert-Butylhydrochinon (E 319) 0,03 mg\/ml<br \/>\n<\/span><\/p>\n<p><span style=\"font-size: 10pt;\"><strong>Anzeige<br \/>\n<\/strong><\/span><span style=\"font-size: 10pt;\"><em>Weidesaison:<\/em><\/span><\/p>\n<p><span style=\"font-size: 10pt;\">Zur Bek\u00e4mpfung von Infektionen, die durch:<\/span><\/p>\n<ul>\n<li><span style=\"font-size: 10pt;\">Erwachsene und Larvenstadien von Magen-Darm-W\u00fcrmern aus: <em>Haemonchus placei<\/em>, <em>Ostertagia ostertagi<\/em>, <em>Trichostrongylus axei<\/em>, <em>Nematodirus helvetianus<\/em>, <em>Onkophora-Kokosnuss<\/em>, <em>Punktierte Kooperie<\/em> (Erwachsener), <em>Oesophagostomum radiatum <\/em>(Erwachsene) und <em>Bunostomum phlebotomum <\/em>(Erwachsener).<\/span><\/li>\n<li><span style=\"font-size: 10pt;\">Erwachsene Lungenw\u00fcrmer: <em>Dictyocaulus vivipara<\/em>.<\/span><\/li>\n<li><span style=\"font-size: 10pt;\">Hornfliegen: <em>Haemotobia irritans<\/em>.<\/span><\/li>\n<\/ul>\n<p><span style=\"font-size: 10pt;\">Das Tierarzneimittel verhindert eine Reinfektion durch <em>Ostertagia ostertagi<\/em> 5 Wochen lang und <em>Dictyocaulus viviparus<\/em> sechs Wochen lang.<\/span><\/p>\n<p><span style=\"font-size: 10pt;\">Kann w\u00e4hrend der Tr\u00e4chtigkeit und\/oder Laktation verwendet werden. Kann bei Zuchtbullen verwendet werden.<\/span><\/p>\n<p><span style=\"font-size: 10pt;\"><em>Anwendung in der Weide- und Stallsaison:<\/em><\/span><\/p>\n<p><span style=\"font-size: 10pt;\">Zur Bek\u00e4mpfung von Infektionen, die durch:<\/span><\/p>\n<ul>\n<li><span style=\"font-size: 10pt;\">L\u00e4use: <em>Linognathus vituli<\/em>, <em>Haemotopinus eurysternus<\/em>, <em>Solenopotes capillatus<\/em> und <em>Bovicola bovis<\/em> (<em>Damalinia bovis<\/em>).<\/span><\/li>\n<li><span style=\"font-size: 10pt;\">Gastrointestinale W\u00fcrmer: Larvenstadien von <em>Ostertagia ostertagi<\/em>.<\/span><\/li>\n<\/ul>\n<p><span style=\"font-size: 10pt;\"><em>Anwendung in der Stallsaison:<\/em><\/span><\/p>\n<p><span style=\"font-size: 10pt;\">Zur Bek\u00e4mpfung von Infektionen, die durch:<\/span><\/p>\n<ul>\n<li><span style=\"font-size: 10pt;\">Kr\u00e4tzemilben: <em>Sarcoptes scabiei<\/em>, <em>Psoroptes ovis <\/em>und <em>Chorioptes bovis<\/em>.<\/span><\/li>\n<\/ul>\n<p><span style=\"font-size: 10pt;\"><strong>Kontraindikationen<br \/>\n<\/strong><\/span><span style=\"font-size: 10pt;\">Nein<\/span><\/p>\n<p><span style=\"font-size: 10pt;\"><strong>Dosierung<br \/>\n<\/strong><\/span><span style=\"font-size: 10pt;\">Pro Behandlung 500 \u00b5g Moxidectin pro kg K\u00f6rpergewicht (entspricht 1 ml des Produkts pro 10 kg K\u00f6rpergewicht). Auf die Mitte des R\u00fcckens des Tieres vom Widerrist bis zum Schwanzansatz auftragen. Alle Tiere der Gruppe behandeln. Auf die saubere und gesunde Haut auftragen.<\/span><\/p>\n<p><span style=\"font-size: 10pt;\"><strong>Besondere Warnhinweise<br \/>\n<\/strong><\/span><span style=\"font-size: 10pt;\">Bei der Anwendung sind Handschuhe zu tragen. Eine Befeuchtung der Tiere innerhalb von 24 Stunden nach der Behandlung kann die Wirksamkeit beeintr\u00e4chtigen. F\u00fcr dieses Tierarzneimittel wurden Gefahren f\u00fcr die Umwelt festgestellt und es gelten besondere Vorsichtsma\u00dfnahmen. Vor der Anwendung die Packungsbeilage lesen.<\/span><\/p>\n<p><span style=\"font-size: 10pt;\"><strong>Wartezeit<br \/>\n<\/strong><\/span><span style=\"font-size: 10pt;\">Milch: 0 Tage.<br \/>\n<\/span><span style=\"font-size: 10pt;\">Fleisch und Innereien: 14 Tage.<\/span><\/p>\n<p><span style=\"font-size: 10pt;\"><strong>Inhalt<br \/>\n<\/strong><\/span><span style=\"font-size: 10pt;\">1 Liter (CYDE01005)<br \/>\n<\/span><span style=\"font-size: 10pt;\">2,5 Liter (CYDE02500C)<\/span><\/p>\n<p><span style=\"font-size: 10pt;\"><a href=\"https:\/\/www.diergeneesmiddeleninformatiebank.nl\/ords\/f?p=111:3::SEARCH:::P0_DOMAIN,P0_LANG,P3_RVG1:V,NL,9405\" target=\"_blank\" rel=\"noopener\"><strong>REG EN 9405<\/strong><\/a><\/span><\/p>\n<p><span style=\"font-size: 10pt;\">Nur f\u00fcr den tier\u00e4rztlichen Gebrauch - URA<\/span><\/p>\n<a href=\"https:\/\/www.cbg-meb.nl\/onderwerpen\/bd-internethandel-diergeneesmiddelen\" target=\"_blank\" rel=\"noopener\"><img decoding=\"async\" class=\"preview\" style=\"max-width: 90px; float: right;\" src=\"\/imagestream\/stream\/279197\/2209-logo-internethandel.jpg\" alt=\"\" \/><\/a>","protected":false},"excerpt":{"rendered":"<p>Entwurmen Sie Ihr Milchvieh ohne Wartezeit auf die Milch!<\/p>\n<h3><span style=\"color: #ff0000;\"><em>Verfahren Worm Abhilfema\u00dfnahmen \"URA Abhilfema\u00dfnahmen\"<\/em><\/span><\/h3>\n<p><em>\u00a0-nur auf Originalrezept mit \"feuchter\" Unterschrift erh\u00e4ltlich<\/em><\/p>\n<p><em>\u00a0-Gescannte Rezepte sind nicht erlaubt.<\/em><\/p>\n<p><em>\u00a0-Schicken Sie das Originalrezept per Post an: Food4animals, Zwanenveld 6, 6852LX, Huissen, die Niederlande<\/em><\/p>\n<p><em>\u00a0-Bestellen Sie per Mail (info@food4animals.nl), was Sie brauchen, wir sorgen daf\u00fcr, dass es auf Lager ist, wenn es abgeholt wird.<\/em><\/p>\n<p><em>\u00a0-Sie werden benachrichtigt, wenn Ihre Bestellung zur Abholung bereit ist.<\/em><\/p>\n<h5><span style=\"color: #ff0000;\"><em>\u00a0Also ohne Rezept keine Lieferung<\/em><\/span><\/h5>\n<h3><a href=\"http:\/\/food4animals.nl\/wp-content\/uploads\/2024\/01\/Recept-origineel-vee-2024.pdf\" target=\"_blank\" rel=\"noopener\">Download Musterrezept Rinder<\/a><\/h3>\n<p><a href=\"https:\/\/www.cbg-meb.nl\/onderwerpen\/bd-internethandel-diergeneesmiddelen\" target=\"_blank\" rel=\"noopener\"><img loading=\"lazy\" decoding=\"async\" class=\"alignleft wp-image-18895 size-full\" src=\"http:\/\/food4animals.nl\/wp-content\/uploads\/2024\/01\/NVWA-logo.jpg\" alt=\"\" width=\"141\" height=\"117\" srcset=\"https:\/\/www.food4animals.nl\/wp-content\/uploads\/2024\/01\/NVWA-logo.jpg 141w, https:\/\/www.food4animals.nl\/wp-content\/uploads\/2024\/01\/NVWA-logo-14x12.jpg 14w, https:\/\/www.food4animals.nl\/wp-content\/uploads\/2024\/01\/NVWA-logo-106x88.jpg 106w, https:\/\/www.food4animals.nl\/wp-content\/uploads\/2024\/01\/NVWA-logo-80x66.jpg 80w\" sizes=\"auto, (max-width: 141px) 100vw, 141px\" \/><\/a><\/p>","protected":false},"featured_media":29903,"template":"","meta":{"_acf_changed":false},"product_brand":[],"product_cat":[993,996],"product_tag":[1340,1587,814],"class_list":{"0":"post-5353","1":"product","2":"type-product","3":"status-publish","4":"has-post-thumbnail","6":"product_cat-apotheek","7":"product_cat-medicatie-op-recept","8":"product_tag-mijt","9":"product_tag-pour-on","10":"product_tag-rund","11":"tax_brand-cydectin","13":"first","14":"instock","15":"taxable","16":"shipping-taxable","17":"product-type-variable"},"acf":[],"yoast_head":"<!-- This site is optimized with the Yoast SEO plugin v27.2 - https:\/\/yoast.com\/product\/yoast-seo-wordpress\/ -->\n<title>Cydectin 0,5% w\/v Pour-On REG NL URA - Food4animals<\/title>\n<meta name=\"robots\" content=\"index, follow, max-snippet:-1, max-image-preview:large, max-video-preview:-1\" \/>\n<link rel=\"canonical\" href=\"https:\/\/www.food4animals.nl\/de\/produkt\/cydectin-05-w-v-pour-on-reg-nl-ura\/\" \/>\n<meta property=\"og:locale\" content=\"de_DE\" \/>\n<meta property=\"og:type\" content=\"article\" \/>\n<meta property=\"og:title\" content=\"Cydectin 0,5% w\/v Pour-On REG NL URA - Food4animals\" \/>\n<meta property=\"og:description\" content=\"Uw melkvee ontwormen zonder wachttijd op melk! Procedure Wormmiddelen \u201cURA middelen\u201d \u00a0-Alleen verkrijgbaar op origineel recept met \u201cnatte\u201d handtekening  \u00a0-Gescande recepten zijn niet toegestaan.  \u00a0-Stuur het Origineel recept per post naar: Food4animals, Zwanenveld 6, 6852LX, Huissen, Nederland  \u00a0-Bestel per mail (info@food4animals.nl) wat u nodig heeft, wij zorgen dat het op voorraad is als het opgehaald wordt.  \u00a0-U ontvangt bericht als uw bestelling klaar staat voor afhalen. \u00a0Dus zonder\u00a0recept\u00a0geen levering Download voorbeeld Recept Vee\" \/>\n<meta property=\"og:url\" content=\"https:\/\/www.food4animals.nl\/de\/produkt\/cydectin-05-w-v-pour-on-reg-nl-ura\/\" \/>\n<meta property=\"og:site_name\" content=\"Food4animals\" \/>\n<meta property=\"article:publisher\" content=\"https:\/\/www.facebook.com\/p\/Food4animals-100063861676074\/\" \/>\n<meta property=\"article:modified_time\" content=\"2026-04-13T00:24:21+00:00\" \/>\n<meta property=\"og:image\" content=\"https:\/\/www.food4animals.nl\/wp-content\/uploads\/2024\/01\/Cydectin-Pour-On.jpg\" \/>\n\t<meta property=\"og:image:width\" content=\"1024\" \/>\n\t<meta property=\"og:image:height\" content=\"1024\" \/>\n\t<meta property=\"og:image:type\" content=\"image\/jpeg\" \/>\n<meta name=\"twitter:card\" content=\"summary_large_image\" \/>\n<meta name=\"twitter:site\" content=\"@food4animals\" \/>\n<meta name=\"twitter:label1\" content=\"Gesch\u00e4tzte Lesezeit\" \/>\n\t<meta name=\"twitter:data1\" content=\"2\u00a0Minuten\" \/>\n<script type=\"application\/ld+json\" class=\"yoast-schema-graph\">{\"@context\":\"https:\/\/schema.org\",\"@graph\":[{\"@type\":\"WebPage\",\"@id\":\"https:\/\/www.food4animals.nl\/product\/cydectin-05-w-v-pour-on-reg-nl-ura\/\",\"url\":\"https:\/\/www.food4animals.nl\/product\/cydectin-05-w-v-pour-on-reg-nl-ura\/\",\"name\":\"Cydectin 0,5% w\/v Pour-On REG NL URA - Food4animals\",\"isPartOf\":{\"@id\":\"https:\/\/www.food4animals.nl\/en\/#website\"},\"primaryImageOfPage\":{\"@id\":\"https:\/\/www.food4animals.nl\/product\/cydectin-05-w-v-pour-on-reg-nl-ura\/#primaryimage\"},\"image\":{\"@id\":\"https:\/\/www.food4animals.nl\/product\/cydectin-05-w-v-pour-on-reg-nl-ura\/#primaryimage\"},\"thumbnailUrl\":\"https:\/\/www.food4animals.nl\/wp-content\/uploads\/2024\/01\/Cydectin-Pour-On.jpg\",\"datePublished\":\"2024-01-05T10:38:18+00:00\",\"dateModified\":\"2026-04-13T00:24:21+00:00\",\"breadcrumb\":{\"@id\":\"https:\/\/www.food4animals.nl\/product\/cydectin-05-w-v-pour-on-reg-nl-ura\/#breadcrumb\"},\"inLanguage\":\"de\",\"potentialAction\":[{\"@type\":\"ReadAction\",\"target\":[\"https:\/\/www.food4animals.nl\/product\/cydectin-05-w-v-pour-on-reg-nl-ura\/\"]}]},{\"@type\":\"ImageObject\",\"inLanguage\":\"de\",\"@id\":\"https:\/\/www.food4animals.nl\/product\/cydectin-05-w-v-pour-on-reg-nl-ura\/#primaryimage\",\"url\":\"https:\/\/www.food4animals.nl\/wp-content\/uploads\/2024\/01\/Cydectin-Pour-On.jpg\",\"contentUrl\":\"https:\/\/www.food4animals.nl\/wp-content\/uploads\/2024\/01\/Cydectin-Pour-On.jpg\",\"width\":1024,\"height\":1024,\"caption\":\"Cydectin 0,5% w\/v Pour-On Uw melkvee ontwormen zonder wachttijd!\"},{\"@type\":\"BreadcrumbList\",\"@id\":\"https:\/\/www.food4animals.nl\/product\/cydectin-05-w-v-pour-on-reg-nl-ura\/#breadcrumb\",\"itemListElement\":[{\"@type\":\"ListItem\",\"position\":1,\"name\":\"Home\",\"item\":\"https:\/\/www.food4animals.nl\/\"},{\"@type\":\"ListItem\",\"position\":2,\"name\":\"Winkel\",\"item\":\"https:\/\/www.food4animals.nl\/winkel\/\"},{\"@type\":\"ListItem\",\"position\":3,\"name\":\"Cydectin 0,5% w\/v Pour-On REG NL URA\"}]},{\"@type\":\"WebSite\",\"@id\":\"https:\/\/www.food4animals.nl\/en\/#website\",\"url\":\"https:\/\/www.food4animals.nl\/en\/\",\"name\":\"Food4animals\",\"description\":\"Alles voor Ruiter en Dier\",\"publisher\":{\"@id\":\"https:\/\/www.food4animals.nl\/en\/#organization\"},\"potentialAction\":[{\"@type\":\"SearchAction\",\"target\":{\"@type\":\"EntryPoint\",\"urlTemplate\":\"https:\/\/www.food4animals.nl\/en\/?s={search_term_string}\"},\"query-input\":{\"@type\":\"PropertyValueSpecification\",\"valueRequired\":true,\"valueName\":\"search_term_string\"}}],\"inLanguage\":\"de\"},{\"@type\":\"Organization\",\"@id\":\"https:\/\/www.food4animals.nl\/en\/#organization\",\"name\":\"Food4animals\",\"url\":\"https:\/\/www.food4animals.nl\/en\/\",\"logo\":{\"@type\":\"ImageObject\",\"inLanguage\":\"de\",\"@id\":\"https:\/\/www.food4animals.nl\/en\/#\/schema\/logo\/image\/\",\"url\":\"https:\/\/www.food4animals.nl\/wp-content\/uploads\/2023\/10\/Logo.svg\",\"contentUrl\":\"https:\/\/www.food4animals.nl\/wp-content\/uploads\/2023\/10\/Logo.svg\",\"width\":1,\"height\":1,\"caption\":\"Food4animals\"},\"image\":{\"@id\":\"https:\/\/www.food4animals.nl\/en\/#\/schema\/logo\/image\/\"},\"sameAs\":[\"https:\/\/www.facebook.com\/p\/Food4animals-100063861676074\/\",\"https:\/\/x.com\/food4animals\"]}]}<\/script>\n<!-- \/ Yoast SEO plugin. -->","yoast_head_json":{"title":"Cydectin 0,5% w\/v Pour-On REG DE URA - Food4animals","robots":{"index":"index","follow":"follow","max-snippet":"max-snippet:-1","max-image-preview":"max-image-preview:large","max-video-preview":"max-video-preview:-1"},"canonical":"https:\/\/www.food4animals.nl\/de\/produkt\/cydectin-05-w-v-pour-on-reg-nl-ura\/","og_locale":"de_DE","og_type":"article","og_title":"Cydectin 0,5% w\/v Pour-On REG NL URA - Food4animals","og_description":"Uw melkvee ontwormen zonder wachttijd op melk! Procedure Wormmiddelen \u201cURA middelen\u201d \u00a0-Alleen verkrijgbaar op origineel recept met \u201cnatte\u201d handtekening  \u00a0-Gescande recepten zijn niet toegestaan.  \u00a0-Stuur het Origineel recept per post naar: Food4animals, Zwanenveld 6, 6852LX, Huissen, Nederland  \u00a0-Bestel per mail (info@food4animals.nl) wat u nodig heeft, wij zorgen dat het op voorraad is als het opgehaald wordt.  \u00a0-U ontvangt bericht als uw bestelling klaar staat voor afhalen. \u00a0Dus zonder\u00a0recept\u00a0geen levering Download voorbeeld Recept Vee","og_url":"https:\/\/www.food4animals.nl\/de\/produkt\/cydectin-05-w-v-pour-on-reg-nl-ura\/","og_site_name":"Food4animals","article_publisher":"https:\/\/www.facebook.com\/p\/Food4animals-100063861676074\/","article_modified_time":"2026-04-13T00:24:21+00:00","og_image":[{"width":1024,"height":1024,"url":"https:\/\/www.food4animals.nl\/wp-content\/uploads\/2024\/01\/Cydectin-Pour-On.jpg","type":"image\/jpeg"}],"twitter_card":"summary_large_image","twitter_site":"@food4animals","twitter_misc":{"Gesch\u00e4tzte Lesezeit":"2\u00a0Minuten"},"schema":{"@context":"https:\/\/schema.org","@graph":[{"@type":"WebPage","@id":"https:\/\/www.food4animals.nl\/product\/cydectin-05-w-v-pour-on-reg-nl-ura\/","url":"https:\/\/www.food4animals.nl\/product\/cydectin-05-w-v-pour-on-reg-nl-ura\/","name":"Cydectin 0,5% w\/v Pour-On REG DE URA - Food4animals","isPartOf":{"@id":"https:\/\/www.food4animals.nl\/en\/#website"},"primaryImageOfPage":{"@id":"https:\/\/www.food4animals.nl\/product\/cydectin-05-w-v-pour-on-reg-nl-ura\/#primaryimage"},"image":{"@id":"https:\/\/www.food4animals.nl\/product\/cydectin-05-w-v-pour-on-reg-nl-ura\/#primaryimage"},"thumbnailUrl":"https:\/\/www.food4animals.nl\/wp-content\/uploads\/2024\/01\/Cydectin-Pour-On.jpg","datePublished":"2024-01-05T10:38:18+00:00","dateModified":"2026-04-13T00:24:21+00:00","breadcrumb":{"@id":"https:\/\/www.food4animals.nl\/product\/cydectin-05-w-v-pour-on-reg-nl-ura\/#breadcrumb"},"inLanguage":"de","potentialAction":[{"@type":"ReadAction","target":["https:\/\/www.food4animals.nl\/product\/cydectin-05-w-v-pour-on-reg-nl-ura\/"]}]},{"@type":"ImageObject","inLanguage":"de","@id":"https:\/\/www.food4animals.nl\/product\/cydectin-05-w-v-pour-on-reg-nl-ura\/#primaryimage","url":"https:\/\/www.food4animals.nl\/wp-content\/uploads\/2024\/01\/Cydectin-Pour-On.jpg","contentUrl":"https:\/\/www.food4animals.nl\/wp-content\/uploads\/2024\/01\/Cydectin-Pour-On.jpg","width":1024,"height":1024,"caption":"Cydectin 0,5% w\/v Pour-On Uw melkvee ontwormen zonder wachttijd!"},{"@type":"BreadcrumbList","@id":"https:\/\/www.food4animals.nl\/product\/cydectin-05-w-v-pour-on-reg-nl-ura\/#breadcrumb","itemListElement":[{"@type":"ListItem","position":1,"name":"Home","item":"https:\/\/www.food4animals.nl\/"},{"@type":"ListItem","position":2,"name":"Winkel","item":"https:\/\/www.food4animals.nl\/winkel\/"},{"@type":"ListItem","position":3,"name":"Cydectin 0,5% w\/v Pour-On REG NL URA"}]},{"@type":"WebSite","@id":"https:\/\/www.food4animals.nl\/en\/#website","url":"https:\/\/www.food4animals.nl\/en\/","name":"Lebensmittel4Tiere","description":"Alles f\u00fcr Reiter und Tier","publisher":{"@id":"https:\/\/www.food4animals.nl\/en\/#organization"},"potentialAction":[{"@type":"SearchAction","target":{"@type":"EntryPoint","urlTemplate":"https:\/\/www.food4animals.nl\/en\/?s={search_term_string}"},"query-input":{"@type":"PropertyValueSpecification","valueRequired":true,"valueName":"search_term_string"}}],"inLanguage":"de"},{"@type":"Organization","@id":"https:\/\/www.food4animals.nl\/en\/#organization","name":"Lebensmittel4Tiere","url":"https:\/\/www.food4animals.nl\/en\/","logo":{"@type":"ImageObject","inLanguage":"de","@id":"https:\/\/www.food4animals.nl\/en\/#\/schema\/logo\/image\/","url":"https:\/\/www.food4animals.nl\/wp-content\/uploads\/2023\/10\/Logo.svg","contentUrl":"https:\/\/www.food4animals.nl\/wp-content\/uploads\/2023\/10\/Logo.svg","width":1,"height":1,"caption":"Food4animals"},"image":{"@id":"https:\/\/www.food4animals.nl\/en\/#\/schema\/logo\/image\/"},"sameAs":["https:\/\/www.facebook.com\/p\/Food4animals-100063861676074\/","https:\/\/x.com\/food4animals"]}]}},"_links":{"self":[{"href":"https:\/\/www.food4animals.nl\/de\/wp-json\/wp\/v2\/product\/5353","targetHints":{"allow":["GET"]}}],"collection":[{"href":"https:\/\/www.food4animals.nl\/de\/wp-json\/wp\/v2\/product"}],"about":[{"href":"https:\/\/www.food4animals.nl\/de\/wp-json\/wp\/v2\/types\/product"}],"wp:featuredmedia":[{"embeddable":true,"href":"https:\/\/www.food4animals.nl\/de\/wp-json\/wp\/v2\/media\/29903"}],"wp:attachment":[{"href":"https:\/\/www.food4animals.nl\/de\/wp-json\/wp\/v2\/media?parent=5353"}],"wp:term":[{"taxonomy":"product_brand","embeddable":true,"href":"https:\/\/www.food4animals.nl\/de\/wp-json\/wp\/v2\/product_brand?post=5353"},{"taxonomy":"product_cat","embeddable":true,"href":"https:\/\/www.food4animals.nl\/de\/wp-json\/wp\/v2\/product_cat?post=5353"},{"taxonomy":"product_tag","embeddable":true,"href":"https:\/\/www.food4animals.nl\/de\/wp-json\/wp\/v2\/product_tag?post=5353"}],"curies":[{"name":"wp","href":"https:\/\/api.w.org\/{rel}","templated":true}]}}