{"id":5394,"date":"2024-01-05T11:45:12","date_gmt":"2024-01-05T10:45:12","guid":{"rendered":"https:\/\/food4animals.nl\/product\/dectomax-reg-nl-ura\/"},"modified":"2026-04-13T01:13:03","modified_gmt":"2026-04-13T00:13:03","slug":"dectomax-reg-en-ura","status":"publish","type":"product","link":"https:\/\/www.food4animals.nl\/de\/produkt\/dectomax-reg-en-ura\/","title":{"rendered":"Dectomax REG DE URA"},"content":{"rendered":"<p><span style=\"color: #ff0000; font-size: 10pt;\">Erh\u00e4ltlich nur bei einem Tierarzt oder auf tier\u00e4rztliche Verschreibung in einer zugelassenen Apotheke oder bei einem zugelassenen Lieferanten.<\/span><\/p>\n<p><span style=\"font-size: 10pt;\"><strong>Dectomax<br \/>\n<\/strong><\/span><span style=\"font-size: 10pt;\">L\u00f6sung zur Injektion zur Bek\u00e4mpfung von Wurmbefall, Hornissen, L\u00e4usen und Milben.<\/span><\/p>\n<p><span style=\"font-size: 10pt;\"><strong>Zielarten<br \/>\n<\/strong><\/span><span style=\"font-size: 10pt;\">Rindfleisch (nicht s\u00e4ugend), Schwein und Schaf (nicht s\u00e4ugend).<\/span><\/p>\n<p><span style=\"font-size: 10pt;\"><strong>Wirkstoff<br \/>\n<\/strong><\/span><span style=\"font-size: 10pt;\">Doramectin 10,0 mg\/ml<\/span><\/p>\n<p><span style=\"font-size: 10pt;\"><strong>Anzeige<br \/>\n<\/strong><\/span><span style=\"font-size: 10pt;\"><em>Rindfleisch (nicht milchhaltig):<\/em><\/span><\/p>\n<p><span style=\"font-size: 10pt;\">Zur Bek\u00e4mpfung von Infektionen, die durch Magen-Darm-W\u00fcrmer, Lungenw\u00fcrmer, Augenw\u00fcrmer, Hornissen, L\u00e4use und Milben verursacht werden. Das Spektrum umfasst die folgenden Parasiten:<\/span><\/p>\n<ul>\n<li><span style=\"font-size: 10pt;\">Magen-Darm-W\u00fcrmer (erwachsene Stadien und 4<sup>e<\/sup> Larvenstadium, sofern nicht anders angegeben): <em>Ostertagia ostertagi <\/em>(inkl. gehemmte Stadien), <em> lyrata<\/em> (Erwachsener), <em>Haemonchus placei<\/em>, <em>Trichostrongylus axei<\/em>, <em>T. colubriformis<\/em>, <em>Onkophora-Kokosnuss<\/em>, <em>C. pectinata <\/em>(Erwachsener), <em>C. punctata<\/em>, <em>C. surnabada <\/em>(syn. <em>mcmasteri<\/em>), <em>Nematodirus helvetianus<\/em> (Drehmomentbehandlung), <em>N. spathiger<\/em> (Erwachsener), <em>Bunostomum phlebotomum <\/em>(Erwachsener), <em>Strongyloides papillosus<\/em> (Erwachsener), <em>Oesophagostomum radiatum<\/em>, <em>Trichuris <\/em>spp (erwachsen).<\/span><\/li>\n<li><span style=\"font-size: 10pt;\">Lungenw\u00fcrmer (erwachsene Stadien und 4<sup>e<\/sup> Larvenstadium): <em>Dictyocaulus viviparus<\/em>.<\/span><\/li>\n<li><span style=\"font-size: 10pt;\">Augenw\u00fcrmer (Erwachsene): <em>Thelazia<\/em><\/span><\/li>\n<li><span style=\"font-size: 10pt;\">Hornissen (parasitische Stadien): <em>Hypoderma bovis<\/em>, <em> lineatum<\/em>.<\/span><\/li>\n<li><span style=\"font-size: 10pt;\">Blut saugende L\u00e4use: <em>Haematopinus eurysternus<\/em>, <em>Linognathus vituli<\/em> und <em>Solenopotes capillatus<\/em>.<\/span><\/li>\n<li><span style=\"font-size: 10pt;\">Kr\u00e4tzemilben: <em>Psoroptes bovis<\/em>, <em>Sarcoptes scabiei<\/em>.<\/span><\/li>\n<\/ul>\n<p><span style=\"font-size: 10pt;\">Das Produkt verhindert w\u00e4hrend des angegebenen Zeitraums eine (erneute) Infektion mit den folgenden Parasiten:<\/span><\/p>\n<p><span style=\"font-size: 10pt;\">Art:                                                                                               Dauer:<\/span><\/p>\n<p><span style=\"font-size: 10pt;\"><em>Ostertagia ostertagi\u00a0\u00a0\u00a0\u00a0\u00a0 \u00a0\u00a0\u00a0\u00a0\u00a0\u00a0\u00a0\u00a0\u00a0\u00a0\u00a0\u00a0\u00a0\u00a0\u00a0\u00a0\u00a0\u00a0\u00a0\u00a0\u00a0\u00a0\u00a0\u00a0\u00a0\u00a0\u00a0\u00a0\u00a0\u00a0\u00a0\u00a0\u00a0\u00a0\u00a0\u00a0\u00a0\u00a0\u00a0\u00a0\u00a0\u00a0\u00a0\u00a0\u00a0\u00a0\u00a0\u00a0\u00a0\u00a0\u00a0\u00a0\u00a0\u00a0\u00a0\u00a0\u00a0\u00a0\u00a0\u00a0\u00a0\u00a0 <\/em>21-28 Tage<\/span><\/p>\n<p><span style=\"font-size: 10pt;\"><em>Dictyocaulus viviparus\u00a0\u00a0\u00a0\u00a0\u00a0\u00a0\u00a0\u00a0\u00a0\u00a0\u00a0\u00a0\u00a0\u00a0\u00a0\u00a0\u00a0\u00a0\u00a0\u00a0\u00a0\u00a0\u00a0\u00a0\u00a0\u00a0\u00a0\u00a0\u00a0\u00a0\u00a0\u00a0\u00a0\u00a0\u00a0\u00a0\u00a0\u00a0\u00a0\u00a0\u00a0\u00a0\u00a0\u00a0\u00a0\u00a0\u00a0\u00a0\u00a0\u00a0\u00a0\u00a0\u00a0\u00a0\u00a0\u00a0\u00a0\u00a0\u00a0\u00a0\u00a0\u00a0\u00a0\u00a0 <\/em>28 Tage<\/span><\/p>\n<p><span style=\"font-size: 10pt;\"><em>Onkophora-Kokosnuss<\/em> (nur Paarbehandlung) 14-21 Tage<\/span><\/p>\n<p><span style=\"font-size: 10pt;\"><em>Schaf (Nicht-Milchvieh):<\/em><\/span><\/p>\n<p><span style=\"font-size: 10pt;\">Zur Bek\u00e4mpfung von Infektionen mit den folgenden gastrointestinalen Spulw\u00fcrmern, Lungenw\u00fcrmern, R\u00e4udemilben und Nasenhornisten:<\/span><\/p>\n<ul>\n<li><span style=\"font-size: 10pt;\">Gastrointestinale Spulw\u00fcrmer (adulte Stadien und 4<sup>e<\/sup> Larvenstadium (L4), sofern nicht anders angegeben): <em>Chabertina ovina<\/em>, <em>Cooperia curticei<\/em> (L4), <em> oncophora<\/em>, <em>Haemonchus contortus<\/em>, <em>Nematodirus fillicollis<\/em> (unreif), <em>N. battus<\/em>(L4), <em>N. spathiger<\/em>, <em>Oesophagostomum venulosum<\/em>, <em>Ostertagia (Teladorsagia) circumcincta<\/em>*, <em>Strongyloides-Papillose<\/em>, <em>Trichostrongylus axei<\/em>, <em>T. columbriformis<\/em>, <em>T. vitrinus<\/em>, <em>Trichostrongylus <\/em>spp (erwachsen).<\/span><\/li>\n<\/ul>\n<p><span style=\"font-size: 10pt;\">* Inhibierte Larvenstadien (L4), einschlie\u00dflich St\u00e4mme, die gegen Benzimidazol resistent sind, sind anf\u00e4llig.<\/span><\/p>\n<ul>\n<li><span style=\"font-size: 10pt;\">Lungenw\u00fcrmer (erwachsen): <em>Dictyocaulus filaria<\/em>.<\/span><\/li>\n<li><span style=\"font-size: 10pt;\">Nasenhornissen (1<sup>e<\/sup>, 2<sup>e<\/sup> und 3<sup>e<\/sup> Larvenstadium): <em>\u00d6strus ovis<\/em>.<\/span><\/li>\n<li><span style=\"font-size: 10pt;\">Kr\u00e4tzemilben: <em>Psoroptes ovis<\/em>.<\/span><\/li>\n<\/ul>\n<p><span style=\"font-size: 10pt;\"><em>Schwein:<\/em><\/span><\/p>\n<p><span style=\"font-size: 10pt;\">Zur Bek\u00e4mpfung von Infektionen, die durch Magen-Darm-W\u00fcrmer, Lungenw\u00fcrmer, Saugl\u00e4use und R\u00e4udemilben verursacht werden. Das Spektrum umfasst die folgenden Parasiten:<\/span><\/p>\n<ul>\n<li><span style=\"font-size: 10pt;\">Magen-Darm-W\u00fcrmer (erwachsene Stadien und 4<sup>e<\/sup> Larvenstadium, sofern nicht anders angegeben): <em>Hyostrongylus rubidus<\/em>, <em>Ascaris suum<\/em>, <em>Strongyloides ransomi<\/em> (Erwachsener), <em>Oeosphagostomum dentatum<\/em>, <em> quadrispinulatum <\/em>(Erwachsener).<\/span><\/li>\n<li><span style=\"font-size: 10pt;\">Lungenw\u00fcrmer (erwachsene Stadien): <em>Metastrongylus <\/em><\/span><\/li>\n<li><span style=\"font-size: 10pt;\">Nierenw\u00fcrmer (erwachsene Stadien): <em>Stephanurus dentatus<\/em>.<\/span><\/li>\n<li><span style=\"font-size: 10pt;\">Saugende L\u00e4use: <em>Haemotopinus suis<\/em>.<\/span><\/li>\n<li><span style=\"font-size: 10pt;\">Kr\u00e4tzemilben: <em>Sarcoptes scabiei<\/em>.<\/span><\/li>\n<\/ul>\n<p><span style=\"font-size: 10pt;\"><strong>Kontraindikationen<br \/>\n<\/strong><\/span><span style=\"font-size: 10pt;\"><em>Rindfleisch und Schweinefleisch:<\/em> keine.<\/span><\/p>\n<p><span style=\"font-size: 10pt;\"><em>Schafe:<\/em> nicht bei L\u00e4mmern anwenden, die j\u00fcnger als 6 Wochen sind.<\/span><\/p>\n<p><span style=\"font-size: 10pt;\"><strong>Dosierung<br \/>\n<\/strong><\/span><span style=\"font-size: 10pt;\"><em>Rindfleisch: <\/em>10 mg Doramectin (1 ml) pro 50 kg K\u00f6rpergewicht. Subkutan, maximal 4 ml pro Injektionsstelle.<\/span><\/p>\n<p><span style=\"font-size: 10pt;\"><em>Schafe: <\/em>10 mg Doramectin (1 ml) pro 50 kg K\u00f6rpergewicht. Intramuskul\u00e4r, maximal 1,4 ml pro Injektionsstelle.<\/span><\/p>\n<p><span style=\"font-size: 10pt;\"><em>Schwein: <\/em>10 mg Doramectin (1 ml) pro 33 kg K\u00f6rpergewicht. Intramuskul\u00e4r, maximal 2,3 ml pro Injektionsstelle.<\/span><\/p>\n<p><span style=\"font-size: 10pt;\"><strong>Besondere Warnhinweise<br \/>\n<\/strong><\/span><span style=\"font-size: 10pt;\">Lesen Sie vor der Anwendung die Packungsbeilage.<\/span><\/p>\n<p><span style=\"font-size: 10pt;\"><strong>Wartezeit<br \/>\n<\/strong><\/span><span style=\"font-size: 10pt;\"><em>Rindfleisch:<\/em><\/span><\/p>\n<p><span style=\"font-size: 10pt;\">(Organ-)Fleisch: 70 Tage.<\/span><\/p>\n<p><span style=\"font-size: 10pt;\">Nicht zur Verwendung bei Tieren, die Milch f\u00fcr den menschlichen Verzehr erzeugen. Nicht bei tr\u00e4chtigen K\u00fchen oder F\u00e4rsen anwenden, die innerhalb von 2 Monaten vor dem erwarteten Geburtstermin Milch f\u00fcr den menschlichen Verzehr erzeugen sollen.<\/span><\/p>\n<p><span style=\"font-size: 10pt;\"><em>Schafe:<\/em><\/span><\/p>\n<p><span style=\"font-size: 10pt;\">(Organ-)Fleisch: 70 Tage.<\/span><\/p>\n<p><span style=\"font-size: 10pt;\">Nicht zur Verwendung bei laktierenden Tieren, die Milch f\u00fcr den menschlichen Verzehr erzeugen. Nicht bei tr\u00e4chtigen Schafen anwenden, die Milch f\u00fcr den menschlichen Verzehr erzeugen sollen, und zwar nicht innerhalb von 70 Tagen vor dem erwarteten Geburtstermin.<\/span><\/p>\n<p><span style=\"font-size: 10pt;\"><em>Schwein:<\/em><\/span><\/p>\n<p><span style=\"font-size: 10pt;\">(Organ-)Fleisch: 77 Tage.<\/span><\/p>\n<p><span style=\"font-size: 10pt;\"><strong>Inhalt<br \/>\n<\/strong><\/span><span style=\"font-size: 10pt;\">250 ml<\/span><\/p>\n<p><span style=\"font-size: 10pt;\"><a href=\"https:\/\/www.diergeneesmiddeleninformatiebank.nl\/ords\/f?p=111:3::SEARCH:NO::P0_DOMAIN,P0_LANG,P3_RVG1:V,NL,9844\" target=\"_blank\" rel=\"noopener\"><strong>REG EN 9844<\/strong><\/a><\/span><\/p>\n<p><span style=\"font-size: 10pt;\">Nur f\u00fcr den tier\u00e4rztlichen Gebrauch - URA<\/span><\/p>\n<a href=\"https:\/\/www.cbg-meb.nl\/onderwerpen\/bd-internethandel-diergeneesmiddelen\" target=\"_blank\" rel=\"noopener\"><img decoding=\"async\" class=\"preview\" style=\"max-width: 90px; float: right;\" src=\"\/imagestream\/stream\/279197\/2209-logo-internethandel.jpg\" alt=\"\" \/><\/a>","protected":false},"excerpt":{"rendered":"<p>Zur Bek\u00e4mpfung von Wurminfektionen, Hornissen, L\u00e4usen und Milben.<\/p>\n<h5><span style=\"color: #ff0000;\"><em>Verfahren Worm Abhilfema\u00dfnahmen \"URA Abhilfema\u00dfnahmen\"<\/em><\/span><\/h5>\n<p><em>\u00a0-nur auf Originalrezept mit \"feuchter\" Unterschrift erh\u00e4ltlich<\/em><\/p>\n<p><em>\u00a0-Gescannte Rezepte sind nicht erlaubt.<\/em><\/p>\n<p><em>\u00a0-Schicken Sie das Originalrezept per Post an: Food4animals, Zwanenveld 6, 6852LX, Huissen, die Niederlande<\/em><\/p>\n<p><em>\u00a0-Bestellen Sie per Mail (info@food4animals.nl), was Sie brauchen, wir sorgen daf\u00fcr, dass es auf Lager ist, wenn es abgeholt wird.<\/em><\/p>\n<p><em>\u00a0-Sie werden benachrichtigt, wenn Ihre Bestellung zur Abholung bereit ist.<\/em><\/p>\n<h5><em>\u00a0Also ohne Rezept keine Lieferung<\/em><\/h5>\n<h3><a href=\"http:\/\/food4animals.g51test.nl\/wp-content\/uploads\/2024\/01\/Recept-origineel-vee-2024.pdf\" target=\"_blank\" rel=\"noopener\">Download Musterrezept Rinder<\/a><\/h3>\n<p><a href=\"https:\/\/www.cbg-meb.nl\/onderwerpen\/bd-internethandel-diergeneesmiddelen\" target=\"_blank\" rel=\"noopener\"><img loading=\"lazy\" decoding=\"async\" class=\"alignnone wp-image-23456 size-full\" src=\"https:\/\/www.food4animals.nl\/wp-content\/uploads\/2024\/02\/NVWA-Logo.jpg\" alt=\"\" width=\"141\" height=\"117\" srcset=\"https:\/\/www.food4animals.nl\/wp-content\/uploads\/2024\/02\/NVWA-Logo.jpg 141w, https:\/\/www.food4animals.nl\/wp-content\/uploads\/2024\/02\/NVWA-Logo-14x12.jpg 14w, https:\/\/www.food4animals.nl\/wp-content\/uploads\/2024\/02\/NVWA-Logo-106x88.jpg 106w, https:\/\/www.food4animals.nl\/wp-content\/uploads\/2024\/02\/NVWA-Logo-80x66.jpg 80w\" sizes=\"auto, (max-width: 141px) 100vw, 141px\" \/><\/a><\/p>","protected":false},"featured_media":29904,"template":"","meta":{"_acf_changed":false},"product_brand":[],"product_cat":[993,996],"product_tag":[],"class_list":{"0":"post-5394","1":"product","2":"type-product","3":"status-publish","4":"has-post-thumbnail","6":"product_cat-apotheek","7":"product_cat-medicatie-op-recept","9":"first","10":"instock","11":"taxable","12":"shipping-taxable","13":"product-type-simple"},"acf":[],"yoast_head":"<!-- This site is optimized with the Yoast SEO plugin v27.2 - https:\/\/yoast.com\/product\/yoast-seo-wordpress\/ -->\n<title>Dectomax REG NL URA - Food4animals<\/title>\n<meta name=\"robots\" content=\"index, follow, max-snippet:-1, max-image-preview:large, max-video-preview:-1\" \/>\n<link rel=\"canonical\" href=\"https:\/\/www.food4animals.nl\/de\/produkt\/dectomax-reg-en-ura\/\" \/>\n<meta property=\"og:locale\" content=\"de_DE\" \/>\n<meta property=\"og:type\" content=\"article\" \/>\n<meta property=\"og:title\" content=\"Dectomax REG NL URA - Food4animals\" \/>\n<meta property=\"og:description\" content=\"Ter bestrijding van worminfecties, horzels, luizen en mijten. Procedure Wormmiddelen \u201cURA middelen\u201d \u00a0-Alleen verkrijgbaar op origineel recept met \u201cnatte\u201d handtekening  \u00a0-Gescande recepten zijn niet toegestaan.  \u00a0-Stuur het Origineel recept per post naar: Food4animals, Zwanenveld 6, 6852LX, Huissen, Nederland  \u00a0-Bestel per mail (info@food4animals.nl) wat u nodig heeft, wij zorgen dat het op voorraad is als het opgehaald wordt.  \u00a0-U ontvangt bericht als uw bestelling klaar staat voor afhalen. \u00a0Dus zonder\u00a0recept\u00a0geen levering Download voorbeeld Recept Vee\" \/>\n<meta property=\"og:url\" content=\"https:\/\/www.food4animals.nl\/de\/produkt\/dectomax-reg-en-ura\/\" \/>\n<meta property=\"og:site_name\" content=\"Food4animals\" \/>\n<meta property=\"article:publisher\" content=\"https:\/\/www.facebook.com\/p\/Food4animals-100063861676074\/\" \/>\n<meta property=\"article:modified_time\" content=\"2026-04-13T00:13:03+00:00\" \/>\n<meta property=\"og:image\" content=\"https:\/\/www.food4animals.nl\/wp-content\/uploads\/2024\/01\/Dectomax.jpg\" \/>\n\t<meta property=\"og:image:width\" content=\"664\" \/>\n\t<meta property=\"og:image:height\" content=\"735\" \/>\n\t<meta property=\"og:image:type\" content=\"image\/jpeg\" \/>\n<meta name=\"twitter:card\" content=\"summary_large_image\" \/>\n<meta name=\"twitter:site\" content=\"@food4animals\" \/>\n<meta name=\"twitter:label1\" content=\"Gesch\u00e4tzte Lesezeit\" \/>\n\t<meta name=\"twitter:data1\" content=\"3\u00a0Minuten\" \/>\n<script type=\"application\/ld+json\" class=\"yoast-schema-graph\">{\"@context\":\"https:\/\/schema.org\",\"@graph\":[{\"@type\":\"WebPage\",\"@id\":\"https:\/\/www.food4animals.nl\/product\/dectomax-reg-nl-ura\/\",\"url\":\"https:\/\/www.food4animals.nl\/product\/dectomax-reg-nl-ura\/\",\"name\":\"Dectomax REG NL URA - Food4animals\",\"isPartOf\":{\"@id\":\"https:\/\/www.food4animals.nl\/en\/#website\"},\"primaryImageOfPage\":{\"@id\":\"https:\/\/www.food4animals.nl\/product\/dectomax-reg-nl-ura\/#primaryimage\"},\"image\":{\"@id\":\"https:\/\/www.food4animals.nl\/product\/dectomax-reg-nl-ura\/#primaryimage\"},\"thumbnailUrl\":\"https:\/\/www.food4animals.nl\/wp-content\/uploads\/2024\/01\/Dectomax.jpg\",\"datePublished\":\"2024-01-05T10:45:12+00:00\",\"dateModified\":\"2026-04-13T00:13:03+00:00\",\"breadcrumb\":{\"@id\":\"https:\/\/www.food4animals.nl\/product\/dectomax-reg-nl-ura\/#breadcrumb\"},\"inLanguage\":\"de\",\"potentialAction\":[{\"@type\":\"ReadAction\",\"target\":[\"https:\/\/www.food4animals.nl\/product\/dectomax-reg-nl-ura\/\"]}]},{\"@type\":\"ImageObject\",\"inLanguage\":\"de\",\"@id\":\"https:\/\/www.food4animals.nl\/product\/dectomax-reg-nl-ura\/#primaryimage\",\"url\":\"https:\/\/www.food4animals.nl\/wp-content\/uploads\/2024\/01\/Dectomax.jpg\",\"contentUrl\":\"https:\/\/www.food4animals.nl\/wp-content\/uploads\/2024\/01\/Dectomax.jpg\",\"width\":664,\"height\":735,\"caption\":\"Dectomax Ter bestrijding van worminfecties, horzels, luizen en mijten bij Rund (niet melkgevend), varken en schaap (niet melkgevend).\"},{\"@type\":\"BreadcrumbList\",\"@id\":\"https:\/\/www.food4animals.nl\/product\/dectomax-reg-nl-ura\/#breadcrumb\",\"itemListElement\":[{\"@type\":\"ListItem\",\"position\":1,\"name\":\"Home\",\"item\":\"https:\/\/www.food4animals.nl\/\"},{\"@type\":\"ListItem\",\"position\":2,\"name\":\"Winkel\",\"item\":\"https:\/\/www.food4animals.nl\/winkel\/\"},{\"@type\":\"ListItem\",\"position\":3,\"name\":\"Dectomax REG NL URA\"}]},{\"@type\":\"WebSite\",\"@id\":\"https:\/\/www.food4animals.nl\/en\/#website\",\"url\":\"https:\/\/www.food4animals.nl\/en\/\",\"name\":\"Food4animals\",\"description\":\"Alles voor Ruiter en Dier\",\"publisher\":{\"@id\":\"https:\/\/www.food4animals.nl\/en\/#organization\"},\"potentialAction\":[{\"@type\":\"SearchAction\",\"target\":{\"@type\":\"EntryPoint\",\"urlTemplate\":\"https:\/\/www.food4animals.nl\/en\/?s={search_term_string}\"},\"query-input\":{\"@type\":\"PropertyValueSpecification\",\"valueRequired\":true,\"valueName\":\"search_term_string\"}}],\"inLanguage\":\"de\"},{\"@type\":\"Organization\",\"@id\":\"https:\/\/www.food4animals.nl\/en\/#organization\",\"name\":\"Food4animals\",\"url\":\"https:\/\/www.food4animals.nl\/en\/\",\"logo\":{\"@type\":\"ImageObject\",\"inLanguage\":\"de\",\"@id\":\"https:\/\/www.food4animals.nl\/en\/#\/schema\/logo\/image\/\",\"url\":\"https:\/\/www.food4animals.nl\/wp-content\/uploads\/2023\/10\/Logo.svg\",\"contentUrl\":\"https:\/\/www.food4animals.nl\/wp-content\/uploads\/2023\/10\/Logo.svg\",\"width\":1,\"height\":1,\"caption\":\"Food4animals\"},\"image\":{\"@id\":\"https:\/\/www.food4animals.nl\/en\/#\/schema\/logo\/image\/\"},\"sameAs\":[\"https:\/\/www.facebook.com\/p\/Food4animals-100063861676074\/\",\"https:\/\/x.com\/food4animals\"]}]}<\/script>\n<!-- \/ Yoast SEO plugin. -->","yoast_head_json":{"title":"Dectomax REG DE URA - Food4animals","robots":{"index":"index","follow":"follow","max-snippet":"max-snippet:-1","max-image-preview":"max-image-preview:large","max-video-preview":"max-video-preview:-1"},"canonical":"https:\/\/www.food4animals.nl\/de\/produkt\/dectomax-reg-en-ura\/","og_locale":"de_DE","og_type":"article","og_title":"Dectomax REG NL URA - Food4animals","og_description":"Ter bestrijding van worminfecties, horzels, luizen en mijten. Procedure Wormmiddelen \u201cURA middelen\u201d \u00a0-Alleen verkrijgbaar op origineel recept met \u201cnatte\u201d handtekening  \u00a0-Gescande recepten zijn niet toegestaan.  \u00a0-Stuur het Origineel recept per post naar: Food4animals, Zwanenveld 6, 6852LX, Huissen, Nederland  \u00a0-Bestel per mail (info@food4animals.nl) wat u nodig heeft, wij zorgen dat het op voorraad is als het opgehaald wordt.  \u00a0-U ontvangt bericht als uw bestelling klaar staat voor afhalen. \u00a0Dus zonder\u00a0recept\u00a0geen levering Download voorbeeld Recept Vee","og_url":"https:\/\/www.food4animals.nl\/de\/produkt\/dectomax-reg-en-ura\/","og_site_name":"Food4animals","article_publisher":"https:\/\/www.facebook.com\/p\/Food4animals-100063861676074\/","article_modified_time":"2026-04-13T00:13:03+00:00","og_image":[{"width":664,"height":735,"url":"https:\/\/www.food4animals.nl\/wp-content\/uploads\/2024\/01\/Dectomax.jpg","type":"image\/jpeg"}],"twitter_card":"summary_large_image","twitter_site":"@food4animals","twitter_misc":{"Gesch\u00e4tzte Lesezeit":"3\u00a0Minuten"},"schema":{"@context":"https:\/\/schema.org","@graph":[{"@type":"WebPage","@id":"https:\/\/www.food4animals.nl\/product\/dectomax-reg-nl-ura\/","url":"https:\/\/www.food4animals.nl\/product\/dectomax-reg-nl-ura\/","name":"Dectomax REG DE URA - Food4animals","isPartOf":{"@id":"https:\/\/www.food4animals.nl\/en\/#website"},"primaryImageOfPage":{"@id":"https:\/\/www.food4animals.nl\/product\/dectomax-reg-nl-ura\/#primaryimage"},"image":{"@id":"https:\/\/www.food4animals.nl\/product\/dectomax-reg-nl-ura\/#primaryimage"},"thumbnailUrl":"https:\/\/www.food4animals.nl\/wp-content\/uploads\/2024\/01\/Dectomax.jpg","datePublished":"2024-01-05T10:45:12+00:00","dateModified":"2026-04-13T00:13:03+00:00","breadcrumb":{"@id":"https:\/\/www.food4animals.nl\/product\/dectomax-reg-nl-ura\/#breadcrumb"},"inLanguage":"de","potentialAction":[{"@type":"ReadAction","target":["https:\/\/www.food4animals.nl\/product\/dectomax-reg-nl-ura\/"]}]},{"@type":"ImageObject","inLanguage":"de","@id":"https:\/\/www.food4animals.nl\/product\/dectomax-reg-nl-ura\/#primaryimage","url":"https:\/\/www.food4animals.nl\/wp-content\/uploads\/2024\/01\/Dectomax.jpg","contentUrl":"https:\/\/www.food4animals.nl\/wp-content\/uploads\/2024\/01\/Dectomax.jpg","width":664,"height":735,"caption":"Dectomax Ter bestrijding van worminfecties, horzels, luizen en mijten bij Rund (niet melkgevend), varken en schaap (niet melkgevend)."},{"@type":"BreadcrumbList","@id":"https:\/\/www.food4animals.nl\/product\/dectomax-reg-nl-ura\/#breadcrumb","itemListElement":[{"@type":"ListItem","position":1,"name":"Home","item":"https:\/\/www.food4animals.nl\/"},{"@type":"ListItem","position":2,"name":"Winkel","item":"https:\/\/www.food4animals.nl\/winkel\/"},{"@type":"ListItem","position":3,"name":"Dectomax REG NL URA"}]},{"@type":"WebSite","@id":"https:\/\/www.food4animals.nl\/en\/#website","url":"https:\/\/www.food4animals.nl\/en\/","name":"Lebensmittel4Tiere","description":"Alles f\u00fcr Reiter und Tier","publisher":{"@id":"https:\/\/www.food4animals.nl\/en\/#organization"},"potentialAction":[{"@type":"SearchAction","target":{"@type":"EntryPoint","urlTemplate":"https:\/\/www.food4animals.nl\/en\/?s={search_term_string}"},"query-input":{"@type":"PropertyValueSpecification","valueRequired":true,"valueName":"search_term_string"}}],"inLanguage":"de"},{"@type":"Organization","@id":"https:\/\/www.food4animals.nl\/en\/#organization","name":"Lebensmittel4Tiere","url":"https:\/\/www.food4animals.nl\/en\/","logo":{"@type":"ImageObject","inLanguage":"de","@id":"https:\/\/www.food4animals.nl\/en\/#\/schema\/logo\/image\/","url":"https:\/\/www.food4animals.nl\/wp-content\/uploads\/2023\/10\/Logo.svg","contentUrl":"https:\/\/www.food4animals.nl\/wp-content\/uploads\/2023\/10\/Logo.svg","width":1,"height":1,"caption":"Food4animals"},"image":{"@id":"https:\/\/www.food4animals.nl\/en\/#\/schema\/logo\/image\/"},"sameAs":["https:\/\/www.facebook.com\/p\/Food4animals-100063861676074\/","https:\/\/x.com\/food4animals"]}]}},"_links":{"self":[{"href":"https:\/\/www.food4animals.nl\/de\/wp-json\/wp\/v2\/product\/5394","targetHints":{"allow":["GET"]}}],"collection":[{"href":"https:\/\/www.food4animals.nl\/de\/wp-json\/wp\/v2\/product"}],"about":[{"href":"https:\/\/www.food4animals.nl\/de\/wp-json\/wp\/v2\/types\/product"}],"wp:featuredmedia":[{"embeddable":true,"href":"https:\/\/www.food4animals.nl\/de\/wp-json\/wp\/v2\/media\/29904"}],"wp:attachment":[{"href":"https:\/\/www.food4animals.nl\/de\/wp-json\/wp\/v2\/media?parent=5394"}],"wp:term":[{"taxonomy":"product_brand","embeddable":true,"href":"https:\/\/www.food4animals.nl\/de\/wp-json\/wp\/v2\/product_brand?post=5394"},{"taxonomy":"product_cat","embeddable":true,"href":"https:\/\/www.food4animals.nl\/de\/wp-json\/wp\/v2\/product_cat?post=5394"},{"taxonomy":"product_tag","embeddable":true,"href":"https:\/\/www.food4animals.nl\/de\/wp-json\/wp\/v2\/product_tag?post=5394"}],"curies":[{"name":"wp","href":"https:\/\/api.w.org\/{rel}","templated":true}]}}