{"id":5540,"date":"2024-01-05T12:11:25","date_gmt":"2024-01-05T11:11:25","guid":{"rendered":"https:\/\/food4animals.nl\/product\/direct-bicarbonaat-bolus\/"},"modified":"2026-05-09T01:14:24","modified_gmt":"2026-05-09T00:14:24","slug":"direct-bicarbonaat-bolus","status":"publish","type":"product","link":"https:\/\/www.food4animals.nl\/de\/produkt\/direct-bicarbonaat-bolus\/","title":{"rendered":"Sofortiger Bikarbonat-Bolus"},"content":{"rendered":"<p><span style=\"font-size: 10pt;\"><strong>Direct Bicarbonaat Bolus vermindert het risico van acidose (pensverzuring).<\/strong><\/span><br \/><span style=\"font-size: 10pt;\">Bevat hoogwaardig bicarbonaat voor een snelle verhoging van de pens pH-waarde.\u00a0Zowel curatief als preventief inzetbaar.\u00a0Speciaal voor hoogproductieve melkkoeien. Ideaal bij weinig herkauw-activiteit, hitte, transport.<\/span><br \/><span style=\"font-size: 10pt;\"><strong><br \/>Direct Bicarbonaat Bolus voor melkkoeien.<\/strong><\/span><br \/><span style=\"font-size: 10pt;\">Aanvullend diervoeder (dieetvoeder) voor melkvee.<\/span><br \/><span style=\"font-size: 10pt;\">Voor een snelle verhoging van de pens pH-waarde.<\/span><br \/><span style=\"font-size: 10pt;\">\u00a0<\/span><br \/><span style=\"font-size: 10pt;\"><strong>Hoe effectief is de Bi Bolus?<\/strong><\/span><br \/><span style=\"font-size: 10pt;\">Wetenschappelijke proeven hebben aangetoond dat een een hoeveelheid natriumbicarbonaat de pH-waarde in de pens verhoogt.\u00a0Uit een Duits onderzoek blijkt dat 20 procent van de melkveebedrijven problemen heeft met pensverzuring. De kosten van een klinisch geval worden geraamd op 400 tot 600 euro per koe. Pensacidose kan klauwbevangenheid en kreupelheid tot gevolg hebben.<\/span><br \/><span style=\"font-size: 10pt;\">\u00a0<\/span><br \/><span style=\"font-size: 10pt;\"><strong>Voor welke koeien geschikt?<\/strong><\/span><br \/><span style=\"font-size: 10pt;\">Bij verzuring (acidose) van de pensinhoud.<\/span><br \/><span style=\"font-size: 10pt;\">Ideaal bij weinig herkauw-activiteit, hitte, transport.<\/span><br \/><span style=\"font-size: 10pt;\">\u00a0<\/span><br \/><span style=\"font-size: 10pt;\"><strong>Hoe wordt pensacidose herkend?<\/strong><\/span><br \/><span style=\"font-size: 10pt;\">Door een laag melkvetgehalte (< 3%), of melkvetgehalte lager dan melkeiwitgehalte. Pensacidose komt op elk melkveebedrijf voor. De mate waarin varieert per bedrijf. Vooral hoogproductieve koeien na het afkalven zijn gevoelig voor deze aandoening.<\/span><br \/><span style=\"font-size: 10pt;\">\u00a0<\/span><br \/><span style=\"font-size: 10pt;\"><strong>Verpackung<\/strong><\/span><br \/><span style=\"font-size: 10pt;\">4 x 116 g<\/span><br \/><span style=\"font-size: 10pt;\">\u00a0<\/span><br \/><span style=\"font-size: 10pt;\"><strong>Bewahrung<\/strong><\/span><br \/><span style=\"font-size: 10pt;\">Op een koele en droge plaats.<\/span><br \/><span style=\"font-size: 10pt;\">Au\u00dferhalb des direkten Sonnenlichts.<\/span><br \/><span style=\"font-size: 10pt;\">\u00a0<\/span><br \/><span style=\"font-size: 10pt;\"><strong>Registratienummer NVWA\/GMP+:<\/strong> 40120<\/span><br \/><span style=\"font-size: 10pt;\">Geproduceerd volgens HACCP richtlijnen.<\/span><br \/><span style=\"font-size: 10pt;\">GPM+ FSA-geborgd.<\/span><\/p>\n<p><span style=\"font-size: 10pt;\">Der Bolus kann \u00fcber die wei\u00dfen Ringe in den Bolusbecher (36 mm) eingef\u00fchrt werden.<\/span><\/p>","protected":false},"excerpt":{"rendered":"<p>Bicarbonaatbolus voor melkvee ter vermindering van het risico van acidose.<\/p>","protected":false},"featured_media":33825,"template":"","meta":{"_acf_changed":false},"product_brand":[],"product_cat":[1123,834],"product_tag":[814],"class_list":{"0":"post-5540","1":"product","2":"type-product","3":"status-publish","4":"has-post-thumbnail","6":"product_cat-bolussen-en-mineralen","7":"product_cat-rund","8":"product_tag-rund","10":"first","11":"instock","12":"taxable","13":"shipping-taxable","14":"purchasable","15":"product-type-simple"},"acf":[],"yoast_head":"<!-- This site is optimized with the Yoast SEO plugin v27.4 - https:\/\/yoast.com\/product\/yoast-seo-wordpress\/ -->\n<title>Direct Bicarbonaat Bolus - Food4animals<\/title>\n<meta name=\"robots\" content=\"index, follow, max-snippet:-1, max-image-preview:large, max-video-preview:-1\" \/>\n<link rel=\"canonical\" href=\"https:\/\/www.food4animals.nl\/de\/produkt\/direct-bicarbonaat-bolus\/\" \/>\n<meta property=\"og:locale\" content=\"de_DE\" \/>\n<meta property=\"og:type\" content=\"article\" \/>\n<meta property=\"og:title\" content=\"Direct Bicarbonaat Bolus - Food4animals\" \/>\n<meta property=\"og:description\" content=\"Bicarbonaatbolus voor melkvee ter vermindering van het risico van acidose.\" \/>\n<meta property=\"og:url\" content=\"https:\/\/www.food4animals.nl\/de\/produkt\/direct-bicarbonaat-bolus\/\" \/>\n<meta property=\"og:site_name\" content=\"Food4animals\" \/>\n<meta property=\"article:publisher\" content=\"https:\/\/www.facebook.com\/p\/Food4animals-100063861676074\/\" \/>\n<meta property=\"article:modified_time\" content=\"2026-05-09T00:14:24+00:00\" \/>\n<meta property=\"og:image\" content=\"https:\/\/www.food4animals.nl\/wp-content\/uploads\/2025\/11\/DIRE008.png\" \/>\n\t<meta property=\"og:image:width\" content=\"1024\" \/>\n\t<meta property=\"og:image:height\" content=\"1024\" \/>\n\t<meta property=\"og:image:type\" content=\"image\/png\" \/>\n<meta name=\"twitter:card\" content=\"summary_large_image\" \/>\n<meta name=\"twitter:site\" content=\"@food4animals\" \/>\n<meta name=\"twitter:label1\" content=\"Gesch\u00e4tzte Lesezeit\" \/>\n\t<meta name=\"twitter:data1\" content=\"1\u00a0Minute\" \/>\n<script type=\"application\/ld+json\" class=\"yoast-schema-graph\">{\"@context\":\"https:\\\/\\\/schema.org\",\"@graph\":[{\"@type\":\"WebPage\",\"@id\":\"https:\\\/\\\/www.food4animals.nl\\\/product\\\/direct-bicarbonaat-bolus\\\/\",\"url\":\"https:\\\/\\\/www.food4animals.nl\\\/product\\\/direct-bicarbonaat-bolus\\\/\",\"name\":\"Direct Bicarbonaat Bolus - Food4animals\",\"isPartOf\":{\"@id\":\"https:\\\/\\\/www.food4animals.nl\\\/en\\\/#website\"},\"primaryImageOfPage\":{\"@id\":\"https:\\\/\\\/www.food4animals.nl\\\/product\\\/direct-bicarbonaat-bolus\\\/#primaryimage\"},\"image\":{\"@id\":\"https:\\\/\\\/www.food4animals.nl\\\/product\\\/direct-bicarbonaat-bolus\\\/#primaryimage\"},\"thumbnailUrl\":\"https:\\\/\\\/www.food4animals.nl\\\/wp-content\\\/uploads\\\/2025\\\/11\\\/DIRE008.png\",\"datePublished\":\"2024-01-05T11:11:25+00:00\",\"dateModified\":\"2026-05-09T00:14:24+00:00\",\"breadcrumb\":{\"@id\":\"https:\\\/\\\/www.food4animals.nl\\\/product\\\/direct-bicarbonaat-bolus\\\/#breadcrumb\"},\"inLanguage\":\"de\",\"potentialAction\":[{\"@type\":\"ReadAction\",\"target\":[\"https:\\\/\\\/www.food4animals.nl\\\/product\\\/direct-bicarbonaat-bolus\\\/\"]}]},{\"@type\":\"ImageObject\",\"inLanguage\":\"de\",\"@id\":\"https:\\\/\\\/www.food4animals.nl\\\/product\\\/direct-bicarbonaat-bolus\\\/#primaryimage\",\"url\":\"https:\\\/\\\/www.food4animals.nl\\\/wp-content\\\/uploads\\\/2025\\\/11\\\/DIRE008.png\",\"contentUrl\":\"https:\\\/\\\/www.food4animals.nl\\\/wp-content\\\/uploads\\\/2025\\\/11\\\/DIRE008.png\",\"width\":1024,\"height\":1024},{\"@type\":\"BreadcrumbList\",\"@id\":\"https:\\\/\\\/www.food4animals.nl\\\/product\\\/direct-bicarbonaat-bolus\\\/#breadcrumb\",\"itemListElement\":[{\"@type\":\"ListItem\",\"position\":1,\"name\":\"Home\",\"item\":\"https:\\\/\\\/www.food4animals.nl\\\/\"},{\"@type\":\"ListItem\",\"position\":2,\"name\":\"Winkel\",\"item\":\"https:\\\/\\\/www.food4animals.nl\\\/winkel\\\/\"},{\"@type\":\"ListItem\",\"position\":3,\"name\":\"Direct Bicarbonaat Bolus\"}]},{\"@type\":\"WebSite\",\"@id\":\"https:\\\/\\\/www.food4animals.nl\\\/en\\\/#website\",\"url\":\"https:\\\/\\\/www.food4animals.nl\\\/en\\\/\",\"name\":\"Food4animals\",\"description\":\"Alles voor Ruiter en Dier\",\"publisher\":{\"@id\":\"https:\\\/\\\/www.food4animals.nl\\\/en\\\/#organization\"},\"potentialAction\":[{\"@type\":\"SearchAction\",\"target\":{\"@type\":\"EntryPoint\",\"urlTemplate\":\"https:\\\/\\\/www.food4animals.nl\\\/en\\\/?s={search_term_string}\"},\"query-input\":{\"@type\":\"PropertyValueSpecification\",\"valueRequired\":true,\"valueName\":\"search_term_string\"}}],\"inLanguage\":\"de\"},{\"@type\":\"Organization\",\"@id\":\"https:\\\/\\\/www.food4animals.nl\\\/en\\\/#organization\",\"name\":\"Food4animals\",\"url\":\"https:\\\/\\\/www.food4animals.nl\\\/en\\\/\",\"logo\":{\"@type\":\"ImageObject\",\"inLanguage\":\"de\",\"@id\":\"https:\\\/\\\/www.food4animals.nl\\\/en\\\/#\\\/schema\\\/logo\\\/image\\\/\",\"url\":\"https:\\\/\\\/www.food4animals.nl\\\/wp-content\\\/uploads\\\/2023\\\/10\\\/Logo.svg\",\"contentUrl\":\"https:\\\/\\\/www.food4animals.nl\\\/wp-content\\\/uploads\\\/2023\\\/10\\\/Logo.svg\",\"width\":1,\"height\":1,\"caption\":\"Food4animals\"},\"image\":{\"@id\":\"https:\\\/\\\/www.food4animals.nl\\\/en\\\/#\\\/schema\\\/logo\\\/image\\\/\"},\"sameAs\":[\"https:\\\/\\\/www.facebook.com\\\/p\\\/Food4animals-100063861676074\\\/\",\"https:\\\/\\\/x.com\\\/food4animals\"]}]}<\/script>\n<!-- \/ Yoast SEO plugin. -->","yoast_head_json":{"title":"Direct Bicarbonaat Bolus - Food4animals","robots":{"index":"index","follow":"follow","max-snippet":"max-snippet:-1","max-image-preview":"max-image-preview:large","max-video-preview":"max-video-preview:-1"},"canonical":"https:\/\/www.food4animals.nl\/de\/produkt\/direct-bicarbonaat-bolus\/","og_locale":"de_DE","og_type":"article","og_title":"Direct Bicarbonaat Bolus - Food4animals","og_description":"Bicarbonaatbolus voor melkvee ter vermindering van het risico van acidose.","og_url":"https:\/\/www.food4animals.nl\/de\/produkt\/direct-bicarbonaat-bolus\/","og_site_name":"Food4animals","article_publisher":"https:\/\/www.facebook.com\/p\/Food4animals-100063861676074\/","article_modified_time":"2026-05-09T00:14:24+00:00","og_image":[{"width":1024,"height":1024,"url":"https:\/\/www.food4animals.nl\/wp-content\/uploads\/2025\/11\/DIRE008.png","type":"image\/png"}],"twitter_card":"summary_large_image","twitter_site":"@food4animals","twitter_misc":{"Gesch\u00e4tzte Lesezeit":"1\u00a0Minute"},"schema":{"@context":"https:\/\/schema.org","@graph":[{"@type":"WebPage","@id":"https:\/\/www.food4animals.nl\/product\/direct-bicarbonaat-bolus\/","url":"https:\/\/www.food4animals.nl\/product\/direct-bicarbonaat-bolus\/","name":"Direct Bicarbonaat Bolus - Food4animals","isPartOf":{"@id":"https:\/\/www.food4animals.nl\/en\/#website"},"primaryImageOfPage":{"@id":"https:\/\/www.food4animals.nl\/product\/direct-bicarbonaat-bolus\/#primaryimage"},"image":{"@id":"https:\/\/www.food4animals.nl\/product\/direct-bicarbonaat-bolus\/#primaryimage"},"thumbnailUrl":"https:\/\/www.food4animals.nl\/wp-content\/uploads\/2025\/11\/DIRE008.png","datePublished":"2024-01-05T11:11:25+00:00","dateModified":"2026-05-09T00:14:24+00:00","breadcrumb":{"@id":"https:\/\/www.food4animals.nl\/product\/direct-bicarbonaat-bolus\/#breadcrumb"},"inLanguage":"de","potentialAction":[{"@type":"ReadAction","target":["https:\/\/www.food4animals.nl\/product\/direct-bicarbonaat-bolus\/"]}]},{"@type":"ImageObject","inLanguage":"de","@id":"https:\/\/www.food4animals.nl\/product\/direct-bicarbonaat-bolus\/#primaryimage","url":"https:\/\/www.food4animals.nl\/wp-content\/uploads\/2025\/11\/DIRE008.png","contentUrl":"https:\/\/www.food4animals.nl\/wp-content\/uploads\/2025\/11\/DIRE008.png","width":1024,"height":1024},{"@type":"BreadcrumbList","@id":"https:\/\/www.food4animals.nl\/product\/direct-bicarbonaat-bolus\/#breadcrumb","itemListElement":[{"@type":"ListItem","position":1,"name":"Home","item":"https:\/\/www.food4animals.nl\/"},{"@type":"ListItem","position":2,"name":"Winkel","item":"https:\/\/www.food4animals.nl\/winkel\/"},{"@type":"ListItem","position":3,"name":"Direct Bicarbonaat Bolus"}]},{"@type":"WebSite","@id":"https:\/\/www.food4animals.nl\/en\/#website","url":"https:\/\/www.food4animals.nl\/en\/","name":"Lebensmittel4Tiere","description":"Alles f\u00fcr Reiter und Tier","publisher":{"@id":"https:\/\/www.food4animals.nl\/en\/#organization"},"potentialAction":[{"@type":"SearchAction","target":{"@type":"EntryPoint","urlTemplate":"https:\/\/www.food4animals.nl\/en\/?s={search_term_string}"},"query-input":{"@type":"PropertyValueSpecification","valueRequired":true,"valueName":"search_term_string"}}],"inLanguage":"de"},{"@type":"Organization","@id":"https:\/\/www.food4animals.nl\/en\/#organization","name":"Lebensmittel4Tiere","url":"https:\/\/www.food4animals.nl\/en\/","logo":{"@type":"ImageObject","inLanguage":"de","@id":"https:\/\/www.food4animals.nl\/en\/#\/schema\/logo\/image\/","url":"https:\/\/www.food4animals.nl\/wp-content\/uploads\/2023\/10\/Logo.svg","contentUrl":"https:\/\/www.food4animals.nl\/wp-content\/uploads\/2023\/10\/Logo.svg","width":1,"height":1,"caption":"Food4animals"},"image":{"@id":"https:\/\/www.food4animals.nl\/en\/#\/schema\/logo\/image\/"},"sameAs":["https:\/\/www.facebook.com\/p\/Food4animals-100063861676074\/","https:\/\/x.com\/food4animals"]}]}},"_links":{"self":[{"href":"https:\/\/www.food4animals.nl\/de\/wp-json\/wp\/v2\/product\/5540","targetHints":{"allow":["GET"]}}],"collection":[{"href":"https:\/\/www.food4animals.nl\/de\/wp-json\/wp\/v2\/product"}],"about":[{"href":"https:\/\/www.food4animals.nl\/de\/wp-json\/wp\/v2\/types\/product"}],"wp:featuredmedia":[{"embeddable":true,"href":"https:\/\/www.food4animals.nl\/de\/wp-json\/wp\/v2\/media\/33825"}],"wp:attachment":[{"href":"https:\/\/www.food4animals.nl\/de\/wp-json\/wp\/v2\/media?parent=5540"}],"wp:term":[{"taxonomy":"product_brand","embeddable":true,"href":"https:\/\/www.food4animals.nl\/de\/wp-json\/wp\/v2\/product_brand?post=5540"},{"taxonomy":"product_cat","embeddable":true,"href":"https:\/\/www.food4animals.nl\/de\/wp-json\/wp\/v2\/product_cat?post=5540"},{"taxonomy":"product_tag","embeddable":true,"href":"https:\/\/www.food4animals.nl\/de\/wp-json\/wp\/v2\/product_tag?post=5540"}],"curies":[{"name":"wp","href":"https:\/\/api.w.org\/{rel}","templated":true}]}}