{"id":5560,"date":"2024-01-05T12:15:44","date_gmt":"2024-01-05T11:15:44","guid":{"rendered":"https:\/\/food4animals.nl\/product\/direct-zwarte-knoflook-bolus\/"},"modified":"2026-04-12T01:10:13","modified_gmt":"2026-04-12T00:10:13","slug":"instant-bolus-mit-schwarzem-knoblauch","status":"publish","type":"product","link":"https:\/\/www.food4animals.nl\/de\/produkt\/instant-bolus-mit-schwarzem-knoblauch\/","title":{"rendered":"Instant-Bolus mit schwarzem Knoblauch"},"content":{"rendered":"<p><span style=\"font-size: 10pt;\">Der Direct Black Garlic Bolus ist ein Erg\u00e4nzungsfuttermittel f\u00fcr Milchk\u00fche, das <strong>speziell entwickelt, um das Vieh gesund und widerstandsf\u00e4hig zu halten<\/strong>. Der Instant-Bolus mit schwarzem Knoblauch<strong>\u00a0st\u00e4rkt die nat\u00fcrlichen Abwehrkr\u00e4fte<\/strong> der Tiere und <strong>unterst\u00fctzt die Erhaltung einer guten Eutergesundheit<\/strong> indem sie sich die besonderen Eigenschaften bestimmter Pflanzen und Kr\u00e4uter zunutze machen.<\/span><\/p>\n<p><span style=\"font-size: 10pt;\">Der Bolus enth\u00e4lt schwarzen Knoblauch, Ginseng und Zichorie, die alle <strong>einzigartige Merkmale<\/strong> es haben <strong>Immunsystem<\/strong> und die<strong> Zusammenfassung<\/strong> der Tiere ein <strong>erh\u00f6hen<\/strong>. <\/span><\/p>\n<p><span style=\"font-size: 10pt;\"><strong>Schwarzer Knoblauch<\/strong> entsteht, wenn gew\u00f6hnlicher wei\u00dfer Knoblauch einen Reifungsprozess durchl\u00e4uft, bei dem eine Reihe wichtiger Umwandlungen im Knoblauch stattfinden. So enth\u00e4lt schwarzer Knoblauch mehr als doppelt so viele Antioxidantien wie wei\u00dfer Knoblauch und ist besser absorbierbar. Au\u00dferdem hat er nicht den l\u00e4stigen Knoblauchgeruch. Daher beeintr\u00e4chtigt er auch nicht den Geruch der Milch. <\/span><\/p>\n<p><span style=\"font-size: 10pt;\"><strong>Ginseng<\/strong>Ein einzigartiges Kraut, das in der traditionellen chinesischen Medizin seit mehr als 3.000 Jahren verwendet wird. Ginseng st\u00e4rkt das Immunsystem und hat eine antioxidative Wirkung. Dar\u00fcber hinaus hat es eine nat\u00fcrliche beruhigende Wirkung<\/span><span style=\"font-size: 10pt;\">die das Tier in Stresssituationen unterst\u00fctzen k\u00f6nnen.<\/span><\/p>\n<p><span style=\"font-size: 10pt;\"><strong>Zichorie<\/strong> ist eine wichtige Quelle von Inulin, einer Gruppe von Ballaststoffen, die nachweislich eine pr\u00e4biotische Wirkung haben. Das bedeutet, dass es die Darmfunktion und eine gute Darmflora f\u00f6rdert. Dar\u00fcber hinaus st\u00e4rkt Inulin das Immunsystem und beruhigt den Magen-Darm-Trakt, so dass sich das Vieh schneller wohlf\u00fchlt.<\/span><\/p>\n<p><span style=\"font-size: 10pt;\"><strong>F\u00fctterungshinweise:<\/strong><\/span><br \/><span style=\"font-size: 10pt;\">Es wird empfohlen, 2 Boli pro Tier zu verabreichen, mit der M\u00f6glichkeit, dies nach 5 Tagen zu wiederholen, wenn ein erh\u00f6hter Bedarf besteht, z. B. in der Trockenstehzeit oder beim Abkalben. Die Boli werden mit einem geeigneten Applikator oral verabreicht. <\/span><\/p>\n<p><span style=\"font-size: 10pt;\">Die Packung enth\u00e4lt 4 Boli zu je 60 g.<\/span><\/p>\n<p class=\"p1\"><span style=\"color: #ffffff; font-size: 10pt;\">5+1 Bolus<\/span><\/p>\n<p class=\"p1\"><span style=\"font-size: 10pt; color: #ffffff;\">September-Bolus<\/span><\/p>","protected":false},"excerpt":{"rendered":"<p>F\u00f6rdert die nat\u00fcrlichen Abwehrkr\u00e4fte und unterst\u00fctzt eine gute Eutergesundheit.<\/p>","protected":false},"featured_media":33827,"template":"","meta":{"_acf_changed":false},"product_brand":[],"product_cat":[834,835],"product_tag":[814,1382],"class_list":{"0":"post-5560","1":"product","2":"type-product","3":"status-publish","4":"has-post-thumbnail","6":"product_cat-rund","7":"product_cat-uierverzorging","8":"product_tag-rund","9":"product_tag-uiergezondheid","11":"first","12":"instock","13":"taxable","14":"shipping-taxable","15":"purchasable","16":"product-type-simple"},"acf":[],"yoast_head":"<!-- This site is optimized with the Yoast SEO plugin v27.2 - https:\/\/yoast.com\/product\/yoast-seo-wordpress\/ -->\n<title>Direct Zwarte Knoflook Bolus - Food4animals<\/title>\n<meta name=\"robots\" content=\"index, follow, max-snippet:-1, max-image-preview:large, max-video-preview:-1\" \/>\n<link rel=\"canonical\" href=\"https:\/\/www.food4animals.nl\/de\/produkt\/instant-bolus-mit-schwarzem-knoblauch\/\" \/>\n<meta property=\"og:locale\" content=\"de_DE\" \/>\n<meta property=\"og:type\" content=\"article\" \/>\n<meta property=\"og:title\" content=\"Direct Zwarte Knoflook Bolus - Food4animals\" \/>\n<meta property=\"og:description\" content=\"Bevordert het natuurlijk afweersysteem en ondersteunt een goede uiergezondheid.\" \/>\n<meta property=\"og:url\" content=\"https:\/\/www.food4animals.nl\/de\/produkt\/instant-bolus-mit-schwarzem-knoblauch\/\" \/>\n<meta property=\"og:site_name\" content=\"Food4animals\" \/>\n<meta property=\"article:publisher\" content=\"https:\/\/www.facebook.com\/p\/Food4animals-100063861676074\/\" \/>\n<meta property=\"article:modified_time\" content=\"2026-04-12T00:10:13+00:00\" \/>\n<meta property=\"og:image\" content=\"https:\/\/www.food4animals.nl\/wp-content\/uploads\/2025\/11\/DIRE010.png\" \/>\n\t<meta property=\"og:image:width\" content=\"1024\" \/>\n\t<meta property=\"og:image:height\" content=\"1024\" \/>\n\t<meta property=\"og:image:type\" content=\"image\/png\" \/>\n<meta name=\"twitter:card\" content=\"summary_large_image\" \/>\n<meta name=\"twitter:site\" content=\"@food4animals\" \/>\n<meta name=\"twitter:label1\" content=\"Gesch\u00e4tzte Lesezeit\" \/>\n\t<meta name=\"twitter:data1\" content=\"1\u00a0Minute\" \/>\n<script type=\"application\/ld+json\" class=\"yoast-schema-graph\">{\"@context\":\"https:\/\/schema.org\",\"@graph\":[{\"@type\":\"WebPage\",\"@id\":\"https:\/\/www.food4animals.nl\/product\/direct-zwarte-knoflook-bolus\/\",\"url\":\"https:\/\/www.food4animals.nl\/product\/direct-zwarte-knoflook-bolus\/\",\"name\":\"Direct Zwarte Knoflook Bolus - Food4animals\",\"isPartOf\":{\"@id\":\"https:\/\/www.food4animals.nl\/en\/#website\"},\"primaryImageOfPage\":{\"@id\":\"https:\/\/www.food4animals.nl\/product\/direct-zwarte-knoflook-bolus\/#primaryimage\"},\"image\":{\"@id\":\"https:\/\/www.food4animals.nl\/product\/direct-zwarte-knoflook-bolus\/#primaryimage\"},\"thumbnailUrl\":\"https:\/\/www.food4animals.nl\/wp-content\/uploads\/2025\/11\/DIRE010.png\",\"datePublished\":\"2024-01-05T11:15:44+00:00\",\"dateModified\":\"2026-04-12T00:10:13+00:00\",\"breadcrumb\":{\"@id\":\"https:\/\/www.food4animals.nl\/product\/direct-zwarte-knoflook-bolus\/#breadcrumb\"},\"inLanguage\":\"de\",\"potentialAction\":[{\"@type\":\"ReadAction\",\"target\":[\"https:\/\/www.food4animals.nl\/product\/direct-zwarte-knoflook-bolus\/\"]}]},{\"@type\":\"ImageObject\",\"inLanguage\":\"de\",\"@id\":\"https:\/\/www.food4animals.nl\/product\/direct-zwarte-knoflook-bolus\/#primaryimage\",\"url\":\"https:\/\/www.food4animals.nl\/wp-content\/uploads\/2025\/11\/DIRE010.png\",\"contentUrl\":\"https:\/\/www.food4animals.nl\/wp-content\/uploads\/2025\/11\/DIRE010.png\",\"width\":1024,\"height\":1024},{\"@type\":\"BreadcrumbList\",\"@id\":\"https:\/\/www.food4animals.nl\/product\/direct-zwarte-knoflook-bolus\/#breadcrumb\",\"itemListElement\":[{\"@type\":\"ListItem\",\"position\":1,\"name\":\"Home\",\"item\":\"https:\/\/www.food4animals.nl\/\"},{\"@type\":\"ListItem\",\"position\":2,\"name\":\"Winkel\",\"item\":\"https:\/\/www.food4animals.nl\/winkel\/\"},{\"@type\":\"ListItem\",\"position\":3,\"name\":\"Direct Zwarte Knoflook Bolus\"}]},{\"@type\":\"WebSite\",\"@id\":\"https:\/\/www.food4animals.nl\/en\/#website\",\"url\":\"https:\/\/www.food4animals.nl\/en\/\",\"name\":\"Food4animals\",\"description\":\"Alles voor Ruiter en Dier\",\"publisher\":{\"@id\":\"https:\/\/www.food4animals.nl\/en\/#organization\"},\"potentialAction\":[{\"@type\":\"SearchAction\",\"target\":{\"@type\":\"EntryPoint\",\"urlTemplate\":\"https:\/\/www.food4animals.nl\/en\/?s={search_term_string}\"},\"query-input\":{\"@type\":\"PropertyValueSpecification\",\"valueRequired\":true,\"valueName\":\"search_term_string\"}}],\"inLanguage\":\"de\"},{\"@type\":\"Organization\",\"@id\":\"https:\/\/www.food4animals.nl\/en\/#organization\",\"name\":\"Food4animals\",\"url\":\"https:\/\/www.food4animals.nl\/en\/\",\"logo\":{\"@type\":\"ImageObject\",\"inLanguage\":\"de\",\"@id\":\"https:\/\/www.food4animals.nl\/en\/#\/schema\/logo\/image\/\",\"url\":\"https:\/\/www.food4animals.nl\/wp-content\/uploads\/2023\/10\/Logo.svg\",\"contentUrl\":\"https:\/\/www.food4animals.nl\/wp-content\/uploads\/2023\/10\/Logo.svg\",\"width\":1,\"height\":1,\"caption\":\"Food4animals\"},\"image\":{\"@id\":\"https:\/\/www.food4animals.nl\/en\/#\/schema\/logo\/image\/\"},\"sameAs\":[\"https:\/\/www.facebook.com\/p\/Food4animals-100063861676074\/\",\"https:\/\/x.com\/food4animals\"]}]}<\/script>\n<!-- \/ Yoast SEO plugin. -->","yoast_head_json":{"title":"Instant-Bolus mit schwarzem Knoblauch - Food4animals","robots":{"index":"index","follow":"follow","max-snippet":"max-snippet:-1","max-image-preview":"max-image-preview:large","max-video-preview":"max-video-preview:-1"},"canonical":"https:\/\/www.food4animals.nl\/de\/produkt\/instant-bolus-mit-schwarzem-knoblauch\/","og_locale":"de_DE","og_type":"article","og_title":"Direct Zwarte Knoflook Bolus - Food4animals","og_description":"Bevordert het natuurlijk afweersysteem en ondersteunt een goede uiergezondheid.","og_url":"https:\/\/www.food4animals.nl\/de\/produkt\/instant-bolus-mit-schwarzem-knoblauch\/","og_site_name":"Food4animals","article_publisher":"https:\/\/www.facebook.com\/p\/Food4animals-100063861676074\/","article_modified_time":"2026-04-12T00:10:13+00:00","og_image":[{"width":1024,"height":1024,"url":"https:\/\/www.food4animals.nl\/wp-content\/uploads\/2025\/11\/DIRE010.png","type":"image\/png"}],"twitter_card":"summary_large_image","twitter_site":"@food4animals","twitter_misc":{"Gesch\u00e4tzte Lesezeit":"1\u00a0Minute"},"schema":{"@context":"https:\/\/schema.org","@graph":[{"@type":"WebPage","@id":"https:\/\/www.food4animals.nl\/product\/direct-zwarte-knoflook-bolus\/","url":"https:\/\/www.food4animals.nl\/product\/direct-zwarte-knoflook-bolus\/","name":"Instant-Bolus mit schwarzem Knoblauch - Food4animals","isPartOf":{"@id":"https:\/\/www.food4animals.nl\/en\/#website"},"primaryImageOfPage":{"@id":"https:\/\/www.food4animals.nl\/product\/direct-zwarte-knoflook-bolus\/#primaryimage"},"image":{"@id":"https:\/\/www.food4animals.nl\/product\/direct-zwarte-knoflook-bolus\/#primaryimage"},"thumbnailUrl":"https:\/\/www.food4animals.nl\/wp-content\/uploads\/2025\/11\/DIRE010.png","datePublished":"2024-01-05T11:15:44+00:00","dateModified":"2026-04-12T00:10:13+00:00","breadcrumb":{"@id":"https:\/\/www.food4animals.nl\/product\/direct-zwarte-knoflook-bolus\/#breadcrumb"},"inLanguage":"de","potentialAction":[{"@type":"ReadAction","target":["https:\/\/www.food4animals.nl\/product\/direct-zwarte-knoflook-bolus\/"]}]},{"@type":"ImageObject","inLanguage":"de","@id":"https:\/\/www.food4animals.nl\/product\/direct-zwarte-knoflook-bolus\/#primaryimage","url":"https:\/\/www.food4animals.nl\/wp-content\/uploads\/2025\/11\/DIRE010.png","contentUrl":"https:\/\/www.food4animals.nl\/wp-content\/uploads\/2025\/11\/DIRE010.png","width":1024,"height":1024},{"@type":"BreadcrumbList","@id":"https:\/\/www.food4animals.nl\/product\/direct-zwarte-knoflook-bolus\/#breadcrumb","itemListElement":[{"@type":"ListItem","position":1,"name":"Home","item":"https:\/\/www.food4animals.nl\/"},{"@type":"ListItem","position":2,"name":"Winkel","item":"https:\/\/www.food4animals.nl\/winkel\/"},{"@type":"ListItem","position":3,"name":"Direct Zwarte Knoflook Bolus"}]},{"@type":"WebSite","@id":"https:\/\/www.food4animals.nl\/en\/#website","url":"https:\/\/www.food4animals.nl\/en\/","name":"Lebensmittel4Tiere","description":"Alles f\u00fcr Reiter und Tier","publisher":{"@id":"https:\/\/www.food4animals.nl\/en\/#organization"},"potentialAction":[{"@type":"SearchAction","target":{"@type":"EntryPoint","urlTemplate":"https:\/\/www.food4animals.nl\/en\/?s={search_term_string}"},"query-input":{"@type":"PropertyValueSpecification","valueRequired":true,"valueName":"search_term_string"}}],"inLanguage":"de"},{"@type":"Organization","@id":"https:\/\/www.food4animals.nl\/en\/#organization","name":"Lebensmittel4Tiere","url":"https:\/\/www.food4animals.nl\/en\/","logo":{"@type":"ImageObject","inLanguage":"de","@id":"https:\/\/www.food4animals.nl\/en\/#\/schema\/logo\/image\/","url":"https:\/\/www.food4animals.nl\/wp-content\/uploads\/2023\/10\/Logo.svg","contentUrl":"https:\/\/www.food4animals.nl\/wp-content\/uploads\/2023\/10\/Logo.svg","width":1,"height":1,"caption":"Food4animals"},"image":{"@id":"https:\/\/www.food4animals.nl\/en\/#\/schema\/logo\/image\/"},"sameAs":["https:\/\/www.facebook.com\/p\/Food4animals-100063861676074\/","https:\/\/x.com\/food4animals"]}]}},"_links":{"self":[{"href":"https:\/\/www.food4animals.nl\/de\/wp-json\/wp\/v2\/product\/5560","targetHints":{"allow":["GET"]}}],"collection":[{"href":"https:\/\/www.food4animals.nl\/de\/wp-json\/wp\/v2\/product"}],"about":[{"href":"https:\/\/www.food4animals.nl\/de\/wp-json\/wp\/v2\/types\/product"}],"wp:featuredmedia":[{"embeddable":true,"href":"https:\/\/www.food4animals.nl\/de\/wp-json\/wp\/v2\/media\/33827"}],"wp:attachment":[{"href":"https:\/\/www.food4animals.nl\/de\/wp-json\/wp\/v2\/media?parent=5560"}],"wp:term":[{"taxonomy":"product_brand","embeddable":true,"href":"https:\/\/www.food4animals.nl\/de\/wp-json\/wp\/v2\/product_brand?post=5560"},{"taxonomy":"product_cat","embeddable":true,"href":"https:\/\/www.food4animals.nl\/de\/wp-json\/wp\/v2\/product_cat?post=5560"},{"taxonomy":"product_tag","embeddable":true,"href":"https:\/\/www.food4animals.nl\/de\/wp-json\/wp\/v2\/product_tag?post=5560"}],"curies":[{"name":"wp","href":"https:\/\/api.w.org\/{rel}","templated":true}]}}