{"id":5961,"date":"2023-12-12T22:39:50","date_gmt":"2023-12-12T22:39:50","guid":{"rendered":"https:\/\/food4animals.nl\/product\/dog-flex\/"},"modified":"2026-04-27T01:08:22","modified_gmt":"2026-04-27T00:08:22","slug":"hundeleine","status":"publish","type":"product","link":"https:\/\/www.food4animals.nl\/de\/produkt\/hundeleine\/","title":{"rendered":"Hund Flex"},"content":{"rendered":"<p><span style=\"font-size: 10pt;\">Erg\u00e4nzungsfuttermittel f\u00fcr Hunde. Unterst\u00fctzt die Geschmeidigkeit der Gelenke und die Erhaltung starker Sehnen, Knochen und B\u00e4nder! <\/span><span style=\"font-size: 10pt;\">Dog Flex enth\u00e4lt MSM, hydrolysiertes Kollagen Typ II, Glucosamin (HCL), Chondroitinsulfat, Vitamin E und das k\u00f6rpereigene Schmiermittel Hyalurons\u00e4ure. <\/span><span style=\"font-size: 10pt;\">Kollagen wirkt schnell auf die Gelenke und f\u00fchrt zu sichtbaren Ergebnissen.\u00a0<\/span><br \/>\n<span style=\"font-size: 10pt;\">\u00a0<\/span><br \/>\n<span style=\"font-size: 10pt;\"><strong>Dog Flex ist fantastisch f\u00fcr:<\/strong><\/span><\/p>\n<ul>\n<li><span style=\"font-size: 10pt;\">Gealterte Hunde<\/span><\/li>\n<li><span style=\"font-size: 10pt;\">Tr\u00e4chtige Hunde<\/span><\/li>\n<li><span style=\"font-size: 10pt;\">\u00dcbergewichtige Hunde<\/span><\/li>\n<li><span style=\"font-size: 10pt;\">Aktive Hunde<\/span><\/li>\n<\/ul>\n<p><strong><span style=\"font-size: 10pt;\">Und hier ist der Grund daf\u00fcr:<\/span><\/strong><\/p>\n<ul>\n<li><span style=\"font-size: 10pt;\">Unterst\u00fctzt die Geschmeidigkeit der Gelenke<\/span><span style=\"font-size: 10pt;\">n<br \/>\n<\/span><\/li>\n<li><span style=\"font-size: 10pt;\">Hilft bei der Erhaltung starker Sehnen, B\u00e4nder und Knochen<br \/>\n<\/span><\/li>\n<li><span style=\"font-size: 10pt;\">Enth\u00e4lt Kollagen, das gut f\u00fcr die Erhaltung gesunder Knorpel ist<\/span><\/li>\n<\/ul>\n<p><span style=\"font-size: 10pt;\"><strong>F\u00fctterungshinweise f\u00fcr die ersten 7 Tage<\/strong><\/span><br \/>\n<span style=\"font-size: 10pt;\">Mischen Sie 10 ml pro 10 kg K\u00f6rpergewicht pro Tag unter das Futter.<\/span><br \/>\n<span style=\"font-size: 10pt;\">\u00a0<\/span><br \/>\n<span style=\"font-size: 10pt;\"><strong>Wartung:<\/strong><em><br \/>\n<\/em>Mischen Sie 5 ml pro 10 kg K\u00f6rpergewicht pro Tag unter das Futter.<\/span><br \/>\n<span style=\"font-size: 10pt;\">W\u00e4hrend der Tr\u00e4chtigkeit und Laktation immer in Absprache mit dem Tierarzt anwenden.<\/span><\/p>","protected":false},"excerpt":{"rendered":"<p>Hilft, die Gelenke geschmeidig zu halten und den Knorpel zu erhalten.<\/p>","protected":false},"featured_media":30723,"template":"","meta":{"_acf_changed":false},"product_brand":[],"product_cat":[821,1322],"product_tag":[883,1516,823,1522],"class_list":{"0":"post-5961","1":"product","2":"type-product","3":"status-publish","4":"has-post-thumbnail","6":"product_cat-hond","7":"product_cat-supplementen-hond","8":"product_tag-excellent","9":"product_tag-gewrichten","10":"product_tag-hond","11":"product_tag-spieren-en-pezen","12":"tax_brand-holland-animal-care","14":"first","15":"instock","16":"taxable","17":"shipping-taxable","18":"purchasable","19":"product-type-simple"},"acf":[],"yoast_head":"<!-- This site is optimized with the Yoast SEO plugin v27.4 - https:\/\/yoast.com\/product\/yoast-seo-wordpress\/ -->\n<title>Dog Flex - Food4animals<\/title>\n<meta name=\"description\" content=\"Excellent Pets Dog Flex is een aanvullend diervoeder voor honden in vloeibare vorm. Het draagt bij aan soepele gewrichten en aan stevige botten, pezen en banden. Dog Flex bevat onder andere glucosamine, MSM, gehydrolyseerd collageen (type II), hyaluronzuur en vitamine E.\" \/>\n<meta name=\"robots\" content=\"index, follow, max-snippet:-1, max-image-preview:large, max-video-preview:-1\" \/>\n<link rel=\"canonical\" href=\"https:\/\/www.food4animals.nl\/de\/produkt\/hundeleine\/\" \/>\n<meta property=\"og:locale\" content=\"de_DE\" \/>\n<meta property=\"og:type\" content=\"article\" \/>\n<meta property=\"og:title\" content=\"Dog Flex - Food4animals\" \/>\n<meta property=\"og:description\" content=\"Excellent Pets Dog Flex is een aanvullend diervoeder voor honden in vloeibare vorm. Het draagt bij aan soepele gewrichten en aan stevige botten, pezen en banden. Dog Flex bevat onder andere glucosamine, MSM, gehydrolyseerd collageen (type II), hyaluronzuur en vitamine E.\" \/>\n<meta property=\"og:url\" content=\"https:\/\/www.food4animals.nl\/de\/produkt\/hundeleine\/\" \/>\n<meta property=\"og:site_name\" content=\"Food4animals\" \/>\n<meta property=\"article:publisher\" content=\"https:\/\/www.facebook.com\/p\/Food4animals-100063861676074\/\" \/>\n<meta property=\"article:modified_time\" content=\"2026-04-27T00:08:22+00:00\" \/>\n<meta property=\"og:image\" content=\"https:\/\/www.food4animals.nl\/wp-content\/uploads\/2023\/12\/Excellent-Pets-Dog-Flex-250ml.jpg\" \/>\n\t<meta property=\"og:image:width\" content=\"659\" \/>\n\t<meta property=\"og:image:height\" content=\"863\" \/>\n\t<meta property=\"og:image:type\" content=\"image\/jpeg\" \/>\n<meta name=\"twitter:card\" content=\"summary_large_image\" \/>\n<meta name=\"twitter:site\" content=\"@food4animals\" \/>\n<meta name=\"twitter:label1\" content=\"Gesch\u00e4tzte Lesezeit\" \/>\n\t<meta name=\"twitter:data1\" content=\"1\u00a0Minute\" \/>\n<script type=\"application\/ld+json\" class=\"yoast-schema-graph\">{\"@context\":\"https:\\\/\\\/schema.org\",\"@graph\":[{\"@type\":\"WebPage\",\"@id\":\"https:\\\/\\\/www.food4animals.nl\\\/product\\\/dog-flex\\\/\",\"url\":\"https:\\\/\\\/www.food4animals.nl\\\/product\\\/dog-flex\\\/\",\"name\":\"Dog Flex - Food4animals\",\"isPartOf\":{\"@id\":\"https:\\\/\\\/www.food4animals.nl\\\/en\\\/#website\"},\"primaryImageOfPage\":{\"@id\":\"https:\\\/\\\/www.food4animals.nl\\\/product\\\/dog-flex\\\/#primaryimage\"},\"image\":{\"@id\":\"https:\\\/\\\/www.food4animals.nl\\\/product\\\/dog-flex\\\/#primaryimage\"},\"thumbnailUrl\":\"https:\\\/\\\/www.food4animals.nl\\\/wp-content\\\/uploads\\\/2023\\\/12\\\/Excellent-Pets-Dog-Flex-250ml.jpg\",\"datePublished\":\"2023-12-12T22:39:50+00:00\",\"dateModified\":\"2026-04-27T00:08:22+00:00\",\"description\":\"Excellent Pets Dog Flex is een aanvullend diervoeder voor honden in vloeibare vorm. Het draagt bij aan soepele gewrichten en aan stevige botten, pezen en banden. Dog Flex bevat onder andere glucosamine, MSM, gehydrolyseerd collageen (type II), hyaluronzuur en vitamine E.\",\"breadcrumb\":{\"@id\":\"https:\\\/\\\/www.food4animals.nl\\\/product\\\/dog-flex\\\/#breadcrumb\"},\"inLanguage\":\"de\",\"potentialAction\":[{\"@type\":\"ReadAction\",\"target\":[\"https:\\\/\\\/www.food4animals.nl\\\/product\\\/dog-flex\\\/\"]}]},{\"@type\":\"ImageObject\",\"inLanguage\":\"de\",\"@id\":\"https:\\\/\\\/www.food4animals.nl\\\/product\\\/dog-flex\\\/#primaryimage\",\"url\":\"https:\\\/\\\/www.food4animals.nl\\\/wp-content\\\/uploads\\\/2023\\\/12\\\/Excellent-Pets-Dog-Flex-250ml.jpg\",\"contentUrl\":\"https:\\\/\\\/www.food4animals.nl\\\/wp-content\\\/uploads\\\/2023\\\/12\\\/Excellent-Pets-Dog-Flex-250ml.jpg\",\"width\":659,\"height\":863,\"caption\":\"Dog Flex is een aanvullend diervoeder voor honden in vloeibare vorm. Het draagt bij aan soepele gewrichten en aan stevige botten, pezen en banden.\"},{\"@type\":\"BreadcrumbList\",\"@id\":\"https:\\\/\\\/www.food4animals.nl\\\/product\\\/dog-flex\\\/#breadcrumb\",\"itemListElement\":[{\"@type\":\"ListItem\",\"position\":1,\"name\":\"Home\",\"item\":\"https:\\\/\\\/www.food4animals.nl\\\/\"},{\"@type\":\"ListItem\",\"position\":2,\"name\":\"Winkel\",\"item\":\"https:\\\/\\\/www.food4animals.nl\\\/winkel\\\/\"},{\"@type\":\"ListItem\",\"position\":3,\"name\":\"Dog Flex\"}]},{\"@type\":\"WebSite\",\"@id\":\"https:\\\/\\\/www.food4animals.nl\\\/en\\\/#website\",\"url\":\"https:\\\/\\\/www.food4animals.nl\\\/en\\\/\",\"name\":\"Food4animals\",\"description\":\"Alles voor Ruiter en Dier\",\"publisher\":{\"@id\":\"https:\\\/\\\/www.food4animals.nl\\\/en\\\/#organization\"},\"potentialAction\":[{\"@type\":\"SearchAction\",\"target\":{\"@type\":\"EntryPoint\",\"urlTemplate\":\"https:\\\/\\\/www.food4animals.nl\\\/en\\\/?s={search_term_string}\"},\"query-input\":{\"@type\":\"PropertyValueSpecification\",\"valueRequired\":true,\"valueName\":\"search_term_string\"}}],\"inLanguage\":\"de\"},{\"@type\":\"Organization\",\"@id\":\"https:\\\/\\\/www.food4animals.nl\\\/en\\\/#organization\",\"name\":\"Food4animals\",\"url\":\"https:\\\/\\\/www.food4animals.nl\\\/en\\\/\",\"logo\":{\"@type\":\"ImageObject\",\"inLanguage\":\"de\",\"@id\":\"https:\\\/\\\/www.food4animals.nl\\\/en\\\/#\\\/schema\\\/logo\\\/image\\\/\",\"url\":\"https:\\\/\\\/www.food4animals.nl\\\/wp-content\\\/uploads\\\/2023\\\/10\\\/Logo.svg\",\"contentUrl\":\"https:\\\/\\\/www.food4animals.nl\\\/wp-content\\\/uploads\\\/2023\\\/10\\\/Logo.svg\",\"width\":1,\"height\":1,\"caption\":\"Food4animals\"},\"image\":{\"@id\":\"https:\\\/\\\/www.food4animals.nl\\\/en\\\/#\\\/schema\\\/logo\\\/image\\\/\"},\"sameAs\":[\"https:\\\/\\\/www.facebook.com\\\/p\\\/Food4animals-100063861676074\\\/\",\"https:\\\/\\\/x.com\\\/food4animals\"]}]}<\/script>\n<!-- \/ Yoast SEO plugin. -->","yoast_head_json":{"title":"Hund Flex - Food4animals","description":"Excellent Pets Dog Flex is een aanvullend diervoeder voor honden in vloeibare vorm. Het draagt bij aan soepele gewrichten en aan stevige botten, pezen en banden. Dog Flex bevat onder andere glucosamine, MSM, gehydrolyseerd collageen (type II), hyaluronzuur en vitamine E.","robots":{"index":"index","follow":"follow","max-snippet":"max-snippet:-1","max-image-preview":"max-image-preview:large","max-video-preview":"max-video-preview:-1"},"canonical":"https:\/\/www.food4animals.nl\/de\/produkt\/hundeleine\/","og_locale":"de_DE","og_type":"article","og_title":"Dog Flex - Food4animals","og_description":"Excellent Pets Dog Flex is een aanvullend diervoeder voor honden in vloeibare vorm. Het draagt bij aan soepele gewrichten en aan stevige botten, pezen en banden. Dog Flex bevat onder andere glucosamine, MSM, gehydrolyseerd collageen (type II), hyaluronzuur en vitamine E.","og_url":"https:\/\/www.food4animals.nl\/de\/produkt\/hundeleine\/","og_site_name":"Food4animals","article_publisher":"https:\/\/www.facebook.com\/p\/Food4animals-100063861676074\/","article_modified_time":"2026-04-27T00:08:22+00:00","og_image":[{"width":659,"height":863,"url":"https:\/\/www.food4animals.nl\/wp-content\/uploads\/2023\/12\/Excellent-Pets-Dog-Flex-250ml.jpg","type":"image\/jpeg"}],"twitter_card":"summary_large_image","twitter_site":"@food4animals","twitter_misc":{"Gesch\u00e4tzte Lesezeit":"1\u00a0Minute"},"schema":{"@context":"https:\/\/schema.org","@graph":[{"@type":"WebPage","@id":"https:\/\/www.food4animals.nl\/product\/dog-flex\/","url":"https:\/\/www.food4animals.nl\/product\/dog-flex\/","name":"Hund Flex - Food4animals","isPartOf":{"@id":"https:\/\/www.food4animals.nl\/en\/#website"},"primaryImageOfPage":{"@id":"https:\/\/www.food4animals.nl\/product\/dog-flex\/#primaryimage"},"image":{"@id":"https:\/\/www.food4animals.nl\/product\/dog-flex\/#primaryimage"},"thumbnailUrl":"https:\/\/www.food4animals.nl\/wp-content\/uploads\/2023\/12\/Excellent-Pets-Dog-Flex-250ml.jpg","datePublished":"2023-12-12T22:39:50+00:00","dateModified":"2026-04-27T00:08:22+00:00","description":"Excellent Pets Dog Flex is een aanvullend diervoeder voor honden in vloeibare vorm. Het draagt bij aan soepele gewrichten en aan stevige botten, pezen en banden. Dog Flex bevat onder andere glucosamine, MSM, gehydrolyseerd collageen (type II), hyaluronzuur en vitamine E.","breadcrumb":{"@id":"https:\/\/www.food4animals.nl\/product\/dog-flex\/#breadcrumb"},"inLanguage":"de","potentialAction":[{"@type":"ReadAction","target":["https:\/\/www.food4animals.nl\/product\/dog-flex\/"]}]},{"@type":"ImageObject","inLanguage":"de","@id":"https:\/\/www.food4animals.nl\/product\/dog-flex\/#primaryimage","url":"https:\/\/www.food4animals.nl\/wp-content\/uploads\/2023\/12\/Excellent-Pets-Dog-Flex-250ml.jpg","contentUrl":"https:\/\/www.food4animals.nl\/wp-content\/uploads\/2023\/12\/Excellent-Pets-Dog-Flex-250ml.jpg","width":659,"height":863,"caption":"Dog Flex is een aanvullend diervoeder voor honden in vloeibare vorm. Het draagt bij aan soepele gewrichten en aan stevige botten, pezen en banden."},{"@type":"BreadcrumbList","@id":"https:\/\/www.food4animals.nl\/product\/dog-flex\/#breadcrumb","itemListElement":[{"@type":"ListItem","position":1,"name":"Home","item":"https:\/\/www.food4animals.nl\/"},{"@type":"ListItem","position":2,"name":"Winkel","item":"https:\/\/www.food4animals.nl\/winkel\/"},{"@type":"ListItem","position":3,"name":"Dog Flex"}]},{"@type":"WebSite","@id":"https:\/\/www.food4animals.nl\/en\/#website","url":"https:\/\/www.food4animals.nl\/en\/","name":"Lebensmittel4Tiere","description":"Alles f\u00fcr Reiter und Tier","publisher":{"@id":"https:\/\/www.food4animals.nl\/en\/#organization"},"potentialAction":[{"@type":"SearchAction","target":{"@type":"EntryPoint","urlTemplate":"https:\/\/www.food4animals.nl\/en\/?s={search_term_string}"},"query-input":{"@type":"PropertyValueSpecification","valueRequired":true,"valueName":"search_term_string"}}],"inLanguage":"de"},{"@type":"Organization","@id":"https:\/\/www.food4animals.nl\/en\/#organization","name":"Lebensmittel4Tiere","url":"https:\/\/www.food4animals.nl\/en\/","logo":{"@type":"ImageObject","inLanguage":"de","@id":"https:\/\/www.food4animals.nl\/en\/#\/schema\/logo\/image\/","url":"https:\/\/www.food4animals.nl\/wp-content\/uploads\/2023\/10\/Logo.svg","contentUrl":"https:\/\/www.food4animals.nl\/wp-content\/uploads\/2023\/10\/Logo.svg","width":1,"height":1,"caption":"Food4animals"},"image":{"@id":"https:\/\/www.food4animals.nl\/en\/#\/schema\/logo\/image\/"},"sameAs":["https:\/\/www.facebook.com\/p\/Food4animals-100063861676074\/","https:\/\/x.com\/food4animals"]}]}},"_links":{"self":[{"href":"https:\/\/www.food4animals.nl\/de\/wp-json\/wp\/v2\/product\/5961","targetHints":{"allow":["GET"]}}],"collection":[{"href":"https:\/\/www.food4animals.nl\/de\/wp-json\/wp\/v2\/product"}],"about":[{"href":"https:\/\/www.food4animals.nl\/de\/wp-json\/wp\/v2\/types\/product"}],"wp:featuredmedia":[{"embeddable":true,"href":"https:\/\/www.food4animals.nl\/de\/wp-json\/wp\/v2\/media\/30723"}],"wp:attachment":[{"href":"https:\/\/www.food4animals.nl\/de\/wp-json\/wp\/v2\/media?parent=5961"}],"wp:term":[{"taxonomy":"product_brand","embeddable":true,"href":"https:\/\/www.food4animals.nl\/de\/wp-json\/wp\/v2\/product_brand?post=5961"},{"taxonomy":"product_cat","embeddable":true,"href":"https:\/\/www.food4animals.nl\/de\/wp-json\/wp\/v2\/product_cat?post=5961"},{"taxonomy":"product_tag","embeddable":true,"href":"https:\/\/www.food4animals.nl\/de\/wp-json\/wp\/v2\/product_tag?post=5961"}],"curies":[{"name":"wp","href":"https:\/\/api.w.org\/{rel}","templated":true}]}}