{"id":6081,"date":"2023-12-12T22:45:16","date_gmt":"2023-12-12T22:45:16","guid":{"rendered":"https:\/\/food4animals.nl\/product\/doggy-parex-large\/"},"modified":"2026-04-06T01:08:53","modified_gmt":"2026-04-06T00:08:53","slug":"doggy-parex-large","status":"publish","type":"product","link":"https:\/\/www.food4animals.nl\/de\/produkt\/doggy-parex-large\/","title":{"rendered":"H\u00fcndchen Parex Gro\u00df"},"content":{"rendered":"<p><span style=\"font-size: 10pt;\"><strong>Doggy Parex ist ein 100% nat\u00fcrliches Reinigungsprodukt zur Erhaltung einer gesunden Magen-Darm-Flora! Erh\u00f6ht die Widerstandskraft, aktiviert das Immunsystem und tr\u00e4gt zu einer guten Verdauung bei!<\/strong><\/span><span style=\"font-size: 10pt;\">\u00a0<\/span><br \/><span style=\"font-size: 10pt;\">Erg\u00e4nzende Tiernahrung f\u00fcr Hunde.<br \/><\/span><br \/><span style=\"font-size: 10pt;\"><strong>H\u00fcndchen Parex<\/strong> ist ein speziell entwickeltes pflanzliches Erg\u00e4nzungsmittel, um die Darmflora und die allgemeine Gesundheit von Hunden in einem optimalen Zustand zu halten.<\/span><br \/><span style=\"font-size: 10pt;\"><strong>H\u00fcndchen Parex<\/strong> besteht aus speziellen Kr\u00e4utern, die den K\u00f6rper des Hundes optimal reinigen und das Fell sch\u00f6n gl\u00e4nzen lassen.<\/span><br \/><span style=\"font-size: 10pt;\"><strong>H\u00fcndchen Parex<\/strong>\u00a0ist in Pelletform und sehr schmackhaft, einfach als gesunde Belohnung oder unter das Futter zu mischen.<\/span><\/p>\n<p><span style=\"font-size: 10pt;\">\u00a0<\/span><br \/><span style=\"font-size: 10pt;\"><strong>Warum sollte man Doggy Parex anbieten?<\/strong><\/span><br \/><span style=\"font-size: 10pt;\">Denn\u00a0<strong>H\u00fcndchen Parex<\/strong> Tr\u00e4gt zur Gesunderhaltung des Magen-Darm-Trakts bei.<\/span><br \/><span style=\"font-size: 10pt;\">Denn\u00a0<strong>H\u00fcndchen Parex<\/strong>\u00a0Sorgt f\u00fcr ein sch\u00f6nes, gl\u00e4nzendes Fell.<\/span><br \/><span style=\"font-size: 10pt;\">Denn\u00a0<strong>H\u00fcndchen Parex<\/strong> wird seit Jahren erfolgreich bei Hunden eingesetzt.<\/span><br \/><span style=\"font-size: 10pt;\">\u00a0<\/span><br \/><span style=\"font-size: 10pt;\"><strong>Optimale innere Reinigung des Hundek\u00f6rpers f\u00fcr eine gute Darmgesundheit.<br \/>W\u00e4hlen Sie \"Die Kraft der Natur\"!<\/strong><\/span><br \/><span style=\"font-size: 10pt;\">\u00a0<\/span><br \/><span style=\"font-size: 10pt;\"><strong>F\u00fctterungshinweise<\/strong><\/span><br \/><span style=\"font-size: 10pt;\">Hund &lt; 10 kg: 2 Kroketten (Belohnungen) pro Tag.<\/span><br \/><span style=\"font-size: 10pt;\">Hund 10 - 25 kg: 4 Kroketten (Belohnungen) pro Tag.<\/span><br \/><span style=\"font-size: 10pt;\">Hund &gt; 25 (- 50) kg: 6 Kroketten (Belohnungen) pro Tag.<\/span><\/p>","protected":false},"excerpt":{"rendered":"<p>Nat\u00fcrliches Reinigungsprodukt f\u00fcr das Verdauungssystem und die Darmflora von Hunden.<\/p>","protected":false},"featured_media":33918,"template":"","meta":{"_acf_changed":false},"product_brand":[],"product_cat":[821,1322],"product_tag":[883,823,901,1531,1380],"class_list":{"0":"post-6081","1":"product","2":"type-product","3":"status-publish","4":"has-post-thumbnail","6":"product_cat-hond","7":"product_cat-supplementen-hond","8":"product_tag-excellent","9":"product_tag-hond","10":"product_tag-l","11":"product_tag-spijsvertering","12":"product_tag-weerstand","13":"tax_brand-holland-animal-care","15":"first","16":"instock","17":"taxable","18":"shipping-taxable","19":"purchasable","20":"product-type-simple"},"acf":[],"yoast_head":"<!-- This site is optimized with the Yoast SEO plugin v27.2 - https:\/\/yoast.com\/product\/yoast-seo-wordpress\/ -->\n<title>Doggy Parex Large - Food4animals<\/title>\n<meta name=\"robots\" content=\"index, follow, max-snippet:-1, max-image-preview:large, max-video-preview:-1\" \/>\n<link rel=\"canonical\" href=\"https:\/\/www.food4animals.nl\/de\/produkt\/doggy-parex-large\/\" \/>\n<meta property=\"og:locale\" content=\"de_DE\" \/>\n<meta property=\"og:type\" content=\"article\" \/>\n<meta property=\"og:title\" content=\"Doggy Parex Large - Food4animals\" \/>\n<meta property=\"og:description\" content=\"Natuurlijk reinigingsproduct voor het spijsverteringsstelsel en darmflora van honden.\" \/>\n<meta property=\"og:url\" content=\"https:\/\/www.food4animals.nl\/de\/produkt\/doggy-parex-large\/\" \/>\n<meta property=\"og:site_name\" content=\"Food4animals\" \/>\n<meta property=\"article:publisher\" content=\"https:\/\/www.facebook.com\/p\/Food4animals-100063861676074\/\" \/>\n<meta property=\"article:modified_time\" content=\"2026-04-06T00:08:53+00:00\" \/>\n<meta property=\"og:image\" content=\"https:\/\/www.food4animals.nl\/wp-content\/uploads\/2025\/11\/DOGG0270.png\" \/>\n\t<meta property=\"og:image:width\" content=\"1024\" \/>\n\t<meta property=\"og:image:height\" content=\"1024\" \/>\n\t<meta property=\"og:image:type\" content=\"image\/png\" \/>\n<meta name=\"twitter:card\" content=\"summary_large_image\" \/>\n<meta name=\"twitter:site\" content=\"@food4animals\" \/>\n<meta name=\"twitter:label1\" content=\"Gesch\u00e4tzte Lesezeit\" \/>\n\t<meta name=\"twitter:data1\" content=\"1\u00a0Minute\" \/>\n<script type=\"application\/ld+json\" class=\"yoast-schema-graph\">{\"@context\":\"https:\/\/schema.org\",\"@graph\":[{\"@type\":\"WebPage\",\"@id\":\"https:\/\/www.food4animals.nl\/product\/doggy-parex-large\/\",\"url\":\"https:\/\/www.food4animals.nl\/product\/doggy-parex-large\/\",\"name\":\"Doggy Parex Large - Food4animals\",\"isPartOf\":{\"@id\":\"https:\/\/www.food4animals.nl\/en\/#website\"},\"primaryImageOfPage\":{\"@id\":\"https:\/\/www.food4animals.nl\/product\/doggy-parex-large\/#primaryimage\"},\"image\":{\"@id\":\"https:\/\/www.food4animals.nl\/product\/doggy-parex-large\/#primaryimage\"},\"thumbnailUrl\":\"https:\/\/www.food4animals.nl\/wp-content\/uploads\/2025\/11\/DOGG0270.png\",\"datePublished\":\"2023-12-12T22:45:16+00:00\",\"dateModified\":\"2026-04-06T00:08:53+00:00\",\"breadcrumb\":{\"@id\":\"https:\/\/www.food4animals.nl\/product\/doggy-parex-large\/#breadcrumb\"},\"inLanguage\":\"de\",\"potentialAction\":[{\"@type\":\"ReadAction\",\"target\":[\"https:\/\/www.food4animals.nl\/product\/doggy-parex-large\/\"]}]},{\"@type\":\"ImageObject\",\"inLanguage\":\"de\",\"@id\":\"https:\/\/www.food4animals.nl\/product\/doggy-parex-large\/#primaryimage\",\"url\":\"https:\/\/www.food4animals.nl\/wp-content\/uploads\/2025\/11\/DOGG0270.png\",\"contentUrl\":\"https:\/\/www.food4animals.nl\/wp-content\/uploads\/2025\/11\/DOGG0270.png\",\"width\":1024,\"height\":1024},{\"@type\":\"BreadcrumbList\",\"@id\":\"https:\/\/www.food4animals.nl\/product\/doggy-parex-large\/#breadcrumb\",\"itemListElement\":[{\"@type\":\"ListItem\",\"position\":1,\"name\":\"Home\",\"item\":\"https:\/\/www.food4animals.nl\/\"},{\"@type\":\"ListItem\",\"position\":2,\"name\":\"Winkel\",\"item\":\"https:\/\/www.food4animals.nl\/winkel\/\"},{\"@type\":\"ListItem\",\"position\":3,\"name\":\"Doggy Parex Large\"}]},{\"@type\":\"WebSite\",\"@id\":\"https:\/\/www.food4animals.nl\/en\/#website\",\"url\":\"https:\/\/www.food4animals.nl\/en\/\",\"name\":\"Food4animals\",\"description\":\"Alles voor Ruiter en Dier\",\"publisher\":{\"@id\":\"https:\/\/www.food4animals.nl\/en\/#organization\"},\"potentialAction\":[{\"@type\":\"SearchAction\",\"target\":{\"@type\":\"EntryPoint\",\"urlTemplate\":\"https:\/\/www.food4animals.nl\/en\/?s={search_term_string}\"},\"query-input\":{\"@type\":\"PropertyValueSpecification\",\"valueRequired\":true,\"valueName\":\"search_term_string\"}}],\"inLanguage\":\"de\"},{\"@type\":\"Organization\",\"@id\":\"https:\/\/www.food4animals.nl\/en\/#organization\",\"name\":\"Food4animals\",\"url\":\"https:\/\/www.food4animals.nl\/en\/\",\"logo\":{\"@type\":\"ImageObject\",\"inLanguage\":\"de\",\"@id\":\"https:\/\/www.food4animals.nl\/en\/#\/schema\/logo\/image\/\",\"url\":\"https:\/\/www.food4animals.nl\/wp-content\/uploads\/2023\/10\/Logo.svg\",\"contentUrl\":\"https:\/\/www.food4animals.nl\/wp-content\/uploads\/2023\/10\/Logo.svg\",\"width\":1,\"height\":1,\"caption\":\"Food4animals\"},\"image\":{\"@id\":\"https:\/\/www.food4animals.nl\/en\/#\/schema\/logo\/image\/\"},\"sameAs\":[\"https:\/\/www.facebook.com\/p\/Food4animals-100063861676074\/\",\"https:\/\/x.com\/food4animals\"]}]}<\/script>\n<!-- \/ Yoast SEO plugin. -->","yoast_head_json":{"title":"Doggy Parex Large - Food4animals","robots":{"index":"index","follow":"follow","max-snippet":"max-snippet:-1","max-image-preview":"max-image-preview:large","max-video-preview":"max-video-preview:-1"},"canonical":"https:\/\/www.food4animals.nl\/de\/produkt\/doggy-parex-large\/","og_locale":"de_DE","og_type":"article","og_title":"Doggy Parex Large - Food4animals","og_description":"Natuurlijk reinigingsproduct voor het spijsverteringsstelsel en darmflora van honden.","og_url":"https:\/\/www.food4animals.nl\/de\/produkt\/doggy-parex-large\/","og_site_name":"Food4animals","article_publisher":"https:\/\/www.facebook.com\/p\/Food4animals-100063861676074\/","article_modified_time":"2026-04-06T00:08:53+00:00","og_image":[{"width":1024,"height":1024,"url":"https:\/\/www.food4animals.nl\/wp-content\/uploads\/2025\/11\/DOGG0270.png","type":"image\/png"}],"twitter_card":"summary_large_image","twitter_site":"@food4animals","twitter_misc":{"Gesch\u00e4tzte Lesezeit":"1\u00a0Minute"},"schema":{"@context":"https:\/\/schema.org","@graph":[{"@type":"WebPage","@id":"https:\/\/www.food4animals.nl\/product\/doggy-parex-large\/","url":"https:\/\/www.food4animals.nl\/product\/doggy-parex-large\/","name":"Doggy Parex Large - Food4animals","isPartOf":{"@id":"https:\/\/www.food4animals.nl\/en\/#website"},"primaryImageOfPage":{"@id":"https:\/\/www.food4animals.nl\/product\/doggy-parex-large\/#primaryimage"},"image":{"@id":"https:\/\/www.food4animals.nl\/product\/doggy-parex-large\/#primaryimage"},"thumbnailUrl":"https:\/\/www.food4animals.nl\/wp-content\/uploads\/2025\/11\/DOGG0270.png","datePublished":"2023-12-12T22:45:16+00:00","dateModified":"2026-04-06T00:08:53+00:00","breadcrumb":{"@id":"https:\/\/www.food4animals.nl\/product\/doggy-parex-large\/#breadcrumb"},"inLanguage":"de","potentialAction":[{"@type":"ReadAction","target":["https:\/\/www.food4animals.nl\/product\/doggy-parex-large\/"]}]},{"@type":"ImageObject","inLanguage":"de","@id":"https:\/\/www.food4animals.nl\/product\/doggy-parex-large\/#primaryimage","url":"https:\/\/www.food4animals.nl\/wp-content\/uploads\/2025\/11\/DOGG0270.png","contentUrl":"https:\/\/www.food4animals.nl\/wp-content\/uploads\/2025\/11\/DOGG0270.png","width":1024,"height":1024},{"@type":"BreadcrumbList","@id":"https:\/\/www.food4animals.nl\/product\/doggy-parex-large\/#breadcrumb","itemListElement":[{"@type":"ListItem","position":1,"name":"Home","item":"https:\/\/www.food4animals.nl\/"},{"@type":"ListItem","position":2,"name":"Winkel","item":"https:\/\/www.food4animals.nl\/winkel\/"},{"@type":"ListItem","position":3,"name":"Doggy Parex Large"}]},{"@type":"WebSite","@id":"https:\/\/www.food4animals.nl\/en\/#website","url":"https:\/\/www.food4animals.nl\/en\/","name":"Lebensmittel4Tiere","description":"Alles f\u00fcr Reiter und Tier","publisher":{"@id":"https:\/\/www.food4animals.nl\/en\/#organization"},"potentialAction":[{"@type":"SearchAction","target":{"@type":"EntryPoint","urlTemplate":"https:\/\/www.food4animals.nl\/en\/?s={search_term_string}"},"query-input":{"@type":"PropertyValueSpecification","valueRequired":true,"valueName":"search_term_string"}}],"inLanguage":"de"},{"@type":"Organization","@id":"https:\/\/www.food4animals.nl\/en\/#organization","name":"Lebensmittel4Tiere","url":"https:\/\/www.food4animals.nl\/en\/","logo":{"@type":"ImageObject","inLanguage":"de","@id":"https:\/\/www.food4animals.nl\/en\/#\/schema\/logo\/image\/","url":"https:\/\/www.food4animals.nl\/wp-content\/uploads\/2023\/10\/Logo.svg","contentUrl":"https:\/\/www.food4animals.nl\/wp-content\/uploads\/2023\/10\/Logo.svg","width":1,"height":1,"caption":"Food4animals"},"image":{"@id":"https:\/\/www.food4animals.nl\/en\/#\/schema\/logo\/image\/"},"sameAs":["https:\/\/www.facebook.com\/p\/Food4animals-100063861676074\/","https:\/\/x.com\/food4animals"]}]}},"_links":{"self":[{"href":"https:\/\/www.food4animals.nl\/de\/wp-json\/wp\/v2\/product\/6081","targetHints":{"allow":["GET"]}}],"collection":[{"href":"https:\/\/www.food4animals.nl\/de\/wp-json\/wp\/v2\/product"}],"about":[{"href":"https:\/\/www.food4animals.nl\/de\/wp-json\/wp\/v2\/types\/product"}],"wp:featuredmedia":[{"embeddable":true,"href":"https:\/\/www.food4animals.nl\/de\/wp-json\/wp\/v2\/media\/33918"}],"wp:attachment":[{"href":"https:\/\/www.food4animals.nl\/de\/wp-json\/wp\/v2\/media?parent=6081"}],"wp:term":[{"taxonomy":"product_brand","embeddable":true,"href":"https:\/\/www.food4animals.nl\/de\/wp-json\/wp\/v2\/product_brand?post=6081"},{"taxonomy":"product_cat","embeddable":true,"href":"https:\/\/www.food4animals.nl\/de\/wp-json\/wp\/v2\/product_cat?post=6081"},{"taxonomy":"product_tag","embeddable":true,"href":"https:\/\/www.food4animals.nl\/de\/wp-json\/wp\/v2\/product_tag?post=6081"}],"curies":[{"name":"wp","href":"https:\/\/api.w.org\/{rel}","templated":true}]}}