{"id":6097,"date":"2023-12-12T22:45:54","date_gmt":"2023-12-12T22:45:54","guid":{"rendered":"https:\/\/food4animals.nl\/product\/dogzilla-dino-tug-xl-17cm\/"},"modified":"2025-09-22T01:14:40","modified_gmt":"2025-09-22T00:14:40","slug":"dogzilla-dino-schlepper-xl-17cm","status":"publish","type":"product","link":"https:\/\/www.food4animals.nl\/de\/produkt\/dogzilla-dino-schlepper-xl-17cm\/","title":{"rendered":"Dogzilla Dino-Schlepper XL 17cm"},"content":{"rendered":"<p><span style=\"font-size: 10pt;\"><strong>Apportieren an Land, im Wasser und Zahnpflege in 1 Spielzeug!<br \/><\/strong><\/span><span style=\"font-size: 10pt;\">Hergestellt aus 2 langlebigen Materialien, n\u00e4mlich thermoplastischem Harz kombiniert mit Leinenb\u00e4ndern. Der Dogzilla Dino Tug ist weich im Maul und das Gumminoppenprofil bietet zus\u00e4tzlichen Halt, reinigt die Z\u00e4hne und massiert das Zahnfleisch. Die Nylonklappen machen beim Sch\u00fctteln Ger\u00e4usche und sorgen so f\u00fcr zus\u00e4tzlichen Spielspa\u00df.<\/span><\/p>\n<p><span style=\"font-size: 10pt;\"><strong>Format<br \/><\/strong><\/span><span style=\"font-size: 10pt;\">Klein 10 cm (32 cm einschlie\u00dflich Leinwandb\u00e4ndern)<br \/><\/span><span style=\"font-size: 10pt;\">Medium 13 cm (33 cm einschlie\u00dflich Leinwandb\u00e4ndern)<br \/><\/span><span style=\"font-size: 10pt;\">Extra Large 17,5 cm (39,5 cm einschlie\u00dflich Leinwandb\u00e4ndern)<\/span><\/p>","protected":false},"excerpt":{"rendered":"<p>Reinigt die Z\u00e4hne und massiert das Zahnfleisch.<\/p>","protected":false},"featured_media":0,"template":"","meta":{"_acf_changed":false},"product_brand":[],"product_cat":[821,822],"product_tag":[955,1785,897,823,926,1054],"class_list":{"0":"post-6097","1":"product","2":"type-product","3":"status-publish","5":"product_cat-hond","6":"product_cat-speelgoed","7":"product_tag-apporteren","8":"product_tag-dogzilla","9":"product_tag-gebit","10":"product_tag-hond","11":"product_tag-rood","12":"product_tag-xl","13":"tax_brand-dogzilla","15":"first","16":"outofstock","17":"taxable","18":"shipping-taxable","19":"purchasable","20":"product-type-simple"},"acf":[],"yoast_head":"<!-- This site is optimized with the Yoast SEO plugin v27.4 - https:\/\/yoast.com\/product\/yoast-seo-wordpress\/ -->\n<title>Dogzilla Dino Tug XL 17cm - Food4animals<\/title>\n<meta name=\"robots\" content=\"index, follow, max-snippet:-1, max-image-preview:large, max-video-preview:-1\" \/>\n<link rel=\"canonical\" href=\"https:\/\/www.food4animals.nl\/de\/produkt\/dogzilla-dino-schlepper-xl-17cm\/\" \/>\n<meta property=\"og:locale\" content=\"de_DE\" \/>\n<meta property=\"og:type\" content=\"article\" \/>\n<meta property=\"og:title\" content=\"Dogzilla Dino Tug XL 17cm - Food4animals\" \/>\n<meta property=\"og:description\" content=\"Reinigt het gebit en masseert het tandvlees.\" \/>\n<meta property=\"og:url\" content=\"https:\/\/www.food4animals.nl\/de\/produkt\/dogzilla-dino-schlepper-xl-17cm\/\" \/>\n<meta property=\"og:site_name\" content=\"Food4animals\" \/>\n<meta property=\"article:publisher\" content=\"https:\/\/www.facebook.com\/p\/Food4animals-100063861676074\/\" \/>\n<meta property=\"article:modified_time\" content=\"2025-09-22T00:14:40+00:00\" \/>\n<meta name=\"twitter:card\" content=\"summary_large_image\" \/>\n<meta name=\"twitter:site\" content=\"@food4animals\" \/>\n<script type=\"application\/ld+json\" class=\"yoast-schema-graph\">{\"@context\":\"https:\\\/\\\/schema.org\",\"@graph\":[{\"@type\":\"WebPage\",\"@id\":\"https:\\\/\\\/www.food4animals.nl\\\/product\\\/dogzilla-dino-tug-xl-17cm\\\/\",\"url\":\"https:\\\/\\\/www.food4animals.nl\\\/product\\\/dogzilla-dino-tug-xl-17cm\\\/\",\"name\":\"Dogzilla Dino Tug XL 17cm - Food4animals\",\"isPartOf\":{\"@id\":\"https:\\\/\\\/www.food4animals.nl\\\/en\\\/#website\"},\"datePublished\":\"2023-12-12T22:45:54+00:00\",\"dateModified\":\"2025-09-22T00:14:40+00:00\",\"breadcrumb\":{\"@id\":\"https:\\\/\\\/www.food4animals.nl\\\/product\\\/dogzilla-dino-tug-xl-17cm\\\/#breadcrumb\"},\"inLanguage\":\"de\",\"potentialAction\":[{\"@type\":\"ReadAction\",\"target\":[\"https:\\\/\\\/www.food4animals.nl\\\/product\\\/dogzilla-dino-tug-xl-17cm\\\/\"]}]},{\"@type\":\"BreadcrumbList\",\"@id\":\"https:\\\/\\\/www.food4animals.nl\\\/product\\\/dogzilla-dino-tug-xl-17cm\\\/#breadcrumb\",\"itemListElement\":[{\"@type\":\"ListItem\",\"position\":1,\"name\":\"Home\",\"item\":\"https:\\\/\\\/www.food4animals.nl\\\/\"},{\"@type\":\"ListItem\",\"position\":2,\"name\":\"Winkel\",\"item\":\"https:\\\/\\\/www.food4animals.nl\\\/winkel\\\/\"},{\"@type\":\"ListItem\",\"position\":3,\"name\":\"Dogzilla Dino Tug XL 17cm\"}]},{\"@type\":\"WebSite\",\"@id\":\"https:\\\/\\\/www.food4animals.nl\\\/en\\\/#website\",\"url\":\"https:\\\/\\\/www.food4animals.nl\\\/en\\\/\",\"name\":\"Food4animals\",\"description\":\"Alles voor Ruiter en Dier\",\"publisher\":{\"@id\":\"https:\\\/\\\/www.food4animals.nl\\\/en\\\/#organization\"},\"potentialAction\":[{\"@type\":\"SearchAction\",\"target\":{\"@type\":\"EntryPoint\",\"urlTemplate\":\"https:\\\/\\\/www.food4animals.nl\\\/en\\\/?s={search_term_string}\"},\"query-input\":{\"@type\":\"PropertyValueSpecification\",\"valueRequired\":true,\"valueName\":\"search_term_string\"}}],\"inLanguage\":\"de\"},{\"@type\":\"Organization\",\"@id\":\"https:\\\/\\\/www.food4animals.nl\\\/en\\\/#organization\",\"name\":\"Food4animals\",\"url\":\"https:\\\/\\\/www.food4animals.nl\\\/en\\\/\",\"logo\":{\"@type\":\"ImageObject\",\"inLanguage\":\"de\",\"@id\":\"https:\\\/\\\/www.food4animals.nl\\\/en\\\/#\\\/schema\\\/logo\\\/image\\\/\",\"url\":\"https:\\\/\\\/www.food4animals.nl\\\/wp-content\\\/uploads\\\/2023\\\/10\\\/Logo.svg\",\"contentUrl\":\"https:\\\/\\\/www.food4animals.nl\\\/wp-content\\\/uploads\\\/2023\\\/10\\\/Logo.svg\",\"width\":1,\"height\":1,\"caption\":\"Food4animals\"},\"image\":{\"@id\":\"https:\\\/\\\/www.food4animals.nl\\\/en\\\/#\\\/schema\\\/logo\\\/image\\\/\"},\"sameAs\":[\"https:\\\/\\\/www.facebook.com\\\/p\\\/Food4animals-100063861676074\\\/\",\"https:\\\/\\\/x.com\\\/food4animals\"]}]}<\/script>\n<!-- \/ Yoast SEO plugin. -->","yoast_head_json":{"title":"Dogzilla Dino-Schlepper XL 17cm - Food4animals","robots":{"index":"index","follow":"follow","max-snippet":"max-snippet:-1","max-image-preview":"max-image-preview:large","max-video-preview":"max-video-preview:-1"},"canonical":"https:\/\/www.food4animals.nl\/de\/produkt\/dogzilla-dino-schlepper-xl-17cm\/","og_locale":"de_DE","og_type":"article","og_title":"Dogzilla Dino Tug XL 17cm - Food4animals","og_description":"Reinigt het gebit en masseert het tandvlees.","og_url":"https:\/\/www.food4animals.nl\/de\/produkt\/dogzilla-dino-schlepper-xl-17cm\/","og_site_name":"Food4animals","article_publisher":"https:\/\/www.facebook.com\/p\/Food4animals-100063861676074\/","article_modified_time":"2025-09-22T00:14:40+00:00","twitter_card":"summary_large_image","twitter_site":"@food4animals","schema":{"@context":"https:\/\/schema.org","@graph":[{"@type":"WebPage","@id":"https:\/\/www.food4animals.nl\/product\/dogzilla-dino-tug-xl-17cm\/","url":"https:\/\/www.food4animals.nl\/product\/dogzilla-dino-tug-xl-17cm\/","name":"Dogzilla Dino-Schlepper XL 17cm - Food4animals","isPartOf":{"@id":"https:\/\/www.food4animals.nl\/en\/#website"},"datePublished":"2023-12-12T22:45:54+00:00","dateModified":"2025-09-22T00:14:40+00:00","breadcrumb":{"@id":"https:\/\/www.food4animals.nl\/product\/dogzilla-dino-tug-xl-17cm\/#breadcrumb"},"inLanguage":"de","potentialAction":[{"@type":"ReadAction","target":["https:\/\/www.food4animals.nl\/product\/dogzilla-dino-tug-xl-17cm\/"]}]},{"@type":"BreadcrumbList","@id":"https:\/\/www.food4animals.nl\/product\/dogzilla-dino-tug-xl-17cm\/#breadcrumb","itemListElement":[{"@type":"ListItem","position":1,"name":"Home","item":"https:\/\/www.food4animals.nl\/"},{"@type":"ListItem","position":2,"name":"Winkel","item":"https:\/\/www.food4animals.nl\/winkel\/"},{"@type":"ListItem","position":3,"name":"Dogzilla Dino Tug XL 17cm"}]},{"@type":"WebSite","@id":"https:\/\/www.food4animals.nl\/en\/#website","url":"https:\/\/www.food4animals.nl\/en\/","name":"Lebensmittel4Tiere","description":"Alles f\u00fcr Reiter und Tier","publisher":{"@id":"https:\/\/www.food4animals.nl\/en\/#organization"},"potentialAction":[{"@type":"SearchAction","target":{"@type":"EntryPoint","urlTemplate":"https:\/\/www.food4animals.nl\/en\/?s={search_term_string}"},"query-input":{"@type":"PropertyValueSpecification","valueRequired":true,"valueName":"search_term_string"}}],"inLanguage":"de"},{"@type":"Organization","@id":"https:\/\/www.food4animals.nl\/en\/#organization","name":"Lebensmittel4Tiere","url":"https:\/\/www.food4animals.nl\/en\/","logo":{"@type":"ImageObject","inLanguage":"de","@id":"https:\/\/www.food4animals.nl\/en\/#\/schema\/logo\/image\/","url":"https:\/\/www.food4animals.nl\/wp-content\/uploads\/2023\/10\/Logo.svg","contentUrl":"https:\/\/www.food4animals.nl\/wp-content\/uploads\/2023\/10\/Logo.svg","width":1,"height":1,"caption":"Food4animals"},"image":{"@id":"https:\/\/www.food4animals.nl\/en\/#\/schema\/logo\/image\/"},"sameAs":["https:\/\/www.facebook.com\/p\/Food4animals-100063861676074\/","https:\/\/x.com\/food4animals"]}]}},"_links":{"self":[{"href":"https:\/\/www.food4animals.nl\/de\/wp-json\/wp\/v2\/product\/6097","targetHints":{"allow":["GET"]}}],"collection":[{"href":"https:\/\/www.food4animals.nl\/de\/wp-json\/wp\/v2\/product"}],"about":[{"href":"https:\/\/www.food4animals.nl\/de\/wp-json\/wp\/v2\/types\/product"}],"wp:attachment":[{"href":"https:\/\/www.food4animals.nl\/de\/wp-json\/wp\/v2\/media?parent=6097"}],"wp:term":[{"taxonomy":"product_brand","embeddable":true,"href":"https:\/\/www.food4animals.nl\/de\/wp-json\/wp\/v2\/product_brand?post=6097"},{"taxonomy":"product_cat","embeddable":true,"href":"https:\/\/www.food4animals.nl\/de\/wp-json\/wp\/v2\/product_cat?post=6097"},{"taxonomy":"product_tag","embeddable":true,"href":"https:\/\/www.food4animals.nl\/de\/wp-json\/wp\/v2\/product_tag?post=6097"}],"curies":[{"name":"wp","href":"https:\/\/api.w.org\/{rel}","templated":true}]}}