{"id":6106,"date":"2023-12-12T22:46:24","date_gmt":"2023-12-12T22:46:24","guid":{"rendered":"https:\/\/food4animals.nl\/product\/dolthene-breedwerkende-ontworming-hond-2\/"},"modified":"2026-04-30T01:10:12","modified_gmt":"2026-04-30T00:10:12","slug":"dolthene-breitspektrum-entwurmung-hund-2","status":"publish","type":"product","link":"https:\/\/www.food4animals.nl\/de\/produkt\/dolthene-breitspektrum-entwurmung-hund-2\/","title":{"rendered":"Dolthene Breitspektrum-Entwurmung Hund"},"content":{"rendered":"<h2><span style=\"font-size: 10pt;\"><strong>Dolthen<\/strong><\/span><\/h2>\n<p><span style=\"font-size: 10pt;\">Suspension zur oralen Verabreichung f\u00fcr Hunde. Kann \u00fcber das Futter oder direkt in das Maul verabreicht werden.<\/span><\/p>\n<p><span style=\"font-size: 10pt;\">Dolthene is een smakelijk breedspectrum wormmiddel ter bestrijding van maagdarmworm- en lintworminfecties bij pups en volwassen honden. De suspensie is actief tegen zowel de volwassen als de larvale stadia en doodt tevens de wormeieren.<\/span><\/p>\n<p><span style=\"font-size: 10pt;\"><strong>Zielarten<br \/>\n<\/strong><\/span><span style=\"font-size: 10pt;\">Hund<\/span><\/p>\n<p><span style=\"font-size: 10pt;\"><strong>Wirkstoff<br \/>\n<\/strong><\/span><span style=\"font-size: 10pt;\">Oxfendazol 22,65 mg pro ml<\/span><\/p>\n<p><span style=\"font-size: 10pt;\"><strong>Anzeige<br \/>\n<\/strong><\/span><span style=\"font-size: 10pt;\">Bek\u00e4mpft gastrointestinale Wurm- und Bandwurminfektionen bei Welpen und erwachsenen Hunden.<\/span><\/p>\n<ul>\n<li><span style=\"font-size: 10pt;\">Gastrointestinale W\u00fcrmer: <em>Toxocara canis<\/em>, <em>Toxoscaris leonina<\/em>, <em>Ancylostoma caninum<\/em>, <em>Uncinaria stenocephala<\/em> und <em>Trichuris vulpis<\/em>.<\/span><\/li>\n<li><span style=\"font-size: 10pt;\">Bandw\u00fcrmer: <em>Taenia pisiformis<\/em> und <em>Dipylidium caninum<\/em>.<\/span><\/li>\n<\/ul>\n<p><span style=\"font-size: 10pt;\"><strong>Kontraindikationen<br \/>\n<\/strong><\/span><span style=\"font-size: 10pt;\">Keine.<\/span><\/p>\n<p><span style=\"font-size: 10pt;\"><strong>Dosierung und Art der Verabreichung<br \/>\n<\/strong><\/span><span style=\"font-size: 10pt;\">Art der Verabreichung: oral, direkt im Mund oder \u00fcber das Futter.<\/span><\/p>\n<p><span style=\"font-size: 10pt;\">Dosierung: 10 mg Oxfendazol (=0,44 ml) pro kg K\u00f6rpergewicht pro Tag, f\u00fcr 3\u00a0<u>fortlaufend<\/u> Tage. Die beiliegende Spritze erm\u00f6glicht ein einfaches Ablesen der richtigen Dosierung pro kg K\u00f6rpergewicht. 1 volle Spritze ist ausreichend f\u00fcr 10 kg K\u00f6rpergewicht (=4,4 ml).<\/span><\/p>\n<p><span style=\"font-size: 10pt;\"><strong>Besondere Warnhinweise<br \/>\n<\/strong><\/span><span style=\"font-size: 10pt;\">Lesen Sie vor der Anwendung die Packungsbeilage.<\/span><\/p>\n<p><span style=\"font-size: 10pt;\"><strong>Inhalt<br \/>\n<\/strong><\/span><a href=\"https:\/\/www.food4animals.nl\/de\/produkt\/dolthene-breitspektrum-entwurmung-hund\/\"><span style=\"font-size: 10pt;\">DOLT020 - 20 ml (ausreichend f\u00fcr eine 3-t\u00e4gige Behandlung f\u00fcr einen Hund bis zu 13 kg)<\/span><\/a><br \/>\n<span style=\"font-size: 10pt;\">DOLT050 - 50 ml (ausreichend f\u00fcr eine 3-t\u00e4gige Behandlung f\u00fcr einen Hund mit einem Gewicht von 13 bis 33 kg)<\/span><br \/>\n<a href=\"https:\/\/www.food4animals.nl\/de\/produkt\/dolthene-breitspektrum-entwurmung-hund-3\/\"><span style=\"font-size: 10pt;\">DOLT100 - 100 ml (ausreichend f\u00fcr eine 3-t\u00e4gige Behandlung f\u00fcr einen Hund mit einem Gewicht von 33 bis 75 kg)<\/span><\/a><\/p>\n<p><span style=\"font-size: 10pt;\"><a href=\"https:\/\/www.diergeneesmiddeleninformatiebank.nl\/ords\/f?p=111:3::SEARCH:NO::P0_DOMAIN,P0_LANG,P3_RVG1:V,NL,7888\" target=\"_blank\" rel=\"noopener\">REG DE 7888<\/a> <\/span><\/p>\n<p><span style=\"font-size: 10pt;\">Nur f\u00fcr den tier\u00e4rztlichen Gebrauch - FREI.<\/span><\/p>\n<a href=\"https:\/\/www.cbg-meb.nl\/onderwerpen\/bd-internethandel-diergeneesmiddelen\" target=\"_blank\" rel=\"noopener\"><img decoding=\"async\" class=\"preview\" style=\"max-width: 90px; float: right;\" src=\"imagestream\/stream\/279197\/2209-logo-internethandel.jpg\" alt=\"\" \/><\/a>","protected":false},"excerpt":{"rendered":"<p>Dolthene is een smakelijk breedspectrum oraal middel ter bestrijding van maagdarmworm- en lintworminfecties bij pups en volwassen honden.<\/p>","protected":false},"featured_media":29465,"template":"","meta":{"_acf_changed":false},"product_brand":[],"product_cat":[821,1787],"product_tag":[1790,823,1788],"class_list":{"0":"post-6106","1":"product","2":"type-product","3":"status-publish","4":"has-post-thumbnail","6":"product_cat-hond","7":"product_cat-ontworming-hond","8":"product_tag-dolthene","9":"product_tag-hond","10":"product_tag-vloeibaar","11":"tax_brand-dolthene","13":"first","14":"instock","15":"taxable","16":"shipping-taxable","17":"purchasable","18":"product-type-simple"},"acf":[],"yoast_head":"<!-- This site is optimized with the Yoast SEO plugin v27.4 - https:\/\/yoast.com\/product\/yoast-seo-wordpress\/ -->\n<title>Dolthene breedwerkende ontworming hond - Food4animals<\/title>\n<meta name=\"description\" content=\"Dolthene is een smakelijk breedspectrum oraal middel ter bestrijding van maagdarmworm- en lintworminfecties bij pups en volwassen honden.\" \/>\n<meta name=\"robots\" content=\"index, follow, max-snippet:-1, max-image-preview:large, max-video-preview:-1\" \/>\n<link rel=\"canonical\" href=\"https:\/\/www.food4animals.nl\/de\/produkt\/dolthene-breitspektrum-entwurmung-hund-2\/\" \/>\n<meta property=\"og:locale\" content=\"de_DE\" \/>\n<meta property=\"og:type\" content=\"article\" \/>\n<meta property=\"og:title\" content=\"Dolthene breedwerkende ontworming hond - Food4animals\" \/>\n<meta property=\"og:description\" content=\"Dolthene is een smakelijk breedspectrum oraal middel ter bestrijding van maagdarmworm- en lintworminfecties bij pups en volwassen honden.\" \/>\n<meta property=\"og:url\" content=\"https:\/\/www.food4animals.nl\/de\/produkt\/dolthene-breitspektrum-entwurmung-hund-2\/\" \/>\n<meta property=\"og:site_name\" content=\"Food4animals\" \/>\n<meta property=\"article:publisher\" content=\"https:\/\/www.facebook.com\/p\/Food4animals-100063861676074\/\" \/>\n<meta property=\"article:modified_time\" content=\"2026-04-30T00:10:12+00:00\" \/>\n<meta property=\"og:image\" content=\"https:\/\/www.food4animals.nl\/wp-content\/uploads\/2023\/12\/Dolthene-Ontwormingsmiddel-50-ml.jpg\" \/>\n\t<meta property=\"og:image:width\" content=\"1024\" \/>\n\t<meta property=\"og:image:height\" content=\"1024\" \/>\n\t<meta property=\"og:image:type\" content=\"image\/jpeg\" \/>\n<meta name=\"twitter:card\" content=\"summary_large_image\" \/>\n<meta name=\"twitter:site\" content=\"@food4animals\" \/>\n<meta name=\"twitter:label1\" content=\"Gesch\u00e4tzte Lesezeit\" \/>\n\t<meta name=\"twitter:data1\" content=\"2\u00a0Minuten\" \/>\n<script type=\"application\/ld+json\" class=\"yoast-schema-graph\">{\"@context\":\"https:\\\/\\\/schema.org\",\"@graph\":[{\"@type\":\"WebPage\",\"@id\":\"https:\\\/\\\/www.food4animals.nl\\\/product\\\/dolthene-breedwerkende-ontworming-hond-2\\\/\",\"url\":\"https:\\\/\\\/www.food4animals.nl\\\/product\\\/dolthene-breedwerkende-ontworming-hond-2\\\/\",\"name\":\"Dolthene breedwerkende ontworming hond - Food4animals\",\"isPartOf\":{\"@id\":\"https:\\\/\\\/www.food4animals.nl\\\/en\\\/#website\"},\"primaryImageOfPage\":{\"@id\":\"https:\\\/\\\/www.food4animals.nl\\\/product\\\/dolthene-breedwerkende-ontworming-hond-2\\\/#primaryimage\"},\"image\":{\"@id\":\"https:\\\/\\\/www.food4animals.nl\\\/product\\\/dolthene-breedwerkende-ontworming-hond-2\\\/#primaryimage\"},\"thumbnailUrl\":\"https:\\\/\\\/www.food4animals.nl\\\/wp-content\\\/uploads\\\/2023\\\/12\\\/Dolthene-Ontwormingsmiddel-50-ml.jpg\",\"datePublished\":\"2023-12-12T22:46:24+00:00\",\"dateModified\":\"2026-04-30T00:10:12+00:00\",\"description\":\"Dolthene is een smakelijk breedspectrum oraal middel ter bestrijding van maagdarmworm- en lintworminfecties bij pups en volwassen honden.\",\"breadcrumb\":{\"@id\":\"https:\\\/\\\/www.food4animals.nl\\\/product\\\/dolthene-breedwerkende-ontworming-hond-2\\\/#breadcrumb\"},\"inLanguage\":\"de\",\"potentialAction\":[{\"@type\":\"ReadAction\",\"target\":[\"https:\\\/\\\/www.food4animals.nl\\\/product\\\/dolthene-breedwerkende-ontworming-hond-2\\\/\"]}]},{\"@type\":\"ImageObject\",\"inLanguage\":\"de\",\"@id\":\"https:\\\/\\\/www.food4animals.nl\\\/product\\\/dolthene-breedwerkende-ontworming-hond-2\\\/#primaryimage\",\"url\":\"https:\\\/\\\/www.food4animals.nl\\\/wp-content\\\/uploads\\\/2023\\\/12\\\/Dolthene-Ontwormingsmiddel-50-ml.jpg\",\"contentUrl\":\"https:\\\/\\\/www.food4animals.nl\\\/wp-content\\\/uploads\\\/2023\\\/12\\\/Dolthene-Ontwormingsmiddel-50-ml.jpg\",\"width\":1024,\"height\":1024,\"caption\":\"Dolthene Ontwormingsmiddel ter bestrijding van maagdarmworm- en lintworminfecties bij pups en volwassen honden\"},{\"@type\":\"BreadcrumbList\",\"@id\":\"https:\\\/\\\/www.food4animals.nl\\\/product\\\/dolthene-breedwerkende-ontworming-hond-2\\\/#breadcrumb\",\"itemListElement\":[{\"@type\":\"ListItem\",\"position\":1,\"name\":\"Home\",\"item\":\"https:\\\/\\\/www.food4animals.nl\\\/\"},{\"@type\":\"ListItem\",\"position\":2,\"name\":\"Winkel\",\"item\":\"https:\\\/\\\/www.food4animals.nl\\\/winkel\\\/\"},{\"@type\":\"ListItem\",\"position\":3,\"name\":\"Dolthene breedwerkende ontworming hond\"}]},{\"@type\":\"WebSite\",\"@id\":\"https:\\\/\\\/www.food4animals.nl\\\/en\\\/#website\",\"url\":\"https:\\\/\\\/www.food4animals.nl\\\/en\\\/\",\"name\":\"Food4animals\",\"description\":\"Alles voor Ruiter en Dier\",\"publisher\":{\"@id\":\"https:\\\/\\\/www.food4animals.nl\\\/en\\\/#organization\"},\"potentialAction\":[{\"@type\":\"SearchAction\",\"target\":{\"@type\":\"EntryPoint\",\"urlTemplate\":\"https:\\\/\\\/www.food4animals.nl\\\/en\\\/?s={search_term_string}\"},\"query-input\":{\"@type\":\"PropertyValueSpecification\",\"valueRequired\":true,\"valueName\":\"search_term_string\"}}],\"inLanguage\":\"de\"},{\"@type\":\"Organization\",\"@id\":\"https:\\\/\\\/www.food4animals.nl\\\/en\\\/#organization\",\"name\":\"Food4animals\",\"url\":\"https:\\\/\\\/www.food4animals.nl\\\/en\\\/\",\"logo\":{\"@type\":\"ImageObject\",\"inLanguage\":\"de\",\"@id\":\"https:\\\/\\\/www.food4animals.nl\\\/en\\\/#\\\/schema\\\/logo\\\/image\\\/\",\"url\":\"https:\\\/\\\/www.food4animals.nl\\\/wp-content\\\/uploads\\\/2023\\\/10\\\/Logo.svg\",\"contentUrl\":\"https:\\\/\\\/www.food4animals.nl\\\/wp-content\\\/uploads\\\/2023\\\/10\\\/Logo.svg\",\"width\":1,\"height\":1,\"caption\":\"Food4animals\"},\"image\":{\"@id\":\"https:\\\/\\\/www.food4animals.nl\\\/en\\\/#\\\/schema\\\/logo\\\/image\\\/\"},\"sameAs\":[\"https:\\\/\\\/www.facebook.com\\\/p\\\/Food4animals-100063861676074\\\/\",\"https:\\\/\\\/x.com\\\/food4animals\"]}]}<\/script>\n<!-- \/ Yoast SEO plugin. -->","yoast_head_json":{"title":"Dolthene Breitspektrum-Entwurmung f\u00fcr Hunde - Food4animals","description":"Dolthene is een smakelijk breedspectrum oraal middel ter bestrijding van maagdarmworm- en lintworminfecties bij pups en volwassen honden.","robots":{"index":"index","follow":"follow","max-snippet":"max-snippet:-1","max-image-preview":"max-image-preview:large","max-video-preview":"max-video-preview:-1"},"canonical":"https:\/\/www.food4animals.nl\/de\/produkt\/dolthene-breitspektrum-entwurmung-hund-2\/","og_locale":"de_DE","og_type":"article","og_title":"Dolthene breedwerkende ontworming hond - Food4animals","og_description":"Dolthene is een smakelijk breedspectrum oraal middel ter bestrijding van maagdarmworm- en lintworminfecties bij pups en volwassen honden.","og_url":"https:\/\/www.food4animals.nl\/de\/produkt\/dolthene-breitspektrum-entwurmung-hund-2\/","og_site_name":"Food4animals","article_publisher":"https:\/\/www.facebook.com\/p\/Food4animals-100063861676074\/","article_modified_time":"2026-04-30T00:10:12+00:00","og_image":[{"width":1024,"height":1024,"url":"https:\/\/www.food4animals.nl\/wp-content\/uploads\/2023\/12\/Dolthene-Ontwormingsmiddel-50-ml.jpg","type":"image\/jpeg"}],"twitter_card":"summary_large_image","twitter_site":"@food4animals","twitter_misc":{"Gesch\u00e4tzte Lesezeit":"2\u00a0Minuten"},"schema":{"@context":"https:\/\/schema.org","@graph":[{"@type":"WebPage","@id":"https:\/\/www.food4animals.nl\/product\/dolthene-breedwerkende-ontworming-hond-2\/","url":"https:\/\/www.food4animals.nl\/product\/dolthene-breedwerkende-ontworming-hond-2\/","name":"Dolthene Breitspektrum-Entwurmung f\u00fcr Hunde - Food4animals","isPartOf":{"@id":"https:\/\/www.food4animals.nl\/en\/#website"},"primaryImageOfPage":{"@id":"https:\/\/www.food4animals.nl\/product\/dolthene-breedwerkende-ontworming-hond-2\/#primaryimage"},"image":{"@id":"https:\/\/www.food4animals.nl\/product\/dolthene-breedwerkende-ontworming-hond-2\/#primaryimage"},"thumbnailUrl":"https:\/\/www.food4animals.nl\/wp-content\/uploads\/2023\/12\/Dolthene-Ontwormingsmiddel-50-ml.jpg","datePublished":"2023-12-12T22:46:24+00:00","dateModified":"2026-04-30T00:10:12+00:00","description":"Dolthene is een smakelijk breedspectrum oraal middel ter bestrijding van maagdarmworm- en lintworminfecties bij pups en volwassen honden.","breadcrumb":{"@id":"https:\/\/www.food4animals.nl\/product\/dolthene-breedwerkende-ontworming-hond-2\/#breadcrumb"},"inLanguage":"de","potentialAction":[{"@type":"ReadAction","target":["https:\/\/www.food4animals.nl\/product\/dolthene-breedwerkende-ontworming-hond-2\/"]}]},{"@type":"ImageObject","inLanguage":"de","@id":"https:\/\/www.food4animals.nl\/product\/dolthene-breedwerkende-ontworming-hond-2\/#primaryimage","url":"https:\/\/www.food4animals.nl\/wp-content\/uploads\/2023\/12\/Dolthene-Ontwormingsmiddel-50-ml.jpg","contentUrl":"https:\/\/www.food4animals.nl\/wp-content\/uploads\/2023\/12\/Dolthene-Ontwormingsmiddel-50-ml.jpg","width":1024,"height":1024,"caption":"Dolthene Ontwormingsmiddel ter bestrijding van maagdarmworm- en lintworminfecties bij pups en volwassen honden"},{"@type":"BreadcrumbList","@id":"https:\/\/www.food4animals.nl\/product\/dolthene-breedwerkende-ontworming-hond-2\/#breadcrumb","itemListElement":[{"@type":"ListItem","position":1,"name":"Home","item":"https:\/\/www.food4animals.nl\/"},{"@type":"ListItem","position":2,"name":"Winkel","item":"https:\/\/www.food4animals.nl\/winkel\/"},{"@type":"ListItem","position":3,"name":"Dolthene breedwerkende ontworming hond"}]},{"@type":"WebSite","@id":"https:\/\/www.food4animals.nl\/en\/#website","url":"https:\/\/www.food4animals.nl\/en\/","name":"Lebensmittel4Tiere","description":"Alles f\u00fcr Reiter und Tier","publisher":{"@id":"https:\/\/www.food4animals.nl\/en\/#organization"},"potentialAction":[{"@type":"SearchAction","target":{"@type":"EntryPoint","urlTemplate":"https:\/\/www.food4animals.nl\/en\/?s={search_term_string}"},"query-input":{"@type":"PropertyValueSpecification","valueRequired":true,"valueName":"search_term_string"}}],"inLanguage":"de"},{"@type":"Organization","@id":"https:\/\/www.food4animals.nl\/en\/#organization","name":"Lebensmittel4Tiere","url":"https:\/\/www.food4animals.nl\/en\/","logo":{"@type":"ImageObject","inLanguage":"de","@id":"https:\/\/www.food4animals.nl\/en\/#\/schema\/logo\/image\/","url":"https:\/\/www.food4animals.nl\/wp-content\/uploads\/2023\/10\/Logo.svg","contentUrl":"https:\/\/www.food4animals.nl\/wp-content\/uploads\/2023\/10\/Logo.svg","width":1,"height":1,"caption":"Food4animals"},"image":{"@id":"https:\/\/www.food4animals.nl\/en\/#\/schema\/logo\/image\/"},"sameAs":["https:\/\/www.facebook.com\/p\/Food4animals-100063861676074\/","https:\/\/x.com\/food4animals"]}]}},"_links":{"self":[{"href":"https:\/\/www.food4animals.nl\/de\/wp-json\/wp\/v2\/product\/6106","targetHints":{"allow":["GET"]}}],"collection":[{"href":"https:\/\/www.food4animals.nl\/de\/wp-json\/wp\/v2\/product"}],"about":[{"href":"https:\/\/www.food4animals.nl\/de\/wp-json\/wp\/v2\/types\/product"}],"wp:featuredmedia":[{"embeddable":true,"href":"https:\/\/www.food4animals.nl\/de\/wp-json\/wp\/v2\/media\/29465"}],"wp:attachment":[{"href":"https:\/\/www.food4animals.nl\/de\/wp-json\/wp\/v2\/media?parent=6106"}],"wp:term":[{"taxonomy":"product_brand","embeddable":true,"href":"https:\/\/www.food4animals.nl\/de\/wp-json\/wp\/v2\/product_brand?post=6106"},{"taxonomy":"product_cat","embeddable":true,"href":"https:\/\/www.food4animals.nl\/de\/wp-json\/wp\/v2\/product_cat?post=6106"},{"taxonomy":"product_tag","embeddable":true,"href":"https:\/\/www.food4animals.nl\/de\/wp-json\/wp\/v2\/product_tag?post=6106"}],"curies":[{"name":"wp","href":"https:\/\/api.w.org\/{rel}","templated":true}]}}