{"id":6113,"date":"2023-12-12T22:46:38","date_gmt":"2023-12-12T22:46:38","guid":{"rendered":"https:\/\/food4animals.nl\/product\/doorloopval-rat-65x17x20cm\/"},"modified":"2026-04-11T01:40:25","modified_gmt":"2026-04-11T00:40:25","slug":"rattenfalle-65x17x20cm","status":"publish","type":"product","link":"https:\/\/www.food4animals.nl\/de\/produkt\/rattenfalle-65x17x20cm\/","title":{"rendered":"Begehbare Rattenfalle 65x17x20cm"},"content":{"rendered":"<p><span style=\"font-size: 10pt;\"><strong>Begehbare Falle zum Fang von Ratten, Mardern und sogar Iltissen!<\/strong><\/span><br \/><span style=\"font-size: 10pt;\">Sobald die Falle aufgestellt ist, n\u00e4hert sich ein Tier dem K\u00f6der. Wenn es versucht zu fressen, muss das Tier auf der Plattform stehen. Sobald sich die Plattform bewegt, l\u00f6sen sich die Eisenstifte an der Seite des K\u00e4figs. In diesem Moment fallen die Klappen auf beiden Seiten des K\u00e4figs zu. Die kleineren Klappen liegen auf dem Widerhaken auf, so dass das Tier keine M\u00f6glichkeit hat, zu entkommen. Die Falle ist aus verzinktem Stahl gefertigt.<\/span><br \/><span style=\"font-size: 10pt;\">\u00a0<\/span><br \/><span style=\"font-size: 10pt;\"><strong>Tipps<br \/><\/strong>Es ist m\u00f6glich, vier Eier als K\u00f6der in die L\u00f6cher der Schale zu legen. Tun Sie dies jedoch, bevor Sie die Falle aufstellen.<\/span><br \/><span style=\"font-size: 10pt;\">Um Sch\u00e4dlinge mit dieser begehbaren Falle noch schneller und effizienter zu fangen, k\u00f6nnen Sie den Boden der Falle mit Sand und Laub abdecken. Wenn Sie ein Tuch oder Zweige \u00fcber die Falle legen, f\u00e4llt weniger Licht ein und die Wahrscheinlichkeit, dass Sch\u00e4dlinge in die Falle laufen, ist gr\u00f6\u00dfer. Verwenden Sie beim Aufstellen der Falle immer Handschuhe, damit der Geruch von Menschen nicht an der Falle haftet. Verwenden Sie bereits den perfekten K\u00f6der? Verwenden Sie unser\u00a0<a href=\"nl\/product\/2853\/17323\/ongediertebestrijding\/bestrijden-zonder-licentie\/knock-pest-reward-pellets-voor-muizen-ratten\">Knock Pest Reward Pellets<\/a>!<\/span><br \/><span style=\"font-size: 10pt;\">\u00a0<\/span><br \/><span style=\"font-size: 10pt;\">\u00a0<\/span><span style=\"font-size: 10pt;\"><em>Hergestellt in Zusammenarbeit mit Fachleuten!<\/em><\/span><\/p>","protected":false},"excerpt":{"rendered":"<p>Begehbare Falle zum Fang von Ratten, Mardern und Iltissen.\u00a0<\/p>","protected":false},"featured_media":41863,"template":"","meta":{"_acf_changed":false},"product_brand":[],"product_cat":[1196,1294],"product_tag":[1794,1265,1792,871],"class_list":{"0":"post-6113","1":"product","2":"type-product","3":"status-publish","4":"has-post-thumbnail","6":"product_cat-ongedierte","7":"product_cat-rat","8":"product_tag-doorloopval","9":"product_tag-hpc","10":"product_tag-in-en-doorloopval","11":"product_tag-rat","12":"tax_brand-hpc","14":"first","15":"outofstock","16":"taxable","17":"shipping-taxable","18":"purchasable","19":"product-type-simple"},"acf":[],"yoast_head":"<!-- This site is optimized with the Yoast SEO plugin v27.2 - https:\/\/yoast.com\/product\/yoast-seo-wordpress\/ -->\n<title>Doorloopval rat 65x17x20cm - Food4animals<\/title>\n<meta name=\"robots\" content=\"index, follow, max-snippet:-1, max-image-preview:large, max-video-preview:-1\" \/>\n<link rel=\"canonical\" href=\"https:\/\/www.food4animals.nl\/de\/produkt\/rattenfalle-65x17x20cm\/\" \/>\n<meta property=\"og:locale\" content=\"de_DE\" \/>\n<meta property=\"og:type\" content=\"article\" \/>\n<meta property=\"og:title\" content=\"Doorloopval rat 65x17x20cm - Food4animals\" \/>\n<meta property=\"og:description\" content=\"Doorloopval om ratten, marters en bunzings mee te vangen.\u00a0\" \/>\n<meta property=\"og:url\" content=\"https:\/\/www.food4animals.nl\/de\/produkt\/rattenfalle-65x17x20cm\/\" \/>\n<meta property=\"og:site_name\" content=\"Food4animals\" \/>\n<meta property=\"article:publisher\" content=\"https:\/\/www.facebook.com\/p\/Food4animals-100063861676074\/\" \/>\n<meta property=\"article:modified_time\" content=\"2026-04-11T00:40:25+00:00\" \/>\n<meta property=\"og:image\" content=\"https:\/\/www.food4animals.nl\/wp-content\/uploads\/2025\/11\/VAL0006.png\" \/>\n\t<meta property=\"og:image:width\" content=\"1920\" \/>\n\t<meta property=\"og:image:height\" content=\"608\" \/>\n\t<meta property=\"og:image:type\" content=\"image\/png\" \/>\n<meta name=\"twitter:card\" content=\"summary_large_image\" \/>\n<meta name=\"twitter:site\" content=\"@food4animals\" \/>\n<meta name=\"twitter:label1\" content=\"Gesch\u00e4tzte Lesezeit\" \/>\n\t<meta name=\"twitter:data1\" content=\"1\u00a0Minute\" \/>\n<script type=\"application\/ld+json\" class=\"yoast-schema-graph\">{\"@context\":\"https:\/\/schema.org\",\"@graph\":[{\"@type\":\"WebPage\",\"@id\":\"https:\/\/www.food4animals.nl\/product\/doorloopval-rat-65x17x20cm\/\",\"url\":\"https:\/\/www.food4animals.nl\/product\/doorloopval-rat-65x17x20cm\/\",\"name\":\"Doorloopval rat 65x17x20cm - Food4animals\",\"isPartOf\":{\"@id\":\"https:\/\/www.food4animals.nl\/en\/#website\"},\"primaryImageOfPage\":{\"@id\":\"https:\/\/www.food4animals.nl\/product\/doorloopval-rat-65x17x20cm\/#primaryimage\"},\"image\":{\"@id\":\"https:\/\/www.food4animals.nl\/product\/doorloopval-rat-65x17x20cm\/#primaryimage\"},\"thumbnailUrl\":\"https:\/\/www.food4animals.nl\/wp-content\/uploads\/2025\/11\/VAL0006.png\",\"datePublished\":\"2023-12-12T22:46:38+00:00\",\"dateModified\":\"2026-04-11T00:40:25+00:00\",\"breadcrumb\":{\"@id\":\"https:\/\/www.food4animals.nl\/product\/doorloopval-rat-65x17x20cm\/#breadcrumb\"},\"inLanguage\":\"de\",\"potentialAction\":[{\"@type\":\"ReadAction\",\"target\":[\"https:\/\/www.food4animals.nl\/product\/doorloopval-rat-65x17x20cm\/\"]}]},{\"@type\":\"ImageObject\",\"inLanguage\":\"de\",\"@id\":\"https:\/\/www.food4animals.nl\/product\/doorloopval-rat-65x17x20cm\/#primaryimage\",\"url\":\"https:\/\/www.food4animals.nl\/wp-content\/uploads\/2025\/11\/VAL0006.png\",\"contentUrl\":\"https:\/\/www.food4animals.nl\/wp-content\/uploads\/2025\/11\/VAL0006.png\",\"width\":1920,\"height\":608},{\"@type\":\"BreadcrumbList\",\"@id\":\"https:\/\/www.food4animals.nl\/product\/doorloopval-rat-65x17x20cm\/#breadcrumb\",\"itemListElement\":[{\"@type\":\"ListItem\",\"position\":1,\"name\":\"Home\",\"item\":\"https:\/\/www.food4animals.nl\/\"},{\"@type\":\"ListItem\",\"position\":2,\"name\":\"Winkel\",\"item\":\"https:\/\/www.food4animals.nl\/winkel\/\"},{\"@type\":\"ListItem\",\"position\":3,\"name\":\"Doorloopval rat 65x17x20cm\"}]},{\"@type\":\"WebSite\",\"@id\":\"https:\/\/www.food4animals.nl\/en\/#website\",\"url\":\"https:\/\/www.food4animals.nl\/en\/\",\"name\":\"Food4animals\",\"description\":\"Alles voor Ruiter en Dier\",\"publisher\":{\"@id\":\"https:\/\/www.food4animals.nl\/en\/#organization\"},\"potentialAction\":[{\"@type\":\"SearchAction\",\"target\":{\"@type\":\"EntryPoint\",\"urlTemplate\":\"https:\/\/www.food4animals.nl\/en\/?s={search_term_string}\"},\"query-input\":{\"@type\":\"PropertyValueSpecification\",\"valueRequired\":true,\"valueName\":\"search_term_string\"}}],\"inLanguage\":\"de\"},{\"@type\":\"Organization\",\"@id\":\"https:\/\/www.food4animals.nl\/en\/#organization\",\"name\":\"Food4animals\",\"url\":\"https:\/\/www.food4animals.nl\/en\/\",\"logo\":{\"@type\":\"ImageObject\",\"inLanguage\":\"de\",\"@id\":\"https:\/\/www.food4animals.nl\/en\/#\/schema\/logo\/image\/\",\"url\":\"https:\/\/www.food4animals.nl\/wp-content\/uploads\/2023\/10\/Logo.svg\",\"contentUrl\":\"https:\/\/www.food4animals.nl\/wp-content\/uploads\/2023\/10\/Logo.svg\",\"width\":1,\"height\":1,\"caption\":\"Food4animals\"},\"image\":{\"@id\":\"https:\/\/www.food4animals.nl\/en\/#\/schema\/logo\/image\/\"},\"sameAs\":[\"https:\/\/www.facebook.com\/p\/Food4animals-100063861676074\/\",\"https:\/\/x.com\/food4animals\"]}]}<\/script>\n<!-- \/ Yoast SEO plugin. -->","yoast_head_json":{"title":"Begehbare Rattenfalle 65x17x20cm - Food4animals","robots":{"index":"index","follow":"follow","max-snippet":"max-snippet:-1","max-image-preview":"max-image-preview:large","max-video-preview":"max-video-preview:-1"},"canonical":"https:\/\/www.food4animals.nl\/de\/produkt\/rattenfalle-65x17x20cm\/","og_locale":"de_DE","og_type":"article","og_title":"Doorloopval rat 65x17x20cm - Food4animals","og_description":"Doorloopval om ratten, marters en bunzings mee te vangen.\u00a0","og_url":"https:\/\/www.food4animals.nl\/de\/produkt\/rattenfalle-65x17x20cm\/","og_site_name":"Food4animals","article_publisher":"https:\/\/www.facebook.com\/p\/Food4animals-100063861676074\/","article_modified_time":"2026-04-11T00:40:25+00:00","og_image":[{"width":1920,"height":608,"url":"https:\/\/www.food4animals.nl\/wp-content\/uploads\/2025\/11\/VAL0006.png","type":"image\/png"}],"twitter_card":"summary_large_image","twitter_site":"@food4animals","twitter_misc":{"Gesch\u00e4tzte Lesezeit":"1\u00a0Minute"},"schema":{"@context":"https:\/\/schema.org","@graph":[{"@type":"WebPage","@id":"https:\/\/www.food4animals.nl\/product\/doorloopval-rat-65x17x20cm\/","url":"https:\/\/www.food4animals.nl\/product\/doorloopval-rat-65x17x20cm\/","name":"Begehbare Rattenfalle 65x17x20cm - Food4animals","isPartOf":{"@id":"https:\/\/www.food4animals.nl\/en\/#website"},"primaryImageOfPage":{"@id":"https:\/\/www.food4animals.nl\/product\/doorloopval-rat-65x17x20cm\/#primaryimage"},"image":{"@id":"https:\/\/www.food4animals.nl\/product\/doorloopval-rat-65x17x20cm\/#primaryimage"},"thumbnailUrl":"https:\/\/www.food4animals.nl\/wp-content\/uploads\/2025\/11\/VAL0006.png","datePublished":"2023-12-12T22:46:38+00:00","dateModified":"2026-04-11T00:40:25+00:00","breadcrumb":{"@id":"https:\/\/www.food4animals.nl\/product\/doorloopval-rat-65x17x20cm\/#breadcrumb"},"inLanguage":"de","potentialAction":[{"@type":"ReadAction","target":["https:\/\/www.food4animals.nl\/product\/doorloopval-rat-65x17x20cm\/"]}]},{"@type":"ImageObject","inLanguage":"de","@id":"https:\/\/www.food4animals.nl\/product\/doorloopval-rat-65x17x20cm\/#primaryimage","url":"https:\/\/www.food4animals.nl\/wp-content\/uploads\/2025\/11\/VAL0006.png","contentUrl":"https:\/\/www.food4animals.nl\/wp-content\/uploads\/2025\/11\/VAL0006.png","width":1920,"height":608},{"@type":"BreadcrumbList","@id":"https:\/\/www.food4animals.nl\/product\/doorloopval-rat-65x17x20cm\/#breadcrumb","itemListElement":[{"@type":"ListItem","position":1,"name":"Home","item":"https:\/\/www.food4animals.nl\/"},{"@type":"ListItem","position":2,"name":"Winkel","item":"https:\/\/www.food4animals.nl\/winkel\/"},{"@type":"ListItem","position":3,"name":"Doorloopval rat 65x17x20cm"}]},{"@type":"WebSite","@id":"https:\/\/www.food4animals.nl\/en\/#website","url":"https:\/\/www.food4animals.nl\/en\/","name":"Lebensmittel4Tiere","description":"Alles f\u00fcr Reiter und Tier","publisher":{"@id":"https:\/\/www.food4animals.nl\/en\/#organization"},"potentialAction":[{"@type":"SearchAction","target":{"@type":"EntryPoint","urlTemplate":"https:\/\/www.food4animals.nl\/en\/?s={search_term_string}"},"query-input":{"@type":"PropertyValueSpecification","valueRequired":true,"valueName":"search_term_string"}}],"inLanguage":"de"},{"@type":"Organization","@id":"https:\/\/www.food4animals.nl\/en\/#organization","name":"Lebensmittel4Tiere","url":"https:\/\/www.food4animals.nl\/en\/","logo":{"@type":"ImageObject","inLanguage":"de","@id":"https:\/\/www.food4animals.nl\/en\/#\/schema\/logo\/image\/","url":"https:\/\/www.food4animals.nl\/wp-content\/uploads\/2023\/10\/Logo.svg","contentUrl":"https:\/\/www.food4animals.nl\/wp-content\/uploads\/2023\/10\/Logo.svg","width":1,"height":1,"caption":"Food4animals"},"image":{"@id":"https:\/\/www.food4animals.nl\/en\/#\/schema\/logo\/image\/"},"sameAs":["https:\/\/www.facebook.com\/p\/Food4animals-100063861676074\/","https:\/\/x.com\/food4animals"]}]}},"_links":{"self":[{"href":"https:\/\/www.food4animals.nl\/de\/wp-json\/wp\/v2\/product\/6113","targetHints":{"allow":["GET"]}}],"collection":[{"href":"https:\/\/www.food4animals.nl\/de\/wp-json\/wp\/v2\/product"}],"about":[{"href":"https:\/\/www.food4animals.nl\/de\/wp-json\/wp\/v2\/types\/product"}],"wp:featuredmedia":[{"embeddable":true,"href":"https:\/\/www.food4animals.nl\/de\/wp-json\/wp\/v2\/media\/41863"}],"wp:attachment":[{"href":"https:\/\/www.food4animals.nl\/de\/wp-json\/wp\/v2\/media?parent=6113"}],"wp:term":[{"taxonomy":"product_brand","embeddable":true,"href":"https:\/\/www.food4animals.nl\/de\/wp-json\/wp\/v2\/product_brand?post=6113"},{"taxonomy":"product_cat","embeddable":true,"href":"https:\/\/www.food4animals.nl\/de\/wp-json\/wp\/v2\/product_cat?post=6113"},{"taxonomy":"product_tag","embeddable":true,"href":"https:\/\/www.food4animals.nl\/de\/wp-json\/wp\/v2\/product_tag?post=6113"}],"curies":[{"name":"wp","href":"https:\/\/api.w.org\/{rel}","templated":true}]}}