{"id":6259,"date":"2023-12-12T22:52:00","date_gmt":"2023-12-12T22:52:00","guid":{"rendered":"https:\/\/food4animals.nl\/product\/drench-gun-automatic-80-ml-compleet\/"},"modified":"2026-04-13T01:14:51","modified_gmt":"2026-04-13T00:14:51","slug":"wasserpistole-automatisch-80-ml-komplett","status":"publish","type":"product","link":"https:\/\/www.food4animals.nl\/de\/produkt\/wasserpistole-automatisch-80-ml-komplett\/","title":{"rendered":"Drench-Pistole Automatik 80 ml komplett"},"content":{"rendered":"<p><strong>Dench-Pistole Automatik<\/strong><br \/>Einfach und leicht zu justieren. Enth\u00e4lt eine D\u00fcse (12 cm) und einen Versorgungsschlauch von \u00fcber einem Meter L\u00e4nge, der gegen chemische Fl\u00fcssigkeiten resistent ist. Hergestellt aus hochwertigem Kunststoff und mit integriertem Komfortgriff.<\/p>\n<p>F\u00fcr die Wartung verwenden Sie die <strong><a href=\"https:\/\/www.hofmananimalcare.nl\/product\/17674-olie-voor-scheermachine-en-robotmaaier\">Clipper \u00d6l (CLIP024)<\/a><\/strong>.<\/p>\n<p><strong>Inhalt<\/strong><br \/>80 ml<\/p>","protected":false},"excerpt":{"rendered":"<p>Einfach und leicht zu justieren. Enth\u00e4lt eine D\u00fcse (12 cm) und einen Versorgungsschlauch von \u00fcber einem Meter L\u00e4nge, der gegen chemische Fl\u00fcssigkeiten resistent ist. Aus hochwertigem Kunststoff gefertigt und mit einem integrierten Komfortgriff ausgestattet. Inhalt80 ml<\/p>","protected":false},"featured_media":34052,"template":"","meta":{"_acf_changed":false},"product_brand":[],"product_cat":[1828,834],"product_tag":[1829,814],"class_list":{"0":"post-6259","1":"product","2":"type-product","3":"status-publish","4":"has-post-thumbnail","6":"product_cat-drenchen","7":"product_cat-rund","8":"product_tag-drench-gun","9":"product_tag-rund","10":"tax_brand-drench-gun","12":"first","13":"instock","14":"taxable","15":"shipping-taxable","16":"purchasable","17":"product-type-simple"},"acf":[],"yoast_head":"<!-- This site is optimized with the Yoast SEO plugin v27.2 - https:\/\/yoast.com\/product\/yoast-seo-wordpress\/ -->\n<title>Drench-gun Automatic 80 ml compleet - Food4animals<\/title>\n<meta name=\"robots\" content=\"index, follow, max-snippet:-1, max-image-preview:large, max-video-preview:-1\" \/>\n<link rel=\"canonical\" href=\"https:\/\/www.food4animals.nl\/de\/produkt\/wasserpistole-automatisch-80-ml-komplett\/\" \/>\n<meta property=\"og:locale\" content=\"de_DE\" \/>\n<meta property=\"og:type\" content=\"article\" \/>\n<meta property=\"og:title\" content=\"Drench-gun Automatic 80 ml compleet - Food4animals\" \/>\n<meta property=\"og:description\" content=\"Eenvoudig en goed in te stellen. Bevat een mondstuk (12cm) en is voorzien van een aanvoerslang van ruim een meter die bestand is tegen chemische vloeistoffen. Gemaakt uit hoogwaardig kunststof en voorzien van een ingebouwde comfort handgreep.\u00a0Inhoud80 ml\" \/>\n<meta property=\"og:url\" content=\"https:\/\/www.food4animals.nl\/de\/produkt\/wasserpistole-automatisch-80-ml-komplett\/\" \/>\n<meta property=\"og:site_name\" content=\"Food4animals\" \/>\n<meta property=\"article:publisher\" content=\"https:\/\/www.facebook.com\/p\/Food4animals-100063861676074\/\" \/>\n<meta property=\"article:modified_time\" content=\"2026-04-13T00:14:51+00:00\" \/>\n<meta property=\"og:image\" content=\"https:\/\/www.food4animals.nl\/wp-content\/uploads\/2025\/11\/DREN0106-1.jpg\" \/>\n\t<meta property=\"og:image:width\" content=\"1828\" \/>\n\t<meta property=\"og:image:height\" content=\"735\" \/>\n\t<meta property=\"og:image:type\" content=\"image\/jpeg\" \/>\n<meta name=\"twitter:card\" content=\"summary_large_image\" \/>\n<meta name=\"twitter:site\" content=\"@food4animals\" \/>\n<script type=\"application\/ld+json\" class=\"yoast-schema-graph\">{\"@context\":\"https:\/\/schema.org\",\"@graph\":[{\"@type\":\"WebPage\",\"@id\":\"https:\/\/www.food4animals.nl\/product\/drench-gun-automatic-80-ml-compleet\/\",\"url\":\"https:\/\/www.food4animals.nl\/product\/drench-gun-automatic-80-ml-compleet\/\",\"name\":\"Drench-gun Automatic 80 ml compleet - Food4animals\",\"isPartOf\":{\"@id\":\"https:\/\/www.food4animals.nl\/en\/#website\"},\"primaryImageOfPage\":{\"@id\":\"https:\/\/www.food4animals.nl\/product\/drench-gun-automatic-80-ml-compleet\/#primaryimage\"},\"image\":{\"@id\":\"https:\/\/www.food4animals.nl\/product\/drench-gun-automatic-80-ml-compleet\/#primaryimage\"},\"thumbnailUrl\":\"https:\/\/www.food4animals.nl\/wp-content\/uploads\/2025\/11\/DREN0106-1.jpg\",\"datePublished\":\"2023-12-12T22:52:00+00:00\",\"dateModified\":\"2026-04-13T00:14:51+00:00\",\"breadcrumb\":{\"@id\":\"https:\/\/www.food4animals.nl\/product\/drench-gun-automatic-80-ml-compleet\/#breadcrumb\"},\"inLanguage\":\"de\",\"potentialAction\":[{\"@type\":\"ReadAction\",\"target\":[\"https:\/\/www.food4animals.nl\/product\/drench-gun-automatic-80-ml-compleet\/\"]}]},{\"@type\":\"ImageObject\",\"inLanguage\":\"de\",\"@id\":\"https:\/\/www.food4animals.nl\/product\/drench-gun-automatic-80-ml-compleet\/#primaryimage\",\"url\":\"https:\/\/www.food4animals.nl\/wp-content\/uploads\/2025\/11\/DREN0106-1.jpg\",\"contentUrl\":\"https:\/\/www.food4animals.nl\/wp-content\/uploads\/2025\/11\/DREN0106-1.jpg\",\"width\":1828,\"height\":735},{\"@type\":\"BreadcrumbList\",\"@id\":\"https:\/\/www.food4animals.nl\/product\/drench-gun-automatic-80-ml-compleet\/#breadcrumb\",\"itemListElement\":[{\"@type\":\"ListItem\",\"position\":1,\"name\":\"Home\",\"item\":\"https:\/\/www.food4animals.nl\/\"},{\"@type\":\"ListItem\",\"position\":2,\"name\":\"Winkel\",\"item\":\"https:\/\/www.food4animals.nl\/winkel\/\"},{\"@type\":\"ListItem\",\"position\":3,\"name\":\"Drench-gun Automatic 80 ml compleet\"}]},{\"@type\":\"WebSite\",\"@id\":\"https:\/\/www.food4animals.nl\/en\/#website\",\"url\":\"https:\/\/www.food4animals.nl\/en\/\",\"name\":\"Food4animals\",\"description\":\"Alles voor Ruiter en Dier\",\"publisher\":{\"@id\":\"https:\/\/www.food4animals.nl\/en\/#organization\"},\"potentialAction\":[{\"@type\":\"SearchAction\",\"target\":{\"@type\":\"EntryPoint\",\"urlTemplate\":\"https:\/\/www.food4animals.nl\/en\/?s={search_term_string}\"},\"query-input\":{\"@type\":\"PropertyValueSpecification\",\"valueRequired\":true,\"valueName\":\"search_term_string\"}}],\"inLanguage\":\"de\"},{\"@type\":\"Organization\",\"@id\":\"https:\/\/www.food4animals.nl\/en\/#organization\",\"name\":\"Food4animals\",\"url\":\"https:\/\/www.food4animals.nl\/en\/\",\"logo\":{\"@type\":\"ImageObject\",\"inLanguage\":\"de\",\"@id\":\"https:\/\/www.food4animals.nl\/en\/#\/schema\/logo\/image\/\",\"url\":\"https:\/\/www.food4animals.nl\/wp-content\/uploads\/2023\/10\/Logo.svg\",\"contentUrl\":\"https:\/\/www.food4animals.nl\/wp-content\/uploads\/2023\/10\/Logo.svg\",\"width\":1,\"height\":1,\"caption\":\"Food4animals\"},\"image\":{\"@id\":\"https:\/\/www.food4animals.nl\/en\/#\/schema\/logo\/image\/\"},\"sameAs\":[\"https:\/\/www.facebook.com\/p\/Food4animals-100063861676074\/\",\"https:\/\/x.com\/food4animals\"]}]}<\/script>\n<!-- \/ Yoast SEO plugin. -->","yoast_head_json":{"title":"Drench-Pistole Automatik 80 ml komplett - Food4animals","robots":{"index":"index","follow":"follow","max-snippet":"max-snippet:-1","max-image-preview":"max-image-preview:large","max-video-preview":"max-video-preview:-1"},"canonical":"https:\/\/www.food4animals.nl\/de\/produkt\/wasserpistole-automatisch-80-ml-komplett\/","og_locale":"de_DE","og_type":"article","og_title":"Drench-gun Automatic 80 ml compleet - Food4animals","og_description":"Eenvoudig en goed in te stellen. Bevat een mondstuk (12cm) en is voorzien van een aanvoerslang van ruim een meter die bestand is tegen chemische vloeistoffen. Gemaakt uit hoogwaardig kunststof en voorzien van een ingebouwde comfort handgreep.\u00a0Inhoud80 ml","og_url":"https:\/\/www.food4animals.nl\/de\/produkt\/wasserpistole-automatisch-80-ml-komplett\/","og_site_name":"Food4animals","article_publisher":"https:\/\/www.facebook.com\/p\/Food4animals-100063861676074\/","article_modified_time":"2026-04-13T00:14:51+00:00","og_image":[{"width":1828,"height":735,"url":"https:\/\/www.food4animals.nl\/wp-content\/uploads\/2025\/11\/DREN0106-1.jpg","type":"image\/jpeg"}],"twitter_card":"summary_large_image","twitter_site":"@food4animals","schema":{"@context":"https:\/\/schema.org","@graph":[{"@type":"WebPage","@id":"https:\/\/www.food4animals.nl\/product\/drench-gun-automatic-80-ml-compleet\/","url":"https:\/\/www.food4animals.nl\/product\/drench-gun-automatic-80-ml-compleet\/","name":"Drench-Pistole Automatik 80 ml komplett - Food4animals","isPartOf":{"@id":"https:\/\/www.food4animals.nl\/en\/#website"},"primaryImageOfPage":{"@id":"https:\/\/www.food4animals.nl\/product\/drench-gun-automatic-80-ml-compleet\/#primaryimage"},"image":{"@id":"https:\/\/www.food4animals.nl\/product\/drench-gun-automatic-80-ml-compleet\/#primaryimage"},"thumbnailUrl":"https:\/\/www.food4animals.nl\/wp-content\/uploads\/2025\/11\/DREN0106-1.jpg","datePublished":"2023-12-12T22:52:00+00:00","dateModified":"2026-04-13T00:14:51+00:00","breadcrumb":{"@id":"https:\/\/www.food4animals.nl\/product\/drench-gun-automatic-80-ml-compleet\/#breadcrumb"},"inLanguage":"de","potentialAction":[{"@type":"ReadAction","target":["https:\/\/www.food4animals.nl\/product\/drench-gun-automatic-80-ml-compleet\/"]}]},{"@type":"ImageObject","inLanguage":"de","@id":"https:\/\/www.food4animals.nl\/product\/drench-gun-automatic-80-ml-compleet\/#primaryimage","url":"https:\/\/www.food4animals.nl\/wp-content\/uploads\/2025\/11\/DREN0106-1.jpg","contentUrl":"https:\/\/www.food4animals.nl\/wp-content\/uploads\/2025\/11\/DREN0106-1.jpg","width":1828,"height":735},{"@type":"BreadcrumbList","@id":"https:\/\/www.food4animals.nl\/product\/drench-gun-automatic-80-ml-compleet\/#breadcrumb","itemListElement":[{"@type":"ListItem","position":1,"name":"Home","item":"https:\/\/www.food4animals.nl\/"},{"@type":"ListItem","position":2,"name":"Winkel","item":"https:\/\/www.food4animals.nl\/winkel\/"},{"@type":"ListItem","position":3,"name":"Drench-gun Automatic 80 ml compleet"}]},{"@type":"WebSite","@id":"https:\/\/www.food4animals.nl\/en\/#website","url":"https:\/\/www.food4animals.nl\/en\/","name":"Lebensmittel4Tiere","description":"Alles f\u00fcr Reiter und Tier","publisher":{"@id":"https:\/\/www.food4animals.nl\/en\/#organization"},"potentialAction":[{"@type":"SearchAction","target":{"@type":"EntryPoint","urlTemplate":"https:\/\/www.food4animals.nl\/en\/?s={search_term_string}"},"query-input":{"@type":"PropertyValueSpecification","valueRequired":true,"valueName":"search_term_string"}}],"inLanguage":"de"},{"@type":"Organization","@id":"https:\/\/www.food4animals.nl\/en\/#organization","name":"Lebensmittel4Tiere","url":"https:\/\/www.food4animals.nl\/en\/","logo":{"@type":"ImageObject","inLanguage":"de","@id":"https:\/\/www.food4animals.nl\/en\/#\/schema\/logo\/image\/","url":"https:\/\/www.food4animals.nl\/wp-content\/uploads\/2023\/10\/Logo.svg","contentUrl":"https:\/\/www.food4animals.nl\/wp-content\/uploads\/2023\/10\/Logo.svg","width":1,"height":1,"caption":"Food4animals"},"image":{"@id":"https:\/\/www.food4animals.nl\/en\/#\/schema\/logo\/image\/"},"sameAs":["https:\/\/www.facebook.com\/p\/Food4animals-100063861676074\/","https:\/\/x.com\/food4animals"]}]}},"_links":{"self":[{"href":"https:\/\/www.food4animals.nl\/de\/wp-json\/wp\/v2\/product\/6259","targetHints":{"allow":["GET"]}}],"collection":[{"href":"https:\/\/www.food4animals.nl\/de\/wp-json\/wp\/v2\/product"}],"about":[{"href":"https:\/\/www.food4animals.nl\/de\/wp-json\/wp\/v2\/types\/product"}],"wp:featuredmedia":[{"embeddable":true,"href":"https:\/\/www.food4animals.nl\/de\/wp-json\/wp\/v2\/media\/34052"}],"wp:attachment":[{"href":"https:\/\/www.food4animals.nl\/de\/wp-json\/wp\/v2\/media?parent=6259"}],"wp:term":[{"taxonomy":"product_brand","embeddable":true,"href":"https:\/\/www.food4animals.nl\/de\/wp-json\/wp\/v2\/product_brand?post=6259"},{"taxonomy":"product_cat","embeddable":true,"href":"https:\/\/www.food4animals.nl\/de\/wp-json\/wp\/v2\/product_cat?post=6259"},{"taxonomy":"product_tag","embeddable":true,"href":"https:\/\/www.food4animals.nl\/de\/wp-json\/wp\/v2\/product_tag?post=6259"}],"curies":[{"name":"wp","href":"https:\/\/api.w.org\/{rel}","templated":true}]}}