{"id":6391,"date":"2023-12-12T22:57:32","date_gmt":"2023-12-12T22:57:32","guid":{"rendered":"https:\/\/food4animals.nl\/product\/drinkfles-crystal-deluxe-small-150-ml\/"},"modified":"2026-04-10T01:14:20","modified_gmt":"2026-04-10T00:14:20","slug":"drinkfles-crystal-deluxe-small-150-ml","status":"publish","type":"product","link":"https:\/\/www.food4animals.nl\/de\/produkt\/drinkfles-crystal-deluxe-small-150-ml\/","title":{"rendered":"Trinkflasche Crystal Deluxe Klein 150 ml"},"content":{"rendered":"<p><strong><span style=\"font-size: 10.0pt;\">Die Nummer 1 unter den Trinkflaschen f\u00fcr Nagetiere seit 1975.\u00a0<\/span><\/strong><span style=\"font-size: 10.0pt;\"><br \/>Diese transparente Trinkflasche ist aus haltbarem Kunststoff gefertigt. Sehr geeignet f\u00fcr verschiedene Arten von Nagetieren wie Kaninchen, Frettchen, Chinchillas, Ratten, Meerschweinchen, Hamster und M\u00e4use. Leicht zu bef\u00fcllen, aufzuh\u00e4ngen und zu reinigen.<\/span><\/p>\n<ul>\n<li><span style=\"font-size: 10.0pt;\">Hergestellt aus hochwertigem PET-Kunststoff<\/span><\/li>\n<li><span style=\"font-size: 10.0pt;\">Alle Teile sind vollst\u00e4ndig recycelbar\u00a0<\/span><\/li>\n<li><span style=\"font-size: 10pt;\">Die Giant-Flaschen sind auch f\u00fcr einige Nutztiere wie Pferde, Schweine, H\u00fchner usw. geeignet.\u00a0<\/span><\/li>\n<\/ul>\n<p><span style=\"font-size: 10.0pt;\">* Hergestellt in England seit 1975\u00a0<br \/>* Der urspr\u00fcngliche und weltweit anerkannte Marktf\u00fchrer bei Trinkflaschen f\u00fcr Kleintiere<br \/>* Das Sortiment wird in mehr als 40 L\u00e4nder exportiert.<br \/>* Zuverl\u00e4ssig, langlebig und auslaufsicher - die CLASSIC-Trinkflaschen sind die perfekte Wahl f\u00fcr Kleintiere<\/span><\/p>\n<p><span style=\"font-size: 10.0pt;\"><strong>Vorteile<\/strong><\/span><\/p>\n<ul>\n<li><span style=\"font-size: 10.0pt;\">Leicht zu bef\u00fcllen und zu reinigen<\/span><\/li>\n<li><span style=\"font-size: 10.0pt;\">Auslaufsicher<\/span><\/li>\n<li><span style=\"font-size: 10.0pt;\">Nachhaltig<\/span><\/li>\n<li><span style=\"font-size: 10.0pt;\">Leicht zu befestigen<\/span><\/li>\n<\/ul>\n<p><strong><span style=\"font-size: 10.0pt;\">Benutzerhandbuch<\/span><\/strong><br \/><span style=\"font-size: 10.0pt;\">F\u00fcllen Sie die Flasche vollst\u00e4ndig mit Wasser und ziehen Sie den Deckel fest zu.<\/span><br \/><span style=\"font-size: 10.0pt;\">Sch\u00fctteln Sie die Flasche kurz, es k\u00f6nnen ein paar Tropfen fallen, dann bildet sich ein Vakuum.<\/span><br \/><span style=\"font-size: 10.0pt;\">Befestigen Sie die Flasche mit dem mitgelieferten Eisendraht am K\u00e4fig.<\/span><\/p>\n<p><strong><span style=\"font-size: 10.0pt;\">Gr\u00f6\u00dfe, Inhalt und Art<\/span><\/strong><br \/><span style=\"font-size: 10.0pt;\">DRINC0191: S - 150 ml (Hamster, W\u00fcstenrennmaus, Maus usw.)<\/span><br \/><span style=\"font-size: 10.0pt;\">DRINC0192: M - 320 ml (Kaninchen, Meerschweinchen usw.)<\/span><br \/><span style=\"font-size: 10.0pt;\">DRINC0193: L - 600 ml (Kaninchen, Meerschweinchen usw.)<\/span><br \/><span style=\"font-size: 10.0pt;\">DRINC0194: Giant - 1100 ml (gr\u00f6\u00dfere Kaninchenarten usw.)<\/span><\/p>\n<p>\u00a0<\/p>","protected":false},"excerpt":{"rendered":"<p>Alle Teile sind vollst\u00e4ndig recycelbar.<\/p>","protected":false},"featured_media":34119,"template":"","meta":{"_acf_changed":false},"product_brand":[],"product_cat":[1841,1546],"product_tag":[1851,1366,966],"class_list":{"0":"post-6391","1":"product","2":"type-product","3":"status-publish","4":"has-post-thumbnail","6":"product_cat-eten-en-drinken","7":"product_cat-knaagdier","8":"product_tag-classic","9":"product_tag-hamster","10":"product_tag-konijn","11":"tax_brand-classic","13":"first","14":"instock","15":"taxable","16":"shipping-taxable","17":"purchasable","18":"product-type-simple"},"acf":[],"yoast_head":"<!-- This site is optimized with the Yoast SEO plugin v27.2 - https:\/\/yoast.com\/product\/yoast-seo-wordpress\/ -->\n<title>Drinkfles Crystal Deluxe Small 150 ml - Food4animals<\/title>\n<meta name=\"robots\" content=\"index, follow, max-snippet:-1, max-image-preview:large, max-video-preview:-1\" \/>\n<link rel=\"canonical\" href=\"https:\/\/www.food4animals.nl\/de\/produkt\/drinkfles-crystal-deluxe-small-150-ml\/\" \/>\n<meta property=\"og:locale\" content=\"de_DE\" \/>\n<meta property=\"og:type\" content=\"article\" \/>\n<meta property=\"og:title\" content=\"Drinkfles Crystal Deluxe Small 150 ml - Food4animals\" \/>\n<meta property=\"og:description\" content=\"Alle onderdelen zijn volledig recyclebaar.\" \/>\n<meta property=\"og:url\" content=\"https:\/\/www.food4animals.nl\/de\/produkt\/drinkfles-crystal-deluxe-small-150-ml\/\" \/>\n<meta property=\"og:site_name\" content=\"Food4animals\" \/>\n<meta property=\"article:publisher\" content=\"https:\/\/www.facebook.com\/p\/Food4animals-100063861676074\/\" \/>\n<meta property=\"article:modified_time\" content=\"2026-04-10T00:14:20+00:00\" \/>\n<meta property=\"og:image\" content=\"https:\/\/www.food4animals.nl\/wp-content\/uploads\/2025\/11\/DRINC0191-2.png\" \/>\n\t<meta property=\"og:image:width\" content=\"600\" \/>\n\t<meta property=\"og:image:height\" content=\"599\" \/>\n\t<meta property=\"og:image:type\" content=\"image\/png\" \/>\n<meta name=\"twitter:card\" content=\"summary_large_image\" \/>\n<meta name=\"twitter:site\" content=\"@food4animals\" \/>\n<meta name=\"twitter:label1\" content=\"Gesch\u00e4tzte Lesezeit\" \/>\n\t<meta name=\"twitter:data1\" content=\"1\u00a0Minute\" \/>\n<script type=\"application\/ld+json\" class=\"yoast-schema-graph\">{\"@context\":\"https:\/\/schema.org\",\"@graph\":[{\"@type\":\"WebPage\",\"@id\":\"https:\/\/www.food4animals.nl\/product\/drinkfles-crystal-deluxe-small-150-ml\/\",\"url\":\"https:\/\/www.food4animals.nl\/product\/drinkfles-crystal-deluxe-small-150-ml\/\",\"name\":\"Drinkfles Crystal Deluxe Small 150 ml - Food4animals\",\"isPartOf\":{\"@id\":\"https:\/\/www.food4animals.nl\/en\/#website\"},\"primaryImageOfPage\":{\"@id\":\"https:\/\/www.food4animals.nl\/product\/drinkfles-crystal-deluxe-small-150-ml\/#primaryimage\"},\"image\":{\"@id\":\"https:\/\/www.food4animals.nl\/product\/drinkfles-crystal-deluxe-small-150-ml\/#primaryimage\"},\"thumbnailUrl\":\"https:\/\/www.food4animals.nl\/wp-content\/uploads\/2025\/11\/DRINC0191-2.png\",\"datePublished\":\"2023-12-12T22:57:32+00:00\",\"dateModified\":\"2026-04-10T00:14:20+00:00\",\"breadcrumb\":{\"@id\":\"https:\/\/www.food4animals.nl\/product\/drinkfles-crystal-deluxe-small-150-ml\/#breadcrumb\"},\"inLanguage\":\"de\",\"potentialAction\":[{\"@type\":\"ReadAction\",\"target\":[\"https:\/\/www.food4animals.nl\/product\/drinkfles-crystal-deluxe-small-150-ml\/\"]}]},{\"@type\":\"ImageObject\",\"inLanguage\":\"de\",\"@id\":\"https:\/\/www.food4animals.nl\/product\/drinkfles-crystal-deluxe-small-150-ml\/#primaryimage\",\"url\":\"https:\/\/www.food4animals.nl\/wp-content\/uploads\/2025\/11\/DRINC0191-2.png\",\"contentUrl\":\"https:\/\/www.food4animals.nl\/wp-content\/uploads\/2025\/11\/DRINC0191-2.png\",\"width\":600,\"height\":599},{\"@type\":\"BreadcrumbList\",\"@id\":\"https:\/\/www.food4animals.nl\/product\/drinkfles-crystal-deluxe-small-150-ml\/#breadcrumb\",\"itemListElement\":[{\"@type\":\"ListItem\",\"position\":1,\"name\":\"Home\",\"item\":\"https:\/\/www.food4animals.nl\/\"},{\"@type\":\"ListItem\",\"position\":2,\"name\":\"Winkel\",\"item\":\"https:\/\/www.food4animals.nl\/winkel\/\"},{\"@type\":\"ListItem\",\"position\":3,\"name\":\"Drinkfles Crystal Deluxe Small 150 ml\"}]},{\"@type\":\"WebSite\",\"@id\":\"https:\/\/www.food4animals.nl\/en\/#website\",\"url\":\"https:\/\/www.food4animals.nl\/en\/\",\"name\":\"Food4animals\",\"description\":\"Alles voor Ruiter en Dier\",\"publisher\":{\"@id\":\"https:\/\/www.food4animals.nl\/en\/#organization\"},\"potentialAction\":[{\"@type\":\"SearchAction\",\"target\":{\"@type\":\"EntryPoint\",\"urlTemplate\":\"https:\/\/www.food4animals.nl\/en\/?s={search_term_string}\"},\"query-input\":{\"@type\":\"PropertyValueSpecification\",\"valueRequired\":true,\"valueName\":\"search_term_string\"}}],\"inLanguage\":\"de\"},{\"@type\":\"Organization\",\"@id\":\"https:\/\/www.food4animals.nl\/en\/#organization\",\"name\":\"Food4animals\",\"url\":\"https:\/\/www.food4animals.nl\/en\/\",\"logo\":{\"@type\":\"ImageObject\",\"inLanguage\":\"de\",\"@id\":\"https:\/\/www.food4animals.nl\/en\/#\/schema\/logo\/image\/\",\"url\":\"https:\/\/www.food4animals.nl\/wp-content\/uploads\/2023\/10\/Logo.svg\",\"contentUrl\":\"https:\/\/www.food4animals.nl\/wp-content\/uploads\/2023\/10\/Logo.svg\",\"width\":1,\"height\":1,\"caption\":\"Food4animals\"},\"image\":{\"@id\":\"https:\/\/www.food4animals.nl\/en\/#\/schema\/logo\/image\/\"},\"sameAs\":[\"https:\/\/www.facebook.com\/p\/Food4animals-100063861676074\/\",\"https:\/\/x.com\/food4animals\"]}]}<\/script>\n<!-- \/ Yoast SEO plugin. -->","yoast_head_json":{"title":"Drinkfles Crystal Deluxe Small 150 ml - Food4animals","robots":{"index":"index","follow":"follow","max-snippet":"max-snippet:-1","max-image-preview":"max-image-preview:large","max-video-preview":"max-video-preview:-1"},"canonical":"https:\/\/www.food4animals.nl\/de\/produkt\/drinkfles-crystal-deluxe-small-150-ml\/","og_locale":"de_DE","og_type":"article","og_title":"Drinkfles Crystal Deluxe Small 150 ml - Food4animals","og_description":"Alle onderdelen zijn volledig recyclebaar.","og_url":"https:\/\/www.food4animals.nl\/de\/produkt\/drinkfles-crystal-deluxe-small-150-ml\/","og_site_name":"Food4animals","article_publisher":"https:\/\/www.facebook.com\/p\/Food4animals-100063861676074\/","article_modified_time":"2026-04-10T00:14:20+00:00","og_image":[{"width":600,"height":599,"url":"https:\/\/www.food4animals.nl\/wp-content\/uploads\/2025\/11\/DRINC0191-2.png","type":"image\/png"}],"twitter_card":"summary_large_image","twitter_site":"@food4animals","twitter_misc":{"Gesch\u00e4tzte Lesezeit":"1\u00a0Minute"},"schema":{"@context":"https:\/\/schema.org","@graph":[{"@type":"WebPage","@id":"https:\/\/www.food4animals.nl\/product\/drinkfles-crystal-deluxe-small-150-ml\/","url":"https:\/\/www.food4animals.nl\/product\/drinkfles-crystal-deluxe-small-150-ml\/","name":"Drinkfles Crystal Deluxe Small 150 ml - Food4animals","isPartOf":{"@id":"https:\/\/www.food4animals.nl\/en\/#website"},"primaryImageOfPage":{"@id":"https:\/\/www.food4animals.nl\/product\/drinkfles-crystal-deluxe-small-150-ml\/#primaryimage"},"image":{"@id":"https:\/\/www.food4animals.nl\/product\/drinkfles-crystal-deluxe-small-150-ml\/#primaryimage"},"thumbnailUrl":"https:\/\/www.food4animals.nl\/wp-content\/uploads\/2025\/11\/DRINC0191-2.png","datePublished":"2023-12-12T22:57:32+00:00","dateModified":"2026-04-10T00:14:20+00:00","breadcrumb":{"@id":"https:\/\/www.food4animals.nl\/product\/drinkfles-crystal-deluxe-small-150-ml\/#breadcrumb"},"inLanguage":"de","potentialAction":[{"@type":"ReadAction","target":["https:\/\/www.food4animals.nl\/product\/drinkfles-crystal-deluxe-small-150-ml\/"]}]},{"@type":"ImageObject","inLanguage":"de","@id":"https:\/\/www.food4animals.nl\/product\/drinkfles-crystal-deluxe-small-150-ml\/#primaryimage","url":"https:\/\/www.food4animals.nl\/wp-content\/uploads\/2025\/11\/DRINC0191-2.png","contentUrl":"https:\/\/www.food4animals.nl\/wp-content\/uploads\/2025\/11\/DRINC0191-2.png","width":600,"height":599},{"@type":"BreadcrumbList","@id":"https:\/\/www.food4animals.nl\/product\/drinkfles-crystal-deluxe-small-150-ml\/#breadcrumb","itemListElement":[{"@type":"ListItem","position":1,"name":"Home","item":"https:\/\/www.food4animals.nl\/"},{"@type":"ListItem","position":2,"name":"Winkel","item":"https:\/\/www.food4animals.nl\/winkel\/"},{"@type":"ListItem","position":3,"name":"Drinkfles Crystal Deluxe Small 150 ml"}]},{"@type":"WebSite","@id":"https:\/\/www.food4animals.nl\/en\/#website","url":"https:\/\/www.food4animals.nl\/en\/","name":"Lebensmittel4Tiere","description":"Alles f\u00fcr Reiter und Tier","publisher":{"@id":"https:\/\/www.food4animals.nl\/en\/#organization"},"potentialAction":[{"@type":"SearchAction","target":{"@type":"EntryPoint","urlTemplate":"https:\/\/www.food4animals.nl\/en\/?s={search_term_string}"},"query-input":{"@type":"PropertyValueSpecification","valueRequired":true,"valueName":"search_term_string"}}],"inLanguage":"de"},{"@type":"Organization","@id":"https:\/\/www.food4animals.nl\/en\/#organization","name":"Lebensmittel4Tiere","url":"https:\/\/www.food4animals.nl\/en\/","logo":{"@type":"ImageObject","inLanguage":"de","@id":"https:\/\/www.food4animals.nl\/en\/#\/schema\/logo\/image\/","url":"https:\/\/www.food4animals.nl\/wp-content\/uploads\/2023\/10\/Logo.svg","contentUrl":"https:\/\/www.food4animals.nl\/wp-content\/uploads\/2023\/10\/Logo.svg","width":1,"height":1,"caption":"Food4animals"},"image":{"@id":"https:\/\/www.food4animals.nl\/en\/#\/schema\/logo\/image\/"},"sameAs":["https:\/\/www.facebook.com\/p\/Food4animals-100063861676074\/","https:\/\/x.com\/food4animals"]}]}},"_links":{"self":[{"href":"https:\/\/www.food4animals.nl\/de\/wp-json\/wp\/v2\/product\/6391","targetHints":{"allow":["GET"]}}],"collection":[{"href":"https:\/\/www.food4animals.nl\/de\/wp-json\/wp\/v2\/product"}],"about":[{"href":"https:\/\/www.food4animals.nl\/de\/wp-json\/wp\/v2\/types\/product"}],"wp:featuredmedia":[{"embeddable":true,"href":"https:\/\/www.food4animals.nl\/de\/wp-json\/wp\/v2\/media\/34119"}],"wp:attachment":[{"href":"https:\/\/www.food4animals.nl\/de\/wp-json\/wp\/v2\/media?parent=6391"}],"wp:term":[{"taxonomy":"product_brand","embeddable":true,"href":"https:\/\/www.food4animals.nl\/de\/wp-json\/wp\/v2\/product_brand?post=6391"},{"taxonomy":"product_cat","embeddable":true,"href":"https:\/\/www.food4animals.nl\/de\/wp-json\/wp\/v2\/product_cat?post=6391"},{"taxonomy":"product_tag","embeddable":true,"href":"https:\/\/www.food4animals.nl\/de\/wp-json\/wp\/v2\/product_tag?post=6391"}],"curies":[{"name":"wp","href":"https:\/\/api.w.org\/{rel}","templated":true}]}}