{"id":6529,"date":"2023-12-12T23:07:40","date_gmt":"2023-12-12T23:07:40","guid":{"rendered":"https:\/\/food4animals.nl\/product\/easy-walk-mini-handmodel-rood\/"},"modified":"2026-04-19T01:14:37","modified_gmt":"2026-04-19T00:14:37","slug":"easy-walk-mini-handmodel-rood","status":"publish","type":"product","link":"https:\/\/www.food4animals.nl\/de\/produkt\/easy-walk-mini-handmodel-rood\/","title":{"rendered":"Easy Walk Mini Hand Modell Rot"},"content":{"rendered":"<p class=\"p1\"><span style=\"font-size: 10pt;\"><strong>Tuig en riem in 1 product.<\/strong><\/span><br \/><span style=\"font-size: 10pt;\">Met \u00e9\u00e9n duurzaam touw cre\u00eber je in een handomdraai een tuigje met riem.\u00a0<\/span><\/p>\n<p class=\"p1\"><span style=\"font-size: 10pt;\"><strong>Voorkomt trekken aan de lijn<br \/><\/strong><\/span><span style=\"font-size: 10pt;\">Door de zachte druk van het tuigje en het materiaal, ondervindt de hond geen lichamelijke ongemakken als hij aan de lijn trekt. Doordat er druk op de borstkas komt te staan, zal de hond ophouden met trekken. Ontsnappen wordt bijna onmogelijk.<\/span><\/p>\n<p class=\"p2\"><span style=\"font-size: 10pt;\"><strong>Easy Walk is de nieuwe revolutionaire manier van honden uitlaten.<\/strong><\/span><\/p>\n<p class=\"p5\"><span style=\"font-size: 10pt;\"><strong>Kleur en lengte<br \/><\/strong>EASY0002: Zwart &#8211; Handmodel &#8211; 210 cm<\/span><br \/><span style=\"font-size: 10pt;\">EASY0004: Zwart &#8211; Schoudermodel\u00a0(incl. karabijnhaak) &#8211; 300 cm<\/span><br \/><span style=\"font-size: 10pt;\">EASY0006: Rood &#8211; Handmodel &#8211; 210 cm<\/span><br \/><span style=\"font-size: 10pt;\">EASY0008: Rood &#8211; Schoudermodel (incl. karabijnhaak) &#8211; 300 cm<\/span><\/p>\n<p><span style=\"font-size: 10pt;\"><img loading=\"lazy\" decoding=\"async\" src=\"\/imagestream\/stream\/45509\/150\/106\/Easy_Walk_Handheld_Logo_.jpg\" width=\"150\" height=\"106\" \/><img loading=\"lazy\" decoding=\"async\" src=\"\/imagestream\/stream\/45510\/150\/107\/Easy_Walk_Shoulder_Logo.jpg\" width=\"150\" height=\"107\" \/><\/span><\/p>\n<p><span style=\"color: #ffffff; font-size: 10pt;\">hondenriem, uitlaatriem, langlooplijn<\/span><\/p>","protected":false},"excerpt":{"rendered":"<p>Met \u00e9\u00e9n duurzaam touw cre\u00eber je in een handomdraai een tuigje met riem.\u00a0<\/p>","protected":false},"featured_media":34188,"template":"","meta":{"_acf_changed":false},"product_brand":[],"product_cat":[937,821],"product_tag":[1050,1053,823,1890,926],"class_list":{"0":"post-6529","1":"product","2":"type-product","3":"status-publish","4":"has-post-thumbnail","6":"product_cat-accessoires","7":"product_cat-hond","8":"product_tag-halsbanden","9":"product_tag-harnas-en-tuigen","10":"product_tag-hond","11":"product_tag-lijnen-en-tuigjes","12":"product_tag-rood","13":"tax_brand-easy-walk","15":"first","16":"instock","17":"taxable","18":"shipping-taxable","19":"purchasable","20":"product-type-simple"},"acf":[],"yoast_head":"<!-- This site is optimized with the Yoast SEO plugin v27.4 - https:\/\/yoast.com\/product\/yoast-seo-wordpress\/ -->\n<title>Easy Walk Mini Handmodel Rood - Food4animals<\/title>\n<meta name=\"robots\" content=\"index, follow, max-snippet:-1, max-image-preview:large, max-video-preview:-1\" \/>\n<link rel=\"canonical\" href=\"https:\/\/www.food4animals.nl\/de\/produkt\/easy-walk-mini-handmodel-rood\/\" \/>\n<meta property=\"og:locale\" content=\"de_DE\" \/>\n<meta property=\"og:type\" content=\"article\" \/>\n<meta property=\"og:title\" content=\"Easy Walk Mini Handmodel Rood - Food4animals\" \/>\n<meta property=\"og:description\" content=\"Met \u00e9\u00e9n duurzaam touw cre\u00eber je in een handomdraai een tuigje met riem.\u00a0\" \/>\n<meta property=\"og:url\" content=\"https:\/\/www.food4animals.nl\/de\/produkt\/easy-walk-mini-handmodel-rood\/\" \/>\n<meta property=\"og:site_name\" content=\"Food4animals\" \/>\n<meta property=\"article:publisher\" content=\"https:\/\/www.facebook.com\/p\/Food4animals-100063861676074\/\" \/>\n<meta property=\"article:modified_time\" content=\"2026-04-19T00:14:37+00:00\" \/>\n<meta property=\"og:image\" content=\"https:\/\/www.food4animals.nl\/wp-content\/uploads\/2025\/11\/EASY0006.png\" \/>\n\t<meta property=\"og:image:width\" content=\"1109\" \/>\n\t<meta property=\"og:image:height\" content=\"980\" \/>\n\t<meta property=\"og:image:type\" content=\"image\/png\" \/>\n<meta name=\"twitter:card\" content=\"summary_large_image\" \/>\n<meta name=\"twitter:site\" content=\"@food4animals\" \/>\n<meta name=\"twitter:label1\" content=\"Gesch\u00e4tzte Lesezeit\" \/>\n\t<meta name=\"twitter:data1\" content=\"1\u00a0Minute\" \/>\n<script type=\"application\/ld+json\" class=\"yoast-schema-graph\">{\"@context\":\"https:\\\/\\\/schema.org\",\"@graph\":[{\"@type\":\"WebPage\",\"@id\":\"https:\\\/\\\/www.food4animals.nl\\\/product\\\/easy-walk-mini-handmodel-rood\\\/\",\"url\":\"https:\\\/\\\/www.food4animals.nl\\\/product\\\/easy-walk-mini-handmodel-rood\\\/\",\"name\":\"Easy Walk Mini Handmodel Rood - Food4animals\",\"isPartOf\":{\"@id\":\"https:\\\/\\\/www.food4animals.nl\\\/en\\\/#website\"},\"primaryImageOfPage\":{\"@id\":\"https:\\\/\\\/www.food4animals.nl\\\/product\\\/easy-walk-mini-handmodel-rood\\\/#primaryimage\"},\"image\":{\"@id\":\"https:\\\/\\\/www.food4animals.nl\\\/product\\\/easy-walk-mini-handmodel-rood\\\/#primaryimage\"},\"thumbnailUrl\":\"https:\\\/\\\/www.food4animals.nl\\\/wp-content\\\/uploads\\\/2025\\\/11\\\/EASY0006.png\",\"datePublished\":\"2023-12-12T23:07:40+00:00\",\"dateModified\":\"2026-04-19T00:14:37+00:00\",\"breadcrumb\":{\"@id\":\"https:\\\/\\\/www.food4animals.nl\\\/product\\\/easy-walk-mini-handmodel-rood\\\/#breadcrumb\"},\"inLanguage\":\"de\",\"potentialAction\":[{\"@type\":\"ReadAction\",\"target\":[\"https:\\\/\\\/www.food4animals.nl\\\/product\\\/easy-walk-mini-handmodel-rood\\\/\"]}]},{\"@type\":\"ImageObject\",\"inLanguage\":\"de\",\"@id\":\"https:\\\/\\\/www.food4animals.nl\\\/product\\\/easy-walk-mini-handmodel-rood\\\/#primaryimage\",\"url\":\"https:\\\/\\\/www.food4animals.nl\\\/wp-content\\\/uploads\\\/2025\\\/11\\\/EASY0006.png\",\"contentUrl\":\"https:\\\/\\\/www.food4animals.nl\\\/wp-content\\\/uploads\\\/2025\\\/11\\\/EASY0006.png\",\"width\":1109,\"height\":980},{\"@type\":\"BreadcrumbList\",\"@id\":\"https:\\\/\\\/www.food4animals.nl\\\/product\\\/easy-walk-mini-handmodel-rood\\\/#breadcrumb\",\"itemListElement\":[{\"@type\":\"ListItem\",\"position\":1,\"name\":\"Home\",\"item\":\"https:\\\/\\\/www.food4animals.nl\\\/\"},{\"@type\":\"ListItem\",\"position\":2,\"name\":\"Winkel\",\"item\":\"https:\\\/\\\/www.food4animals.nl\\\/winkel\\\/\"},{\"@type\":\"ListItem\",\"position\":3,\"name\":\"Easy Walk Mini Handmodel Rood\"}]},{\"@type\":\"WebSite\",\"@id\":\"https:\\\/\\\/www.food4animals.nl\\\/en\\\/#website\",\"url\":\"https:\\\/\\\/www.food4animals.nl\\\/en\\\/\",\"name\":\"Food4animals\",\"description\":\"Alles voor Ruiter en Dier\",\"publisher\":{\"@id\":\"https:\\\/\\\/www.food4animals.nl\\\/en\\\/#organization\"},\"potentialAction\":[{\"@type\":\"SearchAction\",\"target\":{\"@type\":\"EntryPoint\",\"urlTemplate\":\"https:\\\/\\\/www.food4animals.nl\\\/en\\\/?s={search_term_string}\"},\"query-input\":{\"@type\":\"PropertyValueSpecification\",\"valueRequired\":true,\"valueName\":\"search_term_string\"}}],\"inLanguage\":\"de\"},{\"@type\":\"Organization\",\"@id\":\"https:\\\/\\\/www.food4animals.nl\\\/en\\\/#organization\",\"name\":\"Food4animals\",\"url\":\"https:\\\/\\\/www.food4animals.nl\\\/en\\\/\",\"logo\":{\"@type\":\"ImageObject\",\"inLanguage\":\"de\",\"@id\":\"https:\\\/\\\/www.food4animals.nl\\\/en\\\/#\\\/schema\\\/logo\\\/image\\\/\",\"url\":\"https:\\\/\\\/www.food4animals.nl\\\/wp-content\\\/uploads\\\/2023\\\/10\\\/Logo.svg\",\"contentUrl\":\"https:\\\/\\\/www.food4animals.nl\\\/wp-content\\\/uploads\\\/2023\\\/10\\\/Logo.svg\",\"width\":1,\"height\":1,\"caption\":\"Food4animals\"},\"image\":{\"@id\":\"https:\\\/\\\/www.food4animals.nl\\\/en\\\/#\\\/schema\\\/logo\\\/image\\\/\"},\"sameAs\":[\"https:\\\/\\\/www.facebook.com\\\/p\\\/Food4animals-100063861676074\\\/\",\"https:\\\/\\\/x.com\\\/food4animals\"]}]}<\/script>\n<!-- \/ Yoast SEO plugin. -->","yoast_head_json":{"title":"Easy Walk Mini Handmodel Rood - Food4animals","robots":{"index":"index","follow":"follow","max-snippet":"max-snippet:-1","max-image-preview":"max-image-preview:large","max-video-preview":"max-video-preview:-1"},"canonical":"https:\/\/www.food4animals.nl\/de\/produkt\/easy-walk-mini-handmodel-rood\/","og_locale":"de_DE","og_type":"article","og_title":"Easy Walk Mini Handmodel Rood - Food4animals","og_description":"Met \u00e9\u00e9n duurzaam touw cre\u00eber je in een handomdraai een tuigje met riem.\u00a0","og_url":"https:\/\/www.food4animals.nl\/de\/produkt\/easy-walk-mini-handmodel-rood\/","og_site_name":"Food4animals","article_publisher":"https:\/\/www.facebook.com\/p\/Food4animals-100063861676074\/","article_modified_time":"2026-04-19T00:14:37+00:00","og_image":[{"width":1109,"height":980,"url":"https:\/\/www.food4animals.nl\/wp-content\/uploads\/2025\/11\/EASY0006.png","type":"image\/png"}],"twitter_card":"summary_large_image","twitter_site":"@food4animals","twitter_misc":{"Gesch\u00e4tzte Lesezeit":"1\u00a0Minute"},"schema":{"@context":"https:\/\/schema.org","@graph":[{"@type":"WebPage","@id":"https:\/\/www.food4animals.nl\/product\/easy-walk-mini-handmodel-rood\/","url":"https:\/\/www.food4animals.nl\/product\/easy-walk-mini-handmodel-rood\/","name":"Easy Walk Mini Handmodel Rood - Food4animals","isPartOf":{"@id":"https:\/\/www.food4animals.nl\/en\/#website"},"primaryImageOfPage":{"@id":"https:\/\/www.food4animals.nl\/product\/easy-walk-mini-handmodel-rood\/#primaryimage"},"image":{"@id":"https:\/\/www.food4animals.nl\/product\/easy-walk-mini-handmodel-rood\/#primaryimage"},"thumbnailUrl":"https:\/\/www.food4animals.nl\/wp-content\/uploads\/2025\/11\/EASY0006.png","datePublished":"2023-12-12T23:07:40+00:00","dateModified":"2026-04-19T00:14:37+00:00","breadcrumb":{"@id":"https:\/\/www.food4animals.nl\/product\/easy-walk-mini-handmodel-rood\/#breadcrumb"},"inLanguage":"de","potentialAction":[{"@type":"ReadAction","target":["https:\/\/www.food4animals.nl\/product\/easy-walk-mini-handmodel-rood\/"]}]},{"@type":"ImageObject","inLanguage":"de","@id":"https:\/\/www.food4animals.nl\/product\/easy-walk-mini-handmodel-rood\/#primaryimage","url":"https:\/\/www.food4animals.nl\/wp-content\/uploads\/2025\/11\/EASY0006.png","contentUrl":"https:\/\/www.food4animals.nl\/wp-content\/uploads\/2025\/11\/EASY0006.png","width":1109,"height":980},{"@type":"BreadcrumbList","@id":"https:\/\/www.food4animals.nl\/product\/easy-walk-mini-handmodel-rood\/#breadcrumb","itemListElement":[{"@type":"ListItem","position":1,"name":"Home","item":"https:\/\/www.food4animals.nl\/"},{"@type":"ListItem","position":2,"name":"Winkel","item":"https:\/\/www.food4animals.nl\/winkel\/"},{"@type":"ListItem","position":3,"name":"Easy Walk Mini Handmodel Rood"}]},{"@type":"WebSite","@id":"https:\/\/www.food4animals.nl\/en\/#website","url":"https:\/\/www.food4animals.nl\/en\/","name":"Lebensmittel4Tiere","description":"Alles f\u00fcr Reiter und Tier","publisher":{"@id":"https:\/\/www.food4animals.nl\/en\/#organization"},"potentialAction":[{"@type":"SearchAction","target":{"@type":"EntryPoint","urlTemplate":"https:\/\/www.food4animals.nl\/en\/?s={search_term_string}"},"query-input":{"@type":"PropertyValueSpecification","valueRequired":true,"valueName":"search_term_string"}}],"inLanguage":"de"},{"@type":"Organization","@id":"https:\/\/www.food4animals.nl\/en\/#organization","name":"Lebensmittel4Tiere","url":"https:\/\/www.food4animals.nl\/en\/","logo":{"@type":"ImageObject","inLanguage":"de","@id":"https:\/\/www.food4animals.nl\/en\/#\/schema\/logo\/image\/","url":"https:\/\/www.food4animals.nl\/wp-content\/uploads\/2023\/10\/Logo.svg","contentUrl":"https:\/\/www.food4animals.nl\/wp-content\/uploads\/2023\/10\/Logo.svg","width":1,"height":1,"caption":"Food4animals"},"image":{"@id":"https:\/\/www.food4animals.nl\/en\/#\/schema\/logo\/image\/"},"sameAs":["https:\/\/www.facebook.com\/p\/Food4animals-100063861676074\/","https:\/\/x.com\/food4animals"]}]}},"_links":{"self":[{"href":"https:\/\/www.food4animals.nl\/de\/wp-json\/wp\/v2\/product\/6529","targetHints":{"allow":["GET"]}}],"collection":[{"href":"https:\/\/www.food4animals.nl\/de\/wp-json\/wp\/v2\/product"}],"about":[{"href":"https:\/\/www.food4animals.nl\/de\/wp-json\/wp\/v2\/types\/product"}],"wp:featuredmedia":[{"embeddable":true,"href":"https:\/\/www.food4animals.nl\/de\/wp-json\/wp\/v2\/media\/34188"}],"wp:attachment":[{"href":"https:\/\/www.food4animals.nl\/de\/wp-json\/wp\/v2\/media?parent=6529"}],"wp:term":[{"taxonomy":"product_brand","embeddable":true,"href":"https:\/\/www.food4animals.nl\/de\/wp-json\/wp\/v2\/product_brand?post=6529"},{"taxonomy":"product_cat","embeddable":true,"href":"https:\/\/www.food4animals.nl\/de\/wp-json\/wp\/v2\/product_cat?post=6529"},{"taxonomy":"product_tag","embeddable":true,"href":"https:\/\/www.food4animals.nl\/de\/wp-json\/wp\/v2\/product_tag?post=6529"}],"curies":[{"name":"wp","href":"https:\/\/api.w.org\/{rel}","templated":true}]}}