{"id":6590,"date":"2023-12-12T23:11:04","date_gmt":"2023-12-12T23:11:04","guid":{"rendered":"https:\/\/food4animals.nl\/product\/eat-slow-live-longer-feed-and-treat-s-blauw\/"},"modified":"2026-03-27T02:11:03","modified_gmt":"2026-03-27T01:11:03","slug":"langsam-essen-langer-leben-ernahren-und-behandeln-s-blue","status":"publish","type":"product","link":"https:\/\/www.food4animals.nl\/de\/produkt\/langsam-essen-langer-leben-ernahren-und-behandeln-s-blue\/","title":{"rendered":"Langsam essen L\u00e4nger leben F\u00fcttern und behandeln S Blue"},"content":{"rendered":"<p><span style=\"font-size: 10pt;\"><strong>Langsam essen L\u00e4nger leben F\u00fcttern &amp; Behandeln Roller\u00a0<br \/><\/strong><\/span><span style=\"font-size: 10pt;\">Diese neue Art der F\u00fctterung sorgt daf\u00fcr, dass Ihr Hund oder Ihre Katze sein\/ihr Futter oder seine\/ihre Belohnung auf spielerische Art und Weise erh\u00e4lt, so dass das Verschlingen (schnelles Fressen) der Vergangenheit angeh\u00f6rt. Eine einzigartige M\u00f6glichkeit, Ihr Haustier in Bewegung zu halten und Langeweile und Fettleibigkeit zu bek\u00e4mpfen.\u00a0<\/span><\/p>\n<p><span style=\"font-size: 10pt;\">Mit dem\u00a0<strong>Langsam essen, l\u00e4nger leben<\/strong>\u00a0<strong>Futter- und Leckerliwalze\u00a0<\/strong>Ihr Haustier wird besser kauen, was sich positiv auf die Gesundheit und die Z\u00e4hne auswirkt.<\/span><\/p>\n<p class=\"p1\"><span style=\"font-size: 10pt;\"><strong><strong>Hergestellt aus lebensmittelechtem Kunststoff.<\/strong><\/strong><\/span><\/p>\n<p><span style=\"font-size: 10pt;\">Kein BPA\/kein PVC\/keine Phthalate.<\/span><\/p>\n<p><span style=\"font-size: 10pt;\"><strong>Format<\/strong><\/span><br \/><span style=\"font-size: 10pt;\">EATS044: S (16,5 x \u00f8 7 cm)<\/span><br \/><span style=\"font-size: 10pt;\">EATS045: L (23 x \u00f8 8 cm)<\/span><br \/><span style=\"font-size: 10pt;\"><img loading=\"lazy\" decoding=\"async\" src=\"\/imagestream\/stream\/51228\/500\/150\/Icons3.jpg\" width=\"500\" height=\"150\" \/><\/span><\/p>","protected":false},"excerpt":{"rendered":"<p>Verhindert Langeweile und Fettleibigkeit bei Haustieren<\/p>","protected":false},"featured_media":34362,"template":"","meta":{"_acf_changed":false},"product_brand":[],"product_cat":[821,905],"product_tag":[913,1898,1899,1900,823,842,904,907,828,914],"class_list":{"0":"post-6590","1":"product","2":"type-product","3":"status-publish","4":"has-post-thumbnail","6":"product_cat-hond","7":"product_cat-voerbakken-en-drinkbakken","8":"product_tag-belonen-en-voeren-in-1","9":"product_tag-eat-slow-live-longer","10":"product_tag-esll_feedtreat","11":"product_tag-esll_feedtreatroller","12":"product_tag-hond","13":"product_tag-kat","14":"product_tag-s","15":"product_tag-schrokken","16":"product_tag-traktatie-en-beloning","17":"product_tag-voerbakken","18":"tax_brand-eat-slow-live-longer","20":"first","21":"outofstock","22":"taxable","23":"shipping-taxable","24":"purchasable","25":"product-type-simple"},"acf":[],"yoast_head":"<!-- This site is optimized with the Yoast SEO plugin v27.4 - https:\/\/yoast.com\/product\/yoast-seo-wordpress\/ -->\n<title>Eat Slow Live Longer Feed and Treat S Blauw - Food4animals<\/title>\n<meta name=\"robots\" content=\"index, follow, max-snippet:-1, max-image-preview:large, max-video-preview:-1\" \/>\n<link rel=\"canonical\" href=\"https:\/\/www.food4animals.nl\/de\/produkt\/langsam-essen-langer-leben-ernahren-und-behandeln-s-blue\/\" \/>\n<meta property=\"og:locale\" content=\"de_DE\" \/>\n<meta property=\"og:type\" content=\"article\" \/>\n<meta property=\"og:title\" content=\"Eat Slow Live Longer Feed and Treat S Blauw - Food4animals\" \/>\n<meta property=\"og:description\" content=\"Voorkomt verveling en overgewicht bij huisdieren\" \/>\n<meta property=\"og:url\" content=\"https:\/\/www.food4animals.nl\/de\/produkt\/langsam-essen-langer-leben-ernahren-und-behandeln-s-blue\/\" \/>\n<meta property=\"og:site_name\" content=\"Food4animals\" \/>\n<meta property=\"article:publisher\" content=\"https:\/\/www.facebook.com\/p\/Food4animals-100063861676074\/\" \/>\n<meta property=\"article:modified_time\" content=\"2026-03-27T01:11:03+00:00\" \/>\n<meta property=\"og:image\" content=\"https:\/\/www.food4animals.nl\/wp-content\/uploads\/2025\/11\/EATS044.png\" \/>\n\t<meta property=\"og:image:width\" content=\"968\" \/>\n\t<meta property=\"og:image:height\" content=\"980\" \/>\n\t<meta property=\"og:image:type\" content=\"image\/png\" \/>\n<meta name=\"twitter:card\" content=\"summary_large_image\" \/>\n<meta name=\"twitter:site\" content=\"@food4animals\" \/>\n<script type=\"application\/ld+json\" class=\"yoast-schema-graph\">{\"@context\":\"https:\\\/\\\/schema.org\",\"@graph\":[{\"@type\":\"WebPage\",\"@id\":\"https:\\\/\\\/www.food4animals.nl\\\/product\\\/eat-slow-live-longer-feed-and-treat-s-blauw\\\/\",\"url\":\"https:\\\/\\\/www.food4animals.nl\\\/product\\\/eat-slow-live-longer-feed-and-treat-s-blauw\\\/\",\"name\":\"Eat Slow Live Longer Feed and Treat S Blauw - Food4animals\",\"isPartOf\":{\"@id\":\"https:\\\/\\\/www.food4animals.nl\\\/en\\\/#website\"},\"primaryImageOfPage\":{\"@id\":\"https:\\\/\\\/www.food4animals.nl\\\/product\\\/eat-slow-live-longer-feed-and-treat-s-blauw\\\/#primaryimage\"},\"image\":{\"@id\":\"https:\\\/\\\/www.food4animals.nl\\\/product\\\/eat-slow-live-longer-feed-and-treat-s-blauw\\\/#primaryimage\"},\"thumbnailUrl\":\"https:\\\/\\\/www.food4animals.nl\\\/wp-content\\\/uploads\\\/2025\\\/11\\\/EATS044.png\",\"datePublished\":\"2023-12-12T23:11:04+00:00\",\"dateModified\":\"2026-03-27T01:11:03+00:00\",\"breadcrumb\":{\"@id\":\"https:\\\/\\\/www.food4animals.nl\\\/product\\\/eat-slow-live-longer-feed-and-treat-s-blauw\\\/#breadcrumb\"},\"inLanguage\":\"de\",\"potentialAction\":[{\"@type\":\"ReadAction\",\"target\":[\"https:\\\/\\\/www.food4animals.nl\\\/product\\\/eat-slow-live-longer-feed-and-treat-s-blauw\\\/\"]}]},{\"@type\":\"ImageObject\",\"inLanguage\":\"de\",\"@id\":\"https:\\\/\\\/www.food4animals.nl\\\/product\\\/eat-slow-live-longer-feed-and-treat-s-blauw\\\/#primaryimage\",\"url\":\"https:\\\/\\\/www.food4animals.nl\\\/wp-content\\\/uploads\\\/2025\\\/11\\\/EATS044.png\",\"contentUrl\":\"https:\\\/\\\/www.food4animals.nl\\\/wp-content\\\/uploads\\\/2025\\\/11\\\/EATS044.png\",\"width\":968,\"height\":980},{\"@type\":\"BreadcrumbList\",\"@id\":\"https:\\\/\\\/www.food4animals.nl\\\/product\\\/eat-slow-live-longer-feed-and-treat-s-blauw\\\/#breadcrumb\",\"itemListElement\":[{\"@type\":\"ListItem\",\"position\":1,\"name\":\"Home\",\"item\":\"https:\\\/\\\/www.food4animals.nl\\\/\"},{\"@type\":\"ListItem\",\"position\":2,\"name\":\"Winkel\",\"item\":\"https:\\\/\\\/www.food4animals.nl\\\/winkel\\\/\"},{\"@type\":\"ListItem\",\"position\":3,\"name\":\"Eat Slow Live Longer Feed and Treat S Blauw\"}]},{\"@type\":\"WebSite\",\"@id\":\"https:\\\/\\\/www.food4animals.nl\\\/en\\\/#website\",\"url\":\"https:\\\/\\\/www.food4animals.nl\\\/en\\\/\",\"name\":\"Food4animals\",\"description\":\"Alles voor Ruiter en Dier\",\"publisher\":{\"@id\":\"https:\\\/\\\/www.food4animals.nl\\\/en\\\/#organization\"},\"potentialAction\":[{\"@type\":\"SearchAction\",\"target\":{\"@type\":\"EntryPoint\",\"urlTemplate\":\"https:\\\/\\\/www.food4animals.nl\\\/en\\\/?s={search_term_string}\"},\"query-input\":{\"@type\":\"PropertyValueSpecification\",\"valueRequired\":true,\"valueName\":\"search_term_string\"}}],\"inLanguage\":\"de\"},{\"@type\":\"Organization\",\"@id\":\"https:\\\/\\\/www.food4animals.nl\\\/en\\\/#organization\",\"name\":\"Food4animals\",\"url\":\"https:\\\/\\\/www.food4animals.nl\\\/en\\\/\",\"logo\":{\"@type\":\"ImageObject\",\"inLanguage\":\"de\",\"@id\":\"https:\\\/\\\/www.food4animals.nl\\\/en\\\/#\\\/schema\\\/logo\\\/image\\\/\",\"url\":\"https:\\\/\\\/www.food4animals.nl\\\/wp-content\\\/uploads\\\/2023\\\/10\\\/Logo.svg\",\"contentUrl\":\"https:\\\/\\\/www.food4animals.nl\\\/wp-content\\\/uploads\\\/2023\\\/10\\\/Logo.svg\",\"width\":1,\"height\":1,\"caption\":\"Food4animals\"},\"image\":{\"@id\":\"https:\\\/\\\/www.food4animals.nl\\\/en\\\/#\\\/schema\\\/logo\\\/image\\\/\"},\"sameAs\":[\"https:\\\/\\\/www.facebook.com\\\/p\\\/Food4animals-100063861676074\\\/\",\"https:\\\/\\\/x.com\\\/food4animals\"]}]}<\/script>\n<!-- \/ Yoast SEO plugin. -->","yoast_head_json":{"title":"Langsam essen L\u00e4nger leben F\u00fcttern und behandeln S Blue - Food4animals","robots":{"index":"index","follow":"follow","max-snippet":"max-snippet:-1","max-image-preview":"max-image-preview:large","max-video-preview":"max-video-preview:-1"},"canonical":"https:\/\/www.food4animals.nl\/de\/produkt\/langsam-essen-langer-leben-ernahren-und-behandeln-s-blue\/","og_locale":"de_DE","og_type":"article","og_title":"Eat Slow Live Longer Feed and Treat S Blauw - Food4animals","og_description":"Voorkomt verveling en overgewicht bij huisdieren","og_url":"https:\/\/www.food4animals.nl\/de\/produkt\/langsam-essen-langer-leben-ernahren-und-behandeln-s-blue\/","og_site_name":"Food4animals","article_publisher":"https:\/\/www.facebook.com\/p\/Food4animals-100063861676074\/","article_modified_time":"2026-03-27T01:11:03+00:00","og_image":[{"width":968,"height":980,"url":"https:\/\/www.food4animals.nl\/wp-content\/uploads\/2025\/11\/EATS044.png","type":"image\/png"}],"twitter_card":"summary_large_image","twitter_site":"@food4animals","schema":{"@context":"https:\/\/schema.org","@graph":[{"@type":"WebPage","@id":"https:\/\/www.food4animals.nl\/product\/eat-slow-live-longer-feed-and-treat-s-blauw\/","url":"https:\/\/www.food4animals.nl\/product\/eat-slow-live-longer-feed-and-treat-s-blauw\/","name":"Langsam essen L\u00e4nger leben F\u00fcttern und behandeln S Blue - Food4animals","isPartOf":{"@id":"https:\/\/www.food4animals.nl\/en\/#website"},"primaryImageOfPage":{"@id":"https:\/\/www.food4animals.nl\/product\/eat-slow-live-longer-feed-and-treat-s-blauw\/#primaryimage"},"image":{"@id":"https:\/\/www.food4animals.nl\/product\/eat-slow-live-longer-feed-and-treat-s-blauw\/#primaryimage"},"thumbnailUrl":"https:\/\/www.food4animals.nl\/wp-content\/uploads\/2025\/11\/EATS044.png","datePublished":"2023-12-12T23:11:04+00:00","dateModified":"2026-03-27T01:11:03+00:00","breadcrumb":{"@id":"https:\/\/www.food4animals.nl\/product\/eat-slow-live-longer-feed-and-treat-s-blauw\/#breadcrumb"},"inLanguage":"de","potentialAction":[{"@type":"ReadAction","target":["https:\/\/www.food4animals.nl\/product\/eat-slow-live-longer-feed-and-treat-s-blauw\/"]}]},{"@type":"ImageObject","inLanguage":"de","@id":"https:\/\/www.food4animals.nl\/product\/eat-slow-live-longer-feed-and-treat-s-blauw\/#primaryimage","url":"https:\/\/www.food4animals.nl\/wp-content\/uploads\/2025\/11\/EATS044.png","contentUrl":"https:\/\/www.food4animals.nl\/wp-content\/uploads\/2025\/11\/EATS044.png","width":968,"height":980},{"@type":"BreadcrumbList","@id":"https:\/\/www.food4animals.nl\/product\/eat-slow-live-longer-feed-and-treat-s-blauw\/#breadcrumb","itemListElement":[{"@type":"ListItem","position":1,"name":"Home","item":"https:\/\/www.food4animals.nl\/"},{"@type":"ListItem","position":2,"name":"Winkel","item":"https:\/\/www.food4animals.nl\/winkel\/"},{"@type":"ListItem","position":3,"name":"Eat Slow Live Longer Feed and Treat S Blauw"}]},{"@type":"WebSite","@id":"https:\/\/www.food4animals.nl\/en\/#website","url":"https:\/\/www.food4animals.nl\/en\/","name":"Lebensmittel4Tiere","description":"Alles f\u00fcr Reiter und Tier","publisher":{"@id":"https:\/\/www.food4animals.nl\/en\/#organization"},"potentialAction":[{"@type":"SearchAction","target":{"@type":"EntryPoint","urlTemplate":"https:\/\/www.food4animals.nl\/en\/?s={search_term_string}"},"query-input":{"@type":"PropertyValueSpecification","valueRequired":true,"valueName":"search_term_string"}}],"inLanguage":"de"},{"@type":"Organization","@id":"https:\/\/www.food4animals.nl\/en\/#organization","name":"Lebensmittel4Tiere","url":"https:\/\/www.food4animals.nl\/en\/","logo":{"@type":"ImageObject","inLanguage":"de","@id":"https:\/\/www.food4animals.nl\/en\/#\/schema\/logo\/image\/","url":"https:\/\/www.food4animals.nl\/wp-content\/uploads\/2023\/10\/Logo.svg","contentUrl":"https:\/\/www.food4animals.nl\/wp-content\/uploads\/2023\/10\/Logo.svg","width":1,"height":1,"caption":"Food4animals"},"image":{"@id":"https:\/\/www.food4animals.nl\/en\/#\/schema\/logo\/image\/"},"sameAs":["https:\/\/www.facebook.com\/p\/Food4animals-100063861676074\/","https:\/\/x.com\/food4animals"]}]}},"_links":{"self":[{"href":"https:\/\/www.food4animals.nl\/de\/wp-json\/wp\/v2\/product\/6590","targetHints":{"allow":["GET"]}}],"collection":[{"href":"https:\/\/www.food4animals.nl\/de\/wp-json\/wp\/v2\/product"}],"about":[{"href":"https:\/\/www.food4animals.nl\/de\/wp-json\/wp\/v2\/types\/product"}],"wp:featuredmedia":[{"embeddable":true,"href":"https:\/\/www.food4animals.nl\/de\/wp-json\/wp\/v2\/media\/34362"}],"wp:attachment":[{"href":"https:\/\/www.food4animals.nl\/de\/wp-json\/wp\/v2\/media?parent=6590"}],"wp:term":[{"taxonomy":"product_brand","embeddable":true,"href":"https:\/\/www.food4animals.nl\/de\/wp-json\/wp\/v2\/product_brand?post=6590"},{"taxonomy":"product_cat","embeddable":true,"href":"https:\/\/www.food4animals.nl\/de\/wp-json\/wp\/v2\/product_cat?post=6590"},{"taxonomy":"product_tag","embeddable":true,"href":"https:\/\/www.food4animals.nl\/de\/wp-json\/wp\/v2\/product_tag?post=6590"}],"curies":[{"name":"wp","href":"https:\/\/api.w.org\/{rel}","templated":true}]}}